{"id":43056,"date":"2024-06-10T12:39:52","date_gmt":"2024-06-10T12:39:52","guid":{"rendered":"https:\/\/place-add.nl\/product\/kurklook-menukaarten\/"},"modified":"2025-08-27T10:42:06","modified_gmt":"2025-08-27T10:42:06","slug":"korklook-speisekarten","status":"publish","type":"product","link":"https:\/\/place-add.nl\/de\/produkt\/korklook-speisekarten\/","title":{"rendered":"Korklook"},"content":{"rendered":"<p>Unsere wundersch\u00f6nen <strong>Korklook Speisekarten<\/strong> sind so gestaltet, dass sie die warme und nat\u00fcrliche Optik von echtem Kork nachahmen. Damit schaffen sie eine einladende Atmosph\u00e4re in Ihrem Restaurant, Caf\u00e9 oder Bistro. Egal, ob Sie eine klassische Korkoptik oder eine moderne Variante mit einem Hauch von Farbe bevorzugen, unsere Korklook-Speisekarten sind die ideale L\u00f6sung, um Ihr Men\u00fc ansprechend zu pr\u00e4sentieren.<\/p>\n<p>Die Korklook-Speisekarten sind nicht nur \u00e4sthetisch \u00e4u\u00dferst ansprechend, sondern auch praktisch. Die nat\u00fcrliche Textur und die Farbnuancen des Korks verleihen jeder Speisekarten ein <strong>authentisches und einzigartiges Charakter<\/strong>. Dank der schmutzabweisenden Eigenschaften lassen sich diese Speisekarten leicht sauber halten, was sie ideal f\u00fcr stark frequentierte Gastronomiebetriebe macht. Sie k\u00f6nnen sich darauf verlassen, dass Ihre Speisekarten stets ordentlich aussehen, unabh\u00e4ngig von den Bedingungen.<\/p>\n<p>Unsere <strong>Korklook Speisekarten<\/strong> sind in verschiedenen Gr\u00f6\u00dfen erh\u00e4ltlich, sodass Sie immer die perfekte Gr\u00f6\u00dfe finden, die Ihren spezifischen Anforderungen entspricht.<\/p>\n<p><strong>W\u00e4hlen Sie aus den folgenden Formaten:<\/strong><\/p>\n<ul>\n<li><strong>A4<\/strong><\/li>\n<li><strong>A4 XL<\/strong><\/li>\n<li><strong>A4 Quadrat<\/strong><\/li>\n<li><strong>A4 Schmal<\/strong><\/li>\n<li><strong>A5<\/strong><\/li>\n<\/ul>\n<p>Diese Vielfalt an Formaten erm\u00f6glicht es Ihnen, Ihr Men\u00fc auf eine Weise zu pr\u00e4sentieren, die zum Stil und zur Atmosph\u00e4re Ihres Gastronomiebetriebs passt, ob Sie eine kompakte Pr\u00e4sentation oder ein umfangreiches Men\u00fc w\u00fcnschen.<\/p>\n<p>Vervollst\u00e4ndigen Sie das Gesamtbild mit einer passenden <strong><a href=\"https:\/\/place-add.nl\/de\/speisekarten\/speisekarten-nach-mass\/rechnungsordner\/\">Korklook-Rechnungsmappe<\/a>!<\/strong><\/p>\n<p>Ben\u00f6tigen Sie kurzfristig Speisekarten? Besuchen Sie unsere zweite Website, <strong><a href=\"http:\/\/www.craftontable.com\/\">Craftontable.com<\/a><\/strong>, f\u00fcr Speisekarten mit weniger Personalisierungsoptionen, aber schnelleren Lieferzeiten.<\/p>\n<p><strong>Ben\u00f6tigen Sie pers\u00f6nliche Beratung? Unser engagiertes Team steht Ihnen jederzeit zur Verf\u00fcgung, um Ihnen bei der perfekten Wahl zu helfen. Kontaktieren Sie uns gerne und entdecken Sie, wie unsere Korklook-Speisekarten eine warme, stilvolle Erg\u00e4nzung f\u00fcr Ihr Unternehmen sein k\u00f6nnen. Lassen Sie Ihre G\u00e4ste eine einzigartige Men\u00fcerfahrung genie\u00dfen, verst\u00e4rkt durch den Charme von Kork.<\/strong><\/p>\n","protected":false},"excerpt":{"rendered":"<p>Unsere <strong>Kork-Look<\/strong> <strong>Speisekarten <\/strong>bieten eine sehr realistische Imitation von echtem Kork und verleihen Ihrem Restaurant eine nat\u00fcrliche und einladende Atmosph\u00e4re. Mit der nat\u00fcrlichen Textur und den Farbt\u00f6nen von Kork, kombiniert mit einer praktischen, schmutzabweisenden Oberfl\u00e4che, sind diese Speisekarten die perfekte Wahl f\u00fcr eine stilvolle Pr\u00e4sentation Ihrer Speisekarte.<\/p>\n<p><strong>Warum Men\u00fcs in Korkoptik?<\/strong><\/p>\n<p>&#8211;\u00a0\u00a0\u00a0\u00a0\u00a0\u00a0\u00a0\u00a0\u00a0\u00a0\u00a0\u00a0\u00a0 <strong>Authentisches Aussehen<\/strong>: Speisekarten in Korkoptik bieten ein authentisches Aussehen, das echtem Kork sehr \u00e4hnlich ist.<\/p>\n<p>&#8211;\u00a0\u00a0\u00a0\u00a0\u00a0\u00a0\u00a0\u00a0\u00a0\u00a0\u00a0\u00a0\u00a0 <strong>Langlebigkeit und Pflegeleichtigkeit<\/strong>: Unsere Speisekarten in Korkoptik sind nicht nur optisch ansprechend, sondern auch sehr langlebig und pflegeleicht.<\/p>\n<p>&#8211;\u00a0\u00a0\u00a0\u00a0\u00a0\u00a0\u00a0\u00a0\u00a0\u00a0\u00a0\u00a0\u00a0 <strong>Vielseitigkeit in Design und Farbe<\/strong>: <strong>Kork-Look<\/strong> <strong>Speisekarten<\/strong> sind sowohl in der nat\u00fcrlichen Farbe von Kork als auch in anderen Farben erh\u00e4ltlich. Die Kombination der imitierten Korkstruktur mit einer Farbe verleiht der Karte eine einzigartige Dimension.<\/p>\n<p><strong>Erstellen Sie Ihre eigene Karte im Konfigurator und sehen Sie sofort, welche Farben m\u00f6glich sind.<\/strong><\/p>\n<h6><a class=\"button-custom-product\" style=\"font-size: 16px;\" href=\"https:\/\/place-add.nl\/de\/speisekarten\/speisekarten-nach-mass\/kork-speisekarten\/konfigurator-speisekarten-kork-optik-a4\/\" target=\"_blank\" rel=\"noopener\">A4<\/a><span style=\"font-size: 16px;\">\u00a0<\/span><a class=\"button-custom-product\" style=\"font-size: 16px;\" href=\"https:\/\/place-add.nl\/de\/speisekarten\/speisekarten-nach-mass\/kork-speisekarten\/konfigurator-speisekarten-kork-optik-a4-schmal\/\" target=\"_blank\" rel=\"noopener\">A4S<\/a> <a class=\"button-custom-product\" style=\"font-size: 16px;\" href=\"https:\/\/place-add.nl\/de\/speisekarten\/speisekarten-nach-mass\/kork-speisekarten\/konfigurator-speisekarten-kork-optik-a4-quadrat\/\" target=\"_blank\" rel=\"noopener\">A4Q<\/a> <a class=\"button-custom-product\" style=\"font-size: 16px;\" href=\"https:\/\/place-add.nl\/de\/speisekarten\/speisekarten-nach-mass\/kork-speisekarten\/konfigurator-speisekarten-kork-optik-a4-halb\/\" target=\"_blank\" rel=\"noopener\">A4H<\/a> <a class=\"button-custom-product\" style=\"font-size: 16px;\" href=\"https:\/\/place-add.nl\/de\/speisekarten\/speisekarten-nach-mass\/kork-speisekarten\/konfigurator-speisekarten-kork-optik-a5\/\" target=\"_blank\" rel=\"noopener\">A5<\/a><\/h6>\n<div class=\"button-container\">\n<div style=\"float: left;\"><button id=\"knop-contact-opnemen-de\">Kontaktieren Sie uns unverbindlich<\/button><\/div>\n<\/div>\n","protected":false},"featured_media":41030,"template":"","meta":[],"product_brand":[],"product_cat":[1423],"product_tag":[1198,1199,1200,1201,1202,1155,1203],"class_list":{"0":"post-43056","1":"product","2":"type-product","3":"status-publish","4":"has-post-thumbnail","6":"product_cat-kork","7":"product_tag-maatwerk-menukaarten-de","8":"product_tag-menukaarten-de","9":"product_tag-menukaarten-horeca-de","10":"product_tag-menukaarten-kopen-de","11":"product_tag-menukaarten-op-maat-de","12":"product_tag-menus-im-kork-look","13":"product_tag-restaurant-menukaarten-de","15":"first","16":"instock","17":"taxable","18":"shipping-taxable","19":"product-type-simple"},"yoast_head":"<!-- This site is optimized with the Yoast SEO Premium plugin v27.2 (Yoast SEO v27.2) - https:\/\/yoast.com\/product\/yoast-seo-premium-wordpress\/ -->\n<title>Korklook Speisekarten | Bestel eenvoudig online bij Place Add<\/title>\n<meta name=\"description\" content=\"Korklook Speisekarten: realistische Nachahmung, nat\u00fcrliches Aussehen und praktisch schmutzabweisend. Perfekt f\u00fcr eine einladende Atmosph\u00e4re!\" \/>\n<meta name=\"robots\" content=\"index, follow, max-snippet:-1, max-image-preview:large, max-video-preview:-1\" \/>\n<link rel=\"canonical\" href=\"https:\/\/place-add.nl\/de\/produkt\/korklook-speisekarten\/\" \/>\n<meta property=\"og:locale\" content=\"de_DE\" \/>\n<meta property=\"og:type\" content=\"article\" \/>\n<meta property=\"og:title\" content=\"Korklook\" \/>\n<meta property=\"og:description\" content=\"Korklook Speisekarten: realistische Nachahmung, nat\u00fcrliches Aussehen und praktisch schmutzabweisend. Perfekt f\u00fcr eine einladende Atmosph\u00e4re!\" \/>\n<meta property=\"og:url\" content=\"https:\/\/place-add.nl\/de\/produkt\/korklook-speisekarten\/\" \/>\n<meta property=\"og:site_name\" content=\"Place Add\" \/>\n<meta property=\"article:publisher\" content=\"https:\/\/www.facebook.com\/PlaceAdd\/\" \/>\n<meta property=\"article:modified_time\" content=\"2025-08-27T10:42:06+00:00\" \/>\n<meta property=\"og:image\" content=\"https:\/\/place-add.nl\/wp-content\/uploads\/2024\/09\/menukaarten-kurklook_Place_Add_1-.jpg\" \/>\n\t<meta property=\"og:image:width\" content=\"800\" \/>\n\t<meta property=\"og:image:height\" content=\"800\" \/>\n\t<meta property=\"og:image:type\" content=\"image\/jpeg\" \/>\n<meta name=\"twitter:card\" content=\"summary_large_image\" \/>\n<meta name=\"twitter:label1\" content=\"Gesch\u00e4tzte Lesezeit\" \/>\n\t<meta name=\"twitter:data1\" content=\"2\u00a0Minuten\" \/>\n<script type=\"application\/ld+json\" class=\"yoast-schema-graph\">{\"@context\":\"https:\/\/schema.org\",\"@graph\":[{\"@type\":\"WebPage\",\"@id\":\"https:\/\/place-add.nl\/de\/produkt\/korklook-speisekarten\/\",\"url\":\"https:\/\/place-add.nl\/de\/produkt\/korklook-speisekarten\/\",\"name\":\"Korklook Speisekarten | Bestel eenvoudig online bij Place Add\",\"isPartOf\":{\"@id\":\"https:\/\/place-add.nl\/de\/#website\"},\"primaryImageOfPage\":{\"@id\":\"https:\/\/place-add.nl\/de\/produkt\/korklook-speisekarten\/#primaryimage\"},\"image\":{\"@id\":\"https:\/\/place-add.nl\/de\/produkt\/korklook-speisekarten\/#primaryimage\"},\"thumbnailUrl\":\"https:\/\/place-add.nl\/wp-content\/uploads\/2024\/09\/menukaarten-kurklook_Place_Add_1-.jpg\",\"datePublished\":\"2024-06-10T12:39:52+00:00\",\"dateModified\":\"2025-08-27T10:42:06+00:00\",\"description\":\"Korklook Speisekarten: realistische Nachahmung, nat\u00fcrliches Aussehen und praktisch schmutzabweisend. Perfekt f\u00fcr eine einladende Atmosph\u00e4re!\",\"breadcrumb\":{\"@id\":\"https:\/\/place-add.nl\/de\/produkt\/korklook-speisekarten\/#breadcrumb\"},\"inLanguage\":\"de\",\"potentialAction\":[{\"@type\":\"ReadAction\",\"target\":[\"https:\/\/place-add.nl\/de\/produkt\/korklook-speisekarten\/\"]}]},{\"@type\":\"ImageObject\",\"inLanguage\":\"de\",\"@id\":\"https:\/\/place-add.nl\/de\/produkt\/korklook-speisekarten\/#primaryimage\",\"url\":\"https:\/\/place-add.nl\/wp-content\/uploads\/2024\/09\/menukaarten-kurklook_Place_Add_1-.jpg\",\"contentUrl\":\"https:\/\/place-add.nl\/wp-content\/uploads\/2024\/09\/menukaarten-kurklook_Place_Add_1-.jpg\",\"width\":800,\"height\":800,\"caption\":\"Kurklook Menukaarten\"},{\"@type\":\"BreadcrumbList\",\"@id\":\"https:\/\/place-add.nl\/de\/produkt\/korklook-speisekarten\/#breadcrumb\",\"itemListElement\":[{\"@type\":\"ListItem\",\"position\":1,\"name\":\"Home\",\"item\":\"https:\/\/place-add.nl\/de\/home\/\"},{\"@type\":\"ListItem\",\"position\":2,\"name\":\"Shop\",\"item\":\"https:\/\/place-add.nl\/de\/shop\/\"},{\"@type\":\"ListItem\",\"position\":3,\"name\":\"Korklook\"}]},{\"@type\":\"WebSite\",\"@id\":\"https:\/\/place-add.nl\/de\/#website\",\"url\":\"https:\/\/place-add.nl\/de\/\",\"name\":\"Place Add\",\"description\":\"Tafelkleding voor de horeca\",\"publisher\":{\"@id\":\"https:\/\/place-add.nl\/de\/#organization\"},\"potentialAction\":[{\"@type\":\"SearchAction\",\"target\":{\"@type\":\"EntryPoint\",\"urlTemplate\":\"https:\/\/place-add.nl\/de\/?s={search_term_string}\"},\"query-input\":{\"@type\":\"PropertyValueSpecification\",\"valueRequired\":true,\"valueName\":\"search_term_string\"}}],\"inLanguage\":\"de\"},{\"@type\":\"Organization\",\"@id\":\"https:\/\/place-add.nl\/de\/#organization\",\"name\":\"Place Add\",\"url\":\"https:\/\/place-add.nl\/de\/\",\"logo\":{\"@type\":\"ImageObject\",\"inLanguage\":\"de\",\"@id\":\"https:\/\/place-add.nl\/de\/#\/schema\/logo\/image\/\",\"url\":\"https:\/\/place-add.nl\/wp-content\/uploads\/2023\/11\/logo-img-place-add.png\",\"contentUrl\":\"https:\/\/place-add.nl\/wp-content\/uploads\/2023\/11\/logo-img-place-add.png\",\"width\":404,\"height\":106,\"caption\":\"Place Add\"},\"image\":{\"@id\":\"https:\/\/place-add.nl\/de\/#\/schema\/logo\/image\/\"},\"sameAs\":[\"https:\/\/www.facebook.com\/PlaceAdd\/\",\"https:\/\/www.instagram.com\/place_add\/\",\"https:\/\/www.youtube.com\/@placeadd\"]}]}<\/script>\n<!-- \/ Yoast SEO Premium plugin. -->","yoast_head_json":{"title":"Korklook Speisekarten | Bestel eenvoudig online bij Place Add","description":"Korklook Speisekarten: realistische Nachahmung, nat\u00fcrliches Aussehen und praktisch schmutzabweisend. Perfekt f\u00fcr eine einladende Atmosph\u00e4re!","robots":{"index":"index","follow":"follow","max-snippet":"max-snippet:-1","max-image-preview":"max-image-preview:large","max-video-preview":"max-video-preview:-1"},"canonical":"https:\/\/place-add.nl\/de\/produkt\/korklook-speisekarten\/","og_locale":"de_DE","og_type":"article","og_title":"Korklook","og_description":"Korklook Speisekarten: realistische Nachahmung, nat\u00fcrliches Aussehen und praktisch schmutzabweisend. Perfekt f\u00fcr eine einladende Atmosph\u00e4re!","og_url":"https:\/\/place-add.nl\/de\/produkt\/korklook-speisekarten\/","og_site_name":"Place Add","article_publisher":"https:\/\/www.facebook.com\/PlaceAdd\/","article_modified_time":"2025-08-27T10:42:06+00:00","og_image":[{"width":800,"height":800,"url":"https:\/\/place-add.nl\/wp-content\/uploads\/2024\/09\/menukaarten-kurklook_Place_Add_1-.jpg","type":"image\/jpeg"}],"twitter_card":"summary_large_image","twitter_misc":{"Gesch\u00e4tzte Lesezeit":"2\u00a0Minuten"},"schema":{"@context":"https:\/\/schema.org","@graph":[{"@type":"WebPage","@id":"https:\/\/place-add.nl\/de\/produkt\/korklook-speisekarten\/","url":"https:\/\/place-add.nl\/de\/produkt\/korklook-speisekarten\/","name":"Korklook Speisekarten | Bestel eenvoudig online bij Place Add","isPartOf":{"@id":"https:\/\/place-add.nl\/de\/#website"},"primaryImageOfPage":{"@id":"https:\/\/place-add.nl\/de\/produkt\/korklook-speisekarten\/#primaryimage"},"image":{"@id":"https:\/\/place-add.nl\/de\/produkt\/korklook-speisekarten\/#primaryimage"},"thumbnailUrl":"https:\/\/place-add.nl\/wp-content\/uploads\/2024\/09\/menukaarten-kurklook_Place_Add_1-.jpg","datePublished":"2024-06-10T12:39:52+00:00","dateModified":"2025-08-27T10:42:06+00:00","description":"Korklook Speisekarten: realistische Nachahmung, nat\u00fcrliches Aussehen und praktisch schmutzabweisend. Perfekt f\u00fcr eine einladende Atmosph\u00e4re!","breadcrumb":{"@id":"https:\/\/place-add.nl\/de\/produkt\/korklook-speisekarten\/#breadcrumb"},"inLanguage":"de","potentialAction":[{"@type":"ReadAction","target":["https:\/\/place-add.nl\/de\/produkt\/korklook-speisekarten\/"]}]},{"@type":"ImageObject","inLanguage":"de","@id":"https:\/\/place-add.nl\/de\/produkt\/korklook-speisekarten\/#primaryimage","url":"https:\/\/place-add.nl\/wp-content\/uploads\/2024\/09\/menukaarten-kurklook_Place_Add_1-.jpg","contentUrl":"https:\/\/place-add.nl\/wp-content\/uploads\/2024\/09\/menukaarten-kurklook_Place_Add_1-.jpg","width":800,"height":800,"caption":"Kurklook Menukaarten"},{"@type":"BreadcrumbList","@id":"https:\/\/place-add.nl\/de\/produkt\/korklook-speisekarten\/#breadcrumb","itemListElement":[{"@type":"ListItem","position":1,"name":"Home","item":"https:\/\/place-add.nl\/de\/home\/"},{"@type":"ListItem","position":2,"name":"Shop","item":"https:\/\/place-add.nl\/de\/shop\/"},{"@type":"ListItem","position":3,"name":"Korklook"}]},{"@type":"WebSite","@id":"https:\/\/place-add.nl\/de\/#website","url":"https:\/\/place-add.nl\/de\/","name":"Place Add","description":"Tafelkleding voor de horeca","publisher":{"@id":"https:\/\/place-add.nl\/de\/#organization"},"potentialAction":[{"@type":"SearchAction","target":{"@type":"EntryPoint","urlTemplate":"https:\/\/place-add.nl\/de\/?s={search_term_string}"},"query-input":{"@type":"PropertyValueSpecification","valueRequired":true,"valueName":"search_term_string"}}],"inLanguage":"de"},{"@type":"Organization","@id":"https:\/\/place-add.nl\/de\/#organization","name":"Place Add","url":"https:\/\/place-add.nl\/de\/","logo":{"@type":"ImageObject","inLanguage":"de","@id":"https:\/\/place-add.nl\/de\/#\/schema\/logo\/image\/","url":"https:\/\/place-add.nl\/wp-content\/uploads\/2023\/11\/logo-img-place-add.png","contentUrl":"https:\/\/place-add.nl\/wp-content\/uploads\/2023\/11\/logo-img-place-add.png","width":404,"height":106,"caption":"Place Add"},"image":{"@id":"https:\/\/place-add.nl\/de\/#\/schema\/logo\/image\/"},"sameAs":["https:\/\/www.facebook.com\/PlaceAdd\/","https:\/\/www.instagram.com\/place_add\/","https:\/\/www.youtube.com\/@placeadd"]}]}},"_links":{"self":[{"href":"https:\/\/place-add.nl\/de\/wp-json\/wp\/v2\/product\/43056","targetHints":{"allow":["GET"]}}],"collection":[{"href":"https:\/\/place-add.nl\/de\/wp-json\/wp\/v2\/product"}],"about":[{"href":"https:\/\/place-add.nl\/de\/wp-json\/wp\/v2\/types\/product"}],"wp:featuredmedia":[{"embeddable":true,"href":"https:\/\/place-add.nl\/de\/wp-json\/wp\/v2\/media\/41030"}],"wp:attachment":[{"href":"https:\/\/place-add.nl\/de\/wp-json\/wp\/v2\/media?parent=43056"}],"wp:term":[{"taxonomy":"product_brand","embeddable":true,"href":"https:\/\/place-add.nl\/de\/wp-json\/wp\/v2\/product_brand?post=43056"},{"taxonomy":"product_cat","embeddable":true,"href":"https:\/\/place-add.nl\/de\/wp-json\/wp\/v2\/product_cat?post=43056"},{"taxonomy":"product_tag","embeddable":true,"href":"https:\/\/place-add.nl\/de\/wp-json\/wp\/v2\/product_tag?post=43056"}],"curies":[{"name":"wp","href":"https:\/\/api.w.org\/{rel}","templated":true}]}}