{"id":43058,"date":"2024-06-10T12:39:24","date_gmt":"2024-06-10T12:39:24","guid":{"rendered":"https:\/\/place-add.nl\/product\/echt-kurk\/"},"modified":"2025-08-27T11:03:56","modified_gmt":"2025-08-27T11:03:56","slug":"echten-kork-speisekarten","status":"publish","type":"product","link":"https:\/\/place-add.nl\/de\/produkt\/echten-kork-speisekarten\/","title":{"rendered":"Echter Kork"},"content":{"rendered":"<p>Erleben Sie die unvergleichliche Kombination aus nat\u00fcrlicher Sch\u00f6nheit, Langlebigkeit und Exklusivit\u00e4t mit unseren <strong>Echten<\/strong> <strong>Kork Speisekarten<\/strong>. Jedes Exemplar besteht aus hochwertigem Kork und strahlt einen einzigartigen Charme aus, wodurch sie ein authentisches und stilvolles Element in Ihr Restaurant, Caf\u00e9 oder Bistro bringen. Unsere echten Kork-Speisekarten sind nicht nur funktional, sondern auch eine wundersch\u00f6ne Erg\u00e4nzung zur \u00c4sthetik Ihres Gastronomiebetriebs.<\/p>\n<p>Unsere echten Kork-Speisekarten sind in zwei verschiedenen Texturen erh\u00e4ltlich, sodass Sie einen Stil ausw\u00e4hlen k\u00f6nnen, der perfekt zu Ihrer Einrichtung passt. Obwohl sie oft mit Weinkarten assoziiert werden, da sie mit Weinverschl\u00fcssen verbunden sind, sind diese vielseitigen Speisekarten f\u00fcr zahlreiche Aanwendingen geeignet. Ob Sie sie f\u00fcr Ihre umfangreiche Weinauswahl oder als elegante Pr\u00e4sentation Ihrer Gerichte verwenden, sie werden garantiert die Aufmerksamkeit Ihrer G\u00e4ste auf sich ziehen und einen raffinierten Eindruck hinterlassen.<\/p>\n<p>Um Ihren spezifischen W\u00fcnschen gerecht zu werden, sind unsere <strong>Echten<\/strong> <strong>Kork Speisekarten<\/strong> in verschiedenen Gr\u00f6\u00dfen erh\u00e4ltlich.<\/p>\n<p>W\u00e4hlen Sie die ideale Gr\u00f6\u00dfe f\u00fcr Ihre Bed\u00fcrfnisse aus den folgenden Optionen:<\/p>\n<ul>\n<li><strong>A4<\/strong><\/li>\n<li><strong>A4 XL<\/strong><\/li>\n<li><strong>A4 Quadrat<\/strong><\/li>\n<li><strong>A4 Schmal<\/strong><\/li>\n<li><strong>A5<\/strong><\/li>\n<\/ul>\n<p>Mit dieser Vielzahl an Formaten k\u00f6nnen Sie Ihr Men\u00fc auf eine Weise pr\u00e4sentieren, die zum Stil und zur Atmosph\u00e4re Ihres Gastronomiebetriebs passt.<\/p>\n<p>Neben Speisekarten bieten wir auch eine umfangreiche Auswahl an <strong><a href=\"https:\/\/place-add.nl\/de\/einwegartikel-gedruckt\/\">Einwegartikeln<\/a><\/strong> und anderen <strong><a href=\"https:\/\/place-add.nl\/de\/fuer-auf-den-tisch-webshop\/\">Tischaccessoires<\/a><\/strong> an!<\/p>\n<p>Ben\u00f6tigen Sie kurzfristig Speisekarten? Besuchen Sie dann unsere zweite Website, <strong><a href=\"http:\/\/www.craftontable.com\/\">Craftontable.com<\/a><\/strong>, f\u00fcr Speisekarten mit weniger Personalisierungsoptionen, aber schnellerer Lieferzeit.<\/p>\n<p><strong>Ben\u00f6tigen Sie pers\u00f6nliche Beratung? Unser engagiertes Team steht Ihnen jederzeit zur Verf\u00fcgung, um Ihnen bei der perfekten Wahl zu helfen. Kontaktieren Sie uns gerne und entdecken Sie, wie unsere echten Kork-Speisekarten eine wundersch\u00f6ne, nat\u00fcrliche Erg\u00e4nzung zu Ihrem Men\u00fcerlebnis sein k\u00f6nnen. Verw\u00f6hnen Sie Ihre G\u00e4ste mit einer Pr\u00e4sentation, die den Charme von Kork umarmt und einen bleibenden Eindruck hinterl\u00e4sst.<\/strong><\/p>\n","protected":false},"excerpt":{"rendered":"<p>Unsere <strong>Speisekarten aus echtem Kork<\/strong> bieten eine un\u00fcbertroffene Kombination aus nat\u00fcrlicher Sch\u00f6nheit, Haltbarkeit und Exklusivit\u00e4t. Jedes St\u00fcck echter Kork strahlt einen einzigartigen Charme aus, so dass Ihre Speisekarten ein authentisches und stilvolles Element in Ihrem Lokal darstellen.<\/p>\n<p>Die Karte aus echtem Kork ist in 2 verschiedenen Texturen erh\u00e4ltlich.<\/p>\n<p><strong>Warum sollten Sie sich f\u00fcr Speisekarten aus echtem Kork entscheiden?<\/strong><\/p>\n<ul>\n<li><strong>Nat\u00fcrliche Sch\u00f6nheit<\/strong>: Mit ihrer einzigartigen Textur und Farbgebung strahlen Speisekarten aus echtem Kork eine unverwechselbare nat\u00fcrliche Sch\u00f6nheit aus.<\/li>\n<li><strong>Langlebigkeit und Qualit\u00e4t<\/strong>: Kork ist f\u00fcr seine Langlebigkeit und dauerhafte Qualit\u00e4t bekannt. Unsere Speisekarten aus echtem Kork sind nicht nur \u00e4sthetisch ansprechend, sondern auch sehr robust und k\u00f6nnen dem t\u00e4glichen Gebrauch standhalten.<\/li>\n<li><strong>Einzigartige Ausstrahlung<\/strong>: Die nat\u00fcrliche Textur und die Farbnuancen von echtem Kork verleihen jeder einzelnen Men\u00fckarte ihren eigenen, einzigartigen Charakter.<\/li>\n<\/ul>\n<p><strong>Stellen Sie Ihre eigene Men\u00fckarte zusammen!<\/strong><\/p>\n<h6><a class=\"button-custom-product\" style=\"font-size: 16px;\" href=\"https:\/\/place-add.nl\/de\/speisekarten\/speisekarten-nach-mass\/kork-speisekarten\/konfigurator-echter-kork-a4\/\" target=\"_blank\" rel=\"noopener\">A4<\/a><span style=\"font-size: 16px;\">\u00a0<\/span><a class=\"button-custom-product\" style=\"font-size: 16px;\" href=\"https:\/\/place-add.nl\/de\/speisekarten\/speisekarten-nach-mass\/kork-speisekarten\/konfigurator-echter-kork-a4-schmal\/\" target=\"_blank\" rel=\"noopener\">A4S<\/a> <a class=\"button-custom-product\" style=\"font-size: 16px;\" href=\"https:\/\/place-add.nl\/de\/speisekarten\/speisekarten-nach-mass\/kork-speisekarten\/konfigurator-echter-kork-a4-quadrat\/\" target=\"_blank\" rel=\"noopener\">A4Q<\/a> <a class=\"button-custom-product\" style=\"font-size: 16px;\" href=\"https:\/\/place-add.nl\/de\/speisekarten\/speisekarten-nach-mass\/kork-speisekarten\/konfigurator-echter-kork-a4-halb\/\" target=\"_blank\" rel=\"noopener\">A4H<\/a> <a class=\"button-custom-product\" style=\"font-size: 16px;\" href=\"https:\/\/place-add.nl\/de\/speisekarten\/speisekarten-nach-mass\/kork-speisekarten\/konfigurator-echter-kork-a5\/\" target=\"_blank\" rel=\"noopener\">A5<\/a><\/h6>\n<div class=\"button-container\">\n<div style=\"float: left;\"><button id=\"knop-contact-opnemen-de\">Kontaktieren Sie uns unverbindlich<\/button><\/div>\n<\/div>\n","protected":false},"featured_media":38464,"template":"","meta":[],"product_brand":[],"product_cat":[1423],"product_tag":[1151,1198,1199,1200,1201,1202,1203],"class_list":{"0":"post-43058","1":"product","2":"type-product","3":"status-publish","4":"has-post-thumbnail","6":"product_cat-kork","7":"product_tag-echtes-kork-menu","8":"product_tag-maatwerk-menukaarten-de","9":"product_tag-menukaarten-de","10":"product_tag-menukaarten-horeca-de","11":"product_tag-menukaarten-kopen-de","12":"product_tag-menukaarten-op-maat-de","13":"product_tag-restaurant-menukaarten-de","15":"first","16":"instock","17":"taxable","18":"shipping-taxable","19":"product-type-simple"},"yoast_head":"<!-- This site is optimized with the Yoast SEO Premium plugin v27.2 (Yoast SEO v27.2) - https:\/\/yoast.com\/product\/yoast-seo-premium-wordpress\/ -->\n<title>Echten Kork Speisekarten| Finden Sie das perfekte Men\u00fc|Place Add<\/title>\n<meta name=\"description\" content=\"Echten Kork Speisekarten: nat\u00fcrliche Sch\u00f6nheit, Haltbarkeit und Exklusivit\u00e4t. Erh\u00e4ltlich in 2 Texturen. Perfekt f\u00fcr eine stilvolle Men\u00fcpr\u00e4sentation.\" \/>\n<meta name=\"robots\" content=\"index, follow, max-snippet:-1, max-image-preview:large, max-video-preview:-1\" \/>\n<link rel=\"canonical\" href=\"https:\/\/place-add.nl\/de\/produkt\/echten-kork-speisekarten\/\" \/>\n<meta property=\"og:locale\" content=\"de_DE\" \/>\n<meta property=\"og:type\" content=\"article\" \/>\n<meta property=\"og:title\" content=\"Echter Kork\" \/>\n<meta property=\"og:description\" content=\"Echten Kork Speisekarten: nat\u00fcrliche Sch\u00f6nheit, Haltbarkeit und Exklusivit\u00e4t. Erh\u00e4ltlich in 2 Texturen. Perfekt f\u00fcr eine stilvolle Men\u00fcpr\u00e4sentation.\" \/>\n<meta property=\"og:url\" content=\"https:\/\/place-add.nl\/de\/produkt\/echten-kork-speisekarten\/\" \/>\n<meta property=\"og:site_name\" content=\"Place Add\" \/>\n<meta property=\"article:publisher\" content=\"https:\/\/www.facebook.com\/PlaceAdd\/\" \/>\n<meta property=\"article:modified_time\" content=\"2025-08-27T11:03:56+00:00\" \/>\n<meta property=\"og:image\" content=\"https:\/\/place-add.nl\/wp-content\/uploads\/2024\/06\/menukaarten_kurk_echt_kurk_Place_Add_1.jpg\" \/>\n\t<meta property=\"og:image:width\" content=\"800\" \/>\n\t<meta property=\"og:image:height\" content=\"800\" \/>\n\t<meta property=\"og:image:type\" content=\"image\/jpeg\" \/>\n<meta name=\"twitter:card\" content=\"summary_large_image\" \/>\n<meta name=\"twitter:label1\" content=\"Gesch\u00e4tzte Lesezeit\" \/>\n\t<meta name=\"twitter:data1\" content=\"2\u00a0Minuten\" \/>\n<script type=\"application\/ld+json\" class=\"yoast-schema-graph\">{\"@context\":\"https:\/\/schema.org\",\"@graph\":[{\"@type\":\"WebPage\",\"@id\":\"https:\/\/place-add.nl\/de\/produkt\/echten-kork-speisekarten\/\",\"url\":\"https:\/\/place-add.nl\/de\/produkt\/echten-kork-speisekarten\/\",\"name\":\"Echten Kork Speisekarten| Finden Sie das perfekte Men\u00fc|Place Add\",\"isPartOf\":{\"@id\":\"https:\/\/place-add.nl\/de\/#website\"},\"primaryImageOfPage\":{\"@id\":\"https:\/\/place-add.nl\/de\/produkt\/echten-kork-speisekarten\/#primaryimage\"},\"image\":{\"@id\":\"https:\/\/place-add.nl\/de\/produkt\/echten-kork-speisekarten\/#primaryimage\"},\"thumbnailUrl\":\"https:\/\/place-add.nl\/wp-content\/uploads\/2024\/06\/menukaarten_kurk_echt_kurk_Place_Add_1.jpg\",\"datePublished\":\"2024-06-10T12:39:24+00:00\",\"dateModified\":\"2025-08-27T11:03:56+00:00\",\"description\":\"Echten Kork Speisekarten: nat\u00fcrliche Sch\u00f6nheit, Haltbarkeit und Exklusivit\u00e4t. Erh\u00e4ltlich in 2 Texturen. Perfekt f\u00fcr eine stilvolle Men\u00fcpr\u00e4sentation.\",\"breadcrumb\":{\"@id\":\"https:\/\/place-add.nl\/de\/produkt\/echten-kork-speisekarten\/#breadcrumb\"},\"inLanguage\":\"de\",\"potentialAction\":[{\"@type\":\"ReadAction\",\"target\":[\"https:\/\/place-add.nl\/de\/produkt\/echten-kork-speisekarten\/\"]}]},{\"@type\":\"ImageObject\",\"inLanguage\":\"de\",\"@id\":\"https:\/\/place-add.nl\/de\/produkt\/echten-kork-speisekarten\/#primaryimage\",\"url\":\"https:\/\/place-add.nl\/wp-content\/uploads\/2024\/06\/menukaarten_kurk_echt_kurk_Place_Add_1.jpg\",\"contentUrl\":\"https:\/\/place-add.nl\/wp-content\/uploads\/2024\/06\/menukaarten_kurk_echt_kurk_Place_Add_1.jpg\",\"width\":800,\"height\":800,\"caption\":\"Echt Kurk Menukaarten\"},{\"@type\":\"BreadcrumbList\",\"@id\":\"https:\/\/place-add.nl\/de\/produkt\/echten-kork-speisekarten\/#breadcrumb\",\"itemListElement\":[{\"@type\":\"ListItem\",\"position\":1,\"name\":\"Home\",\"item\":\"https:\/\/place-add.nl\/de\/home\/\"},{\"@type\":\"ListItem\",\"position\":2,\"name\":\"Shop\",\"item\":\"https:\/\/place-add.nl\/de\/shop\/\"},{\"@type\":\"ListItem\",\"position\":3,\"name\":\"Echter Kork\"}]},{\"@type\":\"WebSite\",\"@id\":\"https:\/\/place-add.nl\/de\/#website\",\"url\":\"https:\/\/place-add.nl\/de\/\",\"name\":\"Place Add\",\"description\":\"Tafelkleding voor de horeca\",\"publisher\":{\"@id\":\"https:\/\/place-add.nl\/de\/#organization\"},\"potentialAction\":[{\"@type\":\"SearchAction\",\"target\":{\"@type\":\"EntryPoint\",\"urlTemplate\":\"https:\/\/place-add.nl\/de\/?s={search_term_string}\"},\"query-input\":{\"@type\":\"PropertyValueSpecification\",\"valueRequired\":true,\"valueName\":\"search_term_string\"}}],\"inLanguage\":\"de\"},{\"@type\":\"Organization\",\"@id\":\"https:\/\/place-add.nl\/de\/#organization\",\"name\":\"Place Add\",\"url\":\"https:\/\/place-add.nl\/de\/\",\"logo\":{\"@type\":\"ImageObject\",\"inLanguage\":\"de\",\"@id\":\"https:\/\/place-add.nl\/de\/#\/schema\/logo\/image\/\",\"url\":\"https:\/\/place-add.nl\/wp-content\/uploads\/2023\/11\/logo-img-place-add.png\",\"contentUrl\":\"https:\/\/place-add.nl\/wp-content\/uploads\/2023\/11\/logo-img-place-add.png\",\"width\":404,\"height\":106,\"caption\":\"Place Add\"},\"image\":{\"@id\":\"https:\/\/place-add.nl\/de\/#\/schema\/logo\/image\/\"},\"sameAs\":[\"https:\/\/www.facebook.com\/PlaceAdd\/\",\"https:\/\/www.instagram.com\/place_add\/\",\"https:\/\/www.youtube.com\/@placeadd\"]}]}<\/script>\n<!-- \/ Yoast SEO Premium plugin. -->","yoast_head_json":{"title":"Echten Kork Speisekarten| Finden Sie das perfekte Men\u00fc|Place Add","description":"Echten Kork Speisekarten: nat\u00fcrliche Sch\u00f6nheit, Haltbarkeit und Exklusivit\u00e4t. Erh\u00e4ltlich in 2 Texturen. Perfekt f\u00fcr eine stilvolle Men\u00fcpr\u00e4sentation.","robots":{"index":"index","follow":"follow","max-snippet":"max-snippet:-1","max-image-preview":"max-image-preview:large","max-video-preview":"max-video-preview:-1"},"canonical":"https:\/\/place-add.nl\/de\/produkt\/echten-kork-speisekarten\/","og_locale":"de_DE","og_type":"article","og_title":"Echter Kork","og_description":"Echten Kork Speisekarten: nat\u00fcrliche Sch\u00f6nheit, Haltbarkeit und Exklusivit\u00e4t. Erh\u00e4ltlich in 2 Texturen. Perfekt f\u00fcr eine stilvolle Men\u00fcpr\u00e4sentation.","og_url":"https:\/\/place-add.nl\/de\/produkt\/echten-kork-speisekarten\/","og_site_name":"Place Add","article_publisher":"https:\/\/www.facebook.com\/PlaceAdd\/","article_modified_time":"2025-08-27T11:03:56+00:00","og_image":[{"width":800,"height":800,"url":"https:\/\/place-add.nl\/wp-content\/uploads\/2024\/06\/menukaarten_kurk_echt_kurk_Place_Add_1.jpg","type":"image\/jpeg"}],"twitter_card":"summary_large_image","twitter_misc":{"Gesch\u00e4tzte Lesezeit":"2\u00a0Minuten"},"schema":{"@context":"https:\/\/schema.org","@graph":[{"@type":"WebPage","@id":"https:\/\/place-add.nl\/de\/produkt\/echten-kork-speisekarten\/","url":"https:\/\/place-add.nl\/de\/produkt\/echten-kork-speisekarten\/","name":"Echten Kork Speisekarten| Finden Sie das perfekte Men\u00fc|Place Add","isPartOf":{"@id":"https:\/\/place-add.nl\/de\/#website"},"primaryImageOfPage":{"@id":"https:\/\/place-add.nl\/de\/produkt\/echten-kork-speisekarten\/#primaryimage"},"image":{"@id":"https:\/\/place-add.nl\/de\/produkt\/echten-kork-speisekarten\/#primaryimage"},"thumbnailUrl":"https:\/\/place-add.nl\/wp-content\/uploads\/2024\/06\/menukaarten_kurk_echt_kurk_Place_Add_1.jpg","datePublished":"2024-06-10T12:39:24+00:00","dateModified":"2025-08-27T11:03:56+00:00","description":"Echten Kork Speisekarten: nat\u00fcrliche Sch\u00f6nheit, Haltbarkeit und Exklusivit\u00e4t. Erh\u00e4ltlich in 2 Texturen. Perfekt f\u00fcr eine stilvolle Men\u00fcpr\u00e4sentation.","breadcrumb":{"@id":"https:\/\/place-add.nl\/de\/produkt\/echten-kork-speisekarten\/#breadcrumb"},"inLanguage":"de","potentialAction":[{"@type":"ReadAction","target":["https:\/\/place-add.nl\/de\/produkt\/echten-kork-speisekarten\/"]}]},{"@type":"ImageObject","inLanguage":"de","@id":"https:\/\/place-add.nl\/de\/produkt\/echten-kork-speisekarten\/#primaryimage","url":"https:\/\/place-add.nl\/wp-content\/uploads\/2024\/06\/menukaarten_kurk_echt_kurk_Place_Add_1.jpg","contentUrl":"https:\/\/place-add.nl\/wp-content\/uploads\/2024\/06\/menukaarten_kurk_echt_kurk_Place_Add_1.jpg","width":800,"height":800,"caption":"Echt Kurk Menukaarten"},{"@type":"BreadcrumbList","@id":"https:\/\/place-add.nl\/de\/produkt\/echten-kork-speisekarten\/#breadcrumb","itemListElement":[{"@type":"ListItem","position":1,"name":"Home","item":"https:\/\/place-add.nl\/de\/home\/"},{"@type":"ListItem","position":2,"name":"Shop","item":"https:\/\/place-add.nl\/de\/shop\/"},{"@type":"ListItem","position":3,"name":"Echter Kork"}]},{"@type":"WebSite","@id":"https:\/\/place-add.nl\/de\/#website","url":"https:\/\/place-add.nl\/de\/","name":"Place Add","description":"Tafelkleding voor de horeca","publisher":{"@id":"https:\/\/place-add.nl\/de\/#organization"},"potentialAction":[{"@type":"SearchAction","target":{"@type":"EntryPoint","urlTemplate":"https:\/\/place-add.nl\/de\/?s={search_term_string}"},"query-input":{"@type":"PropertyValueSpecification","valueRequired":true,"valueName":"search_term_string"}}],"inLanguage":"de"},{"@type":"Organization","@id":"https:\/\/place-add.nl\/de\/#organization","name":"Place Add","url":"https:\/\/place-add.nl\/de\/","logo":{"@type":"ImageObject","inLanguage":"de","@id":"https:\/\/place-add.nl\/de\/#\/schema\/logo\/image\/","url":"https:\/\/place-add.nl\/wp-content\/uploads\/2023\/11\/logo-img-place-add.png","contentUrl":"https:\/\/place-add.nl\/wp-content\/uploads\/2023\/11\/logo-img-place-add.png","width":404,"height":106,"caption":"Place Add"},"image":{"@id":"https:\/\/place-add.nl\/de\/#\/schema\/logo\/image\/"},"sameAs":["https:\/\/www.facebook.com\/PlaceAdd\/","https:\/\/www.instagram.com\/place_add\/","https:\/\/www.youtube.com\/@placeadd"]}]}},"_links":{"self":[{"href":"https:\/\/place-add.nl\/de\/wp-json\/wp\/v2\/product\/43058","targetHints":{"allow":["GET"]}}],"collection":[{"href":"https:\/\/place-add.nl\/de\/wp-json\/wp\/v2\/product"}],"about":[{"href":"https:\/\/place-add.nl\/de\/wp-json\/wp\/v2\/types\/product"}],"wp:featuredmedia":[{"embeddable":true,"href":"https:\/\/place-add.nl\/de\/wp-json\/wp\/v2\/media\/38464"}],"wp:attachment":[{"href":"https:\/\/place-add.nl\/de\/wp-json\/wp\/v2\/media?parent=43058"}],"wp:term":[{"taxonomy":"product_brand","embeddable":true,"href":"https:\/\/place-add.nl\/de\/wp-json\/wp\/v2\/product_brand?post=43058"},{"taxonomy":"product_cat","embeddable":true,"href":"https:\/\/place-add.nl\/de\/wp-json\/wp\/v2\/product_cat?post=43058"},{"taxonomy":"product_tag","embeddable":true,"href":"https:\/\/place-add.nl\/de\/wp-json\/wp\/v2\/product_tag?post=43058"}],"curies":[{"name":"wp","href":"https:\/\/api.w.org\/{rel}","templated":true}]}}