{"id":43062,"date":"2024-06-10T15:02:22","date_gmt":"2024-06-10T15:02:22","guid":{"rendered":"https:\/\/place-add.nl\/product\/berkenhouten-menukaarten\/"},"modified":"2025-05-31T10:42:30","modified_gmt":"2025-05-31T10:42:30","slug":"speisekarten-aus-birkenholz","status":"publish","type":"product","link":"https:\/\/place-add.nl\/de\/produkt\/speisekarten-aus-birkenholz\/","title":{"rendered":"Birkenholz Speisekarten"},"content":{"rendered":"<p><strong>Speisekarten aus Birkenholz<\/strong> bieten eine einzigartige Kombination aus nat\u00fcrlicher Sch\u00f6nheit und Nachhaltigkeit. Diese Speisekarten sind nicht nur funktional, sondern verleihen Ihrem gastronomischen Betrieb auch eine warme und einladende Ausstrahlung. Birkenholz ist bekannt f\u00fcr seine wundersch\u00f6ne Textur und helle Farbe, wodurch jede Speisekarten ein raffiniertes Akzent in Ihrem Restaurant, Caf\u00e9 oder Bistro setzt.<\/p>\n<p>Unsere <strong>Speisekarten aus Birkenholz<\/strong> sind in verschiedenen Formaten erh\u00e4ltlich, sodass Sie immer die perfekte Gr\u00f6\u00dfe finden, die Ihren spezifischen Bed\u00fcrfnissen entspricht:<\/p>\n<ul>\n<li><strong>A4<\/strong><\/li>\n<li><strong>A4 XL<\/strong><\/li>\n<li><strong>A4 Quadrat<\/strong><\/li>\n<li><strong>A4 Schmal<\/strong><\/li>\n<li><strong>A5<\/strong><\/li>\n<\/ul>\n<p>Egal, ob Sie ein kompaktes Format f\u00fcr eine intime Atmosph\u00e4re oder ein gr\u00f6\u00dferes Format f\u00fcr ein umfangreiches Men\u00fc ben\u00f6tigen, wir haben die richtige L\u00f6sung f\u00fcr Sie. Dank der robusten Konstruktion aus Birkenholz sind diese Speisekarten so gestaltet, dass sie lange halten, selbst bei intensivem Gebrauch. Dies macht sie ideal f\u00fcr stark frequentierte Gastronomiebetriebe, in denen Qualit\u00e4t und Nachhaltigkeit von entscheidender Bedeutung sind.<\/p>\n<p>Die nat\u00fcrliche Ausstrahlung des Birkenholzes sorgt daf\u00fcr, dass Ihre Men\u00fcs wunderbar zur Geltung kommen. Die sanfte, helle Farbe und die einzigartige Maserung des Holzes schaffen eine \u00e4sthetisch ansprechende Pr\u00e4sentation, die mit Sicherheit die Aufmerksamkeit Ihrer G\u00e4ste auf sich ziehen wird. Ob traditionelle Speisekarten oder moderne Pr\u00e4sentation, unsere Speisekarten aus Birkenholz passen perfekt in jeden Stil.<\/p>\n<p>Vervollst\u00e4ndigen Sie das Bild mit einem unserer anderen Holz-Tischaccessoires, wie z.B. einem praktischen <strong><a href=\"https:\/\/place-add.nl\/product\/qr-tent\/\">QR-Display<\/a><\/strong> oder <strong><a href=\"https:\/\/place-add.nl\/voor-op-tafel-webshop\/organizers\/\">Organisatoren<\/a><\/strong>.<\/p>\n<p>Brauchen Sie kurzfristig Speisekarten? Besuchen Sie unsere zweite Website, <strong><a href=\"http:\/\/www.craftontable.com\/\">Craftontable.com<\/a><\/strong>, f\u00fcr Speisekarten mit weniger Personalisierungsoptionen, aber schnelleren Lieferzeiten.<\/p>\n<p><strong>Ben\u00f6tigen Sie pers\u00f6nliche Beratung? Kontaktieren Sie uns gerne. Unser engagiertes Team steht bereit, um Ihnen bei der perfekten Auswahl f\u00fcr Ihre spezifischen Bed\u00fcrfnisse zu helfen. Entdecken Sie noch heute, wie unsere Speisekarten aus Birkenholz eine wunderbare Erg\u00e4nzung f\u00fcr Ihr Restaurant sein k\u00f6nnen und lassen Sie Ihre G\u00e4ste eine einzigartige Men\u00fcerfahrung genie\u00dfen.<\/strong><\/p>\n<p><button id=\"knop-contact-opnemen-de\">Kontaktieren Sie uns unverbindlich<\/button><\/p>\n","protected":false},"excerpt":{"rendered":"<p><strong>Diese Speisekarten werden aus Birkenholz hergestellt<\/strong>, das f\u00fcr eine robuste und langlebige Speisekarte sorgt, die eine lange Lebensdauer hat. Mit ihrem nat\u00fcrlichen Aussehen und ihrer stabilen Konstruktion bieten diese Speisekarten eine sch\u00f6ne Pr\u00e4sentation Ihrer Speisekarten.<\/p>\n<p><strong>Warum sollten Sie sich f\u00fcr Speisekarten aus Birkenholz entscheiden?<\/strong><\/p>\n<ul>\n<li><strong>Authentische nat\u00fcrliche Sch\u00f6nheit:<\/strong> Die Verwendung von Birkenholz verleiht diesen Speisekarten ein authentisches und nat\u00fcrliches, warmes Aussehen.<\/li>\n<li><strong>Langlebig und solide<\/strong>: Unsere Speisekarten aus Birkenholz sind robust und sehr solide und gew\u00e4hrleisten eine zuverl\u00e4ssige und langlebige Speisekarte, die dem t\u00e4glichen Gebrauch in stark frequentierten Gastronomiebetrieben standh\u00e4lt.<\/li>\n<li><strong>Umweltfreundlicher Farbzusatz:<\/strong> Die Speisekarten werden mit umweltfreundlichen \u00d6len eingef\u00e4rbt. Obwohl die schwarze Version die beliebteste Farbe ist, bieten wir auch einige andere Farben an.<\/li>\n<\/ul>\n<p><button id=\"knop-contact-opnemen-de\">Kontaktieren Sie uns unverbindlich<\/button><\/p>\n","protected":false},"featured_media":42015,"template":"","meta":[],"product_brand":[],"product_cat":[1448,1442],"product_tag":[1139,1198,1199,1200,1201,1202,1203],"class_list":{"0":"post-43062","1":"product","2":"type-product","3":"status-publish","4":"has-post-thumbnail","6":"product_cat-holz","7":"product_cat-speisekarten-n-mas","8":"product_tag-birkenholz-speisekarten","9":"product_tag-maatwerk-menukaarten-de","10":"product_tag-menukaarten-de","11":"product_tag-menukaarten-horeca-de","12":"product_tag-menukaarten-kopen-de","13":"product_tag-menukaarten-op-maat-de","14":"product_tag-restaurant-menukaarten-de","16":"first","17":"instock","18":"taxable","19":"shipping-taxable","20":"product-type-simple"},"yoast_head":"<!-- This site is optimized with the Yoast SEO Premium plugin v27.2 (Yoast SEO v27.2) - https:\/\/yoast.com\/product\/yoast-seo-premium-wordpress\/ -->\n<title>Speisekarten aus Birkenholz | F\u00fcr Qualit\u00e4t, gehen Sie zu Place Add<\/title>\n<meta name=\"description\" content=\"Speisekarten aus Birkenholz; Entdecken Sie die nat\u00fcrliche Sch\u00f6nheit, die Haltbarkeit, das authentische Aussehen und die robuste Konstruktion.\" \/>\n<meta name=\"robots\" content=\"index, follow, max-snippet:-1, max-image-preview:large, max-video-preview:-1\" \/>\n<link rel=\"canonical\" href=\"https:\/\/place-add.nl\/de\/produkt\/speisekarten-aus-birkenholz\/\" \/>\n<meta property=\"og:locale\" content=\"de_DE\" \/>\n<meta property=\"og:type\" content=\"article\" \/>\n<meta property=\"og:title\" content=\"Birkenholz Speisekarten\" \/>\n<meta property=\"og:description\" content=\"Speisekarten aus Birkenholz; Entdecken Sie die nat\u00fcrliche Sch\u00f6nheit, die Haltbarkeit, das authentische Aussehen und die robuste Konstruktion.\" \/>\n<meta property=\"og:url\" content=\"https:\/\/place-add.nl\/de\/produkt\/speisekarten-aus-birkenholz\/\" \/>\n<meta property=\"og:site_name\" content=\"Place Add\" \/>\n<meta property=\"article:publisher\" content=\"https:\/\/www.facebook.com\/PlaceAdd\/\" \/>\n<meta property=\"article:modified_time\" content=\"2025-05-31T10:42:30+00:00\" \/>\n<meta property=\"og:image\" content=\"https:\/\/place-add.nl\/wp-content\/uploads\/2024\/11\/menukaarten_hout_Place_Add_1.jpg\" \/>\n\t<meta property=\"og:image:width\" content=\"800\" \/>\n\t<meta property=\"og:image:height\" content=\"800\" \/>\n\t<meta property=\"og:image:type\" content=\"image\/jpeg\" \/>\n<meta name=\"twitter:card\" content=\"summary_large_image\" \/>\n<meta name=\"twitter:label1\" content=\"Gesch\u00e4tzte Lesezeit\" \/>\n\t<meta name=\"twitter:data1\" content=\"2\u00a0Minuten\" \/>\n<script type=\"application\/ld+json\" class=\"yoast-schema-graph\">{\"@context\":\"https:\/\/schema.org\",\"@graph\":[{\"@type\":\"WebPage\",\"@id\":\"https:\/\/place-add.nl\/de\/produkt\/speisekarten-aus-birkenholz\/\",\"url\":\"https:\/\/place-add.nl\/de\/produkt\/speisekarten-aus-birkenholz\/\",\"name\":\"Speisekarten aus Birkenholz | F\u00fcr Qualit\u00e4t, gehen Sie zu Place Add\",\"isPartOf\":{\"@id\":\"https:\/\/place-add.nl\/de\/#website\"},\"primaryImageOfPage\":{\"@id\":\"https:\/\/place-add.nl\/de\/produkt\/speisekarten-aus-birkenholz\/#primaryimage\"},\"image\":{\"@id\":\"https:\/\/place-add.nl\/de\/produkt\/speisekarten-aus-birkenholz\/#primaryimage\"},\"thumbnailUrl\":\"https:\/\/place-add.nl\/wp-content\/uploads\/2024\/11\/menukaarten_hout_Place_Add_1.jpg\",\"datePublished\":\"2024-06-10T15:02:22+00:00\",\"dateModified\":\"2025-05-31T10:42:30+00:00\",\"description\":\"Speisekarten aus Birkenholz; Entdecken Sie die nat\u00fcrliche Sch\u00f6nheit, die Haltbarkeit, das authentische Aussehen und die robuste Konstruktion.\",\"breadcrumb\":{\"@id\":\"https:\/\/place-add.nl\/de\/produkt\/speisekarten-aus-birkenholz\/#breadcrumb\"},\"inLanguage\":\"de\",\"potentialAction\":[{\"@type\":\"ReadAction\",\"target\":[\"https:\/\/place-add.nl\/de\/produkt\/speisekarten-aus-birkenholz\/\"]}]},{\"@type\":\"ImageObject\",\"inLanguage\":\"de\",\"@id\":\"https:\/\/place-add.nl\/de\/produkt\/speisekarten-aus-birkenholz\/#primaryimage\",\"url\":\"https:\/\/place-add.nl\/wp-content\/uploads\/2024\/11\/menukaarten_hout_Place_Add_1.jpg\",\"contentUrl\":\"https:\/\/place-add.nl\/wp-content\/uploads\/2024\/11\/menukaarten_hout_Place_Add_1.jpg\",\"width\":800,\"height\":800},{\"@type\":\"BreadcrumbList\",\"@id\":\"https:\/\/place-add.nl\/de\/produkt\/speisekarten-aus-birkenholz\/#breadcrumb\",\"itemListElement\":[{\"@type\":\"ListItem\",\"position\":1,\"name\":\"Home\",\"item\":\"https:\/\/place-add.nl\/de\/home\/\"},{\"@type\":\"ListItem\",\"position\":2,\"name\":\"Shop\",\"item\":\"https:\/\/place-add.nl\/de\/shop\/\"},{\"@type\":\"ListItem\",\"position\":3,\"name\":\"Birkenholz Speisekarten\"}]},{\"@type\":\"WebSite\",\"@id\":\"https:\/\/place-add.nl\/de\/#website\",\"url\":\"https:\/\/place-add.nl\/de\/\",\"name\":\"Place Add\",\"description\":\"Tafelkleding voor de horeca\",\"publisher\":{\"@id\":\"https:\/\/place-add.nl\/de\/#organization\"},\"potentialAction\":[{\"@type\":\"SearchAction\",\"target\":{\"@type\":\"EntryPoint\",\"urlTemplate\":\"https:\/\/place-add.nl\/de\/?s={search_term_string}\"},\"query-input\":{\"@type\":\"PropertyValueSpecification\",\"valueRequired\":true,\"valueName\":\"search_term_string\"}}],\"inLanguage\":\"de\"},{\"@type\":\"Organization\",\"@id\":\"https:\/\/place-add.nl\/de\/#organization\",\"name\":\"Place Add\",\"url\":\"https:\/\/place-add.nl\/de\/\",\"logo\":{\"@type\":\"ImageObject\",\"inLanguage\":\"de\",\"@id\":\"https:\/\/place-add.nl\/de\/#\/schema\/logo\/image\/\",\"url\":\"https:\/\/place-add.nl\/wp-content\/uploads\/2023\/11\/logo-img-place-add.png\",\"contentUrl\":\"https:\/\/place-add.nl\/wp-content\/uploads\/2023\/11\/logo-img-place-add.png\",\"width\":404,\"height\":106,\"caption\":\"Place Add\"},\"image\":{\"@id\":\"https:\/\/place-add.nl\/de\/#\/schema\/logo\/image\/\"},\"sameAs\":[\"https:\/\/www.facebook.com\/PlaceAdd\/\",\"https:\/\/www.instagram.com\/place_add\/\",\"https:\/\/www.youtube.com\/@placeadd\"]}]}<\/script>\n<!-- \/ Yoast SEO Premium plugin. -->","yoast_head_json":{"title":"Speisekarten aus Birkenholz | F\u00fcr Qualit\u00e4t, gehen Sie zu Place Add","description":"Speisekarten aus Birkenholz; Entdecken Sie die nat\u00fcrliche Sch\u00f6nheit, die Haltbarkeit, das authentische Aussehen und die robuste Konstruktion.","robots":{"index":"index","follow":"follow","max-snippet":"max-snippet:-1","max-image-preview":"max-image-preview:large","max-video-preview":"max-video-preview:-1"},"canonical":"https:\/\/place-add.nl\/de\/produkt\/speisekarten-aus-birkenholz\/","og_locale":"de_DE","og_type":"article","og_title":"Birkenholz Speisekarten","og_description":"Speisekarten aus Birkenholz; Entdecken Sie die nat\u00fcrliche Sch\u00f6nheit, die Haltbarkeit, das authentische Aussehen und die robuste Konstruktion.","og_url":"https:\/\/place-add.nl\/de\/produkt\/speisekarten-aus-birkenholz\/","og_site_name":"Place Add","article_publisher":"https:\/\/www.facebook.com\/PlaceAdd\/","article_modified_time":"2025-05-31T10:42:30+00:00","og_image":[{"width":800,"height":800,"url":"https:\/\/place-add.nl\/wp-content\/uploads\/2024\/11\/menukaarten_hout_Place_Add_1.jpg","type":"image\/jpeg"}],"twitter_card":"summary_large_image","twitter_misc":{"Gesch\u00e4tzte Lesezeit":"2\u00a0Minuten"},"schema":{"@context":"https:\/\/schema.org","@graph":[{"@type":"WebPage","@id":"https:\/\/place-add.nl\/de\/produkt\/speisekarten-aus-birkenholz\/","url":"https:\/\/place-add.nl\/de\/produkt\/speisekarten-aus-birkenholz\/","name":"Speisekarten aus Birkenholz | F\u00fcr Qualit\u00e4t, gehen Sie zu Place Add","isPartOf":{"@id":"https:\/\/place-add.nl\/de\/#website"},"primaryImageOfPage":{"@id":"https:\/\/place-add.nl\/de\/produkt\/speisekarten-aus-birkenholz\/#primaryimage"},"image":{"@id":"https:\/\/place-add.nl\/de\/produkt\/speisekarten-aus-birkenholz\/#primaryimage"},"thumbnailUrl":"https:\/\/place-add.nl\/wp-content\/uploads\/2024\/11\/menukaarten_hout_Place_Add_1.jpg","datePublished":"2024-06-10T15:02:22+00:00","dateModified":"2025-05-31T10:42:30+00:00","description":"Speisekarten aus Birkenholz; Entdecken Sie die nat\u00fcrliche Sch\u00f6nheit, die Haltbarkeit, das authentische Aussehen und die robuste Konstruktion.","breadcrumb":{"@id":"https:\/\/place-add.nl\/de\/produkt\/speisekarten-aus-birkenholz\/#breadcrumb"},"inLanguage":"de","potentialAction":[{"@type":"ReadAction","target":["https:\/\/place-add.nl\/de\/produkt\/speisekarten-aus-birkenholz\/"]}]},{"@type":"ImageObject","inLanguage":"de","@id":"https:\/\/place-add.nl\/de\/produkt\/speisekarten-aus-birkenholz\/#primaryimage","url":"https:\/\/place-add.nl\/wp-content\/uploads\/2024\/11\/menukaarten_hout_Place_Add_1.jpg","contentUrl":"https:\/\/place-add.nl\/wp-content\/uploads\/2024\/11\/menukaarten_hout_Place_Add_1.jpg","width":800,"height":800},{"@type":"BreadcrumbList","@id":"https:\/\/place-add.nl\/de\/produkt\/speisekarten-aus-birkenholz\/#breadcrumb","itemListElement":[{"@type":"ListItem","position":1,"name":"Home","item":"https:\/\/place-add.nl\/de\/home\/"},{"@type":"ListItem","position":2,"name":"Shop","item":"https:\/\/place-add.nl\/de\/shop\/"},{"@type":"ListItem","position":3,"name":"Birkenholz Speisekarten"}]},{"@type":"WebSite","@id":"https:\/\/place-add.nl\/de\/#website","url":"https:\/\/place-add.nl\/de\/","name":"Place Add","description":"Tafelkleding voor de horeca","publisher":{"@id":"https:\/\/place-add.nl\/de\/#organization"},"potentialAction":[{"@type":"SearchAction","target":{"@type":"EntryPoint","urlTemplate":"https:\/\/place-add.nl\/de\/?s={search_term_string}"},"query-input":{"@type":"PropertyValueSpecification","valueRequired":true,"valueName":"search_term_string"}}],"inLanguage":"de"},{"@type":"Organization","@id":"https:\/\/place-add.nl\/de\/#organization","name":"Place Add","url":"https:\/\/place-add.nl\/de\/","logo":{"@type":"ImageObject","inLanguage":"de","@id":"https:\/\/place-add.nl\/de\/#\/schema\/logo\/image\/","url":"https:\/\/place-add.nl\/wp-content\/uploads\/2023\/11\/logo-img-place-add.png","contentUrl":"https:\/\/place-add.nl\/wp-content\/uploads\/2023\/11\/logo-img-place-add.png","width":404,"height":106,"caption":"Place Add"},"image":{"@id":"https:\/\/place-add.nl\/de\/#\/schema\/logo\/image\/"},"sameAs":["https:\/\/www.facebook.com\/PlaceAdd\/","https:\/\/www.instagram.com\/place_add\/","https:\/\/www.youtube.com\/@placeadd"]}]}},"_links":{"self":[{"href":"https:\/\/place-add.nl\/de\/wp-json\/wp\/v2\/product\/43062","targetHints":{"allow":["GET"]}}],"collection":[{"href":"https:\/\/place-add.nl\/de\/wp-json\/wp\/v2\/product"}],"about":[{"href":"https:\/\/place-add.nl\/de\/wp-json\/wp\/v2\/types\/product"}],"wp:featuredmedia":[{"embeddable":true,"href":"https:\/\/place-add.nl\/de\/wp-json\/wp\/v2\/media\/42015"}],"wp:attachment":[{"href":"https:\/\/place-add.nl\/de\/wp-json\/wp\/v2\/media?parent=43062"}],"wp:term":[{"taxonomy":"product_brand","embeddable":true,"href":"https:\/\/place-add.nl\/de\/wp-json\/wp\/v2\/product_brand?post=43062"},{"taxonomy":"product_cat","embeddable":true,"href":"https:\/\/place-add.nl\/de\/wp-json\/wp\/v2\/product_cat?post=43062"},{"taxonomy":"product_tag","embeddable":true,"href":"https:\/\/place-add.nl\/de\/wp-json\/wp\/v2\/product_tag?post=43062"}],"curies":[{"name":"wp","href":"https:\/\/api.w.org\/{rel}","templated":true}]}}