{"id":43066,"date":"2024-06-11T09:24:03","date_gmt":"2024-06-11T09:24:03","guid":{"rendered":"https:\/\/place-add.nl\/product\/venster-menukaarten\/"},"modified":"2025-06-13T05:33:55","modified_gmt":"2025-06-13T05:33:55","slug":"passepartout-speisekarten","status":"publish","type":"product","link":"https:\/\/place-add.nl\/de\/produkt\/passepartout-speisekarten\/","title":{"rendered":"Passepartout Speisekarten"},"content":{"rendered":"<p><strong>Fenster-Speisekarten<\/strong>: Entdecken Sie unsere stilvollen und vielseitigen 2- und 3-bl\u00e4ttrigen Speisekarten, die jedes Essenserlebnis in Ihrem Restaurant, Caf\u00e9 oder Ihrer Bar bereichern. Mit einer gro\u00dfen Auswahl an Formaten und Materialien k\u00f6nnen Sie eine Men\u00fckarte erstellen, die nahtlos zu Ihrer Corporate Identity und dem Ambiente Ihres Lokals passt.<\/p>\n<p>Unsere Window-Speisekarten sind in verschiedenen Formaten erh\u00e4ltlich.<\/p>\n<p><strong>Sie k\u00f6nnen w\u00e4hlen zwischen:<\/strong><\/p>\n<ul>\n<li><strong>A4A4 Quadratisch<\/strong><\/li>\n<li><strong>A4 Schmal<\/strong><\/li>\n<li><strong>A4 Halb<\/strong><\/li>\n<li><strong>A5<\/strong><\/li>\n<\/ul>\n<p>Diese kompakt gestalteten Speisekarten sind ideal f\u00fcr Unternehmen, die eine begrenzte Anzahl von Seiten anzeigen m\u00f6chten, aber keine Kompromisse bei Stil und Qualit\u00e4t eingehen wollen.<\/p>\n<p>Die Fenster-Speisekarten sind so gestaltet, dass sie einfach zu handhaben sind. Das Auswechseln einer Seite ist ein Kinderspiel, so dass \u00c4nderungen an der Speisekarte leicht vorgenommen werden k\u00f6nnen. Mit unseren Speisekarten sind Sie flexibel und effizient, ohne auf ein luxuri\u00f6ses Aussehen verzichten zu m\u00fcssen.<\/p>\n<p>W\u00e4hlen Sie aus einer gro\u00dfen Auswahl an Materialien wie Kunstleder, Holzoptik, Jute und Leinen, um das Aussehen Ihrer Fensterkarten perfekt auf Ihre Einrichtung und Ihr Ambiente abzustimmen. Diese Materialien werden sorgf\u00e4ltig nach ihrer Langlebigkeit und ihrem stilvollen Aussehen ausgew\u00e4hlt, damit Ihre Speisekarten lange halten und immer wie neu aussehen.<\/p>\n<p>Vervollst\u00e4ndigen Sie das Bild mit einer passenden <strong><a href=\"https:\/\/place-add.nl\/de\/speisekarten\/speisekarten-nach-mass\/rechnungsordner\/\">Rechnungsmappe<\/a><\/strong> oder einem unserer anderen <strong><a href=\"https:\/\/place-add.nl\/de\/tischaccessoires-co\/organizers\/\">Tischaccessoires<\/a><\/strong>.<\/p>\n<p>Hinterlassen Sie einen echten Eindruck mit einer Speisekarte und einer Tischdekoration, die Klasse und Qualit\u00e4t ausstrahlen &#8211; Ihre G\u00e4ste werden den Unterschied bemerken!<\/p>\n<p>Ben\u00f6tigen Sie kurzfristig Speisekarten? Dann besuchen Sie unsere zweite Website, <strong><a href=\"http:\/\/www.craftontable.com\/\">Craftontable.com<\/a><\/strong>, f\u00fcr Speisekarten mit weniger Personalisierungsm\u00f6glichkeiten, daf\u00fcr aber mit k\u00fcrzeren Lieferzeiten.<\/p>\n<p><strong>Ben\u00f6tigen Sie Beratung, um die richtige Wahl zu treffen? Unser Expertenteam steht Ihnen gerne zur Seite und entwirft gemeinsam mit Ihnen die Men\u00fckarte, die am besten zu Ihren Bed\u00fcrfnissen passt. Wir sorgen daf\u00fcr, dass Sie eine funktionelle und elegante Men\u00fckarte erhalten, die perfekt zu Ihrem Unternehmensimage passt.<\/strong><\/p>\n<p><button id=\"knop-contact-opnemen-de\">Kontaktieren Sie uns unverbindlich<\/button><\/p>\n","protected":false},"excerpt":{"rendered":"<p>Die <strong>2- und 3-seitigen Fenster Speisekarten<\/strong> sind die ideale L\u00f6sung, wenn Sie nicht viele Leseseiten ben\u00f6tigen, aber dennoch ein Maximum an Qualit\u00e4t und Klasse ausstrahlen m\u00f6chten. Diese Speisekarten k\u00f6nnen auf unterschiedliche Weise gestaltet werden, so dass Sie die Pr\u00e4sentation Ihrer Speisekarte ganz nach Ihren W\u00fcnschen gestalten k\u00f6nnen.<\/p>\n<p><strong>Warum 2-panel &amp; 3-panel Speisekarten?<\/strong><\/p>\n<ul>\n<li><strong>Einfaches Wechseln der Seite<\/strong>: Der Seitenwechsel ist sehr einfach und schnell, so dass Sie Ihre Speisekarte m\u00fchelos und ohne gro\u00dfen Aufwand aktualisieren k\u00f6nnen.<\/li>\n<li><strong>Vielseitige Materialien<\/strong>: Erh\u00e4ltlich in verschiedenen Materialien wie Kunstleder, Holzoptik, Jute, Leinen usw., so dass Sie den perfekten Look f\u00fcr Ihr Restaurant w\u00e4hlen k\u00f6nnen.<\/li>\n<li><strong>Format-Optionen<\/strong>: Erh\u00e4ltlich in verschiedenen Gr\u00f6\u00dfen wie A4, A4 quadratisch, A4 schmal und A5, so dass Sie immer die richtige Gr\u00f6\u00dfe f\u00fcr Ihre Bed\u00fcrfnisse finden.<\/li>\n<\/ul>\n<p><button id=\"knop-contact-opnemen-de\">Kontaktieren Sie uns unverbindlich<\/button><\/p>\n","protected":false},"featured_media":41059,"template":"","meta":[],"product_brand":[],"product_cat":[1443,1442],"product_tag":[1169,1198,1199,1200,1201,1202,1203],"class_list":{"0":"post-43066","1":"product","2":"type-product","3":"status-publish","4":"has-post-thumbnail","6":"product_cat-2-und-3-klappen","7":"product_cat-speisekarten-n-mas","8":"product_tag-fenster-speisekarten","9":"product_tag-maatwerk-menukaarten-de","10":"product_tag-menukaarten-de","11":"product_tag-menukaarten-horeca-de","12":"product_tag-menukaarten-kopen-de","13":"product_tag-menukaarten-op-maat-de","14":"product_tag-restaurant-menukaarten-de","16":"first","17":"instock","18":"taxable","19":"shipping-taxable","20":"product-type-simple"},"yoast_head":"<!-- This site is optimized with the Yoast SEO Premium plugin v27.2 (Yoast SEO v27.2) - https:\/\/yoast.com\/product\/yoast-seo-premium-wordpress\/ -->\n<title>Passepartout-Speisekarten | Place Add | 2- und 3-bl\u00e4ttrigen<\/title>\n<meta name=\"description\" content=\"Passepartout-Speisekarten: Leicht zu wechselnde Seiten in 2 oder 3 Abschnitten, verschiedene Materialien und Formate f\u00fcr eine perfekte Pr\u00e4sentation.\" \/>\n<meta name=\"robots\" content=\"index, follow, max-snippet:-1, max-image-preview:large, max-video-preview:-1\" \/>\n<link rel=\"canonical\" href=\"https:\/\/place-add.nl\/de\/produkt\/passepartout-speisekarten\/\" \/>\n<meta property=\"og:locale\" content=\"de_DE\" \/>\n<meta property=\"og:type\" content=\"article\" \/>\n<meta property=\"og:title\" content=\"Passepartout Speisekarten\" \/>\n<meta property=\"og:description\" content=\"Passepartout-Speisekarten: Leicht zu wechselnde Seiten in 2 oder 3 Abschnitten, verschiedene Materialien und Formate f\u00fcr eine perfekte Pr\u00e4sentation.\" \/>\n<meta property=\"og:url\" content=\"https:\/\/place-add.nl\/de\/produkt\/passepartout-speisekarten\/\" \/>\n<meta property=\"og:site_name\" content=\"Place Add\" \/>\n<meta property=\"article:publisher\" content=\"https:\/\/www.facebook.com\/PlaceAdd\/\" \/>\n<meta property=\"article:modified_time\" content=\"2025-06-13T05:33:55+00:00\" \/>\n<meta property=\"og:image\" content=\"https:\/\/place-add.nl\/wp-content\/uploads\/2024\/09\/menukaarten_2-3luik_venster_Place_Add_4-min.jpg\" \/>\n\t<meta property=\"og:image:width\" content=\"800\" \/>\n\t<meta property=\"og:image:height\" content=\"800\" \/>\n\t<meta property=\"og:image:type\" content=\"image\/jpeg\" \/>\n<meta name=\"twitter:card\" content=\"summary_large_image\" \/>\n<meta name=\"twitter:label1\" content=\"Gesch\u00e4tzte Lesezeit\" \/>\n\t<meta name=\"twitter:data1\" content=\"2\u00a0Minuten\" \/>\n<script type=\"application\/ld+json\" class=\"yoast-schema-graph\">{\"@context\":\"https:\/\/schema.org\",\"@graph\":[{\"@type\":\"WebPage\",\"@id\":\"https:\/\/place-add.nl\/de\/produkt\/passepartout-speisekarten\/\",\"url\":\"https:\/\/place-add.nl\/de\/produkt\/passepartout-speisekarten\/\",\"name\":\"Passepartout-Speisekarten | Place Add | 2- und 3-bl\u00e4ttrigen\",\"isPartOf\":{\"@id\":\"https:\/\/place-add.nl\/de\/#website\"},\"primaryImageOfPage\":{\"@id\":\"https:\/\/place-add.nl\/de\/produkt\/passepartout-speisekarten\/#primaryimage\"},\"image\":{\"@id\":\"https:\/\/place-add.nl\/de\/produkt\/passepartout-speisekarten\/#primaryimage\"},\"thumbnailUrl\":\"https:\/\/place-add.nl\/wp-content\/uploads\/2024\/09\/menukaarten_2-3luik_venster_Place_Add_4-min.jpg\",\"datePublished\":\"2024-06-11T09:24:03+00:00\",\"dateModified\":\"2025-06-13T05:33:55+00:00\",\"description\":\"Passepartout-Speisekarten: Leicht zu wechselnde Seiten in 2 oder 3 Abschnitten, verschiedene Materialien und Formate f\u00fcr eine perfekte Pr\u00e4sentation.\",\"breadcrumb\":{\"@id\":\"https:\/\/place-add.nl\/de\/produkt\/passepartout-speisekarten\/#breadcrumb\"},\"inLanguage\":\"de\",\"potentialAction\":[{\"@type\":\"ReadAction\",\"target\":[\"https:\/\/place-add.nl\/de\/produkt\/passepartout-speisekarten\/\"]}]},{\"@type\":\"ImageObject\",\"inLanguage\":\"de\",\"@id\":\"https:\/\/place-add.nl\/de\/produkt\/passepartout-speisekarten\/#primaryimage\",\"url\":\"https:\/\/place-add.nl\/wp-content\/uploads\/2024\/09\/menukaarten_2-3luik_venster_Place_Add_4-min.jpg\",\"contentUrl\":\"https:\/\/place-add.nl\/wp-content\/uploads\/2024\/09\/menukaarten_2-3luik_venster_Place_Add_4-min.jpg\",\"width\":800,\"height\":800,\"caption\":\"Venster Menukaarten\"},{\"@type\":\"BreadcrumbList\",\"@id\":\"https:\/\/place-add.nl\/de\/produkt\/passepartout-speisekarten\/#breadcrumb\",\"itemListElement\":[{\"@type\":\"ListItem\",\"position\":1,\"name\":\"Home\",\"item\":\"https:\/\/place-add.nl\/de\/home\/\"},{\"@type\":\"ListItem\",\"position\":2,\"name\":\"Shop\",\"item\":\"https:\/\/place-add.nl\/de\/shop\/\"},{\"@type\":\"ListItem\",\"position\":3,\"name\":\"Passepartout Speisekarten\"}]},{\"@type\":\"WebSite\",\"@id\":\"https:\/\/place-add.nl\/de\/#website\",\"url\":\"https:\/\/place-add.nl\/de\/\",\"name\":\"Place Add\",\"description\":\"Tafelkleding voor de horeca\",\"publisher\":{\"@id\":\"https:\/\/place-add.nl\/de\/#organization\"},\"potentialAction\":[{\"@type\":\"SearchAction\",\"target\":{\"@type\":\"EntryPoint\",\"urlTemplate\":\"https:\/\/place-add.nl\/de\/?s={search_term_string}\"},\"query-input\":{\"@type\":\"PropertyValueSpecification\",\"valueRequired\":true,\"valueName\":\"search_term_string\"}}],\"inLanguage\":\"de\"},{\"@type\":\"Organization\",\"@id\":\"https:\/\/place-add.nl\/de\/#organization\",\"name\":\"Place Add\",\"url\":\"https:\/\/place-add.nl\/de\/\",\"logo\":{\"@type\":\"ImageObject\",\"inLanguage\":\"de\",\"@id\":\"https:\/\/place-add.nl\/de\/#\/schema\/logo\/image\/\",\"url\":\"https:\/\/place-add.nl\/wp-content\/uploads\/2023\/11\/logo-img-place-add.png\",\"contentUrl\":\"https:\/\/place-add.nl\/wp-content\/uploads\/2023\/11\/logo-img-place-add.png\",\"width\":404,\"height\":106,\"caption\":\"Place Add\"},\"image\":{\"@id\":\"https:\/\/place-add.nl\/de\/#\/schema\/logo\/image\/\"},\"sameAs\":[\"https:\/\/www.facebook.com\/PlaceAdd\/\",\"https:\/\/www.instagram.com\/place_add\/\",\"https:\/\/www.youtube.com\/@placeadd\"]}]}<\/script>\n<!-- \/ Yoast SEO Premium plugin. -->","yoast_head_json":{"title":"Passepartout-Speisekarten | Place Add | 2- und 3-bl\u00e4ttrigen","description":"Passepartout-Speisekarten: Leicht zu wechselnde Seiten in 2 oder 3 Abschnitten, verschiedene Materialien und Formate f\u00fcr eine perfekte Pr\u00e4sentation.","robots":{"index":"index","follow":"follow","max-snippet":"max-snippet:-1","max-image-preview":"max-image-preview:large","max-video-preview":"max-video-preview:-1"},"canonical":"https:\/\/place-add.nl\/de\/produkt\/passepartout-speisekarten\/","og_locale":"de_DE","og_type":"article","og_title":"Passepartout Speisekarten","og_description":"Passepartout-Speisekarten: Leicht zu wechselnde Seiten in 2 oder 3 Abschnitten, verschiedene Materialien und Formate f\u00fcr eine perfekte Pr\u00e4sentation.","og_url":"https:\/\/place-add.nl\/de\/produkt\/passepartout-speisekarten\/","og_site_name":"Place Add","article_publisher":"https:\/\/www.facebook.com\/PlaceAdd\/","article_modified_time":"2025-06-13T05:33:55+00:00","og_image":[{"width":800,"height":800,"url":"https:\/\/place-add.nl\/wp-content\/uploads\/2024\/09\/menukaarten_2-3luik_venster_Place_Add_4-min.jpg","type":"image\/jpeg"}],"twitter_card":"summary_large_image","twitter_misc":{"Gesch\u00e4tzte Lesezeit":"2\u00a0Minuten"},"schema":{"@context":"https:\/\/schema.org","@graph":[{"@type":"WebPage","@id":"https:\/\/place-add.nl\/de\/produkt\/passepartout-speisekarten\/","url":"https:\/\/place-add.nl\/de\/produkt\/passepartout-speisekarten\/","name":"Passepartout-Speisekarten | Place Add | 2- und 3-bl\u00e4ttrigen","isPartOf":{"@id":"https:\/\/place-add.nl\/de\/#website"},"primaryImageOfPage":{"@id":"https:\/\/place-add.nl\/de\/produkt\/passepartout-speisekarten\/#primaryimage"},"image":{"@id":"https:\/\/place-add.nl\/de\/produkt\/passepartout-speisekarten\/#primaryimage"},"thumbnailUrl":"https:\/\/place-add.nl\/wp-content\/uploads\/2024\/09\/menukaarten_2-3luik_venster_Place_Add_4-min.jpg","datePublished":"2024-06-11T09:24:03+00:00","dateModified":"2025-06-13T05:33:55+00:00","description":"Passepartout-Speisekarten: Leicht zu wechselnde Seiten in 2 oder 3 Abschnitten, verschiedene Materialien und Formate f\u00fcr eine perfekte Pr\u00e4sentation.","breadcrumb":{"@id":"https:\/\/place-add.nl\/de\/produkt\/passepartout-speisekarten\/#breadcrumb"},"inLanguage":"de","potentialAction":[{"@type":"ReadAction","target":["https:\/\/place-add.nl\/de\/produkt\/passepartout-speisekarten\/"]}]},{"@type":"ImageObject","inLanguage":"de","@id":"https:\/\/place-add.nl\/de\/produkt\/passepartout-speisekarten\/#primaryimage","url":"https:\/\/place-add.nl\/wp-content\/uploads\/2024\/09\/menukaarten_2-3luik_venster_Place_Add_4-min.jpg","contentUrl":"https:\/\/place-add.nl\/wp-content\/uploads\/2024\/09\/menukaarten_2-3luik_venster_Place_Add_4-min.jpg","width":800,"height":800,"caption":"Venster Menukaarten"},{"@type":"BreadcrumbList","@id":"https:\/\/place-add.nl\/de\/produkt\/passepartout-speisekarten\/#breadcrumb","itemListElement":[{"@type":"ListItem","position":1,"name":"Home","item":"https:\/\/place-add.nl\/de\/home\/"},{"@type":"ListItem","position":2,"name":"Shop","item":"https:\/\/place-add.nl\/de\/shop\/"},{"@type":"ListItem","position":3,"name":"Passepartout Speisekarten"}]},{"@type":"WebSite","@id":"https:\/\/place-add.nl\/de\/#website","url":"https:\/\/place-add.nl\/de\/","name":"Place Add","description":"Tafelkleding voor de horeca","publisher":{"@id":"https:\/\/place-add.nl\/de\/#organization"},"potentialAction":[{"@type":"SearchAction","target":{"@type":"EntryPoint","urlTemplate":"https:\/\/place-add.nl\/de\/?s={search_term_string}"},"query-input":{"@type":"PropertyValueSpecification","valueRequired":true,"valueName":"search_term_string"}}],"inLanguage":"de"},{"@type":"Organization","@id":"https:\/\/place-add.nl\/de\/#organization","name":"Place Add","url":"https:\/\/place-add.nl\/de\/","logo":{"@type":"ImageObject","inLanguage":"de","@id":"https:\/\/place-add.nl\/de\/#\/schema\/logo\/image\/","url":"https:\/\/place-add.nl\/wp-content\/uploads\/2023\/11\/logo-img-place-add.png","contentUrl":"https:\/\/place-add.nl\/wp-content\/uploads\/2023\/11\/logo-img-place-add.png","width":404,"height":106,"caption":"Place Add"},"image":{"@id":"https:\/\/place-add.nl\/de\/#\/schema\/logo\/image\/"},"sameAs":["https:\/\/www.facebook.com\/PlaceAdd\/","https:\/\/www.instagram.com\/place_add\/","https:\/\/www.youtube.com\/@placeadd"]}]}},"_links":{"self":[{"href":"https:\/\/place-add.nl\/de\/wp-json\/wp\/v2\/product\/43066","targetHints":{"allow":["GET"]}}],"collection":[{"href":"https:\/\/place-add.nl\/de\/wp-json\/wp\/v2\/product"}],"about":[{"href":"https:\/\/place-add.nl\/de\/wp-json\/wp\/v2\/types\/product"}],"wp:featuredmedia":[{"embeddable":true,"href":"https:\/\/place-add.nl\/de\/wp-json\/wp\/v2\/media\/41059"}],"wp:attachment":[{"href":"https:\/\/place-add.nl\/de\/wp-json\/wp\/v2\/media?parent=43066"}],"wp:term":[{"taxonomy":"product_brand","embeddable":true,"href":"https:\/\/place-add.nl\/de\/wp-json\/wp\/v2\/product_brand?post=43066"},{"taxonomy":"product_cat","embeddable":true,"href":"https:\/\/place-add.nl\/de\/wp-json\/wp\/v2\/product_cat?post=43066"},{"taxonomy":"product_tag","embeddable":true,"href":"https:\/\/place-add.nl\/de\/wp-json\/wp\/v2\/product_tag?post=43066"}],"curies":[{"name":"wp","href":"https:\/\/api.w.org\/{rel}","templated":true}]}}