{"id":43070,"date":"2024-09-14T10:38:41","date_gmt":"2024-09-14T10:38:41","guid":{"rendered":"https:\/\/place-add.nl\/product\/insteek-menukaarten-insteek-omboek-insteek-menukaarten-omhgeboekt\/"},"modified":"2025-05-31T11:33:32","modified_gmt":"2025-05-31T11:33:32","slug":"einschub-premium-speisekarten","status":"publish","type":"product","link":"https:\/\/place-add.nl\/de\/produkt\/einschub-premium-speisekarten\/","title":{"rendered":"Einschub Premium Speisekarten"},"content":{"rendered":"<p><strong>Einschub Premium Speisekarten<\/strong>; stilvolle und funktionelle Speisekarten, ideal f\u00fcr Restaurants, Caf\u00e9s und Bars, die ihre Speisekarte auf elegante und effiziente Weise pr\u00e4sentieren m\u00f6chten. Unsere Insert-Speisekarten bieten Vielseitigkeit und Flexibilit\u00e4t mit zahlreichen Optionen bei Materialien und Formaten.<\/p>\n<p>Sie k\u00f6nnen ganz einfach die perfekte Men\u00fckarte erstellen, die zum Erscheinungsbild Ihres Lokals passt.<\/p>\n<p><strong>In verschiedenen Formaten erh\u00e4ltlich, finden Sie immer die ideale Gr\u00f6\u00dfe, die zu Ihren Tischen und dem Charakter Ihrer R\u00e4umlichkeiten passt:<\/strong><\/p>\n<ul>\n<li><strong>A4<\/strong><\/li>\n<li><strong>A4 quadratisch<\/strong><\/li>\n<li><strong>A4 schmal<\/strong><\/li>\n<li><strong>A5<\/strong><\/li>\n<\/ul>\n<p>Die <strong>Einschub Premium Speisekarten<\/strong> sind ideal f\u00fcr Unternehmen, die nur eine bestimmte Anzahl von Seiten ben\u00f6tigen und dabei keine Kompromisse beim Stil eingehen wollen. Diese Speisekarten strahlen Klasse aus und schaffen eine \u00fcbersichtliche Pr\u00e4sentation, in der die G\u00e4ste gerne bl\u00e4ttern.<\/p>\n<p>Dar\u00fcber hinaus wurden die Materialien unserer Einlegekarten sorgf\u00e4ltig ausgew\u00e4hlt, um eine perfekte Kombination aus Haltbarkeit und Aussehen zu gew\u00e4hrleisten. W\u00e4hlen Sie zwischen Kunstleder, Holzoptik, Jute oder Leinen, um einen einzigartigen Look zu schaffen, der sich nahtlos in das Ambiente Ihres Gesch\u00e4fts einf\u00fcgt. Jedes Material hat seinen eigenen Charme und sein eigenes Aussehen, so dass Sie die Pr\u00e4sentation an das gew\u00fcnschte Ambiente anpassen k\u00f6nnen, sei es modern, klassisch oder nat\u00fcrlich.<\/p>\n<p>Ein weiterer Vorteil unserer Einleger-Speisekarten ist ihre einfache Handhabung. Der Seitenwechsel ist einfach, so dass Sie Ihre Speisekarte jederzeit problemlos \u00e4ndern k\u00f6nnen. Unsere Speisekarten sind so konzipiert, dass sie Ihr t\u00e4gliches Management vereinfachen, ohne dabei Kompromisse bei der Qualit\u00e4t einzugehen.<\/p>\n<p>Vervollst\u00e4ndigen Sie das Bild mit einer passenden <strong><a href=\"https:\/\/place-add.nl\/menukaarten\/menukaarten-op-maat\/rekeningmapjes\/\">Rechnungsmappe<\/a><\/strong>!<\/p>\n<p>Ben\u00f6tigen Sie kurzfristig Speisekarten? Dann besuchen Sie unsere zweite Website, <strong><a href=\"http:\/\/www.craftontable.com\/\">Craftontable.com<\/a><\/strong>, f\u00fcr Speisekarten mit weniger Personalisierungsm\u00f6glichkeiten, aber schnellerer Lieferzeit.<\/p>\n<p><strong>Ben\u00f6tigen Sie Hilfe bei der Auswahl des richtigen Formats oder Materials? Unser erfahrenes Team steht Ihnen mit Rat und Tat zur Seite und hilft Ihnen bei jedem Schritt. Entscheiden Sie sich f\u00fcr Qualit\u00e4t, Stil und Komfort mit Einlegekarten!<\/strong><\/p>\n<p><button id=\"knop-contact-opnemen-de\">Kontaktieren Sie uns unverbindlich<\/button><\/p>\n","protected":false},"excerpt":{"rendered":"<p><strong>Die 2- und 3-seitigen Speisekarten<\/strong> sind die ideale L\u00f6sung, wenn Sie nicht viele Leseseiten ben\u00f6tigen, aber dennoch ein Maximum an Qualit\u00e4t und Klasse ausstrahlen m\u00f6chten. Diese Speisekarten k\u00f6nnen auf unterschiedliche Weise gestaltet werden, so dass Sie die Pr\u00e4sentation Ihrer Speisekarte ganz nach Ihren W\u00fcnschen gestalten k\u00f6nnen.<\/p>\n<p><strong>Warum 2-panel &amp; 3-panel Speisekarten?<\/strong><\/p>\n<ul>\n<li><strong>Einfaches Wechseln der Seite:<\/strong> Der Seitenwechsel ist sehr einfach und schnell, so dass Sie Ihre Speisekarte m\u00fchelos und ohne gro\u00dfen Aufwand aktualisieren k\u00f6nnen.<\/li>\n<li><strong>Vielseitige Materialien:<\/strong> Erh\u00e4ltlich in verschiedenen Materialien wie Kunstleder, Holzoptik, Jute, Leinen usw., so dass Sie den perfekten Look f\u00fcr Ihr Restaurant w\u00e4hlen k\u00f6nnen.<\/li>\n<li><strong>Format-Optionen:<\/strong> Erh\u00e4ltlich in verschiedenen Gr\u00f6\u00dfen wie A4, A4 quadratisch, A4 schmal und A5, so dass Sie immer die richtige Gr\u00f6\u00dfe f\u00fcr Ihre Bed\u00fcrfnisse finden.<\/li>\n<\/ul>\n<p><button id=\"knop-contact-opnemen-de\">Kontaktieren Sie uns unverbindlich<\/button><\/p>\n","protected":false},"featured_media":38480,"template":"","meta":[],"product_brand":[],"product_cat":[1443,1442],"product_tag":[1198,1199,1200,1201,1202,1203,1223],"class_list":{"0":"post-43070","1":"product","2":"type-product","3":"status-publish","4":"has-post-thumbnail","6":"product_cat-2-und-3-klappen","7":"product_cat-speisekarten-n-mas","8":"product_tag-maatwerk-menukaarten-de","9":"product_tag-menukaarten-de","10":"product_tag-menukaarten-horeca-de","11":"product_tag-menukaarten-kopen-de","12":"product_tag-menukaarten-op-maat-de","13":"product_tag-restaurant-menukaarten-de","14":"product_tag-speisenkarten-einfugen","16":"first","17":"instock","18":"taxable","19":"shipping-taxable","20":"product-type-simple"},"yoast_head":"<!-- This site is optimized with the Yoast SEO Premium plugin v27.2 (Yoast SEO v27.2) - https:\/\/yoast.com\/product\/yoast-seo-premium-wordpress\/ -->\n<title>Einschub Premium Speisekarten | Place Add | F\u00fcr die Gastronomie<\/title>\n<meta name=\"description\" content=\"Einschub Premium Speisekarten, umgebucht f\u00fcr eine stilvolle Pr\u00e4sentation Ihres Men\u00fcs. Leicht austauschbare Seiten, verschiedene Materialien!\" \/>\n<meta name=\"robots\" content=\"index, follow, max-snippet:-1, max-image-preview:large, max-video-preview:-1\" \/>\n<link rel=\"canonical\" href=\"https:\/\/place-add.nl\/de\/produkt\/einschub-premium-speisekarten\/\" \/>\n<meta property=\"og:locale\" content=\"de_DE\" \/>\n<meta property=\"og:type\" content=\"article\" \/>\n<meta property=\"og:title\" content=\"Einschub Premium Speisekarten\" \/>\n<meta property=\"og:description\" content=\"Einschub Premium Speisekarten, umgebucht f\u00fcr eine stilvolle Pr\u00e4sentation Ihres Men\u00fcs. Leicht austauschbare Seiten, verschiedene Materialien!\" \/>\n<meta property=\"og:url\" content=\"https:\/\/place-add.nl\/de\/produkt\/einschub-premium-speisekarten\/\" \/>\n<meta property=\"og:site_name\" content=\"Place Add\" \/>\n<meta property=\"article:publisher\" content=\"https:\/\/www.facebook.com\/PlaceAdd\/\" \/>\n<meta property=\"article:modified_time\" content=\"2025-05-31T11:33:32+00:00\" \/>\n<meta property=\"og:image\" content=\"https:\/\/place-add.nl\/wp-content\/uploads\/2024\/06\/menukaarten_2-3luik_insteek_Place_Add_7.jpg\" \/>\n\t<meta property=\"og:image:width\" content=\"800\" \/>\n\t<meta property=\"og:image:height\" content=\"800\" \/>\n\t<meta property=\"og:image:type\" content=\"image\/jpeg\" \/>\n<meta name=\"twitter:card\" content=\"summary_large_image\" \/>\n<meta name=\"twitter:label1\" content=\"Gesch\u00e4tzte Lesezeit\" \/>\n\t<meta name=\"twitter:data1\" content=\"2\u00a0Minuten\" \/>\n<script type=\"application\/ld+json\" class=\"yoast-schema-graph\">{\"@context\":\"https:\/\/schema.org\",\"@graph\":[{\"@type\":\"WebPage\",\"@id\":\"https:\/\/place-add.nl\/de\/produkt\/einschub-premium-speisekarten\/\",\"url\":\"https:\/\/place-add.nl\/de\/produkt\/einschub-premium-speisekarten\/\",\"name\":\"Einschub Premium Speisekarten | Place Add | F\u00fcr die Gastronomie\",\"isPartOf\":{\"@id\":\"https:\/\/place-add.nl\/de\/#website\"},\"primaryImageOfPage\":{\"@id\":\"https:\/\/place-add.nl\/de\/produkt\/einschub-premium-speisekarten\/#primaryimage\"},\"image\":{\"@id\":\"https:\/\/place-add.nl\/de\/produkt\/einschub-premium-speisekarten\/#primaryimage\"},\"thumbnailUrl\":\"https:\/\/place-add.nl\/wp-content\/uploads\/2024\/06\/menukaarten_2-3luik_insteek_Place_Add_7.jpg\",\"datePublished\":\"2024-09-14T10:38:41+00:00\",\"dateModified\":\"2025-05-31T11:33:32+00:00\",\"description\":\"Einschub Premium Speisekarten, umgebucht f\u00fcr eine stilvolle Pr\u00e4sentation Ihres Men\u00fcs. Leicht austauschbare Seiten, verschiedene Materialien!\",\"breadcrumb\":{\"@id\":\"https:\/\/place-add.nl\/de\/produkt\/einschub-premium-speisekarten\/#breadcrumb\"},\"inLanguage\":\"de\",\"potentialAction\":[{\"@type\":\"ReadAction\",\"target\":[\"https:\/\/place-add.nl\/de\/produkt\/einschub-premium-speisekarten\/\"]}]},{\"@type\":\"ImageObject\",\"inLanguage\":\"de\",\"@id\":\"https:\/\/place-add.nl\/de\/produkt\/einschub-premium-speisekarten\/#primaryimage\",\"url\":\"https:\/\/place-add.nl\/wp-content\/uploads\/2024\/06\/menukaarten_2-3luik_insteek_Place_Add_7.jpg\",\"contentUrl\":\"https:\/\/place-add.nl\/wp-content\/uploads\/2024\/06\/menukaarten_2-3luik_insteek_Place_Add_7.jpg\",\"width\":800,\"height\":800,\"caption\":\"Insteek Menukaarten\"},{\"@type\":\"BreadcrumbList\",\"@id\":\"https:\/\/place-add.nl\/de\/produkt\/einschub-premium-speisekarten\/#breadcrumb\",\"itemListElement\":[{\"@type\":\"ListItem\",\"position\":1,\"name\":\"Home\",\"item\":\"https:\/\/place-add.nl\/de\/home\/\"},{\"@type\":\"ListItem\",\"position\":2,\"name\":\"Shop\",\"item\":\"https:\/\/place-add.nl\/de\/shop\/\"},{\"@type\":\"ListItem\",\"position\":3,\"name\":\"Einschub Premium Speisekarten\"}]},{\"@type\":\"WebSite\",\"@id\":\"https:\/\/place-add.nl\/de\/#website\",\"url\":\"https:\/\/place-add.nl\/de\/\",\"name\":\"Place Add\",\"description\":\"Tafelkleding voor de horeca\",\"publisher\":{\"@id\":\"https:\/\/place-add.nl\/de\/#organization\"},\"potentialAction\":[{\"@type\":\"SearchAction\",\"target\":{\"@type\":\"EntryPoint\",\"urlTemplate\":\"https:\/\/place-add.nl\/de\/?s={search_term_string}\"},\"query-input\":{\"@type\":\"PropertyValueSpecification\",\"valueRequired\":true,\"valueName\":\"search_term_string\"}}],\"inLanguage\":\"de\"},{\"@type\":\"Organization\",\"@id\":\"https:\/\/place-add.nl\/de\/#organization\",\"name\":\"Place Add\",\"url\":\"https:\/\/place-add.nl\/de\/\",\"logo\":{\"@type\":\"ImageObject\",\"inLanguage\":\"de\",\"@id\":\"https:\/\/place-add.nl\/de\/#\/schema\/logo\/image\/\",\"url\":\"https:\/\/place-add.nl\/wp-content\/uploads\/2023\/11\/logo-img-place-add.png\",\"contentUrl\":\"https:\/\/place-add.nl\/wp-content\/uploads\/2023\/11\/logo-img-place-add.png\",\"width\":404,\"height\":106,\"caption\":\"Place Add\"},\"image\":{\"@id\":\"https:\/\/place-add.nl\/de\/#\/schema\/logo\/image\/\"},\"sameAs\":[\"https:\/\/www.facebook.com\/PlaceAdd\/\",\"https:\/\/www.instagram.com\/place_add\/\",\"https:\/\/www.youtube.com\/@placeadd\"]}]}<\/script>\n<!-- \/ Yoast SEO Premium plugin. -->","yoast_head_json":{"title":"Einschub Premium Speisekarten | Place Add | F\u00fcr die Gastronomie","description":"Einschub Premium Speisekarten, umgebucht f\u00fcr eine stilvolle Pr\u00e4sentation Ihres Men\u00fcs. Leicht austauschbare Seiten, verschiedene Materialien!","robots":{"index":"index","follow":"follow","max-snippet":"max-snippet:-1","max-image-preview":"max-image-preview:large","max-video-preview":"max-video-preview:-1"},"canonical":"https:\/\/place-add.nl\/de\/produkt\/einschub-premium-speisekarten\/","og_locale":"de_DE","og_type":"article","og_title":"Einschub Premium Speisekarten","og_description":"Einschub Premium Speisekarten, umgebucht f\u00fcr eine stilvolle Pr\u00e4sentation Ihres Men\u00fcs. Leicht austauschbare Seiten, verschiedene Materialien!","og_url":"https:\/\/place-add.nl\/de\/produkt\/einschub-premium-speisekarten\/","og_site_name":"Place Add","article_publisher":"https:\/\/www.facebook.com\/PlaceAdd\/","article_modified_time":"2025-05-31T11:33:32+00:00","og_image":[{"width":800,"height":800,"url":"https:\/\/place-add.nl\/wp-content\/uploads\/2024\/06\/menukaarten_2-3luik_insteek_Place_Add_7.jpg","type":"image\/jpeg"}],"twitter_card":"summary_large_image","twitter_misc":{"Gesch\u00e4tzte Lesezeit":"2\u00a0Minuten"},"schema":{"@context":"https:\/\/schema.org","@graph":[{"@type":"WebPage","@id":"https:\/\/place-add.nl\/de\/produkt\/einschub-premium-speisekarten\/","url":"https:\/\/place-add.nl\/de\/produkt\/einschub-premium-speisekarten\/","name":"Einschub Premium Speisekarten | Place Add | F\u00fcr die Gastronomie","isPartOf":{"@id":"https:\/\/place-add.nl\/de\/#website"},"primaryImageOfPage":{"@id":"https:\/\/place-add.nl\/de\/produkt\/einschub-premium-speisekarten\/#primaryimage"},"image":{"@id":"https:\/\/place-add.nl\/de\/produkt\/einschub-premium-speisekarten\/#primaryimage"},"thumbnailUrl":"https:\/\/place-add.nl\/wp-content\/uploads\/2024\/06\/menukaarten_2-3luik_insteek_Place_Add_7.jpg","datePublished":"2024-09-14T10:38:41+00:00","dateModified":"2025-05-31T11:33:32+00:00","description":"Einschub Premium Speisekarten, umgebucht f\u00fcr eine stilvolle Pr\u00e4sentation Ihres Men\u00fcs. Leicht austauschbare Seiten, verschiedene Materialien!","breadcrumb":{"@id":"https:\/\/place-add.nl\/de\/produkt\/einschub-premium-speisekarten\/#breadcrumb"},"inLanguage":"de","potentialAction":[{"@type":"ReadAction","target":["https:\/\/place-add.nl\/de\/produkt\/einschub-premium-speisekarten\/"]}]},{"@type":"ImageObject","inLanguage":"de","@id":"https:\/\/place-add.nl\/de\/produkt\/einschub-premium-speisekarten\/#primaryimage","url":"https:\/\/place-add.nl\/wp-content\/uploads\/2024\/06\/menukaarten_2-3luik_insteek_Place_Add_7.jpg","contentUrl":"https:\/\/place-add.nl\/wp-content\/uploads\/2024\/06\/menukaarten_2-3luik_insteek_Place_Add_7.jpg","width":800,"height":800,"caption":"Insteek Menukaarten"},{"@type":"BreadcrumbList","@id":"https:\/\/place-add.nl\/de\/produkt\/einschub-premium-speisekarten\/#breadcrumb","itemListElement":[{"@type":"ListItem","position":1,"name":"Home","item":"https:\/\/place-add.nl\/de\/home\/"},{"@type":"ListItem","position":2,"name":"Shop","item":"https:\/\/place-add.nl\/de\/shop\/"},{"@type":"ListItem","position":3,"name":"Einschub Premium Speisekarten"}]},{"@type":"WebSite","@id":"https:\/\/place-add.nl\/de\/#website","url":"https:\/\/place-add.nl\/de\/","name":"Place Add","description":"Tafelkleding voor de horeca","publisher":{"@id":"https:\/\/place-add.nl\/de\/#organization"},"potentialAction":[{"@type":"SearchAction","target":{"@type":"EntryPoint","urlTemplate":"https:\/\/place-add.nl\/de\/?s={search_term_string}"},"query-input":{"@type":"PropertyValueSpecification","valueRequired":true,"valueName":"search_term_string"}}],"inLanguage":"de"},{"@type":"Organization","@id":"https:\/\/place-add.nl\/de\/#organization","name":"Place Add","url":"https:\/\/place-add.nl\/de\/","logo":{"@type":"ImageObject","inLanguage":"de","@id":"https:\/\/place-add.nl\/de\/#\/schema\/logo\/image\/","url":"https:\/\/place-add.nl\/wp-content\/uploads\/2023\/11\/logo-img-place-add.png","contentUrl":"https:\/\/place-add.nl\/wp-content\/uploads\/2023\/11\/logo-img-place-add.png","width":404,"height":106,"caption":"Place Add"},"image":{"@id":"https:\/\/place-add.nl\/de\/#\/schema\/logo\/image\/"},"sameAs":["https:\/\/www.facebook.com\/PlaceAdd\/","https:\/\/www.instagram.com\/place_add\/","https:\/\/www.youtube.com\/@placeadd"]}]}},"_links":{"self":[{"href":"https:\/\/place-add.nl\/de\/wp-json\/wp\/v2\/product\/43070","targetHints":{"allow":["GET"]}}],"collection":[{"href":"https:\/\/place-add.nl\/de\/wp-json\/wp\/v2\/product"}],"about":[{"href":"https:\/\/place-add.nl\/de\/wp-json\/wp\/v2\/types\/product"}],"wp:featuredmedia":[{"embeddable":true,"href":"https:\/\/place-add.nl\/de\/wp-json\/wp\/v2\/media\/38480"}],"wp:attachment":[{"href":"https:\/\/place-add.nl\/de\/wp-json\/wp\/v2\/media?parent=43070"}],"wp:term":[{"taxonomy":"product_brand","embeddable":true,"href":"https:\/\/place-add.nl\/de\/wp-json\/wp\/v2\/product_brand?post=43070"},{"taxonomy":"product_cat","embeddable":true,"href":"https:\/\/place-add.nl\/de\/wp-json\/wp\/v2\/product_cat?post=43070"},{"taxonomy":"product_tag","embeddable":true,"href":"https:\/\/place-add.nl\/de\/wp-json\/wp\/v2\/product_tag?post=43070"}],"curies":[{"name":"wp","href":"https:\/\/api.w.org\/{rel}","templated":true}]}}