{"id":43074,"date":"2024-06-11T09:27:37","date_gmt":"2024-06-11T09:27:37","guid":{"rendered":"https:\/\/place-add.nl\/product\/klap\/"},"modified":"2025-05-31T11:38:39","modified_gmt":"2025-05-31T11:38:39","slug":"umklap-speisekarten","status":"publish","type":"product","link":"https:\/\/place-add.nl\/de\/produkt\/umklap-speisekarten\/","title":{"rendered":"Umklap Speisekarten"},"content":{"rendered":"<p><strong>Klap-Speisekarten<\/strong>: Vielseitige und stilvolle 2- und 3-teilige Speisekarten, bei denen das Men\u00fc mit doppelseitigem Klebeband befestigt wird. Ideal f\u00fcr Restaurants, Caf\u00e9s und Bars, die eine professionelle Men\u00fcpr\u00e4sentation mit Flexibilit\u00e4t und Benutzerfreundlichkeit kombinieren m\u00f6chten. Diese Speisekarten bieten Ihnen die Freiheit, Ihr Men\u00fc individuell zu gestalten, indem Sie aus verschiedenen Materialien, Formaten und der Befestigung mit doppelseitigem Klebeband w\u00e4hlen. So k\u00f6nnen Sie die perfekte Optik schaffen, die zur Atmosph\u00e4re Ihres Betriebs passt.<\/p>\n<p><strong>Unsere Klap-Speisekarten sind in verschiedenen Formaten erh\u00e4ltlich, sodass Sie immer die passende Option f\u00fcr Ihre Tische und Einrichtung finden:<\/strong><\/p>\n<ul>\n<li><strong>A4<\/strong><\/li>\n<li><strong>A4 quadratisch<\/strong><\/li>\n<li><strong>A4 schmal<\/strong><\/li>\n<li><strong>A5<\/strong><\/li>\n<\/ul>\n<p>Mit unseren Klap-Speisekarten haben Sie eine stilvolle L\u00f6sung f\u00fcr Men\u00fcs mit weniger Seiten, ohne Kompromisse bei Design und Qualit\u00e4t einzugehen. Diese Speisekarten bieten flexible Layout-Optionen, sodass Sie zum Beispiel ein 1x A4- oder ein 2x halbes A4-Layout verwenden k\u00f6nnen. Die klappbare Au\u00dfenseite der Klap-Speisekarten sorgt nicht nur f\u00fcr eine elegante Optik, sondern auch f\u00fcr eine \u00fcbersichtliche Men\u00fcpr\u00e4sentation, durch die Ihre G\u00e4ste leicht bl\u00e4ttern k\u00f6nnen.<\/p>\n<p>Ein wesentlicher Vorteil dieser Speisekarten ist die einfache Anpassung des Inhalts dank des non-permanenten Klebebands. Damit k\u00f6nnen Sie die gedruckten Men\u00fcs sicher befestigen und bei Bedarf m\u00fchelos austauschen, ohne die Speisekarten zu besch\u00e4digen. So lassen sich Gerichte oder Preise schnell und problemlos anpassen, was das t\u00e4gliche Men\u00fcmanagement erheblich erleichtert.<\/p>\n<p>Runden Sie das Ganze ab mit einem passenden <strong><a href=\"https:\/\/place-add.nl\/menukaarten\/menukaarten-op-maat\/rekeningmapjes\/\">Rechnungsheft!<\/a><\/strong><\/p>\n<p>Brauchen Sie kurzfristig Speisekarten? Besuchen Sie unsere zweite Website, <strong><a href=\"http:\/\/www.craftontable.com\/\">Craftontable.com<\/a><\/strong>, f\u00fcr Speisekarten mit weniger Personalisierungsoptionen und k\u00fcrzerer Lieferzeit.<\/p>\n<p><strong>Ben\u00f6tigen Sie Unterst\u00fctzung bei der Auswahl des richtigen Formats oder Materials? Unser erfahrenes Team steht Ihnen zur Seite und hilft Ihnen bei jedem Schritt. Entscheiden Sie sich f\u00fcr Qualit\u00e4t, Stil und Benutzerfreundlichkeit mit unseren Klap-Speisekarten!<\/strong><\/p>\n<p><button id=\"knop-contact-opnemen-de\">Kontaktieren Sie uns unverbindlich<\/button><\/p>\n","protected":false},"excerpt":{"rendered":"<p><strong>Die 2- und 3-seitigen Speisekarten<\/strong> sind die ideale L\u00f6sung, wenn Sie nicht viele Leseseiten ben\u00f6tigen, aber dennoch ein Maximum an Qualit\u00e4t und Klasse ausstrahlen m\u00f6chten. Diese Speisekarten k\u00f6nnen auf unterschiedliche Weise gestaltet werden, so dass Sie die Pr\u00e4sentation Ihrer Speisekarte ganz nach Ihren W\u00fcnschen gestalten k\u00f6nnen.<\/p>\n<p><strong>Warum 2-panel &amp; 3-panel Speisekarten?<\/strong><\/p>\n<ul>\n<li><strong>Einfaches Wechseln der Seite:<\/strong> Der Seitenwechsel ist sehr einfach und schnell, so dass Sie Ihre Speisekarte m\u00fchelos und ohne gro\u00dfen Aufwand aktualisieren k\u00f6nnen.<\/li>\n<li><strong>Vielseitige Materialien:<\/strong> Erh\u00e4ltlich in verschiedenen Materialien wie Kunstleder, Holzoptik, Jute, Leinen usw., so dass Sie den perfekten Look f\u00fcr Ihr Restaurant w\u00e4hlen k\u00f6nnen.<\/li>\n<li><strong>Format-Optionen:<\/strong> Erh\u00e4ltlich in verschiedenen Gr\u00f6\u00dfen wie A4, A4 quadratisch, A4 schmal und A5, so dass Sie immer die richtige Gr\u00f6\u00dfe f\u00fcr Ihre Bed\u00fcrfnisse finden.<\/li>\n<\/ul>\n<p><button id=\"knop-contact-opnemen-de\">Kontaktieren Sie uns unverbindlich<\/button><\/p>\n","protected":false},"featured_media":41045,"template":"","meta":[],"product_brand":[],"product_cat":[1443,1442],"product_tag":[1226,1198,1199,1200,1201,1202,1203],"class_list":{"0":"post-43074","1":"product","2":"type-product","3":"status-publish","4":"has-post-thumbnail","6":"product_cat-2-und-3-klappen","7":"product_cat-speisekarten-n-mas","8":"product_tag-karte-mit-klappen","9":"product_tag-maatwerk-menukaarten-de","10":"product_tag-menukaarten-de","11":"product_tag-menukaarten-horeca-de","12":"product_tag-menukaarten-kopen-de","13":"product_tag-menukaarten-op-maat-de","14":"product_tag-restaurant-menukaarten-de","16":"first","17":"instock","18":"taxable","19":"shipping-taxable","20":"product-type-simple"},"yoast_head":"<!-- This site is optimized with the Yoast SEO Premium plugin v27.2 (Yoast SEO v27.2) - https:\/\/yoast.com\/product\/yoast-seo-premium-wordpress\/ -->\n<title>Umklap-Speisekarten | Place Add | F\u00fcr die Gastronomie<\/title>\n<meta name=\"description\" content=\"Entdecken Sie die Vielseitigkeit unserer Umklap-Men\u00fckarten. Flexibles, stilvolles Design f\u00fcr Ihre Speisekarten. Kontaktieren Sie uns f\u00fcr Informationen!\" \/>\n<meta name=\"robots\" content=\"index, follow, max-snippet:-1, max-image-preview:large, max-video-preview:-1\" \/>\n<link rel=\"canonical\" href=\"https:\/\/place-add.nl\/de\/produkt\/umklap-speisekarten\/\" \/>\n<meta property=\"og:locale\" content=\"de_DE\" \/>\n<meta property=\"og:type\" content=\"article\" \/>\n<meta property=\"og:title\" content=\"Umklap Speisekarten\" \/>\n<meta property=\"og:description\" content=\"Entdecken Sie die Vielseitigkeit unserer Umklap-Men\u00fckarten. Flexibles, stilvolles Design f\u00fcr Ihre Speisekarten. Kontaktieren Sie uns f\u00fcr Informationen!\" \/>\n<meta property=\"og:url\" content=\"https:\/\/place-add.nl\/de\/produkt\/umklap-speisekarten\/\" \/>\n<meta property=\"og:site_name\" content=\"Place Add\" \/>\n<meta property=\"article:publisher\" content=\"https:\/\/www.facebook.com\/PlaceAdd\/\" \/>\n<meta property=\"article:modified_time\" content=\"2025-05-31T11:38:39+00:00\" \/>\n<meta property=\"og:image\" content=\"https:\/\/place-add.nl\/wp-content\/uploads\/2024\/09\/menukaarten_2-3_luik_klap_1_Place-_Add-min.jpg\" \/>\n\t<meta property=\"og:image:width\" content=\"800\" \/>\n\t<meta property=\"og:image:height\" content=\"800\" \/>\n\t<meta property=\"og:image:type\" content=\"image\/jpeg\" \/>\n<meta name=\"twitter:card\" content=\"summary_large_image\" \/>\n<meta name=\"twitter:label1\" content=\"Gesch\u00e4tzte Lesezeit\" \/>\n\t<meta name=\"twitter:data1\" content=\"2\u00a0Minuten\" \/>\n<script type=\"application\/ld+json\" class=\"yoast-schema-graph\">{\"@context\":\"https:\/\/schema.org\",\"@graph\":[{\"@type\":\"WebPage\",\"@id\":\"https:\/\/place-add.nl\/de\/produkt\/umklap-speisekarten\/\",\"url\":\"https:\/\/place-add.nl\/de\/produkt\/umklap-speisekarten\/\",\"name\":\"Umklap-Speisekarten | Place Add | F\u00fcr die Gastronomie\",\"isPartOf\":{\"@id\":\"https:\/\/place-add.nl\/de\/#website\"},\"primaryImageOfPage\":{\"@id\":\"https:\/\/place-add.nl\/de\/produkt\/umklap-speisekarten\/#primaryimage\"},\"image\":{\"@id\":\"https:\/\/place-add.nl\/de\/produkt\/umklap-speisekarten\/#primaryimage\"},\"thumbnailUrl\":\"https:\/\/place-add.nl\/wp-content\/uploads\/2024\/09\/menukaarten_2-3_luik_klap_1_Place-_Add-min.jpg\",\"datePublished\":\"2024-06-11T09:27:37+00:00\",\"dateModified\":\"2025-05-31T11:38:39+00:00\",\"description\":\"Entdecken Sie die Vielseitigkeit unserer Umklap-Men\u00fckarten. Flexibles, stilvolles Design f\u00fcr Ihre Speisekarten. Kontaktieren Sie uns f\u00fcr Informationen!\",\"breadcrumb\":{\"@id\":\"https:\/\/place-add.nl\/de\/produkt\/umklap-speisekarten\/#breadcrumb\"},\"inLanguage\":\"de\",\"potentialAction\":[{\"@type\":\"ReadAction\",\"target\":[\"https:\/\/place-add.nl\/de\/produkt\/umklap-speisekarten\/\"]}]},{\"@type\":\"ImageObject\",\"inLanguage\":\"de\",\"@id\":\"https:\/\/place-add.nl\/de\/produkt\/umklap-speisekarten\/#primaryimage\",\"url\":\"https:\/\/place-add.nl\/wp-content\/uploads\/2024\/09\/menukaarten_2-3_luik_klap_1_Place-_Add-min.jpg\",\"contentUrl\":\"https:\/\/place-add.nl\/wp-content\/uploads\/2024\/09\/menukaarten_2-3_luik_klap_1_Place-_Add-min.jpg\",\"width\":800,\"height\":800,\"caption\":\"klap menukaarten\"},{\"@type\":\"BreadcrumbList\",\"@id\":\"https:\/\/place-add.nl\/de\/produkt\/umklap-speisekarten\/#breadcrumb\",\"itemListElement\":[{\"@type\":\"ListItem\",\"position\":1,\"name\":\"Home\",\"item\":\"https:\/\/place-add.nl\/de\/home\/\"},{\"@type\":\"ListItem\",\"position\":2,\"name\":\"Shop\",\"item\":\"https:\/\/place-add.nl\/de\/shop\/\"},{\"@type\":\"ListItem\",\"position\":3,\"name\":\"Umklap Speisekarten\"}]},{\"@type\":\"WebSite\",\"@id\":\"https:\/\/place-add.nl\/de\/#website\",\"url\":\"https:\/\/place-add.nl\/de\/\",\"name\":\"Place Add\",\"description\":\"Tafelkleding voor de horeca\",\"publisher\":{\"@id\":\"https:\/\/place-add.nl\/de\/#organization\"},\"potentialAction\":[{\"@type\":\"SearchAction\",\"target\":{\"@type\":\"EntryPoint\",\"urlTemplate\":\"https:\/\/place-add.nl\/de\/?s={search_term_string}\"},\"query-input\":{\"@type\":\"PropertyValueSpecification\",\"valueRequired\":true,\"valueName\":\"search_term_string\"}}],\"inLanguage\":\"de\"},{\"@type\":\"Organization\",\"@id\":\"https:\/\/place-add.nl\/de\/#organization\",\"name\":\"Place Add\",\"url\":\"https:\/\/place-add.nl\/de\/\",\"logo\":{\"@type\":\"ImageObject\",\"inLanguage\":\"de\",\"@id\":\"https:\/\/place-add.nl\/de\/#\/schema\/logo\/image\/\",\"url\":\"https:\/\/place-add.nl\/wp-content\/uploads\/2023\/11\/logo-img-place-add.png\",\"contentUrl\":\"https:\/\/place-add.nl\/wp-content\/uploads\/2023\/11\/logo-img-place-add.png\",\"width\":404,\"height\":106,\"caption\":\"Place Add\"},\"image\":{\"@id\":\"https:\/\/place-add.nl\/de\/#\/schema\/logo\/image\/\"},\"sameAs\":[\"https:\/\/www.facebook.com\/PlaceAdd\/\",\"https:\/\/www.instagram.com\/place_add\/\",\"https:\/\/www.youtube.com\/@placeadd\"]}]}<\/script>\n<!-- \/ Yoast SEO Premium plugin. -->","yoast_head_json":{"title":"Umklap-Speisekarten | Place Add | F\u00fcr die Gastronomie","description":"Entdecken Sie die Vielseitigkeit unserer Umklap-Men\u00fckarten. Flexibles, stilvolles Design f\u00fcr Ihre Speisekarten. Kontaktieren Sie uns f\u00fcr Informationen!","robots":{"index":"index","follow":"follow","max-snippet":"max-snippet:-1","max-image-preview":"max-image-preview:large","max-video-preview":"max-video-preview:-1"},"canonical":"https:\/\/place-add.nl\/de\/produkt\/umklap-speisekarten\/","og_locale":"de_DE","og_type":"article","og_title":"Umklap Speisekarten","og_description":"Entdecken Sie die Vielseitigkeit unserer Umklap-Men\u00fckarten. Flexibles, stilvolles Design f\u00fcr Ihre Speisekarten. Kontaktieren Sie uns f\u00fcr Informationen!","og_url":"https:\/\/place-add.nl\/de\/produkt\/umklap-speisekarten\/","og_site_name":"Place Add","article_publisher":"https:\/\/www.facebook.com\/PlaceAdd\/","article_modified_time":"2025-05-31T11:38:39+00:00","og_image":[{"width":800,"height":800,"url":"https:\/\/place-add.nl\/wp-content\/uploads\/2024\/09\/menukaarten_2-3_luik_klap_1_Place-_Add-min.jpg","type":"image\/jpeg"}],"twitter_card":"summary_large_image","twitter_misc":{"Gesch\u00e4tzte Lesezeit":"2\u00a0Minuten"},"schema":{"@context":"https:\/\/schema.org","@graph":[{"@type":"WebPage","@id":"https:\/\/place-add.nl\/de\/produkt\/umklap-speisekarten\/","url":"https:\/\/place-add.nl\/de\/produkt\/umklap-speisekarten\/","name":"Umklap-Speisekarten | Place Add | F\u00fcr die Gastronomie","isPartOf":{"@id":"https:\/\/place-add.nl\/de\/#website"},"primaryImageOfPage":{"@id":"https:\/\/place-add.nl\/de\/produkt\/umklap-speisekarten\/#primaryimage"},"image":{"@id":"https:\/\/place-add.nl\/de\/produkt\/umklap-speisekarten\/#primaryimage"},"thumbnailUrl":"https:\/\/place-add.nl\/wp-content\/uploads\/2024\/09\/menukaarten_2-3_luik_klap_1_Place-_Add-min.jpg","datePublished":"2024-06-11T09:27:37+00:00","dateModified":"2025-05-31T11:38:39+00:00","description":"Entdecken Sie die Vielseitigkeit unserer Umklap-Men\u00fckarten. Flexibles, stilvolles Design f\u00fcr Ihre Speisekarten. Kontaktieren Sie uns f\u00fcr Informationen!","breadcrumb":{"@id":"https:\/\/place-add.nl\/de\/produkt\/umklap-speisekarten\/#breadcrumb"},"inLanguage":"de","potentialAction":[{"@type":"ReadAction","target":["https:\/\/place-add.nl\/de\/produkt\/umklap-speisekarten\/"]}]},{"@type":"ImageObject","inLanguage":"de","@id":"https:\/\/place-add.nl\/de\/produkt\/umklap-speisekarten\/#primaryimage","url":"https:\/\/place-add.nl\/wp-content\/uploads\/2024\/09\/menukaarten_2-3_luik_klap_1_Place-_Add-min.jpg","contentUrl":"https:\/\/place-add.nl\/wp-content\/uploads\/2024\/09\/menukaarten_2-3_luik_klap_1_Place-_Add-min.jpg","width":800,"height":800,"caption":"klap menukaarten"},{"@type":"BreadcrumbList","@id":"https:\/\/place-add.nl\/de\/produkt\/umklap-speisekarten\/#breadcrumb","itemListElement":[{"@type":"ListItem","position":1,"name":"Home","item":"https:\/\/place-add.nl\/de\/home\/"},{"@type":"ListItem","position":2,"name":"Shop","item":"https:\/\/place-add.nl\/de\/shop\/"},{"@type":"ListItem","position":3,"name":"Umklap Speisekarten"}]},{"@type":"WebSite","@id":"https:\/\/place-add.nl\/de\/#website","url":"https:\/\/place-add.nl\/de\/","name":"Place Add","description":"Tafelkleding voor de horeca","publisher":{"@id":"https:\/\/place-add.nl\/de\/#organization"},"potentialAction":[{"@type":"SearchAction","target":{"@type":"EntryPoint","urlTemplate":"https:\/\/place-add.nl\/de\/?s={search_term_string}"},"query-input":{"@type":"PropertyValueSpecification","valueRequired":true,"valueName":"search_term_string"}}],"inLanguage":"de"},{"@type":"Organization","@id":"https:\/\/place-add.nl\/de\/#organization","name":"Place Add","url":"https:\/\/place-add.nl\/de\/","logo":{"@type":"ImageObject","inLanguage":"de","@id":"https:\/\/place-add.nl\/de\/#\/schema\/logo\/image\/","url":"https:\/\/place-add.nl\/wp-content\/uploads\/2023\/11\/logo-img-place-add.png","contentUrl":"https:\/\/place-add.nl\/wp-content\/uploads\/2023\/11\/logo-img-place-add.png","width":404,"height":106,"caption":"Place Add"},"image":{"@id":"https:\/\/place-add.nl\/de\/#\/schema\/logo\/image\/"},"sameAs":["https:\/\/www.facebook.com\/PlaceAdd\/","https:\/\/www.instagram.com\/place_add\/","https:\/\/www.youtube.com\/@placeadd"]}]}},"_links":{"self":[{"href":"https:\/\/place-add.nl\/de\/wp-json\/wp\/v2\/product\/43074","targetHints":{"allow":["GET"]}}],"collection":[{"href":"https:\/\/place-add.nl\/de\/wp-json\/wp\/v2\/product"}],"about":[{"href":"https:\/\/place-add.nl\/de\/wp-json\/wp\/v2\/types\/product"}],"wp:featuredmedia":[{"embeddable":true,"href":"https:\/\/place-add.nl\/de\/wp-json\/wp\/v2\/media\/41045"}],"wp:attachment":[{"href":"https:\/\/place-add.nl\/de\/wp-json\/wp\/v2\/media?parent=43074"}],"wp:term":[{"taxonomy":"product_brand","embeddable":true,"href":"https:\/\/place-add.nl\/de\/wp-json\/wp\/v2\/product_brand?post=43074"},{"taxonomy":"product_cat","embeddable":true,"href":"https:\/\/place-add.nl\/de\/wp-json\/wp\/v2\/product_cat?post=43074"},{"taxonomy":"product_tag","embeddable":true,"href":"https:\/\/place-add.nl\/de\/wp-json\/wp\/v2\/product_tag?post=43074"}],"curies":[{"name":"wp","href":"https:\/\/api.w.org\/{rel}","templated":true}]}}