{"id":43105,"date":"2024-06-11T09:13:04","date_gmt":"2024-06-11T09:13:04","guid":{"rendered":"https:\/\/place-add.nl\/product\/fixed-pages-menukaarten\/"},"modified":"2025-06-01T12:43:38","modified_gmt":"2025-06-01T12:43:38","slug":"fixed-pages-speisekarten","status":"publish","type":"product","link":"https:\/\/place-add.nl\/de\/produkt\/fixed-pages-speisekarten\/","title":{"rendered":"Fixed Pages"},"content":{"rendered":"<p><strong>Fixed Pages Speisekarten<\/strong> bieten Ihnen eine einzigartige M\u00f6glichkeit, Ihre Men\u00fcs zu pr\u00e4sentieren. Durch die nahtlose Einbindung der Seiten in den Umschlag haben Sie die vollst\u00e4ndige Kontrolle \u00fcber die Anzahl der Leseseiten und schaffen eine Speisekarte, die sich wie ein sch\u00f6n gebundenes Buch anf\u00fchlt. Der elegante Stil der Fixed Pages-Speisekarten schafft ein luxuri\u00f6ses Erlebnis f\u00fcr Ihre G\u00e4ste, die sofort die Atmosph\u00e4re und das Aussehen Ihres Restaurants erleben, wenn sie die Speisekarte \u00f6ffnen.<\/p>\n<p>Die M\u00f6glichkeiten zur individuellen Gestaltung sind endlos. <strong>Bei Fixed Pages Speisekarten w\u00e4hlen Sie das Material, die Farbe des Einbands und das Druckverfahren selbst aus<\/strong>. Das macht es einfach, eine Speisekarte zu erstellen, die perfekt zum Charakter Ihres Restaurants passt. Das luxuri\u00f6se Aussehen der gebundenen Seiten und die Liebe zum Detail hinterlassen einen starken ersten Eindruck bei Ihren G\u00e4sten.<\/p>\n<p>Neben dem \u00e4sthetischen Aspekt sorgen die <strong>fest verankerten Seiten<\/strong> auch f\u00fcr ein optimales Leseerlebnis. Auch bei h\u00e4ufigem Gebrauch bleiben die Seiten sauber an ihrem Platz. Damit sind die Fixed Pages Speisekarten ideal f\u00fcr Restaurants, die eine dauerhafte und vorzeigbare L\u00f6sung f\u00fcr ihre Men\u00fcpr\u00e4sentation suchen.<\/p>\n<p>Lassen Sie Ihrer Kreativit\u00e4t freien Lauf mit den vielen M\u00f6glichkeiten, die Fixed Pages bietet, und gestalten Sie eine Speisekarte, die nicht nur funktionell ist, sondern auch ein Statement setzt. Ob Sie sich f\u00fcr einen dezenten, klassischen Stil oder einen auff\u00e4lligen, modernen Look entscheiden, Fixed Pages sorgt f\u00fcr eine stilvolle Pr\u00e4sentation, die das Erlebnis Ihrer G\u00e4ste bereichert.<\/p>\n<p>Vervollst\u00e4ndigen Sie das Bild mit einer passenden <strong><a href=\"https:\/\/place-add.nl\/de\/speisekarten\/speisekarten-nach-mass\/rechnungsordner\/\">Rechnungsmappe<\/a><\/strong>!<\/p>\n<p>Sie ben\u00f6tigen kurzfristig Speisekarten? Dann besuchen Sie unsere zweite Website, <strong><a href=\"http:\/\/www.craftontable.com\/\">Craftontable.com<\/a><\/strong>, f\u00fcr Speisekarten mit weniger Personalisierungsm\u00f6glichkeiten, aber schnellerer Lieferzeit.<\/p>\n<p><strong>Ben\u00f6tigen Sie eine pers\u00f6nliche Beratung? Dann nehmen Sie <a href=\"https:\/\/place-add.nl\/de\/kontakt\/\">Kontakt<\/a> mit uns auf. Unser engagiertes Team hilft Ihnen gerne, die perfekte Wahl f\u00fcr Ihre speziellen Bed\u00fcrfnisse zu treffen.<\/strong><\/p>\n<p><button id=\"knop-contact-opnemen-de\">Kontaktieren Sie uns unverbindlich<\/button><\/p>\n","protected":false},"excerpt":{"rendered":"<p>Bei <strong>Fixed Pages<\/strong> Speisekarten sind die Seiten nahtlos in den Einband integriert, so dass Sie die Anzahl der Leseseiten vollst\u00e4ndig kontrollieren k\u00f6nnen. Diese stilvolle Art der Men\u00fcpr\u00e4sentation verleiht Ihren Speisekarten den Charme eines sch\u00f6n gebundenen Buches und bietet Ihren G\u00e4sten ein luxuri\u00f6ses Erlebnis.<\/p>\n<p><strong>Warum sollten Sie sich f\u00fcr Fixed Pages Speisekarten entscheiden?<\/strong><\/p>\n<ul>\n<li><strong>Individuelle Gestaltung bis ins Detail:<\/strong> Bei Men\u00fcs mit festen Seiten entscheiden Sie \u00fcber alle Aspekte des Men\u00fcs, vom Material und der Farbe des Einbands bis zur Art des Namensdrucks. So k\u00f6nnen Sie eine Speisekarte erstellen, die perfekt zum Erscheinungsbild Ihres Restaurants passt.<\/li>\n<li><strong>Der Charme eines gebundenen Buches<\/strong>: Durch die nahtlose Integration der Seiten in den Einband erhalten die Fixed Pages Speisekarten den Charme eines sch\u00f6nen gebundenen Buches. So entsteht ein elegantes und luxuri\u00f6ses Aussehen, das die Aufmerksamkeit auf sich zieht und Ihre G\u00e4ste beeindruckt.<\/li>\n<li><strong>Optimales Leseerlebnis:<\/strong> Mit Fixed Pages-Men\u00fcs genie\u00dfen Ihre G\u00e4ste ein optimales Leseerlebnis. Da die Seiten fest im Einband verankert sind, bleiben sie auch bei h\u00e4ufigem Gebrauch sauber an ihrem Platz.<\/li>\n<\/ul>\n<p><button id=\"knop-contact-opnemen-de\">Kontaktieren Sie uns unverbindlich<\/button><\/p>\n","protected":false},"featured_media":37837,"template":"","meta":[],"product_brand":[],"product_cat":[1445,1442],"product_tag":[1153,1198,1199,1200,1201,1202,1203],"class_list":{"0":"post-43105","1":"product","2":"type-product","3":"status-publish","4":"has-post-thumbnail","6":"product_cat-fixed-pages-de","7":"product_cat-speisekarten-n-mas","8":"product_tag-fixed-pages-speisekarten","9":"product_tag-maatwerk-menukaarten-de","10":"product_tag-menukaarten-de","11":"product_tag-menukaarten-horeca-de","12":"product_tag-menukaarten-kopen-de","13":"product_tag-menukaarten-op-maat-de","14":"product_tag-restaurant-menukaarten-de","16":"first","17":"instock","18":"taxable","19":"shipping-taxable","20":"product-type-simple"},"yoast_head":"<!-- This site is optimized with the Yoast SEO Premium plugin v27.2 (Yoast SEO v27.2) - https:\/\/yoast.com\/product\/yoast-seo-premium-wordpress\/ -->\n<title>Fixed Pages Speisekarten | Place Add | F\u00fcr die Gastronomie<\/title>\n<meta name=\"description\" content=\"Fixed Pages Speisekarten bieten die volle Kontrolle \u00fcber die Leseseiten mit dem Charme eines gebundenen Buches. Individualisierung bis ins letzte Detail!\" \/>\n<meta name=\"robots\" content=\"index, follow, max-snippet:-1, max-image-preview:large, max-video-preview:-1\" \/>\n<link rel=\"canonical\" href=\"https:\/\/place-add.nl\/de\/produkt\/fixed-pages-speisekarten\/\" \/>\n<meta property=\"og:locale\" content=\"de_DE\" \/>\n<meta property=\"og:type\" content=\"article\" \/>\n<meta property=\"og:title\" content=\"Fixed Pages\" \/>\n<meta property=\"og:description\" content=\"Fixed Pages Speisekarten bieten die volle Kontrolle \u00fcber die Leseseiten mit dem Charme eines gebundenen Buches. Individualisierung bis ins letzte Detail!\" \/>\n<meta property=\"og:url\" content=\"https:\/\/place-add.nl\/de\/produkt\/fixed-pages-speisekarten\/\" \/>\n<meta property=\"og:site_name\" content=\"Place Add\" \/>\n<meta property=\"article:publisher\" content=\"https:\/\/www.facebook.com\/PlaceAdd\/\" \/>\n<meta property=\"article:modified_time\" content=\"2025-06-01T12:43:38+00:00\" \/>\n<meta property=\"og:image\" content=\"https:\/\/place-add.nl\/wp-content\/uploads\/2024\/06\/TN-fixedpages-menukaarten-1.jpg\" \/>\n\t<meta property=\"og:image:width\" content=\"800\" \/>\n\t<meta property=\"og:image:height\" content=\"800\" \/>\n\t<meta property=\"og:image:type\" content=\"image\/jpeg\" \/>\n<meta name=\"twitter:card\" content=\"summary_large_image\" \/>\n<meta name=\"twitter:label1\" content=\"Gesch\u00e4tzte Lesezeit\" \/>\n\t<meta name=\"twitter:data1\" content=\"2\u00a0Minuten\" \/>\n<script type=\"application\/ld+json\" class=\"yoast-schema-graph\">{\"@context\":\"https:\/\/schema.org\",\"@graph\":[{\"@type\":\"WebPage\",\"@id\":\"https:\/\/place-add.nl\/de\/produkt\/fixed-pages-speisekarten\/\",\"url\":\"https:\/\/place-add.nl\/de\/produkt\/fixed-pages-speisekarten\/\",\"name\":\"Fixed Pages Speisekarten | Place Add | F\u00fcr die Gastronomie\",\"isPartOf\":{\"@id\":\"https:\/\/place-add.nl\/de\/#website\"},\"primaryImageOfPage\":{\"@id\":\"https:\/\/place-add.nl\/de\/produkt\/fixed-pages-speisekarten\/#primaryimage\"},\"image\":{\"@id\":\"https:\/\/place-add.nl\/de\/produkt\/fixed-pages-speisekarten\/#primaryimage\"},\"thumbnailUrl\":\"https:\/\/place-add.nl\/wp-content\/uploads\/2024\/06\/TN-fixedpages-menukaarten-1.jpg\",\"datePublished\":\"2024-06-11T09:13:04+00:00\",\"dateModified\":\"2025-06-01T12:43:38+00:00\",\"description\":\"Fixed Pages Speisekarten bieten die volle Kontrolle \u00fcber die Leseseiten mit dem Charme eines gebundenen Buches. Individualisierung bis ins letzte Detail!\",\"breadcrumb\":{\"@id\":\"https:\/\/place-add.nl\/de\/produkt\/fixed-pages-speisekarten\/#breadcrumb\"},\"inLanguage\":\"de\",\"potentialAction\":[{\"@type\":\"ReadAction\",\"target\":[\"https:\/\/place-add.nl\/de\/produkt\/fixed-pages-speisekarten\/\"]}]},{\"@type\":\"ImageObject\",\"inLanguage\":\"de\",\"@id\":\"https:\/\/place-add.nl\/de\/produkt\/fixed-pages-speisekarten\/#primaryimage\",\"url\":\"https:\/\/place-add.nl\/wp-content\/uploads\/2024\/06\/TN-fixedpages-menukaarten-1.jpg\",\"contentUrl\":\"https:\/\/place-add.nl\/wp-content\/uploads\/2024\/06\/TN-fixedpages-menukaarten-1.jpg\",\"width\":800,\"height\":800,\"caption\":\"Fixes Pages Menukaarten\"},{\"@type\":\"BreadcrumbList\",\"@id\":\"https:\/\/place-add.nl\/de\/produkt\/fixed-pages-speisekarten\/#breadcrumb\",\"itemListElement\":[{\"@type\":\"ListItem\",\"position\":1,\"name\":\"Home\",\"item\":\"https:\/\/place-add.nl\/de\/home\/\"},{\"@type\":\"ListItem\",\"position\":2,\"name\":\"Shop\",\"item\":\"https:\/\/place-add.nl\/de\/shop\/\"},{\"@type\":\"ListItem\",\"position\":3,\"name\":\"Fixed Pages\"}]},{\"@type\":\"WebSite\",\"@id\":\"https:\/\/place-add.nl\/de\/#website\",\"url\":\"https:\/\/place-add.nl\/de\/\",\"name\":\"Place Add\",\"description\":\"Tafelkleding voor de horeca\",\"publisher\":{\"@id\":\"https:\/\/place-add.nl\/de\/#organization\"},\"potentialAction\":[{\"@type\":\"SearchAction\",\"target\":{\"@type\":\"EntryPoint\",\"urlTemplate\":\"https:\/\/place-add.nl\/de\/?s={search_term_string}\"},\"query-input\":{\"@type\":\"PropertyValueSpecification\",\"valueRequired\":true,\"valueName\":\"search_term_string\"}}],\"inLanguage\":\"de\"},{\"@type\":\"Organization\",\"@id\":\"https:\/\/place-add.nl\/de\/#organization\",\"name\":\"Place Add\",\"url\":\"https:\/\/place-add.nl\/de\/\",\"logo\":{\"@type\":\"ImageObject\",\"inLanguage\":\"de\",\"@id\":\"https:\/\/place-add.nl\/de\/#\/schema\/logo\/image\/\",\"url\":\"https:\/\/place-add.nl\/wp-content\/uploads\/2023\/11\/logo-img-place-add.png\",\"contentUrl\":\"https:\/\/place-add.nl\/wp-content\/uploads\/2023\/11\/logo-img-place-add.png\",\"width\":404,\"height\":106,\"caption\":\"Place Add\"},\"image\":{\"@id\":\"https:\/\/place-add.nl\/de\/#\/schema\/logo\/image\/\"},\"sameAs\":[\"https:\/\/www.facebook.com\/PlaceAdd\/\",\"https:\/\/www.instagram.com\/place_add\/\",\"https:\/\/www.youtube.com\/@placeadd\"]}]}<\/script>\n<!-- \/ Yoast SEO Premium plugin. -->","yoast_head_json":{"title":"Fixed Pages Speisekarten | Place Add | F\u00fcr die Gastronomie","description":"Fixed Pages Speisekarten bieten die volle Kontrolle \u00fcber die Leseseiten mit dem Charme eines gebundenen Buches. Individualisierung bis ins letzte Detail!","robots":{"index":"index","follow":"follow","max-snippet":"max-snippet:-1","max-image-preview":"max-image-preview:large","max-video-preview":"max-video-preview:-1"},"canonical":"https:\/\/place-add.nl\/de\/produkt\/fixed-pages-speisekarten\/","og_locale":"de_DE","og_type":"article","og_title":"Fixed Pages","og_description":"Fixed Pages Speisekarten bieten die volle Kontrolle \u00fcber die Leseseiten mit dem Charme eines gebundenen Buches. Individualisierung bis ins letzte Detail!","og_url":"https:\/\/place-add.nl\/de\/produkt\/fixed-pages-speisekarten\/","og_site_name":"Place Add","article_publisher":"https:\/\/www.facebook.com\/PlaceAdd\/","article_modified_time":"2025-06-01T12:43:38+00:00","og_image":[{"width":800,"height":800,"url":"https:\/\/place-add.nl\/wp-content\/uploads\/2024\/06\/TN-fixedpages-menukaarten-1.jpg","type":"image\/jpeg"}],"twitter_card":"summary_large_image","twitter_misc":{"Gesch\u00e4tzte Lesezeit":"2\u00a0Minuten"},"schema":{"@context":"https:\/\/schema.org","@graph":[{"@type":"WebPage","@id":"https:\/\/place-add.nl\/de\/produkt\/fixed-pages-speisekarten\/","url":"https:\/\/place-add.nl\/de\/produkt\/fixed-pages-speisekarten\/","name":"Fixed Pages Speisekarten | Place Add | F\u00fcr die Gastronomie","isPartOf":{"@id":"https:\/\/place-add.nl\/de\/#website"},"primaryImageOfPage":{"@id":"https:\/\/place-add.nl\/de\/produkt\/fixed-pages-speisekarten\/#primaryimage"},"image":{"@id":"https:\/\/place-add.nl\/de\/produkt\/fixed-pages-speisekarten\/#primaryimage"},"thumbnailUrl":"https:\/\/place-add.nl\/wp-content\/uploads\/2024\/06\/TN-fixedpages-menukaarten-1.jpg","datePublished":"2024-06-11T09:13:04+00:00","dateModified":"2025-06-01T12:43:38+00:00","description":"Fixed Pages Speisekarten bieten die volle Kontrolle \u00fcber die Leseseiten mit dem Charme eines gebundenen Buches. Individualisierung bis ins letzte Detail!","breadcrumb":{"@id":"https:\/\/place-add.nl\/de\/produkt\/fixed-pages-speisekarten\/#breadcrumb"},"inLanguage":"de","potentialAction":[{"@type":"ReadAction","target":["https:\/\/place-add.nl\/de\/produkt\/fixed-pages-speisekarten\/"]}]},{"@type":"ImageObject","inLanguage":"de","@id":"https:\/\/place-add.nl\/de\/produkt\/fixed-pages-speisekarten\/#primaryimage","url":"https:\/\/place-add.nl\/wp-content\/uploads\/2024\/06\/TN-fixedpages-menukaarten-1.jpg","contentUrl":"https:\/\/place-add.nl\/wp-content\/uploads\/2024\/06\/TN-fixedpages-menukaarten-1.jpg","width":800,"height":800,"caption":"Fixes Pages Menukaarten"},{"@type":"BreadcrumbList","@id":"https:\/\/place-add.nl\/de\/produkt\/fixed-pages-speisekarten\/#breadcrumb","itemListElement":[{"@type":"ListItem","position":1,"name":"Home","item":"https:\/\/place-add.nl\/de\/home\/"},{"@type":"ListItem","position":2,"name":"Shop","item":"https:\/\/place-add.nl\/de\/shop\/"},{"@type":"ListItem","position":3,"name":"Fixed Pages"}]},{"@type":"WebSite","@id":"https:\/\/place-add.nl\/de\/#website","url":"https:\/\/place-add.nl\/de\/","name":"Place Add","description":"Tafelkleding voor de horeca","publisher":{"@id":"https:\/\/place-add.nl\/de\/#organization"},"potentialAction":[{"@type":"SearchAction","target":{"@type":"EntryPoint","urlTemplate":"https:\/\/place-add.nl\/de\/?s={search_term_string}"},"query-input":{"@type":"PropertyValueSpecification","valueRequired":true,"valueName":"search_term_string"}}],"inLanguage":"de"},{"@type":"Organization","@id":"https:\/\/place-add.nl\/de\/#organization","name":"Place Add","url":"https:\/\/place-add.nl\/de\/","logo":{"@type":"ImageObject","inLanguage":"de","@id":"https:\/\/place-add.nl\/de\/#\/schema\/logo\/image\/","url":"https:\/\/place-add.nl\/wp-content\/uploads\/2023\/11\/logo-img-place-add.png","contentUrl":"https:\/\/place-add.nl\/wp-content\/uploads\/2023\/11\/logo-img-place-add.png","width":404,"height":106,"caption":"Place Add"},"image":{"@id":"https:\/\/place-add.nl\/de\/#\/schema\/logo\/image\/"},"sameAs":["https:\/\/www.facebook.com\/PlaceAdd\/","https:\/\/www.instagram.com\/place_add\/","https:\/\/www.youtube.com\/@placeadd"]}]}},"_links":{"self":[{"href":"https:\/\/place-add.nl\/de\/wp-json\/wp\/v2\/product\/43105","targetHints":{"allow":["GET"]}}],"collection":[{"href":"https:\/\/place-add.nl\/de\/wp-json\/wp\/v2\/product"}],"about":[{"href":"https:\/\/place-add.nl\/de\/wp-json\/wp\/v2\/types\/product"}],"wp:featuredmedia":[{"embeddable":true,"href":"https:\/\/place-add.nl\/de\/wp-json\/wp\/v2\/media\/37837"}],"wp:attachment":[{"href":"https:\/\/place-add.nl\/de\/wp-json\/wp\/v2\/media?parent=43105"}],"wp:term":[{"taxonomy":"product_brand","embeddable":true,"href":"https:\/\/place-add.nl\/de\/wp-json\/wp\/v2\/product_brand?post=43105"},{"taxonomy":"product_cat","embeddable":true,"href":"https:\/\/place-add.nl\/de\/wp-json\/wp\/v2\/product_cat?post=43105"},{"taxonomy":"product_tag","embeddable":true,"href":"https:\/\/place-add.nl\/de\/wp-json\/wp\/v2\/product_tag?post=43105"}],"curies":[{"name":"wp","href":"https:\/\/api.w.org\/{rel}","templated":true}]}}