{"id":43130,"date":"2024-06-11T09:37:16","date_gmt":"2024-06-11T09:37:16","guid":{"rendered":"https:\/\/place-add.nl\/product\/xl-venster\/"},"modified":"2025-01-21T09:05:28","modified_gmt":"2025-01-21T09:05:28","slug":"fenster-xl-speisekarten","status":"publish","type":"product","link":"https:\/\/place-add.nl\/de\/produkt\/fenster-xl-speisekarten\/","title":{"rendered":"Fenster XL"},"content":{"rendered":"<p><strong>Fenster XL Speisekarten<\/strong> sind so gestaltet, dass sie auffallen und Ihre Speisekarte eindrucksvoll pr\u00e4sentieren. Dieses XL-Format gibt Ihrer Speisekarte den n\u00f6tigen Platz, um zu gl\u00e4nzen, so dass die Aufmerksamkeit Ihrer G\u00e4ste sofort auf Ihr Angebot gelenkt wird.<\/p>\n<p>Dank des gro\u00dfz\u00fcgigen Formats passen sowohl <strong>A3- als auch A4-Papier<\/strong> in die XL-Speisekarten, die ein- oder beidseitig bedruckt werden k\u00f6nnen. So wird Ihre Speisekarte stilvoll und \u00fcbersichtlich in Szene gesetzt. Dieses Format erregt Aufmerksamkeit und sorgt daf\u00fcr, dass Ihre G\u00e4ste Ihr sorgf\u00e4ltig zusammengestelltes Angebot nicht \u00fcbersehen k\u00f6nnen.<\/p>\n<p>F\u00fcr ein pers\u00f6nliches und individuelles Erscheinungsbild bieten unsere XL-Speisekarten <strong>zahlreiche Veredelungsm\u00f6glichkeiten<\/strong>. W\u00e4hlen Sie zum Beispiel ein Passepartout mit Ihrem bevorzugten Material oder vier Ecken, die das Papier sicher halten. Die Veredelung k\u00f6nnen Sie ganz auf die Atmosph\u00e4re Ihres Restaurants abstimmen, mit Optionen wie Holzoptik, Jute, Kork, Korkoptik, Kunstleder und Leinen. Auf diese Weise f\u00fcgt sich die Speisekarte nahtlos in Ihr gew\u00fcnschtes Erscheinungsbild ein.<\/p>\n<p><strong>Die<\/strong> <strong>Fenster XL Speisekarten sind nicht nur stilvoll, sondern auch \u00e4u\u00dferst funktionell.<\/strong> Optional k\u00f6nnen Sie eine Aufh\u00e4nge\u00f6se anbringen, mit der Sie die Karte an einer gut sichtbaren Stelle platzieren k\u00f6nnen. So k\u00f6nnen Sie Ihre Speisekarte auf praktische und optisch ansprechende Weise pr\u00e4sentieren.<\/p>\n<p>Bringen Sie Ihre Speisekarten zum Strahlen und bieten Sie Ihren G\u00e4sten ein unvergessliches Erlebnis mit unseren XL (A3) Speisekarten. Entdecken Sie die vielseitigen Anpassungsm\u00f6glichkeiten und gestalten Sie eine Speisekarte, die das Erscheinungsbild Ihres Restaurants perfekt erg\u00e4nzt und aufwertet.<\/p>\n<p>Vervollst\u00e4ndigen Sie das Bild mit einer passenden <strong><a href=\"https:\/\/place-add.nl\/menukaarten\/menukaarten-op-maat\/rekeningmapjes\/\">Rechnungsmappe<\/a><\/strong>!<\/p>\n<p>Sie brauchen kurzfristig Speisekarten? Dann besuchen Sie unsere zweite Website, <strong><a href=\"http:\/\/www.craftontable.com\/\">Craftontable.com<\/a><\/strong>, f\u00fcr Speisekarten mit weniger Personalisierungsm\u00f6glichkeiten, daf\u00fcr aber mit k\u00fcrzeren Lieferzeiten.<\/p>\n<p><strong>Sie brauchen Beratung? Unser Team hilft Ihnen gerne bei der Auswahl und unterst\u00fctzt Sie bei der Umsetzung Ihrer Speisekarten..<\/strong><\/p>\n<p><button id=\"knop-contact-opnemen-de\">Kontaktieren Sie uns unverbindlich<\/button><\/p>\n","protected":false},"excerpt":{"rendered":"<p>Sie wollen gro\u00df rauskommen und mit Ihren Speisekarten einen unvergesslichen Eindruck hinterlassen? Dann sind unsere <strong>Speisekarten Fenster XL (A3)<\/strong> genau das Richtige f\u00fcr Sie. Mit diesen XL-Speisekarten k\u00f6nnen Sie Ihre Speisekarte auf eine beeindruckende Weise pr\u00e4sentieren, die Ihren G\u00e4sten sofort ins Auge f\u00e4llt.<\/p>\n<p><strong>Warum sollten Sie sich f\u00fcr Window XL (A3) Speisekarten entscheiden?<\/strong><\/p>\n<ul>\n<li><strong>Eindrucksvolle Pr\u00e4sentation:<\/strong> Mit den Speisekarten im Format Window XL (A3) k\u00f6nnen Sie Ihre Speisekarte auf beeindruckende Weise pr\u00e4sentieren. Sie haben die M\u00f6glichkeit, diese Speisekarten ein- oder zweiseitig mit einem bedruckten A3- oder A4-Papier bedrucken zu lassen, wodurch Ihre Speisekarte ins Auge f\u00e4llt und die Aufmerksamkeit Ihrer G\u00e4ste auf sich zieht.<\/li>\n<li><strong>Individualisierung nach Wunsch<\/strong>: Unsere Window XL-Speisekarten bieten zahlreiche M\u00f6glichkeiten zur Individualisierung. Sie k\u00f6nnen aus verschiedenen Veredelungsm\u00f6glichkeiten w\u00e4hlen, wie z.B. einem Passepartout in dem Material Ihrer Wahl oder mit 4 Ecken auf einer oder beiden Seiten. Dar\u00fcber hinaus haben Sie eine gro\u00dfe Auswahl an Materialien, darunter Holzoptik, Jute, Kork, Kunstleder und Leinen, so dass Sie die Speisekarte an den Stil und die Atmosph\u00e4re Ihres Restaurants anpassen k\u00f6nnen.<\/li>\n<li><strong>Praktisch und funktionell<\/strong>: Unsere Window XL-Speisekarten sehen nicht nur beeindruckend aus, sondern sind auch praktisch und funktionell. Sie k\u00f6nnen die Karte mit einer \u201e\u00d6se\u201c zum Aufh\u00e4ngen versehen, so dass Sie Ihre Speisekarte an einem bequemen und sichtbaren Ort pr\u00e4sentieren k\u00f6nnen.<\/li>\n<\/ul>\n<p><button id=\"knop-contact-opnemen-de\">Kontaktieren Sie uns unverbindlich<\/button><\/p>\n","protected":false},"featured_media":41066,"template":"","meta":[],"product_brand":[],"product_cat":[1428,1442],"product_tag":[1198,1199,1200,1201,1202,1203,1174],"class_list":{"0":"post-43130","1":"product","2":"type-product","3":"status-publish","4":"has-post-thumbnail","6":"product_cat-fenster-xl","7":"product_cat-speisekarten-n-mas","8":"product_tag-maatwerk-menukaarten-de","9":"product_tag-menukaarten-de","10":"product_tag-menukaarten-horeca-de","11":"product_tag-menukaarten-kopen-de","12":"product_tag-menukaarten-op-maat-de","13":"product_tag-restaurant-menukaarten-de","14":"product_tag-xl-fenster-speisekarten","16":"first","17":"instock","18":"taxable","19":"shipping-taxable","20":"product-type-simple"},"yoast_head":"<!-- This site is optimized with the Yoast SEO Premium plugin v27.2 (Yoast SEO v27.2) - https:\/\/yoast.com\/product\/yoast-seo-premium-wordpress\/ -->\n<title>Fenster XL Speisekarten | Place Add<\/title>\n<meta name=\"description\" content=\"Hinterlassen Sie einen unvergesslichen Eindruck mit unseren Fenster XL Speisekarten. Beeindruckende Pr\u00e4sentation und Individualisierung!\" \/>\n<meta name=\"robots\" content=\"index, follow, max-snippet:-1, max-image-preview:large, max-video-preview:-1\" \/>\n<link rel=\"canonical\" href=\"https:\/\/place-add.nl\/de\/produkt\/fenster-xl-speisekarten\/\" \/>\n<meta property=\"og:locale\" content=\"de_DE\" \/>\n<meta property=\"og:type\" content=\"article\" \/>\n<meta property=\"og:title\" content=\"Fenster XL\" \/>\n<meta property=\"og:description\" content=\"Hinterlassen Sie einen unvergesslichen Eindruck mit unseren Fenster XL Speisekarten. Beeindruckende Pr\u00e4sentation und Individualisierung!\" \/>\n<meta property=\"og:url\" content=\"https:\/\/place-add.nl\/de\/produkt\/fenster-xl-speisekarten\/\" \/>\n<meta property=\"og:site_name\" content=\"Place Add\" \/>\n<meta property=\"article:publisher\" content=\"https:\/\/www.facebook.com\/PlaceAdd\/\" \/>\n<meta property=\"article:modified_time\" content=\"2025-01-21T09:05:28+00:00\" \/>\n<meta property=\"og:image\" content=\"https:\/\/place-add.nl\/wp-content\/uploads\/2024\/09\/menukaarten_XL_Place_Add_5.jpg\" \/>\n\t<meta property=\"og:image:width\" content=\"800\" \/>\n\t<meta property=\"og:image:height\" content=\"800\" \/>\n\t<meta property=\"og:image:type\" content=\"image\/jpeg\" \/>\n<meta name=\"twitter:card\" content=\"summary_large_image\" \/>\n<meta name=\"twitter:label1\" content=\"Gesch\u00e4tzte Lesezeit\" \/>\n\t<meta name=\"twitter:data1\" content=\"2\u00a0Minuten\" \/>\n<script type=\"application\/ld+json\" class=\"yoast-schema-graph\">{\"@context\":\"https:\/\/schema.org\",\"@graph\":[{\"@type\":\"WebPage\",\"@id\":\"https:\/\/place-add.nl\/de\/produkt\/fenster-xl-speisekarten\/\",\"url\":\"https:\/\/place-add.nl\/de\/produkt\/fenster-xl-speisekarten\/\",\"name\":\"Fenster XL Speisekarten | Place Add\",\"isPartOf\":{\"@id\":\"https:\/\/place-add.nl\/de\/#website\"},\"primaryImageOfPage\":{\"@id\":\"https:\/\/place-add.nl\/de\/produkt\/fenster-xl-speisekarten\/#primaryimage\"},\"image\":{\"@id\":\"https:\/\/place-add.nl\/de\/produkt\/fenster-xl-speisekarten\/#primaryimage\"},\"thumbnailUrl\":\"https:\/\/place-add.nl\/wp-content\/uploads\/2024\/09\/menukaarten_XL_Place_Add_5.jpg\",\"datePublished\":\"2024-06-11T09:37:16+00:00\",\"dateModified\":\"2025-01-21T09:05:28+00:00\",\"description\":\"Hinterlassen Sie einen unvergesslichen Eindruck mit unseren Fenster XL Speisekarten. Beeindruckende Pr\u00e4sentation und Individualisierung!\",\"breadcrumb\":{\"@id\":\"https:\/\/place-add.nl\/de\/produkt\/fenster-xl-speisekarten\/#breadcrumb\"},\"inLanguage\":\"de\",\"potentialAction\":[{\"@type\":\"ReadAction\",\"target\":[\"https:\/\/place-add.nl\/de\/produkt\/fenster-xl-speisekarten\/\"]}]},{\"@type\":\"ImageObject\",\"inLanguage\":\"de\",\"@id\":\"https:\/\/place-add.nl\/de\/produkt\/fenster-xl-speisekarten\/#primaryimage\",\"url\":\"https:\/\/place-add.nl\/wp-content\/uploads\/2024\/09\/menukaarten_XL_Place_Add_5.jpg\",\"contentUrl\":\"https:\/\/place-add.nl\/wp-content\/uploads\/2024\/09\/menukaarten_XL_Place_Add_5.jpg\",\"width\":800,\"height\":800,\"caption\":\"XL Venster Menukaarten\"},{\"@type\":\"BreadcrumbList\",\"@id\":\"https:\/\/place-add.nl\/de\/produkt\/fenster-xl-speisekarten\/#breadcrumb\",\"itemListElement\":[{\"@type\":\"ListItem\",\"position\":1,\"name\":\"Home\",\"item\":\"https:\/\/place-add.nl\/de\/home\/\"},{\"@type\":\"ListItem\",\"position\":2,\"name\":\"Shop\",\"item\":\"https:\/\/place-add.nl\/de\/shop\/\"},{\"@type\":\"ListItem\",\"position\":3,\"name\":\"Fenster XL\"}]},{\"@type\":\"WebSite\",\"@id\":\"https:\/\/place-add.nl\/de\/#website\",\"url\":\"https:\/\/place-add.nl\/de\/\",\"name\":\"Place Add\",\"description\":\"Tafelkleding voor de horeca\",\"publisher\":{\"@id\":\"https:\/\/place-add.nl\/de\/#organization\"},\"potentialAction\":[{\"@type\":\"SearchAction\",\"target\":{\"@type\":\"EntryPoint\",\"urlTemplate\":\"https:\/\/place-add.nl\/de\/?s={search_term_string}\"},\"query-input\":{\"@type\":\"PropertyValueSpecification\",\"valueRequired\":true,\"valueName\":\"search_term_string\"}}],\"inLanguage\":\"de\"},{\"@type\":\"Organization\",\"@id\":\"https:\/\/place-add.nl\/de\/#organization\",\"name\":\"Place Add\",\"url\":\"https:\/\/place-add.nl\/de\/\",\"logo\":{\"@type\":\"ImageObject\",\"inLanguage\":\"de\",\"@id\":\"https:\/\/place-add.nl\/de\/#\/schema\/logo\/image\/\",\"url\":\"https:\/\/place-add.nl\/wp-content\/uploads\/2023\/11\/logo-img-place-add.png\",\"contentUrl\":\"https:\/\/place-add.nl\/wp-content\/uploads\/2023\/11\/logo-img-place-add.png\",\"width\":404,\"height\":106,\"caption\":\"Place Add\"},\"image\":{\"@id\":\"https:\/\/place-add.nl\/de\/#\/schema\/logo\/image\/\"},\"sameAs\":[\"https:\/\/www.facebook.com\/PlaceAdd\/\",\"https:\/\/www.instagram.com\/place_add\/\",\"https:\/\/www.youtube.com\/@placeadd\"]}]}<\/script>\n<!-- \/ Yoast SEO Premium plugin. -->","yoast_head_json":{"title":"Fenster XL Speisekarten | Place Add","description":"Hinterlassen Sie einen unvergesslichen Eindruck mit unseren Fenster XL Speisekarten. Beeindruckende Pr\u00e4sentation und Individualisierung!","robots":{"index":"index","follow":"follow","max-snippet":"max-snippet:-1","max-image-preview":"max-image-preview:large","max-video-preview":"max-video-preview:-1"},"canonical":"https:\/\/place-add.nl\/de\/produkt\/fenster-xl-speisekarten\/","og_locale":"de_DE","og_type":"article","og_title":"Fenster XL","og_description":"Hinterlassen Sie einen unvergesslichen Eindruck mit unseren Fenster XL Speisekarten. Beeindruckende Pr\u00e4sentation und Individualisierung!","og_url":"https:\/\/place-add.nl\/de\/produkt\/fenster-xl-speisekarten\/","og_site_name":"Place Add","article_publisher":"https:\/\/www.facebook.com\/PlaceAdd\/","article_modified_time":"2025-01-21T09:05:28+00:00","og_image":[{"width":800,"height":800,"url":"https:\/\/place-add.nl\/wp-content\/uploads\/2024\/09\/menukaarten_XL_Place_Add_5.jpg","type":"image\/jpeg"}],"twitter_card":"summary_large_image","twitter_misc":{"Gesch\u00e4tzte Lesezeit":"2\u00a0Minuten"},"schema":{"@context":"https:\/\/schema.org","@graph":[{"@type":"WebPage","@id":"https:\/\/place-add.nl\/de\/produkt\/fenster-xl-speisekarten\/","url":"https:\/\/place-add.nl\/de\/produkt\/fenster-xl-speisekarten\/","name":"Fenster XL Speisekarten | Place Add","isPartOf":{"@id":"https:\/\/place-add.nl\/de\/#website"},"primaryImageOfPage":{"@id":"https:\/\/place-add.nl\/de\/produkt\/fenster-xl-speisekarten\/#primaryimage"},"image":{"@id":"https:\/\/place-add.nl\/de\/produkt\/fenster-xl-speisekarten\/#primaryimage"},"thumbnailUrl":"https:\/\/place-add.nl\/wp-content\/uploads\/2024\/09\/menukaarten_XL_Place_Add_5.jpg","datePublished":"2024-06-11T09:37:16+00:00","dateModified":"2025-01-21T09:05:28+00:00","description":"Hinterlassen Sie einen unvergesslichen Eindruck mit unseren Fenster XL Speisekarten. Beeindruckende Pr\u00e4sentation und Individualisierung!","breadcrumb":{"@id":"https:\/\/place-add.nl\/de\/produkt\/fenster-xl-speisekarten\/#breadcrumb"},"inLanguage":"de","potentialAction":[{"@type":"ReadAction","target":["https:\/\/place-add.nl\/de\/produkt\/fenster-xl-speisekarten\/"]}]},{"@type":"ImageObject","inLanguage":"de","@id":"https:\/\/place-add.nl\/de\/produkt\/fenster-xl-speisekarten\/#primaryimage","url":"https:\/\/place-add.nl\/wp-content\/uploads\/2024\/09\/menukaarten_XL_Place_Add_5.jpg","contentUrl":"https:\/\/place-add.nl\/wp-content\/uploads\/2024\/09\/menukaarten_XL_Place_Add_5.jpg","width":800,"height":800,"caption":"XL Venster Menukaarten"},{"@type":"BreadcrumbList","@id":"https:\/\/place-add.nl\/de\/produkt\/fenster-xl-speisekarten\/#breadcrumb","itemListElement":[{"@type":"ListItem","position":1,"name":"Home","item":"https:\/\/place-add.nl\/de\/home\/"},{"@type":"ListItem","position":2,"name":"Shop","item":"https:\/\/place-add.nl\/de\/shop\/"},{"@type":"ListItem","position":3,"name":"Fenster XL"}]},{"@type":"WebSite","@id":"https:\/\/place-add.nl\/de\/#website","url":"https:\/\/place-add.nl\/de\/","name":"Place Add","description":"Tafelkleding voor de horeca","publisher":{"@id":"https:\/\/place-add.nl\/de\/#organization"},"potentialAction":[{"@type":"SearchAction","target":{"@type":"EntryPoint","urlTemplate":"https:\/\/place-add.nl\/de\/?s={search_term_string}"},"query-input":{"@type":"PropertyValueSpecification","valueRequired":true,"valueName":"search_term_string"}}],"inLanguage":"de"},{"@type":"Organization","@id":"https:\/\/place-add.nl\/de\/#organization","name":"Place Add","url":"https:\/\/place-add.nl\/de\/","logo":{"@type":"ImageObject","inLanguage":"de","@id":"https:\/\/place-add.nl\/de\/#\/schema\/logo\/image\/","url":"https:\/\/place-add.nl\/wp-content\/uploads\/2023\/11\/logo-img-place-add.png","contentUrl":"https:\/\/place-add.nl\/wp-content\/uploads\/2023\/11\/logo-img-place-add.png","width":404,"height":106,"caption":"Place Add"},"image":{"@id":"https:\/\/place-add.nl\/de\/#\/schema\/logo\/image\/"},"sameAs":["https:\/\/www.facebook.com\/PlaceAdd\/","https:\/\/www.instagram.com\/place_add\/","https:\/\/www.youtube.com\/@placeadd"]}]}},"_links":{"self":[{"href":"https:\/\/place-add.nl\/de\/wp-json\/wp\/v2\/product\/43130","targetHints":{"allow":["GET"]}}],"collection":[{"href":"https:\/\/place-add.nl\/de\/wp-json\/wp\/v2\/product"}],"about":[{"href":"https:\/\/place-add.nl\/de\/wp-json\/wp\/v2\/types\/product"}],"wp:featuredmedia":[{"embeddable":true,"href":"https:\/\/place-add.nl\/de\/wp-json\/wp\/v2\/media\/41066"}],"wp:attachment":[{"href":"https:\/\/place-add.nl\/de\/wp-json\/wp\/v2\/media?parent=43130"}],"wp:term":[{"taxonomy":"product_brand","embeddable":true,"href":"https:\/\/place-add.nl\/de\/wp-json\/wp\/v2\/product_brand?post=43130"},{"taxonomy":"product_cat","embeddable":true,"href":"https:\/\/place-add.nl\/de\/wp-json\/wp\/v2\/product_cat?post=43130"},{"taxonomy":"product_tag","embeddable":true,"href":"https:\/\/place-add.nl\/de\/wp-json\/wp\/v2\/product_tag?post=43130"}],"curies":[{"name":"wp","href":"https:\/\/api.w.org\/{rel}","templated":true}]}}