{"id":43135,"date":"2024-06-17T17:18:49","date_gmt":"2024-06-17T17:18:49","guid":{"rendered":"https:\/\/place-add.nl\/product\/airlaid-servetten-wit-bedrukt\/"},"modified":"2025-06-30T12:21:56","modified_gmt":"2025-06-30T12:21:56","slug":"weiss-bedruckten-airlaid-servietten","status":"publish","type":"product","link":"https:\/\/place-add.nl\/de\/produkt\/weiss-bedruckten-airlaid-servietten\/","title":{"rendered":"Wei\u00dfe Airlaid-Servietten mit Aufdruck"},"content":{"rendered":"<p>Unsere wei\u00df bedruckten Airlaid-Servietten sind dank ihrer weichen Textur und ihres attraktiven Preises eine beliebte Wahl f\u00fcr jeden Gastronomiebetrieb. Das wei\u00dfe Grundmaterial bietet einen perfekten Hintergrund f\u00fcr den 1- oder 2-farbigen Druck, so dass Logos, Designs oder Texte sch\u00f6n zur Geltung kommen und Ihrem gedeckten Tisch ein stilvolles Aussehen verleihen.<\/p>\n<p>Die wei\u00df bedruckten Airlaid-Servietten sind in verschiedenen Gr\u00f6\u00dfen erh\u00e4ltlich und eignen sich f\u00fcr unterschiedliche Zwecke und Anl\u00e4sse. Von Cocktailservietten f\u00fcr Getr\u00e4nke und Snacks bis hin zu gr\u00f6\u00dferen Formaten f\u00fcr Abendessen und besondere Veranstaltungen bieten diese Servietten Vielseitigkeit und Eleganz f\u00fcr jede Situation.<\/p>\n<ul>\n<li>20 x 20 cm &#8211; Cocktailgr\u00f6\u00dfe: Ideal als Untersetzer f\u00fcr Getr\u00e4nke und kleine Snacks.<\/li>\n<li>24 x 24 cm &#8211; Cocktail-Gr\u00f6\u00dfe: Perfekt zum Servieren von Getr\u00e4nken, Tapas und Fingerfood.<\/li>\n<li>33 x 33 cm &#8211; Geeignet f\u00fcr B\u00fcffets und Abendessen.<\/li>\n<li>40 x 40 cm &#8211; Die ideale Gr\u00f6\u00dfe f\u00fcr Dinnerpartys.<\/li>\n<li>40 x 48 cm (60 g\/m\u00b2) &#8211; Eine gro\u00dfz\u00fcgige Wahl f\u00fcr besondere Anl\u00e4sse.<\/li>\n<\/ul>\n<p>Die Lieferzeit f\u00fcr personalisierte Servietten betr\u00e4gt in der Regel 6 bis 9 Wochen.<\/p>\n<p>Entwerfen Sie Ihr eigenes Design und bestellen Sie Ihre personalisierten Servietten ganz einfach \u00fcber unseren <strong><a href=\"https:\/\/place-add.nl\/airlaid-configurator\/\">Serviettenkonfigurator<\/a><\/strong>. Pr\u00fcfen Sie alle Mengenpreise und bestellen Sie jetzt \u00fcber die Schaltfl\u00e4che unten.<\/p>\n<p>Sie ben\u00f6tigen kurzfristig Servietten? Bestellen Sie Ihre unbedruckten Servietten auf unserer 2. Website <strong><a href=\"https:\/\/www.craftontable.com\/collections\/eco-servetten\">Craft On Table!<\/a><\/strong><\/p>\n<p><strong>Brauchen Sie eine pers\u00f6nliche Beratung bei der Auswahl der richtigen Servietten f\u00fcr Ihren Anlass?<\/strong> Dann z\u00f6gern Sie nicht, uns zu <strong><a href=\"https:\/\/place-add.nl\/de\/kontakt\/\">kontaktieren<\/a><\/strong>.<\/p>\n<p><button id=\"knop-contact-opnemen-overige-producten-de\">Kontaktieren Sie uns unverbindlich<\/button><\/p>\n","protected":false},"excerpt":{"rendered":"<p>Unsere <strong>wei\u00dfen Airlaid-Servietten<\/strong> sind aufgrund ihrer weichen Beschaffenheit und ihres attraktiven Preises eine beliebte Wahl! Dank des wei\u00dfen Grundmaterials kommen 1- oder 2-farbige Aufdrucke besonders gut zur Geltung und verleihen Ihrem gedeckten Tisch einen stilvollen Look.<\/p>\n<p><strong>Die wei\u00dfen Airlaid-Servietten sind in den folgenden Gr\u00f6\u00dfen erh\u00e4ltlich:<\/strong><\/p>\n<ul>\n<li>20 x 20 cm (Cocktailgr\u00f6\u00dfe): Ideal als Untersetzer f\u00fcr Getr\u00e4nke und Fingerfood\/Tapas.<\/li>\n<li>24 x 24 cm (Cocktail-Gr\u00f6\u00dfe): Perfekt zum Servieren von Getr\u00e4nken und Fingerfood\/Tapas.<\/li>\n<li>33 x 33 cm: Geeignet f\u00fcr B\u00fcffets, Abendessen und andere Anl\u00e4sse.<\/li>\n<li>40 x 40 cm: Haupts\u00e4chlich als Serviette beim Abendessen verwendet.<\/li>\n<li>40 x 48 cm (60 g\/m\u00b2): Eine breitere Variante f\u00fcr besondere Anl\u00e4sse.<\/li>\n<\/ul>\n<p>Die Lieferzeit f\u00fcr personalisierte Servietten betr\u00e4gt in der Regel <strong>6 bis 9 Wochen<\/strong>.<\/p>\n<p><strong>Erstellen Sie Ihr eigenes Design und bestellen Sie Ihre Servietten direkt \u00fcber unseren Serviettenkonfigurator, indem Sie auf die Schaltfl\u00e4che unten klicken.<\/strong><\/p>\n<p><strong>Preise ohne Versandkosten. Diese sind (noch) nicht in den Preisen enthalten.<\/strong><\/p>\n<p><a class=\"button-custom-product\" href=\"https:\/\/place-add.nl\/wp-content\/uploads\/2025\/06\/PA-prijslijst-Airlaid-wit-duits.pdf\" target=\"_blank\" rel=\"noopener\">Gehen Sie zu den Preisen<\/a> <button id=\"knop-contact-opnemen-overige-producten-de\">Kontaktieren Sie uns unverbindlich<\/button><\/p>\n","protected":false},"featured_media":40746,"template":"","meta":[],"product_brand":[],"product_cat":[1417],"product_tag":[1134,1133,1250,1251,1385],"class_list":{"0":"post-43135","1":"product","2":"type-product","3":"status-publish","4":"has-post-thumbnail","6":"product_cat-airlaid-bedruckt-de","7":"product_tag-airlaid-servietten","8":"product_tag-airlaid-drucken","9":"product_tag-servietten","10":"product_tag-servietten-bedrucken","11":"product_tag-weise-airlaid-servietten","13":"first","14":"instock","15":"taxable","16":"shipping-taxable","17":"product-type-simple"},"yoast_head":"<!-- This site is optimized with the Yoast SEO Premium plugin v27.2 (Yoast SEO v27.2) - https:\/\/yoast.com\/product\/yoast-seo-premium-wordpress\/ -->\n<title>wei\u00df bedruckten Airlaid-Servietten | Place Add | F\u00fcr die Gastronomie<\/title>\n<meta name=\"description\" content=\"Airlaid-Servietten Wei\u00df bedruckt: weich, preiswert und perfekt f\u00fcr jeden Anlass. Erh\u00e4ltlich in verschiedenen Gr\u00f6\u00dfen und mit Druck in 1 oder mehreren Farben.\" \/>\n<meta name=\"robots\" content=\"index, follow, max-snippet:-1, max-image-preview:large, max-video-preview:-1\" \/>\n<link rel=\"canonical\" href=\"https:\/\/place-add.nl\/de\/produkt\/weiss-bedruckten-airlaid-servietten\/\" \/>\n<meta property=\"og:locale\" content=\"de_DE\" \/>\n<meta property=\"og:type\" content=\"article\" \/>\n<meta property=\"og:title\" content=\"Wei\u00dfe Airlaid-Servietten mit Aufdruck\" \/>\n<meta property=\"og:description\" content=\"Airlaid-Servietten Wei\u00df bedruckt: weich, preiswert und perfekt f\u00fcr jeden Anlass. Erh\u00e4ltlich in verschiedenen Gr\u00f6\u00dfen und mit Druck in 1 oder mehreren Farben.\" \/>\n<meta property=\"og:url\" content=\"https:\/\/place-add.nl\/de\/produkt\/weiss-bedruckten-airlaid-servietten\/\" \/>\n<meta property=\"og:site_name\" content=\"Place Add\" \/>\n<meta property=\"article:publisher\" content=\"https:\/\/www.facebook.com\/PlaceAdd\/\" \/>\n<meta property=\"article:modified_time\" content=\"2025-06-30T12:21:56+00:00\" \/>\n<meta property=\"og:image\" content=\"https:\/\/place-add.nl\/wp-content\/uploads\/2024\/06\/Bedrukt_Airlaid_WIT_1-scaled.jpg\" \/>\n\t<meta property=\"og:image:width\" content=\"1000\" \/>\n\t<meta property=\"og:image:height\" content=\"1000\" \/>\n\t<meta property=\"og:image:type\" content=\"image\/jpeg\" \/>\n<meta name=\"twitter:card\" content=\"summary_large_image\" \/>\n<meta name=\"twitter:label1\" content=\"Gesch\u00e4tzte Lesezeit\" \/>\n\t<meta name=\"twitter:data1\" content=\"2\u00a0Minuten\" \/>\n<script type=\"application\/ld+json\" class=\"yoast-schema-graph\">{\"@context\":\"https:\/\/schema.org\",\"@graph\":[{\"@type\":\"WebPage\",\"@id\":\"https:\/\/place-add.nl\/de\/produkt\/weiss-bedruckten-airlaid-servietten\/\",\"url\":\"https:\/\/place-add.nl\/de\/produkt\/weiss-bedruckten-airlaid-servietten\/\",\"name\":\"wei\u00df bedruckten Airlaid-Servietten | Place Add | F\u00fcr die Gastronomie\",\"isPartOf\":{\"@id\":\"https:\/\/place-add.nl\/de\/#website\"},\"primaryImageOfPage\":{\"@id\":\"https:\/\/place-add.nl\/de\/produkt\/weiss-bedruckten-airlaid-servietten\/#primaryimage\"},\"image\":{\"@id\":\"https:\/\/place-add.nl\/de\/produkt\/weiss-bedruckten-airlaid-servietten\/#primaryimage\"},\"thumbnailUrl\":\"https:\/\/place-add.nl\/wp-content\/uploads\/2024\/06\/Bedrukt_Airlaid_WIT_1-scaled.jpg\",\"datePublished\":\"2024-06-17T17:18:49+00:00\",\"dateModified\":\"2025-06-30T12:21:56+00:00\",\"description\":\"Airlaid-Servietten Wei\u00df bedruckt: weich, preiswert und perfekt f\u00fcr jeden Anlass. Erh\u00e4ltlich in verschiedenen Gr\u00f6\u00dfen und mit Druck in 1 oder mehreren Farben.\",\"breadcrumb\":{\"@id\":\"https:\/\/place-add.nl\/de\/produkt\/weiss-bedruckten-airlaid-servietten\/#breadcrumb\"},\"inLanguage\":\"de\",\"potentialAction\":[{\"@type\":\"ReadAction\",\"target\":[\"https:\/\/place-add.nl\/de\/produkt\/weiss-bedruckten-airlaid-servietten\/\"]}]},{\"@type\":\"ImageObject\",\"inLanguage\":\"de\",\"@id\":\"https:\/\/place-add.nl\/de\/produkt\/weiss-bedruckten-airlaid-servietten\/#primaryimage\",\"url\":\"https:\/\/place-add.nl\/wp-content\/uploads\/2024\/06\/Bedrukt_Airlaid_WIT_1-scaled.jpg\",\"contentUrl\":\"https:\/\/place-add.nl\/wp-content\/uploads\/2024\/06\/Bedrukt_Airlaid_WIT_1-scaled.jpg\",\"width\":1000,\"height\":1000,\"caption\":\"Airlaid servetten Wit bedrukt\"},{\"@type\":\"BreadcrumbList\",\"@id\":\"https:\/\/place-add.nl\/de\/produkt\/weiss-bedruckten-airlaid-servietten\/#breadcrumb\",\"itemListElement\":[{\"@type\":\"ListItem\",\"position\":1,\"name\":\"Home\",\"item\":\"https:\/\/place-add.nl\/de\/home\/\"},{\"@type\":\"ListItem\",\"position\":2,\"name\":\"Shop\",\"item\":\"https:\/\/place-add.nl\/de\/shop\/\"},{\"@type\":\"ListItem\",\"position\":3,\"name\":\"Wei\u00dfe Airlaid-Servietten mit Aufdruck\"}]},{\"@type\":\"WebSite\",\"@id\":\"https:\/\/place-add.nl\/de\/#website\",\"url\":\"https:\/\/place-add.nl\/de\/\",\"name\":\"Place Add\",\"description\":\"Tafelkleding voor de horeca\",\"publisher\":{\"@id\":\"https:\/\/place-add.nl\/de\/#organization\"},\"potentialAction\":[{\"@type\":\"SearchAction\",\"target\":{\"@type\":\"EntryPoint\",\"urlTemplate\":\"https:\/\/place-add.nl\/de\/?s={search_term_string}\"},\"query-input\":{\"@type\":\"PropertyValueSpecification\",\"valueRequired\":true,\"valueName\":\"search_term_string\"}}],\"inLanguage\":\"de\"},{\"@type\":\"Organization\",\"@id\":\"https:\/\/place-add.nl\/de\/#organization\",\"name\":\"Place Add\",\"url\":\"https:\/\/place-add.nl\/de\/\",\"logo\":{\"@type\":\"ImageObject\",\"inLanguage\":\"de\",\"@id\":\"https:\/\/place-add.nl\/de\/#\/schema\/logo\/image\/\",\"url\":\"https:\/\/place-add.nl\/wp-content\/uploads\/2023\/11\/logo-img-place-add.png\",\"contentUrl\":\"https:\/\/place-add.nl\/wp-content\/uploads\/2023\/11\/logo-img-place-add.png\",\"width\":404,\"height\":106,\"caption\":\"Place Add\"},\"image\":{\"@id\":\"https:\/\/place-add.nl\/de\/#\/schema\/logo\/image\/\"},\"sameAs\":[\"https:\/\/www.facebook.com\/PlaceAdd\/\",\"https:\/\/www.instagram.com\/place_add\/\",\"https:\/\/www.youtube.com\/@placeadd\"]}]}<\/script>\n<!-- \/ Yoast SEO Premium plugin. -->","yoast_head_json":{"title":"wei\u00df bedruckten Airlaid-Servietten | Place Add | F\u00fcr die Gastronomie","description":"Airlaid-Servietten Wei\u00df bedruckt: weich, preiswert und perfekt f\u00fcr jeden Anlass. Erh\u00e4ltlich in verschiedenen Gr\u00f6\u00dfen und mit Druck in 1 oder mehreren Farben.","robots":{"index":"index","follow":"follow","max-snippet":"max-snippet:-1","max-image-preview":"max-image-preview:large","max-video-preview":"max-video-preview:-1"},"canonical":"https:\/\/place-add.nl\/de\/produkt\/weiss-bedruckten-airlaid-servietten\/","og_locale":"de_DE","og_type":"article","og_title":"Wei\u00dfe Airlaid-Servietten mit Aufdruck","og_description":"Airlaid-Servietten Wei\u00df bedruckt: weich, preiswert und perfekt f\u00fcr jeden Anlass. Erh\u00e4ltlich in verschiedenen Gr\u00f6\u00dfen und mit Druck in 1 oder mehreren Farben.","og_url":"https:\/\/place-add.nl\/de\/produkt\/weiss-bedruckten-airlaid-servietten\/","og_site_name":"Place Add","article_publisher":"https:\/\/www.facebook.com\/PlaceAdd\/","article_modified_time":"2025-06-30T12:21:56+00:00","og_image":[{"width":1000,"height":1000,"url":"https:\/\/place-add.nl\/wp-content\/uploads\/2024\/06\/Bedrukt_Airlaid_WIT_1-scaled.jpg","type":"image\/jpeg"}],"twitter_card":"summary_large_image","twitter_misc":{"Gesch\u00e4tzte Lesezeit":"2\u00a0Minuten"},"schema":{"@context":"https:\/\/schema.org","@graph":[{"@type":"WebPage","@id":"https:\/\/place-add.nl\/de\/produkt\/weiss-bedruckten-airlaid-servietten\/","url":"https:\/\/place-add.nl\/de\/produkt\/weiss-bedruckten-airlaid-servietten\/","name":"wei\u00df bedruckten Airlaid-Servietten | Place Add | F\u00fcr die Gastronomie","isPartOf":{"@id":"https:\/\/place-add.nl\/de\/#website"},"primaryImageOfPage":{"@id":"https:\/\/place-add.nl\/de\/produkt\/weiss-bedruckten-airlaid-servietten\/#primaryimage"},"image":{"@id":"https:\/\/place-add.nl\/de\/produkt\/weiss-bedruckten-airlaid-servietten\/#primaryimage"},"thumbnailUrl":"https:\/\/place-add.nl\/wp-content\/uploads\/2024\/06\/Bedrukt_Airlaid_WIT_1-scaled.jpg","datePublished":"2024-06-17T17:18:49+00:00","dateModified":"2025-06-30T12:21:56+00:00","description":"Airlaid-Servietten Wei\u00df bedruckt: weich, preiswert und perfekt f\u00fcr jeden Anlass. Erh\u00e4ltlich in verschiedenen Gr\u00f6\u00dfen und mit Druck in 1 oder mehreren Farben.","breadcrumb":{"@id":"https:\/\/place-add.nl\/de\/produkt\/weiss-bedruckten-airlaid-servietten\/#breadcrumb"},"inLanguage":"de","potentialAction":[{"@type":"ReadAction","target":["https:\/\/place-add.nl\/de\/produkt\/weiss-bedruckten-airlaid-servietten\/"]}]},{"@type":"ImageObject","inLanguage":"de","@id":"https:\/\/place-add.nl\/de\/produkt\/weiss-bedruckten-airlaid-servietten\/#primaryimage","url":"https:\/\/place-add.nl\/wp-content\/uploads\/2024\/06\/Bedrukt_Airlaid_WIT_1-scaled.jpg","contentUrl":"https:\/\/place-add.nl\/wp-content\/uploads\/2024\/06\/Bedrukt_Airlaid_WIT_1-scaled.jpg","width":1000,"height":1000,"caption":"Airlaid servetten Wit bedrukt"},{"@type":"BreadcrumbList","@id":"https:\/\/place-add.nl\/de\/produkt\/weiss-bedruckten-airlaid-servietten\/#breadcrumb","itemListElement":[{"@type":"ListItem","position":1,"name":"Home","item":"https:\/\/place-add.nl\/de\/home\/"},{"@type":"ListItem","position":2,"name":"Shop","item":"https:\/\/place-add.nl\/de\/shop\/"},{"@type":"ListItem","position":3,"name":"Wei\u00dfe Airlaid-Servietten mit Aufdruck"}]},{"@type":"WebSite","@id":"https:\/\/place-add.nl\/de\/#website","url":"https:\/\/place-add.nl\/de\/","name":"Place Add","description":"Tafelkleding voor de horeca","publisher":{"@id":"https:\/\/place-add.nl\/de\/#organization"},"potentialAction":[{"@type":"SearchAction","target":{"@type":"EntryPoint","urlTemplate":"https:\/\/place-add.nl\/de\/?s={search_term_string}"},"query-input":{"@type":"PropertyValueSpecification","valueRequired":true,"valueName":"search_term_string"}}],"inLanguage":"de"},{"@type":"Organization","@id":"https:\/\/place-add.nl\/de\/#organization","name":"Place Add","url":"https:\/\/place-add.nl\/de\/","logo":{"@type":"ImageObject","inLanguage":"de","@id":"https:\/\/place-add.nl\/de\/#\/schema\/logo\/image\/","url":"https:\/\/place-add.nl\/wp-content\/uploads\/2023\/11\/logo-img-place-add.png","contentUrl":"https:\/\/place-add.nl\/wp-content\/uploads\/2023\/11\/logo-img-place-add.png","width":404,"height":106,"caption":"Place Add"},"image":{"@id":"https:\/\/place-add.nl\/de\/#\/schema\/logo\/image\/"},"sameAs":["https:\/\/www.facebook.com\/PlaceAdd\/","https:\/\/www.instagram.com\/place_add\/","https:\/\/www.youtube.com\/@placeadd"]}]}},"_links":{"self":[{"href":"https:\/\/place-add.nl\/de\/wp-json\/wp\/v2\/product\/43135","targetHints":{"allow":["GET"]}}],"collection":[{"href":"https:\/\/place-add.nl\/de\/wp-json\/wp\/v2\/product"}],"about":[{"href":"https:\/\/place-add.nl\/de\/wp-json\/wp\/v2\/types\/product"}],"wp:featuredmedia":[{"embeddable":true,"href":"https:\/\/place-add.nl\/de\/wp-json\/wp\/v2\/media\/40746"}],"wp:attachment":[{"href":"https:\/\/place-add.nl\/de\/wp-json\/wp\/v2\/media?parent=43135"}],"wp:term":[{"taxonomy":"product_brand","embeddable":true,"href":"https:\/\/place-add.nl\/de\/wp-json\/wp\/v2\/product_brand?post=43135"},{"taxonomy":"product_cat","embeddable":true,"href":"https:\/\/place-add.nl\/de\/wp-json\/wp\/v2\/product_cat?post=43135"},{"taxonomy":"product_tag","embeddable":true,"href":"https:\/\/place-add.nl\/de\/wp-json\/wp\/v2\/product_tag?post=43135"}],"curies":[{"name":"wp","href":"https:\/\/api.w.org\/{rel}","templated":true}]}}