{"id":43166,"date":"2024-06-17T17:19:41","date_gmt":"2024-06-17T17:19:41","guid":{"rendered":"https:\/\/place-add.nl\/product\/airlaid-basic-servetten-bedrukt\/"},"modified":"2025-06-30T13:15:44","modified_gmt":"2025-06-30T13:15:44","slug":"airlaid-basic-bedruckte-servietten","status":"publish","type":"product","link":"https:\/\/place-add.nl\/de\/produkt\/airlaid-basic-bedruckte-servietten\/","title":{"rendered":"Airlaid Servietten BASIC bedruckt"},"content":{"rendered":"<p>Unsere <strong>bedruckten Airlaid BASIC-Servietten<\/strong> bieten eine ideale Kombination aus Qualit\u00e4t und Erschwinglichkeit, perfekt f\u00fcr eine Vielzahl von Tischsituationen. Hergestellt aus Airlaid-Material mit einem Gewicht von 55 Gramm pro Quadratmeter bieten diese Servietten ein angenehmes, weiches Gef\u00fchl und sind gleichzeitig robust und langlebig genug f\u00fcr den t\u00e4glichen Gebrauch im Gastgewerbe. Mit einer Auswahl von 9 BASIC-Farben k\u00f6nnen Sie ganz einfach den richtigen Farbton w\u00e4hlen, um Ihr Tischgedeck zu vervollst\u00e4ndigen.<\/p>\n<p>Die bedruckten Airlaid BASIC-Servietten sind in einer praktischen Gr\u00f6\u00dfe von 40 x 40 cm erh\u00e4ltlich und bieten Flexibilit\u00e4t bei der Pr\u00e4sentation mit zwei verschiedenen Faltoptionen: die 1\/4-Faltung (gefaltet auf 20 x 20 cm) f\u00fcr einen traditionellen Look oder die 1\/8-Faltung (gefaltet auf 10 x 20 cm) f\u00fcr einen straffen, modernen Look.<\/p>\n<ul>\n<li><strong>Gr\u00f6\u00dfe:<\/strong> 40 x 40 cm<\/li>\n<li><strong>Falzoptionen:<\/strong> Erh\u00e4ltlich mit 1\/4-Faltung und 1\/8-Faltung<\/li>\n<li><strong>Lieferzeit:<\/strong> 4 bis 7 Wochen f\u00fcr personalisierte Servietten<\/li>\n<\/ul>\n<p>Erstellen Sie Ihr eigenes Design und bestellen Sie Ihre personalisierten Servietten ganz einfach \u00fcber unseren <strong><a href=\"https:\/\/place-add.nl\/airlaid-configurator\/\">Serviettenkonfigurator<\/a><\/strong>. Sehen Sie alle Staffelpreise und bestellen Sie jetzt \u00fcber die Schaltfl\u00e4che unten.<\/p>\n<p>Sie ben\u00f6tigen kurzfristig Servietten? Bestellen Sie Ihre unbedruckten Servietten auf unserer 2. Website <strong><a href=\"https:\/\/www.craftontable.com\/collections\/eco-servetten\">Craft On Table!<\/a><\/strong><\/p>\n<p><strong>Ben\u00f6tigen Sie eine pers\u00f6nliche Beratung bei der Auswahl der richtigen Servietten f\u00fcr Ihren Anlass?<\/strong> Dann z\u00f6gern Sie nicht, uns zu kontaktieren. Unser engagiertes Team hilft Ihnen gerne, die perfekte Wahl f\u00fcr Ihre speziellen Bed\u00fcrfnisse zu treffen.<\/p>\n<p><button id=\"knop-contact-opnemen-overige-producten-de\">Kontaktieren Sie uns unverbindlich<\/button><\/p>\n","protected":false},"excerpt":{"rendered":"<p>Unsere<strong> Airlaid BASIC-Servietten<\/strong> sind im praktische<strong>n Format 40 x 40 cm und in 55g-Qualit\u00e4t erh\u00e4ltlich<\/strong>. Bei einer Auswahl von 9 BASIC-Farben finden Sie sicher die perfekte Erg\u00e4nzung f\u00fcr Ihren gedeckten Tisch.<\/p>\n<p><strong>Erh\u00e4ltlich in den folgenden Gr\u00f6\u00dfen:<\/strong><\/p>\n<ul>\n<li>40 x 40 cm: Geeignet f\u00fcr verschiedene Verwendungszwecke, erh\u00e4ltlich mit 1\/4-Faltung (gefaltet 20&#215;20 cm) und 1\/8-Faltung (gefaltet 10&#215;20 cm).<\/li>\n<\/ul>\n<p>Die Lieferzeit f\u00fcr personalisierte Servietten betr\u00e4gt normalerweise <strong>4 bis 7 Wochen.<\/strong><\/p>\n<p><strong>Entwerfen Sie Ihr eigenes Design und bestellen Sie Ihre Servietten direkt \u00fcber unseren Serviettenkonfigurator, indem Sie auf die Schaltfl\u00e4che unten klicken.<\/strong><\/p>\n<p><strong>Preise ohne Versandkosten. Diese sind (noch) nicht in den Preisen enthalten.<\/strong><\/p>\n<p><a class=\"button-custom-product\" href=\"https:\/\/place-add.nl\/wp-content\/uploads\/2025\/06\/PA-prijslijst-Airlaid-Basic-duits-1.pdf\" target=\"_blank\" rel=\"noopener\">Gehen Sie zu den Preisen<\/a> <button id=\"knop-contact-opnemen-overige-producten-de\">Kontaktieren Sie uns unverbindlich<\/button><\/p>\n<p>&nbsp;<\/p>\n","protected":false},"featured_media":40704,"template":"","meta":[],"product_brand":[],"product_cat":[1417],"product_tag":[1234,1237,1175,1134,1133,1279,1250,1251],"class_list":{"0":"post-43166","1":"product","2":"type-product","3":"status-publish","4":"has-post-thumbnail","6":"product_cat-airlaid-bedruckt-de","7":"product_tag-airlaid-55gramm","8":"product_tag-airlaid-basic-de","9":"product_tag-airlaid-farbig-bedruckt","10":"product_tag-airlaid-servietten","11":"product_tag-airlaid-drucken","12":"product_tag-farbige-airlaid-servietten","13":"product_tag-servietten","14":"product_tag-servietten-bedrucken","16":"first","17":"instock","18":"taxable","19":"shipping-taxable","20":"product-type-simple"},"yoast_head":"<!-- This site is optimized with the Yoast SEO Premium plugin v27.2 (Yoast SEO v27.2) - https:\/\/yoast.com\/product\/yoast-seo-premium-wordpress\/ -->\n<title>Airlaid Servietten BASIC bedruckt | Place Add | F\u00fcr die Gastronomie<\/title>\n<meta name=\"description\" content=\"Luxuri\u00f6se Airlaid BASIC-Servietten Bedruckt: 40 x 40 cm, 55 Gramm, erh\u00e4ltlich in 9 Farben. Diese Serviette ist perfekt f\u00fcr das Abendessen!\" \/>\n<meta name=\"robots\" content=\"index, follow, max-snippet:-1, max-image-preview:large, max-video-preview:-1\" \/>\n<link rel=\"canonical\" href=\"https:\/\/place-add.nl\/de\/produkt\/airlaid-basic-bedruckte-servietten\/\" \/>\n<meta property=\"og:locale\" content=\"de_DE\" \/>\n<meta property=\"og:type\" content=\"article\" \/>\n<meta property=\"og:title\" content=\"Airlaid Servietten BASIC bedruckt\" \/>\n<meta property=\"og:description\" content=\"Luxuri\u00f6se Airlaid BASIC-Servietten Bedruckt: 40 x 40 cm, 55 Gramm, erh\u00e4ltlich in 9 Farben. Diese Serviette ist perfekt f\u00fcr das Abendessen!\" \/>\n<meta property=\"og:url\" content=\"https:\/\/place-add.nl\/de\/produkt\/airlaid-basic-bedruckte-servietten\/\" \/>\n<meta property=\"og:site_name\" content=\"Place Add\" \/>\n<meta property=\"article:publisher\" content=\"https:\/\/www.facebook.com\/PlaceAdd\/\" \/>\n<meta property=\"article:modified_time\" content=\"2025-06-30T13:15:44+00:00\" \/>\n<meta property=\"og:image\" content=\"https:\/\/place-add.nl\/wp-content\/uploads\/2024\/06\/Bedrukt_Airlaid_BASIC_6-scaled.jpg\" \/>\n\t<meta property=\"og:image:width\" content=\"1000\" \/>\n\t<meta property=\"og:image:height\" content=\"1000\" \/>\n\t<meta property=\"og:image:type\" content=\"image\/jpeg\" \/>\n<meta name=\"twitter:card\" content=\"summary_large_image\" \/>\n<meta name=\"twitter:label1\" content=\"Gesch\u00e4tzte Lesezeit\" \/>\n\t<meta name=\"twitter:data1\" content=\"2\u00a0Minuten\" \/>\n<script type=\"application\/ld+json\" class=\"yoast-schema-graph\">{\"@context\":\"https:\/\/schema.org\",\"@graph\":[{\"@type\":\"WebPage\",\"@id\":\"https:\/\/place-add.nl\/de\/produkt\/airlaid-basic-bedruckte-servietten\/\",\"url\":\"https:\/\/place-add.nl\/de\/produkt\/airlaid-basic-bedruckte-servietten\/\",\"name\":\"Airlaid Servietten BASIC bedruckt | Place Add | F\u00fcr die Gastronomie\",\"isPartOf\":{\"@id\":\"https:\/\/place-add.nl\/de\/#website\"},\"primaryImageOfPage\":{\"@id\":\"https:\/\/place-add.nl\/de\/produkt\/airlaid-basic-bedruckte-servietten\/#primaryimage\"},\"image\":{\"@id\":\"https:\/\/place-add.nl\/de\/produkt\/airlaid-basic-bedruckte-servietten\/#primaryimage\"},\"thumbnailUrl\":\"https:\/\/place-add.nl\/wp-content\/uploads\/2024\/06\/Bedrukt_Airlaid_BASIC_6-scaled.jpg\",\"datePublished\":\"2024-06-17T17:19:41+00:00\",\"dateModified\":\"2025-06-30T13:15:44+00:00\",\"description\":\"Luxuri\u00f6se Airlaid BASIC-Servietten Bedruckt: 40 x 40 cm, 55 Gramm, erh\u00e4ltlich in 9 Farben. Diese Serviette ist perfekt f\u00fcr das Abendessen!\",\"breadcrumb\":{\"@id\":\"https:\/\/place-add.nl\/de\/produkt\/airlaid-basic-bedruckte-servietten\/#breadcrumb\"},\"inLanguage\":\"de\",\"potentialAction\":[{\"@type\":\"ReadAction\",\"target\":[\"https:\/\/place-add.nl\/de\/produkt\/airlaid-basic-bedruckte-servietten\/\"]}]},{\"@type\":\"ImageObject\",\"inLanguage\":\"de\",\"@id\":\"https:\/\/place-add.nl\/de\/produkt\/airlaid-basic-bedruckte-servietten\/#primaryimage\",\"url\":\"https:\/\/place-add.nl\/wp-content\/uploads\/2024\/06\/Bedrukt_Airlaid_BASIC_6-scaled.jpg\",\"contentUrl\":\"https:\/\/place-add.nl\/wp-content\/uploads\/2024\/06\/Bedrukt_Airlaid_BASIC_6-scaled.jpg\",\"width\":1000,\"height\":1000,\"caption\":\"Airlaid BASIC servetten bedrukt\"},{\"@type\":\"BreadcrumbList\",\"@id\":\"https:\/\/place-add.nl\/de\/produkt\/airlaid-basic-bedruckte-servietten\/#breadcrumb\",\"itemListElement\":[{\"@type\":\"ListItem\",\"position\":1,\"name\":\"Home\",\"item\":\"https:\/\/place-add.nl\/de\/home\/\"},{\"@type\":\"ListItem\",\"position\":2,\"name\":\"Shop\",\"item\":\"https:\/\/place-add.nl\/de\/shop\/\"},{\"@type\":\"ListItem\",\"position\":3,\"name\":\"Airlaid Servietten BASIC bedruckt\"}]},{\"@type\":\"WebSite\",\"@id\":\"https:\/\/place-add.nl\/de\/#website\",\"url\":\"https:\/\/place-add.nl\/de\/\",\"name\":\"Place Add\",\"description\":\"Tafelkleding voor de horeca\",\"publisher\":{\"@id\":\"https:\/\/place-add.nl\/de\/#organization\"},\"potentialAction\":[{\"@type\":\"SearchAction\",\"target\":{\"@type\":\"EntryPoint\",\"urlTemplate\":\"https:\/\/place-add.nl\/de\/?s={search_term_string}\"},\"query-input\":{\"@type\":\"PropertyValueSpecification\",\"valueRequired\":true,\"valueName\":\"search_term_string\"}}],\"inLanguage\":\"de\"},{\"@type\":\"Organization\",\"@id\":\"https:\/\/place-add.nl\/de\/#organization\",\"name\":\"Place Add\",\"url\":\"https:\/\/place-add.nl\/de\/\",\"logo\":{\"@type\":\"ImageObject\",\"inLanguage\":\"de\",\"@id\":\"https:\/\/place-add.nl\/de\/#\/schema\/logo\/image\/\",\"url\":\"https:\/\/place-add.nl\/wp-content\/uploads\/2023\/11\/logo-img-place-add.png\",\"contentUrl\":\"https:\/\/place-add.nl\/wp-content\/uploads\/2023\/11\/logo-img-place-add.png\",\"width\":404,\"height\":106,\"caption\":\"Place Add\"},\"image\":{\"@id\":\"https:\/\/place-add.nl\/de\/#\/schema\/logo\/image\/\"},\"sameAs\":[\"https:\/\/www.facebook.com\/PlaceAdd\/\",\"https:\/\/www.instagram.com\/place_add\/\",\"https:\/\/www.youtube.com\/@placeadd\"]}]}<\/script>\n<!-- \/ Yoast SEO Premium plugin. -->","yoast_head_json":{"title":"Airlaid Servietten BASIC bedruckt | Place Add | F\u00fcr die Gastronomie","description":"Luxuri\u00f6se Airlaid BASIC-Servietten Bedruckt: 40 x 40 cm, 55 Gramm, erh\u00e4ltlich in 9 Farben. Diese Serviette ist perfekt f\u00fcr das Abendessen!","robots":{"index":"index","follow":"follow","max-snippet":"max-snippet:-1","max-image-preview":"max-image-preview:large","max-video-preview":"max-video-preview:-1"},"canonical":"https:\/\/place-add.nl\/de\/produkt\/airlaid-basic-bedruckte-servietten\/","og_locale":"de_DE","og_type":"article","og_title":"Airlaid Servietten BASIC bedruckt","og_description":"Luxuri\u00f6se Airlaid BASIC-Servietten Bedruckt: 40 x 40 cm, 55 Gramm, erh\u00e4ltlich in 9 Farben. Diese Serviette ist perfekt f\u00fcr das Abendessen!","og_url":"https:\/\/place-add.nl\/de\/produkt\/airlaid-basic-bedruckte-servietten\/","og_site_name":"Place Add","article_publisher":"https:\/\/www.facebook.com\/PlaceAdd\/","article_modified_time":"2025-06-30T13:15:44+00:00","og_image":[{"width":1000,"height":1000,"url":"https:\/\/place-add.nl\/wp-content\/uploads\/2024\/06\/Bedrukt_Airlaid_BASIC_6-scaled.jpg","type":"image\/jpeg"}],"twitter_card":"summary_large_image","twitter_misc":{"Gesch\u00e4tzte Lesezeit":"2\u00a0Minuten"},"schema":{"@context":"https:\/\/schema.org","@graph":[{"@type":"WebPage","@id":"https:\/\/place-add.nl\/de\/produkt\/airlaid-basic-bedruckte-servietten\/","url":"https:\/\/place-add.nl\/de\/produkt\/airlaid-basic-bedruckte-servietten\/","name":"Airlaid Servietten BASIC bedruckt | Place Add | F\u00fcr die Gastronomie","isPartOf":{"@id":"https:\/\/place-add.nl\/de\/#website"},"primaryImageOfPage":{"@id":"https:\/\/place-add.nl\/de\/produkt\/airlaid-basic-bedruckte-servietten\/#primaryimage"},"image":{"@id":"https:\/\/place-add.nl\/de\/produkt\/airlaid-basic-bedruckte-servietten\/#primaryimage"},"thumbnailUrl":"https:\/\/place-add.nl\/wp-content\/uploads\/2024\/06\/Bedrukt_Airlaid_BASIC_6-scaled.jpg","datePublished":"2024-06-17T17:19:41+00:00","dateModified":"2025-06-30T13:15:44+00:00","description":"Luxuri\u00f6se Airlaid BASIC-Servietten Bedruckt: 40 x 40 cm, 55 Gramm, erh\u00e4ltlich in 9 Farben. Diese Serviette ist perfekt f\u00fcr das Abendessen!","breadcrumb":{"@id":"https:\/\/place-add.nl\/de\/produkt\/airlaid-basic-bedruckte-servietten\/#breadcrumb"},"inLanguage":"de","potentialAction":[{"@type":"ReadAction","target":["https:\/\/place-add.nl\/de\/produkt\/airlaid-basic-bedruckte-servietten\/"]}]},{"@type":"ImageObject","inLanguage":"de","@id":"https:\/\/place-add.nl\/de\/produkt\/airlaid-basic-bedruckte-servietten\/#primaryimage","url":"https:\/\/place-add.nl\/wp-content\/uploads\/2024\/06\/Bedrukt_Airlaid_BASIC_6-scaled.jpg","contentUrl":"https:\/\/place-add.nl\/wp-content\/uploads\/2024\/06\/Bedrukt_Airlaid_BASIC_6-scaled.jpg","width":1000,"height":1000,"caption":"Airlaid BASIC servetten bedrukt"},{"@type":"BreadcrumbList","@id":"https:\/\/place-add.nl\/de\/produkt\/airlaid-basic-bedruckte-servietten\/#breadcrumb","itemListElement":[{"@type":"ListItem","position":1,"name":"Home","item":"https:\/\/place-add.nl\/de\/home\/"},{"@type":"ListItem","position":2,"name":"Shop","item":"https:\/\/place-add.nl\/de\/shop\/"},{"@type":"ListItem","position":3,"name":"Airlaid Servietten BASIC bedruckt"}]},{"@type":"WebSite","@id":"https:\/\/place-add.nl\/de\/#website","url":"https:\/\/place-add.nl\/de\/","name":"Place Add","description":"Tafelkleding voor de horeca","publisher":{"@id":"https:\/\/place-add.nl\/de\/#organization"},"potentialAction":[{"@type":"SearchAction","target":{"@type":"EntryPoint","urlTemplate":"https:\/\/place-add.nl\/de\/?s={search_term_string}"},"query-input":{"@type":"PropertyValueSpecification","valueRequired":true,"valueName":"search_term_string"}}],"inLanguage":"de"},{"@type":"Organization","@id":"https:\/\/place-add.nl\/de\/#organization","name":"Place Add","url":"https:\/\/place-add.nl\/de\/","logo":{"@type":"ImageObject","inLanguage":"de","@id":"https:\/\/place-add.nl\/de\/#\/schema\/logo\/image\/","url":"https:\/\/place-add.nl\/wp-content\/uploads\/2023\/11\/logo-img-place-add.png","contentUrl":"https:\/\/place-add.nl\/wp-content\/uploads\/2023\/11\/logo-img-place-add.png","width":404,"height":106,"caption":"Place Add"},"image":{"@id":"https:\/\/place-add.nl\/de\/#\/schema\/logo\/image\/"},"sameAs":["https:\/\/www.facebook.com\/PlaceAdd\/","https:\/\/www.instagram.com\/place_add\/","https:\/\/www.youtube.com\/@placeadd"]}]}},"_links":{"self":[{"href":"https:\/\/place-add.nl\/de\/wp-json\/wp\/v2\/product\/43166","targetHints":{"allow":["GET"]}}],"collection":[{"href":"https:\/\/place-add.nl\/de\/wp-json\/wp\/v2\/product"}],"about":[{"href":"https:\/\/place-add.nl\/de\/wp-json\/wp\/v2\/types\/product"}],"wp:featuredmedia":[{"embeddable":true,"href":"https:\/\/place-add.nl\/de\/wp-json\/wp\/v2\/media\/40704"}],"wp:attachment":[{"href":"https:\/\/place-add.nl\/de\/wp-json\/wp\/v2\/media?parent=43166"}],"wp:term":[{"taxonomy":"product_brand","embeddable":true,"href":"https:\/\/place-add.nl\/de\/wp-json\/wp\/v2\/product_brand?post=43166"},{"taxonomy":"product_cat","embeddable":true,"href":"https:\/\/place-add.nl\/de\/wp-json\/wp\/v2\/product_cat?post=43166"},{"taxonomy":"product_tag","embeddable":true,"href":"https:\/\/place-add.nl\/de\/wp-json\/wp\/v2\/product_tag?post=43166"}],"curies":[{"name":"wp","href":"https:\/\/api.w.org\/{rel}","templated":true}]}}