{"id":43172,"date":"2024-06-17T17:20:14","date_gmt":"2024-06-17T17:20:14","guid":{"rendered":"https:\/\/place-add.nl\/product\/airlaid-premium-servetten-bedrukt\/"},"modified":"2025-06-30T12:18:57","modified_gmt":"2025-06-30T12:18:57","slug":"airlaid-premium-bedruckt","status":"publish","type":"product","link":"https:\/\/place-add.nl\/de\/produkt\/airlaid-premium-bedruckt\/","title":{"rendered":"Airlaid Servietten PREMIUM Bedruckt"},"content":{"rendered":"<p>Entdecken Sie den Luxus und die Qualit\u00e4t unserer <strong>bedruckten Airlaid PREMIUM-Servietten<\/strong>, die aus der dicksten und robustesten Airlaid-Qualit\u00e4t mit einem Gewicht von satten 65 Gramm pro Quadratmeter hergestellt werden. Diese Servietten vereinen Robustheit mit der bekannten Weichheit von Airlaid, so dass Ihre G\u00e4ste ein hochwertiges Tafelerlebnis genie\u00dfen k\u00f6nnen, das sowohl Komfort als auch Luxus ausstrahlt. Dank der gro\u00dfen Farbauswahl finden Sie immer eine perfekte Erg\u00e4nzung zu Ihrem Interieur oder Ihren Themenfarben, ideal f\u00fcr jedes Catering-Unternehmen oder jeden besonderen Anlass.<\/p>\n<p>Die bedruckten Airlaid PREMIUM-Servietten sind im Format 40 x 40 cm erh\u00e4ltlich und vielseitig einsetzbar, von informell bis schick. W\u00e4hlen Sie zwischen zwei verschiedenen Falzarten, je nachdem, wie Sie die Servietten pr\u00e4sentieren m\u00f6chten: die 1\/4-Falz (gefaltet 20 x 20 cm) f\u00fcr einen klassischen Look oder die 1\/8-Falz (gefaltet 10 x 20 cm) f\u00fcr eine schlanke, moderne Pr\u00e4sentation.<\/p>\n<p>Entwerfen Sie Ihr eigenes Design und bestellen Sie Ihre personalisierten Servietten ganz einfach \u00fcber unseren <strong><a href=\"https:\/\/place-add.nl\/airlaid-configurator\/\">Serviettenkonfigurator.<\/a><\/strong> Sehen Sie sich alle Staffelpreise an und bestellen Sie jetzt \u00fcber die Schaltfl\u00e4che unten.<\/p>\n<p>Sie ben\u00f6tigen kurzfristig Servietten? Bestellen Sie Ihre unbedruckten Servietten auf unserer 2. Website <strong><a href=\"https:\/\/www.craftontable.com\/collections\/eco-servetten\">Craft On Table!<\/a><\/strong><\/p>\n<p><strong>Ben\u00f6tigen Sie eine pers\u00f6nliche Beratung bei der Auswahl der richtigen Servietten f\u00fcr Ihren Anlass?<\/strong> Dann z\u00f6gern Sie nicht, uns zu kontaktieren. Unser engagiertes Team hilft Ihnen gerne, die perfekte Wahl f\u00fcr Ihre speziellen Bed\u00fcrfnisse zu treffen.<\/p>\n<p><button id=\"knop-contact-opnemen-overige-producten-de\">Kontaktieren Sie uns unverbindlich<\/button><\/p>\n","protected":false},"excerpt":{"rendered":"<p>Entdecken Sie den Luxus unserer <strong>AIRLAID PREMIUM<\/strong> Servietten, der dicksten Qualit\u00e4t mit einem Gewicht von <strong>65 Gramm<\/strong>. Diese robusten Servietten behalten dennoch die Weichheit, f\u00fcr die Airlaid bekannt ist, sodass Ihre G\u00e4ste eine hochwertige Tisch-Erfahrung genie\u00dfen k\u00f6nnen. Mit einer breiten Palette von Farben finden Sie immer die perfekte \u00dcbereinstimmung f\u00fcr Ihr Interieur.<\/p>\n<p><strong>Erh\u00e4ltlich in der folgenden Gr\u00f6\u00dfe:<\/strong><\/p>\n<ul>\n<li><strong>40 x 40 cm:<\/strong> Geeignet f\u00fcr verschiedene Anwendungen, erh\u00e4ltlich mit sowohl 1\/4-Faltung (gefaltet auf 20 x 20 cm) als auch 1\/8-Faltung (gefaltet auf 10 x 20 cm).<\/li>\n<\/ul>\n<p>Die Lieferzeit betr\u00e4gt 5 bis 7 Wochen.<\/p>\n<p><strong>Stellen Sie Ihr eigenes Design zusammen und bestellen Sie Ihre Servietten direkt \u00fcber unseren Servietten-Konfigurator, indem Sie auf die folgende Schaltfl\u00e4che klicken.<\/strong><\/p>\n<p><strong>Preise ohne Versandkosten. Diese sind (noch) nicht in den Preisen enthalten.<\/strong><\/p>\n<p><a class=\"button-custom-product\" href=\"https:\/\/place-add.nl\/wp-content\/uploads\/2025\/06\/PA-prijslijst-Airlaid-premium-duits.pdf\" target=\"_blank\" rel=\"noopener\">Gehen Sie zu den Preisen<\/a> <button id=\"knop-contact-opnemen-overige-producten-de\">Kontaktieren Sie uns unverbindlich<\/button><\/p>\n","protected":false},"featured_media":40686,"template":"","meta":[],"product_brand":[],"product_cat":[1417],"product_tag":[1236,1183,1184,1134,1133,1279,1250,1251],"class_list":{"0":"post-43172","1":"product","2":"type-product","3":"status-publish","4":"has-post-thumbnail","6":"product_cat-airlaid-bedruckt-de","7":"product_tag-airlaid-65gramm","8":"product_tag-airlaid-premium-farbig","9":"product_tag-airlaid-premium-servietten","10":"product_tag-airlaid-servietten","11":"product_tag-airlaid-drucken","12":"product_tag-farbige-airlaid-servietten","13":"product_tag-servietten","14":"product_tag-servietten-bedrucken","16":"first","17":"instock","18":"taxable","19":"shipping-taxable","20":"product-type-simple"},"yoast_head":"<!-- This site is optimized with the Yoast SEO Premium plugin v27.2 (Yoast SEO v27.2) - https:\/\/yoast.com\/product\/yoast-seo-premium-wordpress\/ -->\n<title>Airlaid Servietten PREMIUM Bedruckt | Place Add | F\u00fcr die Gastronomie<\/title>\n<meta name=\"description\" content=\"Entdecken Sie unsere luxuri\u00f6sen bedruckten AIRLAID PREMIUM-Servietten: 65 g, luxuri\u00f6s und weich. Gro\u00dfe Auswahl an Farben!\" \/>\n<meta name=\"robots\" content=\"index, follow, max-snippet:-1, max-image-preview:large, max-video-preview:-1\" \/>\n<link rel=\"canonical\" href=\"https:\/\/place-add.nl\/de\/produkt\/airlaid-premium-bedruckt\/\" \/>\n<meta property=\"og:locale\" content=\"de_DE\" \/>\n<meta property=\"og:type\" content=\"article\" \/>\n<meta property=\"og:title\" content=\"Airlaid Servietten PREMIUM Bedruckt\" \/>\n<meta property=\"og:description\" content=\"Entdecken Sie unsere luxuri\u00f6sen bedruckten AIRLAID PREMIUM-Servietten: 65 g, luxuri\u00f6s und weich. Gro\u00dfe Auswahl an Farben!\" \/>\n<meta property=\"og:url\" content=\"https:\/\/place-add.nl\/de\/produkt\/airlaid-premium-bedruckt\/\" \/>\n<meta property=\"og:site_name\" content=\"Place Add\" \/>\n<meta property=\"article:publisher\" content=\"https:\/\/www.facebook.com\/PlaceAdd\/\" \/>\n<meta property=\"article:modified_time\" content=\"2025-06-30T12:18:57+00:00\" \/>\n<meta property=\"og:image\" content=\"https:\/\/place-add.nl\/wp-content\/uploads\/2024\/06\/Bedrukt_Airlaid_PREMIUM_bedrukt_5-scaled.jpg\" \/>\n\t<meta property=\"og:image:width\" content=\"1000\" \/>\n\t<meta property=\"og:image:height\" content=\"1000\" \/>\n\t<meta property=\"og:image:type\" content=\"image\/jpeg\" \/>\n<meta name=\"twitter:card\" content=\"summary_large_image\" \/>\n<meta name=\"twitter:label1\" content=\"Gesch\u00e4tzte Lesezeit\" \/>\n\t<meta name=\"twitter:data1\" content=\"2\u00a0Minuten\" \/>\n<script type=\"application\/ld+json\" class=\"yoast-schema-graph\">{\"@context\":\"https:\/\/schema.org\",\"@graph\":[{\"@type\":\"WebPage\",\"@id\":\"https:\/\/place-add.nl\/de\/produkt\/airlaid-premium-bedruckt\/\",\"url\":\"https:\/\/place-add.nl\/de\/produkt\/airlaid-premium-bedruckt\/\",\"name\":\"Airlaid Servietten PREMIUM Bedruckt | Place Add | F\u00fcr die Gastronomie\",\"isPartOf\":{\"@id\":\"https:\/\/place-add.nl\/de\/#website\"},\"primaryImageOfPage\":{\"@id\":\"https:\/\/place-add.nl\/de\/produkt\/airlaid-premium-bedruckt\/#primaryimage\"},\"image\":{\"@id\":\"https:\/\/place-add.nl\/de\/produkt\/airlaid-premium-bedruckt\/#primaryimage\"},\"thumbnailUrl\":\"https:\/\/place-add.nl\/wp-content\/uploads\/2024\/06\/Bedrukt_Airlaid_PREMIUM_bedrukt_5-scaled.jpg\",\"datePublished\":\"2024-06-17T17:20:14+00:00\",\"dateModified\":\"2025-06-30T12:18:57+00:00\",\"description\":\"Entdecken Sie unsere luxuri\u00f6sen bedruckten AIRLAID PREMIUM-Servietten: 65 g, luxuri\u00f6s und weich. Gro\u00dfe Auswahl an Farben!\",\"breadcrumb\":{\"@id\":\"https:\/\/place-add.nl\/de\/produkt\/airlaid-premium-bedruckt\/#breadcrumb\"},\"inLanguage\":\"de\",\"potentialAction\":[{\"@type\":\"ReadAction\",\"target\":[\"https:\/\/place-add.nl\/de\/produkt\/airlaid-premium-bedruckt\/\"]}]},{\"@type\":\"ImageObject\",\"inLanguage\":\"de\",\"@id\":\"https:\/\/place-add.nl\/de\/produkt\/airlaid-premium-bedruckt\/#primaryimage\",\"url\":\"https:\/\/place-add.nl\/wp-content\/uploads\/2024\/06\/Bedrukt_Airlaid_PREMIUM_bedrukt_5-scaled.jpg\",\"contentUrl\":\"https:\/\/place-add.nl\/wp-content\/uploads\/2024\/06\/Bedrukt_Airlaid_PREMIUM_bedrukt_5-scaled.jpg\",\"width\":1000,\"height\":1000,\"caption\":\"Airlaid PREMIUM servetten bedrukt\"},{\"@type\":\"BreadcrumbList\",\"@id\":\"https:\/\/place-add.nl\/de\/produkt\/airlaid-premium-bedruckt\/#breadcrumb\",\"itemListElement\":[{\"@type\":\"ListItem\",\"position\":1,\"name\":\"Home\",\"item\":\"https:\/\/place-add.nl\/de\/home\/\"},{\"@type\":\"ListItem\",\"position\":2,\"name\":\"Shop\",\"item\":\"https:\/\/place-add.nl\/de\/shop\/\"},{\"@type\":\"ListItem\",\"position\":3,\"name\":\"Airlaid Servietten PREMIUM Bedruckt\"}]},{\"@type\":\"WebSite\",\"@id\":\"https:\/\/place-add.nl\/de\/#website\",\"url\":\"https:\/\/place-add.nl\/de\/\",\"name\":\"Place Add\",\"description\":\"Tafelkleding voor de horeca\",\"publisher\":{\"@id\":\"https:\/\/place-add.nl\/de\/#organization\"},\"potentialAction\":[{\"@type\":\"SearchAction\",\"target\":{\"@type\":\"EntryPoint\",\"urlTemplate\":\"https:\/\/place-add.nl\/de\/?s={search_term_string}\"},\"query-input\":{\"@type\":\"PropertyValueSpecification\",\"valueRequired\":true,\"valueName\":\"search_term_string\"}}],\"inLanguage\":\"de\"},{\"@type\":\"Organization\",\"@id\":\"https:\/\/place-add.nl\/de\/#organization\",\"name\":\"Place Add\",\"url\":\"https:\/\/place-add.nl\/de\/\",\"logo\":{\"@type\":\"ImageObject\",\"inLanguage\":\"de\",\"@id\":\"https:\/\/place-add.nl\/de\/#\/schema\/logo\/image\/\",\"url\":\"https:\/\/place-add.nl\/wp-content\/uploads\/2023\/11\/logo-img-place-add.png\",\"contentUrl\":\"https:\/\/place-add.nl\/wp-content\/uploads\/2023\/11\/logo-img-place-add.png\",\"width\":404,\"height\":106,\"caption\":\"Place Add\"},\"image\":{\"@id\":\"https:\/\/place-add.nl\/de\/#\/schema\/logo\/image\/\"},\"sameAs\":[\"https:\/\/www.facebook.com\/PlaceAdd\/\",\"https:\/\/www.instagram.com\/place_add\/\",\"https:\/\/www.youtube.com\/@placeadd\"]}]}<\/script>\n<!-- \/ Yoast SEO Premium plugin. -->","yoast_head_json":{"title":"Airlaid Servietten PREMIUM Bedruckt | Place Add | F\u00fcr die Gastronomie","description":"Entdecken Sie unsere luxuri\u00f6sen bedruckten AIRLAID PREMIUM-Servietten: 65 g, luxuri\u00f6s und weich. Gro\u00dfe Auswahl an Farben!","robots":{"index":"index","follow":"follow","max-snippet":"max-snippet:-1","max-image-preview":"max-image-preview:large","max-video-preview":"max-video-preview:-1"},"canonical":"https:\/\/place-add.nl\/de\/produkt\/airlaid-premium-bedruckt\/","og_locale":"de_DE","og_type":"article","og_title":"Airlaid Servietten PREMIUM Bedruckt","og_description":"Entdecken Sie unsere luxuri\u00f6sen bedruckten AIRLAID PREMIUM-Servietten: 65 g, luxuri\u00f6s und weich. Gro\u00dfe Auswahl an Farben!","og_url":"https:\/\/place-add.nl\/de\/produkt\/airlaid-premium-bedruckt\/","og_site_name":"Place Add","article_publisher":"https:\/\/www.facebook.com\/PlaceAdd\/","article_modified_time":"2025-06-30T12:18:57+00:00","og_image":[{"width":1000,"height":1000,"url":"https:\/\/place-add.nl\/wp-content\/uploads\/2024\/06\/Bedrukt_Airlaid_PREMIUM_bedrukt_5-scaled.jpg","type":"image\/jpeg"}],"twitter_card":"summary_large_image","twitter_misc":{"Gesch\u00e4tzte Lesezeit":"2\u00a0Minuten"},"schema":{"@context":"https:\/\/schema.org","@graph":[{"@type":"WebPage","@id":"https:\/\/place-add.nl\/de\/produkt\/airlaid-premium-bedruckt\/","url":"https:\/\/place-add.nl\/de\/produkt\/airlaid-premium-bedruckt\/","name":"Airlaid Servietten PREMIUM Bedruckt | Place Add | F\u00fcr die Gastronomie","isPartOf":{"@id":"https:\/\/place-add.nl\/de\/#website"},"primaryImageOfPage":{"@id":"https:\/\/place-add.nl\/de\/produkt\/airlaid-premium-bedruckt\/#primaryimage"},"image":{"@id":"https:\/\/place-add.nl\/de\/produkt\/airlaid-premium-bedruckt\/#primaryimage"},"thumbnailUrl":"https:\/\/place-add.nl\/wp-content\/uploads\/2024\/06\/Bedrukt_Airlaid_PREMIUM_bedrukt_5-scaled.jpg","datePublished":"2024-06-17T17:20:14+00:00","dateModified":"2025-06-30T12:18:57+00:00","description":"Entdecken Sie unsere luxuri\u00f6sen bedruckten AIRLAID PREMIUM-Servietten: 65 g, luxuri\u00f6s und weich. Gro\u00dfe Auswahl an Farben!","breadcrumb":{"@id":"https:\/\/place-add.nl\/de\/produkt\/airlaid-premium-bedruckt\/#breadcrumb"},"inLanguage":"de","potentialAction":[{"@type":"ReadAction","target":["https:\/\/place-add.nl\/de\/produkt\/airlaid-premium-bedruckt\/"]}]},{"@type":"ImageObject","inLanguage":"de","@id":"https:\/\/place-add.nl\/de\/produkt\/airlaid-premium-bedruckt\/#primaryimage","url":"https:\/\/place-add.nl\/wp-content\/uploads\/2024\/06\/Bedrukt_Airlaid_PREMIUM_bedrukt_5-scaled.jpg","contentUrl":"https:\/\/place-add.nl\/wp-content\/uploads\/2024\/06\/Bedrukt_Airlaid_PREMIUM_bedrukt_5-scaled.jpg","width":1000,"height":1000,"caption":"Airlaid PREMIUM servetten bedrukt"},{"@type":"BreadcrumbList","@id":"https:\/\/place-add.nl\/de\/produkt\/airlaid-premium-bedruckt\/#breadcrumb","itemListElement":[{"@type":"ListItem","position":1,"name":"Home","item":"https:\/\/place-add.nl\/de\/home\/"},{"@type":"ListItem","position":2,"name":"Shop","item":"https:\/\/place-add.nl\/de\/shop\/"},{"@type":"ListItem","position":3,"name":"Airlaid Servietten PREMIUM Bedruckt"}]},{"@type":"WebSite","@id":"https:\/\/place-add.nl\/de\/#website","url":"https:\/\/place-add.nl\/de\/","name":"Place Add","description":"Tafelkleding voor de horeca","publisher":{"@id":"https:\/\/place-add.nl\/de\/#organization"},"potentialAction":[{"@type":"SearchAction","target":{"@type":"EntryPoint","urlTemplate":"https:\/\/place-add.nl\/de\/?s={search_term_string}"},"query-input":{"@type":"PropertyValueSpecification","valueRequired":true,"valueName":"search_term_string"}}],"inLanguage":"de"},{"@type":"Organization","@id":"https:\/\/place-add.nl\/de\/#organization","name":"Place Add","url":"https:\/\/place-add.nl\/de\/","logo":{"@type":"ImageObject","inLanguage":"de","@id":"https:\/\/place-add.nl\/de\/#\/schema\/logo\/image\/","url":"https:\/\/place-add.nl\/wp-content\/uploads\/2023\/11\/logo-img-place-add.png","contentUrl":"https:\/\/place-add.nl\/wp-content\/uploads\/2023\/11\/logo-img-place-add.png","width":404,"height":106,"caption":"Place Add"},"image":{"@id":"https:\/\/place-add.nl\/de\/#\/schema\/logo\/image\/"},"sameAs":["https:\/\/www.facebook.com\/PlaceAdd\/","https:\/\/www.instagram.com\/place_add\/","https:\/\/www.youtube.com\/@placeadd"]}]}},"_links":{"self":[{"href":"https:\/\/place-add.nl\/de\/wp-json\/wp\/v2\/product\/43172","targetHints":{"allow":["GET"]}}],"collection":[{"href":"https:\/\/place-add.nl\/de\/wp-json\/wp\/v2\/product"}],"about":[{"href":"https:\/\/place-add.nl\/de\/wp-json\/wp\/v2\/types\/product"}],"wp:featuredmedia":[{"embeddable":true,"href":"https:\/\/place-add.nl\/de\/wp-json\/wp\/v2\/media\/40686"}],"wp:attachment":[{"href":"https:\/\/place-add.nl\/de\/wp-json\/wp\/v2\/media?parent=43172"}],"wp:term":[{"taxonomy":"product_brand","embeddable":true,"href":"https:\/\/place-add.nl\/de\/wp-json\/wp\/v2\/product_brand?post=43172"},{"taxonomy":"product_cat","embeddable":true,"href":"https:\/\/place-add.nl\/de\/wp-json\/wp\/v2\/product_cat?post=43172"},{"taxonomy":"product_tag","embeddable":true,"href":"https:\/\/place-add.nl\/de\/wp-json\/wp\/v2\/product_tag?post=43172"}],"curies":[{"name":"wp","href":"https:\/\/api.w.org\/{rel}","templated":true}]}}