{"id":43174,"date":"2024-06-17T17:43:58","date_gmt":"2024-06-17T17:43:58","guid":{"rendered":"https:\/\/place-add.nl\/product\/100-eco-double-point-servetten-bedrukt\/"},"modified":"2025-06-30T12:27:32","modified_gmt":"2025-06-30T12:27:32","slug":"100-eco-double-point-bedruckte-servietten","status":"publish","type":"product","link":"https:\/\/place-add.nl\/de\/produkt\/100-eco-double-point-bedruckte-servietten\/","title":{"rendered":"DOUBLE POINT"},"content":{"rendered":"<p>Unsere 100% ECO DOUBLE POINT Servietten mit Druck sind mit zwei Lagen entworfen, wodurch sie doppelt so dick und weich sind. Dank der Luftpolster zwischen den Lagen erh\u00e4lt diese Serviette das Aussehen und Gef\u00fchl von Leinen, was f\u00fcr ein luxuri\u00f6ses Erlebnis sorgt. Die robusten und \u00e4u\u00dferst saugf\u00e4higen Servietten lassen sich einfach falten und sind perfekt f\u00fcr den Einsatz in Restaurants geeignet. Dar\u00fcber hinaus sind sie g\u00fcnstiger als die luxuri\u00f6seren Airlaid-Servietten, was sie zu einer idealen Wahl f\u00fcr diejenigen macht, die ein Premium-Aussehen zu einem g\u00fcnstigen Preis suchen.<\/p>\n<p><strong>Die 100% ECO DOUBLE POINT Servietten mit Druck sind in den folgenden Gr\u00f6\u00dfen erh\u00e4ltlich:<\/strong><\/p>\n<ul>\n<li><strong>40 x 40 cm: 1\/8 Falttechnik<\/strong><\/li>\n<\/ul>\n<p><strong>Double Point Servietten<\/strong> zeichnen sich durch ihre einzigartige Konstruktion aus zwei Lagen aus, die f\u00fcr zus\u00e4tzliche Dicke und Weichheit sorgen.<\/p>\n<p><strong>Double Point Servietten<\/strong> bieten das luxuri\u00f6se Aussehen und Gef\u00fchl von Leinen, mit den Vorteilen von Dicke, Weichheit und einer h\u00f6heren Saugf\u00e4higkeit. Sie sind perfekt f\u00fcr Gastronomiebetriebe, die Luxus ausstrahlen m\u00f6chten, aber gleichzeitig ein gutes Preis-Leistungs-Verh\u00e4ltnis bieten. Sie bieten somit die ideale Balance zwischen Stil, Funktionalit\u00e4t und Kosten.<\/p>\n<p>Ben\u00f6tigen Sie kurzfristig Servietten? Werfen Sie einen Blick in unseren <strong><a href=\"https:\/\/place-add.nl\/de\/einwegartikel-shop\/\">Disposable Webshop<\/a><\/strong> oder besuchen Sie unsere zweite Website, <strong><a href=\"https:\/\/www.craftontable.com\/collections\/eco-servetten\">Craftontable.com<\/a><\/strong>, f\u00fcr Servietten ohne Druck, aber mit k\u00fcrzerer Lieferzeit.<\/p>\n<p><strong>Ben\u00f6tigen Sie pers\u00f6nliche Beratung? Z\u00f6gern Sie nicht, uns zu <a href=\"https:\/\/place-add.nl\/de\/kontakt\/\">kontaktieren.<\/a> Unser engagiertes Team steht bereit, um Ihnen bei der Auswahl der perfekten L\u00f6sung f\u00fcr Ihre speziellen Bed\u00fcrfnisse zu helfen.<\/strong><\/p>\n<p><button id=\"knop-contact-opnemen-overige-producten-de\">Kontaktieren Sie uns unverbindlich<\/button><\/p>\n","protected":false},"excerpt":{"rendered":"<p>Das <strong>100% ECO Double Point Serviette<\/strong> ist mit zwei Lagen gestaltet, wodurch es doppelt so dick und weich ist. Dank der Luftpolster zwischen den Lagen hat das Serviette eine Leinenoptik und -gef\u00fchl, was f\u00fcr ein luxuri\u00f6ses Erlebnis sorgt. Die robusten und \u00e4u\u00dferst saugf\u00e4higen Servietten lassen sich einfach falten und sind perfekt f\u00fcr den Einsatz in Restaurants geeignet. Au\u00dferdem sind sie erschwinglicher als die luxuri\u00f6seren Airlaid-Servietten.<\/p>\n<p><strong>Erh\u00e4ltlich in der folgenden Gr\u00f6\u00dfe:<\/strong><\/p>\n<ul>\n<li><strong>40 x 40 cm: 1\/8-Faltung<\/strong><\/li>\n<\/ul>\n<p><strong>Preise ohne Versandkosten. Diese sind (noch) nicht in den Preisen enthalten.<\/strong><\/p>\n<p><a class=\"button-custom-product\" href=\"https:\/\/place-add.nl\/wp-content\/uploads\/2025\/06\/PA-prijslijst-Eco-bedrukt-duits.pdf\" target=\"_blank\" rel=\"noopener\">Gehen Sie zu den Preisen<\/a> <button id=\"knop-contact-opnemen-overige-producten-de\">Kontaktieren Sie uns unverbindlich<\/button><\/p>\n","protected":false},"featured_media":40693,"template":"","meta":[],"product_brand":[],"product_cat":[1415],"product_tag":[1132,1263,1307,1327,1328],"class_list":{"0":"post-43174","1":"product","2":"type-product","3":"status-publish","4":"has-post-thumbnail","6":"product_cat-100-eco-bedrukt-de","7":"product_tag-100-oko-servietten-bedruckt","8":"product_tag-double-point-oko-servietten","9":"product_tag-double-point-servietten-bedruckt","10":"product_tag-ungebleichte-double-point-servietten","11":"product_tag-ungebleichte-servietten","13":"first","14":"instock","15":"taxable","16":"shipping-taxable","17":"product-type-simple"},"yoast_head":"<!-- This site is optimized with the Yoast SEO Premium plugin v27.2 (Yoast SEO v27.2) - https:\/\/yoast.com\/product\/yoast-seo-premium-wordpress\/ -->\n<title>100% ECO DOUBLE POINT bedruckte Servietten | Place Add<\/title>\n<meta name=\"description\" content=\"Die Double Point-Serviette ist doppelt so dick, weich und luxuri\u00f6s und f\u00fchlt sich an wie Leinen. Perfekt saugf\u00e4hig, erschwinglich und ideal f\u00fcr Restaurants.\" \/>\n<meta name=\"robots\" content=\"index, follow, max-snippet:-1, max-image-preview:large, max-video-preview:-1\" \/>\n<link rel=\"canonical\" href=\"https:\/\/place-add.nl\/de\/produkt\/100-eco-double-point-bedruckte-servietten\/\" \/>\n<meta property=\"og:locale\" content=\"de_DE\" \/>\n<meta property=\"og:type\" content=\"article\" \/>\n<meta property=\"og:title\" content=\"DOUBLE POINT\" \/>\n<meta property=\"og:description\" content=\"Die Double Point-Serviette ist doppelt so dick, weich und luxuri\u00f6s und f\u00fchlt sich an wie Leinen. Perfekt saugf\u00e4hig, erschwinglich und ideal f\u00fcr Restaurants.\" \/>\n<meta property=\"og:url\" content=\"https:\/\/place-add.nl\/de\/produkt\/100-eco-double-point-bedruckte-servietten\/\" \/>\n<meta property=\"og:site_name\" content=\"Place Add\" \/>\n<meta property=\"article:publisher\" content=\"https:\/\/www.facebook.com\/PlaceAdd\/\" \/>\n<meta property=\"article:modified_time\" content=\"2025-06-30T12:27:32+00:00\" \/>\n<meta property=\"og:image\" content=\"https:\/\/place-add.nl\/wp-content\/uploads\/2024\/06\/Bedrukt_DOUBLE_POINT_5-scaled.jpg\" \/>\n\t<meta property=\"og:image:width\" content=\"1000\" \/>\n\t<meta property=\"og:image:height\" content=\"1000\" \/>\n\t<meta property=\"og:image:type\" content=\"image\/jpeg\" \/>\n<meta name=\"twitter:card\" content=\"summary_large_image\" \/>\n<meta name=\"twitter:label1\" content=\"Gesch\u00e4tzte Lesezeit\" \/>\n\t<meta name=\"twitter:data1\" content=\"2\u00a0Minuten\" \/>\n<script type=\"application\/ld+json\" class=\"yoast-schema-graph\">{\"@context\":\"https:\/\/schema.org\",\"@graph\":[{\"@type\":\"WebPage\",\"@id\":\"https:\/\/place-add.nl\/de\/produkt\/100-eco-double-point-bedruckte-servietten\/\",\"url\":\"https:\/\/place-add.nl\/de\/produkt\/100-eco-double-point-bedruckte-servietten\/\",\"name\":\"100% ECO DOUBLE POINT bedruckte Servietten | Place Add\",\"isPartOf\":{\"@id\":\"https:\/\/place-add.nl\/de\/#website\"},\"primaryImageOfPage\":{\"@id\":\"https:\/\/place-add.nl\/de\/produkt\/100-eco-double-point-bedruckte-servietten\/#primaryimage\"},\"image\":{\"@id\":\"https:\/\/place-add.nl\/de\/produkt\/100-eco-double-point-bedruckte-servietten\/#primaryimage\"},\"thumbnailUrl\":\"https:\/\/place-add.nl\/wp-content\/uploads\/2024\/06\/Bedrukt_DOUBLE_POINT_5-scaled.jpg\",\"datePublished\":\"2024-06-17T17:43:58+00:00\",\"dateModified\":\"2025-06-30T12:27:32+00:00\",\"description\":\"Die Double Point-Serviette ist doppelt so dick, weich und luxuri\u00f6s und f\u00fchlt sich an wie Leinen. Perfekt saugf\u00e4hig, erschwinglich und ideal f\u00fcr Restaurants.\",\"breadcrumb\":{\"@id\":\"https:\/\/place-add.nl\/de\/produkt\/100-eco-double-point-bedruckte-servietten\/#breadcrumb\"},\"inLanguage\":\"de\",\"potentialAction\":[{\"@type\":\"ReadAction\",\"target\":[\"https:\/\/place-add.nl\/de\/produkt\/100-eco-double-point-bedruckte-servietten\/\"]}]},{\"@type\":\"ImageObject\",\"inLanguage\":\"de\",\"@id\":\"https:\/\/place-add.nl\/de\/produkt\/100-eco-double-point-bedruckte-servietten\/#primaryimage\",\"url\":\"https:\/\/place-add.nl\/wp-content\/uploads\/2024\/06\/Bedrukt_DOUBLE_POINT_5-scaled.jpg\",\"contentUrl\":\"https:\/\/place-add.nl\/wp-content\/uploads\/2024\/06\/Bedrukt_DOUBLE_POINT_5-scaled.jpg\",\"width\":1000,\"height\":1000,\"caption\":\"100% ECO DOUBLE POINT servetten bedrukt\"},{\"@type\":\"BreadcrumbList\",\"@id\":\"https:\/\/place-add.nl\/de\/produkt\/100-eco-double-point-bedruckte-servietten\/#breadcrumb\",\"itemListElement\":[{\"@type\":\"ListItem\",\"position\":1,\"name\":\"Home\",\"item\":\"https:\/\/place-add.nl\/de\/home\/\"},{\"@type\":\"ListItem\",\"position\":2,\"name\":\"Shop\",\"item\":\"https:\/\/place-add.nl\/de\/shop\/\"},{\"@type\":\"ListItem\",\"position\":3,\"name\":\"DOUBLE POINT\"}]},{\"@type\":\"WebSite\",\"@id\":\"https:\/\/place-add.nl\/de\/#website\",\"url\":\"https:\/\/place-add.nl\/de\/\",\"name\":\"Place Add\",\"description\":\"Tafelkleding voor de horeca\",\"publisher\":{\"@id\":\"https:\/\/place-add.nl\/de\/#organization\"},\"potentialAction\":[{\"@type\":\"SearchAction\",\"target\":{\"@type\":\"EntryPoint\",\"urlTemplate\":\"https:\/\/place-add.nl\/de\/?s={search_term_string}\"},\"query-input\":{\"@type\":\"PropertyValueSpecification\",\"valueRequired\":true,\"valueName\":\"search_term_string\"}}],\"inLanguage\":\"de\"},{\"@type\":\"Organization\",\"@id\":\"https:\/\/place-add.nl\/de\/#organization\",\"name\":\"Place Add\",\"url\":\"https:\/\/place-add.nl\/de\/\",\"logo\":{\"@type\":\"ImageObject\",\"inLanguage\":\"de\",\"@id\":\"https:\/\/place-add.nl\/de\/#\/schema\/logo\/image\/\",\"url\":\"https:\/\/place-add.nl\/wp-content\/uploads\/2023\/11\/logo-img-place-add.png\",\"contentUrl\":\"https:\/\/place-add.nl\/wp-content\/uploads\/2023\/11\/logo-img-place-add.png\",\"width\":404,\"height\":106,\"caption\":\"Place Add\"},\"image\":{\"@id\":\"https:\/\/place-add.nl\/de\/#\/schema\/logo\/image\/\"},\"sameAs\":[\"https:\/\/www.facebook.com\/PlaceAdd\/\",\"https:\/\/www.instagram.com\/place_add\/\",\"https:\/\/www.youtube.com\/@placeadd\"]}]}<\/script>\n<!-- \/ Yoast SEO Premium plugin. -->","yoast_head_json":{"title":"100% ECO DOUBLE POINT bedruckte Servietten | Place Add","description":"Die Double Point-Serviette ist doppelt so dick, weich und luxuri\u00f6s und f\u00fchlt sich an wie Leinen. Perfekt saugf\u00e4hig, erschwinglich und ideal f\u00fcr Restaurants.","robots":{"index":"index","follow":"follow","max-snippet":"max-snippet:-1","max-image-preview":"max-image-preview:large","max-video-preview":"max-video-preview:-1"},"canonical":"https:\/\/place-add.nl\/de\/produkt\/100-eco-double-point-bedruckte-servietten\/","og_locale":"de_DE","og_type":"article","og_title":"DOUBLE POINT","og_description":"Die Double Point-Serviette ist doppelt so dick, weich und luxuri\u00f6s und f\u00fchlt sich an wie Leinen. Perfekt saugf\u00e4hig, erschwinglich und ideal f\u00fcr Restaurants.","og_url":"https:\/\/place-add.nl\/de\/produkt\/100-eco-double-point-bedruckte-servietten\/","og_site_name":"Place Add","article_publisher":"https:\/\/www.facebook.com\/PlaceAdd\/","article_modified_time":"2025-06-30T12:27:32+00:00","og_image":[{"width":1000,"height":1000,"url":"https:\/\/place-add.nl\/wp-content\/uploads\/2024\/06\/Bedrukt_DOUBLE_POINT_5-scaled.jpg","type":"image\/jpeg"}],"twitter_card":"summary_large_image","twitter_misc":{"Gesch\u00e4tzte Lesezeit":"2\u00a0Minuten"},"schema":{"@context":"https:\/\/schema.org","@graph":[{"@type":"WebPage","@id":"https:\/\/place-add.nl\/de\/produkt\/100-eco-double-point-bedruckte-servietten\/","url":"https:\/\/place-add.nl\/de\/produkt\/100-eco-double-point-bedruckte-servietten\/","name":"100% ECO DOUBLE POINT bedruckte Servietten | Place Add","isPartOf":{"@id":"https:\/\/place-add.nl\/de\/#website"},"primaryImageOfPage":{"@id":"https:\/\/place-add.nl\/de\/produkt\/100-eco-double-point-bedruckte-servietten\/#primaryimage"},"image":{"@id":"https:\/\/place-add.nl\/de\/produkt\/100-eco-double-point-bedruckte-servietten\/#primaryimage"},"thumbnailUrl":"https:\/\/place-add.nl\/wp-content\/uploads\/2024\/06\/Bedrukt_DOUBLE_POINT_5-scaled.jpg","datePublished":"2024-06-17T17:43:58+00:00","dateModified":"2025-06-30T12:27:32+00:00","description":"Die Double Point-Serviette ist doppelt so dick, weich und luxuri\u00f6s und f\u00fchlt sich an wie Leinen. Perfekt saugf\u00e4hig, erschwinglich und ideal f\u00fcr Restaurants.","breadcrumb":{"@id":"https:\/\/place-add.nl\/de\/produkt\/100-eco-double-point-bedruckte-servietten\/#breadcrumb"},"inLanguage":"de","potentialAction":[{"@type":"ReadAction","target":["https:\/\/place-add.nl\/de\/produkt\/100-eco-double-point-bedruckte-servietten\/"]}]},{"@type":"ImageObject","inLanguage":"de","@id":"https:\/\/place-add.nl\/de\/produkt\/100-eco-double-point-bedruckte-servietten\/#primaryimage","url":"https:\/\/place-add.nl\/wp-content\/uploads\/2024\/06\/Bedrukt_DOUBLE_POINT_5-scaled.jpg","contentUrl":"https:\/\/place-add.nl\/wp-content\/uploads\/2024\/06\/Bedrukt_DOUBLE_POINT_5-scaled.jpg","width":1000,"height":1000,"caption":"100% ECO DOUBLE POINT servetten bedrukt"},{"@type":"BreadcrumbList","@id":"https:\/\/place-add.nl\/de\/produkt\/100-eco-double-point-bedruckte-servietten\/#breadcrumb","itemListElement":[{"@type":"ListItem","position":1,"name":"Home","item":"https:\/\/place-add.nl\/de\/home\/"},{"@type":"ListItem","position":2,"name":"Shop","item":"https:\/\/place-add.nl\/de\/shop\/"},{"@type":"ListItem","position":3,"name":"DOUBLE POINT"}]},{"@type":"WebSite","@id":"https:\/\/place-add.nl\/de\/#website","url":"https:\/\/place-add.nl\/de\/","name":"Place Add","description":"Tafelkleding voor de horeca","publisher":{"@id":"https:\/\/place-add.nl\/de\/#organization"},"potentialAction":[{"@type":"SearchAction","target":{"@type":"EntryPoint","urlTemplate":"https:\/\/place-add.nl\/de\/?s={search_term_string}"},"query-input":{"@type":"PropertyValueSpecification","valueRequired":true,"valueName":"search_term_string"}}],"inLanguage":"de"},{"@type":"Organization","@id":"https:\/\/place-add.nl\/de\/#organization","name":"Place Add","url":"https:\/\/place-add.nl\/de\/","logo":{"@type":"ImageObject","inLanguage":"de","@id":"https:\/\/place-add.nl\/de\/#\/schema\/logo\/image\/","url":"https:\/\/place-add.nl\/wp-content\/uploads\/2023\/11\/logo-img-place-add.png","contentUrl":"https:\/\/place-add.nl\/wp-content\/uploads\/2023\/11\/logo-img-place-add.png","width":404,"height":106,"caption":"Place Add"},"image":{"@id":"https:\/\/place-add.nl\/de\/#\/schema\/logo\/image\/"},"sameAs":["https:\/\/www.facebook.com\/PlaceAdd\/","https:\/\/www.instagram.com\/place_add\/","https:\/\/www.youtube.com\/@placeadd"]}]}},"_links":{"self":[{"href":"https:\/\/place-add.nl\/de\/wp-json\/wp\/v2\/product\/43174","targetHints":{"allow":["GET"]}}],"collection":[{"href":"https:\/\/place-add.nl\/de\/wp-json\/wp\/v2\/product"}],"about":[{"href":"https:\/\/place-add.nl\/de\/wp-json\/wp\/v2\/types\/product"}],"wp:featuredmedia":[{"embeddable":true,"href":"https:\/\/place-add.nl\/de\/wp-json\/wp\/v2\/media\/40693"}],"wp:attachment":[{"href":"https:\/\/place-add.nl\/de\/wp-json\/wp\/v2\/media?parent=43174"}],"wp:term":[{"taxonomy":"product_brand","embeddable":true,"href":"https:\/\/place-add.nl\/de\/wp-json\/wp\/v2\/product_brand?post=43174"},{"taxonomy":"product_cat","embeddable":true,"href":"https:\/\/place-add.nl\/de\/wp-json\/wp\/v2\/product_cat?post=43174"},{"taxonomy":"product_tag","embeddable":true,"href":"https:\/\/place-add.nl\/de\/wp-json\/wp\/v2\/product_tag?post=43174"}],"curies":[{"name":"wp","href":"https:\/\/api.w.org\/{rel}","templated":true}]}}