{"id":43203,"date":"2024-06-11T10:07:14","date_gmt":"2024-06-11T10:07:14","guid":{"rendered":"https:\/\/place-add.nl\/product\/hotelmappen-premium\/"},"modified":"2025-06-01T06:30:01","modified_gmt":"2025-06-01T06:30:01","slug":"premium-hotelmappe","status":"publish","type":"product","link":"https:\/\/place-add.nl\/de\/produkt\/premium-hotelmappe\/","title":{"rendered":"Premium"},"content":{"rendered":"<p>Die <strong>Premium-Hotelmappe<\/strong> bietet Ihren G\u00e4sten einen ersten Eindruck von Luxus und Gastfreundschaft, die f\u00fcr einen gehobenen Hotelaufenthalt charakteristisch sind. Mit ihrem stabilen Kartonkern und einer doppelten Innenschicht, die vollst\u00e4ndig mit Leinen \u00fcberzogen ist, strahlt diese Mappe St\u00e4rke und Eleganz aus. Durch diese Kombination entsteht eine robuste Konstruktion, die einer intensiven t\u00e4glichen Nutzung standhalten kann. Und das, ohne auf eine anspruchsvolle Optik zu verzichten.<\/p>\n<p>Die Vielseitigkeit der Premium-Hotelmappe liegt in der gro\u00dfen Auswahl an Materialien und Verarbeitungen, mit denen Sie genau die richtige Atmosph\u00e4re schaffen k\u00f6nnen. F\u00fcr diejenigen, die sich f\u00fcr klassischen Luxus entscheiden, bietet echtes Leder einen authentischen und zeitlosen Look. Kunstleder und hochwertige Kunststoffe sind ideal f\u00fcr Hotels, die Wert auf Langlebigkeit und Pflegeleichtigkeit legen, w\u00e4hrend die verschiedenen Leinenmaterialien von traditionell bis modern und zeitgem\u00e4\u00df reichen.<\/p>\n<p>Nicht nur das \u00c4u\u00dfere der Premium-Hotelmappe ist einmalig individuell gestaltbar, auch die Aufteilung bietet ungeahnte M\u00f6glichkeiten. F\u00e4cher und F\u00e4cher k\u00f6nnen leicht hinzugef\u00fcgt werden, um Zimmerschl\u00fcssel, Zimmerservice-Men\u00fcs und andere Dienstleistungen unterzubringen, die die G\u00e4ste f\u00fcr einen angenehmen Aufenthalt ben\u00f6tigen. Mit diesem personalisierten Ansatz passt sich die Mappe perfekt an den t\u00e4glichen Gebrauch und den spezifischen Informationsbedarf Ihres Hotels an.<\/p>\n<p>Dar\u00fcber hinaus gibt es viel Raum f\u00fcr individuelle Gestaltung. Indem Sie mit Farbe, Druck und Inhalt spielen, k\u00f6nnen Sie die Premium-Hotelmappe ganz auf die Identit\u00e4t Ihres Hotels abstimmen. Eine passende Rechnungsmappe vervollst\u00e4ndigt das Set und sorgt daf\u00fcr, dass Ihre G\u00e4ste stets von Ihrem Stil und Ihrer Liebe zum Detail umgeben sind.<\/p>\n<p>Vervollst\u00e4ndigen Sie das Bild mit einer passenden <strong><a href=\"https:\/\/place-add.nl\/menukaarten\/menukaarten-op-maat\/rekeningmapjes\/\">Rechnungsmappe<\/a><\/strong>!<\/p>\n<p>Sie brauchen kurzfristig Speisekarten? Dann besuchen Sie unsere zweite Website, <strong><a href=\"http:\/\/www.craftontable.com\/\">Craftontable.com<\/a><\/strong>, f\u00fcr Speisekarten mit weniger Personalisierungsm\u00f6glichkeiten, daf\u00fcr aber mit k\u00fcrzeren Lieferzeiten.<\/p>\n<p><strong>Sie brauchen Beratung? Unser Team hilft Ihnen gerne bei der Auswahl und unterst\u00fctzt Sie bei der Umsetzung Ihrer Men\u00fckarte.<\/strong><\/p>\n<p><button id=\"knop-contact-opnemen-overige-producten-de\">Kontaktieren Sie uns unverbindlich<\/button><\/p>\n","protected":false},"excerpt":{"rendered":"<p>Diese <strong>Premium-Hotelmappe<\/strong> bietet unvergleichlichen Luxus dank des robusten Kartonkerns und der zus\u00e4tzlichen Kartoninnenseite, die vollst\u00e4ndig mit Leinen \u00fcberzogen ist. Dies sorgt f\u00fcr doppelte Stabilit\u00e4t und ein elegantes Erscheinungsbild.<\/p>\n<p><strong>Warum sollten Sie sich f\u00fcr unsere Hotelmappen entscheiden?<\/strong><\/p>\n<p>&#8211; <strong>Gro\u00dfe Auswahl an Materialien und Ausf\u00fchrungen:<\/strong> Wir bieten eine breite Palette an Materialien f\u00fcr unsere Hotelmappen, darunter echtes Leder, Kunstleder, verschiedene Kunststoffe und Buchbindermaterialien. Ob Sie die luxuri\u00f6se Optik von echtem Leder bevorzugen oder die Langlebigkeit von Kunstleder \u2013 wir haben die perfekte L\u00f6sung f\u00fcr Ihr Hotel.<\/p>\n<p><button id=\"knop-contact-opnemen-overige-producten-de\">Kontaktieren Sie uns unverbindlich<\/button><\/p>\n<p><strong>&#8211; Vielseitige Gestaltungsm\u00f6glichkeiten<\/strong>: Neben der Materialauswahl bieten unsere Hotelmappen auch gro\u00dfe Flexibilit\u00e4t in der Aufteilung. Sie k\u00f6nnen aus verschiedenen F\u00e4chern und Abteilungen w\u00e4hlen, um Ihren G\u00e4sten alle ben\u00f6tigten Informationen bereitzustellen, von Zimmerschl\u00fcsseln bis hin zu Roomservice-Men\u00fcs.<\/p>\n<p><strong>&#8211; Ma\u00dfanfertigung und Personalisierung:<\/strong> Mit der M\u00f6glichkeit, Farbe, Inhalt und Aufdruck individuell anzupassen, k\u00f6nnen Sie Ihre Hotelmappen vollst\u00e4ndig personalisieren und auf die Identit\u00e4t und das Erscheinungsbild Ihres Hotels abstimmen. So bieten Sie Ihren G\u00e4sten ein einzigartiges und pers\u00f6nliches Erlebnis, das ihnen ein herzliches Willkommen bereitet.<\/p>\n","protected":false},"featured_media":41074,"template":"","meta":[],"product_brand":[],"product_cat":[1447],"product_tag":[1336],"class_list":{"0":"post-43203","1":"product","2":"type-product","3":"status-publish","4":"has-post-thumbnail","6":"product_cat-hotel-de","7":"product_tag-premium-hotelmappen-de","9":"first","10":"instock","11":"taxable","12":"shipping-taxable","13":"product-type-simple"},"yoast_head":"<!-- This site is optimized with the Yoast SEO Premium plugin v27.2 (Yoast SEO v27.2) - https:\/\/yoast.com\/product\/yoast-seo-premium-wordpress\/ -->\n<title>Premium-Hotelmappe | Place Add | F\u00fcr die Gastronomie<\/title>\n<meta name=\"description\" content=\"Premium-Hotelmappe mit stabilem Kartonkern und einer Auswahl an Materialien und Farben. Vollst\u00e4ndig individuell gestaltet.\" \/>\n<meta name=\"robots\" content=\"index, follow, max-snippet:-1, max-image-preview:large, max-video-preview:-1\" \/>\n<link rel=\"canonical\" href=\"https:\/\/place-add.nl\/de\/produkt\/premium-hotelmappe\/\" \/>\n<meta property=\"og:locale\" content=\"de_DE\" \/>\n<meta property=\"og:type\" content=\"article\" \/>\n<meta property=\"og:title\" content=\"Premium\" \/>\n<meta property=\"og:description\" content=\"Premium-Hotelmappe mit stabilem Kartonkern und einer Auswahl an Materialien und Farben. Vollst\u00e4ndig individuell gestaltet.\" \/>\n<meta property=\"og:url\" content=\"https:\/\/place-add.nl\/de\/produkt\/premium-hotelmappe\/\" \/>\n<meta property=\"og:site_name\" content=\"Place Add\" \/>\n<meta property=\"article:publisher\" content=\"https:\/\/www.facebook.com\/PlaceAdd\/\" \/>\n<meta property=\"article:modified_time\" content=\"2025-06-01T06:30:01+00:00\" \/>\n<meta property=\"og:image\" content=\"https:\/\/place-add.nl\/wp-content\/uploads\/2024\/09\/menukaarten_hotel_premium_Place_Add_8.jpg\" \/>\n\t<meta property=\"og:image:width\" content=\"800\" \/>\n\t<meta property=\"og:image:height\" content=\"800\" \/>\n\t<meta property=\"og:image:type\" content=\"image\/jpeg\" \/>\n<meta name=\"twitter:card\" content=\"summary_large_image\" \/>\n<meta name=\"twitter:label1\" content=\"Gesch\u00e4tzte Lesezeit\" \/>\n\t<meta name=\"twitter:data1\" content=\"2\u00a0Minuten\" \/>\n<script type=\"application\/ld+json\" class=\"yoast-schema-graph\">{\"@context\":\"https:\/\/schema.org\",\"@graph\":[{\"@type\":\"WebPage\",\"@id\":\"https:\/\/place-add.nl\/de\/produkt\/premium-hotelmappe\/\",\"url\":\"https:\/\/place-add.nl\/de\/produkt\/premium-hotelmappe\/\",\"name\":\"Premium-Hotelmappe | Place Add | F\u00fcr die Gastronomie\",\"isPartOf\":{\"@id\":\"https:\/\/place-add.nl\/de\/#website\"},\"primaryImageOfPage\":{\"@id\":\"https:\/\/place-add.nl\/de\/produkt\/premium-hotelmappe\/#primaryimage\"},\"image\":{\"@id\":\"https:\/\/place-add.nl\/de\/produkt\/premium-hotelmappe\/#primaryimage\"},\"thumbnailUrl\":\"https:\/\/place-add.nl\/wp-content\/uploads\/2024\/09\/menukaarten_hotel_premium_Place_Add_8.jpg\",\"datePublished\":\"2024-06-11T10:07:14+00:00\",\"dateModified\":\"2025-06-01T06:30:01+00:00\",\"description\":\"Premium-Hotelmappe mit stabilem Kartonkern und einer Auswahl an Materialien und Farben. Vollst\u00e4ndig individuell gestaltet.\",\"breadcrumb\":{\"@id\":\"https:\/\/place-add.nl\/de\/produkt\/premium-hotelmappe\/#breadcrumb\"},\"inLanguage\":\"de\",\"potentialAction\":[{\"@type\":\"ReadAction\",\"target\":[\"https:\/\/place-add.nl\/de\/produkt\/premium-hotelmappe\/\"]}]},{\"@type\":\"ImageObject\",\"inLanguage\":\"de\",\"@id\":\"https:\/\/place-add.nl\/de\/produkt\/premium-hotelmappe\/#primaryimage\",\"url\":\"https:\/\/place-add.nl\/wp-content\/uploads\/2024\/09\/menukaarten_hotel_premium_Place_Add_8.jpg\",\"contentUrl\":\"https:\/\/place-add.nl\/wp-content\/uploads\/2024\/09\/menukaarten_hotel_premium_Place_Add_8.jpg\",\"width\":800,\"height\":800},{\"@type\":\"BreadcrumbList\",\"@id\":\"https:\/\/place-add.nl\/de\/produkt\/premium-hotelmappe\/#breadcrumb\",\"itemListElement\":[{\"@type\":\"ListItem\",\"position\":1,\"name\":\"Home\",\"item\":\"https:\/\/place-add.nl\/de\/home\/\"},{\"@type\":\"ListItem\",\"position\":2,\"name\":\"Shop\",\"item\":\"https:\/\/place-add.nl\/de\/shop\/\"},{\"@type\":\"ListItem\",\"position\":3,\"name\":\"Premium\"}]},{\"@type\":\"WebSite\",\"@id\":\"https:\/\/place-add.nl\/de\/#website\",\"url\":\"https:\/\/place-add.nl\/de\/\",\"name\":\"Place Add\",\"description\":\"Tafelkleding voor de horeca\",\"publisher\":{\"@id\":\"https:\/\/place-add.nl\/de\/#organization\"},\"potentialAction\":[{\"@type\":\"SearchAction\",\"target\":{\"@type\":\"EntryPoint\",\"urlTemplate\":\"https:\/\/place-add.nl\/de\/?s={search_term_string}\"},\"query-input\":{\"@type\":\"PropertyValueSpecification\",\"valueRequired\":true,\"valueName\":\"search_term_string\"}}],\"inLanguage\":\"de\"},{\"@type\":\"Organization\",\"@id\":\"https:\/\/place-add.nl\/de\/#organization\",\"name\":\"Place Add\",\"url\":\"https:\/\/place-add.nl\/de\/\",\"logo\":{\"@type\":\"ImageObject\",\"inLanguage\":\"de\",\"@id\":\"https:\/\/place-add.nl\/de\/#\/schema\/logo\/image\/\",\"url\":\"https:\/\/place-add.nl\/wp-content\/uploads\/2023\/11\/logo-img-place-add.png\",\"contentUrl\":\"https:\/\/place-add.nl\/wp-content\/uploads\/2023\/11\/logo-img-place-add.png\",\"width\":404,\"height\":106,\"caption\":\"Place Add\"},\"image\":{\"@id\":\"https:\/\/place-add.nl\/de\/#\/schema\/logo\/image\/\"},\"sameAs\":[\"https:\/\/www.facebook.com\/PlaceAdd\/\",\"https:\/\/www.instagram.com\/place_add\/\",\"https:\/\/www.youtube.com\/@placeadd\"]}]}<\/script>\n<!-- \/ Yoast SEO Premium plugin. -->","yoast_head_json":{"title":"Premium-Hotelmappe | Place Add | F\u00fcr die Gastronomie","description":"Premium-Hotelmappe mit stabilem Kartonkern und einer Auswahl an Materialien und Farben. Vollst\u00e4ndig individuell gestaltet.","robots":{"index":"index","follow":"follow","max-snippet":"max-snippet:-1","max-image-preview":"max-image-preview:large","max-video-preview":"max-video-preview:-1"},"canonical":"https:\/\/place-add.nl\/de\/produkt\/premium-hotelmappe\/","og_locale":"de_DE","og_type":"article","og_title":"Premium","og_description":"Premium-Hotelmappe mit stabilem Kartonkern und einer Auswahl an Materialien und Farben. Vollst\u00e4ndig individuell gestaltet.","og_url":"https:\/\/place-add.nl\/de\/produkt\/premium-hotelmappe\/","og_site_name":"Place Add","article_publisher":"https:\/\/www.facebook.com\/PlaceAdd\/","article_modified_time":"2025-06-01T06:30:01+00:00","og_image":[{"width":800,"height":800,"url":"https:\/\/place-add.nl\/wp-content\/uploads\/2024\/09\/menukaarten_hotel_premium_Place_Add_8.jpg","type":"image\/jpeg"}],"twitter_card":"summary_large_image","twitter_misc":{"Gesch\u00e4tzte Lesezeit":"2\u00a0Minuten"},"schema":{"@context":"https:\/\/schema.org","@graph":[{"@type":"WebPage","@id":"https:\/\/place-add.nl\/de\/produkt\/premium-hotelmappe\/","url":"https:\/\/place-add.nl\/de\/produkt\/premium-hotelmappe\/","name":"Premium-Hotelmappe | Place Add | F\u00fcr die Gastronomie","isPartOf":{"@id":"https:\/\/place-add.nl\/de\/#website"},"primaryImageOfPage":{"@id":"https:\/\/place-add.nl\/de\/produkt\/premium-hotelmappe\/#primaryimage"},"image":{"@id":"https:\/\/place-add.nl\/de\/produkt\/premium-hotelmappe\/#primaryimage"},"thumbnailUrl":"https:\/\/place-add.nl\/wp-content\/uploads\/2024\/09\/menukaarten_hotel_premium_Place_Add_8.jpg","datePublished":"2024-06-11T10:07:14+00:00","dateModified":"2025-06-01T06:30:01+00:00","description":"Premium-Hotelmappe mit stabilem Kartonkern und einer Auswahl an Materialien und Farben. Vollst\u00e4ndig individuell gestaltet.","breadcrumb":{"@id":"https:\/\/place-add.nl\/de\/produkt\/premium-hotelmappe\/#breadcrumb"},"inLanguage":"de","potentialAction":[{"@type":"ReadAction","target":["https:\/\/place-add.nl\/de\/produkt\/premium-hotelmappe\/"]}]},{"@type":"ImageObject","inLanguage":"de","@id":"https:\/\/place-add.nl\/de\/produkt\/premium-hotelmappe\/#primaryimage","url":"https:\/\/place-add.nl\/wp-content\/uploads\/2024\/09\/menukaarten_hotel_premium_Place_Add_8.jpg","contentUrl":"https:\/\/place-add.nl\/wp-content\/uploads\/2024\/09\/menukaarten_hotel_premium_Place_Add_8.jpg","width":800,"height":800},{"@type":"BreadcrumbList","@id":"https:\/\/place-add.nl\/de\/produkt\/premium-hotelmappe\/#breadcrumb","itemListElement":[{"@type":"ListItem","position":1,"name":"Home","item":"https:\/\/place-add.nl\/de\/home\/"},{"@type":"ListItem","position":2,"name":"Shop","item":"https:\/\/place-add.nl\/de\/shop\/"},{"@type":"ListItem","position":3,"name":"Premium"}]},{"@type":"WebSite","@id":"https:\/\/place-add.nl\/de\/#website","url":"https:\/\/place-add.nl\/de\/","name":"Place Add","description":"Tafelkleding voor de horeca","publisher":{"@id":"https:\/\/place-add.nl\/de\/#organization"},"potentialAction":[{"@type":"SearchAction","target":{"@type":"EntryPoint","urlTemplate":"https:\/\/place-add.nl\/de\/?s={search_term_string}"},"query-input":{"@type":"PropertyValueSpecification","valueRequired":true,"valueName":"search_term_string"}}],"inLanguage":"de"},{"@type":"Organization","@id":"https:\/\/place-add.nl\/de\/#organization","name":"Place Add","url":"https:\/\/place-add.nl\/de\/","logo":{"@type":"ImageObject","inLanguage":"de","@id":"https:\/\/place-add.nl\/de\/#\/schema\/logo\/image\/","url":"https:\/\/place-add.nl\/wp-content\/uploads\/2023\/11\/logo-img-place-add.png","contentUrl":"https:\/\/place-add.nl\/wp-content\/uploads\/2023\/11\/logo-img-place-add.png","width":404,"height":106,"caption":"Place Add"},"image":{"@id":"https:\/\/place-add.nl\/de\/#\/schema\/logo\/image\/"},"sameAs":["https:\/\/www.facebook.com\/PlaceAdd\/","https:\/\/www.instagram.com\/place_add\/","https:\/\/www.youtube.com\/@placeadd"]}]}},"_links":{"self":[{"href":"https:\/\/place-add.nl\/de\/wp-json\/wp\/v2\/product\/43203","targetHints":{"allow":["GET"]}}],"collection":[{"href":"https:\/\/place-add.nl\/de\/wp-json\/wp\/v2\/product"}],"about":[{"href":"https:\/\/place-add.nl\/de\/wp-json\/wp\/v2\/types\/product"}],"wp:featuredmedia":[{"embeddable":true,"href":"https:\/\/place-add.nl\/de\/wp-json\/wp\/v2\/media\/41074"}],"wp:attachment":[{"href":"https:\/\/place-add.nl\/de\/wp-json\/wp\/v2\/media?parent=43203"}],"wp:term":[{"taxonomy":"product_brand","embeddable":true,"href":"https:\/\/place-add.nl\/de\/wp-json\/wp\/v2\/product_brand?post=43203"},{"taxonomy":"product_cat","embeddable":true,"href":"https:\/\/place-add.nl\/de\/wp-json\/wp\/v2\/product_cat?post=43203"},{"taxonomy":"product_tag","embeddable":true,"href":"https:\/\/place-add.nl\/de\/wp-json\/wp\/v2\/product_tag?post=43203"}],"curies":[{"name":"wp","href":"https:\/\/api.w.org\/{rel}","templated":true}]}}