{"id":43206,"date":"2024-06-11T10:05:56","date_gmt":"2024-06-11T10:05:56","guid":{"rendered":"https:\/\/place-add.nl\/product\/basic-hotelmappen\/"},"modified":"2025-06-01T06:33:08","modified_gmt":"2025-06-01T06:33:08","slug":"basic-hotelmappe","status":"publish","type":"product","link":"https:\/\/place-add.nl\/de\/produkt\/basic-hotelmappe\/","title":{"rendered":"Basic Hotelmappe"},"content":{"rendered":"<p>Unsere <strong>Basic-Hotelmappen<\/strong> wurden speziell entwickelt, um Hotels ein anspruchsvolles und stilvolles Aussehen zu verleihen, das ihre G\u00e4ste herzlich willkommen hei\u00dft. Sei es ein klassisches, luxuri\u00f6ses Ambiente oder ein moderner, zeitgem\u00e4\u00dfer Look. Unsere Hotelmappen sind so gestaltet, dass sie sich nahtlos in die Atmosph\u00e4re und Identit\u00e4t Ihres Hotels einf\u00fcgen.<\/p>\n<p>Die Auswahl an Materialien ist gro\u00df und bietet f\u00fcr jeden Stil und Wunsch eine L\u00f6sung. Echtes Leder ist die ideale Wahl f\u00fcr Hotels, die einen zeitlosen und eleganten Look w\u00fcnschen. Kunstleder und andere hochwertige synthetische Materialien eignen sich f\u00fcr einen modernen, pflegeleichten Ansatz. Dar\u00fcber hinaus stehen verschiedene Bucheinbandmaterialien von traditionell bis minimalistisch zur Verf\u00fcgung, so dass sich jede Hotelmappe m\u00fchelos dem gew\u00fcnschten Ambiente anpasst.<\/p>\n<p>Basic-Hotelmappen sind mit viel Liebe zum Detail gestaltet und bieten vielseitige Gestaltungsm\u00f6glichkeiten, damit Sie Ihren G\u00e4sten alle Informationen \u00fcbersichtlich zur Verf\u00fcgung stellen k\u00f6nnen. Indem Sie die Mappen mit speziellen F\u00e4chern und Abteilungen organisieren, k\u00f6nnen Sie unter anderem Platz f\u00fcr Zimmerschl\u00fcssel und Zimmerservice-Men\u00fcs schaffen. Auf diese Weise k\u00f6nnen die G\u00e4ste alle Informationen, die sie ben\u00f6tigen, leicht finden.<\/p>\n<p>Dar\u00fcber hinaus gibt es viele M\u00f6glichkeiten zur Personalisierung. Sie k\u00f6nnen die Farbe, den Druck und den Inhalt der Hotelmappen vollst\u00e4ndig an das Branding Ihres Hotels anpassen. Dieser personalisierte Ansatz bietet den G\u00e4sten ein einzigartiges, ma\u00dfgeschneidertes Erlebnis und tr\u00e4gt zu ihrem gesamten Aufenthalt bei.<\/p>\n<p>Mit unserem umfangreichen Angebot an Hotelmappen haben Sie die Freiheit, das perfekte Gleichgewicht zwischen Stil, Funktion und Individualisierung zu finden, um Ihren G\u00e4sten einen besonderen und unvergesslichen Aufenthalt zu bieten.<\/p>\n<p>Vervollst\u00e4ndigen Sie das Bild mit einer passenden <strong><a href=\"https:\/\/place-add.nl\/menukaarten\/menukaarten-op-maat\/rekeningmapjes\/\">Rechnungsmappe<\/a><\/strong>!<\/p>\n<p>Sie brauchen kurzfristig Speisekarten? Dann besuchen Sie unsere zweite Website, <strong><a href=\"http:\/\/www.craftontable.com\/\">Craftontable.com<\/a><\/strong>, f\u00fcr Speisekarten mit weniger Personalisierungsm\u00f6glichkeiten, daf\u00fcr aber mit k\u00fcrzeren Lieferzeiten.<\/p>\n<p>Sie brauchen Beratung? Unser Team hilft Ihnen gerne bei der Auswahl und unterst\u00fctzt Sie bei der Umsetzung Ihrer Men\u00fckarte.<\/p>\n<p><button id=\"knop-contact-opnemen-overige-producten-de\">Kontaktieren Sie uns unverbindlich<\/button><\/p>\n","protected":false},"excerpt":{"rendered":"<p>Speziell f\u00fcr die Hotellerie bieten wir ein umfangreiches Sortiment an hochwertigen Basic Hotelmappen an. Ob Sie eine klassische und luxuri\u00f6se Optik oder ein modernes und zeitgem\u00e4\u00dfes Design suchen \u2013 unsere Hotelmappen sind so gestaltet, dass sie Ihren G\u00e4sten ein herzliches und stilvolles Willkommen bereiten.<\/p>\n<p><strong>Warum sollten Sie sich f\u00fcr unsere Hotelmappen entscheiden?<\/strong><\/p>\n<p>&#8211; <strong>Gro\u00dfe Auswahl an Materialien und Ausf\u00fchrungen:<\/strong> Wir bieten eine breite Palette an Materialien f\u00fcr unsere Hotelmappen, darunter echtes Leder, Kunstleder, verschiedene Kunststoffe und Buchbindermaterialien. Ob Sie die luxuri\u00f6se Optik von echtem Leder bevorzugen oder die Langlebigkeit von Kunstleder \u2013 wir haben die perfekte L\u00f6sung f\u00fcr Ihr Hotel.<\/p>\n<p>&#8211; <strong>Vielseitige Gestaltungsm\u00f6glichkeiten<\/strong>: Neben der Materialauswahl bieten unsere Hotelmappen auch gro\u00dfe Flexibilit\u00e4t in der Aufteilung. Sie k\u00f6nnen aus verschiedenen F\u00e4chern und Abteilungen w\u00e4hlen, um Ihren G\u00e4sten alle ben\u00f6tigten Informationen bereitzustellen, von Zimmerschl\u00fcsseln bis hin zu Roomservice-Men\u00fcs.<\/p>\n<p>&#8211; <strong>Ma\u00dfanfertigung und Personalisierung<\/strong>: Mit der M\u00f6glichkeit, Farbe, Inhalt und Aufdruck individuell anzupassen, k\u00f6nnen Sie Ihre Hotelmappen vollst\u00e4ndig personalisieren und auf die Identit\u00e4t und das Erscheinungsbild Ihres Hotels abstimmen. So bieten Sie Ihren G\u00e4sten ein einzigartiges und pers\u00f6nliches Erlebnis, das ihnen ein warmes Willkommen bereitet.<\/p>\n<p><button id=\"knop-contact-opnemen-overige-producten-de\">Kontaktieren Sie uns unverbindlich<\/button><\/p>\n","protected":false},"featured_media":37860,"template":"","meta":[],"product_brand":[],"product_cat":[1447],"product_tag":[1137,1138,1198,1199,1200,1201,1202,1203],"class_list":{"0":"post-43206","1":"product","2":"type-product","3":"status-publish","4":"has-post-thumbnail","6":"product_cat-hotel-de","7":"product_tag-basic-hotelordner","8":"product_tag-basic-kunstleder-speisenkarten","9":"product_tag-maatwerk-menukaarten-de","10":"product_tag-menukaarten-de","11":"product_tag-menukaarten-horeca-de","12":"product_tag-menukaarten-kopen-de","13":"product_tag-menukaarten-op-maat-de","14":"product_tag-restaurant-menukaarten-de","16":"first","17":"instock","18":"taxable","19":"shipping-taxable","20":"product-type-simple"},"yoast_head":"<!-- This site is optimized with the Yoast SEO Premium plugin v27.2 (Yoast SEO v27.2) - https:\/\/yoast.com\/product\/yoast-seo-premium-wordpress\/ -->\n<title>Basic-Hotelmappe | Place Add | F\u00fcr die Gastronomie<\/title>\n<meta name=\"description\" content=\"Basic-Hotelmappen: Entdecken Sie unser Angebot an hochwertigen Basic - Hotelmappen f\u00fcr einen warmen und stilvollen Empfang in Ihrem Hotel.\" \/>\n<meta name=\"robots\" content=\"index, follow, max-snippet:-1, max-image-preview:large, max-video-preview:-1\" \/>\n<link rel=\"canonical\" href=\"https:\/\/place-add.nl\/de\/produkt\/basic-hotelmappe\/\" \/>\n<meta property=\"og:locale\" content=\"de_DE\" \/>\n<meta property=\"og:type\" content=\"article\" \/>\n<meta property=\"og:title\" content=\"Basic Hotelmappe\" \/>\n<meta property=\"og:description\" content=\"Basic-Hotelmappen: Entdecken Sie unser Angebot an hochwertigen Basic - Hotelmappen f\u00fcr einen warmen und stilvollen Empfang in Ihrem Hotel.\" \/>\n<meta property=\"og:url\" content=\"https:\/\/place-add.nl\/de\/produkt\/basic-hotelmappe\/\" \/>\n<meta property=\"og:site_name\" content=\"Place Add\" \/>\n<meta property=\"article:publisher\" content=\"https:\/\/www.facebook.com\/PlaceAdd\/\" \/>\n<meta property=\"article:modified_time\" content=\"2025-06-01T06:33:08+00:00\" \/>\n<meta property=\"og:image\" content=\"https:\/\/place-add.nl\/wp-content\/uploads\/2024\/06\/menukaarten_hotelmap_basic_1_Place-_Add.jpg\" \/>\n\t<meta property=\"og:image:width\" content=\"800\" \/>\n\t<meta property=\"og:image:height\" content=\"800\" \/>\n\t<meta property=\"og:image:type\" content=\"image\/jpeg\" \/>\n<meta name=\"twitter:card\" content=\"summary_large_image\" \/>\n<meta name=\"twitter:label1\" content=\"Gesch\u00e4tzte Lesezeit\" \/>\n\t<meta name=\"twitter:data1\" content=\"2\u00a0Minuten\" \/>\n<script type=\"application\/ld+json\" class=\"yoast-schema-graph\">{\"@context\":\"https:\/\/schema.org\",\"@graph\":[{\"@type\":\"WebPage\",\"@id\":\"https:\/\/place-add.nl\/de\/produkt\/basic-hotelmappe\/\",\"url\":\"https:\/\/place-add.nl\/de\/produkt\/basic-hotelmappe\/\",\"name\":\"Basic-Hotelmappe | Place Add | F\u00fcr die Gastronomie\",\"isPartOf\":{\"@id\":\"https:\/\/place-add.nl\/de\/#website\"},\"primaryImageOfPage\":{\"@id\":\"https:\/\/place-add.nl\/de\/produkt\/basic-hotelmappe\/#primaryimage\"},\"image\":{\"@id\":\"https:\/\/place-add.nl\/de\/produkt\/basic-hotelmappe\/#primaryimage\"},\"thumbnailUrl\":\"https:\/\/place-add.nl\/wp-content\/uploads\/2024\/06\/menukaarten_hotelmap_basic_1_Place-_Add.jpg\",\"datePublished\":\"2024-06-11T10:05:56+00:00\",\"dateModified\":\"2025-06-01T06:33:08+00:00\",\"description\":\"Basic-Hotelmappen: Entdecken Sie unser Angebot an hochwertigen Basic - Hotelmappen f\u00fcr einen warmen und stilvollen Empfang in Ihrem Hotel.\",\"breadcrumb\":{\"@id\":\"https:\/\/place-add.nl\/de\/produkt\/basic-hotelmappe\/#breadcrumb\"},\"inLanguage\":\"de\",\"potentialAction\":[{\"@type\":\"ReadAction\",\"target\":[\"https:\/\/place-add.nl\/de\/produkt\/basic-hotelmappe\/\"]}]},{\"@type\":\"ImageObject\",\"inLanguage\":\"de\",\"@id\":\"https:\/\/place-add.nl\/de\/produkt\/basic-hotelmappe\/#primaryimage\",\"url\":\"https:\/\/place-add.nl\/wp-content\/uploads\/2024\/06\/menukaarten_hotelmap_basic_1_Place-_Add.jpg\",\"contentUrl\":\"https:\/\/place-add.nl\/wp-content\/uploads\/2024\/06\/menukaarten_hotelmap_basic_1_Place-_Add.jpg\",\"width\":800,\"height\":800,\"caption\":\"Basic Hotelmappen\"},{\"@type\":\"BreadcrumbList\",\"@id\":\"https:\/\/place-add.nl\/de\/produkt\/basic-hotelmappe\/#breadcrumb\",\"itemListElement\":[{\"@type\":\"ListItem\",\"position\":1,\"name\":\"Home\",\"item\":\"https:\/\/place-add.nl\/de\/home\/\"},{\"@type\":\"ListItem\",\"position\":2,\"name\":\"Shop\",\"item\":\"https:\/\/place-add.nl\/de\/shop\/\"},{\"@type\":\"ListItem\",\"position\":3,\"name\":\"Basic Hotelmappe\"}]},{\"@type\":\"WebSite\",\"@id\":\"https:\/\/place-add.nl\/de\/#website\",\"url\":\"https:\/\/place-add.nl\/de\/\",\"name\":\"Place Add\",\"description\":\"Tafelkleding voor de horeca\",\"publisher\":{\"@id\":\"https:\/\/place-add.nl\/de\/#organization\"},\"potentialAction\":[{\"@type\":\"SearchAction\",\"target\":{\"@type\":\"EntryPoint\",\"urlTemplate\":\"https:\/\/place-add.nl\/de\/?s={search_term_string}\"},\"query-input\":{\"@type\":\"PropertyValueSpecification\",\"valueRequired\":true,\"valueName\":\"search_term_string\"}}],\"inLanguage\":\"de\"},{\"@type\":\"Organization\",\"@id\":\"https:\/\/place-add.nl\/de\/#organization\",\"name\":\"Place Add\",\"url\":\"https:\/\/place-add.nl\/de\/\",\"logo\":{\"@type\":\"ImageObject\",\"inLanguage\":\"de\",\"@id\":\"https:\/\/place-add.nl\/de\/#\/schema\/logo\/image\/\",\"url\":\"https:\/\/place-add.nl\/wp-content\/uploads\/2023\/11\/logo-img-place-add.png\",\"contentUrl\":\"https:\/\/place-add.nl\/wp-content\/uploads\/2023\/11\/logo-img-place-add.png\",\"width\":404,\"height\":106,\"caption\":\"Place Add\"},\"image\":{\"@id\":\"https:\/\/place-add.nl\/de\/#\/schema\/logo\/image\/\"},\"sameAs\":[\"https:\/\/www.facebook.com\/PlaceAdd\/\",\"https:\/\/www.instagram.com\/place_add\/\",\"https:\/\/www.youtube.com\/@placeadd\"]}]}<\/script>\n<!-- \/ Yoast SEO Premium plugin. -->","yoast_head_json":{"title":"Basic-Hotelmappe | Place Add | F\u00fcr die Gastronomie","description":"Basic-Hotelmappen: Entdecken Sie unser Angebot an hochwertigen Basic - Hotelmappen f\u00fcr einen warmen und stilvollen Empfang in Ihrem Hotel.","robots":{"index":"index","follow":"follow","max-snippet":"max-snippet:-1","max-image-preview":"max-image-preview:large","max-video-preview":"max-video-preview:-1"},"canonical":"https:\/\/place-add.nl\/de\/produkt\/basic-hotelmappe\/","og_locale":"de_DE","og_type":"article","og_title":"Basic Hotelmappe","og_description":"Basic-Hotelmappen: Entdecken Sie unser Angebot an hochwertigen Basic - Hotelmappen f\u00fcr einen warmen und stilvollen Empfang in Ihrem Hotel.","og_url":"https:\/\/place-add.nl\/de\/produkt\/basic-hotelmappe\/","og_site_name":"Place Add","article_publisher":"https:\/\/www.facebook.com\/PlaceAdd\/","article_modified_time":"2025-06-01T06:33:08+00:00","og_image":[{"width":800,"height":800,"url":"https:\/\/place-add.nl\/wp-content\/uploads\/2024\/06\/menukaarten_hotelmap_basic_1_Place-_Add.jpg","type":"image\/jpeg"}],"twitter_card":"summary_large_image","twitter_misc":{"Gesch\u00e4tzte Lesezeit":"2\u00a0Minuten"},"schema":{"@context":"https:\/\/schema.org","@graph":[{"@type":"WebPage","@id":"https:\/\/place-add.nl\/de\/produkt\/basic-hotelmappe\/","url":"https:\/\/place-add.nl\/de\/produkt\/basic-hotelmappe\/","name":"Basic-Hotelmappe | Place Add | F\u00fcr die Gastronomie","isPartOf":{"@id":"https:\/\/place-add.nl\/de\/#website"},"primaryImageOfPage":{"@id":"https:\/\/place-add.nl\/de\/produkt\/basic-hotelmappe\/#primaryimage"},"image":{"@id":"https:\/\/place-add.nl\/de\/produkt\/basic-hotelmappe\/#primaryimage"},"thumbnailUrl":"https:\/\/place-add.nl\/wp-content\/uploads\/2024\/06\/menukaarten_hotelmap_basic_1_Place-_Add.jpg","datePublished":"2024-06-11T10:05:56+00:00","dateModified":"2025-06-01T06:33:08+00:00","description":"Basic-Hotelmappen: Entdecken Sie unser Angebot an hochwertigen Basic - Hotelmappen f\u00fcr einen warmen und stilvollen Empfang in Ihrem Hotel.","breadcrumb":{"@id":"https:\/\/place-add.nl\/de\/produkt\/basic-hotelmappe\/#breadcrumb"},"inLanguage":"de","potentialAction":[{"@type":"ReadAction","target":["https:\/\/place-add.nl\/de\/produkt\/basic-hotelmappe\/"]}]},{"@type":"ImageObject","inLanguage":"de","@id":"https:\/\/place-add.nl\/de\/produkt\/basic-hotelmappe\/#primaryimage","url":"https:\/\/place-add.nl\/wp-content\/uploads\/2024\/06\/menukaarten_hotelmap_basic_1_Place-_Add.jpg","contentUrl":"https:\/\/place-add.nl\/wp-content\/uploads\/2024\/06\/menukaarten_hotelmap_basic_1_Place-_Add.jpg","width":800,"height":800,"caption":"Basic Hotelmappen"},{"@type":"BreadcrumbList","@id":"https:\/\/place-add.nl\/de\/produkt\/basic-hotelmappe\/#breadcrumb","itemListElement":[{"@type":"ListItem","position":1,"name":"Home","item":"https:\/\/place-add.nl\/de\/home\/"},{"@type":"ListItem","position":2,"name":"Shop","item":"https:\/\/place-add.nl\/de\/shop\/"},{"@type":"ListItem","position":3,"name":"Basic Hotelmappe"}]},{"@type":"WebSite","@id":"https:\/\/place-add.nl\/de\/#website","url":"https:\/\/place-add.nl\/de\/","name":"Place Add","description":"Tafelkleding voor de horeca","publisher":{"@id":"https:\/\/place-add.nl\/de\/#organization"},"potentialAction":[{"@type":"SearchAction","target":{"@type":"EntryPoint","urlTemplate":"https:\/\/place-add.nl\/de\/?s={search_term_string}"},"query-input":{"@type":"PropertyValueSpecification","valueRequired":true,"valueName":"search_term_string"}}],"inLanguage":"de"},{"@type":"Organization","@id":"https:\/\/place-add.nl\/de\/#organization","name":"Place Add","url":"https:\/\/place-add.nl\/de\/","logo":{"@type":"ImageObject","inLanguage":"de","@id":"https:\/\/place-add.nl\/de\/#\/schema\/logo\/image\/","url":"https:\/\/place-add.nl\/wp-content\/uploads\/2023\/11\/logo-img-place-add.png","contentUrl":"https:\/\/place-add.nl\/wp-content\/uploads\/2023\/11\/logo-img-place-add.png","width":404,"height":106,"caption":"Place Add"},"image":{"@id":"https:\/\/place-add.nl\/de\/#\/schema\/logo\/image\/"},"sameAs":["https:\/\/www.facebook.com\/PlaceAdd\/","https:\/\/www.instagram.com\/place_add\/","https:\/\/www.youtube.com\/@placeadd"]}]}},"_links":{"self":[{"href":"https:\/\/place-add.nl\/de\/wp-json\/wp\/v2\/product\/43206","targetHints":{"allow":["GET"]}}],"collection":[{"href":"https:\/\/place-add.nl\/de\/wp-json\/wp\/v2\/product"}],"about":[{"href":"https:\/\/place-add.nl\/de\/wp-json\/wp\/v2\/types\/product"}],"wp:featuredmedia":[{"embeddable":true,"href":"https:\/\/place-add.nl\/de\/wp-json\/wp\/v2\/media\/37860"}],"wp:attachment":[{"href":"https:\/\/place-add.nl\/de\/wp-json\/wp\/v2\/media?parent=43206"}],"wp:term":[{"taxonomy":"product_brand","embeddable":true,"href":"https:\/\/place-add.nl\/de\/wp-json\/wp\/v2\/product_brand?post=43206"},{"taxonomy":"product_cat","embeddable":true,"href":"https:\/\/place-add.nl\/de\/wp-json\/wp\/v2\/product_cat?post=43206"},{"taxonomy":"product_tag","embeddable":true,"href":"https:\/\/place-add.nl\/de\/wp-json\/wp\/v2\/product_tag?post=43206"}],"curies":[{"name":"wp","href":"https:\/\/api.w.org\/{rel}","templated":true}]}}