{"id":43208,"date":"2024-06-11T11:08:23","date_gmt":"2024-06-11T11:08:23","guid":{"rendered":"https:\/\/place-add.nl\/product\/grootzakelijk\/"},"modified":"2025-06-13T13:34:12","modified_gmt":"2025-06-13T13:34:12","slug":"grossunternehmen","status":"publish","type":"product","link":"https:\/\/place-add.nl\/de\/produkt\/grossunternehmen\/","title":{"rendered":"Gro\u00dfunternehmen"},"content":{"rendered":"<p><strong>Gro\u00dfunternehmen<\/strong><\/p>\n<p>Verbessern Sie Ihr Firmenimage und Ihre Pr\u00e4sentation mit unseren ma\u00dfgeschneiderten Men\u00fcs f\u00fcr gro\u00dfe Firmenkunden. Nehmen Sie noch heute Kontakt mit uns auf, um zu besprechen, wie wir Ihre Corporate Identity verbessern und Ihre Marke professionell pr\u00e4sentieren k\u00f6nnen.<\/p>\n<p><strong>Sind Sie an ma\u00dfgeschneiderten Speisekarten interessiert? Dann kontaktieren Sie uns f\u00fcr weitere Informationen oder fordern Sie ein individuelles Angebot an.<\/strong><\/p>\n<p><button id=\"knop-contact-opnemen-overige-producten-de\">Kontaktieren Sie uns unverbindlich<\/button><\/p>\n","protected":false},"excerpt":{"rendered":"<p class=\"ai-optimize-31\">St\u00e4rken Sie Ihre Corporate Identity mit ma\u00dfgeschneiderten Speisekarten<\/p>\n<p class=\"ai-optimize-32\">Als Brauerei, Caterer, Getr\u00e4nkeimporteur, Gastronomielieferant oder Eventveranstalter ist es entscheidend, Ihre Corporate Identity zu st\u00e4rken und Ihre Markenidentit\u00e4t einheitlich zu pr\u00e4sentieren. Unsere Speisekarten f\u00fcr Gro\u00dfhandelskunden bieten die perfekte L\u00f6sung, um Ihre Marke professionell und stilvoll zu pr\u00e4sentieren.<\/p>\n<p class=\"ai-optimize-33\">Warum Sie sich f\u00fcr unsere Speisekarten entscheiden sollten:<\/p>\n<p class=\"ai-optimize-34\">Ma\u00dfgeschneidert f\u00fcr Ihr Unternehmen: Wir wissen, dass jedes Unternehmen einzigartig ist und seine eigene Identit\u00e4t hat. Deshalb bieten wir ma\u00dfgeschneiderte L\u00f6sungen f\u00fcr Ihre Speisekarten, die perfekt zu Ihrer Corporate Identity und Markenstrategie passen. Ob Sie nun Speisekarten, Getr\u00e4nkekarten, Terrassenkarten oder Barkarten suchen, wir denken gerne mit Ihnen mit, um das gew\u00fcnschte Ergebnis zu erzielen.<br \/>\nQualit\u00e4t und Zuverl\u00e4ssigkeit: Mit mehr als 25 Jahren Erfahrung sind wir Ihr zuverl\u00e4ssiger Partner f\u00fcr Qualit\u00e4t, Kreativit\u00e4t, Klarheit und Kontinuit\u00e4t. Wir sind bestrebt, Ihre W\u00fcnsche zu verwirklichen und Ihre Erwartungen voll zu erf\u00fcllen. Durch eine klare Kommunikation und eine professionelle Vorgehensweise sorgen wir daf\u00fcr, dass Ihre Men\u00fcs perfekt auf Ihre gesch\u00e4ftlichen Anforderungen abgestimmt sind.<br \/>\nTransparente Preise und Bedingungen: Bei Place Add streben wir nach Ehrlichkeit und Transparenz in allen unseren Gesch\u00e4ftsbeziehungen. Wir glauben an den Aufbau langfristiger Beziehungen zu unseren Kunden, deshalb bieten wir transparente, faire und realistische Preise und Bedingungen. F\u00fcr uns ist ein gutes Gesch\u00e4ft mehr als nur eine Zahl auf einer Rechnung.<\/p>\n<p class=\"ai-optimize-35\"><button id=\"knop-contact-opnemen-overige-producten-de\">Kontaktieren Sie uns unverbindlich<\/button><\/p>\n","protected":false},"featured_media":40837,"template":"","meta":[],"product_brand":[],"product_cat":[1442],"product_tag":[1221,1198,1199,1200,1201,1202,1203],"class_list":{"0":"post-43208","1":"product","2":"type-product","3":"status-publish","4":"has-post-thumbnail","6":"product_cat-speisekarten-n-mas","7":"product_tag-grosunternehmen-speisekarten","8":"product_tag-maatwerk-menukaarten-de","9":"product_tag-menukaarten-de","10":"product_tag-menukaarten-horeca-de","11":"product_tag-menukaarten-kopen-de","12":"product_tag-menukaarten-op-maat-de","13":"product_tag-restaurant-menukaarten-de","15":"first","16":"instock","17":"taxable","18":"shipping-taxable","19":"product-type-simple"},"yoast_head":"<!-- This site is optimized with the Yoast SEO Premium plugin v27.2 (Yoast SEO v27.2) - https:\/\/yoast.com\/product\/yoast-seo-premium-wordpress\/ -->\n<title>Gro\u00dfunternehmen | Speisekarten | Place Add | F\u00fcr die Gastronomie<\/title>\n<meta name=\"description\" content=\"Unterstreichen Sie Ihre Corporate Identity mit unseren individuell gestalteten Men\u00fckarten. Ma\u00dfgeschneiderte L\u00f6sungen f\u00fcr Firmenkunden\" \/>\n<meta name=\"robots\" content=\"index, follow, max-snippet:-1, max-image-preview:large, max-video-preview:-1\" \/>\n<link rel=\"canonical\" href=\"https:\/\/place-add.nl\/de\/produkt\/grossunternehmen\/\" \/>\n<meta property=\"og:locale\" content=\"de_DE\" \/>\n<meta property=\"og:type\" content=\"article\" \/>\n<meta property=\"og:title\" content=\"Gro\u00dfunternehmen\" \/>\n<meta property=\"og:description\" content=\"Unterstreichen Sie Ihre Corporate Identity mit unseren individuell gestalteten Men\u00fckarten. Ma\u00dfgeschneiderte L\u00f6sungen f\u00fcr Firmenkunden\" \/>\n<meta property=\"og:url\" content=\"https:\/\/place-add.nl\/de\/produkt\/grossunternehmen\/\" \/>\n<meta property=\"og:site_name\" content=\"Place Add\" \/>\n<meta property=\"article:publisher\" content=\"https:\/\/www.facebook.com\/PlaceAdd\/\" \/>\n<meta property=\"article:modified_time\" content=\"2025-06-13T13:34:12+00:00\" \/>\n<meta property=\"og:image\" content=\"https:\/\/place-add.nl\/wp-content\/uploads\/2024\/06\/menukaarten_grootzakelijk_Place_Add_2-scaled.jpg\" \/>\n\t<meta property=\"og:image:width\" content=\"1000\" \/>\n\t<meta property=\"og:image:height\" content=\"1000\" \/>\n\t<meta property=\"og:image:type\" content=\"image\/jpeg\" \/>\n<meta name=\"twitter:card\" content=\"summary_large_image\" \/>\n<meta name=\"twitter:label1\" content=\"Gesch\u00e4tzte Lesezeit\" \/>\n\t<meta name=\"twitter:data1\" content=\"1\u00a0Minute\" \/>\n<script type=\"application\/ld+json\" class=\"yoast-schema-graph\">{\"@context\":\"https:\/\/schema.org\",\"@graph\":[{\"@type\":\"WebPage\",\"@id\":\"https:\/\/place-add.nl\/de\/produkt\/grossunternehmen\/\",\"url\":\"https:\/\/place-add.nl\/de\/produkt\/grossunternehmen\/\",\"name\":\"Gro\u00dfunternehmen | Speisekarten | Place Add | F\u00fcr die Gastronomie\",\"isPartOf\":{\"@id\":\"https:\/\/place-add.nl\/de\/#website\"},\"primaryImageOfPage\":{\"@id\":\"https:\/\/place-add.nl\/de\/produkt\/grossunternehmen\/#primaryimage\"},\"image\":{\"@id\":\"https:\/\/place-add.nl\/de\/produkt\/grossunternehmen\/#primaryimage\"},\"thumbnailUrl\":\"https:\/\/place-add.nl\/wp-content\/uploads\/2024\/06\/menukaarten_grootzakelijk_Place_Add_2-scaled.jpg\",\"datePublished\":\"2024-06-11T11:08:23+00:00\",\"dateModified\":\"2025-06-13T13:34:12+00:00\",\"description\":\"Unterstreichen Sie Ihre Corporate Identity mit unseren individuell gestalteten Men\u00fckarten. Ma\u00dfgeschneiderte L\u00f6sungen f\u00fcr Firmenkunden\",\"breadcrumb\":{\"@id\":\"https:\/\/place-add.nl\/de\/produkt\/grossunternehmen\/#breadcrumb\"},\"inLanguage\":\"de\",\"potentialAction\":[{\"@type\":\"ReadAction\",\"target\":[\"https:\/\/place-add.nl\/de\/produkt\/grossunternehmen\/\"]}]},{\"@type\":\"ImageObject\",\"inLanguage\":\"de\",\"@id\":\"https:\/\/place-add.nl\/de\/produkt\/grossunternehmen\/#primaryimage\",\"url\":\"https:\/\/place-add.nl\/wp-content\/uploads\/2024\/06\/menukaarten_grootzakelijk_Place_Add_2-scaled.jpg\",\"contentUrl\":\"https:\/\/place-add.nl\/wp-content\/uploads\/2024\/06\/menukaarten_grootzakelijk_Place_Add_2-scaled.jpg\",\"width\":1000,\"height\":1000},{\"@type\":\"BreadcrumbList\",\"@id\":\"https:\/\/place-add.nl\/de\/produkt\/grossunternehmen\/#breadcrumb\",\"itemListElement\":[{\"@type\":\"ListItem\",\"position\":1,\"name\":\"Home\",\"item\":\"https:\/\/place-add.nl\/de\/home\/\"},{\"@type\":\"ListItem\",\"position\":2,\"name\":\"Shop\",\"item\":\"https:\/\/place-add.nl\/de\/shop\/\"},{\"@type\":\"ListItem\",\"position\":3,\"name\":\"Gro\u00dfunternehmen\"}]},{\"@type\":\"WebSite\",\"@id\":\"https:\/\/place-add.nl\/de\/#website\",\"url\":\"https:\/\/place-add.nl\/de\/\",\"name\":\"Place Add\",\"description\":\"Tafelkleding voor de horeca\",\"publisher\":{\"@id\":\"https:\/\/place-add.nl\/de\/#organization\"},\"potentialAction\":[{\"@type\":\"SearchAction\",\"target\":{\"@type\":\"EntryPoint\",\"urlTemplate\":\"https:\/\/place-add.nl\/de\/?s={search_term_string}\"},\"query-input\":{\"@type\":\"PropertyValueSpecification\",\"valueRequired\":true,\"valueName\":\"search_term_string\"}}],\"inLanguage\":\"de\"},{\"@type\":\"Organization\",\"@id\":\"https:\/\/place-add.nl\/de\/#organization\",\"name\":\"Place Add\",\"url\":\"https:\/\/place-add.nl\/de\/\",\"logo\":{\"@type\":\"ImageObject\",\"inLanguage\":\"de\",\"@id\":\"https:\/\/place-add.nl\/de\/#\/schema\/logo\/image\/\",\"url\":\"https:\/\/place-add.nl\/wp-content\/uploads\/2023\/11\/logo-img-place-add.png\",\"contentUrl\":\"https:\/\/place-add.nl\/wp-content\/uploads\/2023\/11\/logo-img-place-add.png\",\"width\":404,\"height\":106,\"caption\":\"Place Add\"},\"image\":{\"@id\":\"https:\/\/place-add.nl\/de\/#\/schema\/logo\/image\/\"},\"sameAs\":[\"https:\/\/www.facebook.com\/PlaceAdd\/\",\"https:\/\/www.instagram.com\/place_add\/\",\"https:\/\/www.youtube.com\/@placeadd\"]}]}<\/script>\n<!-- \/ Yoast SEO Premium plugin. -->","yoast_head_json":{"title":"Gro\u00dfunternehmen | Speisekarten | Place Add | F\u00fcr die Gastronomie","description":"Unterstreichen Sie Ihre Corporate Identity mit unseren individuell gestalteten Men\u00fckarten. Ma\u00dfgeschneiderte L\u00f6sungen f\u00fcr Firmenkunden","robots":{"index":"index","follow":"follow","max-snippet":"max-snippet:-1","max-image-preview":"max-image-preview:large","max-video-preview":"max-video-preview:-1"},"canonical":"https:\/\/place-add.nl\/de\/produkt\/grossunternehmen\/","og_locale":"de_DE","og_type":"article","og_title":"Gro\u00dfunternehmen","og_description":"Unterstreichen Sie Ihre Corporate Identity mit unseren individuell gestalteten Men\u00fckarten. Ma\u00dfgeschneiderte L\u00f6sungen f\u00fcr Firmenkunden","og_url":"https:\/\/place-add.nl\/de\/produkt\/grossunternehmen\/","og_site_name":"Place Add","article_publisher":"https:\/\/www.facebook.com\/PlaceAdd\/","article_modified_time":"2025-06-13T13:34:12+00:00","og_image":[{"width":1000,"height":1000,"url":"https:\/\/place-add.nl\/wp-content\/uploads\/2024\/06\/menukaarten_grootzakelijk_Place_Add_2-scaled.jpg","type":"image\/jpeg"}],"twitter_card":"summary_large_image","twitter_misc":{"Gesch\u00e4tzte Lesezeit":"1\u00a0Minute"},"schema":{"@context":"https:\/\/schema.org","@graph":[{"@type":"WebPage","@id":"https:\/\/place-add.nl\/de\/produkt\/grossunternehmen\/","url":"https:\/\/place-add.nl\/de\/produkt\/grossunternehmen\/","name":"Gro\u00dfunternehmen | Speisekarten | Place Add | F\u00fcr die Gastronomie","isPartOf":{"@id":"https:\/\/place-add.nl\/de\/#website"},"primaryImageOfPage":{"@id":"https:\/\/place-add.nl\/de\/produkt\/grossunternehmen\/#primaryimage"},"image":{"@id":"https:\/\/place-add.nl\/de\/produkt\/grossunternehmen\/#primaryimage"},"thumbnailUrl":"https:\/\/place-add.nl\/wp-content\/uploads\/2024\/06\/menukaarten_grootzakelijk_Place_Add_2-scaled.jpg","datePublished":"2024-06-11T11:08:23+00:00","dateModified":"2025-06-13T13:34:12+00:00","description":"Unterstreichen Sie Ihre Corporate Identity mit unseren individuell gestalteten Men\u00fckarten. Ma\u00dfgeschneiderte L\u00f6sungen f\u00fcr Firmenkunden","breadcrumb":{"@id":"https:\/\/place-add.nl\/de\/produkt\/grossunternehmen\/#breadcrumb"},"inLanguage":"de","potentialAction":[{"@type":"ReadAction","target":["https:\/\/place-add.nl\/de\/produkt\/grossunternehmen\/"]}]},{"@type":"ImageObject","inLanguage":"de","@id":"https:\/\/place-add.nl\/de\/produkt\/grossunternehmen\/#primaryimage","url":"https:\/\/place-add.nl\/wp-content\/uploads\/2024\/06\/menukaarten_grootzakelijk_Place_Add_2-scaled.jpg","contentUrl":"https:\/\/place-add.nl\/wp-content\/uploads\/2024\/06\/menukaarten_grootzakelijk_Place_Add_2-scaled.jpg","width":1000,"height":1000},{"@type":"BreadcrumbList","@id":"https:\/\/place-add.nl\/de\/produkt\/grossunternehmen\/#breadcrumb","itemListElement":[{"@type":"ListItem","position":1,"name":"Home","item":"https:\/\/place-add.nl\/de\/home\/"},{"@type":"ListItem","position":2,"name":"Shop","item":"https:\/\/place-add.nl\/de\/shop\/"},{"@type":"ListItem","position":3,"name":"Gro\u00dfunternehmen"}]},{"@type":"WebSite","@id":"https:\/\/place-add.nl\/de\/#website","url":"https:\/\/place-add.nl\/de\/","name":"Place Add","description":"Tafelkleding voor de horeca","publisher":{"@id":"https:\/\/place-add.nl\/de\/#organization"},"potentialAction":[{"@type":"SearchAction","target":{"@type":"EntryPoint","urlTemplate":"https:\/\/place-add.nl\/de\/?s={search_term_string}"},"query-input":{"@type":"PropertyValueSpecification","valueRequired":true,"valueName":"search_term_string"}}],"inLanguage":"de"},{"@type":"Organization","@id":"https:\/\/place-add.nl\/de\/#organization","name":"Place Add","url":"https:\/\/place-add.nl\/de\/","logo":{"@type":"ImageObject","inLanguage":"de","@id":"https:\/\/place-add.nl\/de\/#\/schema\/logo\/image\/","url":"https:\/\/place-add.nl\/wp-content\/uploads\/2023\/11\/logo-img-place-add.png","contentUrl":"https:\/\/place-add.nl\/wp-content\/uploads\/2023\/11\/logo-img-place-add.png","width":404,"height":106,"caption":"Place Add"},"image":{"@id":"https:\/\/place-add.nl\/de\/#\/schema\/logo\/image\/"},"sameAs":["https:\/\/www.facebook.com\/PlaceAdd\/","https:\/\/www.instagram.com\/place_add\/","https:\/\/www.youtube.com\/@placeadd"]}]}},"_links":{"self":[{"href":"https:\/\/place-add.nl\/de\/wp-json\/wp\/v2\/product\/43208","targetHints":{"allow":["GET"]}}],"collection":[{"href":"https:\/\/place-add.nl\/de\/wp-json\/wp\/v2\/product"}],"about":[{"href":"https:\/\/place-add.nl\/de\/wp-json\/wp\/v2\/types\/product"}],"wp:featuredmedia":[{"embeddable":true,"href":"https:\/\/place-add.nl\/de\/wp-json\/wp\/v2\/media\/40837"}],"wp:attachment":[{"href":"https:\/\/place-add.nl\/de\/wp-json\/wp\/v2\/media?parent=43208"}],"wp:term":[{"taxonomy":"product_brand","embeddable":true,"href":"https:\/\/place-add.nl\/de\/wp-json\/wp\/v2\/product_brand?post=43208"},{"taxonomy":"product_cat","embeddable":true,"href":"https:\/\/place-add.nl\/de\/wp-json\/wp\/v2\/product_cat?post=43208"},{"taxonomy":"product_tag","embeddable":true,"href":"https:\/\/place-add.nl\/de\/wp-json\/wp\/v2\/product_tag?post=43208"}],"curies":[{"name":"wp","href":"https:\/\/api.w.org\/{rel}","templated":true}]}}