{"id":43210,"date":"2024-06-27T14:06:09","date_gmt":"2024-06-27T14:06:09","guid":{"rendered":"https:\/\/place-add.nl\/product\/kunstlederen-rekeningmapje\/"},"modified":"2025-06-01T06:46:31","modified_gmt":"2025-06-01T06:46:31","slug":"kunstleder-rechnungsmappen","status":"publish","type":"product","link":"https:\/\/place-add.nl\/de\/produkt\/kunstleder-rechnungsmappen\/","title":{"rendered":"Kunstleder"},"content":{"rendered":"<p>Der Moment der \u00dcbergabe der Rechnung kann ein stilvoller und einladender Abschied sein. Unsere <strong>Kunstleder-Rechnungsmappen<\/strong> helfen dabei auf raffinierte Art und Weise. Dieses zus\u00e4tzliche Detail sorgt daf\u00fcr, dass sich Ihre G\u00e4ste mit einem positiven Gef\u00fchl verabschieden. Eine geschmackvolle Pr\u00e4sentation der Rechnung macht diesen Moment elegant und nat\u00fcrlich.<\/p>\n<p>Unsere Kollektion bietet eine breite Palette von Kunstleder-Rechnungsmappen, die mit einem Auge f\u00fcr Stil und Qualit\u00e4t entworfen wurden. Ganz gleich, ob Sie einen luxuri\u00f6sen und raffinierten Look oder ein sauberes, professionelles Finish suchen, es gibt ein passendes Design f\u00fcr jeden Gastronomiebetrieb. Kunstleder verbindet die Strapazierf\u00e4higkeit und Pflegeleichtigkeit von synthetischem Material mit dem Aussehen und der Haptik von echtem Leder und ist damit ideal f\u00fcr den intensiven Gebrauch im Gastgewerbe.<\/p>\n<p>Dar\u00fcber hinaus bieten wir zahlreiche Personalisierungsm\u00f6glichkeiten, mit denen Sie jede Brieftasche an den Stil und das Branding Ihres Restaurants anpassen k\u00f6nnen. Denken Sie zum Beispiel an einen Aufdruck mit Ihrem Logo, eine elegante Pr\u00e4gung oder sogar eine andere Gr\u00f6\u00dfe, um die Mappen hervorzuheben. F\u00fcr zus\u00e4tzliche Funktionalit\u00e4t k\u00f6nnen Sie sich f\u00fcr Einstecktaschen entscheiden, in denen Sie problemlos Visitenkarten oder Rabattcoupons unterbringen k\u00f6nnen, um die Beziehung zu Ihren G\u00e4sten weiter zu st\u00e4rken.<\/p>\n<p>Unsere Kunstleder-Rechnungsmappen sind nicht nur ein praktisches Hilfsmittel, sondern tragen auch zur Gesamtatmosph\u00e4re und zum Erlebnis bei, das bei Ihren G\u00e4sten bleibt. So stellen Sie sicher, dass dieser letzte Moment des Kontakts mit dem Qualit\u00e4tsstandard Ihres Gastronomiebetriebs \u00fcbereinstimmt.<\/p>\n<p>Durch die Verwendung des gleichen Materials passt Ihre Rechnungsmappe perfekt zu einer unserer <strong><a href=\"https:\/\/place-add.nl\/menukaarten\/menukaarten-op-maat\/rekeningmapjes\/\">individuell gestalteten Speisekarten<\/a><\/strong>!<\/p>\n<p>Sie brauchen kurzfristig Speisekarten? Dann besuchen Sie unsere zweite Website, <strong><a href=\"http:\/\/www.craftontable.com\/\">Craftontable.com<\/a><\/strong>, f\u00fcr Speisekarten mit weniger Personalisierungsm\u00f6glichkeiten, daf\u00fcr aber mit k\u00fcrzeren Lieferzeiten.<\/p>\n<p><strong>Sie brauchen Beratung? Unser Team hilft Ihnen gerne bei der Auswahl und unterst\u00fctzt Sie bei der Umsetzung Ihrer Men\u00fckarte.<\/strong><\/p>\n<p><button id=\"knop-contact-opnemen-overige-producten-de\">Kontaktieren Sie uns unverbindlich<\/button><\/p>\n","protected":false},"excerpt":{"rendered":"<p>Das stilvolle Pr\u00e4sentieren der Rechnung in einem eleganten <strong>Kunstleder-Rechnungsmappen <\/strong>verleiht diesem wichtigen Moment stets eine besondere Note. Auch wenn Ihre G\u00e4ste f\u00fcr die hervorragenden Speisen bezahlen m\u00fcssen, die Sie ihnen serviert haben, sorgt eine angenehme Art der Abwicklung daf\u00fcr, dass dies ganz selbstverst\u00e4ndlich geschieht.<\/p>\n<p>Auf dieser Seite bieten wir Ihnen eine Auswahl an verschiedenen Rechnungsheftchen, sodass Sie das passende Design w\u00e4hlen k\u00f6nnen, das perfekt zu Ihrem Restaurant oder Gastronomiebetrieb passt.<\/p>\n<p><button id=\"knop-contact-opnemen-overige-producten-de\">Kontaktieren Sie uns unverbindlich<\/button><\/p>\n","protected":false},"featured_media":40755,"template":"","meta":[],"product_brand":[],"product_cat":[1427],"product_tag":[1379,1382,1319,1197,1198,1199,1200,1201,1202,1203],"class_list":{"0":"post-43210","1":"product","2":"type-product","3":"status-publish","4":"has-post-thumbnail","6":"product_cat-kontoordner","7":"product_tag-kontoordner","8":"product_tag-kontoordner-aus-leder","9":"product_tag-leder-kontomappen","10":"product_tag-leren-menukaarten-de","11":"product_tag-maatwerk-menukaarten-de","12":"product_tag-menukaarten-de","13":"product_tag-menukaarten-horeca-de","14":"product_tag-menukaarten-kopen-de","15":"product_tag-menukaarten-op-maat-de","16":"product_tag-restaurant-menukaarten-de","18":"first","19":"instock","20":"taxable","21":"shipping-taxable","22":"product-type-simple"},"yoast_head":"<!-- This site is optimized with the Yoast SEO Premium plugin v27.2 (Yoast SEO v27.2) - https:\/\/yoast.com\/product\/yoast-seo-premium-wordpress\/ -->\n<title>Kunstleder-Rechnungsmappen | Place Add | F\u00fcr die Gastronomie<\/title>\n<meta name=\"description\" content=\"Machen Sie den Checkout zu einem stilvollen Moment mit unseren Kunstleder-Rechnungsmappen. Entworfen mit einem Auge f\u00fcr Stil und Qualit\u00e4t bei Place Add.\" \/>\n<meta name=\"robots\" content=\"index, follow, max-snippet:-1, max-image-preview:large, max-video-preview:-1\" \/>\n<link rel=\"canonical\" href=\"https:\/\/place-add.nl\/de\/produkt\/kunstleder-rechnungsmappen\/\" \/>\n<meta property=\"og:locale\" content=\"de_DE\" \/>\n<meta property=\"og:type\" content=\"article\" \/>\n<meta property=\"og:title\" content=\"Kunstleder\" \/>\n<meta property=\"og:description\" content=\"Machen Sie den Checkout zu einem stilvollen Moment mit unseren Kunstleder-Rechnungsmappen. Entworfen mit einem Auge f\u00fcr Stil und Qualit\u00e4t bei Place Add.\" \/>\n<meta property=\"og:url\" content=\"https:\/\/place-add.nl\/de\/produkt\/kunstleder-rechnungsmappen\/\" \/>\n<meta property=\"og:site_name\" content=\"Place Add\" \/>\n<meta property=\"article:publisher\" content=\"https:\/\/www.facebook.com\/PlaceAdd\/\" \/>\n<meta property=\"article:modified_time\" content=\"2025-06-01T06:46:31+00:00\" \/>\n<meta property=\"og:image\" content=\"https:\/\/place-add.nl\/wp-content\/uploads\/2024\/06\/Kunstleder_Place-add_7-scaled.jpg\" \/>\n\t<meta property=\"og:image:width\" content=\"1000\" \/>\n\t<meta property=\"og:image:height\" content=\"1000\" \/>\n\t<meta property=\"og:image:type\" content=\"image\/jpeg\" \/>\n<meta name=\"twitter:card\" content=\"summary_large_image\" \/>\n<meta name=\"twitter:label1\" content=\"Gesch\u00e4tzte Lesezeit\" \/>\n\t<meta name=\"twitter:data1\" content=\"2\u00a0Minuten\" \/>\n<script type=\"application\/ld+json\" class=\"yoast-schema-graph\">{\"@context\":\"https:\/\/schema.org\",\"@graph\":[{\"@type\":\"WebPage\",\"@id\":\"https:\/\/place-add.nl\/de\/produkt\/kunstleder-rechnungsmappen\/\",\"url\":\"https:\/\/place-add.nl\/de\/produkt\/kunstleder-rechnungsmappen\/\",\"name\":\"Kunstleder-Rechnungsmappen | Place Add | F\u00fcr die Gastronomie\",\"isPartOf\":{\"@id\":\"https:\/\/place-add.nl\/de\/#website\"},\"primaryImageOfPage\":{\"@id\":\"https:\/\/place-add.nl\/de\/produkt\/kunstleder-rechnungsmappen\/#primaryimage\"},\"image\":{\"@id\":\"https:\/\/place-add.nl\/de\/produkt\/kunstleder-rechnungsmappen\/#primaryimage\"},\"thumbnailUrl\":\"https:\/\/place-add.nl\/wp-content\/uploads\/2024\/06\/Kunstleder_Place-add_7-scaled.jpg\",\"datePublished\":\"2024-06-27T14:06:09+00:00\",\"dateModified\":\"2025-06-01T06:46:31+00:00\",\"description\":\"Machen Sie den Checkout zu einem stilvollen Moment mit unseren Kunstleder-Rechnungsmappen. Entworfen mit einem Auge f\u00fcr Stil und Qualit\u00e4t bei Place Add.\",\"breadcrumb\":{\"@id\":\"https:\/\/place-add.nl\/de\/produkt\/kunstleder-rechnungsmappen\/#breadcrumb\"},\"inLanguage\":\"de\",\"potentialAction\":[{\"@type\":\"ReadAction\",\"target\":[\"https:\/\/place-add.nl\/de\/produkt\/kunstleder-rechnungsmappen\/\"]}]},{\"@type\":\"ImageObject\",\"inLanguage\":\"de\",\"@id\":\"https:\/\/place-add.nl\/de\/produkt\/kunstleder-rechnungsmappen\/#primaryimage\",\"url\":\"https:\/\/place-add.nl\/wp-content\/uploads\/2024\/06\/Kunstleder_Place-add_7-scaled.jpg\",\"contentUrl\":\"https:\/\/place-add.nl\/wp-content\/uploads\/2024\/06\/Kunstleder_Place-add_7-scaled.jpg\",\"width\":1000,\"height\":1000,\"caption\":\"Kunstlederen Rekeningmapje\"},{\"@type\":\"BreadcrumbList\",\"@id\":\"https:\/\/place-add.nl\/de\/produkt\/kunstleder-rechnungsmappen\/#breadcrumb\",\"itemListElement\":[{\"@type\":\"ListItem\",\"position\":1,\"name\":\"Home\",\"item\":\"https:\/\/place-add.nl\/de\/home\/\"},{\"@type\":\"ListItem\",\"position\":2,\"name\":\"Shop\",\"item\":\"https:\/\/place-add.nl\/de\/shop\/\"},{\"@type\":\"ListItem\",\"position\":3,\"name\":\"Kunstleder\"}]},{\"@type\":\"WebSite\",\"@id\":\"https:\/\/place-add.nl\/de\/#website\",\"url\":\"https:\/\/place-add.nl\/de\/\",\"name\":\"Place Add\",\"description\":\"Tafelkleding voor de horeca\",\"publisher\":{\"@id\":\"https:\/\/place-add.nl\/de\/#organization\"},\"potentialAction\":[{\"@type\":\"SearchAction\",\"target\":{\"@type\":\"EntryPoint\",\"urlTemplate\":\"https:\/\/place-add.nl\/de\/?s={search_term_string}\"},\"query-input\":{\"@type\":\"PropertyValueSpecification\",\"valueRequired\":true,\"valueName\":\"search_term_string\"}}],\"inLanguage\":\"de\"},{\"@type\":\"Organization\",\"@id\":\"https:\/\/place-add.nl\/de\/#organization\",\"name\":\"Place Add\",\"url\":\"https:\/\/place-add.nl\/de\/\",\"logo\":{\"@type\":\"ImageObject\",\"inLanguage\":\"de\",\"@id\":\"https:\/\/place-add.nl\/de\/#\/schema\/logo\/image\/\",\"url\":\"https:\/\/place-add.nl\/wp-content\/uploads\/2023\/11\/logo-img-place-add.png\",\"contentUrl\":\"https:\/\/place-add.nl\/wp-content\/uploads\/2023\/11\/logo-img-place-add.png\",\"width\":404,\"height\":106,\"caption\":\"Place Add\"},\"image\":{\"@id\":\"https:\/\/place-add.nl\/de\/#\/schema\/logo\/image\/\"},\"sameAs\":[\"https:\/\/www.facebook.com\/PlaceAdd\/\",\"https:\/\/www.instagram.com\/place_add\/\",\"https:\/\/www.youtube.com\/@placeadd\"]}]}<\/script>\n<!-- \/ Yoast SEO Premium plugin. -->","yoast_head_json":{"title":"Kunstleder-Rechnungsmappen | Place Add | F\u00fcr die Gastronomie","description":"Machen Sie den Checkout zu einem stilvollen Moment mit unseren Kunstleder-Rechnungsmappen. Entworfen mit einem Auge f\u00fcr Stil und Qualit\u00e4t bei Place Add.","robots":{"index":"index","follow":"follow","max-snippet":"max-snippet:-1","max-image-preview":"max-image-preview:large","max-video-preview":"max-video-preview:-1"},"canonical":"https:\/\/place-add.nl\/de\/produkt\/kunstleder-rechnungsmappen\/","og_locale":"de_DE","og_type":"article","og_title":"Kunstleder","og_description":"Machen Sie den Checkout zu einem stilvollen Moment mit unseren Kunstleder-Rechnungsmappen. Entworfen mit einem Auge f\u00fcr Stil und Qualit\u00e4t bei Place Add.","og_url":"https:\/\/place-add.nl\/de\/produkt\/kunstleder-rechnungsmappen\/","og_site_name":"Place Add","article_publisher":"https:\/\/www.facebook.com\/PlaceAdd\/","article_modified_time":"2025-06-01T06:46:31+00:00","og_image":[{"width":1000,"height":1000,"url":"https:\/\/place-add.nl\/wp-content\/uploads\/2024\/06\/Kunstleder_Place-add_7-scaled.jpg","type":"image\/jpeg"}],"twitter_card":"summary_large_image","twitter_misc":{"Gesch\u00e4tzte Lesezeit":"2\u00a0Minuten"},"schema":{"@context":"https:\/\/schema.org","@graph":[{"@type":"WebPage","@id":"https:\/\/place-add.nl\/de\/produkt\/kunstleder-rechnungsmappen\/","url":"https:\/\/place-add.nl\/de\/produkt\/kunstleder-rechnungsmappen\/","name":"Kunstleder-Rechnungsmappen | Place Add | F\u00fcr die Gastronomie","isPartOf":{"@id":"https:\/\/place-add.nl\/de\/#website"},"primaryImageOfPage":{"@id":"https:\/\/place-add.nl\/de\/produkt\/kunstleder-rechnungsmappen\/#primaryimage"},"image":{"@id":"https:\/\/place-add.nl\/de\/produkt\/kunstleder-rechnungsmappen\/#primaryimage"},"thumbnailUrl":"https:\/\/place-add.nl\/wp-content\/uploads\/2024\/06\/Kunstleder_Place-add_7-scaled.jpg","datePublished":"2024-06-27T14:06:09+00:00","dateModified":"2025-06-01T06:46:31+00:00","description":"Machen Sie den Checkout zu einem stilvollen Moment mit unseren Kunstleder-Rechnungsmappen. Entworfen mit einem Auge f\u00fcr Stil und Qualit\u00e4t bei Place Add.","breadcrumb":{"@id":"https:\/\/place-add.nl\/de\/produkt\/kunstleder-rechnungsmappen\/#breadcrumb"},"inLanguage":"de","potentialAction":[{"@type":"ReadAction","target":["https:\/\/place-add.nl\/de\/produkt\/kunstleder-rechnungsmappen\/"]}]},{"@type":"ImageObject","inLanguage":"de","@id":"https:\/\/place-add.nl\/de\/produkt\/kunstleder-rechnungsmappen\/#primaryimage","url":"https:\/\/place-add.nl\/wp-content\/uploads\/2024\/06\/Kunstleder_Place-add_7-scaled.jpg","contentUrl":"https:\/\/place-add.nl\/wp-content\/uploads\/2024\/06\/Kunstleder_Place-add_7-scaled.jpg","width":1000,"height":1000,"caption":"Kunstlederen Rekeningmapje"},{"@type":"BreadcrumbList","@id":"https:\/\/place-add.nl\/de\/produkt\/kunstleder-rechnungsmappen\/#breadcrumb","itemListElement":[{"@type":"ListItem","position":1,"name":"Home","item":"https:\/\/place-add.nl\/de\/home\/"},{"@type":"ListItem","position":2,"name":"Shop","item":"https:\/\/place-add.nl\/de\/shop\/"},{"@type":"ListItem","position":3,"name":"Kunstleder"}]},{"@type":"WebSite","@id":"https:\/\/place-add.nl\/de\/#website","url":"https:\/\/place-add.nl\/de\/","name":"Place Add","description":"Tafelkleding voor de horeca","publisher":{"@id":"https:\/\/place-add.nl\/de\/#organization"},"potentialAction":[{"@type":"SearchAction","target":{"@type":"EntryPoint","urlTemplate":"https:\/\/place-add.nl\/de\/?s={search_term_string}"},"query-input":{"@type":"PropertyValueSpecification","valueRequired":true,"valueName":"search_term_string"}}],"inLanguage":"de"},{"@type":"Organization","@id":"https:\/\/place-add.nl\/de\/#organization","name":"Place Add","url":"https:\/\/place-add.nl\/de\/","logo":{"@type":"ImageObject","inLanguage":"de","@id":"https:\/\/place-add.nl\/de\/#\/schema\/logo\/image\/","url":"https:\/\/place-add.nl\/wp-content\/uploads\/2023\/11\/logo-img-place-add.png","contentUrl":"https:\/\/place-add.nl\/wp-content\/uploads\/2023\/11\/logo-img-place-add.png","width":404,"height":106,"caption":"Place Add"},"image":{"@id":"https:\/\/place-add.nl\/de\/#\/schema\/logo\/image\/"},"sameAs":["https:\/\/www.facebook.com\/PlaceAdd\/","https:\/\/www.instagram.com\/place_add\/","https:\/\/www.youtube.com\/@placeadd"]}]}},"_links":{"self":[{"href":"https:\/\/place-add.nl\/de\/wp-json\/wp\/v2\/product\/43210","targetHints":{"allow":["GET"]}}],"collection":[{"href":"https:\/\/place-add.nl\/de\/wp-json\/wp\/v2\/product"}],"about":[{"href":"https:\/\/place-add.nl\/de\/wp-json\/wp\/v2\/types\/product"}],"wp:featuredmedia":[{"embeddable":true,"href":"https:\/\/place-add.nl\/de\/wp-json\/wp\/v2\/media\/40755"}],"wp:attachment":[{"href":"https:\/\/place-add.nl\/de\/wp-json\/wp\/v2\/media?parent=43210"}],"wp:term":[{"taxonomy":"product_brand","embeddable":true,"href":"https:\/\/place-add.nl\/de\/wp-json\/wp\/v2\/product_brand?post=43210"},{"taxonomy":"product_cat","embeddable":true,"href":"https:\/\/place-add.nl\/de\/wp-json\/wp\/v2\/product_cat?post=43210"},{"taxonomy":"product_tag","embeddable":true,"href":"https:\/\/place-add.nl\/de\/wp-json\/wp\/v2\/product_tag?post=43210"}],"curies":[{"name":"wp","href":"https:\/\/api.w.org\/{rel}","templated":true}]}}