{"id":43214,"date":"2024-06-11T11:12:48","date_gmt":"2024-06-11T11:12:48","guid":{"rendered":"https:\/\/place-add.nl\/product\/linnen-rekeningmapjes\/"},"modified":"2025-06-01T06:50:19","modified_gmt":"2025-06-01T06:50:19","slug":"rechnungsmappen-aus-leinen","status":"publish","type":"product","link":"https:\/\/place-add.nl\/de\/produkt\/rechnungsmappen-aus-leinen\/","title":{"rendered":"Leinen"},"content":{"rendered":"<p>Der Moment der \u00dcbergabe der Rechnung kann ein stilvoller und einladender Abschied sein. Unsere <strong>Rechnungsmappen<\/strong> <strong>aus Leinen<\/strong> helfen dabei auf eine raffinierte Art und Weise. Dieses zus\u00e4tzliche Detail sorgt daf\u00fcr, dass sich Ihre G\u00e4ste mit einem positiven Gef\u00fchl verabschieden. Eine geschmackvolle Pr\u00e4sentation der Rechnung macht diesen Moment elegant und nat\u00fcrlich.<\/p>\n<p>Unsere Kollektion bietet eine breite Palette von Rechnungsmappen aus Leinen, die mit einem Auge f\u00fcr Stil und Qualit\u00e4t entworfen wurden. Ob Sie nun ein luxuri\u00f6ses und raffiniertes Aussehen oder eine saubere, professionelle Ausf\u00fchrung suchen, es gibt f\u00fcr jeden Gastronomiebetrieb ein passendes Design. Diese Rechnungsmappen werden aus hochwertigem Buchbinderleinen hergestellt. Mit einer <strong>Mischung aus 50 % Baumwolle und 50 % Polyester<\/strong> sind sie nicht nur optisch ansprechend, sondern auch robust und widerstandsf\u00e4hig.<\/p>\n<p>Dar\u00fcber hinaus bieten wir zahlreiche Personalisierungsm\u00f6glichkeiten, mit denen Sie jede Rechnungsmappe an den Stil und das Branding Ihres Restaurants anpassen k\u00f6nnen. Denken Sie zum Beispiel an einen Aufdruck mit Ihrem Logo, eine elegante Pr\u00e4gung oder sogar eine andere Gr\u00f6\u00dfe, um die Mappen hervorzuheben. F\u00fcr zus\u00e4tzliche Funktionalit\u00e4t k\u00f6nnen Sie sich f\u00fcr Einstecktaschen entscheiden, in die Sie problemlos Visitenkarten oder Rabattcoupons einstecken k\u00f6nnen, um die Beziehung zu Ihren G\u00e4sten weiter zu st\u00e4rken.<\/p>\n<p>Unsere Rechnungsmappen aus Leinen sind nicht nur ein praktisches Hilfsmittel, sondern tragen auch zur Gesamtatmosph\u00e4re und zum Erlebnis bei, das bei Ihren G\u00e4sten bleibt. Auf diese Weise stellen Sie sicher, dass dieser letzte Moment des Kontakts dem Qualit\u00e4tsstandard Ihres Gastronomiebetriebs entspricht.<\/p>\n<p>Durch die Verwendung desselben Materials passt Ihre Rechnungsmappe perfekt zu einer unserer <strong><a href=\"https:\/\/place-add.nl\/de\/speisekarten\/\">individuell gestalteten Speisekarten!<\/a><\/strong><\/p>\n<p>Ben\u00f6tigen Sie kurzfristig Speisekarten? Dann besuchen Sie unsere zweite Website, <strong><a href=\"http:\/\/www.craftontable.com\/\">Craftontable.com<\/a><\/strong>, f\u00fcr Speisekarten mit weniger Personalisierungsm\u00f6glichkeiten, aber schnellerer Lieferzeit.<\/p>\n<p><strong>Sie brauchen Beratung? Unser Team hilft Ihnen gerne bei der Auswahl und unterst\u00fctzt Sie bei der Verwirklichung Ihrer Men\u00fckarte.<\/strong><\/p>\n<p><button id=\"knop-contact-opnemen-de\">Kontaktieren Sie uns unverbindlich<\/button><\/p>\n","protected":false},"excerpt":{"rendered":"<p>Die Pr\u00e4sentation der Rechnung in einer stilvollen <strong>Rechnungsmappe<\/strong> vermittelt immer ein zus\u00e4tzliches Gef\u00fchl bei diesem wichtigen Moment. Obwohl nat\u00fcrlich f\u00fcr all das Gute, das Sie Ihren G\u00e4sten geboten haben, bezahlt werden muss, macht eine angenehme Art, dies zu regeln, den Prozess selbstverst\u00e4ndlicher.<\/p>\n<p>Auf dieser Seite bieten wir Ihnen ein Sortiment verschiedener Rechnungsmappen, damit Sie die richtige Ausstrahlung w\u00e4hlen k\u00f6nnen, die zu Ihrem Restaurant oder Ihrer Gastronomiebetrieb passt.<\/p>\n<p><button id=\"knop-contact-opnemen-de\">Kontaktieren Sie uns unverbindlich<\/button><\/p>\n","protected":false},"featured_media":40772,"template":"","meta":[],"product_brand":[],"product_cat":[1427,1442],"product_tag":[1379,1321,1320,1198,1199,1200,1201,1202,1203],"class_list":{"0":"post-43214","1":"product","2":"type-product","3":"status-publish","4":"has-post-thumbnail","6":"product_cat-kontoordner","7":"product_cat-speisekarten-n-mas","8":"product_tag-kontoordner","9":"product_tag-leinen-kontomappen","10":"product_tag-leinen-speisekarten","11":"product_tag-maatwerk-menukaarten-de","12":"product_tag-menukaarten-de","13":"product_tag-menukaarten-horeca-de","14":"product_tag-menukaarten-kopen-de","15":"product_tag-menukaarten-op-maat-de","16":"product_tag-restaurant-menukaarten-de","18":"first","19":"instock","20":"taxable","21":"shipping-taxable","22":"product-type-simple"},"yoast_head":"<!-- This site is optimized with the Yoast SEO Premium plugin v27.2 (Yoast SEO v27.2) - https:\/\/yoast.com\/product\/yoast-seo-premium-wordpress\/ -->\n<title>Rechnungsmappen aus Leinen | Place Add | F\u00fcr die Gastronomie<\/title>\n<meta name=\"description\" content=\"Machen Sie den Checkout zu einem stilvollen Moment mit unseren Rechnungsmappen aus Leinen. Vervollst\u00e4ndigen Sie das Erlebnis Ihrer G\u00e4ste!\" \/>\n<meta name=\"robots\" content=\"index, follow, max-snippet:-1, max-image-preview:large, max-video-preview:-1\" \/>\n<link rel=\"canonical\" href=\"https:\/\/place-add.nl\/de\/produkt\/rechnungsmappen-aus-leinen\/\" \/>\n<meta property=\"og:locale\" content=\"de_DE\" \/>\n<meta property=\"og:type\" content=\"article\" \/>\n<meta property=\"og:title\" content=\"Leinen\" \/>\n<meta property=\"og:description\" content=\"Machen Sie den Checkout zu einem stilvollen Moment mit unseren Rechnungsmappen aus Leinen. Vervollst\u00e4ndigen Sie das Erlebnis Ihrer G\u00e4ste!\" \/>\n<meta property=\"og:url\" content=\"https:\/\/place-add.nl\/de\/produkt\/rechnungsmappen-aus-leinen\/\" \/>\n<meta property=\"og:site_name\" content=\"Place Add\" \/>\n<meta property=\"article:publisher\" content=\"https:\/\/www.facebook.com\/PlaceAdd\/\" \/>\n<meta property=\"article:modified_time\" content=\"2025-06-01T06:50:19+00:00\" \/>\n<meta property=\"og:image\" content=\"https:\/\/place-add.nl\/wp-content\/uploads\/2024\/06\/Rekeningmapje_linnen_Place-add_1-scaled.jpg\" \/>\n\t<meta property=\"og:image:width\" content=\"1000\" \/>\n\t<meta property=\"og:image:height\" content=\"1000\" \/>\n\t<meta property=\"og:image:type\" content=\"image\/jpeg\" \/>\n<meta name=\"twitter:card\" content=\"summary_large_image\" \/>\n<meta name=\"twitter:label1\" content=\"Gesch\u00e4tzte Lesezeit\" \/>\n\t<meta name=\"twitter:data1\" content=\"2\u00a0Minuten\" \/>\n<script type=\"application\/ld+json\" class=\"yoast-schema-graph\">{\"@context\":\"https:\/\/schema.org\",\"@graph\":[{\"@type\":\"WebPage\",\"@id\":\"https:\/\/place-add.nl\/de\/produkt\/rechnungsmappen-aus-leinen\/\",\"url\":\"https:\/\/place-add.nl\/de\/produkt\/rechnungsmappen-aus-leinen\/\",\"name\":\"Rechnungsmappen aus Leinen | Place Add | F\u00fcr die Gastronomie\",\"isPartOf\":{\"@id\":\"https:\/\/place-add.nl\/de\/#website\"},\"primaryImageOfPage\":{\"@id\":\"https:\/\/place-add.nl\/de\/produkt\/rechnungsmappen-aus-leinen\/#primaryimage\"},\"image\":{\"@id\":\"https:\/\/place-add.nl\/de\/produkt\/rechnungsmappen-aus-leinen\/#primaryimage\"},\"thumbnailUrl\":\"https:\/\/place-add.nl\/wp-content\/uploads\/2024\/06\/Rekeningmapje_linnen_Place-add_1-scaled.jpg\",\"datePublished\":\"2024-06-11T11:12:48+00:00\",\"dateModified\":\"2025-06-01T06:50:19+00:00\",\"description\":\"Machen Sie den Checkout zu einem stilvollen Moment mit unseren Rechnungsmappen aus Leinen. Vervollst\u00e4ndigen Sie das Erlebnis Ihrer G\u00e4ste!\",\"breadcrumb\":{\"@id\":\"https:\/\/place-add.nl\/de\/produkt\/rechnungsmappen-aus-leinen\/#breadcrumb\"},\"inLanguage\":\"de\",\"potentialAction\":[{\"@type\":\"ReadAction\",\"target\":[\"https:\/\/place-add.nl\/de\/produkt\/rechnungsmappen-aus-leinen\/\"]}]},{\"@type\":\"ImageObject\",\"inLanguage\":\"de\",\"@id\":\"https:\/\/place-add.nl\/de\/produkt\/rechnungsmappen-aus-leinen\/#primaryimage\",\"url\":\"https:\/\/place-add.nl\/wp-content\/uploads\/2024\/06\/Rekeningmapje_linnen_Place-add_1-scaled.jpg\",\"contentUrl\":\"https:\/\/place-add.nl\/wp-content\/uploads\/2024\/06\/Rekeningmapje_linnen_Place-add_1-scaled.jpg\",\"width\":1000,\"height\":1000,\"caption\":\"Linnen Rekekeningmapje\"},{\"@type\":\"BreadcrumbList\",\"@id\":\"https:\/\/place-add.nl\/de\/produkt\/rechnungsmappen-aus-leinen\/#breadcrumb\",\"itemListElement\":[{\"@type\":\"ListItem\",\"position\":1,\"name\":\"Home\",\"item\":\"https:\/\/place-add.nl\/de\/home\/\"},{\"@type\":\"ListItem\",\"position\":2,\"name\":\"Shop\",\"item\":\"https:\/\/place-add.nl\/de\/shop\/\"},{\"@type\":\"ListItem\",\"position\":3,\"name\":\"Leinen\"}]},{\"@type\":\"WebSite\",\"@id\":\"https:\/\/place-add.nl\/de\/#website\",\"url\":\"https:\/\/place-add.nl\/de\/\",\"name\":\"Place Add\",\"description\":\"Tafelkleding voor de horeca\",\"publisher\":{\"@id\":\"https:\/\/place-add.nl\/de\/#organization\"},\"potentialAction\":[{\"@type\":\"SearchAction\",\"target\":{\"@type\":\"EntryPoint\",\"urlTemplate\":\"https:\/\/place-add.nl\/de\/?s={search_term_string}\"},\"query-input\":{\"@type\":\"PropertyValueSpecification\",\"valueRequired\":true,\"valueName\":\"search_term_string\"}}],\"inLanguage\":\"de\"},{\"@type\":\"Organization\",\"@id\":\"https:\/\/place-add.nl\/de\/#organization\",\"name\":\"Place Add\",\"url\":\"https:\/\/place-add.nl\/de\/\",\"logo\":{\"@type\":\"ImageObject\",\"inLanguage\":\"de\",\"@id\":\"https:\/\/place-add.nl\/de\/#\/schema\/logo\/image\/\",\"url\":\"https:\/\/place-add.nl\/wp-content\/uploads\/2023\/11\/logo-img-place-add.png\",\"contentUrl\":\"https:\/\/place-add.nl\/wp-content\/uploads\/2023\/11\/logo-img-place-add.png\",\"width\":404,\"height\":106,\"caption\":\"Place Add\"},\"image\":{\"@id\":\"https:\/\/place-add.nl\/de\/#\/schema\/logo\/image\/\"},\"sameAs\":[\"https:\/\/www.facebook.com\/PlaceAdd\/\",\"https:\/\/www.instagram.com\/place_add\/\",\"https:\/\/www.youtube.com\/@placeadd\"]}]}<\/script>\n<!-- \/ Yoast SEO Premium plugin. -->","yoast_head_json":{"title":"Rechnungsmappen aus Leinen | Place Add | F\u00fcr die Gastronomie","description":"Machen Sie den Checkout zu einem stilvollen Moment mit unseren Rechnungsmappen aus Leinen. Vervollst\u00e4ndigen Sie das Erlebnis Ihrer G\u00e4ste!","robots":{"index":"index","follow":"follow","max-snippet":"max-snippet:-1","max-image-preview":"max-image-preview:large","max-video-preview":"max-video-preview:-1"},"canonical":"https:\/\/place-add.nl\/de\/produkt\/rechnungsmappen-aus-leinen\/","og_locale":"de_DE","og_type":"article","og_title":"Leinen","og_description":"Machen Sie den Checkout zu einem stilvollen Moment mit unseren Rechnungsmappen aus Leinen. Vervollst\u00e4ndigen Sie das Erlebnis Ihrer G\u00e4ste!","og_url":"https:\/\/place-add.nl\/de\/produkt\/rechnungsmappen-aus-leinen\/","og_site_name":"Place Add","article_publisher":"https:\/\/www.facebook.com\/PlaceAdd\/","article_modified_time":"2025-06-01T06:50:19+00:00","og_image":[{"width":1000,"height":1000,"url":"https:\/\/place-add.nl\/wp-content\/uploads\/2024\/06\/Rekeningmapje_linnen_Place-add_1-scaled.jpg","type":"image\/jpeg"}],"twitter_card":"summary_large_image","twitter_misc":{"Gesch\u00e4tzte Lesezeit":"2\u00a0Minuten"},"schema":{"@context":"https:\/\/schema.org","@graph":[{"@type":"WebPage","@id":"https:\/\/place-add.nl\/de\/produkt\/rechnungsmappen-aus-leinen\/","url":"https:\/\/place-add.nl\/de\/produkt\/rechnungsmappen-aus-leinen\/","name":"Rechnungsmappen aus Leinen | Place Add | F\u00fcr die Gastronomie","isPartOf":{"@id":"https:\/\/place-add.nl\/de\/#website"},"primaryImageOfPage":{"@id":"https:\/\/place-add.nl\/de\/produkt\/rechnungsmappen-aus-leinen\/#primaryimage"},"image":{"@id":"https:\/\/place-add.nl\/de\/produkt\/rechnungsmappen-aus-leinen\/#primaryimage"},"thumbnailUrl":"https:\/\/place-add.nl\/wp-content\/uploads\/2024\/06\/Rekeningmapje_linnen_Place-add_1-scaled.jpg","datePublished":"2024-06-11T11:12:48+00:00","dateModified":"2025-06-01T06:50:19+00:00","description":"Machen Sie den Checkout zu einem stilvollen Moment mit unseren Rechnungsmappen aus Leinen. Vervollst\u00e4ndigen Sie das Erlebnis Ihrer G\u00e4ste!","breadcrumb":{"@id":"https:\/\/place-add.nl\/de\/produkt\/rechnungsmappen-aus-leinen\/#breadcrumb"},"inLanguage":"de","potentialAction":[{"@type":"ReadAction","target":["https:\/\/place-add.nl\/de\/produkt\/rechnungsmappen-aus-leinen\/"]}]},{"@type":"ImageObject","inLanguage":"de","@id":"https:\/\/place-add.nl\/de\/produkt\/rechnungsmappen-aus-leinen\/#primaryimage","url":"https:\/\/place-add.nl\/wp-content\/uploads\/2024\/06\/Rekeningmapje_linnen_Place-add_1-scaled.jpg","contentUrl":"https:\/\/place-add.nl\/wp-content\/uploads\/2024\/06\/Rekeningmapje_linnen_Place-add_1-scaled.jpg","width":1000,"height":1000,"caption":"Linnen Rekekeningmapje"},{"@type":"BreadcrumbList","@id":"https:\/\/place-add.nl\/de\/produkt\/rechnungsmappen-aus-leinen\/#breadcrumb","itemListElement":[{"@type":"ListItem","position":1,"name":"Home","item":"https:\/\/place-add.nl\/de\/home\/"},{"@type":"ListItem","position":2,"name":"Shop","item":"https:\/\/place-add.nl\/de\/shop\/"},{"@type":"ListItem","position":3,"name":"Leinen"}]},{"@type":"WebSite","@id":"https:\/\/place-add.nl\/de\/#website","url":"https:\/\/place-add.nl\/de\/","name":"Place Add","description":"Tafelkleding voor de horeca","publisher":{"@id":"https:\/\/place-add.nl\/de\/#organization"},"potentialAction":[{"@type":"SearchAction","target":{"@type":"EntryPoint","urlTemplate":"https:\/\/place-add.nl\/de\/?s={search_term_string}"},"query-input":{"@type":"PropertyValueSpecification","valueRequired":true,"valueName":"search_term_string"}}],"inLanguage":"de"},{"@type":"Organization","@id":"https:\/\/place-add.nl\/de\/#organization","name":"Place Add","url":"https:\/\/place-add.nl\/de\/","logo":{"@type":"ImageObject","inLanguage":"de","@id":"https:\/\/place-add.nl\/de\/#\/schema\/logo\/image\/","url":"https:\/\/place-add.nl\/wp-content\/uploads\/2023\/11\/logo-img-place-add.png","contentUrl":"https:\/\/place-add.nl\/wp-content\/uploads\/2023\/11\/logo-img-place-add.png","width":404,"height":106,"caption":"Place Add"},"image":{"@id":"https:\/\/place-add.nl\/de\/#\/schema\/logo\/image\/"},"sameAs":["https:\/\/www.facebook.com\/PlaceAdd\/","https:\/\/www.instagram.com\/place_add\/","https:\/\/www.youtube.com\/@placeadd"]}]}},"_links":{"self":[{"href":"https:\/\/place-add.nl\/de\/wp-json\/wp\/v2\/product\/43214","targetHints":{"allow":["GET"]}}],"collection":[{"href":"https:\/\/place-add.nl\/de\/wp-json\/wp\/v2\/product"}],"about":[{"href":"https:\/\/place-add.nl\/de\/wp-json\/wp\/v2\/types\/product"}],"wp:featuredmedia":[{"embeddable":true,"href":"https:\/\/place-add.nl\/de\/wp-json\/wp\/v2\/media\/40772"}],"wp:attachment":[{"href":"https:\/\/place-add.nl\/de\/wp-json\/wp\/v2\/media?parent=43214"}],"wp:term":[{"taxonomy":"product_brand","embeddable":true,"href":"https:\/\/place-add.nl\/de\/wp-json\/wp\/v2\/product_brand?post=43214"},{"taxonomy":"product_cat","embeddable":true,"href":"https:\/\/place-add.nl\/de\/wp-json\/wp\/v2\/product_cat?post=43214"},{"taxonomy":"product_tag","embeddable":true,"href":"https:\/\/place-add.nl\/de\/wp-json\/wp\/v2\/product_tag?post=43214"}],"curies":[{"name":"wp","href":"https:\/\/api.w.org\/{rel}","templated":true}]}}