{"id":43218,"date":"2024-06-11T11:13:08","date_gmt":"2024-06-11T11:13:08","guid":{"rendered":"https:\/\/place-add.nl\/product\/italia-rekeningmapjes\/"},"modified":"2025-06-01T06:54:15","modified_gmt":"2025-06-01T06:54:15","slug":"italia-rechnungsmappe","status":"publish","type":"product","link":"https:\/\/place-add.nl\/de\/produkt\/italia-rechnungsmappe\/","title":{"rendered":"Italia"},"content":{"rendered":"<p>Verleihen Sie der Kasse in Ihrem Gastronomiebetrieb mit unseren <strong>Italia-Rechnungsmappe<\/strong> einen Hauch von Klasse. Diese hochwertigen Mappen sind in einer Vielzahl von Materialien erh\u00e4ltlich, darunter Leatherlines, Eco, Jute, Kork und Wildlife. Jedes Material verleiht einen einzigartigen Stil und eine besondere Atmosph\u00e4re, so dass Sie immer eine Rechnungsmappe finden, die perfekt zum Look und zur Atmosph\u00e4re Ihres Restaurants oder Caf\u00e9s passt.<\/p>\n<p>Das \u00dcberreichen der Rechnung ist ein wichtiger Moment f\u00fcr jeden Gast, und mit einer stilvollen Rechnungsmappe verleihen Sie diesem Erlebnis das gewisse Etwas. Eine geschmackvoll und praktisch gestaltete Mappe sorgt daf\u00fcr, dass Ihre G\u00e4ste den Kassiervorgang als angenehmen Teil ihres Besuchs erleben.<\/p>\n<p>Auf dieser Seite finden Sie eine gro\u00dfe Auswahl an Italia-Rechnungsmappen. Ob Sie sich f\u00fcr den zeitlosen Charakter von Leatherlines, den nachhaltigen Look von Eco, den nat\u00fcrlichen Look von Jute und Kork oder die lebendige Textur von Wildlife entscheiden, jede Mappe strahlt die Qualit\u00e4t aus, die Ihr Unternehmen verdient.<\/p>\n<p>W\u00e4hlen Sie die Rechnungsmappe, die zum Ambiente und zur Identit\u00e4t Ihres Catering-Unternehmens passt, und machen Sie den Moment der Abrechnung zu einer subtilen Erg\u00e4nzung des Erlebnisses Ihrer G\u00e4ste.<\/p>\n<p>Durch die Verwendung desselben Materials k\u00f6nnen Sie Ihre Kassenmappe perfekt mit einer unserer <strong><a href=\"https:\/\/place-add.nl\/de\/speisekarten\/speisekarten-webshop\/\">Italia Speisekarten<\/a><\/strong> kombinieren!<\/p>\n<p>Ben\u00f6tigen Sie kurzfristig Speisekarten? Dann besuchen Sie unsere zweite Website, <strong><a href=\"http:\/\/www.craftontable.com\/\">Craftontable.com<\/a><\/strong>, f\u00fcr Speisekarten mit weniger Personalisierungsm\u00f6glichkeiten, aber schnellerer Lieferzeit.<\/p>\n<p><strong>Sie brauchen Beratung? Unser Team hilft Ihnen gerne bei der Auswahl und unterst\u00fctzt Sie bei der Verwirklichung Ihrer Men\u00fckarte.<\/strong><\/p>\n<p><button id=\"knop-contact-opnemen-de\">Kontaktieren Sie uns unverbindlich<\/button><\/p>\n","protected":false},"excerpt":{"rendered":"<p>Die Pr\u00e4sentation der Rechnung in einer stilvollen <strong>Rechnungsmappe<\/strong> vermittelt immer ein zus\u00e4tzliches Gef\u00fchl bei diesem wichtigen Moment. Obwohl nat\u00fcrlich f\u00fcr all das Gute, das Sie Ihren G\u00e4sten geboten haben, bezahlt werden muss, macht eine angenehme Art, dies zu regeln, den Prozess selbstverst\u00e4ndlicher.<\/p>\n<p>Auf dieser Seite bieten wir Ihnen ein Sortiment verschiedener Rechnungsmappen, damit Sie die richtige Ausstrahlung w\u00e4hlen k\u00f6nnen, die zu Ihrem Restaurant oder Ihrer Gastronomiebetrieb passt.<\/p>\n<p><button id=\"knop-contact-opnemen-de\">Kontaktieren Sie uns unverbindlich<\/button><\/p>\n","protected":false},"featured_media":40793,"template":"","meta":[],"product_brand":[],"product_cat":[1427,1442],"product_tag":[1290,1379,1380,1198,1199,1200,1201,1202,1203],"class_list":{"0":"post-43218","1":"product","2":"type-product","3":"status-publish","4":"has-post-thumbnail","6":"product_cat-kontoordner","7":"product_cat-speisekarten-n-mas","8":"product_tag-italia-kontoordner","9":"product_tag-kontoordner","10":"product_tag-kontoordner-italia","11":"product_tag-maatwerk-menukaarten-de","12":"product_tag-menukaarten-de","13":"product_tag-menukaarten-horeca-de","14":"product_tag-menukaarten-kopen-de","15":"product_tag-menukaarten-op-maat-de","16":"product_tag-restaurant-menukaarten-de","18":"first","19":"instock","20":"taxable","21":"shipping-taxable","22":"product-type-simple"},"yoast_head":"<!-- This site is optimized with the Yoast SEO Premium plugin v27.2 (Yoast SEO v27.2) - https:\/\/yoast.com\/product\/yoast-seo-premium-wordpress\/ -->\n<title>Italia-Rechnungsmappe | Place Add | F\u00fcr die Gastronomie<\/title>\n<meta name=\"description\" content=\"Die Italia-Rechnungsmappe kann einfach \u00fcber Place Add bestellt werden. Kombinieren Sie Ihre Speisekarte mit einer passenden Italia-Rechnungsmappe!\" \/>\n<meta name=\"robots\" content=\"index, follow, max-snippet:-1, max-image-preview:large, max-video-preview:-1\" \/>\n<link rel=\"canonical\" href=\"https:\/\/place-add.nl\/de\/produkt\/italia-rechnungsmappe\/\" \/>\n<meta property=\"og:locale\" content=\"de_DE\" \/>\n<meta property=\"og:type\" content=\"article\" \/>\n<meta property=\"og:title\" content=\"Italia\" \/>\n<meta property=\"og:description\" content=\"Die Italia-Rechnungsmappe kann einfach \u00fcber Place Add bestellt werden. Kombinieren Sie Ihre Speisekarte mit einer passenden Italia-Rechnungsmappe!\" \/>\n<meta property=\"og:url\" content=\"https:\/\/place-add.nl\/de\/produkt\/italia-rechnungsmappe\/\" \/>\n<meta property=\"og:site_name\" content=\"Place Add\" \/>\n<meta property=\"article:publisher\" content=\"https:\/\/www.facebook.com\/PlaceAdd\/\" \/>\n<meta property=\"article:modified_time\" content=\"2025-06-01T06:54:15+00:00\" \/>\n<meta property=\"og:image\" content=\"https:\/\/place-add.nl\/wp-content\/uploads\/2024\/06\/italia_Place-add_8-scaled.jpg\" \/>\n\t<meta property=\"og:image:width\" content=\"1000\" \/>\n\t<meta property=\"og:image:height\" content=\"1000\" \/>\n\t<meta property=\"og:image:type\" content=\"image\/jpeg\" \/>\n<meta name=\"twitter:card\" content=\"summary_large_image\" \/>\n<meta name=\"twitter:label1\" content=\"Gesch\u00e4tzte Lesezeit\" \/>\n\t<meta name=\"twitter:data1\" content=\"2\u00a0Minuten\" \/>\n<script type=\"application\/ld+json\" class=\"yoast-schema-graph\">{\"@context\":\"https:\/\/schema.org\",\"@graph\":[{\"@type\":\"WebPage\",\"@id\":\"https:\/\/place-add.nl\/de\/produkt\/italia-rechnungsmappe\/\",\"url\":\"https:\/\/place-add.nl\/de\/produkt\/italia-rechnungsmappe\/\",\"name\":\"Italia-Rechnungsmappe | Place Add | F\u00fcr die Gastronomie\",\"isPartOf\":{\"@id\":\"https:\/\/place-add.nl\/de\/#website\"},\"primaryImageOfPage\":{\"@id\":\"https:\/\/place-add.nl\/de\/produkt\/italia-rechnungsmappe\/#primaryimage\"},\"image\":{\"@id\":\"https:\/\/place-add.nl\/de\/produkt\/italia-rechnungsmappe\/#primaryimage\"},\"thumbnailUrl\":\"https:\/\/place-add.nl\/wp-content\/uploads\/2024\/06\/italia_Place-add_8-scaled.jpg\",\"datePublished\":\"2024-06-11T11:13:08+00:00\",\"dateModified\":\"2025-06-01T06:54:15+00:00\",\"description\":\"Die Italia-Rechnungsmappe kann einfach \u00fcber Place Add bestellt werden. Kombinieren Sie Ihre Speisekarte mit einer passenden Italia-Rechnungsmappe!\",\"breadcrumb\":{\"@id\":\"https:\/\/place-add.nl\/de\/produkt\/italia-rechnungsmappe\/#breadcrumb\"},\"inLanguage\":\"de\",\"potentialAction\":[{\"@type\":\"ReadAction\",\"target\":[\"https:\/\/place-add.nl\/de\/produkt\/italia-rechnungsmappe\/\"]}]},{\"@type\":\"ImageObject\",\"inLanguage\":\"de\",\"@id\":\"https:\/\/place-add.nl\/de\/produkt\/italia-rechnungsmappe\/#primaryimage\",\"url\":\"https:\/\/place-add.nl\/wp-content\/uploads\/2024\/06\/italia_Place-add_8-scaled.jpg\",\"contentUrl\":\"https:\/\/place-add.nl\/wp-content\/uploads\/2024\/06\/italia_Place-add_8-scaled.jpg\",\"width\":1000,\"height\":1000,\"caption\":\"Italia Rekeningmapjes\"},{\"@type\":\"BreadcrumbList\",\"@id\":\"https:\/\/place-add.nl\/de\/produkt\/italia-rechnungsmappe\/#breadcrumb\",\"itemListElement\":[{\"@type\":\"ListItem\",\"position\":1,\"name\":\"Home\",\"item\":\"https:\/\/place-add.nl\/de\/home\/\"},{\"@type\":\"ListItem\",\"position\":2,\"name\":\"Shop\",\"item\":\"https:\/\/place-add.nl\/de\/shop\/\"},{\"@type\":\"ListItem\",\"position\":3,\"name\":\"Italia\"}]},{\"@type\":\"WebSite\",\"@id\":\"https:\/\/place-add.nl\/de\/#website\",\"url\":\"https:\/\/place-add.nl\/de\/\",\"name\":\"Place Add\",\"description\":\"Tafelkleding voor de horeca\",\"publisher\":{\"@id\":\"https:\/\/place-add.nl\/de\/#organization\"},\"potentialAction\":[{\"@type\":\"SearchAction\",\"target\":{\"@type\":\"EntryPoint\",\"urlTemplate\":\"https:\/\/place-add.nl\/de\/?s={search_term_string}\"},\"query-input\":{\"@type\":\"PropertyValueSpecification\",\"valueRequired\":true,\"valueName\":\"search_term_string\"}}],\"inLanguage\":\"de\"},{\"@type\":\"Organization\",\"@id\":\"https:\/\/place-add.nl\/de\/#organization\",\"name\":\"Place Add\",\"url\":\"https:\/\/place-add.nl\/de\/\",\"logo\":{\"@type\":\"ImageObject\",\"inLanguage\":\"de\",\"@id\":\"https:\/\/place-add.nl\/de\/#\/schema\/logo\/image\/\",\"url\":\"https:\/\/place-add.nl\/wp-content\/uploads\/2023\/11\/logo-img-place-add.png\",\"contentUrl\":\"https:\/\/place-add.nl\/wp-content\/uploads\/2023\/11\/logo-img-place-add.png\",\"width\":404,\"height\":106,\"caption\":\"Place Add\"},\"image\":{\"@id\":\"https:\/\/place-add.nl\/de\/#\/schema\/logo\/image\/\"},\"sameAs\":[\"https:\/\/www.facebook.com\/PlaceAdd\/\",\"https:\/\/www.instagram.com\/place_add\/\",\"https:\/\/www.youtube.com\/@placeadd\"]}]}<\/script>\n<!-- \/ Yoast SEO Premium plugin. -->","yoast_head_json":{"title":"Italia-Rechnungsmappe | Place Add | F\u00fcr die Gastronomie","description":"Die Italia-Rechnungsmappe kann einfach \u00fcber Place Add bestellt werden. Kombinieren Sie Ihre Speisekarte mit einer passenden Italia-Rechnungsmappe!","robots":{"index":"index","follow":"follow","max-snippet":"max-snippet:-1","max-image-preview":"max-image-preview:large","max-video-preview":"max-video-preview:-1"},"canonical":"https:\/\/place-add.nl\/de\/produkt\/italia-rechnungsmappe\/","og_locale":"de_DE","og_type":"article","og_title":"Italia","og_description":"Die Italia-Rechnungsmappe kann einfach \u00fcber Place Add bestellt werden. Kombinieren Sie Ihre Speisekarte mit einer passenden Italia-Rechnungsmappe!","og_url":"https:\/\/place-add.nl\/de\/produkt\/italia-rechnungsmappe\/","og_site_name":"Place Add","article_publisher":"https:\/\/www.facebook.com\/PlaceAdd\/","article_modified_time":"2025-06-01T06:54:15+00:00","og_image":[{"width":1000,"height":1000,"url":"https:\/\/place-add.nl\/wp-content\/uploads\/2024\/06\/italia_Place-add_8-scaled.jpg","type":"image\/jpeg"}],"twitter_card":"summary_large_image","twitter_misc":{"Gesch\u00e4tzte Lesezeit":"2\u00a0Minuten"},"schema":{"@context":"https:\/\/schema.org","@graph":[{"@type":"WebPage","@id":"https:\/\/place-add.nl\/de\/produkt\/italia-rechnungsmappe\/","url":"https:\/\/place-add.nl\/de\/produkt\/italia-rechnungsmappe\/","name":"Italia-Rechnungsmappe | Place Add | F\u00fcr die Gastronomie","isPartOf":{"@id":"https:\/\/place-add.nl\/de\/#website"},"primaryImageOfPage":{"@id":"https:\/\/place-add.nl\/de\/produkt\/italia-rechnungsmappe\/#primaryimage"},"image":{"@id":"https:\/\/place-add.nl\/de\/produkt\/italia-rechnungsmappe\/#primaryimage"},"thumbnailUrl":"https:\/\/place-add.nl\/wp-content\/uploads\/2024\/06\/italia_Place-add_8-scaled.jpg","datePublished":"2024-06-11T11:13:08+00:00","dateModified":"2025-06-01T06:54:15+00:00","description":"Die Italia-Rechnungsmappe kann einfach \u00fcber Place Add bestellt werden. Kombinieren Sie Ihre Speisekarte mit einer passenden Italia-Rechnungsmappe!","breadcrumb":{"@id":"https:\/\/place-add.nl\/de\/produkt\/italia-rechnungsmappe\/#breadcrumb"},"inLanguage":"de","potentialAction":[{"@type":"ReadAction","target":["https:\/\/place-add.nl\/de\/produkt\/italia-rechnungsmappe\/"]}]},{"@type":"ImageObject","inLanguage":"de","@id":"https:\/\/place-add.nl\/de\/produkt\/italia-rechnungsmappe\/#primaryimage","url":"https:\/\/place-add.nl\/wp-content\/uploads\/2024\/06\/italia_Place-add_8-scaled.jpg","contentUrl":"https:\/\/place-add.nl\/wp-content\/uploads\/2024\/06\/italia_Place-add_8-scaled.jpg","width":1000,"height":1000,"caption":"Italia Rekeningmapjes"},{"@type":"BreadcrumbList","@id":"https:\/\/place-add.nl\/de\/produkt\/italia-rechnungsmappe\/#breadcrumb","itemListElement":[{"@type":"ListItem","position":1,"name":"Home","item":"https:\/\/place-add.nl\/de\/home\/"},{"@type":"ListItem","position":2,"name":"Shop","item":"https:\/\/place-add.nl\/de\/shop\/"},{"@type":"ListItem","position":3,"name":"Italia"}]},{"@type":"WebSite","@id":"https:\/\/place-add.nl\/de\/#website","url":"https:\/\/place-add.nl\/de\/","name":"Place Add","description":"Tafelkleding voor de horeca","publisher":{"@id":"https:\/\/place-add.nl\/de\/#organization"},"potentialAction":[{"@type":"SearchAction","target":{"@type":"EntryPoint","urlTemplate":"https:\/\/place-add.nl\/de\/?s={search_term_string}"},"query-input":{"@type":"PropertyValueSpecification","valueRequired":true,"valueName":"search_term_string"}}],"inLanguage":"de"},{"@type":"Organization","@id":"https:\/\/place-add.nl\/de\/#organization","name":"Place Add","url":"https:\/\/place-add.nl\/de\/","logo":{"@type":"ImageObject","inLanguage":"de","@id":"https:\/\/place-add.nl\/de\/#\/schema\/logo\/image\/","url":"https:\/\/place-add.nl\/wp-content\/uploads\/2023\/11\/logo-img-place-add.png","contentUrl":"https:\/\/place-add.nl\/wp-content\/uploads\/2023\/11\/logo-img-place-add.png","width":404,"height":106,"caption":"Place Add"},"image":{"@id":"https:\/\/place-add.nl\/de\/#\/schema\/logo\/image\/"},"sameAs":["https:\/\/www.facebook.com\/PlaceAdd\/","https:\/\/www.instagram.com\/place_add\/","https:\/\/www.youtube.com\/@placeadd"]}]}},"_links":{"self":[{"href":"https:\/\/place-add.nl\/de\/wp-json\/wp\/v2\/product\/43218","targetHints":{"allow":["GET"]}}],"collection":[{"href":"https:\/\/place-add.nl\/de\/wp-json\/wp\/v2\/product"}],"about":[{"href":"https:\/\/place-add.nl\/de\/wp-json\/wp\/v2\/types\/product"}],"wp:featuredmedia":[{"embeddable":true,"href":"https:\/\/place-add.nl\/de\/wp-json\/wp\/v2\/media\/40793"}],"wp:attachment":[{"href":"https:\/\/place-add.nl\/de\/wp-json\/wp\/v2\/media?parent=43218"}],"wp:term":[{"taxonomy":"product_brand","embeddable":true,"href":"https:\/\/place-add.nl\/de\/wp-json\/wp\/v2\/product_brand?post=43218"},{"taxonomy":"product_cat","embeddable":true,"href":"https:\/\/place-add.nl\/de\/wp-json\/wp\/v2\/product_cat?post=43218"},{"taxonomy":"product_tag","embeddable":true,"href":"https:\/\/place-add.nl\/de\/wp-json\/wp\/v2\/product_tag?post=43218"}],"curies":[{"name":"wp","href":"https:\/\/api.w.org\/{rel}","templated":true}]}}