{"id":43220,"date":"2024-06-11T11:14:24","date_gmt":"2024-06-11T11:14:24","guid":{"rendered":"https:\/\/place-add.nl\/product\/papieren-rekeningmapjes\/"},"modified":"2025-06-01T06:56:42","modified_gmt":"2025-06-01T06:56:42","slug":"rechnungsmappen-aus-papier","status":"publish","type":"product","link":"https:\/\/place-add.nl\/de\/produkt\/rechnungsmappen-aus-papier\/","title":{"rendered":"Papier"},"content":{"rendered":"<p>Bei uns finden Sie die idealen <strong>Rechnungsmappen aus Papier<\/strong> f\u00fcr Ihren Gastronomiebetrieb. Sie sind aus hochwertigem bedrucktem Papier hergestellt und k\u00f6nnen vollst\u00e4ndig in Farbe gestaltet werden. Diese stilvollen Mappen sind mehr als nur eine M\u00f6glichkeit, die Rechnung zu pr\u00e4sentieren. Sie k\u00f6nnen auch als aussagekr\u00e4ftige Visitenkarte, Komplimentkarte oder sogar als Instrument f\u00fcr Kundenfeedback dienen. So tr\u00e4gt jede Mappe zu einem unvergesslichen Eindruck Ihrer Dienstleistung bei.<\/p>\n<p><strong>Warum sollten Sie sich f\u00fcr personalisierte Rechnungsmappen entscheiden?<\/strong><\/p>\n<p>Der Moment, in dem Sie die Rechnung pr\u00e4sentieren, ist ein wichtiger Teil des G\u00e4steerlebnisses. Unsere eleganten <strong>Rechnungsmappen aus Papier<\/strong> machen diesen Schritt nicht nur angenehm und professionell, sondern verleihen ihm auch einen Hauch von Klasse und Liebe zum Detail. Mit unseren Rechnungsmappen k\u00f6nnen Sie Ihre Marke auf subtile und wirksame Weise hervorheben.<\/p>\n<p><strong>Personalisierte Beratung<\/strong><\/p>\n<p>Mit dem gleichen Design k\u00f6nnen Sie Ihre <strong>Rechnungsmappen aus Papier<\/strong> perfekt mit einer unserer <strong><a href=\"https:\/\/place-add.nl\/disposables-bedrukt\/bestekzakjes\/papieren-bestekzakjes\/\">Bestecktaschen<\/a><\/strong> oder einer luxuri\u00f6sen <strong><a href=\"https:\/\/place-add.nl\/disposables-bedrukt\/servetten-bedrukken\/airlaid-met-wikkel\/\">Naperole<\/a><\/strong> kombinieren!<\/p>\n<p>Sie ben\u00f6tigen kurzfristig Einwegartikel? Dann besuchen Sie unsere zweite Website, <strong><a href=\"http:\/\/www.craftontable.com\/\">Craftontable.com<\/a><\/strong>!<\/p>\n<p><strong>Sie brauchen Beratung? Unser Team hilft Ihnen gerne bei der Auswahl und unterst\u00fctzt Sie bei der Verwirklichung Ihrer Men\u00fckarte!<\/strong><\/p>\n<p><button id=\"knop-contact-opnemen-de\">Kontaktieren Sie uns unverbindlich<\/button><\/p>\n","protected":false},"excerpt":{"rendered":"<p>Die Pr\u00e4sentation der Rechnung in einer stilvollen <strong>Rechnungsmappe<\/strong> vermittelt immer ein zus\u00e4tzliches Gef\u00fchl bei diesem wichtigen Moment. Obwohl nat\u00fcrlich f\u00fcr all das Gute, das Sie Ihren G\u00e4sten geboten haben, bezahlt werden muss, macht eine angenehme Art, dies zu regeln, den Prozess selbstverst\u00e4ndlicher.<\/p>\n<p>Auf dieser Seite bieten wir Ihnen ein Sortiment verschiedener Rechnungsmappen, damit Sie die richtige Ausstrahlung w\u00e4hlen k\u00f6nnen, die zu Ihrem Restaurant oder Ihrer Gastronomiebetrieb passt.<\/p>\n<p><button id=\"knop-contact-opnemen-de\">Kontaktieren Sie uns unverbindlich<\/button><\/p>\n","protected":false},"featured_media":37847,"template":"","meta":[],"product_brand":[],"product_cat":[1427,1442],"product_tag":[1379,1403,1381,1198,1199,1200,1201,1202,1402,1203],"class_list":{"0":"post-43220","1":"product","2":"type-product","3":"status-publish","4":"has-post-thumbnail","6":"product_cat-kontoordner","7":"product_cat-speisekarten-n-mas","8":"product_tag-kontoordner","9":"product_tag-kontoordner-aus-papier","10":"product_tag-kontoordner-papier","11":"product_tag-maatwerk-menukaarten-de","12":"product_tag-menukaarten-de","13":"product_tag-menukaarten-horeca-de","14":"product_tag-menukaarten-kopen-de","15":"product_tag-menukaarten-op-maat-de","16":"product_tag-papier-kontoordner","17":"product_tag-restaurant-menukaarten-de","19":"first","20":"instock","21":"taxable","22":"shipping-taxable","23":"product-type-simple"},"yoast_head":"<!-- This site is optimized with the Yoast SEO Premium plugin v27.2 (Yoast SEO v27.2) - https:\/\/yoast.com\/product\/yoast-seo-premium-wordpress\/ -->\n<title>Rechnungsmappen aus Papier| Place Add | F\u00fcr die Gastronomie<\/title>\n<meta name=\"description\" content=\"Bei uns finden Sie die idealen Rechnungsmappen aus Papier f\u00fcr Ihren Gastronomiebetrieb. Hergestellt aus vollfarbig bedrucktem Papier!\" \/>\n<meta name=\"robots\" content=\"index, follow, max-snippet:-1, max-image-preview:large, max-video-preview:-1\" \/>\n<link rel=\"canonical\" href=\"https:\/\/place-add.nl\/de\/produkt\/rechnungsmappen-aus-papier\/\" \/>\n<meta property=\"og:locale\" content=\"de_DE\" \/>\n<meta property=\"og:type\" content=\"article\" \/>\n<meta property=\"og:title\" content=\"Papier\" \/>\n<meta property=\"og:description\" content=\"Bei uns finden Sie die idealen Rechnungsmappen aus Papier f\u00fcr Ihren Gastronomiebetrieb. Hergestellt aus vollfarbig bedrucktem Papier!\" \/>\n<meta property=\"og:url\" content=\"https:\/\/place-add.nl\/de\/produkt\/rechnungsmappen-aus-papier\/\" \/>\n<meta property=\"og:site_name\" content=\"Place Add\" \/>\n<meta property=\"article:publisher\" content=\"https:\/\/www.facebook.com\/PlaceAdd\/\" \/>\n<meta property=\"article:modified_time\" content=\"2025-06-01T06:56:42+00:00\" \/>\n<meta property=\"og:image\" content=\"https:\/\/place-add.nl\/wp-content\/uploads\/2024\/06\/Rekeningmapje_Papier_Place_Add_1.jpg\" \/>\n\t<meta property=\"og:image:width\" content=\"800\" \/>\n\t<meta property=\"og:image:height\" content=\"800\" \/>\n\t<meta property=\"og:image:type\" content=\"image\/jpeg\" \/>\n<meta name=\"twitter:card\" content=\"summary_large_image\" \/>\n<meta name=\"twitter:label1\" content=\"Gesch\u00e4tzte Lesezeit\" \/>\n\t<meta name=\"twitter:data1\" content=\"2\u00a0Minuten\" \/>\n<script type=\"application\/ld+json\" class=\"yoast-schema-graph\">{\"@context\":\"https:\/\/schema.org\",\"@graph\":[{\"@type\":\"WebPage\",\"@id\":\"https:\/\/place-add.nl\/de\/produkt\/rechnungsmappen-aus-papier\/\",\"url\":\"https:\/\/place-add.nl\/de\/produkt\/rechnungsmappen-aus-papier\/\",\"name\":\"Rechnungsmappen aus Papier| Place Add | F\u00fcr die Gastronomie\",\"isPartOf\":{\"@id\":\"https:\/\/place-add.nl\/de\/#website\"},\"primaryImageOfPage\":{\"@id\":\"https:\/\/place-add.nl\/de\/produkt\/rechnungsmappen-aus-papier\/#primaryimage\"},\"image\":{\"@id\":\"https:\/\/place-add.nl\/de\/produkt\/rechnungsmappen-aus-papier\/#primaryimage\"},\"thumbnailUrl\":\"https:\/\/place-add.nl\/wp-content\/uploads\/2024\/06\/Rekeningmapje_Papier_Place_Add_1.jpg\",\"datePublished\":\"2024-06-11T11:14:24+00:00\",\"dateModified\":\"2025-06-01T06:56:42+00:00\",\"description\":\"Bei uns finden Sie die idealen Rechnungsmappen aus Papier f\u00fcr Ihren Gastronomiebetrieb. Hergestellt aus vollfarbig bedrucktem Papier!\",\"breadcrumb\":{\"@id\":\"https:\/\/place-add.nl\/de\/produkt\/rechnungsmappen-aus-papier\/#breadcrumb\"},\"inLanguage\":\"de\",\"potentialAction\":[{\"@type\":\"ReadAction\",\"target\":[\"https:\/\/place-add.nl\/de\/produkt\/rechnungsmappen-aus-papier\/\"]}]},{\"@type\":\"ImageObject\",\"inLanguage\":\"de\",\"@id\":\"https:\/\/place-add.nl\/de\/produkt\/rechnungsmappen-aus-papier\/#primaryimage\",\"url\":\"https:\/\/place-add.nl\/wp-content\/uploads\/2024\/06\/Rekeningmapje_Papier_Place_Add_1.jpg\",\"contentUrl\":\"https:\/\/place-add.nl\/wp-content\/uploads\/2024\/06\/Rekeningmapje_Papier_Place_Add_1.jpg\",\"width\":800,\"height\":800,\"caption\":\"Papieren Rekeningmapjes\"},{\"@type\":\"BreadcrumbList\",\"@id\":\"https:\/\/place-add.nl\/de\/produkt\/rechnungsmappen-aus-papier\/#breadcrumb\",\"itemListElement\":[{\"@type\":\"ListItem\",\"position\":1,\"name\":\"Home\",\"item\":\"https:\/\/place-add.nl\/de\/home\/\"},{\"@type\":\"ListItem\",\"position\":2,\"name\":\"Shop\",\"item\":\"https:\/\/place-add.nl\/de\/shop\/\"},{\"@type\":\"ListItem\",\"position\":3,\"name\":\"Papier\"}]},{\"@type\":\"WebSite\",\"@id\":\"https:\/\/place-add.nl\/de\/#website\",\"url\":\"https:\/\/place-add.nl\/de\/\",\"name\":\"Place Add\",\"description\":\"Tafelkleding voor de horeca\",\"publisher\":{\"@id\":\"https:\/\/place-add.nl\/de\/#organization\"},\"potentialAction\":[{\"@type\":\"SearchAction\",\"target\":{\"@type\":\"EntryPoint\",\"urlTemplate\":\"https:\/\/place-add.nl\/de\/?s={search_term_string}\"},\"query-input\":{\"@type\":\"PropertyValueSpecification\",\"valueRequired\":true,\"valueName\":\"search_term_string\"}}],\"inLanguage\":\"de\"},{\"@type\":\"Organization\",\"@id\":\"https:\/\/place-add.nl\/de\/#organization\",\"name\":\"Place Add\",\"url\":\"https:\/\/place-add.nl\/de\/\",\"logo\":{\"@type\":\"ImageObject\",\"inLanguage\":\"de\",\"@id\":\"https:\/\/place-add.nl\/de\/#\/schema\/logo\/image\/\",\"url\":\"https:\/\/place-add.nl\/wp-content\/uploads\/2023\/11\/logo-img-place-add.png\",\"contentUrl\":\"https:\/\/place-add.nl\/wp-content\/uploads\/2023\/11\/logo-img-place-add.png\",\"width\":404,\"height\":106,\"caption\":\"Place Add\"},\"image\":{\"@id\":\"https:\/\/place-add.nl\/de\/#\/schema\/logo\/image\/\"},\"sameAs\":[\"https:\/\/www.facebook.com\/PlaceAdd\/\",\"https:\/\/www.instagram.com\/place_add\/\",\"https:\/\/www.youtube.com\/@placeadd\"]}]}<\/script>\n<!-- \/ Yoast SEO Premium plugin. -->","yoast_head_json":{"title":"Rechnungsmappen aus Papier| Place Add | F\u00fcr die Gastronomie","description":"Bei uns finden Sie die idealen Rechnungsmappen aus Papier f\u00fcr Ihren Gastronomiebetrieb. Hergestellt aus vollfarbig bedrucktem Papier!","robots":{"index":"index","follow":"follow","max-snippet":"max-snippet:-1","max-image-preview":"max-image-preview:large","max-video-preview":"max-video-preview:-1"},"canonical":"https:\/\/place-add.nl\/de\/produkt\/rechnungsmappen-aus-papier\/","og_locale":"de_DE","og_type":"article","og_title":"Papier","og_description":"Bei uns finden Sie die idealen Rechnungsmappen aus Papier f\u00fcr Ihren Gastronomiebetrieb. Hergestellt aus vollfarbig bedrucktem Papier!","og_url":"https:\/\/place-add.nl\/de\/produkt\/rechnungsmappen-aus-papier\/","og_site_name":"Place Add","article_publisher":"https:\/\/www.facebook.com\/PlaceAdd\/","article_modified_time":"2025-06-01T06:56:42+00:00","og_image":[{"width":800,"height":800,"url":"https:\/\/place-add.nl\/wp-content\/uploads\/2024\/06\/Rekeningmapje_Papier_Place_Add_1.jpg","type":"image\/jpeg"}],"twitter_card":"summary_large_image","twitter_misc":{"Gesch\u00e4tzte Lesezeit":"2\u00a0Minuten"},"schema":{"@context":"https:\/\/schema.org","@graph":[{"@type":"WebPage","@id":"https:\/\/place-add.nl\/de\/produkt\/rechnungsmappen-aus-papier\/","url":"https:\/\/place-add.nl\/de\/produkt\/rechnungsmappen-aus-papier\/","name":"Rechnungsmappen aus Papier| Place Add | F\u00fcr die Gastronomie","isPartOf":{"@id":"https:\/\/place-add.nl\/de\/#website"},"primaryImageOfPage":{"@id":"https:\/\/place-add.nl\/de\/produkt\/rechnungsmappen-aus-papier\/#primaryimage"},"image":{"@id":"https:\/\/place-add.nl\/de\/produkt\/rechnungsmappen-aus-papier\/#primaryimage"},"thumbnailUrl":"https:\/\/place-add.nl\/wp-content\/uploads\/2024\/06\/Rekeningmapje_Papier_Place_Add_1.jpg","datePublished":"2024-06-11T11:14:24+00:00","dateModified":"2025-06-01T06:56:42+00:00","description":"Bei uns finden Sie die idealen Rechnungsmappen aus Papier f\u00fcr Ihren Gastronomiebetrieb. Hergestellt aus vollfarbig bedrucktem Papier!","breadcrumb":{"@id":"https:\/\/place-add.nl\/de\/produkt\/rechnungsmappen-aus-papier\/#breadcrumb"},"inLanguage":"de","potentialAction":[{"@type":"ReadAction","target":["https:\/\/place-add.nl\/de\/produkt\/rechnungsmappen-aus-papier\/"]}]},{"@type":"ImageObject","inLanguage":"de","@id":"https:\/\/place-add.nl\/de\/produkt\/rechnungsmappen-aus-papier\/#primaryimage","url":"https:\/\/place-add.nl\/wp-content\/uploads\/2024\/06\/Rekeningmapje_Papier_Place_Add_1.jpg","contentUrl":"https:\/\/place-add.nl\/wp-content\/uploads\/2024\/06\/Rekeningmapje_Papier_Place_Add_1.jpg","width":800,"height":800,"caption":"Papieren Rekeningmapjes"},{"@type":"BreadcrumbList","@id":"https:\/\/place-add.nl\/de\/produkt\/rechnungsmappen-aus-papier\/#breadcrumb","itemListElement":[{"@type":"ListItem","position":1,"name":"Home","item":"https:\/\/place-add.nl\/de\/home\/"},{"@type":"ListItem","position":2,"name":"Shop","item":"https:\/\/place-add.nl\/de\/shop\/"},{"@type":"ListItem","position":3,"name":"Papier"}]},{"@type":"WebSite","@id":"https:\/\/place-add.nl\/de\/#website","url":"https:\/\/place-add.nl\/de\/","name":"Place Add","description":"Tafelkleding voor de horeca","publisher":{"@id":"https:\/\/place-add.nl\/de\/#organization"},"potentialAction":[{"@type":"SearchAction","target":{"@type":"EntryPoint","urlTemplate":"https:\/\/place-add.nl\/de\/?s={search_term_string}"},"query-input":{"@type":"PropertyValueSpecification","valueRequired":true,"valueName":"search_term_string"}}],"inLanguage":"de"},{"@type":"Organization","@id":"https:\/\/place-add.nl\/de\/#organization","name":"Place Add","url":"https:\/\/place-add.nl\/de\/","logo":{"@type":"ImageObject","inLanguage":"de","@id":"https:\/\/place-add.nl\/de\/#\/schema\/logo\/image\/","url":"https:\/\/place-add.nl\/wp-content\/uploads\/2023\/11\/logo-img-place-add.png","contentUrl":"https:\/\/place-add.nl\/wp-content\/uploads\/2023\/11\/logo-img-place-add.png","width":404,"height":106,"caption":"Place Add"},"image":{"@id":"https:\/\/place-add.nl\/de\/#\/schema\/logo\/image\/"},"sameAs":["https:\/\/www.facebook.com\/PlaceAdd\/","https:\/\/www.instagram.com\/place_add\/","https:\/\/www.youtube.com\/@placeadd"]}]}},"_links":{"self":[{"href":"https:\/\/place-add.nl\/de\/wp-json\/wp\/v2\/product\/43220","targetHints":{"allow":["GET"]}}],"collection":[{"href":"https:\/\/place-add.nl\/de\/wp-json\/wp\/v2\/product"}],"about":[{"href":"https:\/\/place-add.nl\/de\/wp-json\/wp\/v2\/types\/product"}],"wp:featuredmedia":[{"embeddable":true,"href":"https:\/\/place-add.nl\/de\/wp-json\/wp\/v2\/media\/37847"}],"wp:attachment":[{"href":"https:\/\/place-add.nl\/de\/wp-json\/wp\/v2\/media?parent=43220"}],"wp:term":[{"taxonomy":"product_brand","embeddable":true,"href":"https:\/\/place-add.nl\/de\/wp-json\/wp\/v2\/product_brand?post=43220"},{"taxonomy":"product_cat","embeddable":true,"href":"https:\/\/place-add.nl\/de\/wp-json\/wp\/v2\/product_cat?post=43220"},{"taxonomy":"product_tag","embeddable":true,"href":"https:\/\/place-add.nl\/de\/wp-json\/wp\/v2\/product_tag?post=43220"}],"curies":[{"name":"wp","href":"https:\/\/api.w.org\/{rel}","templated":true}]}}