{"id":43226,"date":"2024-06-17T12:16:44","date_gmt":"2024-06-17T12:16:44","guid":{"rendered":"https:\/\/place-add.nl\/product\/coated-leder\/"},"modified":"2025-03-03T13:46:39","modified_gmt":"2025-03-03T13:46:39","slug":"coated-leder-speisekarten-2","status":"publish","type":"product","link":"https:\/\/place-add.nl\/de\/produkt\/coated-leder-speisekarten-2\/","title":{"rendered":"Coated shop"},"content":{"rendered":"<p><strong>Coated Leder Speisekarten<\/strong> werden aus hochwertigem Leder hergestellt, das mit einer speziell entwickelten Schutzschicht \u00fcberzogen ist. Diese Beschichtung macht das Leder nicht nur widerstandsf\u00e4hig gegen t\u00e4gliche Abnutzung, sondern auch gegen Flecken. Dar\u00fcber hinaus verleiht die glatte, gl\u00e4nzende Oberfl\u00e4che unseren Speisekarten ein luxuri\u00f6ses Aussehen, das sich perfekt f\u00fcr jeden Gastronomiebetrieb eignet.<\/p>\n<p>Diese Art von Leder ist in zwanzig verschiedenen Farben erh\u00e4ltlich, so dass Sie immer eine Option finden, die zu Ihrer Einrichtung passt. Wir f\u00fchren standardm\u00e4\u00dfig f\u00fcnf beliebte Farben:<\/p>\n<ul>\n<li>Schwarz<\/li>\n<li>Dunkelbraun<\/li>\n<li>Kastanienbraun<\/li>\n<li>Marineblau<\/li>\n<li>Rot<\/li>\n<\/ul>\n<p>Unsere <strong>coated Leder Speisekarten<\/strong> aus beschichtetem Leder sind auch in verschiedenen Gr\u00f6\u00dfen erh\u00e4ltlich:<\/p>\n<ul>\n<li>A4<\/li>\n<li>A4 Quadratisch<\/li>\n<li>A4 Schmal<\/li>\n<li>A5<\/li>\n<\/ul>\n<p>Andere Farben und Formate sowie zus\u00e4tzliche Optionen sind auf Anfrage erh\u00e4ltlich. Dank unserer gro\u00dfen Auswahl k\u00f6nnen wir jeder Einrichtung eine stilvolle L\u00f6sung anbieten.<\/p>\n<p>Mit diesen Optionen finden Sie immer ein passendes Design, egal ob Sie eine aufwendige Karte oder eine kompakte Speisekarte pr\u00e4sentieren m\u00f6chten. So k\u00f6nnen Sie ganz einfach das Format w\u00e4hlen, das am besten zu Ihrer Pr\u00e4sentation passt.<\/p>\n<p>Neben Speisekarten bieten wir auch andere <strong><a href=\"https:\/\/place-add.nl\/voor-op-tafel-webshop\/leren-accessoires\/\">luxuri\u00f6se Tischprodukte aus Leder<\/a><\/strong> an. Dazu geh\u00f6ren <strong><a href=\"https:\/\/place-add.nl\/voor-op-tafel-webshop\/leren-accessoires\/\">Tischsets aus Leder, Serviettenringe, T\u00fcranh\u00e4nger, Untersetzer<\/a><\/strong> und verschiedene andere praktische Lederaccessoires.<\/p>\n<p>Auf diese Weise k\u00f6nnen Sie Ihre Tischdekoration im gleichen hochwertigen Stil wie die Speisekarten gestalten und Ihren G\u00e4sten ein einheitliches und edles Erscheinungsbild bieten.<\/p>\n<p>Alle unsere Produkte k\u00f6nnen Sie bequem online \u00fcber Place Add und unsere zweite Website <strong><a href=\"http:\/\/www.craftontable.com\/\">Craft on Table<\/a> <\/strong>bestellen.<\/p>\n<p>Mit unseren hochwertigen Speisekarten und Accessoires aus beschichtetem Leder erhalten Sie eine stilvolle, langlebige und praktische L\u00f6sung f\u00fcr die Ausstattung Ihrer Tische. Bestellen Sie noch heute und geben Sie Ihrem Unternehmen den Look, den es verdient!<\/p>\n<p><strong>Haben Sie Fragen oder ben\u00f6tigen Sie eine pers\u00f6nliche Beratung? Dann z\u00f6gern Sie nicht, uns zu kontaktieren. Unser Expertenteam hilft Ihnen gerne, die beste Wahl f\u00fcr Ihre spezifischen Bed\u00fcrfnisse zu treffen.<\/strong><\/p>\n<p><button id=\"knop-contact-opnemen-overige-producten-de\">Kontaktieren Sie uns unverbindlich<\/button><\/p>\n","protected":false},"excerpt":{"rendered":"<p>Unsere Men\u00fckarten aus beschichtetem Leder sind die perfekte Wahl f\u00fcr eine stilvolle und dauerhafte Pr\u00e4sentation Ihrer Speisekarte. Hergestellt aus \u00b1 2,5 mm dickem Qualit\u00e4tsleder, bieten diese Karten nicht nur ein robustes Aussehen, sondern dank der Beschichtung auch eine luxuri\u00f6se Oberfl\u00e4che. Diese Men\u00fckarten sind au\u00dferdem sehr pflegeleicht. Mit ein wenig Aufmerksamkeit und Pflege bleiben sie lange Zeit in hervorragendem Zustand und behalten ihren Charme und ihre Funktionalit\u00e4t.<\/p>\n<p><strong>Klicken Sie auf die Schaltfl\u00e4che unten und bestellen Sie direkt \u00fcber CraftonTable.com!<\/strong><\/p>\n<p><a class=\"button-custom-product\" href=\"https:\/\/www.craftontable.com\/collections\/lederen-menukaarten\" target=\"_blank\" rel=\"noopener\">Klicken Sie hier und bestellen Sie jetzt!<\/a> <button id=\"knop-contact-opnemen-overige-producten-de\">Kontaktieren Sie uns unverbindlich<\/button><\/p>\n","protected":false},"featured_media":38547,"template":"","meta":[],"product_brand":[],"product_cat":[1433],"product_tag":[1260,1197,1198,1199,1200,1201,1202,1203,1143],"class_list":{"0":"post-43226","1":"product","2":"type-product","3":"status-publish","4":"has-post-thumbnail","6":"product_cat-speisekarten-aus-leder-shop","7":"product_tag-beschichtetes-leder","8":"product_tag-leren-menukaarten-de","9":"product_tag-maatwerk-menukaarten-de","10":"product_tag-menukaarten-de","11":"product_tag-menukaarten-horeca-de","12":"product_tag-menukaarten-kopen-de","13":"product_tag-menukaarten-op-maat-de","14":"product_tag-restaurant-menukaarten-de","15":"product_tag-speisekarten-aus-coated-leder","17":"first","18":"instock","19":"taxable","20":"shipping-taxable","21":"purchasable","22":"product-type-simple"},"yoast_head":"<!-- This site is optimized with the Yoast SEO Premium plugin v27.2 (Yoast SEO v27.2) - https:\/\/yoast.com\/product\/yoast-seo-premium-wordpress\/ -->\n<title>Coated shop | Coated Leder Speisekarten | Place Add<\/title>\n<meta name=\"description\" content=\"Stilvolle Coated Leder Speisekarten aus beschichtetem Leder mit luxuri\u00f6sem Finish und einfacher Pflege f\u00fcr eine lang anhaltende perfekte Pr\u00e4sentation.\" \/>\n<meta name=\"robots\" content=\"index, follow, max-snippet:-1, max-image-preview:large, max-video-preview:-1\" \/>\n<link rel=\"canonical\" href=\"https:\/\/place-add.nl\/de\/produkt\/coated-leder-speisekarten-2\/\" \/>\n<meta property=\"og:locale\" content=\"de_DE\" \/>\n<meta property=\"og:type\" content=\"article\" \/>\n<meta property=\"og:title\" content=\"Coated shop\" \/>\n<meta property=\"og:description\" content=\"Stilvolle Coated Leder Speisekarten aus beschichtetem Leder mit luxuri\u00f6sem Finish und einfacher Pflege f\u00fcr eine lang anhaltende perfekte Pr\u00e4sentation.\" \/>\n<meta property=\"og:url\" content=\"https:\/\/place-add.nl\/de\/produkt\/coated-leder-speisekarten-2\/\" \/>\n<meta property=\"og:site_name\" content=\"Place Add\" \/>\n<meta property=\"article:publisher\" content=\"https:\/\/www.facebook.com\/PlaceAdd\/\" \/>\n<meta property=\"article:modified_time\" content=\"2025-03-03T13:46:39+00:00\" \/>\n<meta property=\"og:image\" content=\"https:\/\/place-add.nl\/wp-content\/uploads\/2024\/06\/Menukaartenshop_ECoated_Leder_Place_Add_1.jpg\" \/>\n\t<meta property=\"og:image:width\" content=\"800\" \/>\n\t<meta property=\"og:image:height\" content=\"800\" \/>\n\t<meta property=\"og:image:type\" content=\"image\/jpeg\" \/>\n<meta name=\"twitter:card\" content=\"summary_large_image\" \/>\n<meta name=\"twitter:label1\" content=\"Gesch\u00e4tzte Lesezeit\" \/>\n\t<meta name=\"twitter:data1\" content=\"2\u00a0Minuten\" \/>\n<script type=\"application\/ld+json\" class=\"yoast-schema-graph\">{\"@context\":\"https:\/\/schema.org\",\"@graph\":[{\"@type\":\"WebPage\",\"@id\":\"https:\/\/place-add.nl\/de\/produkt\/coated-leder-speisekarten-2\/\",\"url\":\"https:\/\/place-add.nl\/de\/produkt\/coated-leder-speisekarten-2\/\",\"name\":\"Coated shop | Coated Leder Speisekarten | Place Add\",\"isPartOf\":{\"@id\":\"https:\/\/place-add.nl\/de\/#website\"},\"primaryImageOfPage\":{\"@id\":\"https:\/\/place-add.nl\/de\/produkt\/coated-leder-speisekarten-2\/#primaryimage\"},\"image\":{\"@id\":\"https:\/\/place-add.nl\/de\/produkt\/coated-leder-speisekarten-2\/#primaryimage\"},\"thumbnailUrl\":\"https:\/\/place-add.nl\/wp-content\/uploads\/2024\/06\/Menukaartenshop_ECoated_Leder_Place_Add_1.jpg\",\"datePublished\":\"2024-06-17T12:16:44+00:00\",\"dateModified\":\"2025-03-03T13:46:39+00:00\",\"description\":\"Stilvolle Coated Leder Speisekarten aus beschichtetem Leder mit luxuri\u00f6sem Finish und einfacher Pflege f\u00fcr eine lang anhaltende perfekte Pr\u00e4sentation.\",\"breadcrumb\":{\"@id\":\"https:\/\/place-add.nl\/de\/produkt\/coated-leder-speisekarten-2\/#breadcrumb\"},\"inLanguage\":\"de\",\"potentialAction\":[{\"@type\":\"ReadAction\",\"target\":[\"https:\/\/place-add.nl\/de\/produkt\/coated-leder-speisekarten-2\/\"]}]},{\"@type\":\"ImageObject\",\"inLanguage\":\"de\",\"@id\":\"https:\/\/place-add.nl\/de\/produkt\/coated-leder-speisekarten-2\/#primaryimage\",\"url\":\"https:\/\/place-add.nl\/wp-content\/uploads\/2024\/06\/Menukaartenshop_ECoated_Leder_Place_Add_1.jpg\",\"contentUrl\":\"https:\/\/place-add.nl\/wp-content\/uploads\/2024\/06\/Menukaartenshop_ECoated_Leder_Place_Add_1.jpg\",\"width\":800,\"height\":800,\"caption\":\"Coated Leder Menukaarten\"},{\"@type\":\"BreadcrumbList\",\"@id\":\"https:\/\/place-add.nl\/de\/produkt\/coated-leder-speisekarten-2\/#breadcrumb\",\"itemListElement\":[{\"@type\":\"ListItem\",\"position\":1,\"name\":\"Home\",\"item\":\"https:\/\/place-add.nl\/de\/home\/\"},{\"@type\":\"ListItem\",\"position\":2,\"name\":\"Shop\",\"item\":\"https:\/\/place-add.nl\/de\/shop\/\"},{\"@type\":\"ListItem\",\"position\":3,\"name\":\"Coated shop\"}]},{\"@type\":\"WebSite\",\"@id\":\"https:\/\/place-add.nl\/de\/#website\",\"url\":\"https:\/\/place-add.nl\/de\/\",\"name\":\"Place Add\",\"description\":\"Tafelkleding voor de horeca\",\"publisher\":{\"@id\":\"https:\/\/place-add.nl\/de\/#organization\"},\"potentialAction\":[{\"@type\":\"SearchAction\",\"target\":{\"@type\":\"EntryPoint\",\"urlTemplate\":\"https:\/\/place-add.nl\/de\/?s={search_term_string}\"},\"query-input\":{\"@type\":\"PropertyValueSpecification\",\"valueRequired\":true,\"valueName\":\"search_term_string\"}}],\"inLanguage\":\"de\"},{\"@type\":\"Organization\",\"@id\":\"https:\/\/place-add.nl\/de\/#organization\",\"name\":\"Place Add\",\"url\":\"https:\/\/place-add.nl\/de\/\",\"logo\":{\"@type\":\"ImageObject\",\"inLanguage\":\"de\",\"@id\":\"https:\/\/place-add.nl\/de\/#\/schema\/logo\/image\/\",\"url\":\"https:\/\/place-add.nl\/wp-content\/uploads\/2023\/11\/logo-img-place-add.png\",\"contentUrl\":\"https:\/\/place-add.nl\/wp-content\/uploads\/2023\/11\/logo-img-place-add.png\",\"width\":404,\"height\":106,\"caption\":\"Place Add\"},\"image\":{\"@id\":\"https:\/\/place-add.nl\/de\/#\/schema\/logo\/image\/\"},\"sameAs\":[\"https:\/\/www.facebook.com\/PlaceAdd\/\",\"https:\/\/www.instagram.com\/place_add\/\",\"https:\/\/www.youtube.com\/@placeadd\"]}]}<\/script>\n<!-- \/ Yoast SEO Premium plugin. -->","yoast_head_json":{"title":"Coated shop | Coated Leder Speisekarten | Place Add","description":"Stilvolle Coated Leder Speisekarten aus beschichtetem Leder mit luxuri\u00f6sem Finish und einfacher Pflege f\u00fcr eine lang anhaltende perfekte Pr\u00e4sentation.","robots":{"index":"index","follow":"follow","max-snippet":"max-snippet:-1","max-image-preview":"max-image-preview:large","max-video-preview":"max-video-preview:-1"},"canonical":"https:\/\/place-add.nl\/de\/produkt\/coated-leder-speisekarten-2\/","og_locale":"de_DE","og_type":"article","og_title":"Coated shop","og_description":"Stilvolle Coated Leder Speisekarten aus beschichtetem Leder mit luxuri\u00f6sem Finish und einfacher Pflege f\u00fcr eine lang anhaltende perfekte Pr\u00e4sentation.","og_url":"https:\/\/place-add.nl\/de\/produkt\/coated-leder-speisekarten-2\/","og_site_name":"Place Add","article_publisher":"https:\/\/www.facebook.com\/PlaceAdd\/","article_modified_time":"2025-03-03T13:46:39+00:00","og_image":[{"width":800,"height":800,"url":"https:\/\/place-add.nl\/wp-content\/uploads\/2024\/06\/Menukaartenshop_ECoated_Leder_Place_Add_1.jpg","type":"image\/jpeg"}],"twitter_card":"summary_large_image","twitter_misc":{"Gesch\u00e4tzte Lesezeit":"2\u00a0Minuten"},"schema":{"@context":"https:\/\/schema.org","@graph":[{"@type":"WebPage","@id":"https:\/\/place-add.nl\/de\/produkt\/coated-leder-speisekarten-2\/","url":"https:\/\/place-add.nl\/de\/produkt\/coated-leder-speisekarten-2\/","name":"Coated shop | Coated Leder Speisekarten | Place Add","isPartOf":{"@id":"https:\/\/place-add.nl\/de\/#website"},"primaryImageOfPage":{"@id":"https:\/\/place-add.nl\/de\/produkt\/coated-leder-speisekarten-2\/#primaryimage"},"image":{"@id":"https:\/\/place-add.nl\/de\/produkt\/coated-leder-speisekarten-2\/#primaryimage"},"thumbnailUrl":"https:\/\/place-add.nl\/wp-content\/uploads\/2024\/06\/Menukaartenshop_ECoated_Leder_Place_Add_1.jpg","datePublished":"2024-06-17T12:16:44+00:00","dateModified":"2025-03-03T13:46:39+00:00","description":"Stilvolle Coated Leder Speisekarten aus beschichtetem Leder mit luxuri\u00f6sem Finish und einfacher Pflege f\u00fcr eine lang anhaltende perfekte Pr\u00e4sentation.","breadcrumb":{"@id":"https:\/\/place-add.nl\/de\/produkt\/coated-leder-speisekarten-2\/#breadcrumb"},"inLanguage":"de","potentialAction":[{"@type":"ReadAction","target":["https:\/\/place-add.nl\/de\/produkt\/coated-leder-speisekarten-2\/"]}]},{"@type":"ImageObject","inLanguage":"de","@id":"https:\/\/place-add.nl\/de\/produkt\/coated-leder-speisekarten-2\/#primaryimage","url":"https:\/\/place-add.nl\/wp-content\/uploads\/2024\/06\/Menukaartenshop_ECoated_Leder_Place_Add_1.jpg","contentUrl":"https:\/\/place-add.nl\/wp-content\/uploads\/2024\/06\/Menukaartenshop_ECoated_Leder_Place_Add_1.jpg","width":800,"height":800,"caption":"Coated Leder Menukaarten"},{"@type":"BreadcrumbList","@id":"https:\/\/place-add.nl\/de\/produkt\/coated-leder-speisekarten-2\/#breadcrumb","itemListElement":[{"@type":"ListItem","position":1,"name":"Home","item":"https:\/\/place-add.nl\/de\/home\/"},{"@type":"ListItem","position":2,"name":"Shop","item":"https:\/\/place-add.nl\/de\/shop\/"},{"@type":"ListItem","position":3,"name":"Coated shop"}]},{"@type":"WebSite","@id":"https:\/\/place-add.nl\/de\/#website","url":"https:\/\/place-add.nl\/de\/","name":"Place Add","description":"Tafelkleding voor de horeca","publisher":{"@id":"https:\/\/place-add.nl\/de\/#organization"},"potentialAction":[{"@type":"SearchAction","target":{"@type":"EntryPoint","urlTemplate":"https:\/\/place-add.nl\/de\/?s={search_term_string}"},"query-input":{"@type":"PropertyValueSpecification","valueRequired":true,"valueName":"search_term_string"}}],"inLanguage":"de"},{"@type":"Organization","@id":"https:\/\/place-add.nl\/de\/#organization","name":"Place Add","url":"https:\/\/place-add.nl\/de\/","logo":{"@type":"ImageObject","inLanguage":"de","@id":"https:\/\/place-add.nl\/de\/#\/schema\/logo\/image\/","url":"https:\/\/place-add.nl\/wp-content\/uploads\/2023\/11\/logo-img-place-add.png","contentUrl":"https:\/\/place-add.nl\/wp-content\/uploads\/2023\/11\/logo-img-place-add.png","width":404,"height":106,"caption":"Place Add"},"image":{"@id":"https:\/\/place-add.nl\/de\/#\/schema\/logo\/image\/"},"sameAs":["https:\/\/www.facebook.com\/PlaceAdd\/","https:\/\/www.instagram.com\/place_add\/","https:\/\/www.youtube.com\/@placeadd"]}]}},"_links":{"self":[{"href":"https:\/\/place-add.nl\/de\/wp-json\/wp\/v2\/product\/43226","targetHints":{"allow":["GET"]}}],"collection":[{"href":"https:\/\/place-add.nl\/de\/wp-json\/wp\/v2\/product"}],"about":[{"href":"https:\/\/place-add.nl\/de\/wp-json\/wp\/v2\/types\/product"}],"wp:featuredmedia":[{"embeddable":true,"href":"https:\/\/place-add.nl\/de\/wp-json\/wp\/v2\/media\/38547"}],"wp:attachment":[{"href":"https:\/\/place-add.nl\/de\/wp-json\/wp\/v2\/media?parent=43226"}],"wp:term":[{"taxonomy":"product_brand","embeddable":true,"href":"https:\/\/place-add.nl\/de\/wp-json\/wp\/v2\/product_brand?post=43226"},{"taxonomy":"product_cat","embeddable":true,"href":"https:\/\/place-add.nl\/de\/wp-json\/wp\/v2\/product_cat?post=43226"},{"taxonomy":"product_tag","embeddable":true,"href":"https:\/\/place-add.nl\/de\/wp-json\/wp\/v2\/product_tag?post=43226"}],"curies":[{"name":"wp","href":"https:\/\/api.w.org\/{rel}","templated":true}]}}