{"id":43231,"date":"2024-06-17T13:20:22","date_gmt":"2024-06-17T13:20:22","guid":{"rendered":"https:\/\/place-add.nl\/product\/italia-lederlines\/"},"modified":"2025-08-11T14:36:18","modified_gmt":"2025-08-11T14:36:18","slug":"italia-lederlines","status":"publish","type":"product","link":"https:\/\/place-add.nl\/de\/produkt\/italia-lederlines\/","title":{"rendered":"Italia Lederlines"},"content":{"rendered":"<p>Entdecken Sie die Speisekarten von <strong>Italia Lederlines<\/strong>, die stilvolle und nachhaltige Wahl f\u00fcr Gastgewerbebetriebe, die sowohl Wert auf Eleganz als auch auf \u00f6kologische Verantwortung legen. Diese aus recyceltem Leder hergestellte Kollektion bietet eine einzigartige Kombination aus luxuri\u00f6ser Anmutung und Nachhaltigkeit. Damit bieten Sie Ihren G\u00e4sten ein besonderes Men\u00fcerlebnis und leisten gleichzeitig einen Beitrag zu einem umweltfreundlicheren Unternehmen.<\/p>\n<p><strong>\u00d6kologisch und nachhaltig &#8211; ohne Zugest\u00e4ndnisse<\/strong><\/p>\n<p>Die Speisekarten von <strong>Italia Lederlines<\/strong> werden aus echtem, recyceltem Leder hergestellt, so dass Sie sich f\u00fcr eine bewusste und nachhaltige L\u00f6sung entscheiden. Die Speisekarten haben eine weiche, edle Textur, die sich angenehm anf\u00fchlt und gleichzeitig robust und leicht abwaschbar ist. Ideal f\u00fcr die allt\u00e4glichen Anforderungen eines Gastgewerbes, in dem Qualit\u00e4t und Haltbarkeit Hand in Hand gehen.<\/p>\n<p><strong>Vollst\u00e4ndig anpassbar an Ihren eigenen Stil<\/strong><\/p>\n<p>Die Kollektion bietet nicht nur Luxus, sondern auch individuelle Gestaltungsm\u00f6glichkeiten. Mit unserem praktischen Speisekartenkonfigurator k\u00f6nnen Sie Ihr eigenes Design entwerfen und so den perfekten Look f\u00fcr Ihren Gastronomiebetrieb kreieren. Sie haben die Wahl zwischen acht wundersch\u00f6nen, von der Natur inspirierten Farben, die mit einem dezenten Gr\u00fcnton und einer raffinierten Textur versehen sind. Au\u00dferdem k\u00f6nnen die Speisekarten schwarz sein oder mit Ihrem eigenen Logo versehen werden, um ein individuelles und professionelles Erscheinungsbild zu schaffen.<\/p>\n<p><strong>Praktisch und vielseitig in der Anwendung<\/strong><\/p>\n<p>Die &#8216;Leather Lines&#8217;-Speisekarten werden mit Sichth\u00fcllen aus Kunststoff geliefert, so dass Sie Ihre Men\u00fcs bei Bedarf leicht austauschen k\u00f6nnen. Die Speisekarten sind in den folgenden Formaten erh\u00e4ltlich:<\/p>\n<ul>\n<li><strong>A4<\/strong><\/li>\n<li><strong>A4 XL<\/strong><\/li>\n<li><strong>A4 Quadratisch<\/strong><\/li>\n<li><strong>A4 Schmal<\/strong><\/li>\n<li><strong>A5<\/strong><\/li>\n<\/ul>\n<p>Vervollst\u00e4ndigen Sie das Bild mit einer <strong><a href=\"https:\/\/place-add.nl\/de\/produkt\/italia-rechnungsmappe\/\">Italia-Rechnungsmappe<\/a><\/strong>!<\/p>\n<p>Ben\u00f6tigen Sie kurzfristig Speisekarten? Dann besuchen Sie unsere zweite Website, <strong><a href=\"https:\/\/www.craftontable.com\/collections\">Craftontable.com<\/a><\/strong>, f\u00fcr Speisekarten mit weniger Personalisierungsm\u00f6glichkeiten, aber schnellerer Lieferzeit.<\/p>\n<p><strong>Ben\u00f6tigen Sie eine pers\u00f6nliche Beratung? Dann nehmen Sie Kontakt mit uns auf. Unser engagiertes Team hilft Ihnen gerne, die perfekte Wahl f\u00fcr Ihre speziellen Bed\u00fcrfnisse zu treffen.<\/strong><\/p>\n<p><button id=\"knop-contact-opnemen-overige-producten-de\">Kontaktieren Sie uns unverbindlich<\/button><\/p>\n","protected":false},"excerpt":{"rendered":"<p>Lernen Sie die &#8220;<strong>Leder Lines<\/strong>&#8221; Speisekarten der Italia Kollektion kennen, eine einzigartige und nachhaltige Wahl f\u00fcr Ihr Gastronomiebetrieb. Hergestellt aus recyceltem Leder, bieten diese Speisekarten ein raffiniertes und luxuri\u00f6ses Erscheinungsbild, ohne Kompromisse bei der Nachhaltigkeit einzugehen.<\/p>\n<p><strong>Warum Sie sich f\u00fcr die &#8220;Leder Lines&#8221; Speisekarten entscheiden sollten:<\/strong><\/p>\n<ul>\n<li><strong>\u00d6kologisch und nachhaltig<\/strong>: Die Speisekarten bestehen aus echtem recyceltem Leder, was zu einem umweltfreundlichen und nachhaltigen Gastronomiebetrieb beitr\u00e4gt.<\/li>\n<li><strong>Luxus und Funktionalit\u00e4t<\/strong>: Die Speisekarten f\u00fchlen sich weicher an als traditionell recyceltes Leder, bieten jedoch weiterhin die gleiche Robustheit und Abwaschbarkeit. Die Kombination aus luxuri\u00f6ser Optik und praktischen Eigenschaften macht diese Speisekarten ideal f\u00fcr den t\u00e4glichen Gebrauch.<\/li>\n<\/ul>\n<p><strong>Gestalten Sie Ihr eigenes Design und bestellen Sie Ihre Italia Speisekarten direkt \u00fcber unseren Speisekarten-Konfigurator, indem Sie auf die Schaltfl\u00e4che unten klicken.<\/strong><\/p>\n<p><a class=\"button-custom-product\" href=\"https:\/\/place-add.nl\/italia-style-configurator-lederlines\/\">Klicken Sie hier und bestellen Sie jetzt!<\/a> <button id=\"knop-contact-opnemen-overige-producten-de\">Kontaktieren Sie uns unverbindlich<\/button><\/p>\n","protected":false},"featured_media":38486,"template":"","meta":[],"product_brand":[],"product_cat":[1453],"product_tag":[1289,1198,1199,1200,1201,1202,1311,1203],"class_list":{"0":"post-43231","1":"product","2":"type-product","3":"status-publish","4":"has-post-thumbnail","6":"product_cat-speisekarten-webshop","7":"product_tag-italia-speisekarten","8":"product_tag-maatwerk-menukaarten-de","9":"product_tag-menukaarten-de","10":"product_tag-menukaarten-horeca-de","11":"product_tag-menukaarten-kopen-de","12":"product_tag-menukaarten-op-maat-de","13":"product_tag-oko-speisekarten","14":"product_tag-restaurant-menukaarten-de","16":"first","17":"instock","18":"taxable","19":"shipping-taxable","20":"purchasable","21":"product-type-simple"},"yoast_head":"<!-- This site is optimized with the Yoast SEO Premium plugin v27.2 (Yoast SEO v27.2) - https:\/\/yoast.com\/product\/yoast-seo-premium-wordpress\/ -->\n<title>aus Italien | Italia Lederlines | Place Add<\/title>\n<meta name=\"description\" content=\"Entdecken Sie die nachhaltigen Italia Leder Lines Speisekarten aus recyceltem Leder mit luxuri\u00f6sem Look, erh\u00e4ltlich in 8 Farben.\" \/>\n<meta name=\"robots\" content=\"index, follow, max-snippet:-1, max-image-preview:large, max-video-preview:-1\" \/>\n<link rel=\"canonical\" href=\"https:\/\/place-add.nl\/de\/produkt\/italia-lederlines\/\" \/>\n<meta property=\"og:locale\" content=\"de_DE\" \/>\n<meta property=\"og:type\" content=\"article\" \/>\n<meta property=\"og:title\" content=\"Italia Lederlines\" \/>\n<meta property=\"og:description\" content=\"Entdecken Sie die nachhaltigen Italia Leder Lines Speisekarten aus recyceltem Leder mit luxuri\u00f6sem Look, erh\u00e4ltlich in 8 Farben.\" \/>\n<meta property=\"og:url\" content=\"https:\/\/place-add.nl\/de\/produkt\/italia-lederlines\/\" \/>\n<meta property=\"og:site_name\" content=\"Place Add\" \/>\n<meta property=\"article:publisher\" content=\"https:\/\/www.facebook.com\/PlaceAdd\/\" \/>\n<meta property=\"article:modified_time\" content=\"2025-08-11T14:36:18+00:00\" \/>\n<meta property=\"og:image\" content=\"https:\/\/place-add.nl\/wp-content\/uploads\/2024\/06\/Menukaarten_lederlines_Place_Add_1.jpg\" \/>\n\t<meta property=\"og:image:width\" content=\"1000\" \/>\n\t<meta property=\"og:image:height\" content=\"1000\" \/>\n\t<meta property=\"og:image:type\" content=\"image\/jpeg\" \/>\n<meta name=\"twitter:card\" content=\"summary_large_image\" \/>\n<meta name=\"twitter:label1\" content=\"Gesch\u00e4tzte Lesezeit\" \/>\n\t<meta name=\"twitter:data1\" content=\"2\u00a0Minuten\" \/>\n<script type=\"application\/ld+json\" class=\"yoast-schema-graph\">{\"@context\":\"https:\/\/schema.org\",\"@graph\":[{\"@type\":\"WebPage\",\"@id\":\"https:\/\/place-add.nl\/de\/produkt\/italia-lederlines\/\",\"url\":\"https:\/\/place-add.nl\/de\/produkt\/italia-lederlines\/\",\"name\":\"aus Italien | Italia Lederlines | Place Add\",\"isPartOf\":{\"@id\":\"https:\/\/place-add.nl\/de\/#website\"},\"primaryImageOfPage\":{\"@id\":\"https:\/\/place-add.nl\/de\/produkt\/italia-lederlines\/#primaryimage\"},\"image\":{\"@id\":\"https:\/\/place-add.nl\/de\/produkt\/italia-lederlines\/#primaryimage\"},\"thumbnailUrl\":\"https:\/\/place-add.nl\/wp-content\/uploads\/2024\/06\/Menukaarten_lederlines_Place_Add_1.jpg\",\"datePublished\":\"2024-06-17T13:20:22+00:00\",\"dateModified\":\"2025-08-11T14:36:18+00:00\",\"description\":\"Entdecken Sie die nachhaltigen Italia Leder Lines Speisekarten aus recyceltem Leder mit luxuri\u00f6sem Look, erh\u00e4ltlich in 8 Farben.\",\"breadcrumb\":{\"@id\":\"https:\/\/place-add.nl\/de\/produkt\/italia-lederlines\/#breadcrumb\"},\"inLanguage\":\"de\",\"potentialAction\":[{\"@type\":\"ReadAction\",\"target\":[\"https:\/\/place-add.nl\/de\/produkt\/italia-lederlines\/\"]}]},{\"@type\":\"ImageObject\",\"inLanguage\":\"de\",\"@id\":\"https:\/\/place-add.nl\/de\/produkt\/italia-lederlines\/#primaryimage\",\"url\":\"https:\/\/place-add.nl\/wp-content\/uploads\/2024\/06\/Menukaarten_lederlines_Place_Add_1.jpg\",\"contentUrl\":\"https:\/\/place-add.nl\/wp-content\/uploads\/2024\/06\/Menukaarten_lederlines_Place_Add_1.jpg\",\"width\":1000,\"height\":1000,\"caption\":\"Italia Lederlines\"},{\"@type\":\"BreadcrumbList\",\"@id\":\"https:\/\/place-add.nl\/de\/produkt\/italia-lederlines\/#breadcrumb\",\"itemListElement\":[{\"@type\":\"ListItem\",\"position\":1,\"name\":\"Home\",\"item\":\"https:\/\/place-add.nl\/de\/home\/\"},{\"@type\":\"ListItem\",\"position\":2,\"name\":\"Shop\",\"item\":\"https:\/\/place-add.nl\/de\/shop\/\"},{\"@type\":\"ListItem\",\"position\":3,\"name\":\"Italia Lederlines\"}]},{\"@type\":\"WebSite\",\"@id\":\"https:\/\/place-add.nl\/de\/#website\",\"url\":\"https:\/\/place-add.nl\/de\/\",\"name\":\"Place Add\",\"description\":\"Tafelkleding voor de horeca\",\"publisher\":{\"@id\":\"https:\/\/place-add.nl\/de\/#organization\"},\"potentialAction\":[{\"@type\":\"SearchAction\",\"target\":{\"@type\":\"EntryPoint\",\"urlTemplate\":\"https:\/\/place-add.nl\/de\/?s={search_term_string}\"},\"query-input\":{\"@type\":\"PropertyValueSpecification\",\"valueRequired\":true,\"valueName\":\"search_term_string\"}}],\"inLanguage\":\"de\"},{\"@type\":\"Organization\",\"@id\":\"https:\/\/place-add.nl\/de\/#organization\",\"name\":\"Place Add\",\"url\":\"https:\/\/place-add.nl\/de\/\",\"logo\":{\"@type\":\"ImageObject\",\"inLanguage\":\"de\",\"@id\":\"https:\/\/place-add.nl\/de\/#\/schema\/logo\/image\/\",\"url\":\"https:\/\/place-add.nl\/wp-content\/uploads\/2023\/11\/logo-img-place-add.png\",\"contentUrl\":\"https:\/\/place-add.nl\/wp-content\/uploads\/2023\/11\/logo-img-place-add.png\",\"width\":404,\"height\":106,\"caption\":\"Place Add\"},\"image\":{\"@id\":\"https:\/\/place-add.nl\/de\/#\/schema\/logo\/image\/\"},\"sameAs\":[\"https:\/\/www.facebook.com\/PlaceAdd\/\",\"https:\/\/www.instagram.com\/place_add\/\",\"https:\/\/www.youtube.com\/@placeadd\"]}]}<\/script>\n<!-- \/ Yoast SEO Premium plugin. -->","yoast_head_json":{"title":"aus Italien | Italia Lederlines | Place Add","description":"Entdecken Sie die nachhaltigen Italia Leder Lines Speisekarten aus recyceltem Leder mit luxuri\u00f6sem Look, erh\u00e4ltlich in 8 Farben.","robots":{"index":"index","follow":"follow","max-snippet":"max-snippet:-1","max-image-preview":"max-image-preview:large","max-video-preview":"max-video-preview:-1"},"canonical":"https:\/\/place-add.nl\/de\/produkt\/italia-lederlines\/","og_locale":"de_DE","og_type":"article","og_title":"Italia Lederlines","og_description":"Entdecken Sie die nachhaltigen Italia Leder Lines Speisekarten aus recyceltem Leder mit luxuri\u00f6sem Look, erh\u00e4ltlich in 8 Farben.","og_url":"https:\/\/place-add.nl\/de\/produkt\/italia-lederlines\/","og_site_name":"Place Add","article_publisher":"https:\/\/www.facebook.com\/PlaceAdd\/","article_modified_time":"2025-08-11T14:36:18+00:00","og_image":[{"width":1000,"height":1000,"url":"https:\/\/place-add.nl\/wp-content\/uploads\/2024\/06\/Menukaarten_lederlines_Place_Add_1.jpg","type":"image\/jpeg"}],"twitter_card":"summary_large_image","twitter_misc":{"Gesch\u00e4tzte Lesezeit":"2\u00a0Minuten"},"schema":{"@context":"https:\/\/schema.org","@graph":[{"@type":"WebPage","@id":"https:\/\/place-add.nl\/de\/produkt\/italia-lederlines\/","url":"https:\/\/place-add.nl\/de\/produkt\/italia-lederlines\/","name":"aus Italien | Italia Lederlines | Place Add","isPartOf":{"@id":"https:\/\/place-add.nl\/de\/#website"},"primaryImageOfPage":{"@id":"https:\/\/place-add.nl\/de\/produkt\/italia-lederlines\/#primaryimage"},"image":{"@id":"https:\/\/place-add.nl\/de\/produkt\/italia-lederlines\/#primaryimage"},"thumbnailUrl":"https:\/\/place-add.nl\/wp-content\/uploads\/2024\/06\/Menukaarten_lederlines_Place_Add_1.jpg","datePublished":"2024-06-17T13:20:22+00:00","dateModified":"2025-08-11T14:36:18+00:00","description":"Entdecken Sie die nachhaltigen Italia Leder Lines Speisekarten aus recyceltem Leder mit luxuri\u00f6sem Look, erh\u00e4ltlich in 8 Farben.","breadcrumb":{"@id":"https:\/\/place-add.nl\/de\/produkt\/italia-lederlines\/#breadcrumb"},"inLanguage":"de","potentialAction":[{"@type":"ReadAction","target":["https:\/\/place-add.nl\/de\/produkt\/italia-lederlines\/"]}]},{"@type":"ImageObject","inLanguage":"de","@id":"https:\/\/place-add.nl\/de\/produkt\/italia-lederlines\/#primaryimage","url":"https:\/\/place-add.nl\/wp-content\/uploads\/2024\/06\/Menukaarten_lederlines_Place_Add_1.jpg","contentUrl":"https:\/\/place-add.nl\/wp-content\/uploads\/2024\/06\/Menukaarten_lederlines_Place_Add_1.jpg","width":1000,"height":1000,"caption":"Italia Lederlines"},{"@type":"BreadcrumbList","@id":"https:\/\/place-add.nl\/de\/produkt\/italia-lederlines\/#breadcrumb","itemListElement":[{"@type":"ListItem","position":1,"name":"Home","item":"https:\/\/place-add.nl\/de\/home\/"},{"@type":"ListItem","position":2,"name":"Shop","item":"https:\/\/place-add.nl\/de\/shop\/"},{"@type":"ListItem","position":3,"name":"Italia Lederlines"}]},{"@type":"WebSite","@id":"https:\/\/place-add.nl\/de\/#website","url":"https:\/\/place-add.nl\/de\/","name":"Place Add","description":"Tafelkleding voor de horeca","publisher":{"@id":"https:\/\/place-add.nl\/de\/#organization"},"potentialAction":[{"@type":"SearchAction","target":{"@type":"EntryPoint","urlTemplate":"https:\/\/place-add.nl\/de\/?s={search_term_string}"},"query-input":{"@type":"PropertyValueSpecification","valueRequired":true,"valueName":"search_term_string"}}],"inLanguage":"de"},{"@type":"Organization","@id":"https:\/\/place-add.nl\/de\/#organization","name":"Place Add","url":"https:\/\/place-add.nl\/de\/","logo":{"@type":"ImageObject","inLanguage":"de","@id":"https:\/\/place-add.nl\/de\/#\/schema\/logo\/image\/","url":"https:\/\/place-add.nl\/wp-content\/uploads\/2023\/11\/logo-img-place-add.png","contentUrl":"https:\/\/place-add.nl\/wp-content\/uploads\/2023\/11\/logo-img-place-add.png","width":404,"height":106,"caption":"Place Add"},"image":{"@id":"https:\/\/place-add.nl\/de\/#\/schema\/logo\/image\/"},"sameAs":["https:\/\/www.facebook.com\/PlaceAdd\/","https:\/\/www.instagram.com\/place_add\/","https:\/\/www.youtube.com\/@placeadd"]}]}},"_links":{"self":[{"href":"https:\/\/place-add.nl\/de\/wp-json\/wp\/v2\/product\/43231","targetHints":{"allow":["GET"]}}],"collection":[{"href":"https:\/\/place-add.nl\/de\/wp-json\/wp\/v2\/product"}],"about":[{"href":"https:\/\/place-add.nl\/de\/wp-json\/wp\/v2\/types\/product"}],"wp:featuredmedia":[{"embeddable":true,"href":"https:\/\/place-add.nl\/de\/wp-json\/wp\/v2\/media\/38486"}],"wp:attachment":[{"href":"https:\/\/place-add.nl\/de\/wp-json\/wp\/v2\/media?parent=43231"}],"wp:term":[{"taxonomy":"product_brand","embeddable":true,"href":"https:\/\/place-add.nl\/de\/wp-json\/wp\/v2\/product_brand?post=43231"},{"taxonomy":"product_cat","embeddable":true,"href":"https:\/\/place-add.nl\/de\/wp-json\/wp\/v2\/product_cat?post=43231"},{"taxonomy":"product_tag","embeddable":true,"href":"https:\/\/place-add.nl\/de\/wp-json\/wp\/v2\/product_tag?post=43231"}],"curies":[{"name":"wp","href":"https:\/\/api.w.org\/{rel}","templated":true}]}}