{"id":43235,"date":"2024-06-17T13:21:33","date_gmt":"2024-06-17T13:21:33","guid":{"rendered":"https:\/\/place-add.nl\/product\/italia-pvc-jute-nerf\/"},"modified":"2025-03-03T13:40:06","modified_gmt":"2025-03-03T13:40:06","slug":"italia-pvc-jute-nerf","status":"publish","type":"product","link":"https:\/\/place-add.nl\/de\/produkt\/italia-pvc-jute-nerf\/","title":{"rendered":"Italia PVC jute"},"content":{"rendered":"<p>Lernen Sie die<strong> Italia PVC Jute Nerf Speisekarten<\/strong> kennen: eine perfekte Mischung aus Stil, Funktionalit\u00e4t und Langlebigkeit, die speziell f\u00fcr moderne Gastgewerbebetriebe entwickelt wurde. Mit ihrer modernen Jutetextur und der jeansfarbenen Oberfl\u00e4che bieten diese Speisekarten einen einzigartigen, anspruchsvollen Look, der zu Unternehmen passt, die Wert auf Qualit\u00e4t und Haltbarkeit legen.<\/p>\n<p>Die <strong>Italia PVC Jute Nerf Speisekarten<\/strong> zeichnen sich durch ihr stilvolles und modernes Aussehen aus. Die nat\u00fcrliche Jutemaserung und die Jeansfarbe verleihen ihnen einen robusten, umweltfreundlichen Look, der perfekt zu Gastronomiebetrieben passt, die Wert auf Nachhaltigkeit legen. Die elastische Bindung und die Sichtfenster aus Kunststoff erleichtern das schnelle Hinzuf\u00fcgen, Ersetzen oder Entfernen von Seiten. Egal, ob Sie mit Kunststoffeinb\u00e4nden arbeiten oder nur Papier verwenden, der Wechsel der Speisekarten ist m\u00fchelos und effizient.<\/p>\n<p>Die aus hochwertigem PVC gefertigten Italia PVC Jute Nerf Speisekarten sind nicht nur schmutzabweisend und leicht zu reinigen, sondern auch resistent gegen Regen und UV-Strahlen. So ist sichergestellt, dass sie auch bei intensiver Nutzung lange halten und ihr Aussehen bewahren. F\u00fcr eine pers\u00f6nliche Note kann das Etikett der Men\u00fckarte mit Ihrem eigenen Logo versehen werden, was Ihrem Gastgewerbe einen besonders professionellen Look verleiht, der zu Ihrer Markenidentit\u00e4t passt.<\/p>\n<p>Die Italia PVC Jute Nerf Speisekarten sind in verschiedenen Gr\u00f6\u00dfen erh\u00e4ltlich:<\/p>\n<ul>\n<li><strong>A4<\/strong><\/li>\n<li><strong>A5<\/strong><\/li>\n<li><strong>A4 Quadratisch<\/strong><\/li>\n<li><strong>A4 Schmal<\/strong><\/li>\n<li><strong>A4 X <\/strong><\/li>\n<\/ul>\n<p>Entscheiden Sie sich f\u00fcr Stil, Qualit\u00e4t und Langlebigkeit mit Italia PVC Jute Speisekarten und hinterlassen Sie einen bleibenden Eindruck bei Ihren G\u00e4sten. Bestellen Sie direkt \u00fcber unseren <strong><a href=\"https:\/\/place-add.nl\/italia-style-configurator-pvc-jute-nerf\/\">Speisekarten-Konfigurator<\/a><\/strong> oder <strong><a href=\"https:\/\/place-add.nl\/contact\/\">kontaktieren<\/a><\/strong> Sie uns f\u00fcr weitere Informationen.<\/p>\n<p><button id=\"knop-contact-opnemen-overige-producten-de\">Kontaktieren Sie uns unverbindlich<\/button><\/p>\n","protected":false},"excerpt":{"rendered":"<p>Das sind die <strong>PVC Jute Nerf Speisekarten<\/strong>, die perfekte Mischung aus Stil, Haltbarkeit und Benutzerfreundlichkeit. Diese Speisekarten sind mit einer modernen Jutemaserung versehen, die ein stilvolles und zeitgem\u00e4\u00dfes Aussehen erzeugt.<\/p>\n<p>Das Material verleiht den Speisekarten einen robusten und umweltfreundlichen Look und macht sie ideal f\u00fcr Gastronomiebetriebe, die einen nachhaltigen und trendigen Look w\u00fcnschen. Das Etikett kann mit Ihrem eigenen Logo versehen werden, wodurch die Speisekarten eine pers\u00f6nliche Note erhalten.<\/p>\n<p><strong>Warum sollten Sie sich f\u00fcr die Italia PVC Jute Nerf Speisekarten entscheiden?<\/strong><\/p>\n<ul>\n<li><strong>Elegantes und modernes Aussehen<\/strong>: Die Jutemaserung und die Denimfarbe verleihen diesen Speisekarten ein einzigartiges und modernes Aussehen. Sie strahlen sowohl Robustheit als auch Umweltfreundlichkeit aus, was perfekt zu modernen Gastronomiebetrieben passt, die auf Nachhaltigkeit Wert legen.<\/li>\n<li><strong>Benutzerfreundlichkeit und Flexibilit\u00e4t: <\/strong>Dank der elastischen Bindung und der Sichtfenster aus Kunststoff lassen sich die Seiten leicht austauschen oder hinzuf\u00fcgen. Egal, ob Sie sich f\u00fcr Sichtfenster oder Normalpapier entscheiden, der Wechsel der Speisekarte ist immer schnell und einfach.<\/li>\n<li><strong>Langlebig und leicht zu pflegen<\/strong>: Speisekarten sind nicht nur schmutzabweisend und leicht zu reinigen, sondern auch resistent gegen Regen und UV-Strahlen. Dies gew\u00e4hrleistet eine lange Lebensdauer, auch in anspruchsvollen Umgebungen.<\/li>\n<\/ul>\n<p style=\"text-align: center;\"><strong>Gestalten Sie Ihr eigenes Design und bestellen Sie Ihre Italia-Speisekarten direkt \u00fcber unseren Speisekarten-Konfigurator, indem Sie auf den unten stehenden Button klicken.<\/strong><\/p>\n<p><a class=\"button-custom-product\" href=\"https:\/\/place-add.nl\/italia-style-configurator-pvc-jute-nerf\/\">Klicken Sie hier und bestellen Sie jetzt!<\/a> <button id=\"knop-contact-opnemen-overige-producten-de\">Kontaktieren Sie uns unverbindlich<\/button><\/p>\n","protected":false},"featured_media":38493,"template":"","meta":[],"product_brand":[],"product_cat":[1453],"product_tag":[1289,1198,1199,1200,1201,1202,1164,1230,1203],"class_list":{"0":"post-43235","1":"product","2":"type-product","3":"status-publish","4":"has-post-thumbnail","6":"product_cat-speisekarten-webshop","7":"product_tag-italia-speisekarten","8":"product_tag-maatwerk-menukaarten-de","9":"product_tag-menukaarten-de","10":"product_tag-menukaarten-horeca-de","11":"product_tag-menukaarten-kopen-de","12":"product_tag-menukaarten-op-maat-de","13":"product_tag-pvc-jute-nerf-de","14":"product_tag-pvc-jute-spesekarten","15":"product_tag-restaurant-menukaarten-de","17":"first","18":"instock","19":"taxable","20":"shipping-taxable","21":"purchasable","22":"product-type-simple"},"yoast_head":"<!-- This site is optimized with the Yoast SEO Premium plugin v27.2 (Yoast SEO v27.2) - https:\/\/yoast.com\/product\/yoast-seo-premium-wordpress\/ -->\n<title>Italia PVC Jute Nerf | Italia Speisekarten| Place Add<\/title>\n<meta name=\"description\" content=\"Entdecken Sie die stilvollen PVC Jute Nerf Speisekarten. Langlebig, einfach zu verwenden und perfekt f\u00fcr ein trendiges Catering-Unternehmen.\" \/>\n<meta name=\"robots\" content=\"index, follow, max-snippet:-1, max-image-preview:large, max-video-preview:-1\" \/>\n<link rel=\"canonical\" href=\"https:\/\/place-add.nl\/de\/produkt\/italia-pvc-jute-nerf\/\" \/>\n<meta property=\"og:locale\" content=\"de_DE\" \/>\n<meta property=\"og:type\" content=\"article\" \/>\n<meta property=\"og:title\" content=\"Italia PVC jute\" \/>\n<meta property=\"og:description\" content=\"Entdecken Sie die stilvollen PVC Jute Nerf Speisekarten. Langlebig, einfach zu verwenden und perfekt f\u00fcr ein trendiges Catering-Unternehmen.\" \/>\n<meta property=\"og:url\" content=\"https:\/\/place-add.nl\/de\/produkt\/italia-pvc-jute-nerf\/\" \/>\n<meta property=\"og:site_name\" content=\"Place Add\" \/>\n<meta property=\"article:publisher\" content=\"https:\/\/www.facebook.com\/PlaceAdd\/\" \/>\n<meta property=\"article:modified_time\" content=\"2025-03-03T13:40:06+00:00\" \/>\n<meta property=\"og:image\" content=\"https:\/\/place-add.nl\/wp-content\/uploads\/2024\/06\/Menukaarten_PVC_Place_Add_1.jpg\" \/>\n\t<meta property=\"og:image:width\" content=\"800\" \/>\n\t<meta property=\"og:image:height\" content=\"800\" \/>\n\t<meta property=\"og:image:type\" content=\"image\/jpeg\" \/>\n<meta name=\"twitter:card\" content=\"summary_large_image\" \/>\n<meta name=\"twitter:label1\" content=\"Gesch\u00e4tzte Lesezeit\" \/>\n\t<meta name=\"twitter:data1\" content=\"2\u00a0Minuten\" \/>\n<script type=\"application\/ld+json\" class=\"yoast-schema-graph\">{\"@context\":\"https:\/\/schema.org\",\"@graph\":[{\"@type\":\"WebPage\",\"@id\":\"https:\/\/place-add.nl\/de\/produkt\/italia-pvc-jute-nerf\/\",\"url\":\"https:\/\/place-add.nl\/de\/produkt\/italia-pvc-jute-nerf\/\",\"name\":\"Italia PVC Jute Nerf | Italia Speisekarten| Place Add\",\"isPartOf\":{\"@id\":\"https:\/\/place-add.nl\/de\/#website\"},\"primaryImageOfPage\":{\"@id\":\"https:\/\/place-add.nl\/de\/produkt\/italia-pvc-jute-nerf\/#primaryimage\"},\"image\":{\"@id\":\"https:\/\/place-add.nl\/de\/produkt\/italia-pvc-jute-nerf\/#primaryimage\"},\"thumbnailUrl\":\"https:\/\/place-add.nl\/wp-content\/uploads\/2024\/06\/Menukaarten_PVC_Place_Add_1.jpg\",\"datePublished\":\"2024-06-17T13:21:33+00:00\",\"dateModified\":\"2025-03-03T13:40:06+00:00\",\"description\":\"Entdecken Sie die stilvollen PVC Jute Nerf Speisekarten. Langlebig, einfach zu verwenden und perfekt f\u00fcr ein trendiges Catering-Unternehmen.\",\"breadcrumb\":{\"@id\":\"https:\/\/place-add.nl\/de\/produkt\/italia-pvc-jute-nerf\/#breadcrumb\"},\"inLanguage\":\"de\",\"potentialAction\":[{\"@type\":\"ReadAction\",\"target\":[\"https:\/\/place-add.nl\/de\/produkt\/italia-pvc-jute-nerf\/\"]}]},{\"@type\":\"ImageObject\",\"inLanguage\":\"de\",\"@id\":\"https:\/\/place-add.nl\/de\/produkt\/italia-pvc-jute-nerf\/#primaryimage\",\"url\":\"https:\/\/place-add.nl\/wp-content\/uploads\/2024\/06\/Menukaarten_PVC_Place_Add_1.jpg\",\"contentUrl\":\"https:\/\/place-add.nl\/wp-content\/uploads\/2024\/06\/Menukaarten_PVC_Place_Add_1.jpg\",\"width\":800,\"height\":800,\"caption\":\"Italia PVC Jute Nerf\"},{\"@type\":\"BreadcrumbList\",\"@id\":\"https:\/\/place-add.nl\/de\/produkt\/italia-pvc-jute-nerf\/#breadcrumb\",\"itemListElement\":[{\"@type\":\"ListItem\",\"position\":1,\"name\":\"Home\",\"item\":\"https:\/\/place-add.nl\/de\/home\/\"},{\"@type\":\"ListItem\",\"position\":2,\"name\":\"Shop\",\"item\":\"https:\/\/place-add.nl\/de\/shop\/\"},{\"@type\":\"ListItem\",\"position\":3,\"name\":\"Italia PVC jute\"}]},{\"@type\":\"WebSite\",\"@id\":\"https:\/\/place-add.nl\/de\/#website\",\"url\":\"https:\/\/place-add.nl\/de\/\",\"name\":\"Place Add\",\"description\":\"Tafelkleding voor de horeca\",\"publisher\":{\"@id\":\"https:\/\/place-add.nl\/de\/#organization\"},\"potentialAction\":[{\"@type\":\"SearchAction\",\"target\":{\"@type\":\"EntryPoint\",\"urlTemplate\":\"https:\/\/place-add.nl\/de\/?s={search_term_string}\"},\"query-input\":{\"@type\":\"PropertyValueSpecification\",\"valueRequired\":true,\"valueName\":\"search_term_string\"}}],\"inLanguage\":\"de\"},{\"@type\":\"Organization\",\"@id\":\"https:\/\/place-add.nl\/de\/#organization\",\"name\":\"Place Add\",\"url\":\"https:\/\/place-add.nl\/de\/\",\"logo\":{\"@type\":\"ImageObject\",\"inLanguage\":\"de\",\"@id\":\"https:\/\/place-add.nl\/de\/#\/schema\/logo\/image\/\",\"url\":\"https:\/\/place-add.nl\/wp-content\/uploads\/2023\/11\/logo-img-place-add.png\",\"contentUrl\":\"https:\/\/place-add.nl\/wp-content\/uploads\/2023\/11\/logo-img-place-add.png\",\"width\":404,\"height\":106,\"caption\":\"Place Add\"},\"image\":{\"@id\":\"https:\/\/place-add.nl\/de\/#\/schema\/logo\/image\/\"},\"sameAs\":[\"https:\/\/www.facebook.com\/PlaceAdd\/\",\"https:\/\/www.instagram.com\/place_add\/\",\"https:\/\/www.youtube.com\/@placeadd\"]}]}<\/script>\n<!-- \/ Yoast SEO Premium plugin. -->","yoast_head_json":{"title":"Italia PVC Jute Nerf | Italia Speisekarten| Place Add","description":"Entdecken Sie die stilvollen PVC Jute Nerf Speisekarten. Langlebig, einfach zu verwenden und perfekt f\u00fcr ein trendiges Catering-Unternehmen.","robots":{"index":"index","follow":"follow","max-snippet":"max-snippet:-1","max-image-preview":"max-image-preview:large","max-video-preview":"max-video-preview:-1"},"canonical":"https:\/\/place-add.nl\/de\/produkt\/italia-pvc-jute-nerf\/","og_locale":"de_DE","og_type":"article","og_title":"Italia PVC jute","og_description":"Entdecken Sie die stilvollen PVC Jute Nerf Speisekarten. Langlebig, einfach zu verwenden und perfekt f\u00fcr ein trendiges Catering-Unternehmen.","og_url":"https:\/\/place-add.nl\/de\/produkt\/italia-pvc-jute-nerf\/","og_site_name":"Place Add","article_publisher":"https:\/\/www.facebook.com\/PlaceAdd\/","article_modified_time":"2025-03-03T13:40:06+00:00","og_image":[{"width":800,"height":800,"url":"https:\/\/place-add.nl\/wp-content\/uploads\/2024\/06\/Menukaarten_PVC_Place_Add_1.jpg","type":"image\/jpeg"}],"twitter_card":"summary_large_image","twitter_misc":{"Gesch\u00e4tzte Lesezeit":"2\u00a0Minuten"},"schema":{"@context":"https:\/\/schema.org","@graph":[{"@type":"WebPage","@id":"https:\/\/place-add.nl\/de\/produkt\/italia-pvc-jute-nerf\/","url":"https:\/\/place-add.nl\/de\/produkt\/italia-pvc-jute-nerf\/","name":"Italia PVC Jute Nerf | Italia Speisekarten| Place Add","isPartOf":{"@id":"https:\/\/place-add.nl\/de\/#website"},"primaryImageOfPage":{"@id":"https:\/\/place-add.nl\/de\/produkt\/italia-pvc-jute-nerf\/#primaryimage"},"image":{"@id":"https:\/\/place-add.nl\/de\/produkt\/italia-pvc-jute-nerf\/#primaryimage"},"thumbnailUrl":"https:\/\/place-add.nl\/wp-content\/uploads\/2024\/06\/Menukaarten_PVC_Place_Add_1.jpg","datePublished":"2024-06-17T13:21:33+00:00","dateModified":"2025-03-03T13:40:06+00:00","description":"Entdecken Sie die stilvollen PVC Jute Nerf Speisekarten. Langlebig, einfach zu verwenden und perfekt f\u00fcr ein trendiges Catering-Unternehmen.","breadcrumb":{"@id":"https:\/\/place-add.nl\/de\/produkt\/italia-pvc-jute-nerf\/#breadcrumb"},"inLanguage":"de","potentialAction":[{"@type":"ReadAction","target":["https:\/\/place-add.nl\/de\/produkt\/italia-pvc-jute-nerf\/"]}]},{"@type":"ImageObject","inLanguage":"de","@id":"https:\/\/place-add.nl\/de\/produkt\/italia-pvc-jute-nerf\/#primaryimage","url":"https:\/\/place-add.nl\/wp-content\/uploads\/2024\/06\/Menukaarten_PVC_Place_Add_1.jpg","contentUrl":"https:\/\/place-add.nl\/wp-content\/uploads\/2024\/06\/Menukaarten_PVC_Place_Add_1.jpg","width":800,"height":800,"caption":"Italia PVC Jute Nerf"},{"@type":"BreadcrumbList","@id":"https:\/\/place-add.nl\/de\/produkt\/italia-pvc-jute-nerf\/#breadcrumb","itemListElement":[{"@type":"ListItem","position":1,"name":"Home","item":"https:\/\/place-add.nl\/de\/home\/"},{"@type":"ListItem","position":2,"name":"Shop","item":"https:\/\/place-add.nl\/de\/shop\/"},{"@type":"ListItem","position":3,"name":"Italia PVC jute"}]},{"@type":"WebSite","@id":"https:\/\/place-add.nl\/de\/#website","url":"https:\/\/place-add.nl\/de\/","name":"Place Add","description":"Tafelkleding voor de horeca","publisher":{"@id":"https:\/\/place-add.nl\/de\/#organization"},"potentialAction":[{"@type":"SearchAction","target":{"@type":"EntryPoint","urlTemplate":"https:\/\/place-add.nl\/de\/?s={search_term_string}"},"query-input":{"@type":"PropertyValueSpecification","valueRequired":true,"valueName":"search_term_string"}}],"inLanguage":"de"},{"@type":"Organization","@id":"https:\/\/place-add.nl\/de\/#organization","name":"Place Add","url":"https:\/\/place-add.nl\/de\/","logo":{"@type":"ImageObject","inLanguage":"de","@id":"https:\/\/place-add.nl\/de\/#\/schema\/logo\/image\/","url":"https:\/\/place-add.nl\/wp-content\/uploads\/2023\/11\/logo-img-place-add.png","contentUrl":"https:\/\/place-add.nl\/wp-content\/uploads\/2023\/11\/logo-img-place-add.png","width":404,"height":106,"caption":"Place Add"},"image":{"@id":"https:\/\/place-add.nl\/de\/#\/schema\/logo\/image\/"},"sameAs":["https:\/\/www.facebook.com\/PlaceAdd\/","https:\/\/www.instagram.com\/place_add\/","https:\/\/www.youtube.com\/@placeadd"]}]}},"_links":{"self":[{"href":"https:\/\/place-add.nl\/de\/wp-json\/wp\/v2\/product\/43235","targetHints":{"allow":["GET"]}}],"collection":[{"href":"https:\/\/place-add.nl\/de\/wp-json\/wp\/v2\/product"}],"about":[{"href":"https:\/\/place-add.nl\/de\/wp-json\/wp\/v2\/types\/product"}],"wp:featuredmedia":[{"embeddable":true,"href":"https:\/\/place-add.nl\/de\/wp-json\/wp\/v2\/media\/38493"}],"wp:attachment":[{"href":"https:\/\/place-add.nl\/de\/wp-json\/wp\/v2\/media?parent=43235"}],"wp:term":[{"taxonomy":"product_brand","embeddable":true,"href":"https:\/\/place-add.nl\/de\/wp-json\/wp\/v2\/product_brand?post=43235"},{"taxonomy":"product_cat","embeddable":true,"href":"https:\/\/place-add.nl\/de\/wp-json\/wp\/v2\/product_cat?post=43235"},{"taxonomy":"product_tag","embeddable":true,"href":"https:\/\/place-add.nl\/de\/wp-json\/wp\/v2\/product_tag?post=43235"}],"curies":[{"name":"wp","href":"https:\/\/api.w.org\/{rel}","templated":true}]}}