{"id":43246,"date":"2024-06-17T13:23:28","date_gmt":"2024-06-17T13:23:28","guid":{"rendered":"https:\/\/place-add.nl\/product\/italia-eco-kurk\/"},"modified":"2025-03-03T13:40:35","modified_gmt":"2025-03-03T13:40:35","slug":"italia-eco-cork-speisekarten","status":"publish","type":"product","link":"https:\/\/place-add.nl\/de\/produkt\/italia-eco-cork-speisekarten\/","title":{"rendered":"Italia ECO Cork"},"content":{"rendered":"<p>Verleihen Sie Ihrem Gastgewerbe einen nat\u00fcrlichen, stilvollen Look mit den <strong>Italia ECO Cork Speisekarten<\/strong>. Diese hochwertigen Speisekarten werden aus echtem Kork hergestellt, einem nachhaltigen und recycelbaren Material, das einen einzigartigen, eleganten Look erzeugt. Perfekt f\u00fcr Restaurants, Caf\u00e9s und Weinbars, die sowohl ihren \u00f6kologischen Fu\u00dfabdruck reduzieren als auch einen eleganten Eindruck hinterlassen wollen.<\/p>\n<p>Nachhaltig und umweltfreundlich<\/p>\n<p><strong>Italia ECO Kork Speisekarten<\/strong> sind eine nachhaltige Wahl f\u00fcr Gastronomiebetriebe, die Wert auf umweltfreundliche Gesch\u00e4ftspraktiken legen. Kork ist nicht nur ein nat\u00fcrliches und erneuerbares Material, sondern auch sehr gut recycelbar und damit perfekt f\u00fcr Unternehmen geeignet, die sich ihrer Auswirkungen auf die Umwelt bewusst sind. Mit der Italia ECO Cork Kollektion entscheiden Sie sich f\u00fcr eine Men\u00fckarte, die lange h\u00e4lt und zu einem gr\u00fcneren Planeten beitr\u00e4gt.<\/p>\n<p><strong>Nat\u00fcrliches und elegantes Design<\/strong><\/p>\n<p>Der Korkeinband dieser Speisekarten verleiht ihnen ein einzigartiges, elegantes Aussehen, das wunderbar zu jeder Mittags-, Abend- oder Weinkarte passt. Die warmen, erdigen T\u00f6ne des Korks bringen einen Hauch von Natur auf Ihre Tische und schaffen eine einladende Atmosph\u00e4re. Dieses nat\u00fcrliche Material ist nicht nur stilvoll, sondern auch robust und pflegeleicht und damit ideal f\u00fcr den t\u00e4glichen Gebrauch.<\/p>\n<p><strong>Personalisiert f\u00fcr Ihre Marke<\/strong><\/p>\n<p>F\u00fcr eine professionelle, pers\u00f6nliche Note sind die Italia ECO Kork-Speisekarten mit einem Eco-Label erh\u00e4ltlich. W\u00e4hlen Sie einen Standardtext oder lassen Sie das Etikett mit Ihrem eigenen Logo bedrucken, um Ihre Marke subtil zu unterstreichen. Das benutzerfreundliche Design macht das Austauschen der Speisekarten einfach, was ideal f\u00fcr ein dynamisches Gastgewerbe ist.<\/p>\n<p><strong>Die Italia ECO Cork-Speisekarten sind in den folgenden Formaten erh\u00e4ltlich<\/strong>:<\/p>\n<ul>\n<li><strong>A4<\/strong><\/li>\n<li><strong>A4 XL<\/strong><\/li>\n<li><strong>A4 Quadratisch<\/strong><\/li>\n<li><strong>A4 Schmal<\/strong><\/li>\n<li><strong>A5<\/strong><\/li>\n<\/ul>\n<p>Vervollst\u00e4ndigen Sie das Bild mit einer <strong><a href=\"https:\/\/place-add.nl\/product\/italia-rekeningmapjes\/\">Italia-Rechnungsmappe<\/a><\/strong>!<\/p>\n<p>Ben\u00f6tigen Sie kurzfristig Speisekarten? Dann besuchen Sie unsere zweite Website, <strong><a href=\"http:\/\/www.craftontable.com\/\">Craftontable.com<\/a><\/strong>, f\u00fcr Speisekarten mit weniger Personalisierungsm\u00f6glichkeiten, aber schnellerer Lieferzeit.<\/p>\n<p><strong>Ben\u00f6tigen Sie eine pers\u00f6nliche Beratung? Dann nehmen Sie Kontakt mit uns auf. Unser engagiertes Team hilft Ihnen gerne, die perfekte Wahl f\u00fcr Ihre speziellen Bed\u00fcrfnisse zu treffen.<\/strong><\/p>\n<p><button id=\"knop-contact-opnemen-overige-producten-de\">Kontaktieren Sie uns unverbindlich<\/button><\/p>\n","protected":false},"excerpt":{"rendered":"<p>Bei Place Add legen wir Wert auf umweltfreundliche und \u00f6kologische L\u00f6sungen, und die ECO Cork &#8211; Cork Eco Men\u00fckarten sind das perfekte Beispiel daf\u00fcr. Diese Men\u00fckarten werden vollst\u00e4ndig aus echtem Kork hergestellt, einem Material, das f\u00fcr seine Langlebigkeit und hervorragende Recyclingf\u00e4higkeit bekannt ist. Bei minimaler Wartung bieten diese Men\u00fckarten eine lange Lebensdauer und tragen zu einem nachhaltigen Gastgewerbe bei.<\/p>\n<p><strong>Warum sollten Sie sich f\u00fcr Italia ECO Kork-Men\u00fckarten entscheiden?<\/strong><\/p>\n<ul>\n<li><strong>Umweltfreundlich und nachhaltig<\/strong>: Diese Men\u00fckarten werden aus echtem Kork hergestellt und sind eine umweltfreundliche Wahl. Kork ist nicht nur nachhaltig, sondern l\u00e4sst sich auch hervorragend recyceln, wodurch Ihr Gastronomiebetrieb zu einem gr\u00fcneren Planeten beitr\u00e4gt.<\/li>\n<li><strong>Nat\u00fcrlicher und eleganter Look<\/strong>: Der Einband aus echtem Kork bietet einen nat\u00fcrlichen und eleganten Look, der sich perfekt f\u00fcr Mittags-, Abend- und Weinkarten eignet. Diese Men\u00fckarten bringen einen Hauch von Natur und Eleganz auf Ihre Tische.<\/li>\n<li><strong>Personalisierbar und pflegeleicht<\/strong>: Diese Men\u00fckarten sind mit einem \u00d6ko-Label, einem Standardtext oder Ihrem eigenen Logo erh\u00e4ltlich und bieten die M\u00f6glichkeit zur Personalisierung. Bei minimalem Pflegeaufwand bleiben sie lange sch\u00f6n und funktionell und sind somit eine langfristige Investition.<\/li>\n<\/ul>\n<p style=\"text-align: center;\"><strong>\u00a0<\/strong><strong>Gestalten Sie Ihr eigenes Design und bestellen Sie Ihre Italia-Speisekarten direkt \u00fcber unseren Speisekarten-Konfigurator, indem Sie auf den unten stehenden Button klicken.<\/strong><\/p>\n<p><a class=\"button-custom-product\" href=\"https:\/\/place-add.nl\/italia-style-configurator-eco-kurk\/\">Klicken Sie hier und bestellen Sie jetzt!<\/a> <button id=\"knop-contact-opnemen-overige-producten-de\">Kontaktieren Sie uns unverbindlich<\/button><\/p>\n","protected":false},"featured_media":38501,"template":"","meta":[],"product_brand":[],"product_cat":[1453],"product_tag":[1289,1198,1199,1200,1201,1202,1150,1311,1203],"class_list":{"0":"post-43246","1":"product","2":"type-product","3":"status-publish","4":"has-post-thumbnail","6":"product_cat-speisekarten-webshop","7":"product_tag-italia-speisekarten","8":"product_tag-maatwerk-menukaarten-de","9":"product_tag-menukaarten-de","10":"product_tag-menukaarten-horeca-de","11":"product_tag-menukaarten-kopen-de","12":"product_tag-menukaarten-op-maat-de","13":"product_tag-oko-kork","14":"product_tag-oko-speisekarten","15":"product_tag-restaurant-menukaarten-de","17":"first","18":"instock","19":"taxable","20":"shipping-taxable","21":"purchasable","22":"product-type-simple"},"yoast_head":"<!-- This site is optimized with the Yoast SEO Premium plugin v27.2 (Yoast SEO v27.2) - https:\/\/yoast.com\/product\/yoast-seo-premium-wordpress\/ -->\n<title>Italia ECO Cork Speisekarten | Italia Speisekarten| Place Add<\/title>\n<meta name=\"description\" content=\"Entdecken Sie die umweltfreundlichen Italia ECO Cork Speisekarten, die recycelbar und elegant sind. Mit einem \u00d6ko-Label personalisieren und genie\u00dfen!\" \/>\n<meta name=\"robots\" content=\"index, follow, max-snippet:-1, max-image-preview:large, max-video-preview:-1\" \/>\n<link rel=\"canonical\" href=\"https:\/\/place-add.nl\/de\/produkt\/italia-eco-cork-speisekarten\/\" \/>\n<meta property=\"og:locale\" content=\"de_DE\" \/>\n<meta property=\"og:type\" content=\"article\" \/>\n<meta property=\"og:title\" content=\"Italia ECO Cork\" \/>\n<meta property=\"og:description\" content=\"Entdecken Sie die umweltfreundlichen Italia ECO Cork Speisekarten, die recycelbar und elegant sind. Mit einem \u00d6ko-Label personalisieren und genie\u00dfen!\" \/>\n<meta property=\"og:url\" content=\"https:\/\/place-add.nl\/de\/produkt\/italia-eco-cork-speisekarten\/\" \/>\n<meta property=\"og:site_name\" content=\"Place Add\" \/>\n<meta property=\"article:publisher\" content=\"https:\/\/www.facebook.com\/PlaceAdd\/\" \/>\n<meta property=\"article:modified_time\" content=\"2025-03-03T13:40:35+00:00\" \/>\n<meta property=\"og:image\" content=\"https:\/\/place-add.nl\/wp-content\/uploads\/2024\/06\/Menukaarten_Kurk_Place_Add_1.jpg\" \/>\n\t<meta property=\"og:image:width\" content=\"800\" \/>\n\t<meta property=\"og:image:height\" content=\"800\" \/>\n\t<meta property=\"og:image:type\" content=\"image\/jpeg\" \/>\n<meta name=\"twitter:card\" content=\"summary_large_image\" \/>\n<meta name=\"twitter:label1\" content=\"Gesch\u00e4tzte Lesezeit\" \/>\n\t<meta name=\"twitter:data1\" content=\"2\u00a0Minuten\" \/>\n<script type=\"application\/ld+json\" class=\"yoast-schema-graph\">{\"@context\":\"https:\/\/schema.org\",\"@graph\":[{\"@type\":\"WebPage\",\"@id\":\"https:\/\/place-add.nl\/de\/produkt\/italia-eco-cork-speisekarten\/\",\"url\":\"https:\/\/place-add.nl\/de\/produkt\/italia-eco-cork-speisekarten\/\",\"name\":\"Italia ECO Cork Speisekarten | Italia Speisekarten| Place Add\",\"isPartOf\":{\"@id\":\"https:\/\/place-add.nl\/de\/#website\"},\"primaryImageOfPage\":{\"@id\":\"https:\/\/place-add.nl\/de\/produkt\/italia-eco-cork-speisekarten\/#primaryimage\"},\"image\":{\"@id\":\"https:\/\/place-add.nl\/de\/produkt\/italia-eco-cork-speisekarten\/#primaryimage\"},\"thumbnailUrl\":\"https:\/\/place-add.nl\/wp-content\/uploads\/2024\/06\/Menukaarten_Kurk_Place_Add_1.jpg\",\"datePublished\":\"2024-06-17T13:23:28+00:00\",\"dateModified\":\"2025-03-03T13:40:35+00:00\",\"description\":\"Entdecken Sie die umweltfreundlichen Italia ECO Cork Speisekarten, die recycelbar und elegant sind. Mit einem \u00d6ko-Label personalisieren und genie\u00dfen!\",\"breadcrumb\":{\"@id\":\"https:\/\/place-add.nl\/de\/produkt\/italia-eco-cork-speisekarten\/#breadcrumb\"},\"inLanguage\":\"de\",\"potentialAction\":[{\"@type\":\"ReadAction\",\"target\":[\"https:\/\/place-add.nl\/de\/produkt\/italia-eco-cork-speisekarten\/\"]}]},{\"@type\":\"ImageObject\",\"inLanguage\":\"de\",\"@id\":\"https:\/\/place-add.nl\/de\/produkt\/italia-eco-cork-speisekarten\/#primaryimage\",\"url\":\"https:\/\/place-add.nl\/wp-content\/uploads\/2024\/06\/Menukaarten_Kurk_Place_Add_1.jpg\",\"contentUrl\":\"https:\/\/place-add.nl\/wp-content\/uploads\/2024\/06\/Menukaarten_Kurk_Place_Add_1.jpg\",\"width\":800,\"height\":800,\"caption\":\"ECO\"},{\"@type\":\"BreadcrumbList\",\"@id\":\"https:\/\/place-add.nl\/de\/produkt\/italia-eco-cork-speisekarten\/#breadcrumb\",\"itemListElement\":[{\"@type\":\"ListItem\",\"position\":1,\"name\":\"Home\",\"item\":\"https:\/\/place-add.nl\/de\/home\/\"},{\"@type\":\"ListItem\",\"position\":2,\"name\":\"Shop\",\"item\":\"https:\/\/place-add.nl\/de\/shop\/\"},{\"@type\":\"ListItem\",\"position\":3,\"name\":\"Italia ECO Cork\"}]},{\"@type\":\"WebSite\",\"@id\":\"https:\/\/place-add.nl\/de\/#website\",\"url\":\"https:\/\/place-add.nl\/de\/\",\"name\":\"Place Add\",\"description\":\"Tafelkleding voor de horeca\",\"publisher\":{\"@id\":\"https:\/\/place-add.nl\/de\/#organization\"},\"potentialAction\":[{\"@type\":\"SearchAction\",\"target\":{\"@type\":\"EntryPoint\",\"urlTemplate\":\"https:\/\/place-add.nl\/de\/?s={search_term_string}\"},\"query-input\":{\"@type\":\"PropertyValueSpecification\",\"valueRequired\":true,\"valueName\":\"search_term_string\"}}],\"inLanguage\":\"de\"},{\"@type\":\"Organization\",\"@id\":\"https:\/\/place-add.nl\/de\/#organization\",\"name\":\"Place Add\",\"url\":\"https:\/\/place-add.nl\/de\/\",\"logo\":{\"@type\":\"ImageObject\",\"inLanguage\":\"de\",\"@id\":\"https:\/\/place-add.nl\/de\/#\/schema\/logo\/image\/\",\"url\":\"https:\/\/place-add.nl\/wp-content\/uploads\/2023\/11\/logo-img-place-add.png\",\"contentUrl\":\"https:\/\/place-add.nl\/wp-content\/uploads\/2023\/11\/logo-img-place-add.png\",\"width\":404,\"height\":106,\"caption\":\"Place Add\"},\"image\":{\"@id\":\"https:\/\/place-add.nl\/de\/#\/schema\/logo\/image\/\"},\"sameAs\":[\"https:\/\/www.facebook.com\/PlaceAdd\/\",\"https:\/\/www.instagram.com\/place_add\/\",\"https:\/\/www.youtube.com\/@placeadd\"]}]}<\/script>\n<!-- \/ Yoast SEO Premium plugin. -->","yoast_head_json":{"title":"Italia ECO Cork Speisekarten | Italia Speisekarten| Place Add","description":"Entdecken Sie die umweltfreundlichen Italia ECO Cork Speisekarten, die recycelbar und elegant sind. Mit einem \u00d6ko-Label personalisieren und genie\u00dfen!","robots":{"index":"index","follow":"follow","max-snippet":"max-snippet:-1","max-image-preview":"max-image-preview:large","max-video-preview":"max-video-preview:-1"},"canonical":"https:\/\/place-add.nl\/de\/produkt\/italia-eco-cork-speisekarten\/","og_locale":"de_DE","og_type":"article","og_title":"Italia ECO Cork","og_description":"Entdecken Sie die umweltfreundlichen Italia ECO Cork Speisekarten, die recycelbar und elegant sind. Mit einem \u00d6ko-Label personalisieren und genie\u00dfen!","og_url":"https:\/\/place-add.nl\/de\/produkt\/italia-eco-cork-speisekarten\/","og_site_name":"Place Add","article_publisher":"https:\/\/www.facebook.com\/PlaceAdd\/","article_modified_time":"2025-03-03T13:40:35+00:00","og_image":[{"width":800,"height":800,"url":"https:\/\/place-add.nl\/wp-content\/uploads\/2024\/06\/Menukaarten_Kurk_Place_Add_1.jpg","type":"image\/jpeg"}],"twitter_card":"summary_large_image","twitter_misc":{"Gesch\u00e4tzte Lesezeit":"2\u00a0Minuten"},"schema":{"@context":"https:\/\/schema.org","@graph":[{"@type":"WebPage","@id":"https:\/\/place-add.nl\/de\/produkt\/italia-eco-cork-speisekarten\/","url":"https:\/\/place-add.nl\/de\/produkt\/italia-eco-cork-speisekarten\/","name":"Italia ECO Cork Speisekarten | Italia Speisekarten| Place Add","isPartOf":{"@id":"https:\/\/place-add.nl\/de\/#website"},"primaryImageOfPage":{"@id":"https:\/\/place-add.nl\/de\/produkt\/italia-eco-cork-speisekarten\/#primaryimage"},"image":{"@id":"https:\/\/place-add.nl\/de\/produkt\/italia-eco-cork-speisekarten\/#primaryimage"},"thumbnailUrl":"https:\/\/place-add.nl\/wp-content\/uploads\/2024\/06\/Menukaarten_Kurk_Place_Add_1.jpg","datePublished":"2024-06-17T13:23:28+00:00","dateModified":"2025-03-03T13:40:35+00:00","description":"Entdecken Sie die umweltfreundlichen Italia ECO Cork Speisekarten, die recycelbar und elegant sind. Mit einem \u00d6ko-Label personalisieren und genie\u00dfen!","breadcrumb":{"@id":"https:\/\/place-add.nl\/de\/produkt\/italia-eco-cork-speisekarten\/#breadcrumb"},"inLanguage":"de","potentialAction":[{"@type":"ReadAction","target":["https:\/\/place-add.nl\/de\/produkt\/italia-eco-cork-speisekarten\/"]}]},{"@type":"ImageObject","inLanguage":"de","@id":"https:\/\/place-add.nl\/de\/produkt\/italia-eco-cork-speisekarten\/#primaryimage","url":"https:\/\/place-add.nl\/wp-content\/uploads\/2024\/06\/Menukaarten_Kurk_Place_Add_1.jpg","contentUrl":"https:\/\/place-add.nl\/wp-content\/uploads\/2024\/06\/Menukaarten_Kurk_Place_Add_1.jpg","width":800,"height":800,"caption":"ECO"},{"@type":"BreadcrumbList","@id":"https:\/\/place-add.nl\/de\/produkt\/italia-eco-cork-speisekarten\/#breadcrumb","itemListElement":[{"@type":"ListItem","position":1,"name":"Home","item":"https:\/\/place-add.nl\/de\/home\/"},{"@type":"ListItem","position":2,"name":"Shop","item":"https:\/\/place-add.nl\/de\/shop\/"},{"@type":"ListItem","position":3,"name":"Italia ECO Cork"}]},{"@type":"WebSite","@id":"https:\/\/place-add.nl\/de\/#website","url":"https:\/\/place-add.nl\/de\/","name":"Place Add","description":"Tafelkleding voor de horeca","publisher":{"@id":"https:\/\/place-add.nl\/de\/#organization"},"potentialAction":[{"@type":"SearchAction","target":{"@type":"EntryPoint","urlTemplate":"https:\/\/place-add.nl\/de\/?s={search_term_string}"},"query-input":{"@type":"PropertyValueSpecification","valueRequired":true,"valueName":"search_term_string"}}],"inLanguage":"de"},{"@type":"Organization","@id":"https:\/\/place-add.nl\/de\/#organization","name":"Place Add","url":"https:\/\/place-add.nl\/de\/","logo":{"@type":"ImageObject","inLanguage":"de","@id":"https:\/\/place-add.nl\/de\/#\/schema\/logo\/image\/","url":"https:\/\/place-add.nl\/wp-content\/uploads\/2023\/11\/logo-img-place-add.png","contentUrl":"https:\/\/place-add.nl\/wp-content\/uploads\/2023\/11\/logo-img-place-add.png","width":404,"height":106,"caption":"Place Add"},"image":{"@id":"https:\/\/place-add.nl\/de\/#\/schema\/logo\/image\/"},"sameAs":["https:\/\/www.facebook.com\/PlaceAdd\/","https:\/\/www.instagram.com\/place_add\/","https:\/\/www.youtube.com\/@placeadd"]}]}},"_links":{"self":[{"href":"https:\/\/place-add.nl\/de\/wp-json\/wp\/v2\/product\/43246","targetHints":{"allow":["GET"]}}],"collection":[{"href":"https:\/\/place-add.nl\/de\/wp-json\/wp\/v2\/product"}],"about":[{"href":"https:\/\/place-add.nl\/de\/wp-json\/wp\/v2\/types\/product"}],"wp:featuredmedia":[{"embeddable":true,"href":"https:\/\/place-add.nl\/de\/wp-json\/wp\/v2\/media\/38501"}],"wp:attachment":[{"href":"https:\/\/place-add.nl\/de\/wp-json\/wp\/v2\/media?parent=43246"}],"wp:term":[{"taxonomy":"product_brand","embeddable":true,"href":"https:\/\/place-add.nl\/de\/wp-json\/wp\/v2\/product_brand?post=43246"},{"taxonomy":"product_cat","embeddable":true,"href":"https:\/\/place-add.nl\/de\/wp-json\/wp\/v2\/product_cat?post=43246"},{"taxonomy":"product_tag","embeddable":true,"href":"https:\/\/place-add.nl\/de\/wp-json\/wp\/v2\/product_tag?post=43246"}],"curies":[{"name":"wp","href":"https:\/\/api.w.org\/{rel}","templated":true}]}}