{"id":43250,"date":"2024-06-17T13:28:13","date_gmt":"2024-06-17T13:28:13","guid":{"rendered":"https:\/\/place-add.nl\/product\/hardcover-menukaarten\/"},"modified":"2025-03-03T13:39:48","modified_gmt":"2025-03-03T13:39:48","slug":"a4-hardcover-speisekarten","status":"publish","type":"product","link":"https:\/\/place-add.nl\/de\/produkt\/a4-hardcover-speisekarten\/","title":{"rendered":"Hardcover"},"content":{"rendered":"<p>Unsere <strong>A4-Hardcover-Speisekarten<\/strong> bieten die ultimative Mischung aus Stil und Haltbarkeit. Mit einem stabilen Kartonkern und einer hochwertigen Kunstlederoberfl\u00e4che strahlen diese Speisekarten Luxus aus und sind gleichzeitig robust genug f\u00fcr den t\u00e4glichen Gebrauch. Das Kunstleder ist nicht nur kratzfest, sondern auch wasserabweisend, so dass die Reinigung ein Kinderspiel ist.<\/p>\n<p>Die <strong>A4-Hardcover-Speisekarten<\/strong> haben eine raffinierte, genarbte Textur und sind in drei eleganten Farben erh\u00e4ltlich. Bitte beachten Sie, dass die Farben aufgrund Ihrer Bildschirmeinstellungen leicht variieren k\u00f6nnen.<\/p>\n<p>Jede Men\u00fckarte wird standardm\u00e4\u00dfig mit drei doppelseitigen Mappen geliefert, die Platz f\u00fcr bis zu 12 A4-Seiten bieten. Dar\u00fcber hinaus k\u00f6nnen Sie aus einer umfangreichen Kollektion von 50 Farben und Mustern w\u00e4hlen, sowohl in Hardcover- als auch in Softcover-Varianten.<\/p>\n<p>Unsere A4-Hardcover-Men\u00fckarten bieten dank ihres Kartonkerns eine perfekte Kombination aus Luxus und Robustheit. Sie sind mit hochwertigem Kunstleder \u00fcberzogen, das nicht nur kratzfest, sondern auch sehr widerstandsf\u00e4hig gegen Feuchtigkeit ist. Dadurch sind die Men\u00fckarten leicht abnehmbar und pflegeleicht.<\/p>\n<p>Vervollst\u00e4ndigen Sie das Bild mit einer passenden <strong><a href=\"https:\/\/place-add.nl\/menukaarten\/menukaarten-op-maat\/rekeningmapjes\/\">Rechnungsmappe<\/a><\/strong>!<\/p>\n<p>Ben\u00f6tigen Sie kurzfristig Speisekarten? Dann besuchen Sie unsere zweite Website, <strong><a href=\"http:\/\/www.craftontable.com\/\">Craftontable.com<\/a><\/strong>, f\u00fcr Speisekarten mit weniger Personalisierungsm\u00f6glichkeiten, aber schnellerer Lieferzeit.<\/p>\n<p><strong>Ben\u00f6tigen Sie eine pers\u00f6nliche Beratung? Dann nehmen Sie Kontakt mit uns auf. Unser engagiertes Team hilft Ihnen gerne, die perfekte Wahl f\u00fcr Ihre speziellen Bed\u00fcrfnisse zu treffen.<\/strong><\/p>\n<p><button id=\"knop-contact-opnemen-overige-producten-de\">Kontaktieren Sie uns unverbindlich<\/button><\/p>\n","protected":false},"excerpt":{"rendered":"<p>Unsere <strong>A4-Hardcover- Speisekarten<\/strong> bieten dank ihres Kartonkerns eine perfekte Kombination aus Luxus und Robustheit. Sie sind mit hochwertigem Kunstleder \u00fcberzogen, das nicht nur kratzfest, sondern auch sehr widerstandsf\u00e4hig gegen Feuchtigkeit ist. Das macht die Men\u00fckarten leicht abl\u00f6sbar und pflegeleicht.<\/p>\n<p>Die Men\u00fckarten haben eine attraktive genarbte Oberfl\u00e4che und sind in drei stilvollen Farben erh\u00e4ltlich. Bitte beachten Sie, dass die Farbwiedergabe je nach Ihren Bildschirmeinstellungen variieren kann.<\/p>\n<p><strong>Klicken Sie auf die Schaltfl\u00e4che unten und bestellen Sie direkt \u00fcber CraftonTable.com! <\/strong><\/p>\n<p><a class=\"button-custom-product\" href=\"https:\/\/www.craftontable.com\/collections\/menukaarten-hard-cover\" target=\"_blank\" rel=\"noopener\">Klicken Sie hier und bestellen Sie jetzt!<\/a> <button id=\"knop-contact-opnemen-overige-producten-de\">Kontaktieren Sie uns unverbindlich<\/button><\/p>\n","protected":false},"featured_media":41076,"template":"","meta":[],"product_brand":[],"product_cat":[1457],"product_tag":[1361],"class_list":{"0":"post-43250","1":"product","2":"type-product","3":"status-publish","4":"has-post-thumbnail","6":"product_cat-hard-und-softcover","7":"product_tag-hardcover-spesiekarten","9":"first","10":"instock","11":"taxable","12":"shipping-taxable","13":"purchasable","14":"product-type-simple"},"yoast_head":"<!-- This site is optimized with the Yoast SEO Premium plugin v27.2 (Yoast SEO v27.2) - https:\/\/yoast.com\/product\/yoast-seo-premium-wordpress\/ -->\n<title>A4-Hardcover-Speisekarten | Place Add<\/title>\n<meta name=\"description\" content=\"A4-Hardcover-Speisekarten aus luxuri\u00f6sem, kratz- und feuchtigkeitsbest\u00e4ndigem Kunstleder. Erh\u00e4ltlich in 3 Farben. Lieferzeit 3-4 Wochen.\" \/>\n<meta name=\"robots\" content=\"index, follow, max-snippet:-1, max-image-preview:large, max-video-preview:-1\" \/>\n<link rel=\"canonical\" href=\"https:\/\/place-add.nl\/de\/produkt\/a4-hardcover-speisekarten\/\" \/>\n<meta property=\"og:locale\" content=\"de_DE\" \/>\n<meta property=\"og:type\" content=\"article\" \/>\n<meta property=\"og:title\" content=\"Hardcover\" \/>\n<meta property=\"og:description\" content=\"A4-Hardcover-Speisekarten aus luxuri\u00f6sem, kratz- und feuchtigkeitsbest\u00e4ndigem Kunstleder. Erh\u00e4ltlich in 3 Farben. Lieferzeit 3-4 Wochen.\" \/>\n<meta property=\"og:url\" content=\"https:\/\/place-add.nl\/de\/produkt\/a4-hardcover-speisekarten\/\" \/>\n<meta property=\"og:site_name\" content=\"Place Add\" \/>\n<meta property=\"article:publisher\" content=\"https:\/\/www.facebook.com\/PlaceAdd\/\" \/>\n<meta property=\"article:modified_time\" content=\"2025-03-03T13:39:48+00:00\" \/>\n<meta property=\"og:image\" content=\"https:\/\/place-add.nl\/wp-content\/uploads\/2024\/09\/Menukaarten_HARDCOVER_Place_Add_1.jpg\" \/>\n\t<meta property=\"og:image:width\" content=\"800\" \/>\n\t<meta property=\"og:image:height\" content=\"800\" \/>\n\t<meta property=\"og:image:type\" content=\"image\/jpeg\" \/>\n<meta name=\"twitter:card\" content=\"summary_large_image\" \/>\n<meta name=\"twitter:label1\" content=\"Gesch\u00e4tzte Lesezeit\" \/>\n\t<meta name=\"twitter:data1\" content=\"2\u00a0Minuten\" \/>\n<script type=\"application\/ld+json\" class=\"yoast-schema-graph\">{\"@context\":\"https:\/\/schema.org\",\"@graph\":[{\"@type\":\"WebPage\",\"@id\":\"https:\/\/place-add.nl\/de\/produkt\/a4-hardcover-speisekarten\/\",\"url\":\"https:\/\/place-add.nl\/de\/produkt\/a4-hardcover-speisekarten\/\",\"name\":\"A4-Hardcover-Speisekarten | Place Add\",\"isPartOf\":{\"@id\":\"https:\/\/place-add.nl\/de\/#website\"},\"primaryImageOfPage\":{\"@id\":\"https:\/\/place-add.nl\/de\/produkt\/a4-hardcover-speisekarten\/#primaryimage\"},\"image\":{\"@id\":\"https:\/\/place-add.nl\/de\/produkt\/a4-hardcover-speisekarten\/#primaryimage\"},\"thumbnailUrl\":\"https:\/\/place-add.nl\/wp-content\/uploads\/2024\/09\/Menukaarten_HARDCOVER_Place_Add_1.jpg\",\"datePublished\":\"2024-06-17T13:28:13+00:00\",\"dateModified\":\"2025-03-03T13:39:48+00:00\",\"description\":\"A4-Hardcover-Speisekarten aus luxuri\u00f6sem, kratz- und feuchtigkeitsbest\u00e4ndigem Kunstleder. Erh\u00e4ltlich in 3 Farben. Lieferzeit 3-4 Wochen.\",\"breadcrumb\":{\"@id\":\"https:\/\/place-add.nl\/de\/produkt\/a4-hardcover-speisekarten\/#breadcrumb\"},\"inLanguage\":\"de\",\"potentialAction\":[{\"@type\":\"ReadAction\",\"target\":[\"https:\/\/place-add.nl\/de\/produkt\/a4-hardcover-speisekarten\/\"]}]},{\"@type\":\"ImageObject\",\"inLanguage\":\"de\",\"@id\":\"https:\/\/place-add.nl\/de\/produkt\/a4-hardcover-speisekarten\/#primaryimage\",\"url\":\"https:\/\/place-add.nl\/wp-content\/uploads\/2024\/09\/Menukaarten_HARDCOVER_Place_Add_1.jpg\",\"contentUrl\":\"https:\/\/place-add.nl\/wp-content\/uploads\/2024\/09\/Menukaarten_HARDCOVER_Place_Add_1.jpg\",\"width\":800,\"height\":800,\"caption\":\"Hardcover menukaart met eigen opdruk\"},{\"@type\":\"BreadcrumbList\",\"@id\":\"https:\/\/place-add.nl\/de\/produkt\/a4-hardcover-speisekarten\/#breadcrumb\",\"itemListElement\":[{\"@type\":\"ListItem\",\"position\":1,\"name\":\"Home\",\"item\":\"https:\/\/place-add.nl\/de\/home\/\"},{\"@type\":\"ListItem\",\"position\":2,\"name\":\"Shop\",\"item\":\"https:\/\/place-add.nl\/de\/shop\/\"},{\"@type\":\"ListItem\",\"position\":3,\"name\":\"Hardcover\"}]},{\"@type\":\"WebSite\",\"@id\":\"https:\/\/place-add.nl\/de\/#website\",\"url\":\"https:\/\/place-add.nl\/de\/\",\"name\":\"Place Add\",\"description\":\"Tafelkleding voor de horeca\",\"publisher\":{\"@id\":\"https:\/\/place-add.nl\/de\/#organization\"},\"potentialAction\":[{\"@type\":\"SearchAction\",\"target\":{\"@type\":\"EntryPoint\",\"urlTemplate\":\"https:\/\/place-add.nl\/de\/?s={search_term_string}\"},\"query-input\":{\"@type\":\"PropertyValueSpecification\",\"valueRequired\":true,\"valueName\":\"search_term_string\"}}],\"inLanguage\":\"de\"},{\"@type\":\"Organization\",\"@id\":\"https:\/\/place-add.nl\/de\/#organization\",\"name\":\"Place Add\",\"url\":\"https:\/\/place-add.nl\/de\/\",\"logo\":{\"@type\":\"ImageObject\",\"inLanguage\":\"de\",\"@id\":\"https:\/\/place-add.nl\/de\/#\/schema\/logo\/image\/\",\"url\":\"https:\/\/place-add.nl\/wp-content\/uploads\/2023\/11\/logo-img-place-add.png\",\"contentUrl\":\"https:\/\/place-add.nl\/wp-content\/uploads\/2023\/11\/logo-img-place-add.png\",\"width\":404,\"height\":106,\"caption\":\"Place Add\"},\"image\":{\"@id\":\"https:\/\/place-add.nl\/de\/#\/schema\/logo\/image\/\"},\"sameAs\":[\"https:\/\/www.facebook.com\/PlaceAdd\/\",\"https:\/\/www.instagram.com\/place_add\/\",\"https:\/\/www.youtube.com\/@placeadd\"]}]}<\/script>\n<!-- \/ Yoast SEO Premium plugin. -->","yoast_head_json":{"title":"A4-Hardcover-Speisekarten | Place Add","description":"A4-Hardcover-Speisekarten aus luxuri\u00f6sem, kratz- und feuchtigkeitsbest\u00e4ndigem Kunstleder. Erh\u00e4ltlich in 3 Farben. Lieferzeit 3-4 Wochen.","robots":{"index":"index","follow":"follow","max-snippet":"max-snippet:-1","max-image-preview":"max-image-preview:large","max-video-preview":"max-video-preview:-1"},"canonical":"https:\/\/place-add.nl\/de\/produkt\/a4-hardcover-speisekarten\/","og_locale":"de_DE","og_type":"article","og_title":"Hardcover","og_description":"A4-Hardcover-Speisekarten aus luxuri\u00f6sem, kratz- und feuchtigkeitsbest\u00e4ndigem Kunstleder. Erh\u00e4ltlich in 3 Farben. Lieferzeit 3-4 Wochen.","og_url":"https:\/\/place-add.nl\/de\/produkt\/a4-hardcover-speisekarten\/","og_site_name":"Place Add","article_publisher":"https:\/\/www.facebook.com\/PlaceAdd\/","article_modified_time":"2025-03-03T13:39:48+00:00","og_image":[{"width":800,"height":800,"url":"https:\/\/place-add.nl\/wp-content\/uploads\/2024\/09\/Menukaarten_HARDCOVER_Place_Add_1.jpg","type":"image\/jpeg"}],"twitter_card":"summary_large_image","twitter_misc":{"Gesch\u00e4tzte Lesezeit":"2\u00a0Minuten"},"schema":{"@context":"https:\/\/schema.org","@graph":[{"@type":"WebPage","@id":"https:\/\/place-add.nl\/de\/produkt\/a4-hardcover-speisekarten\/","url":"https:\/\/place-add.nl\/de\/produkt\/a4-hardcover-speisekarten\/","name":"A4-Hardcover-Speisekarten | Place Add","isPartOf":{"@id":"https:\/\/place-add.nl\/de\/#website"},"primaryImageOfPage":{"@id":"https:\/\/place-add.nl\/de\/produkt\/a4-hardcover-speisekarten\/#primaryimage"},"image":{"@id":"https:\/\/place-add.nl\/de\/produkt\/a4-hardcover-speisekarten\/#primaryimage"},"thumbnailUrl":"https:\/\/place-add.nl\/wp-content\/uploads\/2024\/09\/Menukaarten_HARDCOVER_Place_Add_1.jpg","datePublished":"2024-06-17T13:28:13+00:00","dateModified":"2025-03-03T13:39:48+00:00","description":"A4-Hardcover-Speisekarten aus luxuri\u00f6sem, kratz- und feuchtigkeitsbest\u00e4ndigem Kunstleder. Erh\u00e4ltlich in 3 Farben. Lieferzeit 3-4 Wochen.","breadcrumb":{"@id":"https:\/\/place-add.nl\/de\/produkt\/a4-hardcover-speisekarten\/#breadcrumb"},"inLanguage":"de","potentialAction":[{"@type":"ReadAction","target":["https:\/\/place-add.nl\/de\/produkt\/a4-hardcover-speisekarten\/"]}]},{"@type":"ImageObject","inLanguage":"de","@id":"https:\/\/place-add.nl\/de\/produkt\/a4-hardcover-speisekarten\/#primaryimage","url":"https:\/\/place-add.nl\/wp-content\/uploads\/2024\/09\/Menukaarten_HARDCOVER_Place_Add_1.jpg","contentUrl":"https:\/\/place-add.nl\/wp-content\/uploads\/2024\/09\/Menukaarten_HARDCOVER_Place_Add_1.jpg","width":800,"height":800,"caption":"Hardcover menukaart met eigen opdruk"},{"@type":"BreadcrumbList","@id":"https:\/\/place-add.nl\/de\/produkt\/a4-hardcover-speisekarten\/#breadcrumb","itemListElement":[{"@type":"ListItem","position":1,"name":"Home","item":"https:\/\/place-add.nl\/de\/home\/"},{"@type":"ListItem","position":2,"name":"Shop","item":"https:\/\/place-add.nl\/de\/shop\/"},{"@type":"ListItem","position":3,"name":"Hardcover"}]},{"@type":"WebSite","@id":"https:\/\/place-add.nl\/de\/#website","url":"https:\/\/place-add.nl\/de\/","name":"Place Add","description":"Tafelkleding voor de horeca","publisher":{"@id":"https:\/\/place-add.nl\/de\/#organization"},"potentialAction":[{"@type":"SearchAction","target":{"@type":"EntryPoint","urlTemplate":"https:\/\/place-add.nl\/de\/?s={search_term_string}"},"query-input":{"@type":"PropertyValueSpecification","valueRequired":true,"valueName":"search_term_string"}}],"inLanguage":"de"},{"@type":"Organization","@id":"https:\/\/place-add.nl\/de\/#organization","name":"Place Add","url":"https:\/\/place-add.nl\/de\/","logo":{"@type":"ImageObject","inLanguage":"de","@id":"https:\/\/place-add.nl\/de\/#\/schema\/logo\/image\/","url":"https:\/\/place-add.nl\/wp-content\/uploads\/2023\/11\/logo-img-place-add.png","contentUrl":"https:\/\/place-add.nl\/wp-content\/uploads\/2023\/11\/logo-img-place-add.png","width":404,"height":106,"caption":"Place Add"},"image":{"@id":"https:\/\/place-add.nl\/de\/#\/schema\/logo\/image\/"},"sameAs":["https:\/\/www.facebook.com\/PlaceAdd\/","https:\/\/www.instagram.com\/place_add\/","https:\/\/www.youtube.com\/@placeadd"]}]}},"_links":{"self":[{"href":"https:\/\/place-add.nl\/de\/wp-json\/wp\/v2\/product\/43250","targetHints":{"allow":["GET"]}}],"collection":[{"href":"https:\/\/place-add.nl\/de\/wp-json\/wp\/v2\/product"}],"about":[{"href":"https:\/\/place-add.nl\/de\/wp-json\/wp\/v2\/types\/product"}],"wp:featuredmedia":[{"embeddable":true,"href":"https:\/\/place-add.nl\/de\/wp-json\/wp\/v2\/media\/41076"}],"wp:attachment":[{"href":"https:\/\/place-add.nl\/de\/wp-json\/wp\/v2\/media?parent=43250"}],"wp:term":[{"taxonomy":"product_brand","embeddable":true,"href":"https:\/\/place-add.nl\/de\/wp-json\/wp\/v2\/product_brand?post=43250"},{"taxonomy":"product_cat","embeddable":true,"href":"https:\/\/place-add.nl\/de\/wp-json\/wp\/v2\/product_cat?post=43250"},{"taxonomy":"product_tag","embeddable":true,"href":"https:\/\/place-add.nl\/de\/wp-json\/wp\/v2\/product_tag?post=43250"}],"curies":[{"name":"wp","href":"https:\/\/api.w.org\/{rel}","templated":true}]}}