{"id":43252,"date":"2024-06-17T13:44:21","date_gmt":"2024-06-17T13:44:21","guid":{"rendered":"https:\/\/place-add.nl\/product\/leren-omslag\/"},"modified":"2025-07-24T11:52:15","modified_gmt":"2025-07-24T11:52:15","slug":"holz-mit-lederumschlag","status":"publish","type":"product","link":"https:\/\/place-add.nl\/de\/produkt\/holz-mit-lederumschlag\/","title":{"rendered":"Holz mit Lederumslag"},"content":{"rendered":"<p>Unser <strong>Speisekarte aus Holz mit Ledereinband<\/strong> kombiniert die nat\u00fcrliche Sch\u00f6nheit von Birkenholz mit dem luxuri\u00f6sen Aussehen von Leder. Dieses mit \u00f6kologischem \u00d6l und einer Wachsbeschichtung behandelte Brett ist in vier sch\u00f6nen Farben erh\u00e4ltlich: Schwarz, Braun, Natur und Wei\u00df. Das \u00d6l ist \u201eeingewaschen\u201c, so dass die Holzmaserung sch\u00f6n sichtbar bleibt. Der Lederaufn\u00e4her wird mit charmanten Kn\u00f6pfen am Regal befestigt und sorgt so f\u00fcr eine stilvolle und dauerhafte Pr\u00e4sentation.<\/p>\n<p>Farboptionen:<\/p>\n<ul>\n<li>Schwarz<\/li>\n<li>Braun<\/li>\n<li>Nat\u00fcrlich<\/li>\n<li>Wei\u00df<\/li>\n<\/ul>\n<p>Unsere <strong>Speisekarte aus Holz mit Ledereinband<\/strong> ist in den folgenden Gr\u00f6\u00dfen erh\u00e4ltlich:<\/p>\n<ul>\n<li>A4<\/li>\n<li>A5<\/li>\n<\/ul>\n<p>Das nat\u00fcrliche Aussehen des Holzes l\u00e4sst Ihre Speisekarten wundersch\u00f6n zur Geltung kommen. Die weiche, helle Farbe und die einzigartige Maserung des Holzes sorgen f\u00fcr eine \u00e4sthetische Pr\u00e4sentation, die die Aufmerksamkeit Ihrer G\u00e4ste auf sich ziehen wird. Ob traditionelles Men\u00fc oder moderne Pr\u00e4sentation, unsere Birkenholz-Men\u00fcs passen perfekt zu jedem Stil.<\/p>\n<p>Sehen Sie sich auch unsere passenden <strong><a href=\"https:\/\/place-add.nl\/de\/tischaccessoires-co\/organizers\/\">Tischaccessoires aus Holz<\/a><\/strong> und <strong><a href=\"https:\/\/place-add.nl\/de\/tischaccessoires-co\/leder-accessoires\/\">Leder<\/a><\/strong> an!<\/p>\n<p>Ben\u00f6tigen Sie kurzfristig Men\u00fckarten? Dann besuchen Sie unsere zweite Website, <strong><a href=\"http:\/\/www.craftontable.com\/\">Craftontable.com<\/a><\/strong>, f\u00fcr schnelle Lieferm\u00f6glichkeiten.<\/p>\n<p>Ben\u00f6tigen Sie eine pers\u00f6nliche Beratung bei der Auswahl einer Men\u00fckarte aus Holz mit Ledereinband? Dann z\u00f6gern Sie nicht, uns zu kontaktieren. Unser engagiertes Team hilft Ihnen gerne, die perfekte Wahl f\u00fcr Ihre speziellen Bed\u00fcrfnisse zu treffen.<\/p>\n<p><button id=\"knop-contact-opnemen-overige-producten-de\">Kontaktieren Sie uns unverbindlich<\/button><\/p>\n","protected":false},"excerpt":{"rendered":"<p>Unser Unser <strong>Speisekarte aus Holz mit Ledereinband<\/strong> kombiniert die nat\u00fcrliche Sch\u00f6nheit von Birkenholz mit dem luxuri\u00f6sen Aussehen von Leder. Behandelt mit \u00f6kologischem \u00d6l und einer Wachsbeschichtung, ist dieses Regal in vier sch\u00f6nen Farben erh\u00e4ltlich: Schwarz, Braun, Natur und Wei\u00df. Das \u00d6l wird \u201eeingewaschen\u201c, so dass die Holzmaserung sch\u00f6n sichtbar bleibt. Das Ledertuch ist mit charmanten Revolverkn\u00f6pfen am Regal befestigt und sorgt f\u00fcr eine stilvolle und dauerhafte Pr\u00e4sentation.<\/p>\n<p><strong>Warum sollten Sie sich f\u00fcr unser Men\u00fcbrett aus Holz mit Ledereinband entscheiden?<\/strong><\/p>\n<ul>\n<li><strong>Nat\u00fcrliche und langlebige Materialien:<\/strong> Dieses Men\u00fcbrett besteht aus hochwertigen Birkenholzplatten und einem Ledertuch, beides nat\u00fcrliche Materialien, die f\u00fcr ein unverwechselbares Aussehen und eine sehr lange Lebensdauer sorgen.<\/li>\n<li><strong>Stilvolles und funktionelles Design:<\/strong> Die Kombination aus Holz und Leder, die mit charmanten \u201eRevolver\u201c-Kn\u00f6pfen befestigt ist, verleiht dieser Men\u00fckarte einen einzigartigen und eleganten Look. Die Birkenleiste sorgt daf\u00fcr, dass der Lederaufn\u00e4her fest mit dem Brett verbunden ist.<\/li>\n<li><strong>Personalisierung und Individualisierung:<\/strong> F\u00fcr eine pers\u00f6nliche Note k\u00f6nnen Sie Ihren eigenen Aufdruck auf dem Lederaufn\u00e4her w\u00e4hlen. Laden Sie Ihr Logo hoch und erhalten Sie einen digitalen Korrekturabzug zur Genehmigung.<\/li>\n<\/ul>\n<p><button id=\"knop-contact-opnemen-overige-producten-de\">Kontaktieren Sie uns unverbindlich<\/button><\/p>\n","protected":false},"featured_media":38545,"template":"","meta":[],"product_brand":[],"product_cat":[1458],"product_tag":[1198,1199,1200,1201,1202,1203,1313,1284],"class_list":{"0":"post-43252","1":"product","2":"type-product","3":"status-publish","4":"has-post-thumbnail","6":"product_cat-holz-shop","7":"product_tag-maatwerk-menukaarten-de","8":"product_tag-menukaarten-de","9":"product_tag-menukaarten-horeca-de","10":"product_tag-menukaarten-kopen-de","11":"product_tag-menukaarten-op-maat-de","12":"product_tag-restaurant-menukaarten-de","13":"product_tag-speisekarten-aus-holz","14":"product_tag-speisekartenbrett-aus-holz","16":"first","17":"instock","18":"taxable","19":"shipping-taxable","20":"purchasable","21":"product-type-variable"},"yoast_head":"<!-- This site is optimized with the Yoast SEO Premium plugin v27.2 (Yoast SEO v27.2) - https:\/\/yoast.com\/product\/yoast-seo-premium-wordpress\/ -->\n<title>Holz mit Lederumschlag | Speisekarte aus Holz | Place Add<\/title>\n<meta name=\"description\" content=\"Nat\u00fcrliche Sch\u00f6nheit und Luxus mit unserer Speisekarte aus Holz mit Lederumschlag. Erh\u00e4ltlich in Schwarz, Braun, Natur und Wei\u00df.\" \/>\n<meta name=\"robots\" content=\"index, follow, max-snippet:-1, max-image-preview:large, max-video-preview:-1\" \/>\n<link rel=\"canonical\" href=\"https:\/\/place-add.nl\/de\/produkt\/holz-mit-lederumschlag\/\" \/>\n<meta property=\"og:locale\" content=\"de_DE\" \/>\n<meta property=\"og:type\" content=\"article\" \/>\n<meta property=\"og:title\" content=\"Holz mit Lederumslag\" \/>\n<meta property=\"og:description\" content=\"Nat\u00fcrliche Sch\u00f6nheit und Luxus mit unserer Speisekarte aus Holz mit Lederumschlag. Erh\u00e4ltlich in Schwarz, Braun, Natur und Wei\u00df.\" \/>\n<meta property=\"og:url\" content=\"https:\/\/place-add.nl\/de\/produkt\/holz-mit-lederumschlag\/\" \/>\n<meta property=\"og:site_name\" content=\"Place Add\" \/>\n<meta property=\"article:publisher\" content=\"https:\/\/www.facebook.com\/PlaceAdd\/\" \/>\n<meta property=\"article:modified_time\" content=\"2025-07-24T11:52:15+00:00\" \/>\n<meta property=\"og:image\" content=\"https:\/\/place-add.nl\/wp-content\/uploads\/2024\/06\/menukaarten_shop_hout_leren-omslag_Place_Add_3.jpg\" \/>\n\t<meta property=\"og:image:width\" content=\"800\" \/>\n\t<meta property=\"og:image:height\" content=\"800\" \/>\n\t<meta property=\"og:image:type\" content=\"image\/jpeg\" \/>\n<meta name=\"twitter:card\" content=\"summary_large_image\" \/>\n<meta name=\"twitter:label1\" content=\"Gesch\u00e4tzte Lesezeit\" \/>\n\t<meta name=\"twitter:data1\" content=\"2\u00a0Minuten\" \/>\n<script type=\"application\/ld+json\" class=\"yoast-schema-graph\">{\"@context\":\"https:\/\/schema.org\",\"@graph\":[{\"@type\":\"WebPage\",\"@id\":\"https:\/\/place-add.nl\/de\/produkt\/holz-mit-lederumschlag\/\",\"url\":\"https:\/\/place-add.nl\/de\/produkt\/holz-mit-lederumschlag\/\",\"name\":\"Holz mit Lederumschlag | Speisekarte aus Holz | Place Add\",\"isPartOf\":{\"@id\":\"https:\/\/place-add.nl\/de\/#website\"},\"primaryImageOfPage\":{\"@id\":\"https:\/\/place-add.nl\/de\/produkt\/holz-mit-lederumschlag\/#primaryimage\"},\"image\":{\"@id\":\"https:\/\/place-add.nl\/de\/produkt\/holz-mit-lederumschlag\/#primaryimage\"},\"thumbnailUrl\":\"https:\/\/place-add.nl\/wp-content\/uploads\/2024\/06\/menukaarten_shop_hout_leren-omslag_Place_Add_3.jpg\",\"datePublished\":\"2024-06-17T13:44:21+00:00\",\"dateModified\":\"2025-07-24T11:52:15+00:00\",\"description\":\"Nat\u00fcrliche Sch\u00f6nheit und Luxus mit unserer Speisekarte aus Holz mit Lederumschlag. Erh\u00e4ltlich in Schwarz, Braun, Natur und Wei\u00df.\",\"breadcrumb\":{\"@id\":\"https:\/\/place-add.nl\/de\/produkt\/holz-mit-lederumschlag\/#breadcrumb\"},\"inLanguage\":\"de\",\"potentialAction\":[{\"@type\":\"ReadAction\",\"target\":[\"https:\/\/place-add.nl\/de\/produkt\/holz-mit-lederumschlag\/\"]}]},{\"@type\":\"ImageObject\",\"inLanguage\":\"de\",\"@id\":\"https:\/\/place-add.nl\/de\/produkt\/holz-mit-lederumschlag\/#primaryimage\",\"url\":\"https:\/\/place-add.nl\/wp-content\/uploads\/2024\/06\/menukaarten_shop_hout_leren-omslag_Place_Add_3.jpg\",\"contentUrl\":\"https:\/\/place-add.nl\/wp-content\/uploads\/2024\/06\/menukaarten_shop_hout_leren-omslag_Place_Add_3.jpg\",\"width\":800,\"height\":800,\"caption\":\"Houten menukaart met leren flap\"},{\"@type\":\"BreadcrumbList\",\"@id\":\"https:\/\/place-add.nl\/de\/produkt\/holz-mit-lederumschlag\/#breadcrumb\",\"itemListElement\":[{\"@type\":\"ListItem\",\"position\":1,\"name\":\"Home\",\"item\":\"https:\/\/place-add.nl\/de\/home\/\"},{\"@type\":\"ListItem\",\"position\":2,\"name\":\"Shop\",\"item\":\"https:\/\/place-add.nl\/de\/shop\/\"},{\"@type\":\"ListItem\",\"position\":3,\"name\":\"Holz mit Lederumslag\"}]},{\"@type\":\"WebSite\",\"@id\":\"https:\/\/place-add.nl\/de\/#website\",\"url\":\"https:\/\/place-add.nl\/de\/\",\"name\":\"Place Add\",\"description\":\"Tafelkleding voor de horeca\",\"publisher\":{\"@id\":\"https:\/\/place-add.nl\/de\/#organization\"},\"potentialAction\":[{\"@type\":\"SearchAction\",\"target\":{\"@type\":\"EntryPoint\",\"urlTemplate\":\"https:\/\/place-add.nl\/de\/?s={search_term_string}\"},\"query-input\":{\"@type\":\"PropertyValueSpecification\",\"valueRequired\":true,\"valueName\":\"search_term_string\"}}],\"inLanguage\":\"de\"},{\"@type\":\"Organization\",\"@id\":\"https:\/\/place-add.nl\/de\/#organization\",\"name\":\"Place Add\",\"url\":\"https:\/\/place-add.nl\/de\/\",\"logo\":{\"@type\":\"ImageObject\",\"inLanguage\":\"de\",\"@id\":\"https:\/\/place-add.nl\/de\/#\/schema\/logo\/image\/\",\"url\":\"https:\/\/place-add.nl\/wp-content\/uploads\/2023\/11\/logo-img-place-add.png\",\"contentUrl\":\"https:\/\/place-add.nl\/wp-content\/uploads\/2023\/11\/logo-img-place-add.png\",\"width\":404,\"height\":106,\"caption\":\"Place Add\"},\"image\":{\"@id\":\"https:\/\/place-add.nl\/de\/#\/schema\/logo\/image\/\"},\"sameAs\":[\"https:\/\/www.facebook.com\/PlaceAdd\/\",\"https:\/\/www.instagram.com\/place_add\/\",\"https:\/\/www.youtube.com\/@placeadd\"]}]}<\/script>\n<!-- \/ Yoast SEO Premium plugin. -->","yoast_head_json":{"title":"Holz mit Lederumschlag | Speisekarte aus Holz | Place Add","description":"Nat\u00fcrliche Sch\u00f6nheit und Luxus mit unserer Speisekarte aus Holz mit Lederumschlag. Erh\u00e4ltlich in Schwarz, Braun, Natur und Wei\u00df.","robots":{"index":"index","follow":"follow","max-snippet":"max-snippet:-1","max-image-preview":"max-image-preview:large","max-video-preview":"max-video-preview:-1"},"canonical":"https:\/\/place-add.nl\/de\/produkt\/holz-mit-lederumschlag\/","og_locale":"de_DE","og_type":"article","og_title":"Holz mit Lederumslag","og_description":"Nat\u00fcrliche Sch\u00f6nheit und Luxus mit unserer Speisekarte aus Holz mit Lederumschlag. Erh\u00e4ltlich in Schwarz, Braun, Natur und Wei\u00df.","og_url":"https:\/\/place-add.nl\/de\/produkt\/holz-mit-lederumschlag\/","og_site_name":"Place Add","article_publisher":"https:\/\/www.facebook.com\/PlaceAdd\/","article_modified_time":"2025-07-24T11:52:15+00:00","og_image":[{"width":800,"height":800,"url":"https:\/\/place-add.nl\/wp-content\/uploads\/2024\/06\/menukaarten_shop_hout_leren-omslag_Place_Add_3.jpg","type":"image\/jpeg"}],"twitter_card":"summary_large_image","twitter_misc":{"Gesch\u00e4tzte Lesezeit":"2\u00a0Minuten"},"schema":{"@context":"https:\/\/schema.org","@graph":[{"@type":"WebPage","@id":"https:\/\/place-add.nl\/de\/produkt\/holz-mit-lederumschlag\/","url":"https:\/\/place-add.nl\/de\/produkt\/holz-mit-lederumschlag\/","name":"Holz mit Lederumschlag | Speisekarte aus Holz | Place Add","isPartOf":{"@id":"https:\/\/place-add.nl\/de\/#website"},"primaryImageOfPage":{"@id":"https:\/\/place-add.nl\/de\/produkt\/holz-mit-lederumschlag\/#primaryimage"},"image":{"@id":"https:\/\/place-add.nl\/de\/produkt\/holz-mit-lederumschlag\/#primaryimage"},"thumbnailUrl":"https:\/\/place-add.nl\/wp-content\/uploads\/2024\/06\/menukaarten_shop_hout_leren-omslag_Place_Add_3.jpg","datePublished":"2024-06-17T13:44:21+00:00","dateModified":"2025-07-24T11:52:15+00:00","description":"Nat\u00fcrliche Sch\u00f6nheit und Luxus mit unserer Speisekarte aus Holz mit Lederumschlag. Erh\u00e4ltlich in Schwarz, Braun, Natur und Wei\u00df.","breadcrumb":{"@id":"https:\/\/place-add.nl\/de\/produkt\/holz-mit-lederumschlag\/#breadcrumb"},"inLanguage":"de","potentialAction":[{"@type":"ReadAction","target":["https:\/\/place-add.nl\/de\/produkt\/holz-mit-lederumschlag\/"]}]},{"@type":"ImageObject","inLanguage":"de","@id":"https:\/\/place-add.nl\/de\/produkt\/holz-mit-lederumschlag\/#primaryimage","url":"https:\/\/place-add.nl\/wp-content\/uploads\/2024\/06\/menukaarten_shop_hout_leren-omslag_Place_Add_3.jpg","contentUrl":"https:\/\/place-add.nl\/wp-content\/uploads\/2024\/06\/menukaarten_shop_hout_leren-omslag_Place_Add_3.jpg","width":800,"height":800,"caption":"Houten menukaart met leren flap"},{"@type":"BreadcrumbList","@id":"https:\/\/place-add.nl\/de\/produkt\/holz-mit-lederumschlag\/#breadcrumb","itemListElement":[{"@type":"ListItem","position":1,"name":"Home","item":"https:\/\/place-add.nl\/de\/home\/"},{"@type":"ListItem","position":2,"name":"Shop","item":"https:\/\/place-add.nl\/de\/shop\/"},{"@type":"ListItem","position":3,"name":"Holz mit Lederumslag"}]},{"@type":"WebSite","@id":"https:\/\/place-add.nl\/de\/#website","url":"https:\/\/place-add.nl\/de\/","name":"Place Add","description":"Tafelkleding voor de horeca","publisher":{"@id":"https:\/\/place-add.nl\/de\/#organization"},"potentialAction":[{"@type":"SearchAction","target":{"@type":"EntryPoint","urlTemplate":"https:\/\/place-add.nl\/de\/?s={search_term_string}"},"query-input":{"@type":"PropertyValueSpecification","valueRequired":true,"valueName":"search_term_string"}}],"inLanguage":"de"},{"@type":"Organization","@id":"https:\/\/place-add.nl\/de\/#organization","name":"Place Add","url":"https:\/\/place-add.nl\/de\/","logo":{"@type":"ImageObject","inLanguage":"de","@id":"https:\/\/place-add.nl\/de\/#\/schema\/logo\/image\/","url":"https:\/\/place-add.nl\/wp-content\/uploads\/2023\/11\/logo-img-place-add.png","contentUrl":"https:\/\/place-add.nl\/wp-content\/uploads\/2023\/11\/logo-img-place-add.png","width":404,"height":106,"caption":"Place Add"},"image":{"@id":"https:\/\/place-add.nl\/de\/#\/schema\/logo\/image\/"},"sameAs":["https:\/\/www.facebook.com\/PlaceAdd\/","https:\/\/www.instagram.com\/place_add\/","https:\/\/www.youtube.com\/@placeadd"]}]}},"_links":{"self":[{"href":"https:\/\/place-add.nl\/de\/wp-json\/wp\/v2\/product\/43252","targetHints":{"allow":["GET"]}}],"collection":[{"href":"https:\/\/place-add.nl\/de\/wp-json\/wp\/v2\/product"}],"about":[{"href":"https:\/\/place-add.nl\/de\/wp-json\/wp\/v2\/types\/product"}],"wp:featuredmedia":[{"embeddable":true,"href":"https:\/\/place-add.nl\/de\/wp-json\/wp\/v2\/media\/38545"}],"wp:attachment":[{"href":"https:\/\/place-add.nl\/de\/wp-json\/wp\/v2\/media?parent=43252"}],"wp:term":[{"taxonomy":"product_brand","embeddable":true,"href":"https:\/\/place-add.nl\/de\/wp-json\/wp\/v2\/product_brand?post=43252"},{"taxonomy":"product_cat","embeddable":true,"href":"https:\/\/place-add.nl\/de\/wp-json\/wp\/v2\/product_cat?post=43252"},{"taxonomy":"product_tag","embeddable":true,"href":"https:\/\/place-add.nl\/de\/wp-json\/wp\/v2\/product_tag?post=43252"}],"curies":[{"name":"wp","href":"https:\/\/api.w.org\/{rel}","templated":true}]}}