{"id":43256,"date":"2024-06-17T13:42:07","date_gmt":"2024-06-17T13:42:07","guid":{"rendered":"https:\/\/place-add.nl\/product\/tabblad-menukaarten\/"},"modified":"2025-06-02T10:44:07","modified_gmt":"2025-06-02T10:44:07","slug":"holz-mit-register","status":"publish","type":"product","link":"https:\/\/place-add.nl\/de\/produkt\/holz-mit-register\/","title":{"rendered":"Holz mit Register"},"content":{"rendered":"<p>Unsere <strong>Holz-Men\u00fcplatte mit Tabs<\/strong> haben das nat\u00fcrliche Aussehen von <strong>Birkenholz<\/strong>. Dadurch kommen Ihre Speisekarten besonders gut zur Geltung. Die weiche, helle Farbe und die einzigartige Maserung des Holzes sorgen f\u00fcr eine \u00e4sthetische Pr\u00e4sentation, die die Aufmerksamkeit Ihrer G\u00e4ste auf sich ziehen wird. Ob es sich um ein traditionelles Men\u00fc oder eine moderne Pr\u00e4sentation handelt, unsere Men\u00fckarten aus Birkenholz passen perfekt zu jedem Stil.<\/p>\n<p><strong>Holz-Men\u00fcplatte mit Tabs<\/strong> verwenden ein spezielles Papierformat f\u00fcr eine einzigartige Men\u00fcpr\u00e4sentation.<\/p>\n<p><strong>Papier f\u00fcr Tab-Men\u00fcs:<\/strong><\/p>\n<ul>\n<li><strong>21 cm x 21 cm<\/strong><\/li>\n<li><strong>21 cm x 23,5 cm<\/strong><\/li>\n<li><strong>21 cm x 26 cm<\/strong><\/li>\n<li><strong>21 cm x 28,5 cm<\/strong><\/li>\n<\/ul>\n<p>Vervollst\u00e4ndigen Sie das Bild mit einem unserer anderen h\u00f6lzernen Tisch-Accessoires, wie z.B. einem praktischen <strong><a href=\"https:\/\/place-add.nl\/de\/produkt\/qr-tischdisplays\/\">QR-Display<\/a><\/strong>, oder <strong><a href=\"https:\/\/place-add.nl\/voor-op-tafel-webshop\/organizers\/\">Organizern<\/a>.<\/strong><\/p>\n<p>Sie brauchen kurzfristig Speisekarten? Dann besuchen Sie unsere zweite Website, <strong><a href=\"http:\/\/www.craftontable.com\/\">Craftontable.com<\/a><\/strong>, f\u00fcr Men\u00fckarten mit weniger Personalisierungsm\u00f6glichkeiten, aber schnellerer Lieferzeit.<\/p>\n<p><strong>Ben\u00f6tigen Sie eine pers\u00f6nliche Beratung? Nehmen Sie Kontakt mit uns auf. Unser engagiertes Team hilft Ihnen gerne, die perfekte Wahl f\u00fcr Ihre speziellen Bed\u00fcrfnisse zu treffen. Entdecken Sie noch heute, wie unsere Men\u00fckarten aus Birkenholz Ihr Lokal bereichern und Ihren G\u00e4sten ein einzigartiges Men\u00fcerlebnis bieten k\u00f6nnen.<\/strong><\/p>\n<p><button id=\"knop-contact-opnemen-overige-producten-de\">Kontaktieren Sie uns unverbindlich<\/button><\/p>\n","protected":false},"excerpt":{"rendered":"<p>Unsere <strong>Holz-Men\u00fcplatte mit Tabs<\/strong> ist eine vielseitige und stilvolle L\u00f6sung zur Pr\u00e4sentation Ihrer Men\u00fcs. Sie besteht aus hochwertigem Birkenholz und ist mit einer \u00f6kologischen \u00d6l- und Wachsschicht versehen. Diese Platte ist in vier wundersch\u00f6nen Farben erh\u00e4ltlich: Schwarz, Braun, Natur und Wei\u00df. Das \u00d6l wird \u201eeingewaschen\u201c, wodurch die Holzmaserung sichtbar bleibt und die nat\u00fcrliche Sch\u00f6nheit des Materials betont wird.<\/p>\n<p>Warum sollten Sie sich f\u00fcr unsere Holz-Men\u00fcplatte mit Tabs entscheiden?<\/p>\n<ul>\n<li><strong>Nachhaltig und umweltfreundlich:<\/strong> Die Birkenholzplatte wurde mit \u00f6kologischem \u00d6l und einer Wachsschicht behandelt, was nicht nur eine nachhaltige und umweltfreundliche Wahl darstellt, sondern auch die Lebensdauer des Produkts verl\u00e4ngert. Das nat\u00fcrliche Aussehen des Holzes bleibt erhalten, dank des eingearbeiteten \u00d6ls, das die Maserung sichtbar macht.<\/li>\n<li><strong>Praktisches und stilvolles Design:<\/strong> Die Platte ist mit einem Loch versehen, sodass sie einfach aufgeh\u00e4ngt werden kann, um eine stilvolle Pr\u00e4sentation zu erm\u00f6glichen. Die Karte ist mit vier Kunststoff-Tabs ausgestattet, die mit schwarzem N\u00e4hen verziert sind, und mit einer rustikalen \u201eRevolverknopf\u201c-Schraube versehen. Diese Elemente verleihen der Men\u00fcplatte ein einzigartiges und elegantes Aussehen, das perfekt zu jedem gastronomischen Betrieb passt.<\/li>\n<li><strong>Praktische Gliederung und kostenlose Vorlage:<\/strong> Die Tabs bieten eine \u00fcbersichtliche und praktische Struktur f\u00fcr Ihre Men\u00fcs, mit Papiergr\u00f6\u00dfen von 21 cm x 21 cm bis 21 cm x 28,5 cm. Beim Kauf dieser Men\u00fckarten erhalten Sie au\u00dferdem eine kostenlose Vorlage, die einfach in Word bearbeitet werden kann. So k\u00f6nnen Sie Ihre Men\u00fcs schnell und unkompliziert anpassen und personalisieren.<\/li>\n<\/ul>\n<p><button id=\"knop-contact-opnemen-overige-producten-de\">Kontaktieren Sie uns unverbindlich<\/button><\/p>\n","protected":false},"featured_media":38691,"template":"","meta":[],"product_brand":[],"product_cat":[1458],"product_tag":[1198,1199,1200,1201,1202,1349,1203,1313,1296],"class_list":{"0":"post-43256","1":"product","2":"type-product","3":"status-publish","4":"has-post-thumbnail","6":"product_cat-holz-shop","7":"product_tag-maatwerk-menukaarten-de","8":"product_tag-menukaarten-de","9":"product_tag-menukaarten-horeca-de","10":"product_tag-menukaarten-kopen-de","11":"product_tag-menukaarten-op-maat-de","12":"product_tag-reiter-speisekarten","13":"product_tag-restaurant-menukaarten-de","14":"product_tag-speisekarten-aus-holz","15":"product_tag-speisekarten-holz","17":"first","18":"instock","19":"taxable","20":"shipping-taxable","21":"purchasable","22":"product-type-variable"},"yoast_head":"<!-- This site is optimized with the Yoast SEO Premium plugin v27.2 (Yoast SEO v27.2) - https:\/\/yoast.com\/product\/yoast-seo-premium-wordpress\/ -->\n<title>Holz mit Register Speisekarten | Place Add | F\u00fcr die Gastronomie<\/title>\n<meta name=\"description\" content=\"Holz mit Registersind in einer Gr\u00f6\u00dfe mit 4 oder 5 Tabs erh\u00e4ltlich. Bestellen Sie direkt online bei Place Add! Supersch\u00f6n!\" \/>\n<meta name=\"robots\" content=\"index, follow, max-snippet:-1, max-image-preview:large, max-video-preview:-1\" \/>\n<link rel=\"canonical\" href=\"https:\/\/place-add.nl\/de\/produkt\/holz-mit-register\/\" \/>\n<meta property=\"og:locale\" content=\"de_DE\" \/>\n<meta property=\"og:type\" content=\"article\" \/>\n<meta property=\"og:title\" content=\"Holz mit Register\" \/>\n<meta property=\"og:description\" content=\"Holz mit Registersind in einer Gr\u00f6\u00dfe mit 4 oder 5 Tabs erh\u00e4ltlich. Bestellen Sie direkt online bei Place Add! Supersch\u00f6n!\" \/>\n<meta property=\"og:url\" content=\"https:\/\/place-add.nl\/de\/produkt\/holz-mit-register\/\" \/>\n<meta property=\"og:site_name\" content=\"Place Add\" \/>\n<meta property=\"article:publisher\" content=\"https:\/\/www.facebook.com\/PlaceAdd\/\" \/>\n<meta property=\"article:modified_time\" content=\"2025-06-02T10:44:07+00:00\" \/>\n<meta property=\"og:image\" content=\"https:\/\/place-add.nl\/wp-content\/uploads\/2024\/06\/menukaarten_shop_hout_tabblad_Place_Add_6.jpg\" \/>\n\t<meta property=\"og:image:width\" content=\"800\" \/>\n\t<meta property=\"og:image:height\" content=\"800\" \/>\n\t<meta property=\"og:image:type\" content=\"image\/jpeg\" \/>\n<meta name=\"twitter:card\" content=\"summary_large_image\" \/>\n<meta name=\"twitter:label1\" content=\"Gesch\u00e4tzte Lesezeit\" \/>\n\t<meta name=\"twitter:data1\" content=\"2\u00a0Minuten\" \/>\n<script type=\"application\/ld+json\" class=\"yoast-schema-graph\">{\"@context\":\"https:\/\/schema.org\",\"@graph\":[{\"@type\":\"WebPage\",\"@id\":\"https:\/\/place-add.nl\/de\/produkt\/holz-mit-register\/\",\"url\":\"https:\/\/place-add.nl\/de\/produkt\/holz-mit-register\/\",\"name\":\"Holz mit Register Speisekarten | Place Add | F\u00fcr die Gastronomie\",\"isPartOf\":{\"@id\":\"https:\/\/place-add.nl\/de\/#website\"},\"primaryImageOfPage\":{\"@id\":\"https:\/\/place-add.nl\/de\/produkt\/holz-mit-register\/#primaryimage\"},\"image\":{\"@id\":\"https:\/\/place-add.nl\/de\/produkt\/holz-mit-register\/#primaryimage\"},\"thumbnailUrl\":\"https:\/\/place-add.nl\/wp-content\/uploads\/2024\/06\/menukaarten_shop_hout_tabblad_Place_Add_6.jpg\",\"datePublished\":\"2024-06-17T13:42:07+00:00\",\"dateModified\":\"2025-06-02T10:44:07+00:00\",\"description\":\"Holz mit Registersind in einer Gr\u00f6\u00dfe mit 4 oder 5 Tabs erh\u00e4ltlich. Bestellen Sie direkt online bei Place Add! Supersch\u00f6n!\",\"breadcrumb\":{\"@id\":\"https:\/\/place-add.nl\/de\/produkt\/holz-mit-register\/#breadcrumb\"},\"inLanguage\":\"de\",\"potentialAction\":[{\"@type\":\"ReadAction\",\"target\":[\"https:\/\/place-add.nl\/de\/produkt\/holz-mit-register\/\"]}]},{\"@type\":\"ImageObject\",\"inLanguage\":\"de\",\"@id\":\"https:\/\/place-add.nl\/de\/produkt\/holz-mit-register\/#primaryimage\",\"url\":\"https:\/\/place-add.nl\/wp-content\/uploads\/2024\/06\/menukaarten_shop_hout_tabblad_Place_Add_6.jpg\",\"contentUrl\":\"https:\/\/place-add.nl\/wp-content\/uploads\/2024\/06\/menukaarten_shop_hout_tabblad_Place_Add_6.jpg\",\"width\":800,\"height\":800,\"caption\":\"Tabblad Menukaarten\"},{\"@type\":\"BreadcrumbList\",\"@id\":\"https:\/\/place-add.nl\/de\/produkt\/holz-mit-register\/#breadcrumb\",\"itemListElement\":[{\"@type\":\"ListItem\",\"position\":1,\"name\":\"Home\",\"item\":\"https:\/\/place-add.nl\/de\/home\/\"},{\"@type\":\"ListItem\",\"position\":2,\"name\":\"Shop\",\"item\":\"https:\/\/place-add.nl\/de\/shop\/\"},{\"@type\":\"ListItem\",\"position\":3,\"name\":\"Holz mit Register\"}]},{\"@type\":\"WebSite\",\"@id\":\"https:\/\/place-add.nl\/de\/#website\",\"url\":\"https:\/\/place-add.nl\/de\/\",\"name\":\"Place Add\",\"description\":\"Tafelkleding voor de horeca\",\"publisher\":{\"@id\":\"https:\/\/place-add.nl\/de\/#organization\"},\"potentialAction\":[{\"@type\":\"SearchAction\",\"target\":{\"@type\":\"EntryPoint\",\"urlTemplate\":\"https:\/\/place-add.nl\/de\/?s={search_term_string}\"},\"query-input\":{\"@type\":\"PropertyValueSpecification\",\"valueRequired\":true,\"valueName\":\"search_term_string\"}}],\"inLanguage\":\"de\"},{\"@type\":\"Organization\",\"@id\":\"https:\/\/place-add.nl\/de\/#organization\",\"name\":\"Place Add\",\"url\":\"https:\/\/place-add.nl\/de\/\",\"logo\":{\"@type\":\"ImageObject\",\"inLanguage\":\"de\",\"@id\":\"https:\/\/place-add.nl\/de\/#\/schema\/logo\/image\/\",\"url\":\"https:\/\/place-add.nl\/wp-content\/uploads\/2023\/11\/logo-img-place-add.png\",\"contentUrl\":\"https:\/\/place-add.nl\/wp-content\/uploads\/2023\/11\/logo-img-place-add.png\",\"width\":404,\"height\":106,\"caption\":\"Place Add\"},\"image\":{\"@id\":\"https:\/\/place-add.nl\/de\/#\/schema\/logo\/image\/\"},\"sameAs\":[\"https:\/\/www.facebook.com\/PlaceAdd\/\",\"https:\/\/www.instagram.com\/place_add\/\",\"https:\/\/www.youtube.com\/@placeadd\"]}]}<\/script>\n<!-- \/ Yoast SEO Premium plugin. -->","yoast_head_json":{"title":"Holz mit Register Speisekarten | Place Add | F\u00fcr die Gastronomie","description":"Holz mit Registersind in einer Gr\u00f6\u00dfe mit 4 oder 5 Tabs erh\u00e4ltlich. Bestellen Sie direkt online bei Place Add! Supersch\u00f6n!","robots":{"index":"index","follow":"follow","max-snippet":"max-snippet:-1","max-image-preview":"max-image-preview:large","max-video-preview":"max-video-preview:-1"},"canonical":"https:\/\/place-add.nl\/de\/produkt\/holz-mit-register\/","og_locale":"de_DE","og_type":"article","og_title":"Holz mit Register","og_description":"Holz mit Registersind in einer Gr\u00f6\u00dfe mit 4 oder 5 Tabs erh\u00e4ltlich. Bestellen Sie direkt online bei Place Add! Supersch\u00f6n!","og_url":"https:\/\/place-add.nl\/de\/produkt\/holz-mit-register\/","og_site_name":"Place Add","article_publisher":"https:\/\/www.facebook.com\/PlaceAdd\/","article_modified_time":"2025-06-02T10:44:07+00:00","og_image":[{"width":800,"height":800,"url":"https:\/\/place-add.nl\/wp-content\/uploads\/2024\/06\/menukaarten_shop_hout_tabblad_Place_Add_6.jpg","type":"image\/jpeg"}],"twitter_card":"summary_large_image","twitter_misc":{"Gesch\u00e4tzte Lesezeit":"2\u00a0Minuten"},"schema":{"@context":"https:\/\/schema.org","@graph":[{"@type":"WebPage","@id":"https:\/\/place-add.nl\/de\/produkt\/holz-mit-register\/","url":"https:\/\/place-add.nl\/de\/produkt\/holz-mit-register\/","name":"Holz mit Register Speisekarten | Place Add | F\u00fcr die Gastronomie","isPartOf":{"@id":"https:\/\/place-add.nl\/de\/#website"},"primaryImageOfPage":{"@id":"https:\/\/place-add.nl\/de\/produkt\/holz-mit-register\/#primaryimage"},"image":{"@id":"https:\/\/place-add.nl\/de\/produkt\/holz-mit-register\/#primaryimage"},"thumbnailUrl":"https:\/\/place-add.nl\/wp-content\/uploads\/2024\/06\/menukaarten_shop_hout_tabblad_Place_Add_6.jpg","datePublished":"2024-06-17T13:42:07+00:00","dateModified":"2025-06-02T10:44:07+00:00","description":"Holz mit Registersind in einer Gr\u00f6\u00dfe mit 4 oder 5 Tabs erh\u00e4ltlich. Bestellen Sie direkt online bei Place Add! Supersch\u00f6n!","breadcrumb":{"@id":"https:\/\/place-add.nl\/de\/produkt\/holz-mit-register\/#breadcrumb"},"inLanguage":"de","potentialAction":[{"@type":"ReadAction","target":["https:\/\/place-add.nl\/de\/produkt\/holz-mit-register\/"]}]},{"@type":"ImageObject","inLanguage":"de","@id":"https:\/\/place-add.nl\/de\/produkt\/holz-mit-register\/#primaryimage","url":"https:\/\/place-add.nl\/wp-content\/uploads\/2024\/06\/menukaarten_shop_hout_tabblad_Place_Add_6.jpg","contentUrl":"https:\/\/place-add.nl\/wp-content\/uploads\/2024\/06\/menukaarten_shop_hout_tabblad_Place_Add_6.jpg","width":800,"height":800,"caption":"Tabblad Menukaarten"},{"@type":"BreadcrumbList","@id":"https:\/\/place-add.nl\/de\/produkt\/holz-mit-register\/#breadcrumb","itemListElement":[{"@type":"ListItem","position":1,"name":"Home","item":"https:\/\/place-add.nl\/de\/home\/"},{"@type":"ListItem","position":2,"name":"Shop","item":"https:\/\/place-add.nl\/de\/shop\/"},{"@type":"ListItem","position":3,"name":"Holz mit Register"}]},{"@type":"WebSite","@id":"https:\/\/place-add.nl\/de\/#website","url":"https:\/\/place-add.nl\/de\/","name":"Place Add","description":"Tafelkleding voor de horeca","publisher":{"@id":"https:\/\/place-add.nl\/de\/#organization"},"potentialAction":[{"@type":"SearchAction","target":{"@type":"EntryPoint","urlTemplate":"https:\/\/place-add.nl\/de\/?s={search_term_string}"},"query-input":{"@type":"PropertyValueSpecification","valueRequired":true,"valueName":"search_term_string"}}],"inLanguage":"de"},{"@type":"Organization","@id":"https:\/\/place-add.nl\/de\/#organization","name":"Place Add","url":"https:\/\/place-add.nl\/de\/","logo":{"@type":"ImageObject","inLanguage":"de","@id":"https:\/\/place-add.nl\/de\/#\/schema\/logo\/image\/","url":"https:\/\/place-add.nl\/wp-content\/uploads\/2023\/11\/logo-img-place-add.png","contentUrl":"https:\/\/place-add.nl\/wp-content\/uploads\/2023\/11\/logo-img-place-add.png","width":404,"height":106,"caption":"Place Add"},"image":{"@id":"https:\/\/place-add.nl\/de\/#\/schema\/logo\/image\/"},"sameAs":["https:\/\/www.facebook.com\/PlaceAdd\/","https:\/\/www.instagram.com\/place_add\/","https:\/\/www.youtube.com\/@placeadd"]}]}},"_links":{"self":[{"href":"https:\/\/place-add.nl\/de\/wp-json\/wp\/v2\/product\/43256","targetHints":{"allow":["GET"]}}],"collection":[{"href":"https:\/\/place-add.nl\/de\/wp-json\/wp\/v2\/product"}],"about":[{"href":"https:\/\/place-add.nl\/de\/wp-json\/wp\/v2\/types\/product"}],"wp:featuredmedia":[{"embeddable":true,"href":"https:\/\/place-add.nl\/de\/wp-json\/wp\/v2\/media\/38691"}],"wp:attachment":[{"href":"https:\/\/place-add.nl\/de\/wp-json\/wp\/v2\/media?parent=43256"}],"wp:term":[{"taxonomy":"product_brand","embeddable":true,"href":"https:\/\/place-add.nl\/de\/wp-json\/wp\/v2\/product_brand?post=43256"},{"taxonomy":"product_cat","embeddable":true,"href":"https:\/\/place-add.nl\/de\/wp-json\/wp\/v2\/product_cat?post=43256"},{"taxonomy":"product_tag","embeddable":true,"href":"https:\/\/place-add.nl\/de\/wp-json\/wp\/v2\/product_tag?post=43256"}],"curies":[{"name":"wp","href":"https:\/\/api.w.org\/{rel}","templated":true}]}}