{"id":43260,"date":"2024-06-17T13:40:08","date_gmt":"2024-06-17T13:40:08","guid":{"rendered":"https:\/\/place-add.nl\/product\/houten-menuplank-met-stalen-klem\/"},"modified":"2025-06-02T10:53:52","modified_gmt":"2025-06-02T10:53:52","slug":"holz-mit-stahlklemme","status":"publish","type":"product","link":"https:\/\/place-add.nl\/de\/produkt\/holz-mit-stahlklemme\/","title":{"rendered":"Holz mit Stahlklemme"},"content":{"rendered":"<p>Unsere <strong>Holz-Men\u00fcplatte mit Stahlklemme<\/strong> ist eine nahezu unzerst\u00f6rbare <strong>Birkenholzplatte<\/strong>, erh\u00e4ltlich in den Formaten A4 und A5. Sie besteht aus 6 mm dickem Sperrholz, tr\u00e4gt das FSC-Holzlabel und ist mit 100% \u00f6kologischem \u00d6l sowie einer wasser- und schmutzabweisenden Wachsschicht behandelt. Die Platte beh\u00e4lt ihre nat\u00fcrliche Maserung und wird mit einer robusten schwarzen Stahlklemme abgerundet. Dieses niederl\u00e4ndische Produkt ist die perfekte Wahl f\u00fcr eine stilvolle Pr\u00e4sentation Ihrer Men\u00fcs.<\/p>\n<p>Wenn Sie sich f\u00fcr die <strong>Holz-Men\u00fcplatte mit Stahlklemme<\/strong> entscheiden, haben Sie die Wahl zwischen Holz, das mit schwarzem \u00d6l oder mit braunem \u00d6l behandelt wurde.<br \/>\nM\u00f6chten Sie eine andere Farbe? Kontaktieren Sie uns f\u00fcr weitere Informationen.<\/p>\n<p>Vervollst\u00e4ndigen Sie das Bild mit einem unserer anderen Holz-Tischaccessoires, wie zum Beispiel einem praktischen <strong><a href=\"https:\/\/place-add.nl\/de\/produkt\/qr-tischdisplays\/\">QR-Display<\/a><\/strong> oder <strong><a href=\"https:\/\/place-add.nl\/de\/tischaccessoires-co\/organizers\/\">Organisern<\/a><\/strong>.<\/p>\n<p>Ben\u00f6tigen Sie kurzfristig Men\u00fckarten? Besuchen Sie dann unsere zweite Website, <strong><a href=\"http:\/\/www.craftontable.com\/\">Craftontable.com<\/a><\/strong>, f\u00fcr Men\u00fckarten mit weniger Personalisierungsoptionen, aber schnelleren Lieferzeiten.<\/p>\n<p><strong>Ben\u00f6tigen Sie pers\u00f6nliche Beratung? Z\u00f6gern Sie nicht, uns zu kontaktieren. Unser engagiertes Team steht bereit, um Ihnen bei der Auswahl der perfekten L\u00f6sung f\u00fcr Ihre speziellen Bed\u00fcrfnisse zu helfen. Entdecken Sie noch heute, wie unsere Men\u00fckarten aus Birkenholz eine wunderbare Bereicherung f\u00fcr Ihr Restaurant sein k\u00f6nnen und lassen Sie Ihre G\u00e4ste eine einzigartige Men\u00fc-Erfahrung genie\u00dfen.<\/strong><\/p>\n<p><button id=\"knop-contact-opnemen-overige-producten-de\">Kontaktieren Sie uns unverbindlich<\/button><\/p>\n","protected":false},"excerpt":{"rendered":"<p><strong>Warum sollten Sie sich f\u00fcr unser Holz-Men\u00fcplatte mit Stahlklemme<\/strong> <strong>entscheiden?<\/strong><\/p>\n<ul>\n<li><strong>Nachhaltig und umweltfreundlich:<\/strong> Unser Men\u00fcbrett ist aus FSC-zertifiziertem Birkenholz gefertigt und mit 100% \u00f6kologischem \u00d6l behandelt. Das macht es zu einer umweltfreundlichen Wahl, die auch Langlebigkeit und Haltbarkeit garantiert.<\/li>\n<li><strong>\u00c4sthetisches und funktionelles Design:<\/strong> Die Verwendung einer Edelstahlklammer verleiht dem Brett ein robustes Aussehen, w\u00e4hrend die Behandlung mit \u00d6l und Wachs die nat\u00fcrliche Sch\u00f6nheit der Holzmaserung bewahrt. Dies gew\u00e4hrleistet eine attraktive und funktionelle Pr\u00e4sentation Ihrer Speisekarten, die sowohl wasser- als auch schmutzabweisend ist.<\/li>\n<li><strong>Personalisierung und Variation:<\/strong> Neben den Standardfarben Schwarz und Braun k\u00f6nnen wir auf Bestellung auch die Farben Natur und Wei\u00df sowie eine Version mit schwarzem Clip liefern. Dar\u00fcber hinaus besteht die M\u00f6glichkeit, Ihr Logo mittels Lasertechnik auf dem Regal zu platzieren. Dies gibt Ihnen die M\u00f6glichkeit, das Men\u00fcbrett vollst\u00e4ndig an den Stil Ihres Unternehmens anzupassen.<\/li>\n<\/ul>\n<p><button id=\"knop-contact-opnemen-overige-producten-de\">Kontaktieren Sie uns unverbindlich<\/button><\/p>\n","protected":false},"featured_media":38699,"template":"","meta":[],"product_brand":[],"product_cat":[1458],"product_tag":[1286,1198,1199,1200,1201,1202,1203,1313,1284],"class_list":{"0":"post-43260","1":"product","2":"type-product","3":"status-publish","4":"has-post-thumbnail","6":"product_cat-holz-shop","7":"product_tag-holz-mit-klemme","8":"product_tag-maatwerk-menukaarten-de","9":"product_tag-menukaarten-de","10":"product_tag-menukaarten-horeca-de","11":"product_tag-menukaarten-kopen-de","12":"product_tag-menukaarten-op-maat-de","13":"product_tag-restaurant-menukaarten-de","14":"product_tag-speisekarten-aus-holz","15":"product_tag-speisekartenbrett-aus-holz","17":"first","18":"instock","19":"taxable","20":"shipping-taxable","21":"purchasable","22":"product-type-variable"},"yoast_head":"<!-- This site is optimized with the Yoast SEO Premium plugin v27.2 (Yoast SEO v27.2) - https:\/\/yoast.com\/product\/yoast-seo-premium-wordpress\/ -->\n<title>Holz mit Stahlklemme | Place Add | F\u00fcr die Gastronomie<\/title>\n<meta name=\"description\" content=\"Entdecken Sie unser nachhaltiges holz-mit-stahlklemme: FSC-zertifiziertes Birkenholz, \u00f6kologisches \u00d6l und Edelstahlklammer.\" \/>\n<meta name=\"robots\" content=\"index, follow, max-snippet:-1, max-image-preview:large, max-video-preview:-1\" \/>\n<link rel=\"canonical\" href=\"https:\/\/place-add.nl\/de\/produkt\/holz-mit-stahlklemme\/\" \/>\n<meta property=\"og:locale\" content=\"de_DE\" \/>\n<meta property=\"og:type\" content=\"article\" \/>\n<meta property=\"og:title\" content=\"Holz mit Stahlklemme\" \/>\n<meta property=\"og:description\" content=\"Entdecken Sie unser nachhaltiges holz-mit-stahlklemme: FSC-zertifiziertes Birkenholz, \u00f6kologisches \u00d6l und Edelstahlklammer.\" \/>\n<meta property=\"og:url\" content=\"https:\/\/place-add.nl\/de\/produkt\/holz-mit-stahlklemme\/\" \/>\n<meta property=\"og:site_name\" content=\"Place Add\" \/>\n<meta property=\"article:publisher\" content=\"https:\/\/www.facebook.com\/PlaceAdd\/\" \/>\n<meta property=\"article:modified_time\" content=\"2025-06-02T10:53:52+00:00\" \/>\n<meta property=\"og:image\" content=\"https:\/\/place-add.nl\/wp-content\/uploads\/2024\/06\/menukaarten_shop_hout_met_stale_klem_Place_Add_8-scaled.jpg\" \/>\n\t<meta property=\"og:image:width\" content=\"1000\" \/>\n\t<meta property=\"og:image:height\" content=\"1000\" \/>\n\t<meta property=\"og:image:type\" content=\"image\/jpeg\" \/>\n<meta name=\"twitter:card\" content=\"summary_large_image\" \/>\n<meta name=\"twitter:label1\" content=\"Gesch\u00e4tzte Lesezeit\" \/>\n\t<meta name=\"twitter:data1\" content=\"2\u00a0Minuten\" \/>\n<script type=\"application\/ld+json\" class=\"yoast-schema-graph\">{\"@context\":\"https:\/\/schema.org\",\"@graph\":[{\"@type\":\"WebPage\",\"@id\":\"https:\/\/place-add.nl\/de\/produkt\/holz-mit-stahlklemme\/\",\"url\":\"https:\/\/place-add.nl\/de\/produkt\/holz-mit-stahlklemme\/\",\"name\":\"Holz mit Stahlklemme | Place Add | F\u00fcr die Gastronomie\",\"isPartOf\":{\"@id\":\"https:\/\/place-add.nl\/de\/#website\"},\"primaryImageOfPage\":{\"@id\":\"https:\/\/place-add.nl\/de\/produkt\/holz-mit-stahlklemme\/#primaryimage\"},\"image\":{\"@id\":\"https:\/\/place-add.nl\/de\/produkt\/holz-mit-stahlklemme\/#primaryimage\"},\"thumbnailUrl\":\"https:\/\/place-add.nl\/wp-content\/uploads\/2024\/06\/menukaarten_shop_hout_met_stale_klem_Place_Add_8-scaled.jpg\",\"datePublished\":\"2024-06-17T13:40:08+00:00\",\"dateModified\":\"2025-06-02T10:53:52+00:00\",\"description\":\"Entdecken Sie unser nachhaltiges holz-mit-stahlklemme: FSC-zertifiziertes Birkenholz, \u00f6kologisches \u00d6l und Edelstahlklammer.\",\"breadcrumb\":{\"@id\":\"https:\/\/place-add.nl\/de\/produkt\/holz-mit-stahlklemme\/#breadcrumb\"},\"inLanguage\":\"de\",\"potentialAction\":[{\"@type\":\"ReadAction\",\"target\":[\"https:\/\/place-add.nl\/de\/produkt\/holz-mit-stahlklemme\/\"]}]},{\"@type\":\"ImageObject\",\"inLanguage\":\"de\",\"@id\":\"https:\/\/place-add.nl\/de\/produkt\/holz-mit-stahlklemme\/#primaryimage\",\"url\":\"https:\/\/place-add.nl\/wp-content\/uploads\/2024\/06\/menukaarten_shop_hout_met_stale_klem_Place_Add_8-scaled.jpg\",\"contentUrl\":\"https:\/\/place-add.nl\/wp-content\/uploads\/2024\/06\/menukaarten_shop_hout_met_stale_klem_Place_Add_8-scaled.jpg\",\"width\":1000,\"height\":1000,\"caption\":\"Houten Menuplank met Stalen Klem\"},{\"@type\":\"BreadcrumbList\",\"@id\":\"https:\/\/place-add.nl\/de\/produkt\/holz-mit-stahlklemme\/#breadcrumb\",\"itemListElement\":[{\"@type\":\"ListItem\",\"position\":1,\"name\":\"Home\",\"item\":\"https:\/\/place-add.nl\/de\/home\/\"},{\"@type\":\"ListItem\",\"position\":2,\"name\":\"Shop\",\"item\":\"https:\/\/place-add.nl\/de\/shop\/\"},{\"@type\":\"ListItem\",\"position\":3,\"name\":\"Holz mit Stahlklemme\"}]},{\"@type\":\"WebSite\",\"@id\":\"https:\/\/place-add.nl\/de\/#website\",\"url\":\"https:\/\/place-add.nl\/de\/\",\"name\":\"Place Add\",\"description\":\"Tafelkleding voor de horeca\",\"publisher\":{\"@id\":\"https:\/\/place-add.nl\/de\/#organization\"},\"potentialAction\":[{\"@type\":\"SearchAction\",\"target\":{\"@type\":\"EntryPoint\",\"urlTemplate\":\"https:\/\/place-add.nl\/de\/?s={search_term_string}\"},\"query-input\":{\"@type\":\"PropertyValueSpecification\",\"valueRequired\":true,\"valueName\":\"search_term_string\"}}],\"inLanguage\":\"de\"},{\"@type\":\"Organization\",\"@id\":\"https:\/\/place-add.nl\/de\/#organization\",\"name\":\"Place Add\",\"url\":\"https:\/\/place-add.nl\/de\/\",\"logo\":{\"@type\":\"ImageObject\",\"inLanguage\":\"de\",\"@id\":\"https:\/\/place-add.nl\/de\/#\/schema\/logo\/image\/\",\"url\":\"https:\/\/place-add.nl\/wp-content\/uploads\/2023\/11\/logo-img-place-add.png\",\"contentUrl\":\"https:\/\/place-add.nl\/wp-content\/uploads\/2023\/11\/logo-img-place-add.png\",\"width\":404,\"height\":106,\"caption\":\"Place Add\"},\"image\":{\"@id\":\"https:\/\/place-add.nl\/de\/#\/schema\/logo\/image\/\"},\"sameAs\":[\"https:\/\/www.facebook.com\/PlaceAdd\/\",\"https:\/\/www.instagram.com\/place_add\/\",\"https:\/\/www.youtube.com\/@placeadd\"]}]}<\/script>\n<!-- \/ Yoast SEO Premium plugin. -->","yoast_head_json":{"title":"Holz mit Stahlklemme | Place Add | F\u00fcr die Gastronomie","description":"Entdecken Sie unser nachhaltiges holz-mit-stahlklemme: FSC-zertifiziertes Birkenholz, \u00f6kologisches \u00d6l und Edelstahlklammer.","robots":{"index":"index","follow":"follow","max-snippet":"max-snippet:-1","max-image-preview":"max-image-preview:large","max-video-preview":"max-video-preview:-1"},"canonical":"https:\/\/place-add.nl\/de\/produkt\/holz-mit-stahlklemme\/","og_locale":"de_DE","og_type":"article","og_title":"Holz mit Stahlklemme","og_description":"Entdecken Sie unser nachhaltiges holz-mit-stahlklemme: FSC-zertifiziertes Birkenholz, \u00f6kologisches \u00d6l und Edelstahlklammer.","og_url":"https:\/\/place-add.nl\/de\/produkt\/holz-mit-stahlklemme\/","og_site_name":"Place Add","article_publisher":"https:\/\/www.facebook.com\/PlaceAdd\/","article_modified_time":"2025-06-02T10:53:52+00:00","og_image":[{"width":1000,"height":1000,"url":"https:\/\/place-add.nl\/wp-content\/uploads\/2024\/06\/menukaarten_shop_hout_met_stale_klem_Place_Add_8-scaled.jpg","type":"image\/jpeg"}],"twitter_card":"summary_large_image","twitter_misc":{"Gesch\u00e4tzte Lesezeit":"2\u00a0Minuten"},"schema":{"@context":"https:\/\/schema.org","@graph":[{"@type":"WebPage","@id":"https:\/\/place-add.nl\/de\/produkt\/holz-mit-stahlklemme\/","url":"https:\/\/place-add.nl\/de\/produkt\/holz-mit-stahlklemme\/","name":"Holz mit Stahlklemme | Place Add | F\u00fcr die Gastronomie","isPartOf":{"@id":"https:\/\/place-add.nl\/de\/#website"},"primaryImageOfPage":{"@id":"https:\/\/place-add.nl\/de\/produkt\/holz-mit-stahlklemme\/#primaryimage"},"image":{"@id":"https:\/\/place-add.nl\/de\/produkt\/holz-mit-stahlklemme\/#primaryimage"},"thumbnailUrl":"https:\/\/place-add.nl\/wp-content\/uploads\/2024\/06\/menukaarten_shop_hout_met_stale_klem_Place_Add_8-scaled.jpg","datePublished":"2024-06-17T13:40:08+00:00","dateModified":"2025-06-02T10:53:52+00:00","description":"Entdecken Sie unser nachhaltiges holz-mit-stahlklemme: FSC-zertifiziertes Birkenholz, \u00f6kologisches \u00d6l und Edelstahlklammer.","breadcrumb":{"@id":"https:\/\/place-add.nl\/de\/produkt\/holz-mit-stahlklemme\/#breadcrumb"},"inLanguage":"de","potentialAction":[{"@type":"ReadAction","target":["https:\/\/place-add.nl\/de\/produkt\/holz-mit-stahlklemme\/"]}]},{"@type":"ImageObject","inLanguage":"de","@id":"https:\/\/place-add.nl\/de\/produkt\/holz-mit-stahlklemme\/#primaryimage","url":"https:\/\/place-add.nl\/wp-content\/uploads\/2024\/06\/menukaarten_shop_hout_met_stale_klem_Place_Add_8-scaled.jpg","contentUrl":"https:\/\/place-add.nl\/wp-content\/uploads\/2024\/06\/menukaarten_shop_hout_met_stale_klem_Place_Add_8-scaled.jpg","width":1000,"height":1000,"caption":"Houten Menuplank met Stalen Klem"},{"@type":"BreadcrumbList","@id":"https:\/\/place-add.nl\/de\/produkt\/holz-mit-stahlklemme\/#breadcrumb","itemListElement":[{"@type":"ListItem","position":1,"name":"Home","item":"https:\/\/place-add.nl\/de\/home\/"},{"@type":"ListItem","position":2,"name":"Shop","item":"https:\/\/place-add.nl\/de\/shop\/"},{"@type":"ListItem","position":3,"name":"Holz mit Stahlklemme"}]},{"@type":"WebSite","@id":"https:\/\/place-add.nl\/de\/#website","url":"https:\/\/place-add.nl\/de\/","name":"Place Add","description":"Tafelkleding voor de horeca","publisher":{"@id":"https:\/\/place-add.nl\/de\/#organization"},"potentialAction":[{"@type":"SearchAction","target":{"@type":"EntryPoint","urlTemplate":"https:\/\/place-add.nl\/de\/?s={search_term_string}"},"query-input":{"@type":"PropertyValueSpecification","valueRequired":true,"valueName":"search_term_string"}}],"inLanguage":"de"},{"@type":"Organization","@id":"https:\/\/place-add.nl\/de\/#organization","name":"Place Add","url":"https:\/\/place-add.nl\/de\/","logo":{"@type":"ImageObject","inLanguage":"de","@id":"https:\/\/place-add.nl\/de\/#\/schema\/logo\/image\/","url":"https:\/\/place-add.nl\/wp-content\/uploads\/2023\/11\/logo-img-place-add.png","contentUrl":"https:\/\/place-add.nl\/wp-content\/uploads\/2023\/11\/logo-img-place-add.png","width":404,"height":106,"caption":"Place Add"},"image":{"@id":"https:\/\/place-add.nl\/de\/#\/schema\/logo\/image\/"},"sameAs":["https:\/\/www.facebook.com\/PlaceAdd\/","https:\/\/www.instagram.com\/place_add\/","https:\/\/www.youtube.com\/@placeadd"]}]}},"_links":{"self":[{"href":"https:\/\/place-add.nl\/de\/wp-json\/wp\/v2\/product\/43260","targetHints":{"allow":["GET"]}}],"collection":[{"href":"https:\/\/place-add.nl\/de\/wp-json\/wp\/v2\/product"}],"about":[{"href":"https:\/\/place-add.nl\/de\/wp-json\/wp\/v2\/types\/product"}],"wp:featuredmedia":[{"embeddable":true,"href":"https:\/\/place-add.nl\/de\/wp-json\/wp\/v2\/media\/38699"}],"wp:attachment":[{"href":"https:\/\/place-add.nl\/de\/wp-json\/wp\/v2\/media?parent=43260"}],"wp:term":[{"taxonomy":"product_brand","embeddable":true,"href":"https:\/\/place-add.nl\/de\/wp-json\/wp\/v2\/product_brand?post=43260"},{"taxonomy":"product_cat","embeddable":true,"href":"https:\/\/place-add.nl\/de\/wp-json\/wp\/v2\/product_cat?post=43260"},{"taxonomy":"product_tag","embeddable":true,"href":"https:\/\/place-add.nl\/de\/wp-json\/wp\/v2\/product_tag?post=43260"}],"curies":[{"name":"wp","href":"https:\/\/api.w.org\/{rel}","templated":true}]}}