{"id":43284,"date":"2024-06-17T13:56:47","date_gmt":"2024-06-17T13:56:47","guid":{"rendered":"https:\/\/place-add.nl\/product\/menukaarten-houten-binding-kader\/"},"modified":"2025-07-24T12:03:21","modified_gmt":"2025-07-24T12:03:21","slug":"sichtfenster-mit-holzbindung","status":"publish","type":"product","link":"https:\/\/place-add.nl\/de\/produkt\/sichtfenster-mit-holzbindung\/","title":{"rendered":"Sichtfenster mit Holzbindung"},"content":{"rendered":"<p>Entdecken Sie den einzigartigen Charme und die Qualit\u00e4t <strong>unserer Speisekarten mit Holzbindung<\/strong>! Diese stilvollen Men\u00fckarten kombinieren Langlebigkeit mit einer eleganten Ausstrahlung, dank der robusten Eichenholzbindung. Erh\u00e4ltlich in hellen, dunklen und schwarzen T\u00f6nen, verleiht dieses Material jeder Tischdekoration einen Hauch von Raffinesse und macht die Pr\u00e4sentation Ihres Men\u00fcs unverw\u00fcstlich.<\/p>\n<p>Die Speisekarten mit Holzbindung sind f\u00fcr eine optimale Benutzerfreundlichkeit konzipiert, bei der der Seitenwechsel einfach und schnell durchgef\u00fchrt werden kann. So bleibt Ihr Men\u00fc m\u00fchelos auf dem neuesten Stand \u2013 ideal f\u00fcr Restaurants, Caf\u00e9s und Bars, die regelm\u00e4\u00dfig neue Gerichte oder saisonale Angebote pr\u00e4sentieren m\u00f6chten.<\/p>\n<p>Neben der Haltbarkeit bietet diese Bindung auch Flexibilit\u00e4t im Stil, mit einer Auswahl an Materialien wie Kunstleder, Holzoptik, Jute, Leinen und mehr, sodass Sie immer den Look kreieren k\u00f6nnen, der zur Atmosph\u00e4re Ihres Unternehmens passt.<\/p>\n<p>Unsere Men\u00fckarten mit Holzbindung sind in den folgenden Formaten erh\u00e4ltlich:<\/p>\n<ul>\n<li><strong>A4<\/strong><\/li>\n<li><strong>A4 Quadrat<\/strong><\/li>\n<li><strong>A4 Schmal<\/strong><\/li>\n<li><strong>A5<\/strong><\/li>\n<\/ul>\n<p>Vervollst\u00e4ndigen Sie das Bild mit einem unserer <strong>Holz-Tischaccessoires<\/strong>, wie einem stilvollen <strong><a href=\"https:\/\/place-add.nl\/de\/produkt\/qr-tischdisplays\/\">QR-Display<\/a><\/strong> oder praktischen <strong><a href=\"https:\/\/place-add.nl\/de\/tischaccessoires-co\/organizers\/\">Organisern<\/a><\/strong>, f\u00fcr ein noch besseres Service-Erlebnis f\u00fcr Ihre G\u00e4ste.<\/p>\n<p>Haben Sie es eilig, Men\u00fckarten zu erhalten? Besuchen Sie unsere Partner-Website, <strong><a href=\"http:\/\/www.craftontable.com\/\">Craftontable.com<\/a><\/strong>, f\u00fcr Men\u00fckarten mit k\u00fcrzeren Lieferzeiten und weniger Personalisierungsoptionen.<\/p>\n<p><strong>Sind Sie noch unsicher, welches Design am besten zu Ihrem Restaurant passt? Unser engagiertes Team steht bereit, um Ihnen pers\u00f6nliche Beratung zu bieten. Lassen Sie Ihre Men\u00fckarten hervorstechen und entdecken Sie, wie unsere Men\u00fckarten mit Holzbindung eine sch\u00f6ne und funktionale Erg\u00e4nzung f\u00fcr Ihr Restaurant sein k\u00f6nnen.<\/strong><\/p>\n<p><button id=\"knop-contact-opnemen-overige-producten-de\">Kontaktieren Sie uns unverbindlich<\/button><\/p>\n","protected":false},"excerpt":{"rendered":"<p><strong>Warum Speisekarten mit Sichtfenster mit Holzbindung w\u00e4hlen?<\/strong><\/p>\n<ul>\n<li><strong>Holzeinband<\/strong>: Unverw\u00fcstliches Eichenholz, erh\u00e4ltlich in hell, dunkel und schwarz.<\/li>\n<li><strong>Einfaches Wechseln der Seite<\/strong>: Der Seitenwechsel ist sehr einfach und schnell, so dass Sie Ihre Speisekarte m\u00fchelos und ohne viel Aufhebens aktualisieren k\u00f6nnen.<\/li>\n<li><strong>Vielseitige Materialien<\/strong>: Erh\u00e4ltlich in verschiedenen Materialien wie Kunstleder, Holzoptik, Jute, Leinen usw., so dass Sie den perfekten Look f\u00fcr Ihr Restaurant w\u00e4hlen k\u00f6nnen.<\/li>\n<\/ul>\n<p><button id=\"knop-contact-opnemen-overige-producten-de\">Kontaktieren Sie uns unverbindlich<\/button><\/p>\n","protected":false},"featured_media":38636,"template":"","meta":[],"product_brand":[],"product_cat":[1459],"product_tag":[],"class_list":{"0":"post-43284","1":"product","2":"type-product","3":"status-publish","4":"has-post-thumbnail","6":"product_cat-kunststoff-rahmen","8":"first","9":"instock","10":"taxable","11":"shipping-taxable","12":"purchasable","13":"product-type-variable"},"yoast_head":"<!-- This site is optimized with the Yoast SEO Premium plugin v27.2 (Yoast SEO v27.2) - https:\/\/yoast.com\/product\/yoast-seo-premium-wordpress\/ -->\n<title>Sichtfenster mit Holzbindung | Place Add | F\u00fcr die Gastronomie<\/title>\n<meta name=\"description\" content=\"Sichtfenster mit Holzbindung, erh\u00e4ltlich in heller, dunkler und schwarzer Eiche. Sch\u00f6ne Designs mit leicht austauschbaren Seiten!\" \/>\n<meta name=\"robots\" content=\"index, follow, max-snippet:-1, max-image-preview:large, max-video-preview:-1\" \/>\n<link rel=\"canonical\" href=\"https:\/\/place-add.nl\/de\/produkt\/sichtfenster-mit-holzbindung\/\" \/>\n<meta property=\"og:locale\" content=\"de_DE\" \/>\n<meta property=\"og:type\" content=\"article\" \/>\n<meta property=\"og:title\" content=\"Sichtfenster mit Holzbindung\" \/>\n<meta property=\"og:description\" content=\"Sichtfenster mit Holzbindung, erh\u00e4ltlich in heller, dunkler und schwarzer Eiche. Sch\u00f6ne Designs mit leicht austauschbaren Seiten!\" \/>\n<meta property=\"og:url\" content=\"https:\/\/place-add.nl\/de\/produkt\/sichtfenster-mit-holzbindung\/\" \/>\n<meta property=\"og:site_name\" content=\"Place Add\" \/>\n<meta property=\"article:publisher\" content=\"https:\/\/www.facebook.com\/PlaceAdd\/\" \/>\n<meta property=\"article:modified_time\" content=\"2025-07-24T12:03:21+00:00\" \/>\n<meta property=\"og:image\" content=\"https:\/\/place-add.nl\/wp-content\/uploads\/2024\/06\/Menukaarten_kader_Place_Add_1-.jpg\" \/>\n\t<meta property=\"og:image:width\" content=\"800\" \/>\n\t<meta property=\"og:image:height\" content=\"800\" \/>\n\t<meta property=\"og:image:type\" content=\"image\/jpeg\" \/>\n<meta name=\"twitter:card\" content=\"summary_large_image\" \/>\n<meta name=\"twitter:label1\" content=\"Gesch\u00e4tzte Lesezeit\" \/>\n\t<meta name=\"twitter:data1\" content=\"2\u00a0Minuten\" \/>\n<script type=\"application\/ld+json\" class=\"yoast-schema-graph\">{\"@context\":\"https:\/\/schema.org\",\"@graph\":[{\"@type\":\"WebPage\",\"@id\":\"https:\/\/place-add.nl\/de\/produkt\/sichtfenster-mit-holzbindung\/\",\"url\":\"https:\/\/place-add.nl\/de\/produkt\/sichtfenster-mit-holzbindung\/\",\"name\":\"Sichtfenster mit Holzbindung | Place Add | F\u00fcr die Gastronomie\",\"isPartOf\":{\"@id\":\"https:\/\/place-add.nl\/de\/#website\"},\"primaryImageOfPage\":{\"@id\":\"https:\/\/place-add.nl\/de\/produkt\/sichtfenster-mit-holzbindung\/#primaryimage\"},\"image\":{\"@id\":\"https:\/\/place-add.nl\/de\/produkt\/sichtfenster-mit-holzbindung\/#primaryimage\"},\"thumbnailUrl\":\"https:\/\/place-add.nl\/wp-content\/uploads\/2024\/06\/Menukaarten_kader_Place_Add_1-.jpg\",\"datePublished\":\"2024-06-17T13:56:47+00:00\",\"dateModified\":\"2025-07-24T12:03:21+00:00\",\"description\":\"Sichtfenster mit Holzbindung, erh\u00e4ltlich in heller, dunkler und schwarzer Eiche. Sch\u00f6ne Designs mit leicht austauschbaren Seiten!\",\"breadcrumb\":{\"@id\":\"https:\/\/place-add.nl\/de\/produkt\/sichtfenster-mit-holzbindung\/#breadcrumb\"},\"inLanguage\":\"de\",\"potentialAction\":[{\"@type\":\"ReadAction\",\"target\":[\"https:\/\/place-add.nl\/de\/produkt\/sichtfenster-mit-holzbindung\/\"]}]},{\"@type\":\"ImageObject\",\"inLanguage\":\"de\",\"@id\":\"https:\/\/place-add.nl\/de\/produkt\/sichtfenster-mit-holzbindung\/#primaryimage\",\"url\":\"https:\/\/place-add.nl\/wp-content\/uploads\/2024\/06\/Menukaarten_kader_Place_Add_1-.jpg\",\"contentUrl\":\"https:\/\/place-add.nl\/wp-content\/uploads\/2024\/06\/Menukaarten_kader_Place_Add_1-.jpg\",\"width\":800,\"height\":800,\"caption\":\"Menukaarten met houten binding\"},{\"@type\":\"BreadcrumbList\",\"@id\":\"https:\/\/place-add.nl\/de\/produkt\/sichtfenster-mit-holzbindung\/#breadcrumb\",\"itemListElement\":[{\"@type\":\"ListItem\",\"position\":1,\"name\":\"Home\",\"item\":\"https:\/\/place-add.nl\/de\/home\/\"},{\"@type\":\"ListItem\",\"position\":2,\"name\":\"Shop\",\"item\":\"https:\/\/place-add.nl\/de\/shop\/\"},{\"@type\":\"ListItem\",\"position\":3,\"name\":\"Sichtfenster mit Holzbindung\"}]},{\"@type\":\"WebSite\",\"@id\":\"https:\/\/place-add.nl\/de\/#website\",\"url\":\"https:\/\/place-add.nl\/de\/\",\"name\":\"Place Add\",\"description\":\"Tafelkleding voor de horeca\",\"publisher\":{\"@id\":\"https:\/\/place-add.nl\/de\/#organization\"},\"potentialAction\":[{\"@type\":\"SearchAction\",\"target\":{\"@type\":\"EntryPoint\",\"urlTemplate\":\"https:\/\/place-add.nl\/de\/?s={search_term_string}\"},\"query-input\":{\"@type\":\"PropertyValueSpecification\",\"valueRequired\":true,\"valueName\":\"search_term_string\"}}],\"inLanguage\":\"de\"},{\"@type\":\"Organization\",\"@id\":\"https:\/\/place-add.nl\/de\/#organization\",\"name\":\"Place Add\",\"url\":\"https:\/\/place-add.nl\/de\/\",\"logo\":{\"@type\":\"ImageObject\",\"inLanguage\":\"de\",\"@id\":\"https:\/\/place-add.nl\/de\/#\/schema\/logo\/image\/\",\"url\":\"https:\/\/place-add.nl\/wp-content\/uploads\/2023\/11\/logo-img-place-add.png\",\"contentUrl\":\"https:\/\/place-add.nl\/wp-content\/uploads\/2023\/11\/logo-img-place-add.png\",\"width\":404,\"height\":106,\"caption\":\"Place Add\"},\"image\":{\"@id\":\"https:\/\/place-add.nl\/de\/#\/schema\/logo\/image\/\"},\"sameAs\":[\"https:\/\/www.facebook.com\/PlaceAdd\/\",\"https:\/\/www.instagram.com\/place_add\/\",\"https:\/\/www.youtube.com\/@placeadd\"]}]}<\/script>\n<!-- \/ Yoast SEO Premium plugin. -->","yoast_head_json":{"title":"Sichtfenster mit Holzbindung | Place Add | F\u00fcr die Gastronomie","description":"Sichtfenster mit Holzbindung, erh\u00e4ltlich in heller, dunkler und schwarzer Eiche. Sch\u00f6ne Designs mit leicht austauschbaren Seiten!","robots":{"index":"index","follow":"follow","max-snippet":"max-snippet:-1","max-image-preview":"max-image-preview:large","max-video-preview":"max-video-preview:-1"},"canonical":"https:\/\/place-add.nl\/de\/produkt\/sichtfenster-mit-holzbindung\/","og_locale":"de_DE","og_type":"article","og_title":"Sichtfenster mit Holzbindung","og_description":"Sichtfenster mit Holzbindung, erh\u00e4ltlich in heller, dunkler und schwarzer Eiche. Sch\u00f6ne Designs mit leicht austauschbaren Seiten!","og_url":"https:\/\/place-add.nl\/de\/produkt\/sichtfenster-mit-holzbindung\/","og_site_name":"Place Add","article_publisher":"https:\/\/www.facebook.com\/PlaceAdd\/","article_modified_time":"2025-07-24T12:03:21+00:00","og_image":[{"width":800,"height":800,"url":"https:\/\/place-add.nl\/wp-content\/uploads\/2024\/06\/Menukaarten_kader_Place_Add_1-.jpg","type":"image\/jpeg"}],"twitter_card":"summary_large_image","twitter_misc":{"Gesch\u00e4tzte Lesezeit":"2\u00a0Minuten"},"schema":{"@context":"https:\/\/schema.org","@graph":[{"@type":"WebPage","@id":"https:\/\/place-add.nl\/de\/produkt\/sichtfenster-mit-holzbindung\/","url":"https:\/\/place-add.nl\/de\/produkt\/sichtfenster-mit-holzbindung\/","name":"Sichtfenster mit Holzbindung | Place Add | F\u00fcr die Gastronomie","isPartOf":{"@id":"https:\/\/place-add.nl\/de\/#website"},"primaryImageOfPage":{"@id":"https:\/\/place-add.nl\/de\/produkt\/sichtfenster-mit-holzbindung\/#primaryimage"},"image":{"@id":"https:\/\/place-add.nl\/de\/produkt\/sichtfenster-mit-holzbindung\/#primaryimage"},"thumbnailUrl":"https:\/\/place-add.nl\/wp-content\/uploads\/2024\/06\/Menukaarten_kader_Place_Add_1-.jpg","datePublished":"2024-06-17T13:56:47+00:00","dateModified":"2025-07-24T12:03:21+00:00","description":"Sichtfenster mit Holzbindung, erh\u00e4ltlich in heller, dunkler und schwarzer Eiche. Sch\u00f6ne Designs mit leicht austauschbaren Seiten!","breadcrumb":{"@id":"https:\/\/place-add.nl\/de\/produkt\/sichtfenster-mit-holzbindung\/#breadcrumb"},"inLanguage":"de","potentialAction":[{"@type":"ReadAction","target":["https:\/\/place-add.nl\/de\/produkt\/sichtfenster-mit-holzbindung\/"]}]},{"@type":"ImageObject","inLanguage":"de","@id":"https:\/\/place-add.nl\/de\/produkt\/sichtfenster-mit-holzbindung\/#primaryimage","url":"https:\/\/place-add.nl\/wp-content\/uploads\/2024\/06\/Menukaarten_kader_Place_Add_1-.jpg","contentUrl":"https:\/\/place-add.nl\/wp-content\/uploads\/2024\/06\/Menukaarten_kader_Place_Add_1-.jpg","width":800,"height":800,"caption":"Menukaarten met houten binding"},{"@type":"BreadcrumbList","@id":"https:\/\/place-add.nl\/de\/produkt\/sichtfenster-mit-holzbindung\/#breadcrumb","itemListElement":[{"@type":"ListItem","position":1,"name":"Home","item":"https:\/\/place-add.nl\/de\/home\/"},{"@type":"ListItem","position":2,"name":"Shop","item":"https:\/\/place-add.nl\/de\/shop\/"},{"@type":"ListItem","position":3,"name":"Sichtfenster mit Holzbindung"}]},{"@type":"WebSite","@id":"https:\/\/place-add.nl\/de\/#website","url":"https:\/\/place-add.nl\/de\/","name":"Place Add","description":"Tafelkleding voor de horeca","publisher":{"@id":"https:\/\/place-add.nl\/de\/#organization"},"potentialAction":[{"@type":"SearchAction","target":{"@type":"EntryPoint","urlTemplate":"https:\/\/place-add.nl\/de\/?s={search_term_string}"},"query-input":{"@type":"PropertyValueSpecification","valueRequired":true,"valueName":"search_term_string"}}],"inLanguage":"de"},{"@type":"Organization","@id":"https:\/\/place-add.nl\/de\/#organization","name":"Place Add","url":"https:\/\/place-add.nl\/de\/","logo":{"@type":"ImageObject","inLanguage":"de","@id":"https:\/\/place-add.nl\/de\/#\/schema\/logo\/image\/","url":"https:\/\/place-add.nl\/wp-content\/uploads\/2023\/11\/logo-img-place-add.png","contentUrl":"https:\/\/place-add.nl\/wp-content\/uploads\/2023\/11\/logo-img-place-add.png","width":404,"height":106,"caption":"Place Add"},"image":{"@id":"https:\/\/place-add.nl\/de\/#\/schema\/logo\/image\/"},"sameAs":["https:\/\/www.facebook.com\/PlaceAdd\/","https:\/\/www.instagram.com\/place_add\/","https:\/\/www.youtube.com\/@placeadd"]}]}},"_links":{"self":[{"href":"https:\/\/place-add.nl\/de\/wp-json\/wp\/v2\/product\/43284","targetHints":{"allow":["GET"]}}],"collection":[{"href":"https:\/\/place-add.nl\/de\/wp-json\/wp\/v2\/product"}],"about":[{"href":"https:\/\/place-add.nl\/de\/wp-json\/wp\/v2\/types\/product"}],"wp:featuredmedia":[{"embeddable":true,"href":"https:\/\/place-add.nl\/de\/wp-json\/wp\/v2\/media\/38636"}],"wp:attachment":[{"href":"https:\/\/place-add.nl\/de\/wp-json\/wp\/v2\/media?parent=43284"}],"wp:term":[{"taxonomy":"product_brand","embeddable":true,"href":"https:\/\/place-add.nl\/de\/wp-json\/wp\/v2\/product_brand?post=43284"},{"taxonomy":"product_cat","embeddable":true,"href":"https:\/\/place-add.nl\/de\/wp-json\/wp\/v2\/product_cat?post=43284"},{"taxonomy":"product_tag","embeddable":true,"href":"https:\/\/place-add.nl\/de\/wp-json\/wp\/v2\/product_tag?post=43284"}],"curies":[{"name":"wp","href":"https:\/\/api.w.org\/{rel}","templated":true}]}}