{"id":43565,"date":"2024-06-17T14:02:09","date_gmt":"2024-06-17T14:02:09","guid":{"rendered":"https:\/\/place-add.nl\/product\/enkel-transpa-2\/"},"modified":"2025-07-24T11:59:44","modified_gmt":"2025-07-24T11:59:44","slug":"einseitige-transpa-speisekarten","status":"publish","type":"product","link":"https:\/\/place-add.nl\/de\/produkt\/einseitige-transpa-speisekarten\/","title":{"rendered":"transparent Einseitig Speisekarten"},"content":{"rendered":"<p>Unsere <strong>einseitige Transpa Speisekarten <\/strong>kombinieren einen modernen, transparenten Look mit maximaler Haltbarkeit und Benutzerfreundlichkeit \u2013 perfekt f\u00fcr Restaurants, Caf\u00e9s und Bars, die nach einer hochwertigen Men\u00fckartenl\u00f6sung suchen. Diese Men\u00fckarten sind aus robustem Kunststoff gefertigt und mit einer eleganten Holzbindung in drei stilvollen T\u00f6nen veredelt: Schwarzes Eichenholz, Dunkelbraunes Eichenholz und Helles Eichenholz. Der transparente Umschlag bietet ein schlankes, zeitgem\u00e4\u00dfes Aussehen, w\u00e4hrend die stabilen Nickel-Ecken zus\u00e4tzlichen Schutz und Haltbarkeit gew\u00e4hrleisten.<\/p>\n<p><strong>Elegant und Praktisch<\/strong><br \/>\nDie Holzbindung verleiht eine raffinierte Optik, wobei die Farbauswahl \u2013 Schwarzes Eichenholz, Dunkelbraunes Eichenholz oder Helles Eichenholz \u2013 zu einer authentischen und warmen Ausstrahlung auf jedem Tisch beitr\u00e4gt. Kombinieren Sie die Men\u00fckarten mit unseren Holz-Tischaccessoires, wie einem stilvollen QR-Display oder praktischen Organisern, um Ihre Pr\u00e4sentation zu vervollst\u00e4ndigen und Ihren G\u00e4sten ein optimales Service-Erlebnis zu bieten.<\/p>\n<p>Unsere <strong>einseitige Transpa Speisekarten <\/strong>sind in den folgenden Gr\u00f6\u00dfen erh\u00e4ltlich:<\/p>\n<ul>\n<li><strong>A4<\/strong><\/li>\n<li><strong>A4 Quadrat<\/strong><\/li>\n<li><strong>A4 Schmal<\/strong><\/li>\n<li><strong>A5<\/strong><\/li>\n<\/ul>\n<p>Mit diesen Formaten finden Sie immer die perfekte Gr\u00f6\u00dfe der Transpa-Men\u00fckarten, die zu Ihren Tischen und dem Stil Ihres Gastronomiebetriebs passt. Zudem k\u00f6nnen Sie aus verschiedenen Befestigungsoptionen w\u00e4hlen, damit Ihre Men\u00fckarten immer ordentlich und gepflegt aussehen.<\/p>\n<p>Vervollst\u00e4ndigen Sie das Bild mit einem unserer <strong>Holz-Tischaccessoires<\/strong>, wie einem stilvollen <strong><a href=\"https:\/\/place-add.nl\/de\/produkt\/qr-tischdisplays\/\">QR-Display<\/a><\/strong> oder praktischen <strong><a href=\"https:\/\/place-add.nl\/de\/tischaccessoires-co\/organizers\/\">Organisern<\/a><\/strong>, f\u00fcr ein noch besseres Service-Erlebnis f\u00fcr Ihre G\u00e4ste.<\/p>\n<p>Haben Sie es eilig, Men\u00fckarten zu erhalten? Besuchen Sie unsere Partner-Website, <strong><a href=\"http:\/\/www.craftontable.com\/\">Craftontable.com<\/a><\/strong>, f\u00fcr Men\u00fckarten mit k\u00fcrzeren Lieferzeiten und weniger Personalisierungsoptionen.<\/p>\n<p><strong>Sind Sie noch unsicher, welches Design am besten zu Ihrem Restaurant passt? Unser engagiertes Team steht bereit, um Ihnen pers\u00f6nliche Beratung zu bieten. Lassen Sie Ihre Men\u00fckarten hervorstechen und entdecken Sie, wie unsere Men\u00fckarten mit Holzbindung eine sch\u00f6ne und funktionale Erg\u00e4nzung f\u00fcr Ihr Restaurant sein k\u00f6nnen.<\/strong><\/p>\n<p><button id=\"knop-contact-opnemen-overige-producten-de\">Kontaktieren Sie uns unverbindlich<\/button><\/p>\n","protected":false},"excerpt":{"rendered":"<p>Unsere <strong>Transpa-Speisekarten <\/strong>bieten eine moderne und praktische L\u00f6sung f\u00fcr die Pr\u00e4sentation Ihrer Speisekarten. Die aus Hartplastik gefertigten und mit einem Holzeinband versehenen Men\u00fckarten sind in den Farben Eiche Schwarz, Eiche Dunkelbraun und Eiche Hell erh\u00e4ltlich. Sie sind abwaschbar und leicht zu reinigen, was sie ideal f\u00fcr den Einsatz in stark frequentierten Gastronomiebetrieben macht. Die Men\u00fckarten sind mit vernickelten Ecken versehen, die eine sichere Befestigung des Inhalts gew\u00e4hrleisten.<\/p>\n<p><strong>Warum sollten Sie sich f\u00fcr unsere Transpa-Speisekarten entscheiden?<\/strong><\/p>\n<ul>\n<li><strong>Modernes und haltbares Design<\/strong>: Hergestellt aus hochwertigem Kunststoff mit einem transparenten, modernen Look. Nickel-Ecken bieten zus\u00e4tzliche Stabilit\u00e4t.<\/li>\n<li><strong>Praktisch und hygienisch<\/strong>: Abwaschbar und leicht zu reinigen, perfekt f\u00fcr den t\u00e4glichen Gebrauch. Auswechselbare Inhalte f\u00fcr saisonale Anpassungen.<\/li>\n<li><strong>Stilvoller Holzeinband<\/strong>: Erh\u00e4ltlich in Eiche Schwarz, Eiche Dunkelbraun und Eiche Hell f\u00fcr ein elegantes und anspruchsvolles Aussehe.<\/li>\n<\/ul>\n<p><button id=\"knop-contact-opnemen-overige-producten-de\">Kontaktieren Sie uns unverbindlich<\/button><\/p>\n","protected":false},"featured_media":40699,"template":"","meta":[],"product_brand":[],"product_cat":[1465],"product_tag":[1401,1198,1199,1200,1201,1202,1203,1351],"class_list":{"0":"post-43565","1":"product","2":"type-product","3":"status-publish","4":"has-post-thumbnail","6":"product_cat-kunststoff-transpa","7":"product_tag-enkel-transpa-de","8":"product_tag-maatwerk-menukaarten-de","9":"product_tag-menukaarten-de","10":"product_tag-menukaarten-horeca-de","11":"product_tag-menukaarten-kopen-de","12":"product_tag-menukaarten-op-maat-de","13":"product_tag-restaurant-menukaarten-de","14":"product_tag-transpa-speisekarten","16":"first","17":"instock","18":"taxable","19":"shipping-taxable","20":"purchasable","21":"product-type-variable"},"yoast_head":"<!-- This site is optimized with the Yoast SEO Premium plugin v27.2 (Yoast SEO v27.2) - https:\/\/yoast.com\/product\/yoast-seo-premium-wordpress\/ -->\n<title>transparent Einseitig Speisekarten | Place Add | F\u00fcr die Gastronomie<\/title>\n<meta name=\"description\" content=\"Moderne und praktische Transpa Men\u00fckarten aus Hartplastik mit Naht, in schwarz, silber, bordeaux oder creme. Abwaschbar, leicht zu reinigen!\" \/>\n<meta name=\"robots\" content=\"index, follow, max-snippet:-1, max-image-preview:large, max-video-preview:-1\" \/>\n<link rel=\"canonical\" href=\"https:\/\/place-add.nl\/de\/produkt\/einseitige-transpa-speisekarten\/\" \/>\n<meta property=\"og:locale\" content=\"de_DE\" \/>\n<meta property=\"og:type\" content=\"article\" \/>\n<meta property=\"og:title\" content=\"transparent Einseitig Speisekarten\" \/>\n<meta property=\"og:description\" content=\"Moderne und praktische Transpa Men\u00fckarten aus Hartplastik mit Naht, in schwarz, silber, bordeaux oder creme. Abwaschbar, leicht zu reinigen!\" \/>\n<meta property=\"og:url\" content=\"https:\/\/place-add.nl\/de\/produkt\/einseitige-transpa-speisekarten\/\" \/>\n<meta property=\"og:site_name\" content=\"Place Add\" \/>\n<meta property=\"article:publisher\" content=\"https:\/\/www.facebook.com\/PlaceAdd\/\" \/>\n<meta property=\"article:modified_time\" content=\"2025-07-24T11:59:44+00:00\" \/>\n<meta property=\"og:image\" content=\"https:\/\/place-add.nl\/wp-content\/uploads\/2024\/06\/Enkel_transpa_Place-add_1-scaled.jpg\" \/>\n\t<meta property=\"og:image:width\" content=\"1000\" \/>\n\t<meta property=\"og:image:height\" content=\"1000\" \/>\n\t<meta property=\"og:image:type\" content=\"image\/jpeg\" \/>\n<meta name=\"twitter:card\" content=\"summary_large_image\" \/>\n<meta name=\"twitter:label1\" content=\"Gesch\u00e4tzte Lesezeit\" \/>\n\t<meta name=\"twitter:data1\" content=\"2\u00a0Minuten\" \/>\n<script type=\"application\/ld+json\" class=\"yoast-schema-graph\">{\"@context\":\"https:\/\/schema.org\",\"@graph\":[{\"@type\":\"WebPage\",\"@id\":\"https:\/\/place-add.nl\/de\/produkt\/einseitige-transpa-speisekarten\/\",\"url\":\"https:\/\/place-add.nl\/de\/produkt\/einseitige-transpa-speisekarten\/\",\"name\":\"transparent Einseitig Speisekarten | Place Add | F\u00fcr die Gastronomie\",\"isPartOf\":{\"@id\":\"https:\/\/place-add.nl\/de\/#website\"},\"primaryImageOfPage\":{\"@id\":\"https:\/\/place-add.nl\/de\/produkt\/einseitige-transpa-speisekarten\/#primaryimage\"},\"image\":{\"@id\":\"https:\/\/place-add.nl\/de\/produkt\/einseitige-transpa-speisekarten\/#primaryimage\"},\"thumbnailUrl\":\"https:\/\/place-add.nl\/wp-content\/uploads\/2024\/06\/Enkel_transpa_Place-add_1-scaled.jpg\",\"datePublished\":\"2024-06-17T14:02:09+00:00\",\"dateModified\":\"2025-07-24T11:59:44+00:00\",\"description\":\"Moderne und praktische Transpa Men\u00fckarten aus Hartplastik mit Naht, in schwarz, silber, bordeaux oder creme. Abwaschbar, leicht zu reinigen!\",\"breadcrumb\":{\"@id\":\"https:\/\/place-add.nl\/de\/produkt\/einseitige-transpa-speisekarten\/#breadcrumb\"},\"inLanguage\":\"de\",\"potentialAction\":[{\"@type\":\"ReadAction\",\"target\":[\"https:\/\/place-add.nl\/de\/produkt\/einseitige-transpa-speisekarten\/\"]}]},{\"@type\":\"ImageObject\",\"inLanguage\":\"de\",\"@id\":\"https:\/\/place-add.nl\/de\/produkt\/einseitige-transpa-speisekarten\/#primaryimage\",\"url\":\"https:\/\/place-add.nl\/wp-content\/uploads\/2024\/06\/Enkel_transpa_Place-add_1-scaled.jpg\",\"contentUrl\":\"https:\/\/place-add.nl\/wp-content\/uploads\/2024\/06\/Enkel_transpa_Place-add_1-scaled.jpg\",\"width\":1000,\"height\":1000,\"caption\":\"Transpa Menukaarten\"},{\"@type\":\"BreadcrumbList\",\"@id\":\"https:\/\/place-add.nl\/de\/produkt\/einseitige-transpa-speisekarten\/#breadcrumb\",\"itemListElement\":[{\"@type\":\"ListItem\",\"position\":1,\"name\":\"Home\",\"item\":\"https:\/\/place-add.nl\/de\/home\/\"},{\"@type\":\"ListItem\",\"position\":2,\"name\":\"Shop\",\"item\":\"https:\/\/place-add.nl\/de\/shop\/\"},{\"@type\":\"ListItem\",\"position\":3,\"name\":\"transparent Einseitig Speisekarten\"}]},{\"@type\":\"WebSite\",\"@id\":\"https:\/\/place-add.nl\/de\/#website\",\"url\":\"https:\/\/place-add.nl\/de\/\",\"name\":\"Place Add\",\"description\":\"Tafelkleding voor de horeca\",\"publisher\":{\"@id\":\"https:\/\/place-add.nl\/de\/#organization\"},\"potentialAction\":[{\"@type\":\"SearchAction\",\"target\":{\"@type\":\"EntryPoint\",\"urlTemplate\":\"https:\/\/place-add.nl\/de\/?s={search_term_string}\"},\"query-input\":{\"@type\":\"PropertyValueSpecification\",\"valueRequired\":true,\"valueName\":\"search_term_string\"}}],\"inLanguage\":\"de\"},{\"@type\":\"Organization\",\"@id\":\"https:\/\/place-add.nl\/de\/#organization\",\"name\":\"Place Add\",\"url\":\"https:\/\/place-add.nl\/de\/\",\"logo\":{\"@type\":\"ImageObject\",\"inLanguage\":\"de\",\"@id\":\"https:\/\/place-add.nl\/de\/#\/schema\/logo\/image\/\",\"url\":\"https:\/\/place-add.nl\/wp-content\/uploads\/2023\/11\/logo-img-place-add.png\",\"contentUrl\":\"https:\/\/place-add.nl\/wp-content\/uploads\/2023\/11\/logo-img-place-add.png\",\"width\":404,\"height\":106,\"caption\":\"Place Add\"},\"image\":{\"@id\":\"https:\/\/place-add.nl\/de\/#\/schema\/logo\/image\/\"},\"sameAs\":[\"https:\/\/www.facebook.com\/PlaceAdd\/\",\"https:\/\/www.instagram.com\/place_add\/\",\"https:\/\/www.youtube.com\/@placeadd\"]}]}<\/script>\n<!-- \/ Yoast SEO Premium plugin. -->","yoast_head_json":{"title":"transparent Einseitig Speisekarten | Place Add | F\u00fcr die Gastronomie","description":"Moderne und praktische Transpa Men\u00fckarten aus Hartplastik mit Naht, in schwarz, silber, bordeaux oder creme. Abwaschbar, leicht zu reinigen!","robots":{"index":"index","follow":"follow","max-snippet":"max-snippet:-1","max-image-preview":"max-image-preview:large","max-video-preview":"max-video-preview:-1"},"canonical":"https:\/\/place-add.nl\/de\/produkt\/einseitige-transpa-speisekarten\/","og_locale":"de_DE","og_type":"article","og_title":"transparent Einseitig Speisekarten","og_description":"Moderne und praktische Transpa Men\u00fckarten aus Hartplastik mit Naht, in schwarz, silber, bordeaux oder creme. Abwaschbar, leicht zu reinigen!","og_url":"https:\/\/place-add.nl\/de\/produkt\/einseitige-transpa-speisekarten\/","og_site_name":"Place Add","article_publisher":"https:\/\/www.facebook.com\/PlaceAdd\/","article_modified_time":"2025-07-24T11:59:44+00:00","og_image":[{"width":1000,"height":1000,"url":"https:\/\/place-add.nl\/wp-content\/uploads\/2024\/06\/Enkel_transpa_Place-add_1-scaled.jpg","type":"image\/jpeg"}],"twitter_card":"summary_large_image","twitter_misc":{"Gesch\u00e4tzte Lesezeit":"2\u00a0Minuten"},"schema":{"@context":"https:\/\/schema.org","@graph":[{"@type":"WebPage","@id":"https:\/\/place-add.nl\/de\/produkt\/einseitige-transpa-speisekarten\/","url":"https:\/\/place-add.nl\/de\/produkt\/einseitige-transpa-speisekarten\/","name":"transparent Einseitig Speisekarten | Place Add | F\u00fcr die Gastronomie","isPartOf":{"@id":"https:\/\/place-add.nl\/de\/#website"},"primaryImageOfPage":{"@id":"https:\/\/place-add.nl\/de\/produkt\/einseitige-transpa-speisekarten\/#primaryimage"},"image":{"@id":"https:\/\/place-add.nl\/de\/produkt\/einseitige-transpa-speisekarten\/#primaryimage"},"thumbnailUrl":"https:\/\/place-add.nl\/wp-content\/uploads\/2024\/06\/Enkel_transpa_Place-add_1-scaled.jpg","datePublished":"2024-06-17T14:02:09+00:00","dateModified":"2025-07-24T11:59:44+00:00","description":"Moderne und praktische Transpa Men\u00fckarten aus Hartplastik mit Naht, in schwarz, silber, bordeaux oder creme. Abwaschbar, leicht zu reinigen!","breadcrumb":{"@id":"https:\/\/place-add.nl\/de\/produkt\/einseitige-transpa-speisekarten\/#breadcrumb"},"inLanguage":"de","potentialAction":[{"@type":"ReadAction","target":["https:\/\/place-add.nl\/de\/produkt\/einseitige-transpa-speisekarten\/"]}]},{"@type":"ImageObject","inLanguage":"de","@id":"https:\/\/place-add.nl\/de\/produkt\/einseitige-transpa-speisekarten\/#primaryimage","url":"https:\/\/place-add.nl\/wp-content\/uploads\/2024\/06\/Enkel_transpa_Place-add_1-scaled.jpg","contentUrl":"https:\/\/place-add.nl\/wp-content\/uploads\/2024\/06\/Enkel_transpa_Place-add_1-scaled.jpg","width":1000,"height":1000,"caption":"Transpa Menukaarten"},{"@type":"BreadcrumbList","@id":"https:\/\/place-add.nl\/de\/produkt\/einseitige-transpa-speisekarten\/#breadcrumb","itemListElement":[{"@type":"ListItem","position":1,"name":"Home","item":"https:\/\/place-add.nl\/de\/home\/"},{"@type":"ListItem","position":2,"name":"Shop","item":"https:\/\/place-add.nl\/de\/shop\/"},{"@type":"ListItem","position":3,"name":"transparent Einseitig Speisekarten"}]},{"@type":"WebSite","@id":"https:\/\/place-add.nl\/de\/#website","url":"https:\/\/place-add.nl\/de\/","name":"Place Add","description":"Tafelkleding voor de horeca","publisher":{"@id":"https:\/\/place-add.nl\/de\/#organization"},"potentialAction":[{"@type":"SearchAction","target":{"@type":"EntryPoint","urlTemplate":"https:\/\/place-add.nl\/de\/?s={search_term_string}"},"query-input":{"@type":"PropertyValueSpecification","valueRequired":true,"valueName":"search_term_string"}}],"inLanguage":"de"},{"@type":"Organization","@id":"https:\/\/place-add.nl\/de\/#organization","name":"Place Add","url":"https:\/\/place-add.nl\/de\/","logo":{"@type":"ImageObject","inLanguage":"de","@id":"https:\/\/place-add.nl\/de\/#\/schema\/logo\/image\/","url":"https:\/\/place-add.nl\/wp-content\/uploads\/2023\/11\/logo-img-place-add.png","contentUrl":"https:\/\/place-add.nl\/wp-content\/uploads\/2023\/11\/logo-img-place-add.png","width":404,"height":106,"caption":"Place Add"},"image":{"@id":"https:\/\/place-add.nl\/de\/#\/schema\/logo\/image\/"},"sameAs":["https:\/\/www.facebook.com\/PlaceAdd\/","https:\/\/www.instagram.com\/place_add\/","https:\/\/www.youtube.com\/@placeadd"]}]}},"_links":{"self":[{"href":"https:\/\/place-add.nl\/de\/wp-json\/wp\/v2\/product\/43565","targetHints":{"allow":["GET"]}}],"collection":[{"href":"https:\/\/place-add.nl\/de\/wp-json\/wp\/v2\/product"}],"about":[{"href":"https:\/\/place-add.nl\/de\/wp-json\/wp\/v2\/types\/product"}],"wp:featuredmedia":[{"embeddable":true,"href":"https:\/\/place-add.nl\/de\/wp-json\/wp\/v2\/media\/40699"}],"wp:attachment":[{"href":"https:\/\/place-add.nl\/de\/wp-json\/wp\/v2\/media?parent=43565"}],"wp:term":[{"taxonomy":"product_brand","embeddable":true,"href":"https:\/\/place-add.nl\/de\/wp-json\/wp\/v2\/product_brand?post=43565"},{"taxonomy":"product_cat","embeddable":true,"href":"https:\/\/place-add.nl\/de\/wp-json\/wp\/v2\/product_cat?post=43565"},{"taxonomy":"product_tag","embeddable":true,"href":"https:\/\/place-add.nl\/de\/wp-json\/wp\/v2\/product_tag?post=43565"}],"curies":[{"name":"wp","href":"https:\/\/api.w.org\/{rel}","templated":true}]}}