{"id":43577,"date":"2024-06-17T13:59:35","date_gmt":"2024-06-17T13:59:35","guid":{"rendered":"https:\/\/place-add.nl\/product\/2-luik-transpa\/"},"modified":"2025-06-03T07:03:17","modified_gmt":"2025-06-03T07:03:17","slug":"2-teiligen-transpa-speisekarten","status":"publish","type":"product","link":"https:\/\/place-add.nl\/de\/produkt\/2-teiligen-transpa-speisekarten\/","title":{"rendered":"Transparent 2-teilig-Speisekarten"},"content":{"rendered":"<p><strong>Unsere 2-teiligen Transpa-Speisekarten<\/strong> sind die perfekte Wahl, um Ihre Men\u00fcs stilvoll und praktisch zu pr\u00e4sentieren. Dank des schlanken Designs und der hochwertigen Materialien sind diese Men\u00fckarten ideal f\u00fcr stark frequentierte Gastronomiebetriebe. Sie sind in verschiedenen Formaten erh\u00e4ltlich, sodass Sie immer die passende Gr\u00f6\u00dfe w\u00e4hlen k\u00f6nnen:<\/p>\n<ul>\n<li>A4<\/li>\n<li>A4 Quadrat<\/li>\n<li>A4 Schmal<\/li>\n<li>A5<\/li>\n<\/ul>\n<p>Auch erh\u00e4ltlich als <strong><a href=\"https:\/\/place-add.nl\/de\/produkt\/transparent-3-teilig-speisekarten\/\">3-teilige Version<\/a><\/strong> oder in Buchform mit <strong><a href=\"https:\/\/place-add.nl\/de\/produkt\/trensperent-mit-holz\/\">Holzbindung<\/a><\/strong>!<\/p>\n<p>Hergestellt aus robustem Kunststoff bieten unsere <strong>2-teiligen Transpa-Speisekarten<\/strong> eine stabile, moderne Ausstrahlung. Das transparente Material verleiht Ihren Men\u00fcs einen zeitgem\u00e4\u00dfen Touch und sorgt daf\u00fcr, dass der Inhalt immer gut sichtbar bleibt.<\/p>\n<p>Mit Farb- und Stichoptionen in Schwarz, Silber, Bordeaux oder Creme erh\u00e4lt jede Men\u00fckarten eine subtile, aber raffinierte Optik, die zu Ihrer Tischdekoration und Ihrem Interieur beitr\u00e4gt.<\/p>\n<p>Die Nickel-Ecken sorgen f\u00fcr zus\u00e4tzliche Stabilit\u00e4t und verhindern Sch\u00e4den am Inhalt, wodurch die Men\u00fckarten hervorragend f\u00fcr den t\u00e4glichen Gebrauch geeignet sind.<\/p>\n<p>Dank des abwaschbaren Materials bleiben unsere Transpa-Men\u00fckarten immer frisch und sauber, was sie pflegeleicht macht und ideal f\u00fcr den intensiven Einsatz ohne Kompromisse bei der Hygiene.<\/p>\n<p>Haben Sie es eilig, Men\u00fckarten zu erhalten? Besuchen Sie unsere Partner-Website, <strong><a href=\"http:\/\/www.craftontable.com\/\">Craftontable.com<\/a><\/strong>, f\u00fcr Men\u00fckarten mit k\u00fcrzeren Lieferzeiten und weniger Personalisierungsoptionen.<\/p>\n<p><strong>Sind Sie noch unsicher, welches Design am besten zu Ihrem Restaurant passt? Unser engagiertes Team steht bereit, um Ihnen pers\u00f6nliche Beratung zu bieten. Lassen Sie Ihre Men\u00fckarten hervorstechen und entdecken Sie, wie unsere Men\u00fckarten mit Holzbindung eine sch\u00f6ne und funktionale Erg\u00e4nzung f\u00fcr Ihr Restaurant sein k\u00f6nnen.<\/strong><\/p>\n<p><button id=\"knop-contact-opnemen-overige-producten-de\">Kontaktieren Sie uns unverbindlich<\/button><\/p>\n","protected":false},"excerpt":{"rendered":"<p>Unsere <strong>Transpa-Speisekarten <\/strong>bieten eine moderne und praktische L\u00f6sung f\u00fcr die Pr\u00e4sentation Ihrer Speisekarten. Die aus Hartplastik gefertigten und mit einem Holzeinband versehenen Men\u00fckarten sind in den Farben Eiche Schwarz, Eiche Dunkelbraun und Eiche Hell erh\u00e4ltlich. Sie sind abwaschbar und leicht zu reinigen, was sie ideal f\u00fcr den Einsatz in stark frequentierten Gastronomiebetrieben macht. Die Men\u00fckarten sind mit vernickelten Ecken versehen, die eine sichere Befestigung des Inhalts gew\u00e4hrleisten.<\/p>\n<p><strong>Warum sollten Sie sich f\u00fcr unsere Transpa-Speisekarten entscheiden?<\/strong><\/p>\n<ul>\n<li><strong>Modernes und haltbares Design<\/strong>: Hergestellt aus hochwertigem Kunststoff mit einem transparenten, modernen Look. Nickel-Ecken bieten zus\u00e4tzliche Stabilit\u00e4t.<\/li>\n<li><strong>Praktisch und hygienisch<\/strong>: Abwaschbar und leicht zu reinigen, perfekt f\u00fcr den t\u00e4glichen Gebrauch. Auswechselbare Inhalte f\u00fcr saisonale Anpassungen.<\/li>\n<li><strong>Stilvoller Holzeinband<\/strong>: Erh\u00e4ltlich in Eiche Schwarz, Eiche Dunkelbraun und Eiche Hell f\u00fcr ein elegantes und anspruchsvolles Aussehe.<\/li>\n<\/ul>\n<p><button id=\"knop-contact-opnemen-overige-producten-de\">Kontaktieren Sie uns unverbindlich<\/button><\/p>\n","protected":false},"featured_media":38573,"template":"","meta":[],"product_brand":[],"product_cat":[1465],"product_tag":[],"class_list":{"0":"post-43577","1":"product","2":"type-product","3":"status-publish","4":"has-post-thumbnail","6":"product_cat-kunststoff-transpa","8":"first","9":"instock","10":"taxable","11":"shipping-taxable","12":"purchasable","13":"product-type-variable"},"yoast_head":"<!-- This site is optimized with the Yoast SEO Premium plugin v27.2 (Yoast SEO v27.2) - https:\/\/yoast.com\/product\/yoast-seo-premium-wordpress\/ -->\n<title>Transparent 2-teilige-Speisekarten | Place Add | F\u00fcr die Gastronomie<\/title>\n<meta name=\"description\" content=\"Transparent 2-teilige-Speisekarten aus Kunststoff mit Naht, in schwarz, silber, bordeaux oder creme. Abwaschbar, leicht zu reinigen, ideal!\" \/>\n<meta name=\"robots\" content=\"index, follow, max-snippet:-1, max-image-preview:large, max-video-preview:-1\" \/>\n<link rel=\"canonical\" href=\"https:\/\/place-add.nl\/de\/produkt\/2-teiligen-transpa-speisekarten\/\" \/>\n<meta property=\"og:locale\" content=\"de_DE\" \/>\n<meta property=\"og:type\" content=\"article\" \/>\n<meta property=\"og:title\" content=\"Transparent 2-teilig-Speisekarten\" \/>\n<meta property=\"og:description\" content=\"Transparent 2-teilige-Speisekarten aus Kunststoff mit Naht, in schwarz, silber, bordeaux oder creme. Abwaschbar, leicht zu reinigen, ideal!\" \/>\n<meta property=\"og:url\" content=\"https:\/\/place-add.nl\/de\/produkt\/2-teiligen-transpa-speisekarten\/\" \/>\n<meta property=\"og:site_name\" content=\"Place Add\" \/>\n<meta property=\"article:publisher\" content=\"https:\/\/www.facebook.com\/PlaceAdd\/\" \/>\n<meta property=\"article:modified_time\" content=\"2025-06-03T07:03:17+00:00\" \/>\n<meta property=\"og:image\" content=\"https:\/\/place-add.nl\/wp-content\/uploads\/2024\/06\/Menukaarten_transpa_2-luik_Place_Add_2.jpg\" \/>\n\t<meta property=\"og:image:width\" content=\"800\" \/>\n\t<meta property=\"og:image:height\" content=\"800\" \/>\n\t<meta property=\"og:image:type\" content=\"image\/jpeg\" \/>\n<meta name=\"twitter:card\" content=\"summary_large_image\" \/>\n<meta name=\"twitter:label1\" content=\"Gesch\u00e4tzte Lesezeit\" \/>\n\t<meta name=\"twitter:data1\" content=\"2\u00a0Minuten\" \/>\n<script type=\"application\/ld+json\" class=\"yoast-schema-graph\">{\"@context\":\"https:\/\/schema.org\",\"@graph\":[{\"@type\":\"WebPage\",\"@id\":\"https:\/\/place-add.nl\/de\/produkt\/2-teiligen-transpa-speisekarten\/\",\"url\":\"https:\/\/place-add.nl\/de\/produkt\/2-teiligen-transpa-speisekarten\/\",\"name\":\"Transparent 2-teilige-Speisekarten | Place Add | F\u00fcr die Gastronomie\",\"isPartOf\":{\"@id\":\"https:\/\/place-add.nl\/de\/#website\"},\"primaryImageOfPage\":{\"@id\":\"https:\/\/place-add.nl\/de\/produkt\/2-teiligen-transpa-speisekarten\/#primaryimage\"},\"image\":{\"@id\":\"https:\/\/place-add.nl\/de\/produkt\/2-teiligen-transpa-speisekarten\/#primaryimage\"},\"thumbnailUrl\":\"https:\/\/place-add.nl\/wp-content\/uploads\/2024\/06\/Menukaarten_transpa_2-luik_Place_Add_2.jpg\",\"datePublished\":\"2024-06-17T13:59:35+00:00\",\"dateModified\":\"2025-06-03T07:03:17+00:00\",\"description\":\"Transparent 2-teilige-Speisekarten aus Kunststoff mit Naht, in schwarz, silber, bordeaux oder creme. Abwaschbar, leicht zu reinigen, ideal!\",\"breadcrumb\":{\"@id\":\"https:\/\/place-add.nl\/de\/produkt\/2-teiligen-transpa-speisekarten\/#breadcrumb\"},\"inLanguage\":\"de\",\"potentialAction\":[{\"@type\":\"ReadAction\",\"target\":[\"https:\/\/place-add.nl\/de\/produkt\/2-teiligen-transpa-speisekarten\/\"]}]},{\"@type\":\"ImageObject\",\"inLanguage\":\"de\",\"@id\":\"https:\/\/place-add.nl\/de\/produkt\/2-teiligen-transpa-speisekarten\/#primaryimage\",\"url\":\"https:\/\/place-add.nl\/wp-content\/uploads\/2024\/06\/Menukaarten_transpa_2-luik_Place_Add_2.jpg\",\"contentUrl\":\"https:\/\/place-add.nl\/wp-content\/uploads\/2024\/06\/Menukaarten_transpa_2-luik_Place_Add_2.jpg\",\"width\":800,\"height\":800,\"caption\":\"2-luik transpa\"},{\"@type\":\"BreadcrumbList\",\"@id\":\"https:\/\/place-add.nl\/de\/produkt\/2-teiligen-transpa-speisekarten\/#breadcrumb\",\"itemListElement\":[{\"@type\":\"ListItem\",\"position\":1,\"name\":\"Home\",\"item\":\"https:\/\/place-add.nl\/de\/home\/\"},{\"@type\":\"ListItem\",\"position\":2,\"name\":\"Shop\",\"item\":\"https:\/\/place-add.nl\/de\/shop\/\"},{\"@type\":\"ListItem\",\"position\":3,\"name\":\"Transparent 2-teilig-Speisekarten\"}]},{\"@type\":\"WebSite\",\"@id\":\"https:\/\/place-add.nl\/de\/#website\",\"url\":\"https:\/\/place-add.nl\/de\/\",\"name\":\"Place Add\",\"description\":\"Tafelkleding voor de horeca\",\"publisher\":{\"@id\":\"https:\/\/place-add.nl\/de\/#organization\"},\"potentialAction\":[{\"@type\":\"SearchAction\",\"target\":{\"@type\":\"EntryPoint\",\"urlTemplate\":\"https:\/\/place-add.nl\/de\/?s={search_term_string}\"},\"query-input\":{\"@type\":\"PropertyValueSpecification\",\"valueRequired\":true,\"valueName\":\"search_term_string\"}}],\"inLanguage\":\"de\"},{\"@type\":\"Organization\",\"@id\":\"https:\/\/place-add.nl\/de\/#organization\",\"name\":\"Place Add\",\"url\":\"https:\/\/place-add.nl\/de\/\",\"logo\":{\"@type\":\"ImageObject\",\"inLanguage\":\"de\",\"@id\":\"https:\/\/place-add.nl\/de\/#\/schema\/logo\/image\/\",\"url\":\"https:\/\/place-add.nl\/wp-content\/uploads\/2023\/11\/logo-img-place-add.png\",\"contentUrl\":\"https:\/\/place-add.nl\/wp-content\/uploads\/2023\/11\/logo-img-place-add.png\",\"width\":404,\"height\":106,\"caption\":\"Place Add\"},\"image\":{\"@id\":\"https:\/\/place-add.nl\/de\/#\/schema\/logo\/image\/\"},\"sameAs\":[\"https:\/\/www.facebook.com\/PlaceAdd\/\",\"https:\/\/www.instagram.com\/place_add\/\",\"https:\/\/www.youtube.com\/@placeadd\"]}]}<\/script>\n<!-- \/ Yoast SEO Premium plugin. -->","yoast_head_json":{"title":"Transparent 2-teilige-Speisekarten | Place Add | F\u00fcr die Gastronomie","description":"Transparent 2-teilige-Speisekarten aus Kunststoff mit Naht, in schwarz, silber, bordeaux oder creme. Abwaschbar, leicht zu reinigen, ideal!","robots":{"index":"index","follow":"follow","max-snippet":"max-snippet:-1","max-image-preview":"max-image-preview:large","max-video-preview":"max-video-preview:-1"},"canonical":"https:\/\/place-add.nl\/de\/produkt\/2-teiligen-transpa-speisekarten\/","og_locale":"de_DE","og_type":"article","og_title":"Transparent 2-teilig-Speisekarten","og_description":"Transparent 2-teilige-Speisekarten aus Kunststoff mit Naht, in schwarz, silber, bordeaux oder creme. Abwaschbar, leicht zu reinigen, ideal!","og_url":"https:\/\/place-add.nl\/de\/produkt\/2-teiligen-transpa-speisekarten\/","og_site_name":"Place Add","article_publisher":"https:\/\/www.facebook.com\/PlaceAdd\/","article_modified_time":"2025-06-03T07:03:17+00:00","og_image":[{"width":800,"height":800,"url":"https:\/\/place-add.nl\/wp-content\/uploads\/2024\/06\/Menukaarten_transpa_2-luik_Place_Add_2.jpg","type":"image\/jpeg"}],"twitter_card":"summary_large_image","twitter_misc":{"Gesch\u00e4tzte Lesezeit":"2\u00a0Minuten"},"schema":{"@context":"https:\/\/schema.org","@graph":[{"@type":"WebPage","@id":"https:\/\/place-add.nl\/de\/produkt\/2-teiligen-transpa-speisekarten\/","url":"https:\/\/place-add.nl\/de\/produkt\/2-teiligen-transpa-speisekarten\/","name":"Transparent 2-teilige-Speisekarten | Place Add | F\u00fcr die Gastronomie","isPartOf":{"@id":"https:\/\/place-add.nl\/de\/#website"},"primaryImageOfPage":{"@id":"https:\/\/place-add.nl\/de\/produkt\/2-teiligen-transpa-speisekarten\/#primaryimage"},"image":{"@id":"https:\/\/place-add.nl\/de\/produkt\/2-teiligen-transpa-speisekarten\/#primaryimage"},"thumbnailUrl":"https:\/\/place-add.nl\/wp-content\/uploads\/2024\/06\/Menukaarten_transpa_2-luik_Place_Add_2.jpg","datePublished":"2024-06-17T13:59:35+00:00","dateModified":"2025-06-03T07:03:17+00:00","description":"Transparent 2-teilige-Speisekarten aus Kunststoff mit Naht, in schwarz, silber, bordeaux oder creme. Abwaschbar, leicht zu reinigen, ideal!","breadcrumb":{"@id":"https:\/\/place-add.nl\/de\/produkt\/2-teiligen-transpa-speisekarten\/#breadcrumb"},"inLanguage":"de","potentialAction":[{"@type":"ReadAction","target":["https:\/\/place-add.nl\/de\/produkt\/2-teiligen-transpa-speisekarten\/"]}]},{"@type":"ImageObject","inLanguage":"de","@id":"https:\/\/place-add.nl\/de\/produkt\/2-teiligen-transpa-speisekarten\/#primaryimage","url":"https:\/\/place-add.nl\/wp-content\/uploads\/2024\/06\/Menukaarten_transpa_2-luik_Place_Add_2.jpg","contentUrl":"https:\/\/place-add.nl\/wp-content\/uploads\/2024\/06\/Menukaarten_transpa_2-luik_Place_Add_2.jpg","width":800,"height":800,"caption":"2-luik transpa"},{"@type":"BreadcrumbList","@id":"https:\/\/place-add.nl\/de\/produkt\/2-teiligen-transpa-speisekarten\/#breadcrumb","itemListElement":[{"@type":"ListItem","position":1,"name":"Home","item":"https:\/\/place-add.nl\/de\/home\/"},{"@type":"ListItem","position":2,"name":"Shop","item":"https:\/\/place-add.nl\/de\/shop\/"},{"@type":"ListItem","position":3,"name":"Transparent 2-teilig-Speisekarten"}]},{"@type":"WebSite","@id":"https:\/\/place-add.nl\/de\/#website","url":"https:\/\/place-add.nl\/de\/","name":"Place Add","description":"Tafelkleding voor de horeca","publisher":{"@id":"https:\/\/place-add.nl\/de\/#organization"},"potentialAction":[{"@type":"SearchAction","target":{"@type":"EntryPoint","urlTemplate":"https:\/\/place-add.nl\/de\/?s={search_term_string}"},"query-input":{"@type":"PropertyValueSpecification","valueRequired":true,"valueName":"search_term_string"}}],"inLanguage":"de"},{"@type":"Organization","@id":"https:\/\/place-add.nl\/de\/#organization","name":"Place Add","url":"https:\/\/place-add.nl\/de\/","logo":{"@type":"ImageObject","inLanguage":"de","@id":"https:\/\/place-add.nl\/de\/#\/schema\/logo\/image\/","url":"https:\/\/place-add.nl\/wp-content\/uploads\/2023\/11\/logo-img-place-add.png","contentUrl":"https:\/\/place-add.nl\/wp-content\/uploads\/2023\/11\/logo-img-place-add.png","width":404,"height":106,"caption":"Place Add"},"image":{"@id":"https:\/\/place-add.nl\/de\/#\/schema\/logo\/image\/"},"sameAs":["https:\/\/www.facebook.com\/PlaceAdd\/","https:\/\/www.instagram.com\/place_add\/","https:\/\/www.youtube.com\/@placeadd"]}]}},"_links":{"self":[{"href":"https:\/\/place-add.nl\/de\/wp-json\/wp\/v2\/product\/43577","targetHints":{"allow":["GET"]}}],"collection":[{"href":"https:\/\/place-add.nl\/de\/wp-json\/wp\/v2\/product"}],"about":[{"href":"https:\/\/place-add.nl\/de\/wp-json\/wp\/v2\/types\/product"}],"wp:featuredmedia":[{"embeddable":true,"href":"https:\/\/place-add.nl\/de\/wp-json\/wp\/v2\/media\/38573"}],"wp:attachment":[{"href":"https:\/\/place-add.nl\/de\/wp-json\/wp\/v2\/media?parent=43577"}],"wp:term":[{"taxonomy":"product_brand","embeddable":true,"href":"https:\/\/place-add.nl\/de\/wp-json\/wp\/v2\/product_brand?post=43577"},{"taxonomy":"product_cat","embeddable":true,"href":"https:\/\/place-add.nl\/de\/wp-json\/wp\/v2\/product_cat?post=43577"},{"taxonomy":"product_tag","embeddable":true,"href":"https:\/\/place-add.nl\/de\/wp-json\/wp\/v2\/product_tag?post=43577"}],"curies":[{"name":"wp","href":"https:\/\/api.w.org\/{rel}","templated":true}]}}