{"id":43592,"date":"2024-06-17T14:12:30","date_gmt":"2024-06-17T14:12:30","guid":{"rendered":"https:\/\/place-add.nl\/product\/polytop-menukaarten-zonder-opdruk\/"},"modified":"2025-06-03T07:27:47","modified_gmt":"2025-06-03T07:27:47","slug":"polytop-speisekarten-ohne-aufdruck","status":"publish","type":"product","link":"https:\/\/place-add.nl\/de\/produkt\/polytop-speisekarten-ohne-aufdruck\/","title":{"rendered":"Polytop-Speisekarten ohne Aufdruck"},"content":{"rendered":"<p>Unsere <strong>Polytop-Speisekarten ohne Aufdruck <\/strong>sind die ideale Wahl f\u00fcr Gastronomiebetriebe, die ihre Speisekarten auf professionelle und dauerhafte Weise pr\u00e4sentieren m\u00f6chten. Aus hochwertigem Polypropylen-Kunststoff hergestellt, bieten diese Karten nicht nur ein elegantes Aussehen, sondern auch eine au\u00dfergew\u00f6hnliche Haltbarkeit. Die in drei eleganten Farben &#8211; Schwarz, Rot und Transparent &#8211; und in f\u00fcnf verschiedenen Gr\u00f6\u00dfen erh\u00e4ltlichen Polytop-Speisekarten mit Siebdruck sind eine vielseitige L\u00f6sung, die perfekt auf die Bed\u00fcrfnisse jedes Gastronomiebetriebs abgestimmt ist.<\/p>\n<p>Egal, ob Sie sich f\u00fcr ein klassisches Schwarz, ein auff\u00e4lliges Rot oder ein elegantes Transparent entscheiden, jede Farbe verleiht Ihrer Pr\u00e4sentation einen stilvollen Touch. Die <strong>Polytop-Speisekarten ohne Aufdruck <\/strong>sind in den Formaten A4, A4 quadratisch, A4 schmal und A5 erh\u00e4ltlich, so dass es immer ein Modell gibt, das Ihren speziellen Anforderungen entspricht.<\/p>\n<p>Vervollst\u00e4ndigen Sie das Bild mit einem unserer <strong><a href=\"https:\/\/place-add.nl\/de\/tischaccessoires-co\/\">Tisch-Accessoires<\/a><\/strong>, wie z. B. einem praktischen QR-Display oder Organizern.<\/p>\n<p>Sie haben es eilig, Speisekarten zu bekommen? Dann besuchen Sie unsere Partner-Website <strong><a href=\"http:\/\/www.craftontable.com\/\">Craftontable.com<\/a><\/strong> f\u00fcr Speisekarten mit einer schnelleren Lieferzeit und weniger Personalisierungsm\u00f6glichkeiten.<\/p>\n<p><strong>Sie sind noch nicht sicher, welches Design am besten zu Ihrem Restaurant passt? Unser engagiertes Team ber\u00e4t Sie gerne und individuell. Heben Sie Ihre Speisekarte hervor und entdecken Sie, wie unsere holzgebundenen Speisekarten eine sch\u00f6ne und funktionelle Erg\u00e4nzung f\u00fcr Ihr Restaurant sein k\u00f6nnen.<\/strong><\/p>\n<p><button id=\"knop-contact-opnemen-overige-producten-de\">Kontaktieren Sie uns unverbindlich<\/button><\/p>\n","protected":false},"excerpt":{"rendered":"<p>Unsere <strong>Poly-Top-Speisekarten<\/strong> bieten eine vielseitige und praktische L\u00f6sung f\u00fcr die Pr\u00e4sentation Ihrer Speisekarten. Die aus strapazierf\u00e4higem Polypropylen-Kunststoff hergestellten Top-Karten sind in drei eleganten Farben erh\u00e4ltlich: Schwarz, Rot und Transparent. Sie sind in f\u00fcnf verschiedenen Gr\u00f6\u00dfen erh\u00e4ltlich und k\u00f6nnen direkt ab Lager geliefert werden, auch ohne Druck. Aber das ist noch nicht alles &#8211; wir bieten Ihnen auch verschiedene M\u00f6glichkeiten zur Personalisierung und Individualisierung an, damit Sie die perfekten Speisekarten f\u00fcr Ihren Gastronomiebetrieb erstellen k\u00f6nnen.<\/p>\n<p><strong>Warum sollten Sie sich f\u00fcr unsere Poly Top Speisekarten entscheiden?<\/strong><\/p>\n<ul>\n<li><strong>Langlebig und vielseitig<\/strong>: Unsere Speisekarten werden aus hochwertigem Polypropylen-Kunststoff hergestellt, der Langlebigkeit und Vielseitigkeit garantiert. Das Material ist rei\u00dffest und fleckenunempfindlich, sodass die Speisekarten auch bei starker Beanspruchung lange halten.<\/li>\n<li><strong>Verschiedene Personalisierungsoptionen<\/strong>: Wir bieten verschiedene Personalisierungsoptionen an, mit denen Sie die Speisekarten an Ihre speziellen Bed\u00fcrfnisse anpassen k\u00f6nnen. W\u00e4hlen Sie zum Beispiel eine Edelstahlplatte mit Ihrem eigenen Aufdruck oder einem Standardaufdruck. Oder entscheiden Sie sich f\u00fcr einen individuellen Siebdruck in einer oder zwei Farben oder einen Standarddruck. So k\u00f6nnen Sie die Speisekarten perfekt auf das Erscheinungsbild Ihres Restaurants oder Caf\u00e9s abstimmen.<\/li>\n<li><strong>Flexible Lieferm\u00f6glichkeiten<\/strong>: Ganz gleich, ob Sie bedruckte oder unbedruckte Speisekarten suchen, wir haben die richtige L\u00f6sung f\u00fcr Sie. Unsere Speisekarten sind bereits ab 5 St\u00fcck erh\u00e4ltlich, auch in unbedruckter Ausf\u00fchrung. Der Inhalt wird mit Busschrauben befestigt und kann wahlweise mit oder ohne Umschlag geliefert werden, je nach Ihren W\u00fcnschen.<\/li>\n<\/ul>\n<p><button id=\"knop-contact-opnemen-overige-producten-de\">Kontaktieren Sie uns unverbindlich<\/button><\/p>\n","protected":false},"featured_media":38521,"template":"","meta":[],"product_brand":[],"product_cat":[1436],"product_tag":[1198,1199,1200,1201,1202,1335,1203],"class_list":{"0":"post-43592","1":"product","2":"type-product","3":"status-publish","4":"has-post-thumbnail","6":"product_cat-poly-top-de","7":"product_tag-maatwerk-menukaarten-de","8":"product_tag-menukaarten-de","9":"product_tag-menukaarten-horeca-de","10":"product_tag-menukaarten-kopen-de","11":"product_tag-menukaarten-op-maat-de","12":"product_tag-polytop-speisekarten","13":"product_tag-restaurant-menukaarten-de","15":"first","16":"instock","17":"taxable","18":"shipping-taxable","19":"purchasable","20":"product-type-variable"},"yoast_head":"<!-- This site is optimized with the Yoast SEO Premium plugin v27.2 (Yoast SEO v27.2) - https:\/\/yoast.com\/product\/yoast-seo-premium-wordpress\/ -->\n<title>Polytop-Speisekarten ohne Aufdruck | Place Add | F\u00fcr die Gastronomie<\/title>\n<meta name=\"description\" content=\"Polytop-Speisekarten ohne Aufdruck: vielseitig einsetzbar in strapazierf\u00e4higem Polypropylen, erh\u00e4ltlich in Schwarz, Rot, Transparent in f\u00fcnf Gr\u00f6\u00dfen!\" \/>\n<meta name=\"robots\" content=\"index, follow, max-snippet:-1, max-image-preview:large, max-video-preview:-1\" \/>\n<link rel=\"canonical\" href=\"https:\/\/place-add.nl\/de\/produkt\/polytop-speisekarten-ohne-aufdruck\/\" \/>\n<meta property=\"og:locale\" content=\"de_DE\" \/>\n<meta property=\"og:type\" content=\"article\" \/>\n<meta property=\"og:title\" content=\"Polytop-Speisekarten ohne Aufdruck\" \/>\n<meta property=\"og:description\" content=\"Polytop-Speisekarten ohne Aufdruck: vielseitig einsetzbar in strapazierf\u00e4higem Polypropylen, erh\u00e4ltlich in Schwarz, Rot, Transparent in f\u00fcnf Gr\u00f6\u00dfen!\" \/>\n<meta property=\"og:url\" content=\"https:\/\/place-add.nl\/de\/produkt\/polytop-speisekarten-ohne-aufdruck\/\" \/>\n<meta property=\"og:site_name\" content=\"Place Add\" \/>\n<meta property=\"article:publisher\" content=\"https:\/\/www.facebook.com\/PlaceAdd\/\" \/>\n<meta property=\"article:modified_time\" content=\"2025-06-03T07:27:47+00:00\" \/>\n<meta property=\"og:image\" content=\"https:\/\/place-add.nl\/wp-content\/uploads\/2024\/06\/Menukaarten_PolytopOB_Place_Add_1.jpg\" \/>\n\t<meta property=\"og:image:width\" content=\"800\" \/>\n\t<meta property=\"og:image:height\" content=\"800\" \/>\n\t<meta property=\"og:image:type\" content=\"image\/jpeg\" \/>\n<meta name=\"twitter:card\" content=\"summary_large_image\" \/>\n<meta name=\"twitter:label1\" content=\"Gesch\u00e4tzte Lesezeit\" \/>\n\t<meta name=\"twitter:data1\" content=\"2\u00a0Minuten\" \/>\n<script type=\"application\/ld+json\" class=\"yoast-schema-graph\">{\"@context\":\"https:\/\/schema.org\",\"@graph\":[{\"@type\":\"WebPage\",\"@id\":\"https:\/\/place-add.nl\/de\/produkt\/polytop-speisekarten-ohne-aufdruck\/\",\"url\":\"https:\/\/place-add.nl\/de\/produkt\/polytop-speisekarten-ohne-aufdruck\/\",\"name\":\"Polytop-Speisekarten ohne Aufdruck | Place Add | F\u00fcr die Gastronomie\",\"isPartOf\":{\"@id\":\"https:\/\/place-add.nl\/de\/#website\"},\"primaryImageOfPage\":{\"@id\":\"https:\/\/place-add.nl\/de\/produkt\/polytop-speisekarten-ohne-aufdruck\/#primaryimage\"},\"image\":{\"@id\":\"https:\/\/place-add.nl\/de\/produkt\/polytop-speisekarten-ohne-aufdruck\/#primaryimage\"},\"thumbnailUrl\":\"https:\/\/place-add.nl\/wp-content\/uploads\/2024\/06\/Menukaarten_PolytopOB_Place_Add_1.jpg\",\"datePublished\":\"2024-06-17T14:12:30+00:00\",\"dateModified\":\"2025-06-03T07:27:47+00:00\",\"description\":\"Polytop-Speisekarten ohne Aufdruck: vielseitig einsetzbar in strapazierf\u00e4higem Polypropylen, erh\u00e4ltlich in Schwarz, Rot, Transparent in f\u00fcnf Gr\u00f6\u00dfen!\",\"breadcrumb\":{\"@id\":\"https:\/\/place-add.nl\/de\/produkt\/polytop-speisekarten-ohne-aufdruck\/#breadcrumb\"},\"inLanguage\":\"de\",\"potentialAction\":[{\"@type\":\"ReadAction\",\"target\":[\"https:\/\/place-add.nl\/de\/produkt\/polytop-speisekarten-ohne-aufdruck\/\"]}]},{\"@type\":\"ImageObject\",\"inLanguage\":\"de\",\"@id\":\"https:\/\/place-add.nl\/de\/produkt\/polytop-speisekarten-ohne-aufdruck\/#primaryimage\",\"url\":\"https:\/\/place-add.nl\/wp-content\/uploads\/2024\/06\/Menukaarten_PolytopOB_Place_Add_1.jpg\",\"contentUrl\":\"https:\/\/place-add.nl\/wp-content\/uploads\/2024\/06\/Menukaarten_PolytopOB_Place_Add_1.jpg\",\"width\":800,\"height\":800,\"caption\":\"Polytop menukaarten zonder opdruk\"},{\"@type\":\"BreadcrumbList\",\"@id\":\"https:\/\/place-add.nl\/de\/produkt\/polytop-speisekarten-ohne-aufdruck\/#breadcrumb\",\"itemListElement\":[{\"@type\":\"ListItem\",\"position\":1,\"name\":\"Home\",\"item\":\"https:\/\/place-add.nl\/de\/home\/\"},{\"@type\":\"ListItem\",\"position\":2,\"name\":\"Shop\",\"item\":\"https:\/\/place-add.nl\/de\/shop\/\"},{\"@type\":\"ListItem\",\"position\":3,\"name\":\"Polytop-Speisekarten ohne Aufdruck\"}]},{\"@type\":\"WebSite\",\"@id\":\"https:\/\/place-add.nl\/de\/#website\",\"url\":\"https:\/\/place-add.nl\/de\/\",\"name\":\"Place Add\",\"description\":\"Tafelkleding voor de horeca\",\"publisher\":{\"@id\":\"https:\/\/place-add.nl\/de\/#organization\"},\"potentialAction\":[{\"@type\":\"SearchAction\",\"target\":{\"@type\":\"EntryPoint\",\"urlTemplate\":\"https:\/\/place-add.nl\/de\/?s={search_term_string}\"},\"query-input\":{\"@type\":\"PropertyValueSpecification\",\"valueRequired\":true,\"valueName\":\"search_term_string\"}}],\"inLanguage\":\"de\"},{\"@type\":\"Organization\",\"@id\":\"https:\/\/place-add.nl\/de\/#organization\",\"name\":\"Place Add\",\"url\":\"https:\/\/place-add.nl\/de\/\",\"logo\":{\"@type\":\"ImageObject\",\"inLanguage\":\"de\",\"@id\":\"https:\/\/place-add.nl\/de\/#\/schema\/logo\/image\/\",\"url\":\"https:\/\/place-add.nl\/wp-content\/uploads\/2023\/11\/logo-img-place-add.png\",\"contentUrl\":\"https:\/\/place-add.nl\/wp-content\/uploads\/2023\/11\/logo-img-place-add.png\",\"width\":404,\"height\":106,\"caption\":\"Place Add\"},\"image\":{\"@id\":\"https:\/\/place-add.nl\/de\/#\/schema\/logo\/image\/\"},\"sameAs\":[\"https:\/\/www.facebook.com\/PlaceAdd\/\",\"https:\/\/www.instagram.com\/place_add\/\",\"https:\/\/www.youtube.com\/@placeadd\"]}]}<\/script>\n<!-- \/ Yoast SEO Premium plugin. -->","yoast_head_json":{"title":"Polytop-Speisekarten ohne Aufdruck | Place Add | F\u00fcr die Gastronomie","description":"Polytop-Speisekarten ohne Aufdruck: vielseitig einsetzbar in strapazierf\u00e4higem Polypropylen, erh\u00e4ltlich in Schwarz, Rot, Transparent in f\u00fcnf Gr\u00f6\u00dfen!","robots":{"index":"index","follow":"follow","max-snippet":"max-snippet:-1","max-image-preview":"max-image-preview:large","max-video-preview":"max-video-preview:-1"},"canonical":"https:\/\/place-add.nl\/de\/produkt\/polytop-speisekarten-ohne-aufdruck\/","og_locale":"de_DE","og_type":"article","og_title":"Polytop-Speisekarten ohne Aufdruck","og_description":"Polytop-Speisekarten ohne Aufdruck: vielseitig einsetzbar in strapazierf\u00e4higem Polypropylen, erh\u00e4ltlich in Schwarz, Rot, Transparent in f\u00fcnf Gr\u00f6\u00dfen!","og_url":"https:\/\/place-add.nl\/de\/produkt\/polytop-speisekarten-ohne-aufdruck\/","og_site_name":"Place Add","article_publisher":"https:\/\/www.facebook.com\/PlaceAdd\/","article_modified_time":"2025-06-03T07:27:47+00:00","og_image":[{"width":800,"height":800,"url":"https:\/\/place-add.nl\/wp-content\/uploads\/2024\/06\/Menukaarten_PolytopOB_Place_Add_1.jpg","type":"image\/jpeg"}],"twitter_card":"summary_large_image","twitter_misc":{"Gesch\u00e4tzte Lesezeit":"2\u00a0Minuten"},"schema":{"@context":"https:\/\/schema.org","@graph":[{"@type":"WebPage","@id":"https:\/\/place-add.nl\/de\/produkt\/polytop-speisekarten-ohne-aufdruck\/","url":"https:\/\/place-add.nl\/de\/produkt\/polytop-speisekarten-ohne-aufdruck\/","name":"Polytop-Speisekarten ohne Aufdruck | Place Add | F\u00fcr die Gastronomie","isPartOf":{"@id":"https:\/\/place-add.nl\/de\/#website"},"primaryImageOfPage":{"@id":"https:\/\/place-add.nl\/de\/produkt\/polytop-speisekarten-ohne-aufdruck\/#primaryimage"},"image":{"@id":"https:\/\/place-add.nl\/de\/produkt\/polytop-speisekarten-ohne-aufdruck\/#primaryimage"},"thumbnailUrl":"https:\/\/place-add.nl\/wp-content\/uploads\/2024\/06\/Menukaarten_PolytopOB_Place_Add_1.jpg","datePublished":"2024-06-17T14:12:30+00:00","dateModified":"2025-06-03T07:27:47+00:00","description":"Polytop-Speisekarten ohne Aufdruck: vielseitig einsetzbar in strapazierf\u00e4higem Polypropylen, erh\u00e4ltlich in Schwarz, Rot, Transparent in f\u00fcnf Gr\u00f6\u00dfen!","breadcrumb":{"@id":"https:\/\/place-add.nl\/de\/produkt\/polytop-speisekarten-ohne-aufdruck\/#breadcrumb"},"inLanguage":"de","potentialAction":[{"@type":"ReadAction","target":["https:\/\/place-add.nl\/de\/produkt\/polytop-speisekarten-ohne-aufdruck\/"]}]},{"@type":"ImageObject","inLanguage":"de","@id":"https:\/\/place-add.nl\/de\/produkt\/polytop-speisekarten-ohne-aufdruck\/#primaryimage","url":"https:\/\/place-add.nl\/wp-content\/uploads\/2024\/06\/Menukaarten_PolytopOB_Place_Add_1.jpg","contentUrl":"https:\/\/place-add.nl\/wp-content\/uploads\/2024\/06\/Menukaarten_PolytopOB_Place_Add_1.jpg","width":800,"height":800,"caption":"Polytop menukaarten zonder opdruk"},{"@type":"BreadcrumbList","@id":"https:\/\/place-add.nl\/de\/produkt\/polytop-speisekarten-ohne-aufdruck\/#breadcrumb","itemListElement":[{"@type":"ListItem","position":1,"name":"Home","item":"https:\/\/place-add.nl\/de\/home\/"},{"@type":"ListItem","position":2,"name":"Shop","item":"https:\/\/place-add.nl\/de\/shop\/"},{"@type":"ListItem","position":3,"name":"Polytop-Speisekarten ohne Aufdruck"}]},{"@type":"WebSite","@id":"https:\/\/place-add.nl\/de\/#website","url":"https:\/\/place-add.nl\/de\/","name":"Place Add","description":"Tafelkleding voor de horeca","publisher":{"@id":"https:\/\/place-add.nl\/de\/#organization"},"potentialAction":[{"@type":"SearchAction","target":{"@type":"EntryPoint","urlTemplate":"https:\/\/place-add.nl\/de\/?s={search_term_string}"},"query-input":{"@type":"PropertyValueSpecification","valueRequired":true,"valueName":"search_term_string"}}],"inLanguage":"de"},{"@type":"Organization","@id":"https:\/\/place-add.nl\/de\/#organization","name":"Place Add","url":"https:\/\/place-add.nl\/de\/","logo":{"@type":"ImageObject","inLanguage":"de","@id":"https:\/\/place-add.nl\/de\/#\/schema\/logo\/image\/","url":"https:\/\/place-add.nl\/wp-content\/uploads\/2023\/11\/logo-img-place-add.png","contentUrl":"https:\/\/place-add.nl\/wp-content\/uploads\/2023\/11\/logo-img-place-add.png","width":404,"height":106,"caption":"Place Add"},"image":{"@id":"https:\/\/place-add.nl\/de\/#\/schema\/logo\/image\/"},"sameAs":["https:\/\/www.facebook.com\/PlaceAdd\/","https:\/\/www.instagram.com\/place_add\/","https:\/\/www.youtube.com\/@placeadd"]}]}},"_links":{"self":[{"href":"https:\/\/place-add.nl\/de\/wp-json\/wp\/v2\/product\/43592","targetHints":{"allow":["GET"]}}],"collection":[{"href":"https:\/\/place-add.nl\/de\/wp-json\/wp\/v2\/product"}],"about":[{"href":"https:\/\/place-add.nl\/de\/wp-json\/wp\/v2\/types\/product"}],"wp:featuredmedia":[{"embeddable":true,"href":"https:\/\/place-add.nl\/de\/wp-json\/wp\/v2\/media\/38521"}],"wp:attachment":[{"href":"https:\/\/place-add.nl\/de\/wp-json\/wp\/v2\/media?parent=43592"}],"wp:term":[{"taxonomy":"product_brand","embeddable":true,"href":"https:\/\/place-add.nl\/de\/wp-json\/wp\/v2\/product_brand?post=43592"},{"taxonomy":"product_cat","embeddable":true,"href":"https:\/\/place-add.nl\/de\/wp-json\/wp\/v2\/product_cat?post=43592"},{"taxonomy":"product_tag","embeddable":true,"href":"https:\/\/place-add.nl\/de\/wp-json\/wp\/v2\/product_tag?post=43592"}],"curies":[{"name":"wp","href":"https:\/\/api.w.org\/{rel}","templated":true}]}}