{"id":43668,"date":"2024-06-17T14:33:29","date_gmt":"2024-06-17T14:33:29","guid":{"rendered":"https:\/\/place-add.nl\/product\/houder-met-schrijfbord\/"},"modified":"2025-06-03T08:47:48","modified_gmt":"2025-06-03T08:47:48","slug":"halter-mit-schreibtafel","status":"publish","type":"product","link":"https:\/\/place-add.nl\/de\/produkt\/halter-mit-schreibtafel\/","title":{"rendered":"Halter mit Schreibtafel"},"content":{"rendered":"<p>Bringen Sie einen Hauch von Nostalgie und W\u00e4rme auf Ihre Tische mit unserem <strong>Halter mit Schreibtafel\u00a0<\/strong>f\u00fcr Speisekarten. Dieser charmante Halter bietet nicht nur eine stilvolle M\u00f6glichkeit, Ihre Speisekarte zu pr\u00e4sentieren, sondern bietet auch Platz f\u00fcr ein handgeschriebenes Tagesangebot, perfekt f\u00fcr zus\u00e4tzliche Aufmerksamkeit f\u00fcr Ihre Tagesangebote. Mit seinem kompakten Design von 19 cm Breite und 17,5 cm H\u00f6he passt dieser Halter problemlos auf jeden Tisch, ohne viel Platz zu beanspruchen, und sorgt f\u00fcr ein aufger\u00e4umtes und attraktives Erscheinungsbild.<\/p>\n<p>Dieser <strong>Halter mit Schreibtafel\u00a0<\/strong>\u00a0verbindet nostalgisches Design mit praktischer Funktionalit\u00e4t. Die schwarze Kreidetafel auf der Vorderseite bietet Platz f\u00fcr ein kreatives und handgeschriebenes Tagesangebot, w\u00e4hrend die R\u00fcckseite Platz f\u00fcr Ihre regul\u00e4re Speisekarte bietet. Diese Kombination sorgt daf\u00fcr, dass Sie Ihre G\u00e4ste auf einzigartige und pers\u00f6nliche Weise \u00fcber das Angebot in Ihrem Gastronomiebetrieb informieren k\u00f6nnen.<\/p>\n<p><strong>Spezifikationen Halter mit Schreibtafel\u00a0l:<\/strong><\/p>\n<ul>\n<li>Gr\u00f6\u00dfe: 19 cm breit x 17,5 cm hoch<\/li>\n<li>Abstand zwischen Kreidetafel und R\u00fcckseite: 18 mm<\/li>\n<li>Farben Holzst\u00e4nder: Hellbraun oder Schwarz<\/li>\n<li>Farbe der Kreidetafel: Schwarz<\/li>\n<\/ul>\n<p>Die kompakte Gr\u00f6\u00dfe l\u00e4sst viel Platz auf Ihren Tischen f\u00fcr Geschirr und Gl\u00e4ser, w\u00e4hrend die robuste Konstruktion Stabilit\u00e4t bietet. Der Holzhalter mit Kreidetafel ist nicht nur praktisch, sondern verleiht dem gesamten Ambiente Ihres Lokals auch einen rustikalen Charme.<\/p>\n<p>Sehen Sie sich auch unser anderes <strong><a href=\"https:\/\/place-add.nl\/voor-op-tafel-webshop\/organizers\/\">Tischzubeh\u00f6r aus Holz<\/a><\/strong> an. \u00dcber unsere zweite Website, <strong><a href=\"http:\/\/www.craftontable.com\/\">Craftontable.com<\/a><\/strong>, k\u00f6nnen Sie auch Speisekarten mit weniger Personalisierungsm\u00f6glichkeiten, daf\u00fcr aber mit k\u00fcrzeren Lieferzeiten bestellen.<\/p>\n<p><strong>Brauchen Sie Beratung? Unser Team hilft Ihnen gerne bei der Auswahl und unterst\u00fctzt Sie bei der Verwirklichung Ihrer Men\u00fckarte.<\/strong><\/p>\n<p><button id=\"knop-contact-opnemen-overige-producten-de\">Kontaktieren Sie uns unverbindlich<\/button><\/p>\n","protected":false},"excerpt":{"rendered":"<p>Unser Holzhalter mit Schreibtafel f\u00fcr Speisekarten bietet eine nostalgische und funktionelle Art, Ihre Speisekarten zu pr\u00e4sentieren, einschlie\u00dflich eines Platzes f\u00fcr Tagesangebote. Dieser Holzhalter strahlt W\u00e4rme und Nostalgie aus und ist eine charmante Erg\u00e4nzung zu Ihrer Tischdekoration. Mit einer Breite von 19 cm und einer H\u00f6he von 17,5 cm bietet dieser Halter gen\u00fcgend Platz f\u00fcr Ihre Speisekarte und ein attraktives Tagesangebot auf der Kreidetafel.<\/p>\n<p><strong>Warum sollten Sie sich f\u00fcr unseren Halter mit Schreibtafel\u00a0 entscheiden?<\/strong><\/p>\n<ul>\n<li><strong>Nostalgisches und charmantes Design: <\/strong>Der Halter mit Kreidetafel auf der Vorderseite bietet eine warme und nostalgische Pr\u00e4sentation Ihrer Speisekarte.<\/li>\n<li><strong>Funktionaler Platz f\u00fcr Tagesangebote: <\/strong>Neben der Pr\u00e4sentation Ihrer regul\u00e4ren Speisekarte bietet dieser Halter auch Platz f\u00fcr Tagesangebote auf der Kreidetafel.<\/li>\n<li><strong>Platzsparend und stabil: <\/strong>Mit einer kompakten Gr\u00f6\u00dfe von 19 cm Breite x 17,5 cm H\u00f6he nimmt dieser Halter wenig Platz auf Ihren Tischen ein und l\u00e4sst mehr Raum f\u00fcr Geschirr und Gl\u00e4ser.<\/li>\n<\/ul>\n<p><button id=\"knop-contact-opnemen-overige-producten-de\">Kontaktieren Sie uns unverbindlich<\/button><\/p>\n","protected":false},"featured_media":40922,"template":"","meta":[],"product_brand":[],"product_cat":[1434],"product_tag":[1362,1363,1198,1199,1200,1201,1202,1203,1249,1297],"class_list":{"0":"post-43668","1":"product","2":"type-product","3":"status-publish","4":"has-post-thumbnail","6":"product_cat-auf-dem-tisch","7":"product_tag-holz-mit-schreibtafel","8":"product_tag-holz-mit-schreibtafel-de","9":"product_tag-maatwerk-menukaarten-de","10":"product_tag-menukaarten-de","11":"product_tag-menukaarten-horeca-de","12":"product_tag-menukaarten-kopen-de","13":"product_tag-menukaarten-op-maat-de","14":"product_tag-restaurant-menukaarten-de","15":"product_tag-schreibplatte","16":"product_tag-speisekartenhalter","18":"first","19":"instock","20":"taxable","21":"shipping-taxable","22":"purchasable","23":"product-type-variable"},"yoast_head":"<!-- This site is optimized with the Yoast SEO Premium plugin v27.2 (Yoast SEO v27.2) - https:\/\/yoast.com\/product\/yoast-seo-premium-wordpress\/ -->\n<title>Halter mit Schreibtafel | Place Add | F\u00fcr die Gastronomie<\/title>\n<meta name=\"description\" content=\"Entdecken Sie unseren Holzst\u00e4nder mit Schreibtafel f\u00fcr Speisekarten: nostalgisch und funktionell. Warm und verspielt, perfekt f\u00fcr Speisekarten!\" \/>\n<meta name=\"robots\" content=\"index, follow, max-snippet:-1, max-image-preview:large, max-video-preview:-1\" \/>\n<link rel=\"canonical\" href=\"https:\/\/place-add.nl\/de\/produkt\/halter-mit-schreibtafel\/\" \/>\n<meta property=\"og:locale\" content=\"de_DE\" \/>\n<meta property=\"og:type\" content=\"article\" \/>\n<meta property=\"og:title\" content=\"Halter mit Schreibtafel\" \/>\n<meta property=\"og:description\" content=\"Entdecken Sie unseren Holzst\u00e4nder mit Schreibtafel f\u00fcr Speisekarten: nostalgisch und funktionell. Warm und verspielt, perfekt f\u00fcr Speisekarten!\" \/>\n<meta property=\"og:url\" content=\"https:\/\/place-add.nl\/de\/produkt\/halter-mit-schreibtafel\/\" \/>\n<meta property=\"og:site_name\" content=\"Place Add\" \/>\n<meta property=\"article:publisher\" content=\"https:\/\/www.facebook.com\/PlaceAdd\/\" \/>\n<meta property=\"article:modified_time\" content=\"2025-06-03T08:47:48+00:00\" \/>\n<meta property=\"og:image\" content=\"https:\/\/place-add.nl\/wp-content\/uploads\/2024\/06\/Menukaarten_schrijfbord_Place_Add_2-1-scaled.jpg\" \/>\n\t<meta property=\"og:image:width\" content=\"1000\" \/>\n\t<meta property=\"og:image:height\" content=\"1000\" \/>\n\t<meta property=\"og:image:type\" content=\"image\/jpeg\" \/>\n<meta name=\"twitter:card\" content=\"summary_large_image\" \/>\n<meta name=\"twitter:label1\" content=\"Gesch\u00e4tzte Lesezeit\" \/>\n\t<meta name=\"twitter:data1\" content=\"2\u00a0Minuten\" \/>\n<script type=\"application\/ld+json\" class=\"yoast-schema-graph\">{\"@context\":\"https:\/\/schema.org\",\"@graph\":[{\"@type\":\"WebPage\",\"@id\":\"https:\/\/place-add.nl\/de\/produkt\/halter-mit-schreibtafel\/\",\"url\":\"https:\/\/place-add.nl\/de\/produkt\/halter-mit-schreibtafel\/\",\"name\":\"Halter mit Schreibtafel | Place Add | F\u00fcr die Gastronomie\",\"isPartOf\":{\"@id\":\"https:\/\/place-add.nl\/de\/#website\"},\"primaryImageOfPage\":{\"@id\":\"https:\/\/place-add.nl\/de\/produkt\/halter-mit-schreibtafel\/#primaryimage\"},\"image\":{\"@id\":\"https:\/\/place-add.nl\/de\/produkt\/halter-mit-schreibtafel\/#primaryimage\"},\"thumbnailUrl\":\"https:\/\/place-add.nl\/wp-content\/uploads\/2024\/06\/Menukaarten_schrijfbord_Place_Add_2-1-scaled.jpg\",\"datePublished\":\"2024-06-17T14:33:29+00:00\",\"dateModified\":\"2025-06-03T08:47:48+00:00\",\"description\":\"Entdecken Sie unseren Holzst\u00e4nder mit Schreibtafel f\u00fcr Speisekarten: nostalgisch und funktionell. Warm und verspielt, perfekt f\u00fcr Speisekarten!\",\"breadcrumb\":{\"@id\":\"https:\/\/place-add.nl\/de\/produkt\/halter-mit-schreibtafel\/#breadcrumb\"},\"inLanguage\":\"de\",\"potentialAction\":[{\"@type\":\"ReadAction\",\"target\":[\"https:\/\/place-add.nl\/de\/produkt\/halter-mit-schreibtafel\/\"]}]},{\"@type\":\"ImageObject\",\"inLanguage\":\"de\",\"@id\":\"https:\/\/place-add.nl\/de\/produkt\/halter-mit-schreibtafel\/#primaryimage\",\"url\":\"https:\/\/place-add.nl\/wp-content\/uploads\/2024\/06\/Menukaarten_schrijfbord_Place_Add_2-1-scaled.jpg\",\"contentUrl\":\"https:\/\/place-add.nl\/wp-content\/uploads\/2024\/06\/Menukaarten_schrijfbord_Place_Add_2-1-scaled.jpg\",\"width\":1000,\"height\":1000},{\"@type\":\"BreadcrumbList\",\"@id\":\"https:\/\/place-add.nl\/de\/produkt\/halter-mit-schreibtafel\/#breadcrumb\",\"itemListElement\":[{\"@type\":\"ListItem\",\"position\":1,\"name\":\"Home\",\"item\":\"https:\/\/place-add.nl\/de\/home\/\"},{\"@type\":\"ListItem\",\"position\":2,\"name\":\"Shop\",\"item\":\"https:\/\/place-add.nl\/de\/shop\/\"},{\"@type\":\"ListItem\",\"position\":3,\"name\":\"Halter mit Schreibtafel\"}]},{\"@type\":\"WebSite\",\"@id\":\"https:\/\/place-add.nl\/de\/#website\",\"url\":\"https:\/\/place-add.nl\/de\/\",\"name\":\"Place Add\",\"description\":\"Tafelkleding voor de horeca\",\"publisher\":{\"@id\":\"https:\/\/place-add.nl\/de\/#organization\"},\"potentialAction\":[{\"@type\":\"SearchAction\",\"target\":{\"@type\":\"EntryPoint\",\"urlTemplate\":\"https:\/\/place-add.nl\/de\/?s={search_term_string}\"},\"query-input\":{\"@type\":\"PropertyValueSpecification\",\"valueRequired\":true,\"valueName\":\"search_term_string\"}}],\"inLanguage\":\"de\"},{\"@type\":\"Organization\",\"@id\":\"https:\/\/place-add.nl\/de\/#organization\",\"name\":\"Place Add\",\"url\":\"https:\/\/place-add.nl\/de\/\",\"logo\":{\"@type\":\"ImageObject\",\"inLanguage\":\"de\",\"@id\":\"https:\/\/place-add.nl\/de\/#\/schema\/logo\/image\/\",\"url\":\"https:\/\/place-add.nl\/wp-content\/uploads\/2023\/11\/logo-img-place-add.png\",\"contentUrl\":\"https:\/\/place-add.nl\/wp-content\/uploads\/2023\/11\/logo-img-place-add.png\",\"width\":404,\"height\":106,\"caption\":\"Place Add\"},\"image\":{\"@id\":\"https:\/\/place-add.nl\/de\/#\/schema\/logo\/image\/\"},\"sameAs\":[\"https:\/\/www.facebook.com\/PlaceAdd\/\",\"https:\/\/www.instagram.com\/place_add\/\",\"https:\/\/www.youtube.com\/@placeadd\"]}]}<\/script>\n<!-- \/ Yoast SEO Premium plugin. -->","yoast_head_json":{"title":"Halter mit Schreibtafel | Place Add | F\u00fcr die Gastronomie","description":"Entdecken Sie unseren Holzst\u00e4nder mit Schreibtafel f\u00fcr Speisekarten: nostalgisch und funktionell. Warm und verspielt, perfekt f\u00fcr Speisekarten!","robots":{"index":"index","follow":"follow","max-snippet":"max-snippet:-1","max-image-preview":"max-image-preview:large","max-video-preview":"max-video-preview:-1"},"canonical":"https:\/\/place-add.nl\/de\/produkt\/halter-mit-schreibtafel\/","og_locale":"de_DE","og_type":"article","og_title":"Halter mit Schreibtafel","og_description":"Entdecken Sie unseren Holzst\u00e4nder mit Schreibtafel f\u00fcr Speisekarten: nostalgisch und funktionell. Warm und verspielt, perfekt f\u00fcr Speisekarten!","og_url":"https:\/\/place-add.nl\/de\/produkt\/halter-mit-schreibtafel\/","og_site_name":"Place Add","article_publisher":"https:\/\/www.facebook.com\/PlaceAdd\/","article_modified_time":"2025-06-03T08:47:48+00:00","og_image":[{"width":1000,"height":1000,"url":"https:\/\/place-add.nl\/wp-content\/uploads\/2024\/06\/Menukaarten_schrijfbord_Place_Add_2-1-scaled.jpg","type":"image\/jpeg"}],"twitter_card":"summary_large_image","twitter_misc":{"Gesch\u00e4tzte Lesezeit":"2\u00a0Minuten"},"schema":{"@context":"https:\/\/schema.org","@graph":[{"@type":"WebPage","@id":"https:\/\/place-add.nl\/de\/produkt\/halter-mit-schreibtafel\/","url":"https:\/\/place-add.nl\/de\/produkt\/halter-mit-schreibtafel\/","name":"Halter mit Schreibtafel | Place Add | F\u00fcr die Gastronomie","isPartOf":{"@id":"https:\/\/place-add.nl\/de\/#website"},"primaryImageOfPage":{"@id":"https:\/\/place-add.nl\/de\/produkt\/halter-mit-schreibtafel\/#primaryimage"},"image":{"@id":"https:\/\/place-add.nl\/de\/produkt\/halter-mit-schreibtafel\/#primaryimage"},"thumbnailUrl":"https:\/\/place-add.nl\/wp-content\/uploads\/2024\/06\/Menukaarten_schrijfbord_Place_Add_2-1-scaled.jpg","datePublished":"2024-06-17T14:33:29+00:00","dateModified":"2025-06-03T08:47:48+00:00","description":"Entdecken Sie unseren Holzst\u00e4nder mit Schreibtafel f\u00fcr Speisekarten: nostalgisch und funktionell. Warm und verspielt, perfekt f\u00fcr Speisekarten!","breadcrumb":{"@id":"https:\/\/place-add.nl\/de\/produkt\/halter-mit-schreibtafel\/#breadcrumb"},"inLanguage":"de","potentialAction":[{"@type":"ReadAction","target":["https:\/\/place-add.nl\/de\/produkt\/halter-mit-schreibtafel\/"]}]},{"@type":"ImageObject","inLanguage":"de","@id":"https:\/\/place-add.nl\/de\/produkt\/halter-mit-schreibtafel\/#primaryimage","url":"https:\/\/place-add.nl\/wp-content\/uploads\/2024\/06\/Menukaarten_schrijfbord_Place_Add_2-1-scaled.jpg","contentUrl":"https:\/\/place-add.nl\/wp-content\/uploads\/2024\/06\/Menukaarten_schrijfbord_Place_Add_2-1-scaled.jpg","width":1000,"height":1000},{"@type":"BreadcrumbList","@id":"https:\/\/place-add.nl\/de\/produkt\/halter-mit-schreibtafel\/#breadcrumb","itemListElement":[{"@type":"ListItem","position":1,"name":"Home","item":"https:\/\/place-add.nl\/de\/home\/"},{"@type":"ListItem","position":2,"name":"Shop","item":"https:\/\/place-add.nl\/de\/shop\/"},{"@type":"ListItem","position":3,"name":"Halter mit Schreibtafel"}]},{"@type":"WebSite","@id":"https:\/\/place-add.nl\/de\/#website","url":"https:\/\/place-add.nl\/de\/","name":"Place Add","description":"Tafelkleding voor de horeca","publisher":{"@id":"https:\/\/place-add.nl\/de\/#organization"},"potentialAction":[{"@type":"SearchAction","target":{"@type":"EntryPoint","urlTemplate":"https:\/\/place-add.nl\/de\/?s={search_term_string}"},"query-input":{"@type":"PropertyValueSpecification","valueRequired":true,"valueName":"search_term_string"}}],"inLanguage":"de"},{"@type":"Organization","@id":"https:\/\/place-add.nl\/de\/#organization","name":"Place Add","url":"https:\/\/place-add.nl\/de\/","logo":{"@type":"ImageObject","inLanguage":"de","@id":"https:\/\/place-add.nl\/de\/#\/schema\/logo\/image\/","url":"https:\/\/place-add.nl\/wp-content\/uploads\/2023\/11\/logo-img-place-add.png","contentUrl":"https:\/\/place-add.nl\/wp-content\/uploads\/2023\/11\/logo-img-place-add.png","width":404,"height":106,"caption":"Place Add"},"image":{"@id":"https:\/\/place-add.nl\/de\/#\/schema\/logo\/image\/"},"sameAs":["https:\/\/www.facebook.com\/PlaceAdd\/","https:\/\/www.instagram.com\/place_add\/","https:\/\/www.youtube.com\/@placeadd"]}]}},"_links":{"self":[{"href":"https:\/\/place-add.nl\/de\/wp-json\/wp\/v2\/product\/43668","targetHints":{"allow":["GET"]}}],"collection":[{"href":"https:\/\/place-add.nl\/de\/wp-json\/wp\/v2\/product"}],"about":[{"href":"https:\/\/place-add.nl\/de\/wp-json\/wp\/v2\/types\/product"}],"wp:featuredmedia":[{"embeddable":true,"href":"https:\/\/place-add.nl\/de\/wp-json\/wp\/v2\/media\/40922"}],"wp:attachment":[{"href":"https:\/\/place-add.nl\/de\/wp-json\/wp\/v2\/media?parent=43668"}],"wp:term":[{"taxonomy":"product_brand","embeddable":true,"href":"https:\/\/place-add.nl\/de\/wp-json\/wp\/v2\/product_brand?post=43668"},{"taxonomy":"product_cat","embeddable":true,"href":"https:\/\/place-add.nl\/de\/wp-json\/wp\/v2\/product_cat?post=43668"},{"taxonomy":"product_tag","embeddable":true,"href":"https:\/\/place-add.nl\/de\/wp-json\/wp\/v2\/product_tag?post=43668"}],"curies":[{"name":"wp","href":"https:\/\/api.w.org\/{rel}","templated":true}]}}