{"id":43674,"date":"2024-06-17T14:31:42","date_gmt":"2024-06-17T14:31:42","guid":{"rendered":"https:\/\/place-add.nl\/product\/schrijfbord\/"},"modified":"2025-06-03T08:51:47","modified_gmt":"2025-06-03T08:51:47","slug":"schreibtafel","status":"publish","type":"product","link":"https:\/\/place-add.nl\/de\/produkt\/schreibtafel\/","title":{"rendered":"Schreibtafel"},"content":{"rendered":"<p>Pr\u00e4sentieren Sie Ihre Speisekarten und Getr\u00e4nke auf attraktive und vielseitige Weise mit unserer <strong>Schreibtafel aus schwarzem Fichtenholz<\/strong>. Mit einem stabilen schwarzen Holzsockel versehen, bietet diese Schreibtafel einen zeitlosen Look, der perfekt in jeden Gastronomiebetrieb passt. Mit farbigen Markern k\u00f6nnen Sie Ihre Speisekarten einfach selbst beschriften &#8211; ideal f\u00fcr wechselnde Angebote oder Sonderaktionen. Erh\u00e4ltlich in drei Gr\u00f6\u00dfen (A4, A5 und quadratisch A5), so dass Sie immer die richtige Wahl f\u00fcr Ihre Tische oder Ihre Theke haben.<\/p>\n<p>Warum sollten Sie sich f\u00fcr unsere <strong>Schreibtafel aus schwarzem Fichtenholz<\/strong> entscheiden?<\/p>\n<ul>\n<li><strong>Einfach und flexibel<\/strong>: F\u00fcgen Sie Ihre eigenen Texte und Designs einfach mit farbigen Markern hinzu. Ob es sich um eine t\u00e4glich wechselnde Speisekarte, eine Cocktailkarte oder ein Sonderangebot handelt, mit dieser Tafel haben Sie alle Freiheiten, Ihre Botschaft klar und pers\u00f6nlich zu pr\u00e4sentieren.<\/li>\n<li><strong>Elegantes und zeitloses Design<\/strong>: Die Kombination aus schwarzer Schreibtafel und dem Holzsockel aus schwarzer Fichte sorgt f\u00fcr einen modernen, klaren Look. Dar\u00fcber hinaus verleiht der Holzsockel der Tafel einen warmen, nat\u00fcrlichen Touch, der sie zu einer stilvollen Erg\u00e4nzung f\u00fcr jede Umgebung macht &#8211; vom Caf\u00e9 bis zum gehobenen Restaurant.<\/li>\n<li><strong>Wahl des Formats<\/strong>: Erh\u00e4ltlich in A4, A5 und quadratisch A5, bietet diese Schreibtafel f\u00fcr jeden Anlass und jede Informationsmenge die passende Option. W\u00e4hlen Sie das Format, das Ihren Platz- und Pr\u00e4sentationsbed\u00fcrfnissen entspricht.<\/li>\n<\/ul>\n<p>Vervollst\u00e4ndigen Sie das Bild mit einer unserer <strong><a href=\"https:\/\/place-add.nl\/de\/speisekarten\/speisekarten-webshop\/holz-speisekarten-shop\/\">h\u00f6lzernen Speisekarten<\/a><\/strong> oder anderem <strong><a href=\"https:\/\/place-add.nl\/de\/tischaccessoires-co\/\">Tischzubeh\u00f6r<\/a><\/strong>.<\/p>\n<p>Sie ben\u00f6tigen kurzfristig Speisekarten? Dann besuchen Sie unsere zweite Website, <strong><a href=\"http:\/\/www.craftontable.com\/\">Craftontable.com<\/a><\/strong>, f\u00fcr Speisekarten mit weniger Personalisierungsm\u00f6glichkeiten, aber schnellerer Lieferzeit.<\/p>\n<p><strong>Ben\u00f6tigen Sie eine pers\u00f6nliche Beratung? Dann z\u00f6gern Sie nicht, uns zu kontaktieren. Unser engagiertes Team hilft Ihnen gerne, die perfekte Wahl f\u00fcr Ihre spezifischen Bed\u00fcrfnisse zu treffen.<\/strong><\/p>\n<p><button id=\"knop-contact-opnemen-overige-producten-de\">Kontaktieren Sie uns unverbindlich<\/button><\/p>\n","protected":false},"excerpt":{"rendered":"<p>Unsere <strong>Schreibtafel aus schwarzem Fichtenholz<\/strong> ist eine praktische und vielseitige L\u00f6sung f\u00fcr die Pr\u00e4sentation Ihrer Men\u00fcs und Getr\u00e4nke. Mit einem massiven Holzfu\u00df aus schwarzer Fichte und einer Schreibtafel in der Farbe Schwarz k\u00f6nnen Sie Ihre Speisekarte und\/oder Getr\u00e4nke einfach selbst beschriften. Diese F\u00fc\u00dfe sind in drei Gr\u00f6\u00dfen erh\u00e4ltlich: A4, A5 und A5 quadratisch, so dass es immer eine passende Option f\u00fcr Ihre Bed\u00fcrfnisse gibt.<\/p>\n<p><strong>Bitte kontaktieren Sie uns f\u00fcr die Optionen. Unser engagiertes Team hilft Ihnen gerne, die perfekte Wahl f\u00fcr Ihre spezifischen Bed\u00fcrfnisse zu treffen.<\/strong><\/p>\n<p><button id=\"knop-contact-opnemen-overige-producten-de\">Kontaktieren Sie uns unverbindlich<\/button><\/p>\n","protected":false},"featured_media":40950,"template":"","meta":[],"product_brand":[],"product_cat":[1434],"product_tag":[1198,1199,1200,1201,1202,1203,1249],"class_list":{"0":"post-43674","1":"product","2":"type-product","3":"status-publish","4":"has-post-thumbnail","6":"product_cat-auf-dem-tisch","7":"product_tag-maatwerk-menukaarten-de","8":"product_tag-menukaarten-de","9":"product_tag-menukaarten-horeca-de","10":"product_tag-menukaarten-kopen-de","11":"product_tag-menukaarten-op-maat-de","12":"product_tag-restaurant-menukaarten-de","13":"product_tag-schreibplatte","15":"first","16":"instock","17":"taxable","18":"shipping-taxable","19":"product-type-simple"},"yoast_head":"<!-- This site is optimized with the Yoast SEO Premium plugin v27.2 (Yoast SEO v27.2) - https:\/\/yoast.com\/product\/yoast-seo-premium-wordpress\/ -->\n<title>Schreibtafel | Speisekarten| Place Add | F\u00fcr die Gastronomie<\/title>\n<meta name=\"description\" content=\"Entdecken Sie unsere Schreibtafel aus schwarzem Fichtenholz : praktisch und vielseitig f\u00fcr Speisekarten und Getr\u00e4nke. Ideal!\" \/>\n<meta name=\"robots\" content=\"index, follow, max-snippet:-1, max-image-preview:large, max-video-preview:-1\" \/>\n<link rel=\"canonical\" href=\"https:\/\/place-add.nl\/de\/produkt\/schreibtafel\/\" \/>\n<meta property=\"og:locale\" content=\"de_DE\" \/>\n<meta property=\"og:type\" content=\"article\" \/>\n<meta property=\"og:title\" content=\"Schreibtafel\" \/>\n<meta property=\"og:description\" content=\"Entdecken Sie unsere Schreibtafel aus schwarzem Fichtenholz : praktisch und vielseitig f\u00fcr Speisekarten und Getr\u00e4nke. Ideal!\" \/>\n<meta property=\"og:url\" content=\"https:\/\/place-add.nl\/de\/produkt\/schreibtafel\/\" \/>\n<meta property=\"og:site_name\" content=\"Place Add\" \/>\n<meta property=\"article:publisher\" content=\"https:\/\/www.facebook.com\/PlaceAdd\/\" \/>\n<meta property=\"article:modified_time\" content=\"2025-06-03T08:51:47+00:00\" \/>\n<meta property=\"og:image\" content=\"https:\/\/place-add.nl\/wp-content\/uploads\/2024\/06\/Menukaart_schrijfbord_Place-add_8-scaled.jpg\" \/>\n\t<meta property=\"og:image:width\" content=\"1000\" \/>\n\t<meta property=\"og:image:height\" content=\"1000\" \/>\n\t<meta property=\"og:image:type\" content=\"image\/jpeg\" \/>\n<meta name=\"twitter:card\" content=\"summary_large_image\" \/>\n<meta name=\"twitter:label1\" content=\"Gesch\u00e4tzte Lesezeit\" \/>\n\t<meta name=\"twitter:data1\" content=\"2\u00a0Minuten\" \/>\n<script type=\"application\/ld+json\" class=\"yoast-schema-graph\">{\"@context\":\"https:\/\/schema.org\",\"@graph\":[{\"@type\":\"WebPage\",\"@id\":\"https:\/\/place-add.nl\/de\/produkt\/schreibtafel\/\",\"url\":\"https:\/\/place-add.nl\/de\/produkt\/schreibtafel\/\",\"name\":\"Schreibtafel | Speisekarten| Place Add | F\u00fcr die Gastronomie\",\"isPartOf\":{\"@id\":\"https:\/\/place-add.nl\/de\/#website\"},\"primaryImageOfPage\":{\"@id\":\"https:\/\/place-add.nl\/de\/produkt\/schreibtafel\/#primaryimage\"},\"image\":{\"@id\":\"https:\/\/place-add.nl\/de\/produkt\/schreibtafel\/#primaryimage\"},\"thumbnailUrl\":\"https:\/\/place-add.nl\/wp-content\/uploads\/2024\/06\/Menukaart_schrijfbord_Place-add_8-scaled.jpg\",\"datePublished\":\"2024-06-17T14:31:42+00:00\",\"dateModified\":\"2025-06-03T08:51:47+00:00\",\"description\":\"Entdecken Sie unsere Schreibtafel aus schwarzem Fichtenholz : praktisch und vielseitig f\u00fcr Speisekarten und Getr\u00e4nke. Ideal!\",\"breadcrumb\":{\"@id\":\"https:\/\/place-add.nl\/de\/produkt\/schreibtafel\/#breadcrumb\"},\"inLanguage\":\"de\",\"potentialAction\":[{\"@type\":\"ReadAction\",\"target\":[\"https:\/\/place-add.nl\/de\/produkt\/schreibtafel\/\"]}]},{\"@type\":\"ImageObject\",\"inLanguage\":\"de\",\"@id\":\"https:\/\/place-add.nl\/de\/produkt\/schreibtafel\/#primaryimage\",\"url\":\"https:\/\/place-add.nl\/wp-content\/uploads\/2024\/06\/Menukaart_schrijfbord_Place-add_8-scaled.jpg\",\"contentUrl\":\"https:\/\/place-add.nl\/wp-content\/uploads\/2024\/06\/Menukaart_schrijfbord_Place-add_8-scaled.jpg\",\"width\":1000,\"height\":1000,\"caption\":\"Schrijfbord\"},{\"@type\":\"BreadcrumbList\",\"@id\":\"https:\/\/place-add.nl\/de\/produkt\/schreibtafel\/#breadcrumb\",\"itemListElement\":[{\"@type\":\"ListItem\",\"position\":1,\"name\":\"Home\",\"item\":\"https:\/\/place-add.nl\/de\/home\/\"},{\"@type\":\"ListItem\",\"position\":2,\"name\":\"Shop\",\"item\":\"https:\/\/place-add.nl\/de\/shop\/\"},{\"@type\":\"ListItem\",\"position\":3,\"name\":\"Schreibtafel\"}]},{\"@type\":\"WebSite\",\"@id\":\"https:\/\/place-add.nl\/de\/#website\",\"url\":\"https:\/\/place-add.nl\/de\/\",\"name\":\"Place Add\",\"description\":\"Tafelkleding voor de horeca\",\"publisher\":{\"@id\":\"https:\/\/place-add.nl\/de\/#organization\"},\"potentialAction\":[{\"@type\":\"SearchAction\",\"target\":{\"@type\":\"EntryPoint\",\"urlTemplate\":\"https:\/\/place-add.nl\/de\/?s={search_term_string}\"},\"query-input\":{\"@type\":\"PropertyValueSpecification\",\"valueRequired\":true,\"valueName\":\"search_term_string\"}}],\"inLanguage\":\"de\"},{\"@type\":\"Organization\",\"@id\":\"https:\/\/place-add.nl\/de\/#organization\",\"name\":\"Place Add\",\"url\":\"https:\/\/place-add.nl\/de\/\",\"logo\":{\"@type\":\"ImageObject\",\"inLanguage\":\"de\",\"@id\":\"https:\/\/place-add.nl\/de\/#\/schema\/logo\/image\/\",\"url\":\"https:\/\/place-add.nl\/wp-content\/uploads\/2023\/11\/logo-img-place-add.png\",\"contentUrl\":\"https:\/\/place-add.nl\/wp-content\/uploads\/2023\/11\/logo-img-place-add.png\",\"width\":404,\"height\":106,\"caption\":\"Place Add\"},\"image\":{\"@id\":\"https:\/\/place-add.nl\/de\/#\/schema\/logo\/image\/\"},\"sameAs\":[\"https:\/\/www.facebook.com\/PlaceAdd\/\",\"https:\/\/www.instagram.com\/place_add\/\",\"https:\/\/www.youtube.com\/@placeadd\"]}]}<\/script>\n<!-- \/ Yoast SEO Premium plugin. -->","yoast_head_json":{"title":"Schreibtafel | Speisekarten| Place Add | F\u00fcr die Gastronomie","description":"Entdecken Sie unsere Schreibtafel aus schwarzem Fichtenholz : praktisch und vielseitig f\u00fcr Speisekarten und Getr\u00e4nke. Ideal!","robots":{"index":"index","follow":"follow","max-snippet":"max-snippet:-1","max-image-preview":"max-image-preview:large","max-video-preview":"max-video-preview:-1"},"canonical":"https:\/\/place-add.nl\/de\/produkt\/schreibtafel\/","og_locale":"de_DE","og_type":"article","og_title":"Schreibtafel","og_description":"Entdecken Sie unsere Schreibtafel aus schwarzem Fichtenholz : praktisch und vielseitig f\u00fcr Speisekarten und Getr\u00e4nke. Ideal!","og_url":"https:\/\/place-add.nl\/de\/produkt\/schreibtafel\/","og_site_name":"Place Add","article_publisher":"https:\/\/www.facebook.com\/PlaceAdd\/","article_modified_time":"2025-06-03T08:51:47+00:00","og_image":[{"width":1000,"height":1000,"url":"https:\/\/place-add.nl\/wp-content\/uploads\/2024\/06\/Menukaart_schrijfbord_Place-add_8-scaled.jpg","type":"image\/jpeg"}],"twitter_card":"summary_large_image","twitter_misc":{"Gesch\u00e4tzte Lesezeit":"2\u00a0Minuten"},"schema":{"@context":"https:\/\/schema.org","@graph":[{"@type":"WebPage","@id":"https:\/\/place-add.nl\/de\/produkt\/schreibtafel\/","url":"https:\/\/place-add.nl\/de\/produkt\/schreibtafel\/","name":"Schreibtafel | Speisekarten| Place Add | F\u00fcr die Gastronomie","isPartOf":{"@id":"https:\/\/place-add.nl\/de\/#website"},"primaryImageOfPage":{"@id":"https:\/\/place-add.nl\/de\/produkt\/schreibtafel\/#primaryimage"},"image":{"@id":"https:\/\/place-add.nl\/de\/produkt\/schreibtafel\/#primaryimage"},"thumbnailUrl":"https:\/\/place-add.nl\/wp-content\/uploads\/2024\/06\/Menukaart_schrijfbord_Place-add_8-scaled.jpg","datePublished":"2024-06-17T14:31:42+00:00","dateModified":"2025-06-03T08:51:47+00:00","description":"Entdecken Sie unsere Schreibtafel aus schwarzem Fichtenholz : praktisch und vielseitig f\u00fcr Speisekarten und Getr\u00e4nke. Ideal!","breadcrumb":{"@id":"https:\/\/place-add.nl\/de\/produkt\/schreibtafel\/#breadcrumb"},"inLanguage":"de","potentialAction":[{"@type":"ReadAction","target":["https:\/\/place-add.nl\/de\/produkt\/schreibtafel\/"]}]},{"@type":"ImageObject","inLanguage":"de","@id":"https:\/\/place-add.nl\/de\/produkt\/schreibtafel\/#primaryimage","url":"https:\/\/place-add.nl\/wp-content\/uploads\/2024\/06\/Menukaart_schrijfbord_Place-add_8-scaled.jpg","contentUrl":"https:\/\/place-add.nl\/wp-content\/uploads\/2024\/06\/Menukaart_schrijfbord_Place-add_8-scaled.jpg","width":1000,"height":1000,"caption":"Schrijfbord"},{"@type":"BreadcrumbList","@id":"https:\/\/place-add.nl\/de\/produkt\/schreibtafel\/#breadcrumb","itemListElement":[{"@type":"ListItem","position":1,"name":"Home","item":"https:\/\/place-add.nl\/de\/home\/"},{"@type":"ListItem","position":2,"name":"Shop","item":"https:\/\/place-add.nl\/de\/shop\/"},{"@type":"ListItem","position":3,"name":"Schreibtafel"}]},{"@type":"WebSite","@id":"https:\/\/place-add.nl\/de\/#website","url":"https:\/\/place-add.nl\/de\/","name":"Place Add","description":"Tafelkleding voor de horeca","publisher":{"@id":"https:\/\/place-add.nl\/de\/#organization"},"potentialAction":[{"@type":"SearchAction","target":{"@type":"EntryPoint","urlTemplate":"https:\/\/place-add.nl\/de\/?s={search_term_string}"},"query-input":{"@type":"PropertyValueSpecification","valueRequired":true,"valueName":"search_term_string"}}],"inLanguage":"de"},{"@type":"Organization","@id":"https:\/\/place-add.nl\/de\/#organization","name":"Place Add","url":"https:\/\/place-add.nl\/de\/","logo":{"@type":"ImageObject","inLanguage":"de","@id":"https:\/\/place-add.nl\/de\/#\/schema\/logo\/image\/","url":"https:\/\/place-add.nl\/wp-content\/uploads\/2023\/11\/logo-img-place-add.png","contentUrl":"https:\/\/place-add.nl\/wp-content\/uploads\/2023\/11\/logo-img-place-add.png","width":404,"height":106,"caption":"Place Add"},"image":{"@id":"https:\/\/place-add.nl\/de\/#\/schema\/logo\/image\/"},"sameAs":["https:\/\/www.facebook.com\/PlaceAdd\/","https:\/\/www.instagram.com\/place_add\/","https:\/\/www.youtube.com\/@placeadd"]}]}},"_links":{"self":[{"href":"https:\/\/place-add.nl\/de\/wp-json\/wp\/v2\/product\/43674","targetHints":{"allow":["GET"]}}],"collection":[{"href":"https:\/\/place-add.nl\/de\/wp-json\/wp\/v2\/product"}],"about":[{"href":"https:\/\/place-add.nl\/de\/wp-json\/wp\/v2\/types\/product"}],"wp:featuredmedia":[{"embeddable":true,"href":"https:\/\/place-add.nl\/de\/wp-json\/wp\/v2\/media\/40950"}],"wp:attachment":[{"href":"https:\/\/place-add.nl\/de\/wp-json\/wp\/v2\/media?parent=43674"}],"wp:term":[{"taxonomy":"product_brand","embeddable":true,"href":"https:\/\/place-add.nl\/de\/wp-json\/wp\/v2\/product_brand?post=43674"},{"taxonomy":"product_cat","embeddable":true,"href":"https:\/\/place-add.nl\/de\/wp-json\/wp\/v2\/product_cat?post=43674"},{"taxonomy":"product_tag","embeddable":true,"href":"https:\/\/place-add.nl\/de\/wp-json\/wp\/v2\/product_tag?post=43674"}],"curies":[{"name":"wp","href":"https:\/\/api.w.org\/{rel}","templated":true}]}}