{"id":43676,"date":"2024-06-17T14:31:08","date_gmt":"2024-06-17T14:31:08","guid":{"rendered":"https:\/\/place-add.nl\/product\/ronde-tafel-zuil\/"},"modified":"2025-06-03T08:55:45","modified_gmt":"2025-06-03T08:55:45","slug":"runde-tischsaeule","status":"publish","type":"product","link":"https:\/\/place-add.nl\/de\/produkt\/runde-tischsaeule\/","title":{"rendered":"runde Tischs\u00e4ule"},"content":{"rendered":"<p>Unsere runde <strong>Tischs\u00e4ule aus Birkensperrholz<\/strong> bietet eine moderne und raffinierte M\u00f6glichkeit, Ihre Speisekarten zu pr\u00e4sentieren. Mit einer H\u00f6he von A4 (29,7 cm) ist diese Tischs\u00e4ule sowohl f\u00fcr den Innen- als auch f\u00fcr den Au\u00dfenbereich geeignet und bietet eine auff\u00e4llige Pr\u00e4sentation Ihrer Speisekarten. Aus hochwertigem Birkensperrholz gefertigt und mit \u00f6kologischem \u00d6l behandelt, beh\u00e4lt die S\u00e4ule ihr nat\u00fcrliches Aussehen und h\u00e4lt den unterschiedlichsten Witterungsbedingungen stand.<\/p>\n<p>Der <strong>Tischs\u00e4ule aus Birkensperrholz<\/strong> verbindet Funktionalit\u00e4t mit Langlebigkeit. Das Birkensperrholz ist robust und witterungsbest\u00e4ndig, so dass sich diese S\u00e4ule f\u00fcr jede Gastst\u00e4tte eignet, unabh\u00e4ngig vom Klima. Die dauerhafte Lackierung sch\u00fctzt das Holz vor Abnutzung und Witterungseinfl\u00fcssen, so dass Ihre Speisekarte auch drau\u00dfen auf der Terrasse immer gepflegt aussieht.<\/p>\n<p>Der Tischsockel ist in vier stilvollen Holzfarben erh\u00e4ltlich:<\/p>\n<ul>\n<li><strong>Nat\u00fcrlich<\/strong><\/li>\n<li><strong>Braun<\/strong><\/li>\n<li><strong>Schwarz<\/strong><\/li>\n<li><strong>Wei\u00df<\/strong><\/li>\n<\/ul>\n<p>Jede Farbe bringt ihre eigene Atmosph\u00e4re mit sich, von einem nat\u00fcrlichen, rustikalen Look bis hin zu einem schlichten und modernen Look.<\/p>\n<p>F\u00fcr eine pers\u00f6nliche Note k\u00f6nnen Sie die <strong>Tischs\u00e4ule aus Birkensperrholz<\/strong> mit Ihrem Firmenlogo versehen lassen. Das macht die Pr\u00e4sentation noch exklusiver und st\u00e4rkt Ihre Markenidentit\u00e4t. Setzen Sie sich mit uns in Verbindung, um die M\u00f6glichkeiten und Kosten der Personalisierung zu besprechen.<\/p>\n<p>F\u00fcr eine optimale Nutzung drucken Sie Ihre Speisekarten auf A3-Papier und legen sie einfach auf die Tischs\u00e4ule. Bieten Sie Ihren G\u00e4sten eine einzigartige und stilvolle Men\u00fcpr\u00e4sentation mit dieser robusten Tischs\u00e4ule aus Birkenholz.<\/p>\n<p>Sehen Sie sich auch unser anderes <strong><a href=\"https:\/\/place-add.nl\/voor-op-tafel-webshop\/organizers\/\">Tischzubeh\u00f6r aus Holz<\/a><\/strong> an. \u00dcber unsere zweite Website, <strong><a href=\"http:\/\/www.craftontable.com\/\">Craftontable.com<\/a><\/strong>, k\u00f6nnen Sie auch Speisekarten mit weniger Personalisierungsm\u00f6glichkeiten, daf\u00fcr aber mit k\u00fcrzeren Lieferzeiten bestellen.<\/p>\n<p><strong>Brauchen Sie Rat? Unser Team hilft Ihnen gerne bei der Auswahl und unterst\u00fctzt Sie bei der Verwirklichung Ihrer Men\u00fckarte.<\/strong><\/p>\n<p><button id=\"knop-contact-opnemen-overige-producten-de\">Kontaktieren Sie uns unverbindlich<\/button><\/p>\n","protected":false},"excerpt":{"rendered":"<p>Unsere runde <strong>Tischs\u00e4ule aus Birkensperrholz<\/strong> bietet eine einzigartige und stilvolle M\u00f6glichkeit, Ihre Speisekarten zu pr\u00e4sentieren. Erh\u00e4ltlich in <strong>A4 H\u00f6he (29,7 cm),<\/strong> ist diese Tischs\u00e4ule ideal f\u00fcr den Innen- und Au\u00dfenbereich. Aus hochwertigem Birkensperrholz gefertigt und mit \u00f6kologischem \u00d6l behandelt, beh\u00e4lt diese S\u00e4ule ihr nat\u00fcrliches Aussehen.<\/p>\n<p><strong>Warum sollten Sie sich f\u00fcr unsere runde Tischs\u00e4ule entscheiden?<\/strong><\/p>\n<ul>\n<li><strong>Langlebigkeit und Witterungsbest\u00e4ndigkeit<\/strong>: Die Scheiben aus Birkensperrholz sorgen f\u00fcr eine robuste und langlebige Konstruktion, die f\u00fcr jedes Wetter geeignet ist.<\/li>\n<li><strong>Stilvolle Pr\u00e4sentation<\/strong>: Die Tischs\u00e4ule hat ein modernes und elegantes Design, das perfekt in jede Umgebung passt. Erh\u00e4ltlich in den Farben Natur, Braun, Schwarz oder Wei\u00df.<\/li>\n<li><strong>Personalisierungsm\u00f6glichkeiten<\/strong>: Verleihen Sie Ihren Tischs\u00e4ulen eine pers\u00f6nliche Note, indem Sie sie mit Ihrem Logo versehen. Kontaktieren Sie uns f\u00fcr Optionen und zus\u00e4tzliche Kosten.<\/li>\n<\/ul>\n<p><button id=\"knop-contact-opnemen-overige-producten-de\">Kontaktieren Sie uns unverbindlich<\/button><\/p>\n","protected":false},"featured_media":40896,"template":"","meta":[],"product_brand":[],"product_cat":[1434],"product_tag":[1198,1199,1200,1201,1202,1203,1350],"class_list":{"0":"post-43676","1":"product","2":"type-product","3":"status-publish","4":"has-post-thumbnail","6":"product_cat-auf-dem-tisch","7":"product_tag-maatwerk-menukaarten-de","8":"product_tag-menukaarten-de","9":"product_tag-menukaarten-horeca-de","10":"product_tag-menukaarten-kopen-de","11":"product_tag-menukaarten-op-maat-de","12":"product_tag-restaurant-menukaarten-de","13":"product_tag-tischaufsteller-rund-de","15":"first","16":"instock","17":"taxable","18":"shipping-taxable","19":"purchasable","20":"product-type-variable"},"yoast_head":"<!-- This site is optimized with the Yoast SEO Premium plugin v27.2 (Yoast SEO v27.2) - https:\/\/yoast.com\/product\/yoast-seo-premium-wordpress\/ -->\n<title>Runde Tischs\u00e4ule | Place Add | F\u00fcr die Gastronomie<\/title>\n<meta name=\"description\" content=\"Runde Tischs\u00e4ule aus Birkensperrholz: einzigartig, stilvoll. Hochwertiges Birkensperrholz mit \u00f6kologischen \u00d6l behandelt, beh\u00e4lt nat\u00fcrliches Aussehen.\" \/>\n<meta name=\"robots\" content=\"index, follow, max-snippet:-1, max-image-preview:large, max-video-preview:-1\" \/>\n<link rel=\"canonical\" href=\"https:\/\/place-add.nl\/de\/produkt\/runde-tischsaeule\/\" \/>\n<meta property=\"og:locale\" content=\"de_DE\" \/>\n<meta property=\"og:type\" content=\"article\" \/>\n<meta property=\"og:title\" content=\"runde Tischs\u00e4ule\" \/>\n<meta property=\"og:description\" content=\"Runde Tischs\u00e4ule aus Birkensperrholz: einzigartig, stilvoll. Hochwertiges Birkensperrholz mit \u00f6kologischen \u00d6l behandelt, beh\u00e4lt nat\u00fcrliches Aussehen.\" \/>\n<meta property=\"og:url\" content=\"https:\/\/place-add.nl\/de\/produkt\/runde-tischsaeule\/\" \/>\n<meta property=\"og:site_name\" content=\"Place Add\" \/>\n<meta property=\"article:publisher\" content=\"https:\/\/www.facebook.com\/PlaceAdd\/\" \/>\n<meta property=\"article:modified_time\" content=\"2025-06-03T08:55:45+00:00\" \/>\n<meta property=\"og:image\" content=\"https:\/\/place-add.nl\/wp-content\/uploads\/2024\/06\/Menukaarten_Tafelzuil_Place_Add_2-min.jpg\" \/>\n\t<meta property=\"og:image:width\" content=\"800\" \/>\n\t<meta property=\"og:image:height\" content=\"800\" \/>\n\t<meta property=\"og:image:type\" content=\"image\/jpeg\" \/>\n<meta name=\"twitter:card\" content=\"summary_large_image\" \/>\n<meta name=\"twitter:label1\" content=\"Gesch\u00e4tzte Lesezeit\" \/>\n\t<meta name=\"twitter:data1\" content=\"2\u00a0Minuten\" \/>\n<script type=\"application\/ld+json\" class=\"yoast-schema-graph\">{\"@context\":\"https:\/\/schema.org\",\"@graph\":[{\"@type\":\"WebPage\",\"@id\":\"https:\/\/place-add.nl\/de\/produkt\/runde-tischsaeule\/\",\"url\":\"https:\/\/place-add.nl\/de\/produkt\/runde-tischsaeule\/\",\"name\":\"Runde Tischs\u00e4ule | Place Add | F\u00fcr die Gastronomie\",\"isPartOf\":{\"@id\":\"https:\/\/place-add.nl\/de\/#website\"},\"primaryImageOfPage\":{\"@id\":\"https:\/\/place-add.nl\/de\/produkt\/runde-tischsaeule\/#primaryimage\"},\"image\":{\"@id\":\"https:\/\/place-add.nl\/de\/produkt\/runde-tischsaeule\/#primaryimage\"},\"thumbnailUrl\":\"https:\/\/place-add.nl\/wp-content\/uploads\/2024\/06\/Menukaarten_Tafelzuil_Place_Add_2-min.jpg\",\"datePublished\":\"2024-06-17T14:31:08+00:00\",\"dateModified\":\"2025-06-03T08:55:45+00:00\",\"description\":\"Runde Tischs\u00e4ule aus Birkensperrholz: einzigartig, stilvoll. Hochwertiges Birkensperrholz mit \u00f6kologischen \u00d6l behandelt, beh\u00e4lt nat\u00fcrliches Aussehen.\",\"breadcrumb\":{\"@id\":\"https:\/\/place-add.nl\/de\/produkt\/runde-tischsaeule\/#breadcrumb\"},\"inLanguage\":\"de\",\"potentialAction\":[{\"@type\":\"ReadAction\",\"target\":[\"https:\/\/place-add.nl\/de\/produkt\/runde-tischsaeule\/\"]}]},{\"@type\":\"ImageObject\",\"inLanguage\":\"de\",\"@id\":\"https:\/\/place-add.nl\/de\/produkt\/runde-tischsaeule\/#primaryimage\",\"url\":\"https:\/\/place-add.nl\/wp-content\/uploads\/2024\/06\/Menukaarten_Tafelzuil_Place_Add_2-min.jpg\",\"contentUrl\":\"https:\/\/place-add.nl\/wp-content\/uploads\/2024\/06\/Menukaarten_Tafelzuil_Place_Add_2-min.jpg\",\"width\":800,\"height\":800,\"caption\":\"Ronde Tafel Zuil\"},{\"@type\":\"BreadcrumbList\",\"@id\":\"https:\/\/place-add.nl\/de\/produkt\/runde-tischsaeule\/#breadcrumb\",\"itemListElement\":[{\"@type\":\"ListItem\",\"position\":1,\"name\":\"Home\",\"item\":\"https:\/\/place-add.nl\/de\/home\/\"},{\"@type\":\"ListItem\",\"position\":2,\"name\":\"Shop\",\"item\":\"https:\/\/place-add.nl\/de\/shop\/\"},{\"@type\":\"ListItem\",\"position\":3,\"name\":\"runde Tischs\u00e4ule\"}]},{\"@type\":\"WebSite\",\"@id\":\"https:\/\/place-add.nl\/de\/#website\",\"url\":\"https:\/\/place-add.nl\/de\/\",\"name\":\"Place Add\",\"description\":\"Tafelkleding voor de horeca\",\"publisher\":{\"@id\":\"https:\/\/place-add.nl\/de\/#organization\"},\"potentialAction\":[{\"@type\":\"SearchAction\",\"target\":{\"@type\":\"EntryPoint\",\"urlTemplate\":\"https:\/\/place-add.nl\/de\/?s={search_term_string}\"},\"query-input\":{\"@type\":\"PropertyValueSpecification\",\"valueRequired\":true,\"valueName\":\"search_term_string\"}}],\"inLanguage\":\"de\"},{\"@type\":\"Organization\",\"@id\":\"https:\/\/place-add.nl\/de\/#organization\",\"name\":\"Place Add\",\"url\":\"https:\/\/place-add.nl\/de\/\",\"logo\":{\"@type\":\"ImageObject\",\"inLanguage\":\"de\",\"@id\":\"https:\/\/place-add.nl\/de\/#\/schema\/logo\/image\/\",\"url\":\"https:\/\/place-add.nl\/wp-content\/uploads\/2023\/11\/logo-img-place-add.png\",\"contentUrl\":\"https:\/\/place-add.nl\/wp-content\/uploads\/2023\/11\/logo-img-place-add.png\",\"width\":404,\"height\":106,\"caption\":\"Place Add\"},\"image\":{\"@id\":\"https:\/\/place-add.nl\/de\/#\/schema\/logo\/image\/\"},\"sameAs\":[\"https:\/\/www.facebook.com\/PlaceAdd\/\",\"https:\/\/www.instagram.com\/place_add\/\",\"https:\/\/www.youtube.com\/@placeadd\"]}]}<\/script>\n<!-- \/ Yoast SEO Premium plugin. -->","yoast_head_json":{"title":"Runde Tischs\u00e4ule | Place Add | F\u00fcr die Gastronomie","description":"Runde Tischs\u00e4ule aus Birkensperrholz: einzigartig, stilvoll. Hochwertiges Birkensperrholz mit \u00f6kologischen \u00d6l behandelt, beh\u00e4lt nat\u00fcrliches Aussehen.","robots":{"index":"index","follow":"follow","max-snippet":"max-snippet:-1","max-image-preview":"max-image-preview:large","max-video-preview":"max-video-preview:-1"},"canonical":"https:\/\/place-add.nl\/de\/produkt\/runde-tischsaeule\/","og_locale":"de_DE","og_type":"article","og_title":"runde Tischs\u00e4ule","og_description":"Runde Tischs\u00e4ule aus Birkensperrholz: einzigartig, stilvoll. Hochwertiges Birkensperrholz mit \u00f6kologischen \u00d6l behandelt, beh\u00e4lt nat\u00fcrliches Aussehen.","og_url":"https:\/\/place-add.nl\/de\/produkt\/runde-tischsaeule\/","og_site_name":"Place Add","article_publisher":"https:\/\/www.facebook.com\/PlaceAdd\/","article_modified_time":"2025-06-03T08:55:45+00:00","og_image":[{"width":800,"height":800,"url":"https:\/\/place-add.nl\/wp-content\/uploads\/2024\/06\/Menukaarten_Tafelzuil_Place_Add_2-min.jpg","type":"image\/jpeg"}],"twitter_card":"summary_large_image","twitter_misc":{"Gesch\u00e4tzte Lesezeit":"2\u00a0Minuten"},"schema":{"@context":"https:\/\/schema.org","@graph":[{"@type":"WebPage","@id":"https:\/\/place-add.nl\/de\/produkt\/runde-tischsaeule\/","url":"https:\/\/place-add.nl\/de\/produkt\/runde-tischsaeule\/","name":"Runde Tischs\u00e4ule | Place Add | F\u00fcr die Gastronomie","isPartOf":{"@id":"https:\/\/place-add.nl\/de\/#website"},"primaryImageOfPage":{"@id":"https:\/\/place-add.nl\/de\/produkt\/runde-tischsaeule\/#primaryimage"},"image":{"@id":"https:\/\/place-add.nl\/de\/produkt\/runde-tischsaeule\/#primaryimage"},"thumbnailUrl":"https:\/\/place-add.nl\/wp-content\/uploads\/2024\/06\/Menukaarten_Tafelzuil_Place_Add_2-min.jpg","datePublished":"2024-06-17T14:31:08+00:00","dateModified":"2025-06-03T08:55:45+00:00","description":"Runde Tischs\u00e4ule aus Birkensperrholz: einzigartig, stilvoll. Hochwertiges Birkensperrholz mit \u00f6kologischen \u00d6l behandelt, beh\u00e4lt nat\u00fcrliches Aussehen.","breadcrumb":{"@id":"https:\/\/place-add.nl\/de\/produkt\/runde-tischsaeule\/#breadcrumb"},"inLanguage":"de","potentialAction":[{"@type":"ReadAction","target":["https:\/\/place-add.nl\/de\/produkt\/runde-tischsaeule\/"]}]},{"@type":"ImageObject","inLanguage":"de","@id":"https:\/\/place-add.nl\/de\/produkt\/runde-tischsaeule\/#primaryimage","url":"https:\/\/place-add.nl\/wp-content\/uploads\/2024\/06\/Menukaarten_Tafelzuil_Place_Add_2-min.jpg","contentUrl":"https:\/\/place-add.nl\/wp-content\/uploads\/2024\/06\/Menukaarten_Tafelzuil_Place_Add_2-min.jpg","width":800,"height":800,"caption":"Ronde Tafel Zuil"},{"@type":"BreadcrumbList","@id":"https:\/\/place-add.nl\/de\/produkt\/runde-tischsaeule\/#breadcrumb","itemListElement":[{"@type":"ListItem","position":1,"name":"Home","item":"https:\/\/place-add.nl\/de\/home\/"},{"@type":"ListItem","position":2,"name":"Shop","item":"https:\/\/place-add.nl\/de\/shop\/"},{"@type":"ListItem","position":3,"name":"runde Tischs\u00e4ule"}]},{"@type":"WebSite","@id":"https:\/\/place-add.nl\/de\/#website","url":"https:\/\/place-add.nl\/de\/","name":"Place Add","description":"Tafelkleding voor de horeca","publisher":{"@id":"https:\/\/place-add.nl\/de\/#organization"},"potentialAction":[{"@type":"SearchAction","target":{"@type":"EntryPoint","urlTemplate":"https:\/\/place-add.nl\/de\/?s={search_term_string}"},"query-input":{"@type":"PropertyValueSpecification","valueRequired":true,"valueName":"search_term_string"}}],"inLanguage":"de"},{"@type":"Organization","@id":"https:\/\/place-add.nl\/de\/#organization","name":"Place Add","url":"https:\/\/place-add.nl\/de\/","logo":{"@type":"ImageObject","inLanguage":"de","@id":"https:\/\/place-add.nl\/de\/#\/schema\/logo\/image\/","url":"https:\/\/place-add.nl\/wp-content\/uploads\/2023\/11\/logo-img-place-add.png","contentUrl":"https:\/\/place-add.nl\/wp-content\/uploads\/2023\/11\/logo-img-place-add.png","width":404,"height":106,"caption":"Place Add"},"image":{"@id":"https:\/\/place-add.nl\/de\/#\/schema\/logo\/image\/"},"sameAs":["https:\/\/www.facebook.com\/PlaceAdd\/","https:\/\/www.instagram.com\/place_add\/","https:\/\/www.youtube.com\/@placeadd"]}]}},"_links":{"self":[{"href":"https:\/\/place-add.nl\/de\/wp-json\/wp\/v2\/product\/43676","targetHints":{"allow":["GET"]}}],"collection":[{"href":"https:\/\/place-add.nl\/de\/wp-json\/wp\/v2\/product"}],"about":[{"href":"https:\/\/place-add.nl\/de\/wp-json\/wp\/v2\/types\/product"}],"wp:featuredmedia":[{"embeddable":true,"href":"https:\/\/place-add.nl\/de\/wp-json\/wp\/v2\/media\/40896"}],"wp:attachment":[{"href":"https:\/\/place-add.nl\/de\/wp-json\/wp\/v2\/media?parent=43676"}],"wp:term":[{"taxonomy":"product_brand","embeddable":true,"href":"https:\/\/place-add.nl\/de\/wp-json\/wp\/v2\/product_brand?post=43676"},{"taxonomy":"product_cat","embeddable":true,"href":"https:\/\/place-add.nl\/de\/wp-json\/wp\/v2\/product_cat?post=43676"},{"taxonomy":"product_tag","embeddable":true,"href":"https:\/\/place-add.nl\/de\/wp-json\/wp\/v2\/product_tag?post=43676"}],"curies":[{"name":"wp","href":"https:\/\/api.w.org\/{rel}","templated":true}]}}