{"id":43685,"date":"2024-06-17T14:43:15","date_gmt":"2024-06-17T14:43:15","guid":{"rendered":"https:\/\/place-add.nl\/product\/gestikte-kunststof-zichtmappen\/"},"modified":"2025-06-01T08:11:52","modified_gmt":"2025-06-01T08:11:52","slug":"gesteppt-huellen","status":"publish","type":"product","link":"https:\/\/place-add.nl\/de\/produkt\/gesteppt-huellen\/","title":{"rendered":"gesteppt H\u00fcllen"},"content":{"rendered":"<p>Unsere Gen\u00e4hten Sichtmappen aus Kunststoff bieten eine zuverl\u00e4ssige und elegante L\u00f6sung f\u00fcr den Schutz und die Pr\u00e4sentation von Dokumenten, Speisekarten und Pr\u00e4sentationen. Hergestellt aus hochwertigem Polypropylen &#8211; einem dicken, flexiblen und langlebigen Kunststoff &#8211; kombinieren diese Sichtmappen ein professionelles Aussehen mit maximaler Sichtbarkeit des Inhalts.<\/p>\n<p>Die Sichtmappen sind in verschiedenen Farben und Gr\u00f6\u00dfen erh\u00e4ltlich und eignen sich f\u00fcr eine Vielzahl von Pr\u00e4sentationszwecken.<\/p>\n<p><strong>Warum sollten Sie sich f\u00fcr unsere Gen\u00e4hten Sichtmappen entscheiden?<\/strong><\/p>\n<ul>\n<li><strong>Langlebig und professionell<\/strong>: Die robuste Polypropylen-Konstruktion gew\u00e4hrleistet einen langfristigen Schutz Ihrer Dokumente und sorgt f\u00fcr ein gepflegtes, professionelles Erscheinungsbild.<\/li>\n<li><strong>Hervorragende Sichtbarkeit<\/strong>: Der klare, strapazierf\u00e4hige Kunststoff sorgt daf\u00fcr, dass Ihre Speisekarten oder Dokumente immer gut sichtbar sind, ohne dass Sie Kompromisse bei der Qualit\u00e4t eingehen m\u00fcssen.<\/li>\n<li><strong>Auswahl an Farben und Formaten<\/strong>: Geeignet f\u00fcr jede Umgebung und jeden Stil, mit einer Reihe von Gr\u00f6\u00dfen und Farben zur Auswahl.<\/li>\n<\/ul>\n<p><strong>Verf\u00fcgbare Formate:<\/strong><\/p>\n<p>Unsere Gen\u00e4hten Sichtmappen sind in den folgenden Formaten erh\u00e4ltlich: A4, A4 Quadratisch, A4 Schmal und A5, so dass Sie immer die perfekte Gr\u00f6\u00dfe f\u00fcr Ihre Pr\u00e4sentation finden.<\/p>\n<p>Sie ben\u00f6tigen kurzfristig Speisekarten? Dann besuchen Sie unsere zweite Website, <strong><a href=\"http:\/\/www.craftontable.com\/\">Craftontable.com<\/a><\/strong>, f\u00fcr Speisekarten mit weniger Personalisierungsm\u00f6glichkeiten, aber schnellerer Lieferzeit.<\/p>\n<p>Ben\u00f6tigen Sie eine pers\u00f6nliche Beratung? Dann nehmen Sie <strong><a href=\"https:\/\/place-add.nl\/de\/kontakt\/\">Kontakt<\/a><\/strong> mit uns auf. Unser engagiertes Team hilft Ihnen gerne, die perfekte Wahl f\u00fcr Ihre speziellen Bed\u00fcrfnisse zu treffen.<\/p>\n<p><button id=\"knop-contact-opnemen-de\">Kontaktieren Sie uns unverbindlich<\/button><\/p>\n","protected":false},"excerpt":{"rendered":"<p>Unsere <strong>gen\u00e4hten Sichtmappen<\/strong> aus Kunststoff bieten eine haltbare und elegante M\u00f6glichkeit, Ihre Dokumente, Speisekarten und Pr\u00e4sentationen zu sch\u00fctzen und zu pr\u00e4sentieren. Hergestellt aus Polypropylen, einem dicken und flexiblen Kunststoff, bieten diese Sichtmappen ein professionelles Aussehen, w\u00e4hrend der Inhalt deutlich sichtbar bleibt.Erh\u00e4ltlich in verschiedenen Gr\u00f6\u00dfen und Farben, bieten diese Sichtmappen eine vielseitige L\u00f6sung f\u00fcr Ihre Pr\u00e4sentationsanforderungen.<\/p>\n<p><button id=\"knop-contact-opnemen-de\">Kontaktieren Sie uns unverbindlich<\/button><\/p>\n","protected":false},"featured_media":40939,"template":"","meta":[],"product_brand":[],"product_cat":[1452],"product_tag":[1360,1317,1198,1199,1200,1201,1202,1203],"class_list":{"0":"post-43685","1":"product","2":"type-product","3":"status-publish","4":"has-post-thumbnail","6":"product_cat-inhalt","7":"product_tag-genahte-sichthullen","8":"product_tag-kunststoff-sichthullen","9":"product_tag-maatwerk-menukaarten-de","10":"product_tag-menukaarten-de","11":"product_tag-menukaarten-horeca-de","12":"product_tag-menukaarten-kopen-de","13":"product_tag-menukaarten-op-maat-de","14":"product_tag-restaurant-menukaarten-de","16":"first","17":"instock","18":"taxable","19":"shipping-taxable","20":"product-type-simple"},"yoast_head":"<!-- This site is optimized with the Yoast SEO Premium plugin v27.2 (Yoast SEO v27.2) - https:\/\/yoast.com\/product\/yoast-seo-premium-wordpress\/ -->\n<title>gesteppt H\u00fcllen f\u00fcr Speisekarten | Place Add | F\u00fcr die Gastronomie<\/title>\n<meta name=\"description\" content=\"Gen\u00e4hten Sichtmappen aus Kunststoff f\u00fcr Speisekarten und Pr\u00e4sentationen. Robustes Polypropylen, verschiedene Farben und Gr\u00f6\u00dfen, professionelles Aussehen.\" \/>\n<meta name=\"robots\" content=\"index, follow, max-snippet:-1, max-image-preview:large, max-video-preview:-1\" \/>\n<link rel=\"canonical\" href=\"https:\/\/place-add.nl\/de\/produkt\/gesteppt-huellen\/\" \/>\n<meta property=\"og:locale\" content=\"de_DE\" \/>\n<meta property=\"og:type\" content=\"article\" \/>\n<meta property=\"og:title\" content=\"gesteppt H\u00fcllen\" \/>\n<meta property=\"og:description\" content=\"Gen\u00e4hten Sichtmappen aus Kunststoff f\u00fcr Speisekarten und Pr\u00e4sentationen. Robustes Polypropylen, verschiedene Farben und Gr\u00f6\u00dfen, professionelles Aussehen.\" \/>\n<meta property=\"og:url\" content=\"https:\/\/place-add.nl\/de\/produkt\/gesteppt-huellen\/\" \/>\n<meta property=\"og:site_name\" content=\"Place Add\" \/>\n<meta property=\"article:publisher\" content=\"https:\/\/www.facebook.com\/PlaceAdd\/\" \/>\n<meta property=\"article:modified_time\" content=\"2025-06-01T08:11:52+00:00\" \/>\n<meta property=\"og:image\" content=\"https:\/\/place-add.nl\/wp-content\/uploads\/2024\/06\/Menukaarten_Inhoud_Gestikte_zichtmappen_Place-add_4-scaled.jpg\" \/>\n\t<meta property=\"og:image:width\" content=\"1000\" \/>\n\t<meta property=\"og:image:height\" content=\"1000\" \/>\n\t<meta property=\"og:image:type\" content=\"image\/jpeg\" \/>\n<meta name=\"twitter:card\" content=\"summary_large_image\" \/>\n<meta name=\"twitter:label1\" content=\"Gesch\u00e4tzte Lesezeit\" \/>\n\t<meta name=\"twitter:data1\" content=\"2\u00a0Minuten\" \/>\n<script type=\"application\/ld+json\" class=\"yoast-schema-graph\">{\"@context\":\"https:\/\/schema.org\",\"@graph\":[{\"@type\":\"WebPage\",\"@id\":\"https:\/\/place-add.nl\/de\/produkt\/gesteppt-huellen\/\",\"url\":\"https:\/\/place-add.nl\/de\/produkt\/gesteppt-huellen\/\",\"name\":\"gesteppt H\u00fcllen f\u00fcr Speisekarten | Place Add | F\u00fcr die Gastronomie\",\"isPartOf\":{\"@id\":\"https:\/\/place-add.nl\/de\/#website\"},\"primaryImageOfPage\":{\"@id\":\"https:\/\/place-add.nl\/de\/produkt\/gesteppt-huellen\/#primaryimage\"},\"image\":{\"@id\":\"https:\/\/place-add.nl\/de\/produkt\/gesteppt-huellen\/#primaryimage\"},\"thumbnailUrl\":\"https:\/\/place-add.nl\/wp-content\/uploads\/2024\/06\/Menukaarten_Inhoud_Gestikte_zichtmappen_Place-add_4-scaled.jpg\",\"datePublished\":\"2024-06-17T14:43:15+00:00\",\"dateModified\":\"2025-06-01T08:11:52+00:00\",\"description\":\"Gen\u00e4hten Sichtmappen aus Kunststoff f\u00fcr Speisekarten und Pr\u00e4sentationen. Robustes Polypropylen, verschiedene Farben und Gr\u00f6\u00dfen, professionelles Aussehen.\",\"breadcrumb\":{\"@id\":\"https:\/\/place-add.nl\/de\/produkt\/gesteppt-huellen\/#breadcrumb\"},\"inLanguage\":\"de\",\"potentialAction\":[{\"@type\":\"ReadAction\",\"target\":[\"https:\/\/place-add.nl\/de\/produkt\/gesteppt-huellen\/\"]}]},{\"@type\":\"ImageObject\",\"inLanguage\":\"de\",\"@id\":\"https:\/\/place-add.nl\/de\/produkt\/gesteppt-huellen\/#primaryimage\",\"url\":\"https:\/\/place-add.nl\/wp-content\/uploads\/2024\/06\/Menukaarten_Inhoud_Gestikte_zichtmappen_Place-add_4-scaled.jpg\",\"contentUrl\":\"https:\/\/place-add.nl\/wp-content\/uploads\/2024\/06\/Menukaarten_Inhoud_Gestikte_zichtmappen_Place-add_4-scaled.jpg\",\"width\":1000,\"height\":1000},{\"@type\":\"BreadcrumbList\",\"@id\":\"https:\/\/place-add.nl\/de\/produkt\/gesteppt-huellen\/#breadcrumb\",\"itemListElement\":[{\"@type\":\"ListItem\",\"position\":1,\"name\":\"Home\",\"item\":\"https:\/\/place-add.nl\/de\/home\/\"},{\"@type\":\"ListItem\",\"position\":2,\"name\":\"Shop\",\"item\":\"https:\/\/place-add.nl\/de\/shop\/\"},{\"@type\":\"ListItem\",\"position\":3,\"name\":\"gesteppt H\u00fcllen\"}]},{\"@type\":\"WebSite\",\"@id\":\"https:\/\/place-add.nl\/de\/#website\",\"url\":\"https:\/\/place-add.nl\/de\/\",\"name\":\"Place Add\",\"description\":\"Tafelkleding voor de horeca\",\"publisher\":{\"@id\":\"https:\/\/place-add.nl\/de\/#organization\"},\"potentialAction\":[{\"@type\":\"SearchAction\",\"target\":{\"@type\":\"EntryPoint\",\"urlTemplate\":\"https:\/\/place-add.nl\/de\/?s={search_term_string}\"},\"query-input\":{\"@type\":\"PropertyValueSpecification\",\"valueRequired\":true,\"valueName\":\"search_term_string\"}}],\"inLanguage\":\"de\"},{\"@type\":\"Organization\",\"@id\":\"https:\/\/place-add.nl\/de\/#organization\",\"name\":\"Place Add\",\"url\":\"https:\/\/place-add.nl\/de\/\",\"logo\":{\"@type\":\"ImageObject\",\"inLanguage\":\"de\",\"@id\":\"https:\/\/place-add.nl\/de\/#\/schema\/logo\/image\/\",\"url\":\"https:\/\/place-add.nl\/wp-content\/uploads\/2023\/11\/logo-img-place-add.png\",\"contentUrl\":\"https:\/\/place-add.nl\/wp-content\/uploads\/2023\/11\/logo-img-place-add.png\",\"width\":404,\"height\":106,\"caption\":\"Place Add\"},\"image\":{\"@id\":\"https:\/\/place-add.nl\/de\/#\/schema\/logo\/image\/\"},\"sameAs\":[\"https:\/\/www.facebook.com\/PlaceAdd\/\",\"https:\/\/www.instagram.com\/place_add\/\",\"https:\/\/www.youtube.com\/@placeadd\"]}]}<\/script>\n<!-- \/ Yoast SEO Premium plugin. -->","yoast_head_json":{"title":"gesteppt H\u00fcllen f\u00fcr Speisekarten | Place Add | F\u00fcr die Gastronomie","description":"Gen\u00e4hten Sichtmappen aus Kunststoff f\u00fcr Speisekarten und Pr\u00e4sentationen. Robustes Polypropylen, verschiedene Farben und Gr\u00f6\u00dfen, professionelles Aussehen.","robots":{"index":"index","follow":"follow","max-snippet":"max-snippet:-1","max-image-preview":"max-image-preview:large","max-video-preview":"max-video-preview:-1"},"canonical":"https:\/\/place-add.nl\/de\/produkt\/gesteppt-huellen\/","og_locale":"de_DE","og_type":"article","og_title":"gesteppt H\u00fcllen","og_description":"Gen\u00e4hten Sichtmappen aus Kunststoff f\u00fcr Speisekarten und Pr\u00e4sentationen. Robustes Polypropylen, verschiedene Farben und Gr\u00f6\u00dfen, professionelles Aussehen.","og_url":"https:\/\/place-add.nl\/de\/produkt\/gesteppt-huellen\/","og_site_name":"Place Add","article_publisher":"https:\/\/www.facebook.com\/PlaceAdd\/","article_modified_time":"2025-06-01T08:11:52+00:00","og_image":[{"width":1000,"height":1000,"url":"https:\/\/place-add.nl\/wp-content\/uploads\/2024\/06\/Menukaarten_Inhoud_Gestikte_zichtmappen_Place-add_4-scaled.jpg","type":"image\/jpeg"}],"twitter_card":"summary_large_image","twitter_misc":{"Gesch\u00e4tzte Lesezeit":"2\u00a0Minuten"},"schema":{"@context":"https:\/\/schema.org","@graph":[{"@type":"WebPage","@id":"https:\/\/place-add.nl\/de\/produkt\/gesteppt-huellen\/","url":"https:\/\/place-add.nl\/de\/produkt\/gesteppt-huellen\/","name":"gesteppt H\u00fcllen f\u00fcr Speisekarten | Place Add | F\u00fcr die Gastronomie","isPartOf":{"@id":"https:\/\/place-add.nl\/de\/#website"},"primaryImageOfPage":{"@id":"https:\/\/place-add.nl\/de\/produkt\/gesteppt-huellen\/#primaryimage"},"image":{"@id":"https:\/\/place-add.nl\/de\/produkt\/gesteppt-huellen\/#primaryimage"},"thumbnailUrl":"https:\/\/place-add.nl\/wp-content\/uploads\/2024\/06\/Menukaarten_Inhoud_Gestikte_zichtmappen_Place-add_4-scaled.jpg","datePublished":"2024-06-17T14:43:15+00:00","dateModified":"2025-06-01T08:11:52+00:00","description":"Gen\u00e4hten Sichtmappen aus Kunststoff f\u00fcr Speisekarten und Pr\u00e4sentationen. Robustes Polypropylen, verschiedene Farben und Gr\u00f6\u00dfen, professionelles Aussehen.","breadcrumb":{"@id":"https:\/\/place-add.nl\/de\/produkt\/gesteppt-huellen\/#breadcrumb"},"inLanguage":"de","potentialAction":[{"@type":"ReadAction","target":["https:\/\/place-add.nl\/de\/produkt\/gesteppt-huellen\/"]}]},{"@type":"ImageObject","inLanguage":"de","@id":"https:\/\/place-add.nl\/de\/produkt\/gesteppt-huellen\/#primaryimage","url":"https:\/\/place-add.nl\/wp-content\/uploads\/2024\/06\/Menukaarten_Inhoud_Gestikte_zichtmappen_Place-add_4-scaled.jpg","contentUrl":"https:\/\/place-add.nl\/wp-content\/uploads\/2024\/06\/Menukaarten_Inhoud_Gestikte_zichtmappen_Place-add_4-scaled.jpg","width":1000,"height":1000},{"@type":"BreadcrumbList","@id":"https:\/\/place-add.nl\/de\/produkt\/gesteppt-huellen\/#breadcrumb","itemListElement":[{"@type":"ListItem","position":1,"name":"Home","item":"https:\/\/place-add.nl\/de\/home\/"},{"@type":"ListItem","position":2,"name":"Shop","item":"https:\/\/place-add.nl\/de\/shop\/"},{"@type":"ListItem","position":3,"name":"gesteppt H\u00fcllen"}]},{"@type":"WebSite","@id":"https:\/\/place-add.nl\/de\/#website","url":"https:\/\/place-add.nl\/de\/","name":"Place Add","description":"Tafelkleding voor de horeca","publisher":{"@id":"https:\/\/place-add.nl\/de\/#organization"},"potentialAction":[{"@type":"SearchAction","target":{"@type":"EntryPoint","urlTemplate":"https:\/\/place-add.nl\/de\/?s={search_term_string}"},"query-input":{"@type":"PropertyValueSpecification","valueRequired":true,"valueName":"search_term_string"}}],"inLanguage":"de"},{"@type":"Organization","@id":"https:\/\/place-add.nl\/de\/#organization","name":"Place Add","url":"https:\/\/place-add.nl\/de\/","logo":{"@type":"ImageObject","inLanguage":"de","@id":"https:\/\/place-add.nl\/de\/#\/schema\/logo\/image\/","url":"https:\/\/place-add.nl\/wp-content\/uploads\/2023\/11\/logo-img-place-add.png","contentUrl":"https:\/\/place-add.nl\/wp-content\/uploads\/2023\/11\/logo-img-place-add.png","width":404,"height":106,"caption":"Place Add"},"image":{"@id":"https:\/\/place-add.nl\/de\/#\/schema\/logo\/image\/"},"sameAs":["https:\/\/www.facebook.com\/PlaceAdd\/","https:\/\/www.instagram.com\/place_add\/","https:\/\/www.youtube.com\/@placeadd"]}]}},"_links":{"self":[{"href":"https:\/\/place-add.nl\/de\/wp-json\/wp\/v2\/product\/43685","targetHints":{"allow":["GET"]}}],"collection":[{"href":"https:\/\/place-add.nl\/de\/wp-json\/wp\/v2\/product"}],"about":[{"href":"https:\/\/place-add.nl\/de\/wp-json\/wp\/v2\/types\/product"}],"wp:featuredmedia":[{"embeddable":true,"href":"https:\/\/place-add.nl\/de\/wp-json\/wp\/v2\/media\/40939"}],"wp:attachment":[{"href":"https:\/\/place-add.nl\/de\/wp-json\/wp\/v2\/media?parent=43685"}],"wp:term":[{"taxonomy":"product_brand","embeddable":true,"href":"https:\/\/place-add.nl\/de\/wp-json\/wp\/v2\/product_brand?post=43685"},{"taxonomy":"product_cat","embeddable":true,"href":"https:\/\/place-add.nl\/de\/wp-json\/wp\/v2\/product_cat?post=43685"},{"taxonomy":"product_tag","embeddable":true,"href":"https:\/\/place-add.nl\/de\/wp-json\/wp\/v2\/product_tag?post=43685"}],"curies":[{"name":"wp","href":"https:\/\/api.w.org\/{rel}","templated":true}]}}