{"id":43687,"date":"2024-06-17T14:42:51","date_gmt":"2024-06-17T14:42:51","guid":{"rendered":"https:\/\/place-add.nl\/product\/kunststof-zichtmappen\/"},"modified":"2025-06-01T08:14:19","modified_gmt":"2025-06-01T08:14:19","slug":"kunststoff-huelle","status":"publish","type":"product","link":"https:\/\/place-add.nl\/de\/produkt\/kunststoff-huelle\/","title":{"rendered":"Kunststoff-H\u00fclle"},"content":{"rendered":"<p>Unsere <strong>Kunststoff<\/strong>&#8211;<strong>Sichtmappen <\/strong>bieten ein ideales Gleichgewicht zwischen Schutz, Lesbarkeit und Haltbarkeit f\u00fcr alle Ihre Dokumente. Die aus hochwertigem Polypropylen gefertigten Mappen verhindern das Ausbluten von Text und halten Ihre Unterlagen sicher und \u00fcbersichtlich. Mit Perforationsl\u00f6chern f\u00fcr eine einfache Ablage und in verschiedenen Gr\u00f6\u00dfen erh\u00e4ltlich, sind unsere Sichtmappen so konzipiert, dass sie all Ihre Organisations- und Pr\u00e4sentationsanforderungen erf\u00fcllen.<\/p>\n<p>Warum sollten Sie sich f\u00fcr unsere <strong>Kunststoff<\/strong>&#8211;<strong>Sichtmappen<\/strong> entscheiden?<\/p>\n<ul>\n<li>Hoher Schutz: Das starke Polypropylen sch\u00fctzt Ihre Dokumente f\u00fcr lange Zeit und sorgt daf\u00fcr, dass sie immer ordentlich aussehen.<\/li>\n<li>Klarheit und Lesbarkeit: Die Sichtmappen lassen Text und Bilder klar durchscheinen und erm\u00f6glichen eine professionelle Pr\u00e4sentation.<\/li>\n<li>Archivierungsfreundlich: Dank der Perforationsl\u00f6cher lassen sich die Sichtmappen leicht in einen Ordner einordnen und erleichtern so die Organisation Ihrer Dokumente.<\/li>\n<\/ul>\n<p><strong>Verf\u00fcgbare Formate<\/strong><\/p>\n<p>Unsere <strong>Kunststoff<\/strong>&#8211;<strong>Sichtmappen<\/strong> sind in den Formaten A4, A4 quadratisch, A4 schmal und A5 erh\u00e4ltlich, so dass Sie immer die richtige Gr\u00f6\u00dfe f\u00fcr Ihre Dokumente haben.<\/p>\n<p>Ben\u00f6tigen Sie kurzfristig Speisekarten? Dann besuchen Sie unsere zweite Website, <strong><a href=\"http:\/\/www.craftontable.com\/\">Craftontable.com<\/a><\/strong>, f\u00fcr Speisekarten mit weniger Personalisierungsm\u00f6glichkeiten, aber schnellerer Lieferzeit.<\/p>\n<p>Ben\u00f6tigen Sie eine pers\u00f6nliche Beratung? Dann z\u00f6gern Sie nicht, uns zu <strong><a href=\"https:\/\/place-add.nl\/de\/kontakt\/\">kontaktieren<\/a><\/strong>. Unser engagiertes Team hilft Ihnen gerne, die perfekte Wahl f\u00fcr Ihre speziellen Bed\u00fcrfnisse zu treffen.<\/p>\n<p><button id=\"knop-contact-opnemen-de\">Kontaktieren Sie uns unverbindlich<\/button><\/p>\n","protected":false},"excerpt":{"rendered":"<p>Unsere <strong>Kunststoff<\/strong>&#8211;<strong>Sichtmappen<\/strong> bieten die perfekte Kombination aus Schutz, Lesbarkeit und Haltbarkeit f\u00fcr Ihre Dokumente.Die aus hochwertigem <strong>Polypropylen<\/strong> gefertigten Mappen sorgen daf\u00fcr, dass der Text nicht ausblutet und Ihre Unterlagen gut gesch\u00fctzt bleiben.Erh\u00e4ltlich in verschiedenen Gr\u00f6\u00dfen und mit Perforationsl\u00f6chern ausgestattet, bieten wir Ihnen eine L\u00f6sung, die alle Ihre organisatorischen Anforderungen erf\u00fcllt. F\u00fcr Preise und direkte Bestellungen besuchen Sie bitte unseren <strong><a href=\"http:\/\/www.craftontable.com\/\">Craft on Table Webshop<\/a><\/strong>. Bestellen Sie noch heute und sorgen Sie daf\u00fcr, dass Ihre Dokumente geordnet und professionell pr\u00e4sentiert werden!<\/p>\n<p><button id=\"knop-contact-opnemen-de\">Kontaktieren Sie uns unverbindlich<\/button><\/p>\n<div class=\"custom-button-marge\"><a class=\"button-custom-product\" href=\"https:\/\/www.craftontable.com\/collections\/accessoires\/products\/zichtmappen\" target=\"_blank\" rel=\"noopener\">Gehe zu craftontable.com<\/a><\/div>\n","protected":false},"featured_media":40934,"template":"","meta":[],"product_brand":[],"product_cat":[1452],"product_tag":[1317,1197,1198,1199,1200,1201,1202,1203,1355],"class_list":{"0":"post-43687","1":"product","2":"type-product","3":"status-publish","4":"has-post-thumbnail","6":"product_cat-inhalt","7":"product_tag-kunststoff-sichthullen","8":"product_tag-leren-menukaarten-de","9":"product_tag-maatwerk-menukaarten-de","10":"product_tag-menukaarten-de","11":"product_tag-menukaarten-horeca-de","12":"product_tag-menukaarten-kopen-de","13":"product_tag-menukaarten-op-maat-de","14":"product_tag-restaurant-menukaarten-de","15":"product_tag-sichthullen","17":"first","18":"instock","19":"taxable","20":"shipping-taxable","21":"product-type-simple"},"yoast_head":"<!-- This site is optimized with the Yoast SEO Premium plugin v27.2 (Yoast SEO v27.2) - https:\/\/yoast.com\/product\/yoast-seo-premium-wordpress\/ -->\n<title>Kunststoff-H\u00fclle | Speisekarten| Place Add | F\u00fcr die Gastronomie<\/title>\n<meta name=\"description\" content=\"Entdecken Sie die Kunststoff-Sichtmappen: sch\u00fctzendes, langlebiges und hochwertiges Polypropylen. Verschiedene Formate m\u00f6glich!\" \/>\n<meta name=\"robots\" content=\"index, follow, max-snippet:-1, max-image-preview:large, max-video-preview:-1\" \/>\n<link rel=\"canonical\" href=\"https:\/\/place-add.nl\/de\/produkt\/kunststoff-huelle\/\" \/>\n<meta property=\"og:locale\" content=\"de_DE\" \/>\n<meta property=\"og:type\" content=\"article\" \/>\n<meta property=\"og:title\" content=\"Kunststoff-H\u00fclle\" \/>\n<meta property=\"og:description\" content=\"Entdecken Sie die Kunststoff-Sichtmappen: sch\u00fctzendes, langlebiges und hochwertiges Polypropylen. Verschiedene Formate m\u00f6glich!\" \/>\n<meta property=\"og:url\" content=\"https:\/\/place-add.nl\/de\/produkt\/kunststoff-huelle\/\" \/>\n<meta property=\"og:site_name\" content=\"Place Add\" \/>\n<meta property=\"article:publisher\" content=\"https:\/\/www.facebook.com\/PlaceAdd\/\" \/>\n<meta property=\"article:modified_time\" content=\"2025-06-01T08:14:19+00:00\" \/>\n<meta property=\"og:image\" content=\"https:\/\/place-add.nl\/wp-content\/uploads\/2024\/06\/Menukaart_Inhoud_Kunststof_Zichtmappen_Place-add_4-scaled.jpg\" \/>\n\t<meta property=\"og:image:width\" content=\"1000\" \/>\n\t<meta property=\"og:image:height\" content=\"1000\" \/>\n\t<meta property=\"og:image:type\" content=\"image\/jpeg\" \/>\n<meta name=\"twitter:card\" content=\"summary_large_image\" \/>\n<meta name=\"twitter:label1\" content=\"Gesch\u00e4tzte Lesezeit\" \/>\n\t<meta name=\"twitter:data1\" content=\"2\u00a0Minuten\" \/>\n<script type=\"application\/ld+json\" class=\"yoast-schema-graph\">{\"@context\":\"https:\/\/schema.org\",\"@graph\":[{\"@type\":\"WebPage\",\"@id\":\"https:\/\/place-add.nl\/de\/produkt\/kunststoff-huelle\/\",\"url\":\"https:\/\/place-add.nl\/de\/produkt\/kunststoff-huelle\/\",\"name\":\"Kunststoff-H\u00fclle | Speisekarten| Place Add | F\u00fcr die Gastronomie\",\"isPartOf\":{\"@id\":\"https:\/\/place-add.nl\/de\/#website\"},\"primaryImageOfPage\":{\"@id\":\"https:\/\/place-add.nl\/de\/produkt\/kunststoff-huelle\/#primaryimage\"},\"image\":{\"@id\":\"https:\/\/place-add.nl\/de\/produkt\/kunststoff-huelle\/#primaryimage\"},\"thumbnailUrl\":\"https:\/\/place-add.nl\/wp-content\/uploads\/2024\/06\/Menukaart_Inhoud_Kunststof_Zichtmappen_Place-add_4-scaled.jpg\",\"datePublished\":\"2024-06-17T14:42:51+00:00\",\"dateModified\":\"2025-06-01T08:14:19+00:00\",\"description\":\"Entdecken Sie die Kunststoff-Sichtmappen: sch\u00fctzendes, langlebiges und hochwertiges Polypropylen. Verschiedene Formate m\u00f6glich!\",\"breadcrumb\":{\"@id\":\"https:\/\/place-add.nl\/de\/produkt\/kunststoff-huelle\/#breadcrumb\"},\"inLanguage\":\"de\",\"potentialAction\":[{\"@type\":\"ReadAction\",\"target\":[\"https:\/\/place-add.nl\/de\/produkt\/kunststoff-huelle\/\"]}]},{\"@type\":\"ImageObject\",\"inLanguage\":\"de\",\"@id\":\"https:\/\/place-add.nl\/de\/produkt\/kunststoff-huelle\/#primaryimage\",\"url\":\"https:\/\/place-add.nl\/wp-content\/uploads\/2024\/06\/Menukaart_Inhoud_Kunststof_Zichtmappen_Place-add_4-scaled.jpg\",\"contentUrl\":\"https:\/\/place-add.nl\/wp-content\/uploads\/2024\/06\/Menukaart_Inhoud_Kunststof_Zichtmappen_Place-add_4-scaled.jpg\",\"width\":1000,\"height\":1000,\"caption\":\"Kunststof Zichtmappen\"},{\"@type\":\"BreadcrumbList\",\"@id\":\"https:\/\/place-add.nl\/de\/produkt\/kunststoff-huelle\/#breadcrumb\",\"itemListElement\":[{\"@type\":\"ListItem\",\"position\":1,\"name\":\"Home\",\"item\":\"https:\/\/place-add.nl\/de\/home\/\"},{\"@type\":\"ListItem\",\"position\":2,\"name\":\"Shop\",\"item\":\"https:\/\/place-add.nl\/de\/shop\/\"},{\"@type\":\"ListItem\",\"position\":3,\"name\":\"Kunststoff-H\u00fclle\"}]},{\"@type\":\"WebSite\",\"@id\":\"https:\/\/place-add.nl\/de\/#website\",\"url\":\"https:\/\/place-add.nl\/de\/\",\"name\":\"Place Add\",\"description\":\"Tafelkleding voor de horeca\",\"publisher\":{\"@id\":\"https:\/\/place-add.nl\/de\/#organization\"},\"potentialAction\":[{\"@type\":\"SearchAction\",\"target\":{\"@type\":\"EntryPoint\",\"urlTemplate\":\"https:\/\/place-add.nl\/de\/?s={search_term_string}\"},\"query-input\":{\"@type\":\"PropertyValueSpecification\",\"valueRequired\":true,\"valueName\":\"search_term_string\"}}],\"inLanguage\":\"de\"},{\"@type\":\"Organization\",\"@id\":\"https:\/\/place-add.nl\/de\/#organization\",\"name\":\"Place Add\",\"url\":\"https:\/\/place-add.nl\/de\/\",\"logo\":{\"@type\":\"ImageObject\",\"inLanguage\":\"de\",\"@id\":\"https:\/\/place-add.nl\/de\/#\/schema\/logo\/image\/\",\"url\":\"https:\/\/place-add.nl\/wp-content\/uploads\/2023\/11\/logo-img-place-add.png\",\"contentUrl\":\"https:\/\/place-add.nl\/wp-content\/uploads\/2023\/11\/logo-img-place-add.png\",\"width\":404,\"height\":106,\"caption\":\"Place Add\"},\"image\":{\"@id\":\"https:\/\/place-add.nl\/de\/#\/schema\/logo\/image\/\"},\"sameAs\":[\"https:\/\/www.facebook.com\/PlaceAdd\/\",\"https:\/\/www.instagram.com\/place_add\/\",\"https:\/\/www.youtube.com\/@placeadd\"]}]}<\/script>\n<!-- \/ Yoast SEO Premium plugin. -->","yoast_head_json":{"title":"Kunststoff-H\u00fclle | Speisekarten| Place Add | F\u00fcr die Gastronomie","description":"Entdecken Sie die Kunststoff-Sichtmappen: sch\u00fctzendes, langlebiges und hochwertiges Polypropylen. Verschiedene Formate m\u00f6glich!","robots":{"index":"index","follow":"follow","max-snippet":"max-snippet:-1","max-image-preview":"max-image-preview:large","max-video-preview":"max-video-preview:-1"},"canonical":"https:\/\/place-add.nl\/de\/produkt\/kunststoff-huelle\/","og_locale":"de_DE","og_type":"article","og_title":"Kunststoff-H\u00fclle","og_description":"Entdecken Sie die Kunststoff-Sichtmappen: sch\u00fctzendes, langlebiges und hochwertiges Polypropylen. Verschiedene Formate m\u00f6glich!","og_url":"https:\/\/place-add.nl\/de\/produkt\/kunststoff-huelle\/","og_site_name":"Place Add","article_publisher":"https:\/\/www.facebook.com\/PlaceAdd\/","article_modified_time":"2025-06-01T08:14:19+00:00","og_image":[{"width":1000,"height":1000,"url":"https:\/\/place-add.nl\/wp-content\/uploads\/2024\/06\/Menukaart_Inhoud_Kunststof_Zichtmappen_Place-add_4-scaled.jpg","type":"image\/jpeg"}],"twitter_card":"summary_large_image","twitter_misc":{"Gesch\u00e4tzte Lesezeit":"2\u00a0Minuten"},"schema":{"@context":"https:\/\/schema.org","@graph":[{"@type":"WebPage","@id":"https:\/\/place-add.nl\/de\/produkt\/kunststoff-huelle\/","url":"https:\/\/place-add.nl\/de\/produkt\/kunststoff-huelle\/","name":"Kunststoff-H\u00fclle | Speisekarten| Place Add | F\u00fcr die Gastronomie","isPartOf":{"@id":"https:\/\/place-add.nl\/de\/#website"},"primaryImageOfPage":{"@id":"https:\/\/place-add.nl\/de\/produkt\/kunststoff-huelle\/#primaryimage"},"image":{"@id":"https:\/\/place-add.nl\/de\/produkt\/kunststoff-huelle\/#primaryimage"},"thumbnailUrl":"https:\/\/place-add.nl\/wp-content\/uploads\/2024\/06\/Menukaart_Inhoud_Kunststof_Zichtmappen_Place-add_4-scaled.jpg","datePublished":"2024-06-17T14:42:51+00:00","dateModified":"2025-06-01T08:14:19+00:00","description":"Entdecken Sie die Kunststoff-Sichtmappen: sch\u00fctzendes, langlebiges und hochwertiges Polypropylen. Verschiedene Formate m\u00f6glich!","breadcrumb":{"@id":"https:\/\/place-add.nl\/de\/produkt\/kunststoff-huelle\/#breadcrumb"},"inLanguage":"de","potentialAction":[{"@type":"ReadAction","target":["https:\/\/place-add.nl\/de\/produkt\/kunststoff-huelle\/"]}]},{"@type":"ImageObject","inLanguage":"de","@id":"https:\/\/place-add.nl\/de\/produkt\/kunststoff-huelle\/#primaryimage","url":"https:\/\/place-add.nl\/wp-content\/uploads\/2024\/06\/Menukaart_Inhoud_Kunststof_Zichtmappen_Place-add_4-scaled.jpg","contentUrl":"https:\/\/place-add.nl\/wp-content\/uploads\/2024\/06\/Menukaart_Inhoud_Kunststof_Zichtmappen_Place-add_4-scaled.jpg","width":1000,"height":1000,"caption":"Kunststof Zichtmappen"},{"@type":"BreadcrumbList","@id":"https:\/\/place-add.nl\/de\/produkt\/kunststoff-huelle\/#breadcrumb","itemListElement":[{"@type":"ListItem","position":1,"name":"Home","item":"https:\/\/place-add.nl\/de\/home\/"},{"@type":"ListItem","position":2,"name":"Shop","item":"https:\/\/place-add.nl\/de\/shop\/"},{"@type":"ListItem","position":3,"name":"Kunststoff-H\u00fclle"}]},{"@type":"WebSite","@id":"https:\/\/place-add.nl\/de\/#website","url":"https:\/\/place-add.nl\/de\/","name":"Place Add","description":"Tafelkleding voor de horeca","publisher":{"@id":"https:\/\/place-add.nl\/de\/#organization"},"potentialAction":[{"@type":"SearchAction","target":{"@type":"EntryPoint","urlTemplate":"https:\/\/place-add.nl\/de\/?s={search_term_string}"},"query-input":{"@type":"PropertyValueSpecification","valueRequired":true,"valueName":"search_term_string"}}],"inLanguage":"de"},{"@type":"Organization","@id":"https:\/\/place-add.nl\/de\/#organization","name":"Place Add","url":"https:\/\/place-add.nl\/de\/","logo":{"@type":"ImageObject","inLanguage":"de","@id":"https:\/\/place-add.nl\/de\/#\/schema\/logo\/image\/","url":"https:\/\/place-add.nl\/wp-content\/uploads\/2023\/11\/logo-img-place-add.png","contentUrl":"https:\/\/place-add.nl\/wp-content\/uploads\/2023\/11\/logo-img-place-add.png","width":404,"height":106,"caption":"Place Add"},"image":{"@id":"https:\/\/place-add.nl\/de\/#\/schema\/logo\/image\/"},"sameAs":["https:\/\/www.facebook.com\/PlaceAdd\/","https:\/\/www.instagram.com\/place_add\/","https:\/\/www.youtube.com\/@placeadd"]}]}},"_links":{"self":[{"href":"https:\/\/place-add.nl\/de\/wp-json\/wp\/v2\/product\/43687","targetHints":{"allow":["GET"]}}],"collection":[{"href":"https:\/\/place-add.nl\/de\/wp-json\/wp\/v2\/product"}],"about":[{"href":"https:\/\/place-add.nl\/de\/wp-json\/wp\/v2\/types\/product"}],"wp:featuredmedia":[{"embeddable":true,"href":"https:\/\/place-add.nl\/de\/wp-json\/wp\/v2\/media\/40934"}],"wp:attachment":[{"href":"https:\/\/place-add.nl\/de\/wp-json\/wp\/v2\/media?parent=43687"}],"wp:term":[{"taxonomy":"product_brand","embeddable":true,"href":"https:\/\/place-add.nl\/de\/wp-json\/wp\/v2\/product_brand?post=43687"},{"taxonomy":"product_cat","embeddable":true,"href":"https:\/\/place-add.nl\/de\/wp-json\/wp\/v2\/product_cat?post=43687"},{"taxonomy":"product_tag","embeddable":true,"href":"https:\/\/place-add.nl\/de\/wp-json\/wp\/v2\/product_tag?post=43687"}],"curies":[{"name":"wp","href":"https:\/\/api.w.org\/{rel}","templated":true}]}}