{"id":43689,"date":"2024-06-17T14:57:45","date_gmt":"2024-06-17T14:57:45","guid":{"rendered":"https:\/\/place-add.nl\/product\/splitpen\/"},"modified":"2025-06-01T11:53:43","modified_gmt":"2025-06-01T11:53:43","slug":"splint","status":"publish","type":"product","link":"https:\/\/place-add.nl\/de\/produkt\/splint\/","title":{"rendered":"Splint"},"content":{"rendered":"<p>Die <strong>Splintbindung<\/strong> bietet eine bequeme und schnelle M\u00f6glichkeit, Ihre Men\u00fcs zu pr\u00e4sentieren und zu verwalten. Dank des einfachen Mechanismus k\u00f6nnen Sie die Men\u00fcs leicht \u00e4ndern, indem Sie die Splinte \u00f6ffnen und den Inhalt nach Bedarf anpassen.<\/p>\n<p>Ideal f\u00fcr das Gastgewerbe, wo Flexibilit\u00e4t und Stil gefragt sind!<\/p>\n<p><strong>Vorteile der Split-Pin-Bindung:<\/strong><\/p>\n<ul>\n<li>Einfache Handhabung: Sie k\u00f6nnen Ihre Speisekarten im Handumdrehen und ohne gro\u00dfen Aufwand anpassen, ideal f\u00fcr t\u00e4gliche oder saisonale \u00c4nderungen.<\/li>\n<li>Elegantes Finish: W\u00e4hlen Sie zwischen Splinten in Nickel oder Kupfer f\u00fcr einen dekorativen Touch, der zum Ambiente Ihres Restaurants oder Caf\u00e9s passt.<\/li>\n<li>Vielseitig einsetzbar: Diese Bindung passt zu einer Vielzahl von Speisekarten und bietet eine praktische L\u00f6sung f\u00fcr jedes Gastgewerbe.<\/li>\n<\/ul>\n<p>Mit der Splintbindung erhalten Sie nicht nur eine bequeme, sondern auch eine stilvolle und funktionelle Erg\u00e4nzung zu Ihrer Speisekartenpr\u00e4sentation.<\/p>\n<p>Sie ben\u00f6tigen kurzfristig Speisekarten? Dann besuchen Sie unsere zweite Website, <strong><a href=\"http:\/\/www.craftontable.com\/\">Craftontable.com<\/a><\/strong>, f\u00fcr Speisekarten mit weniger Personalisierungsm\u00f6glichkeiten, aber schnellerer Lieferzeit.<\/p>\n<p><strong>Ben\u00f6tigen Sie eine pers\u00f6nliche Beratung? Dann nehmen Sie <a href=\"https:\/\/place-add.nl\/de\/kontakt\/\">Kontakt<\/a> mit uns auf. Unser engagiertes Team hilft Ihnen gerne, die perfekte Wahl f\u00fcr Ihre speziellen Bed\u00fcrfnisse zu treffen.<\/strong><\/p>\n<p><button id=\"knop-contact-opnemen-de\">Kontaktieren Sie uns unverbindlich<\/button><\/p>\n","protected":false},"excerpt":{"rendered":"<p>Mit der <strong>Splintbindung<\/strong> erhalten Sie eine einfache und praktische L\u00f6sung f\u00fcr die Pr\u00e4sentation Ihrer Speisekarten. Mit dieser Bindung k\u00f6nnen Sie Ihre Speisekarten schnell und einfach austauschen.<\/p>\n<p>Die Splinte, die in Nickel und Kupfer erh\u00e4ltlich sind, verleihen Ihren Speisekarten ein dekoratives Element. Diese Bindung ist f\u00fcr alle Arten von Speisekarten geeignet und bietet eine benutzerfreundliche Option f\u00fcr Ihr Catering-Unternehmen.<\/p>\n<p><button id=\"knop-contact-opnemen-de\">Kontaktieren Sie uns unverbindlich<\/button><\/p>\n","protected":false},"featured_media":40881,"template":"","meta":[],"product_brand":[],"product_cat":[1451],"product_tag":[1241,1198,1199,1200,1201,1202,1203,1345,1346],"class_list":{"0":"post-43689","1":"product","2":"type-product","3":"status-publish","4":"has-post-thumbnail","6":"product_cat-bindungsformen","7":"product_tag-bindungen-speisekarten","8":"product_tag-maatwerk-menukaarten-de","9":"product_tag-menukaarten-de","10":"product_tag-menukaarten-horeca-de","11":"product_tag-menukaarten-kopen-de","12":"product_tag-menukaarten-op-maat-de","13":"product_tag-restaurant-menukaarten-de","14":"product_tag-splint","15":"product_tag-splintbindungen","17":"first","18":"instock","19":"taxable","20":"shipping-taxable","21":"product-type-simple"},"yoast_head":"<!-- This site is optimized with the Yoast SEO Premium plugin v27.2 (Yoast SEO v27.2) - https:\/\/yoast.com\/product\/yoast-seo-premium-wordpress\/ -->\n<title>Splintbindung | speisekarten| Place Add | F\u00fcr die Gastronomie<\/title>\n<meta name=\"description\" content=\"Entdecken Sie die Splintbindung: einfach und praktisch zum Wechseln Ihrer Men\u00fckarten. Nickel- und Kupfersplinte sorgen f\u00fcr ein dekoratives Element.\" \/>\n<meta name=\"robots\" content=\"index, follow, max-snippet:-1, max-image-preview:large, max-video-preview:-1\" \/>\n<link rel=\"canonical\" href=\"https:\/\/place-add.nl\/de\/produkt\/splint\/\" \/>\n<meta property=\"og:locale\" content=\"de_DE\" \/>\n<meta property=\"og:type\" content=\"article\" \/>\n<meta property=\"og:title\" content=\"Splint\" \/>\n<meta property=\"og:description\" content=\"Entdecken Sie die Splintbindung: einfach und praktisch zum Wechseln Ihrer Men\u00fckarten. Nickel- und Kupfersplinte sorgen f\u00fcr ein dekoratives Element.\" \/>\n<meta property=\"og:url\" content=\"https:\/\/place-add.nl\/de\/produkt\/splint\/\" \/>\n<meta property=\"og:site_name\" content=\"Place Add\" \/>\n<meta property=\"article:publisher\" content=\"https:\/\/www.facebook.com\/PlaceAdd\/\" \/>\n<meta property=\"article:modified_time\" content=\"2025-06-01T11:53:43+00:00\" \/>\n<meta property=\"og:image\" content=\"https:\/\/place-add.nl\/wp-content\/uploads\/2024\/06\/Menukaarten_splitsen_Place-Add_1-scaled.jpg\" \/>\n\t<meta property=\"og:image:width\" content=\"1000\" \/>\n\t<meta property=\"og:image:height\" content=\"1000\" \/>\n\t<meta property=\"og:image:type\" content=\"image\/jpeg\" \/>\n<meta name=\"twitter:card\" content=\"summary_large_image\" \/>\n<meta name=\"twitter:label1\" content=\"Gesch\u00e4tzte Lesezeit\" \/>\n\t<meta name=\"twitter:data1\" content=\"2\u00a0Minuten\" \/>\n<script type=\"application\/ld+json\" class=\"yoast-schema-graph\">{\"@context\":\"https:\/\/schema.org\",\"@graph\":[{\"@type\":\"WebPage\",\"@id\":\"https:\/\/place-add.nl\/de\/produkt\/splint\/\",\"url\":\"https:\/\/place-add.nl\/de\/produkt\/splint\/\",\"name\":\"Splintbindung | speisekarten| Place Add | F\u00fcr die Gastronomie\",\"isPartOf\":{\"@id\":\"https:\/\/place-add.nl\/de\/#website\"},\"primaryImageOfPage\":{\"@id\":\"https:\/\/place-add.nl\/de\/produkt\/splint\/#primaryimage\"},\"image\":{\"@id\":\"https:\/\/place-add.nl\/de\/produkt\/splint\/#primaryimage\"},\"thumbnailUrl\":\"https:\/\/place-add.nl\/wp-content\/uploads\/2024\/06\/Menukaarten_splitsen_Place-Add_1-scaled.jpg\",\"datePublished\":\"2024-06-17T14:57:45+00:00\",\"dateModified\":\"2025-06-01T11:53:43+00:00\",\"description\":\"Entdecken Sie die Splintbindung: einfach und praktisch zum Wechseln Ihrer Men\u00fckarten. Nickel- und Kupfersplinte sorgen f\u00fcr ein dekoratives Element.\",\"breadcrumb\":{\"@id\":\"https:\/\/place-add.nl\/de\/produkt\/splint\/#breadcrumb\"},\"inLanguage\":\"de\",\"potentialAction\":[{\"@type\":\"ReadAction\",\"target\":[\"https:\/\/place-add.nl\/de\/produkt\/splint\/\"]}]},{\"@type\":\"ImageObject\",\"inLanguage\":\"de\",\"@id\":\"https:\/\/place-add.nl\/de\/produkt\/splint\/#primaryimage\",\"url\":\"https:\/\/place-add.nl\/wp-content\/uploads\/2024\/06\/Menukaarten_splitsen_Place-Add_1-scaled.jpg\",\"contentUrl\":\"https:\/\/place-add.nl\/wp-content\/uploads\/2024\/06\/Menukaarten_splitsen_Place-Add_1-scaled.jpg\",\"width\":1000,\"height\":1000,\"caption\":\"Splitpen\"},{\"@type\":\"BreadcrumbList\",\"@id\":\"https:\/\/place-add.nl\/de\/produkt\/splint\/#breadcrumb\",\"itemListElement\":[{\"@type\":\"ListItem\",\"position\":1,\"name\":\"Home\",\"item\":\"https:\/\/place-add.nl\/de\/home\/\"},{\"@type\":\"ListItem\",\"position\":2,\"name\":\"Shop\",\"item\":\"https:\/\/place-add.nl\/de\/shop\/\"},{\"@type\":\"ListItem\",\"position\":3,\"name\":\"Splint\"}]},{\"@type\":\"WebSite\",\"@id\":\"https:\/\/place-add.nl\/de\/#website\",\"url\":\"https:\/\/place-add.nl\/de\/\",\"name\":\"Place Add\",\"description\":\"Tafelkleding voor de horeca\",\"publisher\":{\"@id\":\"https:\/\/place-add.nl\/de\/#organization\"},\"potentialAction\":[{\"@type\":\"SearchAction\",\"target\":{\"@type\":\"EntryPoint\",\"urlTemplate\":\"https:\/\/place-add.nl\/de\/?s={search_term_string}\"},\"query-input\":{\"@type\":\"PropertyValueSpecification\",\"valueRequired\":true,\"valueName\":\"search_term_string\"}}],\"inLanguage\":\"de\"},{\"@type\":\"Organization\",\"@id\":\"https:\/\/place-add.nl\/de\/#organization\",\"name\":\"Place Add\",\"url\":\"https:\/\/place-add.nl\/de\/\",\"logo\":{\"@type\":\"ImageObject\",\"inLanguage\":\"de\",\"@id\":\"https:\/\/place-add.nl\/de\/#\/schema\/logo\/image\/\",\"url\":\"https:\/\/place-add.nl\/wp-content\/uploads\/2023\/11\/logo-img-place-add.png\",\"contentUrl\":\"https:\/\/place-add.nl\/wp-content\/uploads\/2023\/11\/logo-img-place-add.png\",\"width\":404,\"height\":106,\"caption\":\"Place Add\"},\"image\":{\"@id\":\"https:\/\/place-add.nl\/de\/#\/schema\/logo\/image\/\"},\"sameAs\":[\"https:\/\/www.facebook.com\/PlaceAdd\/\",\"https:\/\/www.instagram.com\/place_add\/\",\"https:\/\/www.youtube.com\/@placeadd\"]}]}<\/script>\n<!-- \/ Yoast SEO Premium plugin. -->","yoast_head_json":{"title":"Splintbindung | speisekarten| Place Add | F\u00fcr die Gastronomie","description":"Entdecken Sie die Splintbindung: einfach und praktisch zum Wechseln Ihrer Men\u00fckarten. Nickel- und Kupfersplinte sorgen f\u00fcr ein dekoratives Element.","robots":{"index":"index","follow":"follow","max-snippet":"max-snippet:-1","max-image-preview":"max-image-preview:large","max-video-preview":"max-video-preview:-1"},"canonical":"https:\/\/place-add.nl\/de\/produkt\/splint\/","og_locale":"de_DE","og_type":"article","og_title":"Splint","og_description":"Entdecken Sie die Splintbindung: einfach und praktisch zum Wechseln Ihrer Men\u00fckarten. Nickel- und Kupfersplinte sorgen f\u00fcr ein dekoratives Element.","og_url":"https:\/\/place-add.nl\/de\/produkt\/splint\/","og_site_name":"Place Add","article_publisher":"https:\/\/www.facebook.com\/PlaceAdd\/","article_modified_time":"2025-06-01T11:53:43+00:00","og_image":[{"width":1000,"height":1000,"url":"https:\/\/place-add.nl\/wp-content\/uploads\/2024\/06\/Menukaarten_splitsen_Place-Add_1-scaled.jpg","type":"image\/jpeg"}],"twitter_card":"summary_large_image","twitter_misc":{"Gesch\u00e4tzte Lesezeit":"2\u00a0Minuten"},"schema":{"@context":"https:\/\/schema.org","@graph":[{"@type":"WebPage","@id":"https:\/\/place-add.nl\/de\/produkt\/splint\/","url":"https:\/\/place-add.nl\/de\/produkt\/splint\/","name":"Splintbindung | speisekarten| Place Add | F\u00fcr die Gastronomie","isPartOf":{"@id":"https:\/\/place-add.nl\/de\/#website"},"primaryImageOfPage":{"@id":"https:\/\/place-add.nl\/de\/produkt\/splint\/#primaryimage"},"image":{"@id":"https:\/\/place-add.nl\/de\/produkt\/splint\/#primaryimage"},"thumbnailUrl":"https:\/\/place-add.nl\/wp-content\/uploads\/2024\/06\/Menukaarten_splitsen_Place-Add_1-scaled.jpg","datePublished":"2024-06-17T14:57:45+00:00","dateModified":"2025-06-01T11:53:43+00:00","description":"Entdecken Sie die Splintbindung: einfach und praktisch zum Wechseln Ihrer Men\u00fckarten. Nickel- und Kupfersplinte sorgen f\u00fcr ein dekoratives Element.","breadcrumb":{"@id":"https:\/\/place-add.nl\/de\/produkt\/splint\/#breadcrumb"},"inLanguage":"de","potentialAction":[{"@type":"ReadAction","target":["https:\/\/place-add.nl\/de\/produkt\/splint\/"]}]},{"@type":"ImageObject","inLanguage":"de","@id":"https:\/\/place-add.nl\/de\/produkt\/splint\/#primaryimage","url":"https:\/\/place-add.nl\/wp-content\/uploads\/2024\/06\/Menukaarten_splitsen_Place-Add_1-scaled.jpg","contentUrl":"https:\/\/place-add.nl\/wp-content\/uploads\/2024\/06\/Menukaarten_splitsen_Place-Add_1-scaled.jpg","width":1000,"height":1000,"caption":"Splitpen"},{"@type":"BreadcrumbList","@id":"https:\/\/place-add.nl\/de\/produkt\/splint\/#breadcrumb","itemListElement":[{"@type":"ListItem","position":1,"name":"Home","item":"https:\/\/place-add.nl\/de\/home\/"},{"@type":"ListItem","position":2,"name":"Shop","item":"https:\/\/place-add.nl\/de\/shop\/"},{"@type":"ListItem","position":3,"name":"Splint"}]},{"@type":"WebSite","@id":"https:\/\/place-add.nl\/de\/#website","url":"https:\/\/place-add.nl\/de\/","name":"Place Add","description":"Tafelkleding voor de horeca","publisher":{"@id":"https:\/\/place-add.nl\/de\/#organization"},"potentialAction":[{"@type":"SearchAction","target":{"@type":"EntryPoint","urlTemplate":"https:\/\/place-add.nl\/de\/?s={search_term_string}"},"query-input":{"@type":"PropertyValueSpecification","valueRequired":true,"valueName":"search_term_string"}}],"inLanguage":"de"},{"@type":"Organization","@id":"https:\/\/place-add.nl\/de\/#organization","name":"Place Add","url":"https:\/\/place-add.nl\/de\/","logo":{"@type":"ImageObject","inLanguage":"de","@id":"https:\/\/place-add.nl\/de\/#\/schema\/logo\/image\/","url":"https:\/\/place-add.nl\/wp-content\/uploads\/2023\/11\/logo-img-place-add.png","contentUrl":"https:\/\/place-add.nl\/wp-content\/uploads\/2023\/11\/logo-img-place-add.png","width":404,"height":106,"caption":"Place Add"},"image":{"@id":"https:\/\/place-add.nl\/de\/#\/schema\/logo\/image\/"},"sameAs":["https:\/\/www.facebook.com\/PlaceAdd\/","https:\/\/www.instagram.com\/place_add\/","https:\/\/www.youtube.com\/@placeadd"]}]}},"_links":{"self":[{"href":"https:\/\/place-add.nl\/de\/wp-json\/wp\/v2\/product\/43689","targetHints":{"allow":["GET"]}}],"collection":[{"href":"https:\/\/place-add.nl\/de\/wp-json\/wp\/v2\/product"}],"about":[{"href":"https:\/\/place-add.nl\/de\/wp-json\/wp\/v2\/types\/product"}],"wp:featuredmedia":[{"embeddable":true,"href":"https:\/\/place-add.nl\/de\/wp-json\/wp\/v2\/media\/40881"}],"wp:attachment":[{"href":"https:\/\/place-add.nl\/de\/wp-json\/wp\/v2\/media?parent=43689"}],"wp:term":[{"taxonomy":"product_brand","embeddable":true,"href":"https:\/\/place-add.nl\/de\/wp-json\/wp\/v2\/product_brand?post=43689"},{"taxonomy":"product_cat","embeddable":true,"href":"https:\/\/place-add.nl\/de\/wp-json\/wp\/v2\/product_cat?post=43689"},{"taxonomy":"product_tag","embeddable":true,"href":"https:\/\/place-add.nl\/de\/wp-json\/wp\/v2\/product_tag?post=43689"}],"curies":[{"name":"wp","href":"https:\/\/api.w.org\/{rel}","templated":true}]}}