{"id":43690,"date":"2024-06-17T14:52:12","date_gmt":"2024-06-17T14:52:12","guid":{"rendered":"https:\/\/place-add.nl\/product\/elastieken-binding\/"},"modified":"2025-06-01T11:58:04","modified_gmt":"2025-06-01T11:58:04","slug":"gummiband","status":"publish","type":"product","link":"https:\/\/place-add.nl\/de\/produkt\/gummiband\/","title":{"rendered":"Gummiband"},"content":{"rendered":"<p>Unsere <strong>elastische Bindung<\/strong> bietet eine schnelle und einfache M\u00f6glichkeit, Ihre Speisekarten zu binden und sie leicht zu individualisieren. Egal, ob Sie h\u00e4ufige \u00c4nderungen vornehmen oder saisonale Men\u00fcs pr\u00e4sentieren, die elastische Bindung bietet Ihnen maximale Flexibilit\u00e4t und Stil in einem.<\/p>\n<p><strong>W\u00e4hlen Sie aus drei Arten von elastischen Einb\u00e4nden:<\/strong><\/p>\n<ul>\n<li>mit Ringen: Bietet ein stabiles, stilvolles Finish, das sich perfekt f\u00fcr eine ordentliche Pr\u00e4sentation eignet.<\/li>\n<li>mit L\u00f6chern: Eine klassische, minimalistische Wahl, die Schlichtheit ausstrahlt.<\/li>\n<li>mit Kerbe: Ideal f\u00fcr eine schnelle und praktische L\u00f6sung, ohne Kompromisse beim Aussehen einzugehen.<\/li>\n<\/ul>\n<p>Vorteile:<\/p>\n<ul>\n<li>Einfache Handhabung: Schneller und m\u00fcheloser Wechsel der Speisekarten, ideal f\u00fcr dynamische Gastronomiebetriebe.<\/li>\n<li>Vielseitig: Geeignet f\u00fcr alle Arten von Speisekarten und mit oder ohne Schutzh\u00fcllen verwendbar, so dass Sie Ihre Pr\u00e4sentation v\u00f6llig individuell gestalten k\u00f6nnen.<\/li>\n<li>Effizient und elegant: Kombiniert Schlichtheit mit Stil, damit Ihre Speisekarten immer professionell aussehen.<\/li>\n<\/ul>\n<p>Mit der <strong>elastische Bindung<\/strong> haben Sie eine flexible und effiziente L\u00f6sung, die Ihre Speisekarten stilvoll und ordentlich zusammenh\u00e4lt.<\/p>\n<p>Sie ben\u00f6tigen kurzfristig Speisekarten? Dann besuchen Sie unsere zweite Website, <strong><a href=\"http:\/\/www.craftontable.com\/\">Craftontable.com<\/a><\/strong>, f\u00fcr Speisekarten mit weniger Personalisierungsm\u00f6glichkeiten, aber schnellerer Lieferzeit.<\/p>\n<p><strong>Ben\u00f6tigen Sie eine pers\u00f6nliche Beratung? Dann nehmen Sie <a href=\"https:\/\/place-add.nl\/de\/kontakt\/\">Kontakt<\/a> mit uns auf. Unser engagiertes Team hilft Ihnen gerne, die perfekte Wahl f\u00fcr Ihre speziellen Bed\u00fcrfnisse zu treffen.<\/strong><\/p>\n<p><button id=\"knop-contact-opnemen-de\">Kontaktieren Sie uns unverbindlich<\/button><\/p>\n","protected":false},"excerpt":{"rendered":"<p>Unsere <strong>elastische Bindung<\/strong> sind eine einfache und effiziente M\u00f6glichkeit, Ihre Speisekarten zusammenzubinden. Die einfache Handhabung erm\u00f6glicht es Ihnen, Ihre Speisekarten schnell und m\u00fchelos zu wechseln.<\/p>\n<p>Diese Bindung ist f\u00fcr alle Arten von Speisekarten geeignet und kann mit Papierinhalten gef\u00fcllt werden, sowohl mit als auch ohne Umschlag.<\/p>\n<p><button id=\"knop-contact-opnemen-de\">Kontaktieren Sie uns unverbindlich<\/button><\/p>\n<p><iframe src=\"https:\/\/www.youtube.com\/embed\/lV4CkVYE7hQ?rel=0\" width=\"560\" height=\"315\" frameborder=\"0\" allowfullscreen=\"allowfullscreen\"><\/iframe><\/p>\n","protected":false},"featured_media":39654,"template":"","meta":[],"product_brand":[],"product_cat":[1451],"product_tag":[1140,1242,1241,1152,1198,1199,1200,1201,1202,1203],"class_list":{"0":"post-43690","1":"product","2":"type-product","3":"status-publish","4":"has-post-thumbnail","6":"product_cat-bindungsformen","7":"product_tag-bindung-der-speisekarte","8":"product_tag-bindung-mit-gummiband","9":"product_tag-bindungen-speisekarten","10":"product_tag-elastische-bindung","11":"product_tag-maatwerk-menukaarten-de","12":"product_tag-menukaarten-de","13":"product_tag-menukaarten-horeca-de","14":"product_tag-menukaarten-kopen-de","15":"product_tag-menukaarten-op-maat-de","16":"product_tag-restaurant-menukaarten-de","18":"first","19":"instock","20":"taxable","21":"shipping-taxable","22":"product-type-simple"},"yoast_head":"<!-- This site is optimized with the Yoast SEO Premium plugin v27.2 (Yoast SEO v27.2) - https:\/\/yoast.com\/product\/yoast-seo-premium-wordpress\/ -->\n<title>Gummiband | Speisekarten | Place Add | F\u00fcr die Gastronomie<\/title>\n<meta name=\"description\" content=\"Elastische Bindung f\u00fcr einen schnellen und m\u00fchelosen Wechsel der Speisekarte. Geeignet f\u00fcr alle Arten von Men\u00fcs mit Papierinhalt, auf Craft on Table.\" \/>\n<meta name=\"robots\" content=\"index, follow, max-snippet:-1, max-image-preview:large, max-video-preview:-1\" \/>\n<link rel=\"canonical\" href=\"https:\/\/place-add.nl\/de\/produkt\/gummiband\/\" \/>\n<meta property=\"og:locale\" content=\"de_DE\" \/>\n<meta property=\"og:type\" content=\"article\" \/>\n<meta property=\"og:title\" content=\"Gummiband\" \/>\n<meta property=\"og:description\" content=\"Elastische Bindung f\u00fcr einen schnellen und m\u00fchelosen Wechsel der Speisekarte. Geeignet f\u00fcr alle Arten von Men\u00fcs mit Papierinhalt, auf Craft on Table.\" \/>\n<meta property=\"og:url\" content=\"https:\/\/place-add.nl\/de\/produkt\/gummiband\/\" \/>\n<meta property=\"og:site_name\" content=\"Place Add\" \/>\n<meta property=\"article:publisher\" content=\"https:\/\/www.facebook.com\/PlaceAdd\/\" \/>\n<meta property=\"article:modified_time\" content=\"2025-06-01T11:58:04+00:00\" \/>\n<meta property=\"og:image\" content=\"https:\/\/place-add.nl\/wp-content\/uploads\/2024\/08\/menukaartopties_binding_elastiek_Place_Add_3.jpg\" \/>\n\t<meta property=\"og:image:width\" content=\"800\" \/>\n\t<meta property=\"og:image:height\" content=\"800\" \/>\n\t<meta property=\"og:image:type\" content=\"image\/jpeg\" \/>\n<meta name=\"twitter:card\" content=\"summary_large_image\" \/>\n<meta name=\"twitter:label1\" content=\"Gesch\u00e4tzte Lesezeit\" \/>\n\t<meta name=\"twitter:data1\" content=\"2\u00a0Minuten\" \/>\n<script type=\"application\/ld+json\" class=\"yoast-schema-graph\">{\"@context\":\"https:\/\/schema.org\",\"@graph\":[{\"@type\":\"WebPage\",\"@id\":\"https:\/\/place-add.nl\/de\/produkt\/gummiband\/\",\"url\":\"https:\/\/place-add.nl\/de\/produkt\/gummiband\/\",\"name\":\"Gummiband | Speisekarten | Place Add | F\u00fcr die Gastronomie\",\"isPartOf\":{\"@id\":\"https:\/\/place-add.nl\/de\/#website\"},\"primaryImageOfPage\":{\"@id\":\"https:\/\/place-add.nl\/de\/produkt\/gummiband\/#primaryimage\"},\"image\":{\"@id\":\"https:\/\/place-add.nl\/de\/produkt\/gummiband\/#primaryimage\"},\"thumbnailUrl\":\"https:\/\/place-add.nl\/wp-content\/uploads\/2024\/08\/menukaartopties_binding_elastiek_Place_Add_3.jpg\",\"datePublished\":\"2024-06-17T14:52:12+00:00\",\"dateModified\":\"2025-06-01T11:58:04+00:00\",\"description\":\"Elastische Bindung f\u00fcr einen schnellen und m\u00fchelosen Wechsel der Speisekarte. Geeignet f\u00fcr alle Arten von Men\u00fcs mit Papierinhalt, auf Craft on Table.\",\"breadcrumb\":{\"@id\":\"https:\/\/place-add.nl\/de\/produkt\/gummiband\/#breadcrumb\"},\"inLanguage\":\"de\",\"potentialAction\":[{\"@type\":\"ReadAction\",\"target\":[\"https:\/\/place-add.nl\/de\/produkt\/gummiband\/\"]}]},{\"@type\":\"ImageObject\",\"inLanguage\":\"de\",\"@id\":\"https:\/\/place-add.nl\/de\/produkt\/gummiband\/#primaryimage\",\"url\":\"https:\/\/place-add.nl\/wp-content\/uploads\/2024\/08\/menukaartopties_binding_elastiek_Place_Add_3.jpg\",\"contentUrl\":\"https:\/\/place-add.nl\/wp-content\/uploads\/2024\/08\/menukaartopties_binding_elastiek_Place_Add_3.jpg\",\"width\":800,\"height\":800,\"caption\":\"Elastieken binding\"},{\"@type\":\"BreadcrumbList\",\"@id\":\"https:\/\/place-add.nl\/de\/produkt\/gummiband\/#breadcrumb\",\"itemListElement\":[{\"@type\":\"ListItem\",\"position\":1,\"name\":\"Home\",\"item\":\"https:\/\/place-add.nl\/de\/home\/\"},{\"@type\":\"ListItem\",\"position\":2,\"name\":\"Shop\",\"item\":\"https:\/\/place-add.nl\/de\/shop\/\"},{\"@type\":\"ListItem\",\"position\":3,\"name\":\"Gummiband\"}]},{\"@type\":\"WebSite\",\"@id\":\"https:\/\/place-add.nl\/de\/#website\",\"url\":\"https:\/\/place-add.nl\/de\/\",\"name\":\"Place Add\",\"description\":\"Tafelkleding voor de horeca\",\"publisher\":{\"@id\":\"https:\/\/place-add.nl\/de\/#organization\"},\"potentialAction\":[{\"@type\":\"SearchAction\",\"target\":{\"@type\":\"EntryPoint\",\"urlTemplate\":\"https:\/\/place-add.nl\/de\/?s={search_term_string}\"},\"query-input\":{\"@type\":\"PropertyValueSpecification\",\"valueRequired\":true,\"valueName\":\"search_term_string\"}}],\"inLanguage\":\"de\"},{\"@type\":\"Organization\",\"@id\":\"https:\/\/place-add.nl\/de\/#organization\",\"name\":\"Place Add\",\"url\":\"https:\/\/place-add.nl\/de\/\",\"logo\":{\"@type\":\"ImageObject\",\"inLanguage\":\"de\",\"@id\":\"https:\/\/place-add.nl\/de\/#\/schema\/logo\/image\/\",\"url\":\"https:\/\/place-add.nl\/wp-content\/uploads\/2023\/11\/logo-img-place-add.png\",\"contentUrl\":\"https:\/\/place-add.nl\/wp-content\/uploads\/2023\/11\/logo-img-place-add.png\",\"width\":404,\"height\":106,\"caption\":\"Place Add\"},\"image\":{\"@id\":\"https:\/\/place-add.nl\/de\/#\/schema\/logo\/image\/\"},\"sameAs\":[\"https:\/\/www.facebook.com\/PlaceAdd\/\",\"https:\/\/www.instagram.com\/place_add\/\",\"https:\/\/www.youtube.com\/@placeadd\"]}]}<\/script>\n<!-- \/ Yoast SEO Premium plugin. -->","yoast_head_json":{"title":"Gummiband | Speisekarten | Place Add | F\u00fcr die Gastronomie","description":"Elastische Bindung f\u00fcr einen schnellen und m\u00fchelosen Wechsel der Speisekarte. Geeignet f\u00fcr alle Arten von Men\u00fcs mit Papierinhalt, auf Craft on Table.","robots":{"index":"index","follow":"follow","max-snippet":"max-snippet:-1","max-image-preview":"max-image-preview:large","max-video-preview":"max-video-preview:-1"},"canonical":"https:\/\/place-add.nl\/de\/produkt\/gummiband\/","og_locale":"de_DE","og_type":"article","og_title":"Gummiband","og_description":"Elastische Bindung f\u00fcr einen schnellen und m\u00fchelosen Wechsel der Speisekarte. Geeignet f\u00fcr alle Arten von Men\u00fcs mit Papierinhalt, auf Craft on Table.","og_url":"https:\/\/place-add.nl\/de\/produkt\/gummiband\/","og_site_name":"Place Add","article_publisher":"https:\/\/www.facebook.com\/PlaceAdd\/","article_modified_time":"2025-06-01T11:58:04+00:00","og_image":[{"width":800,"height":800,"url":"https:\/\/place-add.nl\/wp-content\/uploads\/2024\/08\/menukaartopties_binding_elastiek_Place_Add_3.jpg","type":"image\/jpeg"}],"twitter_card":"summary_large_image","twitter_misc":{"Gesch\u00e4tzte Lesezeit":"2\u00a0Minuten"},"schema":{"@context":"https:\/\/schema.org","@graph":[{"@type":"WebPage","@id":"https:\/\/place-add.nl\/de\/produkt\/gummiband\/","url":"https:\/\/place-add.nl\/de\/produkt\/gummiband\/","name":"Gummiband | Speisekarten | Place Add | F\u00fcr die Gastronomie","isPartOf":{"@id":"https:\/\/place-add.nl\/de\/#website"},"primaryImageOfPage":{"@id":"https:\/\/place-add.nl\/de\/produkt\/gummiband\/#primaryimage"},"image":{"@id":"https:\/\/place-add.nl\/de\/produkt\/gummiband\/#primaryimage"},"thumbnailUrl":"https:\/\/place-add.nl\/wp-content\/uploads\/2024\/08\/menukaartopties_binding_elastiek_Place_Add_3.jpg","datePublished":"2024-06-17T14:52:12+00:00","dateModified":"2025-06-01T11:58:04+00:00","description":"Elastische Bindung f\u00fcr einen schnellen und m\u00fchelosen Wechsel der Speisekarte. Geeignet f\u00fcr alle Arten von Men\u00fcs mit Papierinhalt, auf Craft on Table.","breadcrumb":{"@id":"https:\/\/place-add.nl\/de\/produkt\/gummiband\/#breadcrumb"},"inLanguage":"de","potentialAction":[{"@type":"ReadAction","target":["https:\/\/place-add.nl\/de\/produkt\/gummiband\/"]}]},{"@type":"ImageObject","inLanguage":"de","@id":"https:\/\/place-add.nl\/de\/produkt\/gummiband\/#primaryimage","url":"https:\/\/place-add.nl\/wp-content\/uploads\/2024\/08\/menukaartopties_binding_elastiek_Place_Add_3.jpg","contentUrl":"https:\/\/place-add.nl\/wp-content\/uploads\/2024\/08\/menukaartopties_binding_elastiek_Place_Add_3.jpg","width":800,"height":800,"caption":"Elastieken binding"},{"@type":"BreadcrumbList","@id":"https:\/\/place-add.nl\/de\/produkt\/gummiband\/#breadcrumb","itemListElement":[{"@type":"ListItem","position":1,"name":"Home","item":"https:\/\/place-add.nl\/de\/home\/"},{"@type":"ListItem","position":2,"name":"Shop","item":"https:\/\/place-add.nl\/de\/shop\/"},{"@type":"ListItem","position":3,"name":"Gummiband"}]},{"@type":"WebSite","@id":"https:\/\/place-add.nl\/de\/#website","url":"https:\/\/place-add.nl\/de\/","name":"Place Add","description":"Tafelkleding voor de horeca","publisher":{"@id":"https:\/\/place-add.nl\/de\/#organization"},"potentialAction":[{"@type":"SearchAction","target":{"@type":"EntryPoint","urlTemplate":"https:\/\/place-add.nl\/de\/?s={search_term_string}"},"query-input":{"@type":"PropertyValueSpecification","valueRequired":true,"valueName":"search_term_string"}}],"inLanguage":"de"},{"@type":"Organization","@id":"https:\/\/place-add.nl\/de\/#organization","name":"Place Add","url":"https:\/\/place-add.nl\/de\/","logo":{"@type":"ImageObject","inLanguage":"de","@id":"https:\/\/place-add.nl\/de\/#\/schema\/logo\/image\/","url":"https:\/\/place-add.nl\/wp-content\/uploads\/2023\/11\/logo-img-place-add.png","contentUrl":"https:\/\/place-add.nl\/wp-content\/uploads\/2023\/11\/logo-img-place-add.png","width":404,"height":106,"caption":"Place Add"},"image":{"@id":"https:\/\/place-add.nl\/de\/#\/schema\/logo\/image\/"},"sameAs":["https:\/\/www.facebook.com\/PlaceAdd\/","https:\/\/www.instagram.com\/place_add\/","https:\/\/www.youtube.com\/@placeadd"]}]}},"_links":{"self":[{"href":"https:\/\/place-add.nl\/de\/wp-json\/wp\/v2\/product\/43690","targetHints":{"allow":["GET"]}}],"collection":[{"href":"https:\/\/place-add.nl\/de\/wp-json\/wp\/v2\/product"}],"about":[{"href":"https:\/\/place-add.nl\/de\/wp-json\/wp\/v2\/types\/product"}],"wp:featuredmedia":[{"embeddable":true,"href":"https:\/\/place-add.nl\/de\/wp-json\/wp\/v2\/media\/39654"}],"wp:attachment":[{"href":"https:\/\/place-add.nl\/de\/wp-json\/wp\/v2\/media?parent=43690"}],"wp:term":[{"taxonomy":"product_brand","embeddable":true,"href":"https:\/\/place-add.nl\/de\/wp-json\/wp\/v2\/product_brand?post=43690"},{"taxonomy":"product_cat","embeddable":true,"href":"https:\/\/place-add.nl\/de\/wp-json\/wp\/v2\/product_cat?post=43690"},{"taxonomy":"product_tag","embeddable":true,"href":"https:\/\/place-add.nl\/de\/wp-json\/wp\/v2\/product_tag?post=43690"}],"curies":[{"name":"wp","href":"https:\/\/api.w.org\/{rel}","templated":true}]}}