{"id":43692,"date":"2024-06-17T14:56:10","date_gmt":"2024-06-17T14:56:10","guid":{"rendered":"https:\/\/place-add.nl\/product\/klemstrip\/"},"modified":"2025-06-01T12:01:18","modified_gmt":"2025-06-01T12:01:18","slug":"klemmleiste","status":"publish","type":"product","link":"https:\/\/place-add.nl\/de\/produkt\/klemmleiste\/","title":{"rendered":"Klemmleiste"},"content":{"rendered":"<p>Der <strong>Clipstreifen<\/strong> bietet eine praktische und kosteng\u00fcnstige M\u00f6glichkeit, Ihre Speisekarten ohne H\u00fcllen zu pr\u00e4sentieren. Bei diesem System schieben Sie die Papiermen\u00fcs einfach in den Streifen, so wie Sie ein Poster befestigen. Eine zus\u00e4tzliche Falzlinie im Papier erm\u00f6glicht ein einfaches Durchbl\u00e4ttern der Seiten, so dass Ihre Speisekarte \u00fcbersichtlich und schnell zug\u00e4nglich bleibt.<\/p>\n<p>Vorteile des <strong>Clipstreifen<\/strong>:<\/p>\n<ul>\n<li><strong>Einfache Handhabung<\/strong>: Das Papier l\u00e4sst sich leicht in den Streifen einschieben und ist sofort f\u00fcr die Pr\u00e4sentation bereit.<\/li>\n<li><strong>Einfaches Durchbl\u00e4ttern<\/strong>: Eine zus\u00e4tzliche Faltlinie im Papier erm\u00f6glicht Ihren G\u00e4sten ein schnelles Durchbl\u00e4ttern der Speisekarte.<\/li>\n<li><strong>Kosteng\u00fcnstig<\/strong>: Da keine Schutzh\u00fcllen erforderlich sind, bietet diese Bindung eine budgetfreundliche L\u00f6sung, die einen m\u00fchelosen Austausch der Inhalte erm\u00f6glicht.<\/li>\n<li><strong>Schnell austauschbar<\/strong>: Perfekt f\u00fcr h\u00e4ufig wechselnde Speisekarten, so dass Sie mit minimalem Aufwand immer eine aktuelle Speisekarte pr\u00e4sentieren k\u00f6nnen.<\/li>\n<\/ul>\n<p>Mit dem <strong>Clipstreifen<\/strong> haben Sie eine kosteng\u00fcnstige und benutzerfreundliche M\u00f6glichkeit, Ihre Speisekarten professionell zu pr\u00e4sentieren, ohne auf Komfort und Stil verzichten zu m\u00fcssen.<\/p>\n<p>Sie ben\u00f6tigen kurzfristig Speisekarten? Dann besuchen Sie unsere zweite Website, <strong><a href=\"http:\/\/www.craftontable.com\/\">Craftontable.com<\/a><\/strong>, f\u00fcr Speisekarten mit weniger Personalisierungsm\u00f6glichkeiten, aber schnellerer Lieferzeit.<\/p>\n<p><strong>Ben\u00f6tigen Sie eine pers\u00f6nliche Beratung? Dann nehmen Sie <a href=\"https:\/\/place-add.nl\/de\/kontakt\/\">Kontakt<\/a> mit uns auf. Unser engagiertes Team hilft Ihnen gerne, die perfekte Wahl f\u00fcr Ihre speziellen Bed\u00fcrfnisse zu treffen.<\/strong><\/p>\n<p><button id=\"knop-contact-opnemen-de\">Kontaktieren Sie uns unverbindlich<\/button><\/p>\n","protected":false},"excerpt":{"rendered":"<p>Die <strong>Clipstreifen<\/strong> bietet eine einfache und budgetfreundliche L\u00f6sung f\u00fcr die Pr\u00e4sentation Ihrer Speisekarten ohne H\u00fcllen. Mit diesem System k\u00f6nnen Sie Speisekarten aus Papier einfach in den Streifen einschieben, \u00e4hnlich wie beim Anbringen eines Posters. Eine zus\u00e4tzliche Falzlinie im Papier erm\u00f6glicht ein einfaches Durchbl\u00e4ttern der Seiten, so dass Ihre Speisekarten schnell und \u00fcbersichtlich bleiben. Diese Bindung ist sehr erschwinglich und macht das Auswechseln des Inhalts zu einem Kinderspiel.<\/p>\n<p><button id=\"knop-contact-opnemen-de\">Kontaktieren Sie uns unverbindlich<\/button><\/p>\n<p><iframe src=\"https:\/\/www.youtube.com\/embed\/nWOT6_BO3lQ?rel=0\" width=\"560\" height=\"315\" frameborder=\"0\" allowfullscreen=\"allowfullscreen\"><\/iframe><\/p>\n","protected":false},"featured_media":40875,"template":"","meta":[],"product_brand":[],"product_cat":[1451],"product_tag":[1140,1241,1227,1228,1198,1199,1200,1201,1202,1203],"class_list":{"0":"post-43692","1":"product","2":"type-product","3":"status-publish","4":"has-post-thumbnail","6":"product_cat-bindungsformen","7":"product_tag-bindung-der-speisekarte","8":"product_tag-bindungen-speisekarten","9":"product_tag-klemmstreifen","10":"product_tag-klemmstreifen-bindung","11":"product_tag-maatwerk-menukaarten-de","12":"product_tag-menukaarten-de","13":"product_tag-menukaarten-horeca-de","14":"product_tag-menukaarten-kopen-de","15":"product_tag-menukaarten-op-maat-de","16":"product_tag-restaurant-menukaarten-de","18":"first","19":"instock","20":"taxable","21":"shipping-taxable","22":"product-type-simple"},"yoast_head":"<!-- This site is optimized with the Yoast SEO Premium plugin v27.2 (Yoast SEO v27.2) - https:\/\/yoast.com\/product\/yoast-seo-premium-wordpress\/ -->\n<title>Klemmleiste | Speisekarten | Place Add | F\u00fcr die Gastronomie<\/title>\n<meta name=\"description\" content=\"Der Klemmleiste: eine einfache und kosteng\u00fcnstige L\u00f6sung f\u00fcr Speisekarten ohne H\u00fcllen. Das Papier l\u00e4sst sich leicht einschieben, wie ein Plakat!\" \/>\n<meta name=\"robots\" content=\"index, follow, max-snippet:-1, max-image-preview:large, max-video-preview:-1\" \/>\n<link rel=\"canonical\" href=\"https:\/\/place-add.nl\/de\/produkt\/klemmleiste\/\" \/>\n<meta property=\"og:locale\" content=\"de_DE\" \/>\n<meta property=\"og:type\" content=\"article\" \/>\n<meta property=\"og:title\" content=\"Klemmleiste\" \/>\n<meta property=\"og:description\" content=\"Der Klemmleiste: eine einfache und kosteng\u00fcnstige L\u00f6sung f\u00fcr Speisekarten ohne H\u00fcllen. Das Papier l\u00e4sst sich leicht einschieben, wie ein Plakat!\" \/>\n<meta property=\"og:url\" content=\"https:\/\/place-add.nl\/de\/produkt\/klemmleiste\/\" \/>\n<meta property=\"og:site_name\" content=\"Place Add\" \/>\n<meta property=\"article:publisher\" content=\"https:\/\/www.facebook.com\/PlaceAdd\/\" \/>\n<meta property=\"article:modified_time\" content=\"2025-06-01T12:01:18+00:00\" \/>\n<meta property=\"og:image\" content=\"https:\/\/place-add.nl\/wp-content\/uploads\/2024\/06\/Menukaart_klemstrip_Place-add_6-1-scaled.jpg\" \/>\n\t<meta property=\"og:image:width\" content=\"1000\" \/>\n\t<meta property=\"og:image:height\" content=\"1000\" \/>\n\t<meta property=\"og:image:type\" content=\"image\/jpeg\" \/>\n<meta name=\"twitter:card\" content=\"summary_large_image\" \/>\n<meta name=\"twitter:label1\" content=\"Gesch\u00e4tzte Lesezeit\" \/>\n\t<meta name=\"twitter:data1\" content=\"2\u00a0Minuten\" \/>\n<script type=\"application\/ld+json\" class=\"yoast-schema-graph\">{\"@context\":\"https:\/\/schema.org\",\"@graph\":[{\"@type\":\"WebPage\",\"@id\":\"https:\/\/place-add.nl\/de\/produkt\/klemmleiste\/\",\"url\":\"https:\/\/place-add.nl\/de\/produkt\/klemmleiste\/\",\"name\":\"Klemmleiste | Speisekarten | Place Add | F\u00fcr die Gastronomie\",\"isPartOf\":{\"@id\":\"https:\/\/place-add.nl\/de\/#website\"},\"primaryImageOfPage\":{\"@id\":\"https:\/\/place-add.nl\/de\/produkt\/klemmleiste\/#primaryimage\"},\"image\":{\"@id\":\"https:\/\/place-add.nl\/de\/produkt\/klemmleiste\/#primaryimage\"},\"thumbnailUrl\":\"https:\/\/place-add.nl\/wp-content\/uploads\/2024\/06\/Menukaart_klemstrip_Place-add_6-1-scaled.jpg\",\"datePublished\":\"2024-06-17T14:56:10+00:00\",\"dateModified\":\"2025-06-01T12:01:18+00:00\",\"description\":\"Der Klemmleiste: eine einfache und kosteng\u00fcnstige L\u00f6sung f\u00fcr Speisekarten ohne H\u00fcllen. Das Papier l\u00e4sst sich leicht einschieben, wie ein Plakat!\",\"breadcrumb\":{\"@id\":\"https:\/\/place-add.nl\/de\/produkt\/klemmleiste\/#breadcrumb\"},\"inLanguage\":\"de\",\"potentialAction\":[{\"@type\":\"ReadAction\",\"target\":[\"https:\/\/place-add.nl\/de\/produkt\/klemmleiste\/\"]}]},{\"@type\":\"ImageObject\",\"inLanguage\":\"de\",\"@id\":\"https:\/\/place-add.nl\/de\/produkt\/klemmleiste\/#primaryimage\",\"url\":\"https:\/\/place-add.nl\/wp-content\/uploads\/2024\/06\/Menukaart_klemstrip_Place-add_6-1-scaled.jpg\",\"contentUrl\":\"https:\/\/place-add.nl\/wp-content\/uploads\/2024\/06\/Menukaart_klemstrip_Place-add_6-1-scaled.jpg\",\"width\":1000,\"height\":1000,\"caption\":\"Klemstrip\"},{\"@type\":\"BreadcrumbList\",\"@id\":\"https:\/\/place-add.nl\/de\/produkt\/klemmleiste\/#breadcrumb\",\"itemListElement\":[{\"@type\":\"ListItem\",\"position\":1,\"name\":\"Home\",\"item\":\"https:\/\/place-add.nl\/de\/home\/\"},{\"@type\":\"ListItem\",\"position\":2,\"name\":\"Shop\",\"item\":\"https:\/\/place-add.nl\/de\/shop\/\"},{\"@type\":\"ListItem\",\"position\":3,\"name\":\"Klemmleiste\"}]},{\"@type\":\"WebSite\",\"@id\":\"https:\/\/place-add.nl\/de\/#website\",\"url\":\"https:\/\/place-add.nl\/de\/\",\"name\":\"Place Add\",\"description\":\"Tafelkleding voor de horeca\",\"publisher\":{\"@id\":\"https:\/\/place-add.nl\/de\/#organization\"},\"potentialAction\":[{\"@type\":\"SearchAction\",\"target\":{\"@type\":\"EntryPoint\",\"urlTemplate\":\"https:\/\/place-add.nl\/de\/?s={search_term_string}\"},\"query-input\":{\"@type\":\"PropertyValueSpecification\",\"valueRequired\":true,\"valueName\":\"search_term_string\"}}],\"inLanguage\":\"de\"},{\"@type\":\"Organization\",\"@id\":\"https:\/\/place-add.nl\/de\/#organization\",\"name\":\"Place Add\",\"url\":\"https:\/\/place-add.nl\/de\/\",\"logo\":{\"@type\":\"ImageObject\",\"inLanguage\":\"de\",\"@id\":\"https:\/\/place-add.nl\/de\/#\/schema\/logo\/image\/\",\"url\":\"https:\/\/place-add.nl\/wp-content\/uploads\/2023\/11\/logo-img-place-add.png\",\"contentUrl\":\"https:\/\/place-add.nl\/wp-content\/uploads\/2023\/11\/logo-img-place-add.png\",\"width\":404,\"height\":106,\"caption\":\"Place Add\"},\"image\":{\"@id\":\"https:\/\/place-add.nl\/de\/#\/schema\/logo\/image\/\"},\"sameAs\":[\"https:\/\/www.facebook.com\/PlaceAdd\/\",\"https:\/\/www.instagram.com\/place_add\/\",\"https:\/\/www.youtube.com\/@placeadd\"]}]}<\/script>\n<!-- \/ Yoast SEO Premium plugin. -->","yoast_head_json":{"title":"Klemmleiste | Speisekarten | Place Add | F\u00fcr die Gastronomie","description":"Der Klemmleiste: eine einfache und kosteng\u00fcnstige L\u00f6sung f\u00fcr Speisekarten ohne H\u00fcllen. Das Papier l\u00e4sst sich leicht einschieben, wie ein Plakat!","robots":{"index":"index","follow":"follow","max-snippet":"max-snippet:-1","max-image-preview":"max-image-preview:large","max-video-preview":"max-video-preview:-1"},"canonical":"https:\/\/place-add.nl\/de\/produkt\/klemmleiste\/","og_locale":"de_DE","og_type":"article","og_title":"Klemmleiste","og_description":"Der Klemmleiste: eine einfache und kosteng\u00fcnstige L\u00f6sung f\u00fcr Speisekarten ohne H\u00fcllen. Das Papier l\u00e4sst sich leicht einschieben, wie ein Plakat!","og_url":"https:\/\/place-add.nl\/de\/produkt\/klemmleiste\/","og_site_name":"Place Add","article_publisher":"https:\/\/www.facebook.com\/PlaceAdd\/","article_modified_time":"2025-06-01T12:01:18+00:00","og_image":[{"width":1000,"height":1000,"url":"https:\/\/place-add.nl\/wp-content\/uploads\/2024\/06\/Menukaart_klemstrip_Place-add_6-1-scaled.jpg","type":"image\/jpeg"}],"twitter_card":"summary_large_image","twitter_misc":{"Gesch\u00e4tzte Lesezeit":"2\u00a0Minuten"},"schema":{"@context":"https:\/\/schema.org","@graph":[{"@type":"WebPage","@id":"https:\/\/place-add.nl\/de\/produkt\/klemmleiste\/","url":"https:\/\/place-add.nl\/de\/produkt\/klemmleiste\/","name":"Klemmleiste | Speisekarten | Place Add | F\u00fcr die Gastronomie","isPartOf":{"@id":"https:\/\/place-add.nl\/de\/#website"},"primaryImageOfPage":{"@id":"https:\/\/place-add.nl\/de\/produkt\/klemmleiste\/#primaryimage"},"image":{"@id":"https:\/\/place-add.nl\/de\/produkt\/klemmleiste\/#primaryimage"},"thumbnailUrl":"https:\/\/place-add.nl\/wp-content\/uploads\/2024\/06\/Menukaart_klemstrip_Place-add_6-1-scaled.jpg","datePublished":"2024-06-17T14:56:10+00:00","dateModified":"2025-06-01T12:01:18+00:00","description":"Der Klemmleiste: eine einfache und kosteng\u00fcnstige L\u00f6sung f\u00fcr Speisekarten ohne H\u00fcllen. Das Papier l\u00e4sst sich leicht einschieben, wie ein Plakat!","breadcrumb":{"@id":"https:\/\/place-add.nl\/de\/produkt\/klemmleiste\/#breadcrumb"},"inLanguage":"de","potentialAction":[{"@type":"ReadAction","target":["https:\/\/place-add.nl\/de\/produkt\/klemmleiste\/"]}]},{"@type":"ImageObject","inLanguage":"de","@id":"https:\/\/place-add.nl\/de\/produkt\/klemmleiste\/#primaryimage","url":"https:\/\/place-add.nl\/wp-content\/uploads\/2024\/06\/Menukaart_klemstrip_Place-add_6-1-scaled.jpg","contentUrl":"https:\/\/place-add.nl\/wp-content\/uploads\/2024\/06\/Menukaart_klemstrip_Place-add_6-1-scaled.jpg","width":1000,"height":1000,"caption":"Klemstrip"},{"@type":"BreadcrumbList","@id":"https:\/\/place-add.nl\/de\/produkt\/klemmleiste\/#breadcrumb","itemListElement":[{"@type":"ListItem","position":1,"name":"Home","item":"https:\/\/place-add.nl\/de\/home\/"},{"@type":"ListItem","position":2,"name":"Shop","item":"https:\/\/place-add.nl\/de\/shop\/"},{"@type":"ListItem","position":3,"name":"Klemmleiste"}]},{"@type":"WebSite","@id":"https:\/\/place-add.nl\/de\/#website","url":"https:\/\/place-add.nl\/de\/","name":"Place Add","description":"Tafelkleding voor de horeca","publisher":{"@id":"https:\/\/place-add.nl\/de\/#organization"},"potentialAction":[{"@type":"SearchAction","target":{"@type":"EntryPoint","urlTemplate":"https:\/\/place-add.nl\/de\/?s={search_term_string}"},"query-input":{"@type":"PropertyValueSpecification","valueRequired":true,"valueName":"search_term_string"}}],"inLanguage":"de"},{"@type":"Organization","@id":"https:\/\/place-add.nl\/de\/#organization","name":"Place Add","url":"https:\/\/place-add.nl\/de\/","logo":{"@type":"ImageObject","inLanguage":"de","@id":"https:\/\/place-add.nl\/de\/#\/schema\/logo\/image\/","url":"https:\/\/place-add.nl\/wp-content\/uploads\/2023\/11\/logo-img-place-add.png","contentUrl":"https:\/\/place-add.nl\/wp-content\/uploads\/2023\/11\/logo-img-place-add.png","width":404,"height":106,"caption":"Place Add"},"image":{"@id":"https:\/\/place-add.nl\/de\/#\/schema\/logo\/image\/"},"sameAs":["https:\/\/www.facebook.com\/PlaceAdd\/","https:\/\/www.instagram.com\/place_add\/","https:\/\/www.youtube.com\/@placeadd"]}]}},"_links":{"self":[{"href":"https:\/\/place-add.nl\/de\/wp-json\/wp\/v2\/product\/43692","targetHints":{"allow":["GET"]}}],"collection":[{"href":"https:\/\/place-add.nl\/de\/wp-json\/wp\/v2\/product"}],"about":[{"href":"https:\/\/place-add.nl\/de\/wp-json\/wp\/v2\/types\/product"}],"wp:featuredmedia":[{"embeddable":true,"href":"https:\/\/place-add.nl\/de\/wp-json\/wp\/v2\/media\/40875"}],"wp:attachment":[{"href":"https:\/\/place-add.nl\/de\/wp-json\/wp\/v2\/media?parent=43692"}],"wp:term":[{"taxonomy":"product_brand","embeddable":true,"href":"https:\/\/place-add.nl\/de\/wp-json\/wp\/v2\/product_brand?post=43692"},{"taxonomy":"product_cat","embeddable":true,"href":"https:\/\/place-add.nl\/de\/wp-json\/wp\/v2\/product_cat?post=43692"},{"taxonomy":"product_tag","embeddable":true,"href":"https:\/\/place-add.nl\/de\/wp-json\/wp\/v2\/product_tag?post=43692"}],"curies":[{"name":"wp","href":"https:\/\/api.w.org\/{rel}","templated":true}]}}