{"id":43694,"date":"2024-06-17T14:55:50","date_gmt":"2024-06-17T14:55:50","guid":{"rendered":"https:\/\/place-add.nl\/product\/schroef-harmonica\/"},"modified":"2025-06-01T12:04:44","modified_gmt":"2025-06-01T12:04:44","slug":"schraube-akkordeon","status":"publish","type":"product","link":"https:\/\/place-add.nl\/de\/produkt\/schraube-akkordeon\/","title":{"rendered":"Schraube akkordeon"},"content":{"rendered":"<p><strong>Schraubharmonikabindung<\/strong> &#8211; Einzigartige und elegante Pr\u00e4sentation f\u00fcr Ihre Speisekarten<\/p>\n<p>Die Schraubharmonika-Bindung bietet eine originelle und vielseitige M\u00f6glichkeit, Ihre Speisekarten zu pr\u00e4sentieren. Diese Bindung ist von der Mundharmonika-Faltung inspiriert, bei der der Inhalt zwischen den Schlitzen der Mundharmonika mit Schrauben befestigt wird. Das Ergebnis ist eine robuste, spielerische und elegante Pr\u00e4sentation, die Ihre Speisekarten zu einem Blickfang macht.<\/p>\n<p><strong>Vorteile der Schraubharmonikabindung:<\/strong><\/p>\n<ul>\n<li><strong>Einzigartiges Design<\/strong>: Die Harmonika-Faltung sorgt f\u00fcr eine auff\u00e4llige und dynamische Pr\u00e4sentation Ihrer Speisekarten.<\/li>\n<li><strong>Stabile Befestigung<\/strong>: Der Inhalt wird durch Schrauben fest zwischen den Schlitzen der Harmonika fixiert, wodurch eine zuverl\u00e4ssige und sichere Bindung gew\u00e4hrleistet wird.<\/li>\n<li><strong>Anpassbarer Stil:<\/strong> Erh\u00e4ltlich in verschiedenen Schraubenfarben wie Nickel, Messing und Schwarz, so dass Sie die Bindung an das Aussehen Ihres Restaurants, Caf\u00e9s oder Catering-Betriebs anpassen k\u00f6nnen.<\/li>\n<li><strong>Verspielt und elegant<\/strong>: Diese Bindung verleiht Ihrer Speisekartenpr\u00e4sentation ein verspieltes und doch raffiniertes Element und macht Ihre Speisekarten sowohl praktisch als auch optisch ansprechend.<\/li>\n<\/ul>\n<p>Die <strong>Schraubharmonikabindung<\/strong> eignet sich f\u00fcr alle Arten von Speisekarten und bietet eine flexible und auff\u00e4llige L\u00f6sung f\u00fcr die Pr\u00e4sentation Ihrer Angebote.<\/p>\n<p>Sie ben\u00f6tigen kurzfristig Speisekarten? Dann besuchen Sie unsere zweite Website, <strong><a href=\"http:\/\/www.craftontable.com\/\">Craftontable.com<\/a><\/strong>, f\u00fcr Speisekarten mit weniger Personalisierungsm\u00f6glichkeiten, aber schnellerer Lieferzeit.<\/p>\n<p><strong>Ben\u00f6tigen Sie eine pers\u00f6nliche Beratung? Dann nehmen Sie <a href=\"https:\/\/place-add.nl\/de\/kontakt\/\">Kontakt<\/a> mit uns auf. Unser engagiertes Team hilft Ihnen gerne, die perfekte Wahl f\u00fcr Ihre speziellen Bed\u00fcrfnisse zu treffen.<\/strong><\/p>\n<p><button id=\"knop-contact-opnemen-de\">Kontaktieren Sie uns unverbindlich<\/button><\/p>\n","protected":false},"excerpt":{"rendered":"<p>Die <strong>Schraubharmonikabindung<\/strong> bietet eine einzigartige und vielseitige Pr\u00e4sentation f\u00fcr Ihre Speisekarten. Diese Bindung wird wie eine Mundharmonika gefaltet, wobei der Inhalt zwischen den Schlitzen der Mundharmonika durch Schrauben gesichert wird. Erh\u00e4ltlich in verschiedenen Schraubenfarben wie Nickel, Messing und Schwarz, k\u00f6nnen Sie die Bindung individuell an den Stil Ihrer Speisekarten anpassen. Diese Bindung eignet sich f\u00fcr alle Arten von Speisekarten und verleiht Ihrer Pr\u00e4sentation ein spielerisches und elegantes Element.<\/p>\n<p><button id=\"knop-contact-opnemen-de\">Kontaktieren Sie uns unverbindlich<\/button><\/p>\n","protected":false},"featured_media":38651,"template":"","meta":[],"product_brand":[],"product_cat":[1451],"product_tag":[1140,1241,1198,1199,1200,1201,1202,1203,1343],"class_list":{"0":"post-43694","1":"product","2":"type-product","3":"status-publish","4":"has-post-thumbnail","6":"product_cat-bindungsformen","7":"product_tag-bindung-der-speisekarte","8":"product_tag-bindungen-speisekarten","9":"product_tag-maatwerk-menukaarten-de","10":"product_tag-menukaarten-de","11":"product_tag-menukaarten-horeca-de","12":"product_tag-menukaarten-kopen-de","13":"product_tag-menukaarten-op-maat-de","14":"product_tag-restaurant-menukaarten-de","15":"product_tag-schraube-harmonika-bindung","17":"first","18":"instock","19":"taxable","20":"shipping-taxable","21":"product-type-simple"},"yoast_head":"<!-- This site is optimized with the Yoast SEO Premium plugin v27.2 (Yoast SEO v27.2) - https:\/\/yoast.com\/product\/yoast-seo-premium-wordpress\/ -->\n<title>Schraube akkordeon | Speisekarten | Place Add | F\u00fcr die Gastronomie<\/title>\n<meta name=\"description\" content=\"Entdecken Sie die Schraubharmonikabindung: einzigartig und vielseitig f\u00fcr Ihre Men\u00fckarten. Erh\u00e4ltlich in Nickel, Messing und Schwarz.\" \/>\n<meta name=\"robots\" content=\"index, follow, max-snippet:-1, max-image-preview:large, max-video-preview:-1\" \/>\n<link rel=\"canonical\" href=\"https:\/\/place-add.nl\/de\/produkt\/schraube-akkordeon\/\" \/>\n<meta property=\"og:locale\" content=\"de_DE\" \/>\n<meta property=\"og:type\" content=\"article\" \/>\n<meta property=\"og:title\" content=\"Schraube akkordeon\" \/>\n<meta property=\"og:description\" content=\"Entdecken Sie die Schraubharmonikabindung: einzigartig und vielseitig f\u00fcr Ihre Men\u00fckarten. Erh\u00e4ltlich in Nickel, Messing und Schwarz.\" \/>\n<meta property=\"og:url\" content=\"https:\/\/place-add.nl\/de\/produkt\/schraube-akkordeon\/\" \/>\n<meta property=\"og:site_name\" content=\"Place Add\" \/>\n<meta property=\"article:publisher\" content=\"https:\/\/www.facebook.com\/PlaceAdd\/\" \/>\n<meta property=\"article:modified_time\" content=\"2025-06-01T12:04:44+00:00\" \/>\n<meta property=\"og:image\" content=\"https:\/\/place-add.nl\/wp-content\/uploads\/2024\/06\/menukaarten_harmonica_binding_Place_Add_2.jpg\" \/>\n\t<meta property=\"og:image:width\" content=\"800\" \/>\n\t<meta property=\"og:image:height\" content=\"800\" \/>\n\t<meta property=\"og:image:type\" content=\"image\/jpeg\" \/>\n<meta name=\"twitter:card\" content=\"summary_large_image\" \/>\n<meta name=\"twitter:label1\" content=\"Gesch\u00e4tzte Lesezeit\" \/>\n\t<meta name=\"twitter:data1\" content=\"2\u00a0Minuten\" \/>\n<script type=\"application\/ld+json\" class=\"yoast-schema-graph\">{\"@context\":\"https:\/\/schema.org\",\"@graph\":[{\"@type\":\"WebPage\",\"@id\":\"https:\/\/place-add.nl\/de\/produkt\/schraube-akkordeon\/\",\"url\":\"https:\/\/place-add.nl\/de\/produkt\/schraube-akkordeon\/\",\"name\":\"Schraube akkordeon | Speisekarten | Place Add | F\u00fcr die Gastronomie\",\"isPartOf\":{\"@id\":\"https:\/\/place-add.nl\/de\/#website\"},\"primaryImageOfPage\":{\"@id\":\"https:\/\/place-add.nl\/de\/produkt\/schraube-akkordeon\/#primaryimage\"},\"image\":{\"@id\":\"https:\/\/place-add.nl\/de\/produkt\/schraube-akkordeon\/#primaryimage\"},\"thumbnailUrl\":\"https:\/\/place-add.nl\/wp-content\/uploads\/2024\/06\/menukaarten_harmonica_binding_Place_Add_2.jpg\",\"datePublished\":\"2024-06-17T14:55:50+00:00\",\"dateModified\":\"2025-06-01T12:04:44+00:00\",\"description\":\"Entdecken Sie die Schraubharmonikabindung: einzigartig und vielseitig f\u00fcr Ihre Men\u00fckarten. Erh\u00e4ltlich in Nickel, Messing und Schwarz.\",\"breadcrumb\":{\"@id\":\"https:\/\/place-add.nl\/de\/produkt\/schraube-akkordeon\/#breadcrumb\"},\"inLanguage\":\"de\",\"potentialAction\":[{\"@type\":\"ReadAction\",\"target\":[\"https:\/\/place-add.nl\/de\/produkt\/schraube-akkordeon\/\"]}]},{\"@type\":\"ImageObject\",\"inLanguage\":\"de\",\"@id\":\"https:\/\/place-add.nl\/de\/produkt\/schraube-akkordeon\/#primaryimage\",\"url\":\"https:\/\/place-add.nl\/wp-content\/uploads\/2024\/06\/menukaarten_harmonica_binding_Place_Add_2.jpg\",\"contentUrl\":\"https:\/\/place-add.nl\/wp-content\/uploads\/2024\/06\/menukaarten_harmonica_binding_Place_Add_2.jpg\",\"width\":800,\"height\":800,\"caption\":\"Schroef harmonica\"},{\"@type\":\"BreadcrumbList\",\"@id\":\"https:\/\/place-add.nl\/de\/produkt\/schraube-akkordeon\/#breadcrumb\",\"itemListElement\":[{\"@type\":\"ListItem\",\"position\":1,\"name\":\"Home\",\"item\":\"https:\/\/place-add.nl\/de\/home\/\"},{\"@type\":\"ListItem\",\"position\":2,\"name\":\"Shop\",\"item\":\"https:\/\/place-add.nl\/de\/shop\/\"},{\"@type\":\"ListItem\",\"position\":3,\"name\":\"Schraube akkordeon\"}]},{\"@type\":\"WebSite\",\"@id\":\"https:\/\/place-add.nl\/de\/#website\",\"url\":\"https:\/\/place-add.nl\/de\/\",\"name\":\"Place Add\",\"description\":\"Tafelkleding voor de horeca\",\"publisher\":{\"@id\":\"https:\/\/place-add.nl\/de\/#organization\"},\"potentialAction\":[{\"@type\":\"SearchAction\",\"target\":{\"@type\":\"EntryPoint\",\"urlTemplate\":\"https:\/\/place-add.nl\/de\/?s={search_term_string}\"},\"query-input\":{\"@type\":\"PropertyValueSpecification\",\"valueRequired\":true,\"valueName\":\"search_term_string\"}}],\"inLanguage\":\"de\"},{\"@type\":\"Organization\",\"@id\":\"https:\/\/place-add.nl\/de\/#organization\",\"name\":\"Place Add\",\"url\":\"https:\/\/place-add.nl\/de\/\",\"logo\":{\"@type\":\"ImageObject\",\"inLanguage\":\"de\",\"@id\":\"https:\/\/place-add.nl\/de\/#\/schema\/logo\/image\/\",\"url\":\"https:\/\/place-add.nl\/wp-content\/uploads\/2023\/11\/logo-img-place-add.png\",\"contentUrl\":\"https:\/\/place-add.nl\/wp-content\/uploads\/2023\/11\/logo-img-place-add.png\",\"width\":404,\"height\":106,\"caption\":\"Place Add\"},\"image\":{\"@id\":\"https:\/\/place-add.nl\/de\/#\/schema\/logo\/image\/\"},\"sameAs\":[\"https:\/\/www.facebook.com\/PlaceAdd\/\",\"https:\/\/www.instagram.com\/place_add\/\",\"https:\/\/www.youtube.com\/@placeadd\"]}]}<\/script>\n<!-- \/ Yoast SEO Premium plugin. -->","yoast_head_json":{"title":"Schraube akkordeon | Speisekarten | Place Add | F\u00fcr die Gastronomie","description":"Entdecken Sie die Schraubharmonikabindung: einzigartig und vielseitig f\u00fcr Ihre Men\u00fckarten. Erh\u00e4ltlich in Nickel, Messing und Schwarz.","robots":{"index":"index","follow":"follow","max-snippet":"max-snippet:-1","max-image-preview":"max-image-preview:large","max-video-preview":"max-video-preview:-1"},"canonical":"https:\/\/place-add.nl\/de\/produkt\/schraube-akkordeon\/","og_locale":"de_DE","og_type":"article","og_title":"Schraube akkordeon","og_description":"Entdecken Sie die Schraubharmonikabindung: einzigartig und vielseitig f\u00fcr Ihre Men\u00fckarten. Erh\u00e4ltlich in Nickel, Messing und Schwarz.","og_url":"https:\/\/place-add.nl\/de\/produkt\/schraube-akkordeon\/","og_site_name":"Place Add","article_publisher":"https:\/\/www.facebook.com\/PlaceAdd\/","article_modified_time":"2025-06-01T12:04:44+00:00","og_image":[{"width":800,"height":800,"url":"https:\/\/place-add.nl\/wp-content\/uploads\/2024\/06\/menukaarten_harmonica_binding_Place_Add_2.jpg","type":"image\/jpeg"}],"twitter_card":"summary_large_image","twitter_misc":{"Gesch\u00e4tzte Lesezeit":"2\u00a0Minuten"},"schema":{"@context":"https:\/\/schema.org","@graph":[{"@type":"WebPage","@id":"https:\/\/place-add.nl\/de\/produkt\/schraube-akkordeon\/","url":"https:\/\/place-add.nl\/de\/produkt\/schraube-akkordeon\/","name":"Schraube akkordeon | Speisekarten | Place Add | F\u00fcr die Gastronomie","isPartOf":{"@id":"https:\/\/place-add.nl\/de\/#website"},"primaryImageOfPage":{"@id":"https:\/\/place-add.nl\/de\/produkt\/schraube-akkordeon\/#primaryimage"},"image":{"@id":"https:\/\/place-add.nl\/de\/produkt\/schraube-akkordeon\/#primaryimage"},"thumbnailUrl":"https:\/\/place-add.nl\/wp-content\/uploads\/2024\/06\/menukaarten_harmonica_binding_Place_Add_2.jpg","datePublished":"2024-06-17T14:55:50+00:00","dateModified":"2025-06-01T12:04:44+00:00","description":"Entdecken Sie die Schraubharmonikabindung: einzigartig und vielseitig f\u00fcr Ihre Men\u00fckarten. Erh\u00e4ltlich in Nickel, Messing und Schwarz.","breadcrumb":{"@id":"https:\/\/place-add.nl\/de\/produkt\/schraube-akkordeon\/#breadcrumb"},"inLanguage":"de","potentialAction":[{"@type":"ReadAction","target":["https:\/\/place-add.nl\/de\/produkt\/schraube-akkordeon\/"]}]},{"@type":"ImageObject","inLanguage":"de","@id":"https:\/\/place-add.nl\/de\/produkt\/schraube-akkordeon\/#primaryimage","url":"https:\/\/place-add.nl\/wp-content\/uploads\/2024\/06\/menukaarten_harmonica_binding_Place_Add_2.jpg","contentUrl":"https:\/\/place-add.nl\/wp-content\/uploads\/2024\/06\/menukaarten_harmonica_binding_Place_Add_2.jpg","width":800,"height":800,"caption":"Schroef harmonica"},{"@type":"BreadcrumbList","@id":"https:\/\/place-add.nl\/de\/produkt\/schraube-akkordeon\/#breadcrumb","itemListElement":[{"@type":"ListItem","position":1,"name":"Home","item":"https:\/\/place-add.nl\/de\/home\/"},{"@type":"ListItem","position":2,"name":"Shop","item":"https:\/\/place-add.nl\/de\/shop\/"},{"@type":"ListItem","position":3,"name":"Schraube akkordeon"}]},{"@type":"WebSite","@id":"https:\/\/place-add.nl\/de\/#website","url":"https:\/\/place-add.nl\/de\/","name":"Place Add","description":"Tafelkleding voor de horeca","publisher":{"@id":"https:\/\/place-add.nl\/de\/#organization"},"potentialAction":[{"@type":"SearchAction","target":{"@type":"EntryPoint","urlTemplate":"https:\/\/place-add.nl\/de\/?s={search_term_string}"},"query-input":{"@type":"PropertyValueSpecification","valueRequired":true,"valueName":"search_term_string"}}],"inLanguage":"de"},{"@type":"Organization","@id":"https:\/\/place-add.nl\/de\/#organization","name":"Place Add","url":"https:\/\/place-add.nl\/de\/","logo":{"@type":"ImageObject","inLanguage":"de","@id":"https:\/\/place-add.nl\/de\/#\/schema\/logo\/image\/","url":"https:\/\/place-add.nl\/wp-content\/uploads\/2023\/11\/logo-img-place-add.png","contentUrl":"https:\/\/place-add.nl\/wp-content\/uploads\/2023\/11\/logo-img-place-add.png","width":404,"height":106,"caption":"Place Add"},"image":{"@id":"https:\/\/place-add.nl\/de\/#\/schema\/logo\/image\/"},"sameAs":["https:\/\/www.facebook.com\/PlaceAdd\/","https:\/\/www.instagram.com\/place_add\/","https:\/\/www.youtube.com\/@placeadd"]}]}},"_links":{"self":[{"href":"https:\/\/place-add.nl\/de\/wp-json\/wp\/v2\/product\/43694","targetHints":{"allow":["GET"]}}],"collection":[{"href":"https:\/\/place-add.nl\/de\/wp-json\/wp\/v2\/product"}],"about":[{"href":"https:\/\/place-add.nl\/de\/wp-json\/wp\/v2\/types\/product"}],"wp:featuredmedia":[{"embeddable":true,"href":"https:\/\/place-add.nl\/de\/wp-json\/wp\/v2\/media\/38651"}],"wp:attachment":[{"href":"https:\/\/place-add.nl\/de\/wp-json\/wp\/v2\/media?parent=43694"}],"wp:term":[{"taxonomy":"product_brand","embeddable":true,"href":"https:\/\/place-add.nl\/de\/wp-json\/wp\/v2\/product_brand?post=43694"},{"taxonomy":"product_cat","embeddable":true,"href":"https:\/\/place-add.nl\/de\/wp-json\/wp\/v2\/product_cat?post=43694"},{"taxonomy":"product_tag","embeddable":true,"href":"https:\/\/place-add.nl\/de\/wp-json\/wp\/v2\/product_tag?post=43694"}],"curies":[{"name":"wp","href":"https:\/\/api.w.org\/{rel}","templated":true}]}}