{"id":43696,"date":"2024-06-17T14:55:20","date_gmt":"2024-06-17T14:55:20","guid":{"rendered":"https:\/\/place-add.nl\/product\/schroef-buiten-binding\/"},"modified":"2025-06-01T12:07:47","modified_gmt":"2025-06-01T12:07:47","slug":"schraube-aussenseite","status":"publish","type":"product","link":"https:\/\/place-add.nl\/de\/produkt\/schraube-aussenseite\/","title":{"rendered":"Schraube Au\u00dfenseite"},"content":{"rendered":"<p>Die <strong>Schraubbindung an der Au\u00dfenseite<\/strong> verleiht Ihren Speisekarten ein robustes und modernes Aussehen. Die Bindeschrauben sind an der Au\u00dfenseite der Karte angebracht, wodurch sie nicht nur funktionell sind, sondern auch ein auff\u00e4lliges und dekoratives Element f\u00fcr Ihre Speisekarten darstellen. Erh\u00e4ltlich in verschiedenen Farben wie Silber, Gold und Schwarz, k\u00f6nnen Sie die Schrauben perfekt auf den Stil und die Atmosph\u00e4re Ihres Gastronomiebetriebs abstimmen.<\/p>\n<p><strong>Vorteile der Schraubbindung an der Au\u00dfenseite:<\/strong><\/p>\n<ul>\n<li><strong>Stabiles und modernes Aussehen<\/strong>: Die Schrauben an der Au\u00dfenseite sorgen f\u00fcr ein robustes und widerstandsf\u00e4higes Aussehen, das Ihren Speisekarten sofort einen professionellen Look verleiht.<\/li>\n<li><strong>Individuell anpassbare Farben<\/strong>: W\u00e4hlen Sie aus verschiedenen Schraubenfarben wie Silber, Gold oder Schwarz, um die Bindung vollst\u00e4ndig an die \u00c4sthetik Ihres Restaurants, Caf\u00e9s oder anderen Gastronomiebetriebs anzupassen.<\/li>\n<li><strong>Vielseitige Anwendung<\/strong>: Geeignet f\u00fcr verschiedene Gr\u00f6\u00dfen von Speisekarten, von klassisch bis modern, und verleiht Ihrer Pr\u00e4sentation einen Hauch von Eleganz und Vornehmheit.<\/li>\n<li><strong>Dekorativ und funktional<\/strong>: Die Schrauben sind sowohl optisch ansprechend als auch praktisch und bieten eine robuste und langlebige L\u00f6sung f\u00fcr die Pr\u00e4sentation Ihrer Speisekarten.<\/li>\n<\/ul>\n<p>Mit der Schraubbindung an der Au\u00dfenseite erhalten Sie eine einzigartige und auff\u00e4llige Art, Ihre Speisekarten zu pr\u00e4sentieren, die sowohl robust als auch stilvoll ist.<\/p>\n<p>Sie ben\u00f6tigen kurzfristig Speisekarten? Dann besuchen Sie unsere zweite Website, <strong><a href=\"http:\/\/www.craftontable.com\/\">Craftontable.com<\/a><\/strong>, f\u00fcr Speisekarten mit weniger Personalisierungsm\u00f6glichkeiten, aber schnellerer Lieferzeit.<\/p>\n<p><strong>Ben\u00f6tigen Sie eine pers\u00f6nliche Beratung? Dann nehmen Sie <a href=\"https:\/\/place-add.nl\/de\/kontakt\/\">Kontakt<\/a> mit uns auf. Unser engagiertes Team hilft Ihnen gerne, die perfekte Wahl f\u00fcr Ihre speziellen Bed\u00fcrfnisse zu treffen.<\/strong><\/p>\n<p><button id=\"knop-contact-opnemen-de\">Kontaktieren Sie uns unverbindlich<\/button><\/p>\n","protected":false},"excerpt":{"rendered":"<p>Die <strong>Schraubbindung an der Au\u00dfenseite<\/strong> verleiht Ihren Speisekarten ein robustes und modernes Aussehen. Die Bindeschrauben sind an der Au\u00dfenseite der Karte angebracht und bilden ein auff\u00e4lliges und dekoratives Element. Erh\u00e4ltlich in verschiedenen Farben wie Silber, Gold und Schwarz, k\u00f6nnen Sie die Schrauben auf den Stil Ihrer Men\u00fckarte abstimmen. Diese Bindung eignet sich f\u00fcr eine Vielzahl von Speisekarten und verleiht Ihrer Pr\u00e4sentation einen Hauch von Eleganz.<\/p>\n<p><button id=\"knop-contact-opnemen-de\">Kontaktieren Sie uns unverbindlich<\/button><\/p>\n","protected":false},"featured_media":40976,"template":"","meta":[],"product_brand":[],"product_cat":[1451],"product_tag":[1140,1241,1198,1199,1200,1201,1202,1203,1406],"class_list":{"0":"post-43696","1":"product","2":"type-product","3":"status-publish","4":"has-post-thumbnail","6":"product_cat-bindungsformen","7":"product_tag-bindung-der-speisekarte","8":"product_tag-bindungen-speisekarten","9":"product_tag-maatwerk-menukaarten-de","10":"product_tag-menukaarten-de","11":"product_tag-menukaarten-horeca-de","12":"product_tag-menukaarten-kopen-de","13":"product_tag-menukaarten-op-maat-de","14":"product_tag-restaurant-menukaarten-de","15":"product_tag-schraube-ausenbindung","17":"first","18":"instock","19":"taxable","20":"shipping-taxable","21":"product-type-simple"},"yoast_head":"<!-- This site is optimized with the Yoast SEO Premium plugin v27.2 (Yoast SEO v27.2) - https:\/\/yoast.com\/product\/yoast-seo-premium-wordpress\/ -->\n<title>Schraube Au\u00dfenseite | Place Add | F\u00fcr die Gastronomie<\/title>\n<meta name=\"description\" content=\"Entdecken Sie die Schraubbindung an der Au\u00dfenseite f\u00fcr einen robusten Look Ihrer Men\u00fckarten. Erh\u00e4ltlich in Silber, Gold und Schwarz, passend zu Ihrem Stil.\" \/>\n<meta name=\"robots\" content=\"index, follow, max-snippet:-1, max-image-preview:large, max-video-preview:-1\" \/>\n<link rel=\"canonical\" href=\"https:\/\/place-add.nl\/de\/produkt\/schraube-aussenseite\/\" \/>\n<meta property=\"og:locale\" content=\"de_DE\" \/>\n<meta property=\"og:type\" content=\"article\" \/>\n<meta property=\"og:title\" content=\"Schraube Au\u00dfenseite\" \/>\n<meta property=\"og:description\" content=\"Entdecken Sie die Schraubbindung an der Au\u00dfenseite f\u00fcr einen robusten Look Ihrer Men\u00fckarten. Erh\u00e4ltlich in Silber, Gold und Schwarz, passend zu Ihrem Stil.\" \/>\n<meta property=\"og:url\" content=\"https:\/\/place-add.nl\/de\/produkt\/schraube-aussenseite\/\" \/>\n<meta property=\"og:site_name\" content=\"Place Add\" \/>\n<meta property=\"article:publisher\" content=\"https:\/\/www.facebook.com\/PlaceAdd\/\" \/>\n<meta property=\"article:modified_time\" content=\"2025-06-01T12:07:47+00:00\" \/>\n<meta property=\"og:image\" content=\"https:\/\/place-add.nl\/wp-content\/uploads\/2024\/09\/menukaarten_schroef_buiten_Place_Add_4-min.jpg\" \/>\n\t<meta property=\"og:image:width\" content=\"800\" \/>\n\t<meta property=\"og:image:height\" content=\"800\" \/>\n\t<meta property=\"og:image:type\" content=\"image\/jpeg\" \/>\n<meta name=\"twitter:card\" content=\"summary_large_image\" \/>\n<meta name=\"twitter:label1\" content=\"Gesch\u00e4tzte Lesezeit\" \/>\n\t<meta name=\"twitter:data1\" content=\"2\u00a0Minuten\" \/>\n<script type=\"application\/ld+json\" class=\"yoast-schema-graph\">{\"@context\":\"https:\/\/schema.org\",\"@graph\":[{\"@type\":\"WebPage\",\"@id\":\"https:\/\/place-add.nl\/de\/produkt\/schraube-aussenseite\/\",\"url\":\"https:\/\/place-add.nl\/de\/produkt\/schraube-aussenseite\/\",\"name\":\"Schraube Au\u00dfenseite | Place Add | F\u00fcr die Gastronomie\",\"isPartOf\":{\"@id\":\"https:\/\/place-add.nl\/de\/#website\"},\"primaryImageOfPage\":{\"@id\":\"https:\/\/place-add.nl\/de\/produkt\/schraube-aussenseite\/#primaryimage\"},\"image\":{\"@id\":\"https:\/\/place-add.nl\/de\/produkt\/schraube-aussenseite\/#primaryimage\"},\"thumbnailUrl\":\"https:\/\/place-add.nl\/wp-content\/uploads\/2024\/09\/menukaarten_schroef_buiten_Place_Add_4-min.jpg\",\"datePublished\":\"2024-06-17T14:55:20+00:00\",\"dateModified\":\"2025-06-01T12:07:47+00:00\",\"description\":\"Entdecken Sie die Schraubbindung an der Au\u00dfenseite f\u00fcr einen robusten Look Ihrer Men\u00fckarten. Erh\u00e4ltlich in Silber, Gold und Schwarz, passend zu Ihrem Stil.\",\"breadcrumb\":{\"@id\":\"https:\/\/place-add.nl\/de\/produkt\/schraube-aussenseite\/#breadcrumb\"},\"inLanguage\":\"de\",\"potentialAction\":[{\"@type\":\"ReadAction\",\"target\":[\"https:\/\/place-add.nl\/de\/produkt\/schraube-aussenseite\/\"]}]},{\"@type\":\"ImageObject\",\"inLanguage\":\"de\",\"@id\":\"https:\/\/place-add.nl\/de\/produkt\/schraube-aussenseite\/#primaryimage\",\"url\":\"https:\/\/place-add.nl\/wp-content\/uploads\/2024\/09\/menukaarten_schroef_buiten_Place_Add_4-min.jpg\",\"contentUrl\":\"https:\/\/place-add.nl\/wp-content\/uploads\/2024\/09\/menukaarten_schroef_buiten_Place_Add_4-min.jpg\",\"width\":800,\"height\":800,\"caption\":\"Schroef buiten\"},{\"@type\":\"BreadcrumbList\",\"@id\":\"https:\/\/place-add.nl\/de\/produkt\/schraube-aussenseite\/#breadcrumb\",\"itemListElement\":[{\"@type\":\"ListItem\",\"position\":1,\"name\":\"Home\",\"item\":\"https:\/\/place-add.nl\/de\/home\/\"},{\"@type\":\"ListItem\",\"position\":2,\"name\":\"Shop\",\"item\":\"https:\/\/place-add.nl\/de\/shop\/\"},{\"@type\":\"ListItem\",\"position\":3,\"name\":\"Schraube Au\u00dfenseite\"}]},{\"@type\":\"WebSite\",\"@id\":\"https:\/\/place-add.nl\/de\/#website\",\"url\":\"https:\/\/place-add.nl\/de\/\",\"name\":\"Place Add\",\"description\":\"Tafelkleding voor de horeca\",\"publisher\":{\"@id\":\"https:\/\/place-add.nl\/de\/#organization\"},\"potentialAction\":[{\"@type\":\"SearchAction\",\"target\":{\"@type\":\"EntryPoint\",\"urlTemplate\":\"https:\/\/place-add.nl\/de\/?s={search_term_string}\"},\"query-input\":{\"@type\":\"PropertyValueSpecification\",\"valueRequired\":true,\"valueName\":\"search_term_string\"}}],\"inLanguage\":\"de\"},{\"@type\":\"Organization\",\"@id\":\"https:\/\/place-add.nl\/de\/#organization\",\"name\":\"Place Add\",\"url\":\"https:\/\/place-add.nl\/de\/\",\"logo\":{\"@type\":\"ImageObject\",\"inLanguage\":\"de\",\"@id\":\"https:\/\/place-add.nl\/de\/#\/schema\/logo\/image\/\",\"url\":\"https:\/\/place-add.nl\/wp-content\/uploads\/2023\/11\/logo-img-place-add.png\",\"contentUrl\":\"https:\/\/place-add.nl\/wp-content\/uploads\/2023\/11\/logo-img-place-add.png\",\"width\":404,\"height\":106,\"caption\":\"Place Add\"},\"image\":{\"@id\":\"https:\/\/place-add.nl\/de\/#\/schema\/logo\/image\/\"},\"sameAs\":[\"https:\/\/www.facebook.com\/PlaceAdd\/\",\"https:\/\/www.instagram.com\/place_add\/\",\"https:\/\/www.youtube.com\/@placeadd\"]}]}<\/script>\n<!-- \/ Yoast SEO Premium plugin. -->","yoast_head_json":{"title":"Schraube Au\u00dfenseite | Place Add | F\u00fcr die Gastronomie","description":"Entdecken Sie die Schraubbindung an der Au\u00dfenseite f\u00fcr einen robusten Look Ihrer Men\u00fckarten. Erh\u00e4ltlich in Silber, Gold und Schwarz, passend zu Ihrem Stil.","robots":{"index":"index","follow":"follow","max-snippet":"max-snippet:-1","max-image-preview":"max-image-preview:large","max-video-preview":"max-video-preview:-1"},"canonical":"https:\/\/place-add.nl\/de\/produkt\/schraube-aussenseite\/","og_locale":"de_DE","og_type":"article","og_title":"Schraube Au\u00dfenseite","og_description":"Entdecken Sie die Schraubbindung an der Au\u00dfenseite f\u00fcr einen robusten Look Ihrer Men\u00fckarten. Erh\u00e4ltlich in Silber, Gold und Schwarz, passend zu Ihrem Stil.","og_url":"https:\/\/place-add.nl\/de\/produkt\/schraube-aussenseite\/","og_site_name":"Place Add","article_publisher":"https:\/\/www.facebook.com\/PlaceAdd\/","article_modified_time":"2025-06-01T12:07:47+00:00","og_image":[{"width":800,"height":800,"url":"https:\/\/place-add.nl\/wp-content\/uploads\/2024\/09\/menukaarten_schroef_buiten_Place_Add_4-min.jpg","type":"image\/jpeg"}],"twitter_card":"summary_large_image","twitter_misc":{"Gesch\u00e4tzte Lesezeit":"2\u00a0Minuten"},"schema":{"@context":"https:\/\/schema.org","@graph":[{"@type":"WebPage","@id":"https:\/\/place-add.nl\/de\/produkt\/schraube-aussenseite\/","url":"https:\/\/place-add.nl\/de\/produkt\/schraube-aussenseite\/","name":"Schraube Au\u00dfenseite | Place Add | F\u00fcr die Gastronomie","isPartOf":{"@id":"https:\/\/place-add.nl\/de\/#website"},"primaryImageOfPage":{"@id":"https:\/\/place-add.nl\/de\/produkt\/schraube-aussenseite\/#primaryimage"},"image":{"@id":"https:\/\/place-add.nl\/de\/produkt\/schraube-aussenseite\/#primaryimage"},"thumbnailUrl":"https:\/\/place-add.nl\/wp-content\/uploads\/2024\/09\/menukaarten_schroef_buiten_Place_Add_4-min.jpg","datePublished":"2024-06-17T14:55:20+00:00","dateModified":"2025-06-01T12:07:47+00:00","description":"Entdecken Sie die Schraubbindung an der Au\u00dfenseite f\u00fcr einen robusten Look Ihrer Men\u00fckarten. Erh\u00e4ltlich in Silber, Gold und Schwarz, passend zu Ihrem Stil.","breadcrumb":{"@id":"https:\/\/place-add.nl\/de\/produkt\/schraube-aussenseite\/#breadcrumb"},"inLanguage":"de","potentialAction":[{"@type":"ReadAction","target":["https:\/\/place-add.nl\/de\/produkt\/schraube-aussenseite\/"]}]},{"@type":"ImageObject","inLanguage":"de","@id":"https:\/\/place-add.nl\/de\/produkt\/schraube-aussenseite\/#primaryimage","url":"https:\/\/place-add.nl\/wp-content\/uploads\/2024\/09\/menukaarten_schroef_buiten_Place_Add_4-min.jpg","contentUrl":"https:\/\/place-add.nl\/wp-content\/uploads\/2024\/09\/menukaarten_schroef_buiten_Place_Add_4-min.jpg","width":800,"height":800,"caption":"Schroef buiten"},{"@type":"BreadcrumbList","@id":"https:\/\/place-add.nl\/de\/produkt\/schraube-aussenseite\/#breadcrumb","itemListElement":[{"@type":"ListItem","position":1,"name":"Home","item":"https:\/\/place-add.nl\/de\/home\/"},{"@type":"ListItem","position":2,"name":"Shop","item":"https:\/\/place-add.nl\/de\/shop\/"},{"@type":"ListItem","position":3,"name":"Schraube Au\u00dfenseite"}]},{"@type":"WebSite","@id":"https:\/\/place-add.nl\/de\/#website","url":"https:\/\/place-add.nl\/de\/","name":"Place Add","description":"Tafelkleding voor de horeca","publisher":{"@id":"https:\/\/place-add.nl\/de\/#organization"},"potentialAction":[{"@type":"SearchAction","target":{"@type":"EntryPoint","urlTemplate":"https:\/\/place-add.nl\/de\/?s={search_term_string}"},"query-input":{"@type":"PropertyValueSpecification","valueRequired":true,"valueName":"search_term_string"}}],"inLanguage":"de"},{"@type":"Organization","@id":"https:\/\/place-add.nl\/de\/#organization","name":"Place Add","url":"https:\/\/place-add.nl\/de\/","logo":{"@type":"ImageObject","inLanguage":"de","@id":"https:\/\/place-add.nl\/de\/#\/schema\/logo\/image\/","url":"https:\/\/place-add.nl\/wp-content\/uploads\/2023\/11\/logo-img-place-add.png","contentUrl":"https:\/\/place-add.nl\/wp-content\/uploads\/2023\/11\/logo-img-place-add.png","width":404,"height":106,"caption":"Place Add"},"image":{"@id":"https:\/\/place-add.nl\/de\/#\/schema\/logo\/image\/"},"sameAs":["https:\/\/www.facebook.com\/PlaceAdd\/","https:\/\/www.instagram.com\/place_add\/","https:\/\/www.youtube.com\/@placeadd"]}]}},"_links":{"self":[{"href":"https:\/\/place-add.nl\/de\/wp-json\/wp\/v2\/product\/43696","targetHints":{"allow":["GET"]}}],"collection":[{"href":"https:\/\/place-add.nl\/de\/wp-json\/wp\/v2\/product"}],"about":[{"href":"https:\/\/place-add.nl\/de\/wp-json\/wp\/v2\/types\/product"}],"wp:featuredmedia":[{"embeddable":true,"href":"https:\/\/place-add.nl\/de\/wp-json\/wp\/v2\/media\/40976"}],"wp:attachment":[{"href":"https:\/\/place-add.nl\/de\/wp-json\/wp\/v2\/media?parent=43696"}],"wp:term":[{"taxonomy":"product_brand","embeddable":true,"href":"https:\/\/place-add.nl\/de\/wp-json\/wp\/v2\/product_brand?post=43696"},{"taxonomy":"product_cat","embeddable":true,"href":"https:\/\/place-add.nl\/de\/wp-json\/wp\/v2\/product_cat?post=43696"},{"taxonomy":"product_tag","embeddable":true,"href":"https:\/\/place-add.nl\/de\/wp-json\/wp\/v2\/product_tag?post=43696"}],"curies":[{"name":"wp","href":"https:\/\/api.w.org\/{rel}","templated":true}]}}