{"id":43697,"date":"2024-06-17T14:54:56","date_gmt":"2024-06-17T14:54:56","guid":{"rendered":"https:\/\/place-add.nl\/product\/verborgen-schroef-binding\/"},"modified":"2025-06-01T12:10:58","modified_gmt":"2025-06-01T12:10:58","slug":"verdeckte-schraube","status":"publish","type":"product","link":"https:\/\/place-add.nl\/de\/produkt\/verdeckte-schraube\/","title":{"rendered":"verdeckte Schraube"},"content":{"rendered":"<p>Die <strong>Verdeckte Schraubbindung <\/strong>bietet eine raffinierte und professionelle Optik f\u00fcr Ihre Men\u00fckarten. Dank der unsichtbaren Schrauben auf der Innenseite und der zus\u00e4tzlichen Abdecklasche, die diese ordentlich verbirgt, erh\u00e4lt Ihre Men\u00fckarten eine elegante und saubere Verarbeitung. Diese Bindungsart sorgt f\u00fcr eine stilvolle Pr\u00e4sentation, die perfekt zu einem eleganten Gastronomiebetrieb passt.<\/p>\n<p><strong>Vorteile der Versteckten Schraubbinder:<\/strong><\/p>\n<ul>\n<li><strong>Raffinierte Verarbeitung:<\/strong> Die Schrauben sind unsichtbar, unter einer Abdecklasche verborgen, wodurch Ihre Men\u00fckarten eine elegante und gepflegte Ausstrahlung erhalten.<\/li>\n<li><strong>Professionelle Pr\u00e4sentation:<\/strong> Die schlanke und saubere Verarbeitung sorgt f\u00fcr eine luxuri\u00f6se Ausstrahlung, ideal f\u00fcr Restaurants, Hotels und andere Gastronomiebetriebe, die ihren Men\u00fckarten ein hochwertiges Erscheinungsbild verleihen m\u00f6chten.<\/li>\n<li><strong>F\u00fcr verschiedene Men\u00fckarten geeignet:<\/strong> Diese Bindung ist vielseitig und eignet sich f\u00fcr alle Arten von Men\u00fckarten, von klassisch bis modern, und bietet eine professionelle Pr\u00e4sentation, die perfekt in jedes Interieur passt.<\/li>\n<li><strong>Langlebig und stilvoll:<\/strong> Die versteckte Schraubbinder bietet nicht nur eine ordentliche Verarbeitung, sondern sorgt auch f\u00fcr eine stabile und zuverl\u00e4ssige M\u00f6glichkeit, Ihre Men\u00fckarten zu pr\u00e4sentieren.<\/li>\n<\/ul>\n<p>Mit der <strong>Verdeckte Schraubbindung<\/strong> entscheiden Sie sich f\u00fcr eine professionelle, elegante und raffinierte Pr\u00e4sentation, die Ihren Men\u00fckarten die Aufmerksamkeit verleiht, die sie verdienen.<\/p>\n<p>Sie ben\u00f6tigen kurzfristig Speisekarten? Dann besuchen Sie unsere zweite Website, <strong><a href=\"http:\/\/www.craftontable.com\/\">Craftontable.com<\/a><\/strong>, f\u00fcr Speisekarten mit weniger Personalisierungsm\u00f6glichkeiten, aber schnellerer Lieferzeit.<\/p>\n<p><strong>Ben\u00f6tigen Sie eine pers\u00f6nliche Beratung? Dann nehmen Sie <a href=\"https:\/\/place-add.nl\/de\/kontakt\/\">Kontakt<\/a> mit uns auf. Unser engagiertes Team hilft Ihnen gerne, die perfekte Wahl f\u00fcr Ihre speziellen Bed\u00fcrfnisse zu treffen.<\/strong><\/p>\n<p><button id=\"knop-contact-opnemen-de\">Kontaktieren Sie uns unverbindlich<\/button><\/p>\n","protected":false},"excerpt":{"rendered":"<p>Die <strong>Verdeckte Schraubbindung <\/strong>bietet einen professionellen und eleganten Look f\u00fcr Ihre Men\u00fckarten. Da die Schrauben auf der Innenseite verborgen sind und eine zus\u00e4tzliche Verschlusslasche dar\u00fcber liegt, erh\u00e4lt Ihre Speisekarte ein elegantes und sauberes Finish. Diese Bindung ist f\u00fcr alle Arten von Men\u00fckarten geeignet und tr\u00e4gt zu einer professionellen Pr\u00e4sentation Ihrer Speisekarte bei.<\/p>\n<p><button id=\"knop-contact-opnemen-de\">Kontaktieren Sie uns unverbindlich<\/button><\/p>\n","protected":false},"featured_media":38663,"template":"","meta":[],"product_brand":[],"product_cat":[1451],"product_tag":[1140,1241,1198,1199,1200,1201,1202,1203,1170],"class_list":{"0":"post-43697","1":"product","2":"type-product","3":"status-publish","4":"has-post-thumbnail","6":"product_cat-bindungsformen","7":"product_tag-bindung-der-speisekarte","8":"product_tag-bindungen-speisekarten","9":"product_tag-maatwerk-menukaarten-de","10":"product_tag-menukaarten-de","11":"product_tag-menukaarten-horeca-de","12":"product_tag-menukaarten-kopen-de","13":"product_tag-menukaarten-op-maat-de","14":"product_tag-restaurant-menukaarten-de","15":"product_tag-verdeckte-schraubbindung","17":"first","18":"instock","19":"taxable","20":"shipping-taxable","21":"product-type-simple"},"yoast_head":"<!-- This site is optimized with the Yoast SEO Premium plugin v27.2 (Yoast SEO v27.2) - https:\/\/yoast.com\/product\/yoast-seo-premium-wordpress\/ -->\n<title>verdeckte Schraube | Speisekarten | Place Add | F\u00fcr die Gastronomie<\/title>\n<meta name=\"description\" content=\"Entdecken Sie die versteckte Schraubbindung f\u00fcr ein professionelles Aussehen und ein elegantes Finish Ihrer personalisierten Men\u00fckarten.\" \/>\n<meta name=\"robots\" content=\"index, follow, max-snippet:-1, max-image-preview:large, max-video-preview:-1\" \/>\n<link rel=\"canonical\" href=\"https:\/\/place-add.nl\/de\/produkt\/verdeckte-schraube\/\" \/>\n<meta property=\"og:locale\" content=\"de_DE\" \/>\n<meta property=\"og:type\" content=\"article\" \/>\n<meta property=\"og:title\" content=\"verdeckte Schraube\" \/>\n<meta property=\"og:description\" content=\"Entdecken Sie die versteckte Schraubbindung f\u00fcr ein professionelles Aussehen und ein elegantes Finish Ihrer personalisierten Men\u00fckarten.\" \/>\n<meta property=\"og:url\" content=\"https:\/\/place-add.nl\/de\/produkt\/verdeckte-schraube\/\" \/>\n<meta property=\"og:site_name\" content=\"Place Add\" \/>\n<meta property=\"article:publisher\" content=\"https:\/\/www.facebook.com\/PlaceAdd\/\" \/>\n<meta property=\"article:modified_time\" content=\"2025-06-01T12:10:58+00:00\" \/>\n<meta property=\"og:image\" content=\"https:\/\/place-add.nl\/wp-content\/uploads\/2024\/06\/menukaarten_verborgen_schroef_Place_Add_5.jpg\" \/>\n\t<meta property=\"og:image:width\" content=\"800\" \/>\n\t<meta property=\"og:image:height\" content=\"800\" \/>\n\t<meta property=\"og:image:type\" content=\"image\/jpeg\" \/>\n<meta name=\"twitter:card\" content=\"summary_large_image\" \/>\n<meta name=\"twitter:label1\" content=\"Gesch\u00e4tzte Lesezeit\" \/>\n\t<meta name=\"twitter:data1\" content=\"2\u00a0Minuten\" \/>\n<script type=\"application\/ld+json\" class=\"yoast-schema-graph\">{\"@context\":\"https:\/\/schema.org\",\"@graph\":[{\"@type\":\"WebPage\",\"@id\":\"https:\/\/place-add.nl\/de\/produkt\/verdeckte-schraube\/\",\"url\":\"https:\/\/place-add.nl\/de\/produkt\/verdeckte-schraube\/\",\"name\":\"verdeckte Schraube | Speisekarten | Place Add | F\u00fcr die Gastronomie\",\"isPartOf\":{\"@id\":\"https:\/\/place-add.nl\/de\/#website\"},\"primaryImageOfPage\":{\"@id\":\"https:\/\/place-add.nl\/de\/produkt\/verdeckte-schraube\/#primaryimage\"},\"image\":{\"@id\":\"https:\/\/place-add.nl\/de\/produkt\/verdeckte-schraube\/#primaryimage\"},\"thumbnailUrl\":\"https:\/\/place-add.nl\/wp-content\/uploads\/2024\/06\/menukaarten_verborgen_schroef_Place_Add_5.jpg\",\"datePublished\":\"2024-06-17T14:54:56+00:00\",\"dateModified\":\"2025-06-01T12:10:58+00:00\",\"description\":\"Entdecken Sie die versteckte Schraubbindung f\u00fcr ein professionelles Aussehen und ein elegantes Finish Ihrer personalisierten Men\u00fckarten.\",\"breadcrumb\":{\"@id\":\"https:\/\/place-add.nl\/de\/produkt\/verdeckte-schraube\/#breadcrumb\"},\"inLanguage\":\"de\",\"potentialAction\":[{\"@type\":\"ReadAction\",\"target\":[\"https:\/\/place-add.nl\/de\/produkt\/verdeckte-schraube\/\"]}]},{\"@type\":\"ImageObject\",\"inLanguage\":\"de\",\"@id\":\"https:\/\/place-add.nl\/de\/produkt\/verdeckte-schraube\/#primaryimage\",\"url\":\"https:\/\/place-add.nl\/wp-content\/uploads\/2024\/06\/menukaarten_verborgen_schroef_Place_Add_5.jpg\",\"contentUrl\":\"https:\/\/place-add.nl\/wp-content\/uploads\/2024\/06\/menukaarten_verborgen_schroef_Place_Add_5.jpg\",\"width\":800,\"height\":800,\"caption\":\"Verborgen Schroef binding\"},{\"@type\":\"BreadcrumbList\",\"@id\":\"https:\/\/place-add.nl\/de\/produkt\/verdeckte-schraube\/#breadcrumb\",\"itemListElement\":[{\"@type\":\"ListItem\",\"position\":1,\"name\":\"Home\",\"item\":\"https:\/\/place-add.nl\/de\/home\/\"},{\"@type\":\"ListItem\",\"position\":2,\"name\":\"Shop\",\"item\":\"https:\/\/place-add.nl\/de\/shop\/\"},{\"@type\":\"ListItem\",\"position\":3,\"name\":\"verdeckte Schraube\"}]},{\"@type\":\"WebSite\",\"@id\":\"https:\/\/place-add.nl\/de\/#website\",\"url\":\"https:\/\/place-add.nl\/de\/\",\"name\":\"Place Add\",\"description\":\"Tafelkleding voor de horeca\",\"publisher\":{\"@id\":\"https:\/\/place-add.nl\/de\/#organization\"},\"potentialAction\":[{\"@type\":\"SearchAction\",\"target\":{\"@type\":\"EntryPoint\",\"urlTemplate\":\"https:\/\/place-add.nl\/de\/?s={search_term_string}\"},\"query-input\":{\"@type\":\"PropertyValueSpecification\",\"valueRequired\":true,\"valueName\":\"search_term_string\"}}],\"inLanguage\":\"de\"},{\"@type\":\"Organization\",\"@id\":\"https:\/\/place-add.nl\/de\/#organization\",\"name\":\"Place Add\",\"url\":\"https:\/\/place-add.nl\/de\/\",\"logo\":{\"@type\":\"ImageObject\",\"inLanguage\":\"de\",\"@id\":\"https:\/\/place-add.nl\/de\/#\/schema\/logo\/image\/\",\"url\":\"https:\/\/place-add.nl\/wp-content\/uploads\/2023\/11\/logo-img-place-add.png\",\"contentUrl\":\"https:\/\/place-add.nl\/wp-content\/uploads\/2023\/11\/logo-img-place-add.png\",\"width\":404,\"height\":106,\"caption\":\"Place Add\"},\"image\":{\"@id\":\"https:\/\/place-add.nl\/de\/#\/schema\/logo\/image\/\"},\"sameAs\":[\"https:\/\/www.facebook.com\/PlaceAdd\/\",\"https:\/\/www.instagram.com\/place_add\/\",\"https:\/\/www.youtube.com\/@placeadd\"]}]}<\/script>\n<!-- \/ Yoast SEO Premium plugin. -->","yoast_head_json":{"title":"verdeckte Schraube | Speisekarten | Place Add | F\u00fcr die Gastronomie","description":"Entdecken Sie die versteckte Schraubbindung f\u00fcr ein professionelles Aussehen und ein elegantes Finish Ihrer personalisierten Men\u00fckarten.","robots":{"index":"index","follow":"follow","max-snippet":"max-snippet:-1","max-image-preview":"max-image-preview:large","max-video-preview":"max-video-preview:-1"},"canonical":"https:\/\/place-add.nl\/de\/produkt\/verdeckte-schraube\/","og_locale":"de_DE","og_type":"article","og_title":"verdeckte Schraube","og_description":"Entdecken Sie die versteckte Schraubbindung f\u00fcr ein professionelles Aussehen und ein elegantes Finish Ihrer personalisierten Men\u00fckarten.","og_url":"https:\/\/place-add.nl\/de\/produkt\/verdeckte-schraube\/","og_site_name":"Place Add","article_publisher":"https:\/\/www.facebook.com\/PlaceAdd\/","article_modified_time":"2025-06-01T12:10:58+00:00","og_image":[{"width":800,"height":800,"url":"https:\/\/place-add.nl\/wp-content\/uploads\/2024\/06\/menukaarten_verborgen_schroef_Place_Add_5.jpg","type":"image\/jpeg"}],"twitter_card":"summary_large_image","twitter_misc":{"Gesch\u00e4tzte Lesezeit":"2\u00a0Minuten"},"schema":{"@context":"https:\/\/schema.org","@graph":[{"@type":"WebPage","@id":"https:\/\/place-add.nl\/de\/produkt\/verdeckte-schraube\/","url":"https:\/\/place-add.nl\/de\/produkt\/verdeckte-schraube\/","name":"verdeckte Schraube | Speisekarten | Place Add | F\u00fcr die Gastronomie","isPartOf":{"@id":"https:\/\/place-add.nl\/de\/#website"},"primaryImageOfPage":{"@id":"https:\/\/place-add.nl\/de\/produkt\/verdeckte-schraube\/#primaryimage"},"image":{"@id":"https:\/\/place-add.nl\/de\/produkt\/verdeckte-schraube\/#primaryimage"},"thumbnailUrl":"https:\/\/place-add.nl\/wp-content\/uploads\/2024\/06\/menukaarten_verborgen_schroef_Place_Add_5.jpg","datePublished":"2024-06-17T14:54:56+00:00","dateModified":"2025-06-01T12:10:58+00:00","description":"Entdecken Sie die versteckte Schraubbindung f\u00fcr ein professionelles Aussehen und ein elegantes Finish Ihrer personalisierten Men\u00fckarten.","breadcrumb":{"@id":"https:\/\/place-add.nl\/de\/produkt\/verdeckte-schraube\/#breadcrumb"},"inLanguage":"de","potentialAction":[{"@type":"ReadAction","target":["https:\/\/place-add.nl\/de\/produkt\/verdeckte-schraube\/"]}]},{"@type":"ImageObject","inLanguage":"de","@id":"https:\/\/place-add.nl\/de\/produkt\/verdeckte-schraube\/#primaryimage","url":"https:\/\/place-add.nl\/wp-content\/uploads\/2024\/06\/menukaarten_verborgen_schroef_Place_Add_5.jpg","contentUrl":"https:\/\/place-add.nl\/wp-content\/uploads\/2024\/06\/menukaarten_verborgen_schroef_Place_Add_5.jpg","width":800,"height":800,"caption":"Verborgen Schroef binding"},{"@type":"BreadcrumbList","@id":"https:\/\/place-add.nl\/de\/produkt\/verdeckte-schraube\/#breadcrumb","itemListElement":[{"@type":"ListItem","position":1,"name":"Home","item":"https:\/\/place-add.nl\/de\/home\/"},{"@type":"ListItem","position":2,"name":"Shop","item":"https:\/\/place-add.nl\/de\/shop\/"},{"@type":"ListItem","position":3,"name":"verdeckte Schraube"}]},{"@type":"WebSite","@id":"https:\/\/place-add.nl\/de\/#website","url":"https:\/\/place-add.nl\/de\/","name":"Place Add","description":"Tafelkleding voor de horeca","publisher":{"@id":"https:\/\/place-add.nl\/de\/#organization"},"potentialAction":[{"@type":"SearchAction","target":{"@type":"EntryPoint","urlTemplate":"https:\/\/place-add.nl\/de\/?s={search_term_string}"},"query-input":{"@type":"PropertyValueSpecification","valueRequired":true,"valueName":"search_term_string"}}],"inLanguage":"de"},{"@type":"Organization","@id":"https:\/\/place-add.nl\/de\/#organization","name":"Place Add","url":"https:\/\/place-add.nl\/de\/","logo":{"@type":"ImageObject","inLanguage":"de","@id":"https:\/\/place-add.nl\/de\/#\/schema\/logo\/image\/","url":"https:\/\/place-add.nl\/wp-content\/uploads\/2023\/11\/logo-img-place-add.png","contentUrl":"https:\/\/place-add.nl\/wp-content\/uploads\/2023\/11\/logo-img-place-add.png","width":404,"height":106,"caption":"Place Add"},"image":{"@id":"https:\/\/place-add.nl\/de\/#\/schema\/logo\/image\/"},"sameAs":["https:\/\/www.facebook.com\/PlaceAdd\/","https:\/\/www.instagram.com\/place_add\/","https:\/\/www.youtube.com\/@placeadd"]}]}},"_links":{"self":[{"href":"https:\/\/place-add.nl\/de\/wp-json\/wp\/v2\/product\/43697","targetHints":{"allow":["GET"]}}],"collection":[{"href":"https:\/\/place-add.nl\/de\/wp-json\/wp\/v2\/product"}],"about":[{"href":"https:\/\/place-add.nl\/de\/wp-json\/wp\/v2\/types\/product"}],"wp:featuredmedia":[{"embeddable":true,"href":"https:\/\/place-add.nl\/de\/wp-json\/wp\/v2\/media\/38663"}],"wp:attachment":[{"href":"https:\/\/place-add.nl\/de\/wp-json\/wp\/v2\/media?parent=43697"}],"wp:term":[{"taxonomy":"product_brand","embeddable":true,"href":"https:\/\/place-add.nl\/de\/wp-json\/wp\/v2\/product_brand?post=43697"},{"taxonomy":"product_cat","embeddable":true,"href":"https:\/\/place-add.nl\/de\/wp-json\/wp\/v2\/product_cat?post=43697"},{"taxonomy":"product_tag","embeddable":true,"href":"https:\/\/place-add.nl\/de\/wp-json\/wp\/v2\/product_tag?post=43697"}],"curies":[{"name":"wp","href":"https:\/\/api.w.org\/{rel}","templated":true}]}}