{"id":43698,"date":"2024-06-17T14:53:39","date_gmt":"2024-06-17T14:53:39","guid":{"rendered":"https:\/\/place-add.nl\/product\/magneet-binding\/"},"modified":"2025-06-01T12:18:46","modified_gmt":"2025-06-01T12:18:46","slug":"magnet","status":"publish","type":"product","link":"https:\/\/place-add.nl\/de\/produkt\/magnet\/","title":{"rendered":"Magnet"},"content":{"rendered":"<p>Die <strong>Magnetbindung<\/strong> bietet eine einfache und effiziente M\u00f6glichkeit, Ihre Speisekarten zu binden. Dank der Benutzerfreundlichkeit k\u00f6nnen Sie Ihr Men\u00fc schnell und m\u00fchelos \u00e4ndern, was diese Bindung zur idealen Wahl f\u00fcr Restaurants, Caf\u00e9s und andere Gastronomiebetriebe macht, die ihre Speisekarten regelm\u00e4\u00dfig anpassen.<\/p>\n<p><strong>Vorteile der Magnetbindung:<\/strong><\/p>\n<ul>\n<li><strong>Schnell und Einfach<\/strong>: Der Prozess der Anpassung Ihres Men\u00fcs ist einfach: Legen Sie das Men\u00fc in die Speisekarte und klappen Sie den Magneten zu. Die Magnetbindung erm\u00f6glicht es Ihnen, Ihr Men\u00fc schnell und ohne Aufwand zu \u00e4ndern.<\/li>\n<li><strong>Flexibilit\u00e4t:<\/strong> Die Magnetbindung bietet Vielseitigkeit in der Pr\u00e4sentation. Die verschiedenen Materialien und die einfache Verschlussmethode geben Ihnen die Freiheit, Ihre Speisekarten an den Stil und das Image Ihres Gastronomiebetriebs anzupassen.<\/li>\n<li><strong>Ideal f\u00fcr H\u00e4ufige \u00c4nderungen<\/strong>: Diese Bindung ist perfekt f\u00fcr Betriebe, bei denen das Men\u00fc oft ge\u00e4ndert wird, wie zum Beispiel in Restaurants und Caf\u00e9s. Mit dem Magneten k\u00f6nnen Sie den Inhalt m\u00fchelos aktualisieren.<\/li>\n<\/ul>\n<p><strong>Geeignete Materialien<\/strong>:<\/p>\n<ul>\n<li>Leinen: F\u00fcr ein elegantes und klassisches Aussehen, das eine luxuri\u00f6se Atmosph\u00e4re schafft.<\/li>\n<li>Woodlook: F\u00fcr eine rustikale, nat\u00fcrliche Optik, die W\u00e4rme und Charme zu Ihrer Speisekarte hinzuf\u00fcgt.<\/li>\n<li>Jute: F\u00fcr eine einzigartige und strukturierte Pr\u00e4sentation, die Ihrer Speisekarte eine interessante visuelle Dimension verleiht.<\/li>\n<li>Kunstleder: F\u00fcr eine luxuri\u00f6se und moderne Ausf\u00fchrung, die perfekt zu einer stilvollen und raffinierten Speisekarte passt.<\/li>\n<\/ul>\n<p>Sie ben\u00f6tigen kurzfristig Speisekarten? Dann besuchen Sie unsere zweite Website, <strong><a href=\"http:\/\/www.craftontable.com\/\">Craftontable.com<\/a><\/strong>, f\u00fcr Speisekarten mit weniger Personalisierungsm\u00f6glichkeiten, aber schnellerer Lieferzeit.<\/p>\n<p><strong>Ben\u00f6tigen Sie eine pers\u00f6nliche Beratung? Dann nehmen Sie <a href=\"https:\/\/place-add.nl\/de\/kontakt\/\">Kontakt<\/a> mit uns auf. Unser engagiertes Team hilft Ihnen gerne, die perfekte Wahl f\u00fcr Ihre speziellen Bed\u00fcrfnisse zu treffen.<\/strong><\/p>\n<p><button id=\"knop-contact-opnemen-de\">Kontaktieren Sie uns unverbindlich<\/button><\/p>\n","protected":false},"excerpt":{"rendered":"<p>Mit der <strong>Magnetbindung<\/strong> k\u00f6nnen Sie Ihr Men\u00fc schnell und einfach anpassen. Legen Sie Ihr Men\u00fc in die Speisekarte und klappen Sie den Magneten zu. Die Magnetbindung kann auf verschiedene Arten verwendet werden, wie in den Bildern gezeigt, wodurch Sie maximale Flexibilit\u00e4t bei der Pr\u00e4sentation Ihres Men\u00fcs haben.<\/p>\n<p><button id=\"knop-contact-opnemen-de\">Kontaktieren Sie uns unverbindlich<\/button><\/p>\n<p><iframe src=\"https:\/\/www.youtube.com\/embed\/jrVpzhbA8K4?rel=0\" width=\"560\" height=\"315\" frameborder=\"0\" allowfullscreen=\"allowfullscreen\"><\/iframe><\/p>\n","protected":false},"featured_media":37849,"template":"","meta":[],"product_brand":[],"product_cat":[1451],"product_tag":[1140,1241,1198,1156,1199,1200,1201,1202,1203],"class_list":{"0":"post-43698","1":"product","2":"type-product","3":"status-publish","4":"has-post-thumbnail","6":"product_cat-bindungsformen","7":"product_tag-bindung-der-speisekarte","8":"product_tag-bindungen-speisekarten","9":"product_tag-maatwerk-menukaarten-de","10":"product_tag-magnetische-bindung","11":"product_tag-menukaarten-de","12":"product_tag-menukaarten-horeca-de","13":"product_tag-menukaarten-kopen-de","14":"product_tag-menukaarten-op-maat-de","15":"product_tag-restaurant-menukaarten-de","17":"first","18":"instock","19":"taxable","20":"shipping-taxable","21":"product-type-simple"},"yoast_head":"<!-- This site is optimized with the Yoast SEO Premium plugin v27.2 (Yoast SEO v27.2) - https:\/\/yoast.com\/product\/yoast-seo-premium-wordpress\/ -->\n<title>Magnet | Speisekarten | Place Add | F\u00fcr die Gastronomie<\/title>\n<meta name=\"description\" content=\"Entdecken Sie die Magnetbindung f\u00fcr den schnellen Wechsel Ihrer Speisekarte. Ideal f\u00fcr Restaurants und Caf\u00e9s. Flexibel und benutzerfreundlich!\" \/>\n<meta name=\"robots\" content=\"index, follow, max-snippet:-1, max-image-preview:large, max-video-preview:-1\" \/>\n<link rel=\"canonical\" href=\"https:\/\/place-add.nl\/de\/produkt\/magnet\/\" \/>\n<meta property=\"og:locale\" content=\"de_DE\" \/>\n<meta property=\"og:type\" content=\"article\" \/>\n<meta property=\"og:title\" content=\"Magnet\" \/>\n<meta property=\"og:description\" content=\"Entdecken Sie die Magnetbindung f\u00fcr den schnellen Wechsel Ihrer Speisekarte. Ideal f\u00fcr Restaurants und Caf\u00e9s. Flexibel und benutzerfreundlich!\" \/>\n<meta property=\"og:url\" content=\"https:\/\/place-add.nl\/de\/produkt\/magnet\/\" \/>\n<meta property=\"og:site_name\" content=\"Place Add\" \/>\n<meta property=\"article:publisher\" content=\"https:\/\/www.facebook.com\/PlaceAdd\/\" \/>\n<meta property=\"article:modified_time\" content=\"2025-06-01T12:18:46+00:00\" \/>\n<meta property=\"og:image\" content=\"https:\/\/place-add.nl\/wp-content\/uploads\/2024\/06\/Bindingsvorm_Magneet_Place_Add_1.jpg\" \/>\n\t<meta property=\"og:image:width\" content=\"800\" \/>\n\t<meta property=\"og:image:height\" content=\"800\" \/>\n\t<meta property=\"og:image:type\" content=\"image\/jpeg\" \/>\n<meta name=\"twitter:card\" content=\"summary_large_image\" \/>\n<meta name=\"twitter:label1\" content=\"Gesch\u00e4tzte Lesezeit\" \/>\n\t<meta name=\"twitter:data1\" content=\"2\u00a0Minuten\" \/>\n<script type=\"application\/ld+json\" class=\"yoast-schema-graph\">{\"@context\":\"https:\/\/schema.org\",\"@graph\":[{\"@type\":\"WebPage\",\"@id\":\"https:\/\/place-add.nl\/de\/produkt\/magnet\/\",\"url\":\"https:\/\/place-add.nl\/de\/produkt\/magnet\/\",\"name\":\"Magnet | Speisekarten | Place Add | F\u00fcr die Gastronomie\",\"isPartOf\":{\"@id\":\"https:\/\/place-add.nl\/de\/#website\"},\"primaryImageOfPage\":{\"@id\":\"https:\/\/place-add.nl\/de\/produkt\/magnet\/#primaryimage\"},\"image\":{\"@id\":\"https:\/\/place-add.nl\/de\/produkt\/magnet\/#primaryimage\"},\"thumbnailUrl\":\"https:\/\/place-add.nl\/wp-content\/uploads\/2024\/06\/Bindingsvorm_Magneet_Place_Add_1.jpg\",\"datePublished\":\"2024-06-17T14:53:39+00:00\",\"dateModified\":\"2025-06-01T12:18:46+00:00\",\"description\":\"Entdecken Sie die Magnetbindung f\u00fcr den schnellen Wechsel Ihrer Speisekarte. Ideal f\u00fcr Restaurants und Caf\u00e9s. Flexibel und benutzerfreundlich!\",\"breadcrumb\":{\"@id\":\"https:\/\/place-add.nl\/de\/produkt\/magnet\/#breadcrumb\"},\"inLanguage\":\"de\",\"potentialAction\":[{\"@type\":\"ReadAction\",\"target\":[\"https:\/\/place-add.nl\/de\/produkt\/magnet\/\"]}]},{\"@type\":\"ImageObject\",\"inLanguage\":\"de\",\"@id\":\"https:\/\/place-add.nl\/de\/produkt\/magnet\/#primaryimage\",\"url\":\"https:\/\/place-add.nl\/wp-content\/uploads\/2024\/06\/Bindingsvorm_Magneet_Place_Add_1.jpg\",\"contentUrl\":\"https:\/\/place-add.nl\/wp-content\/uploads\/2024\/06\/Bindingsvorm_Magneet_Place_Add_1.jpg\",\"width\":800,\"height\":800,\"caption\":\"Magneet Binding\"},{\"@type\":\"BreadcrumbList\",\"@id\":\"https:\/\/place-add.nl\/de\/produkt\/magnet\/#breadcrumb\",\"itemListElement\":[{\"@type\":\"ListItem\",\"position\":1,\"name\":\"Home\",\"item\":\"https:\/\/place-add.nl\/de\/home\/\"},{\"@type\":\"ListItem\",\"position\":2,\"name\":\"Shop\",\"item\":\"https:\/\/place-add.nl\/de\/shop\/\"},{\"@type\":\"ListItem\",\"position\":3,\"name\":\"Magnet\"}]},{\"@type\":\"WebSite\",\"@id\":\"https:\/\/place-add.nl\/de\/#website\",\"url\":\"https:\/\/place-add.nl\/de\/\",\"name\":\"Place Add\",\"description\":\"Tafelkleding voor de horeca\",\"publisher\":{\"@id\":\"https:\/\/place-add.nl\/de\/#organization\"},\"potentialAction\":[{\"@type\":\"SearchAction\",\"target\":{\"@type\":\"EntryPoint\",\"urlTemplate\":\"https:\/\/place-add.nl\/de\/?s={search_term_string}\"},\"query-input\":{\"@type\":\"PropertyValueSpecification\",\"valueRequired\":true,\"valueName\":\"search_term_string\"}}],\"inLanguage\":\"de\"},{\"@type\":\"Organization\",\"@id\":\"https:\/\/place-add.nl\/de\/#organization\",\"name\":\"Place Add\",\"url\":\"https:\/\/place-add.nl\/de\/\",\"logo\":{\"@type\":\"ImageObject\",\"inLanguage\":\"de\",\"@id\":\"https:\/\/place-add.nl\/de\/#\/schema\/logo\/image\/\",\"url\":\"https:\/\/place-add.nl\/wp-content\/uploads\/2023\/11\/logo-img-place-add.png\",\"contentUrl\":\"https:\/\/place-add.nl\/wp-content\/uploads\/2023\/11\/logo-img-place-add.png\",\"width\":404,\"height\":106,\"caption\":\"Place Add\"},\"image\":{\"@id\":\"https:\/\/place-add.nl\/de\/#\/schema\/logo\/image\/\"},\"sameAs\":[\"https:\/\/www.facebook.com\/PlaceAdd\/\",\"https:\/\/www.instagram.com\/place_add\/\",\"https:\/\/www.youtube.com\/@placeadd\"]}]}<\/script>\n<!-- \/ Yoast SEO Premium plugin. -->","yoast_head_json":{"title":"Magnet | Speisekarten | Place Add | F\u00fcr die Gastronomie","description":"Entdecken Sie die Magnetbindung f\u00fcr den schnellen Wechsel Ihrer Speisekarte. Ideal f\u00fcr Restaurants und Caf\u00e9s. Flexibel und benutzerfreundlich!","robots":{"index":"index","follow":"follow","max-snippet":"max-snippet:-1","max-image-preview":"max-image-preview:large","max-video-preview":"max-video-preview:-1"},"canonical":"https:\/\/place-add.nl\/de\/produkt\/magnet\/","og_locale":"de_DE","og_type":"article","og_title":"Magnet","og_description":"Entdecken Sie die Magnetbindung f\u00fcr den schnellen Wechsel Ihrer Speisekarte. Ideal f\u00fcr Restaurants und Caf\u00e9s. Flexibel und benutzerfreundlich!","og_url":"https:\/\/place-add.nl\/de\/produkt\/magnet\/","og_site_name":"Place Add","article_publisher":"https:\/\/www.facebook.com\/PlaceAdd\/","article_modified_time":"2025-06-01T12:18:46+00:00","og_image":[{"width":800,"height":800,"url":"https:\/\/place-add.nl\/wp-content\/uploads\/2024\/06\/Bindingsvorm_Magneet_Place_Add_1.jpg","type":"image\/jpeg"}],"twitter_card":"summary_large_image","twitter_misc":{"Gesch\u00e4tzte Lesezeit":"2\u00a0Minuten"},"schema":{"@context":"https:\/\/schema.org","@graph":[{"@type":"WebPage","@id":"https:\/\/place-add.nl\/de\/produkt\/magnet\/","url":"https:\/\/place-add.nl\/de\/produkt\/magnet\/","name":"Magnet | Speisekarten | Place Add | F\u00fcr die Gastronomie","isPartOf":{"@id":"https:\/\/place-add.nl\/de\/#website"},"primaryImageOfPage":{"@id":"https:\/\/place-add.nl\/de\/produkt\/magnet\/#primaryimage"},"image":{"@id":"https:\/\/place-add.nl\/de\/produkt\/magnet\/#primaryimage"},"thumbnailUrl":"https:\/\/place-add.nl\/wp-content\/uploads\/2024\/06\/Bindingsvorm_Magneet_Place_Add_1.jpg","datePublished":"2024-06-17T14:53:39+00:00","dateModified":"2025-06-01T12:18:46+00:00","description":"Entdecken Sie die Magnetbindung f\u00fcr den schnellen Wechsel Ihrer Speisekarte. Ideal f\u00fcr Restaurants und Caf\u00e9s. Flexibel und benutzerfreundlich!","breadcrumb":{"@id":"https:\/\/place-add.nl\/de\/produkt\/magnet\/#breadcrumb"},"inLanguage":"de","potentialAction":[{"@type":"ReadAction","target":["https:\/\/place-add.nl\/de\/produkt\/magnet\/"]}]},{"@type":"ImageObject","inLanguage":"de","@id":"https:\/\/place-add.nl\/de\/produkt\/magnet\/#primaryimage","url":"https:\/\/place-add.nl\/wp-content\/uploads\/2024\/06\/Bindingsvorm_Magneet_Place_Add_1.jpg","contentUrl":"https:\/\/place-add.nl\/wp-content\/uploads\/2024\/06\/Bindingsvorm_Magneet_Place_Add_1.jpg","width":800,"height":800,"caption":"Magneet Binding"},{"@type":"BreadcrumbList","@id":"https:\/\/place-add.nl\/de\/produkt\/magnet\/#breadcrumb","itemListElement":[{"@type":"ListItem","position":1,"name":"Home","item":"https:\/\/place-add.nl\/de\/home\/"},{"@type":"ListItem","position":2,"name":"Shop","item":"https:\/\/place-add.nl\/de\/shop\/"},{"@type":"ListItem","position":3,"name":"Magnet"}]},{"@type":"WebSite","@id":"https:\/\/place-add.nl\/de\/#website","url":"https:\/\/place-add.nl\/de\/","name":"Place Add","description":"Tafelkleding voor de horeca","publisher":{"@id":"https:\/\/place-add.nl\/de\/#organization"},"potentialAction":[{"@type":"SearchAction","target":{"@type":"EntryPoint","urlTemplate":"https:\/\/place-add.nl\/de\/?s={search_term_string}"},"query-input":{"@type":"PropertyValueSpecification","valueRequired":true,"valueName":"search_term_string"}}],"inLanguage":"de"},{"@type":"Organization","@id":"https:\/\/place-add.nl\/de\/#organization","name":"Place Add","url":"https:\/\/place-add.nl\/de\/","logo":{"@type":"ImageObject","inLanguage":"de","@id":"https:\/\/place-add.nl\/de\/#\/schema\/logo\/image\/","url":"https:\/\/place-add.nl\/wp-content\/uploads\/2023\/11\/logo-img-place-add.png","contentUrl":"https:\/\/place-add.nl\/wp-content\/uploads\/2023\/11\/logo-img-place-add.png","width":404,"height":106,"caption":"Place Add"},"image":{"@id":"https:\/\/place-add.nl\/de\/#\/schema\/logo\/image\/"},"sameAs":["https:\/\/www.facebook.com\/PlaceAdd\/","https:\/\/www.instagram.com\/place_add\/","https:\/\/www.youtube.com\/@placeadd"]}]}},"_links":{"self":[{"href":"https:\/\/place-add.nl\/de\/wp-json\/wp\/v2\/product\/43698","targetHints":{"allow":["GET"]}}],"collection":[{"href":"https:\/\/place-add.nl\/de\/wp-json\/wp\/v2\/product"}],"about":[{"href":"https:\/\/place-add.nl\/de\/wp-json\/wp\/v2\/types\/product"}],"wp:featuredmedia":[{"embeddable":true,"href":"https:\/\/place-add.nl\/de\/wp-json\/wp\/v2\/media\/37849"}],"wp:attachment":[{"href":"https:\/\/place-add.nl\/de\/wp-json\/wp\/v2\/media?parent=43698"}],"wp:term":[{"taxonomy":"product_brand","embeddable":true,"href":"https:\/\/place-add.nl\/de\/wp-json\/wp\/v2\/product_brand?post=43698"},{"taxonomy":"product_cat","embeddable":true,"href":"https:\/\/place-add.nl\/de\/wp-json\/wp\/v2\/product_cat?post=43698"},{"taxonomy":"product_tag","embeddable":true,"href":"https:\/\/place-add.nl\/de\/wp-json\/wp\/v2\/product_tag?post=43698"}],"curies":[{"name":"wp","href":"https:\/\/api.w.org\/{rel}","templated":true}]}}