{"id":43700,"date":"2024-06-17T14:53:19","date_gmt":"2024-06-17T14:53:19","guid":{"rendered":"https:\/\/place-add.nl\/product\/snelhechter-magneet\/"},"modified":"2025-06-01T12:23:10","modified_gmt":"2025-06-01T12:23:10","slug":"schnellhefter-magnet","status":"publish","type":"product","link":"https:\/\/place-add.nl\/de\/produkt\/schnellhefter-magnet\/","title":{"rendered":"Schnellhefter Magnet"},"content":{"rendered":"<p>Mit der <strong>Schnellhefter-Magnetbindung<\/strong> k\u00f6nnen Sie Ihr Men\u00fc schnell und einfach aktualisieren. Das System bietet eine effiziente L\u00f6sung zur Pr\u00e4sentation Ihres Men\u00fcs, indem Sie einfach festes Papier mit einer Falz und Lochung vorbereiten. In nur wenigen Schritten k\u00f6nnen Sie das Men\u00fc austauschen und eine saubere, professionelle Pr\u00e4sentation beibehalten.<\/p>\n<p><strong>Vorteile der Schnellhefter-Magnetbindung:<\/strong><\/p>\n<ul>\n<li><strong>Schnell und Einfach:<\/strong> Der Prozess zum Ersetzen Ihres Men\u00fcs ist einfach und schnell. Legen Sie das vorbereitete Papier in die Men\u00fckarte, befestigen Sie es mit dem Schnellhefter und schlie\u00dfen Sie den Magneten. In wenigen Sekunden haben Sie ein komplett aktualisiertes Men\u00fc.<\/li>\n<li><strong>Saubere und Gepflegte Pr\u00e4sentation<\/strong>: Der Schnellhefter-Magnet sorgt f\u00fcr eine saubere Verarbeitung und garantiert ein ordentliches Inneres der Men\u00fckarte. Dieses System sorgt f\u00fcr ein professionelles Erscheinungsbild, das zum Stil Ihrer Gastronomie passt.<\/li>\n<li><strong>Vielseitig<\/strong>: Das System ist f\u00fcr verschiedene Materialien geeignet, wodurch es perfekt zu verschiedenen Einrichtungsstilen passt. Egal, ob Sie einen klassischen, modernen oder rustikalen Look w\u00fcnschen, mit der Schnellhefter-Magnetbindung haben Sie viel Flexibilit\u00e4t bei der Wahl des Materials.<\/li>\n<\/ul>\n<p><strong>Geeignete Materialien:<\/strong><\/p>\n<ul>\n<li><strong>Leinen<\/strong>: F\u00fcr einen eleganten und klassischen Look, der perfekt in ein gehobenes Ambiente passt.<\/li>\n<li><strong>Woodlook<\/strong>: F\u00fcr einen warmen und rustikalen Look, der Charme in Ihre Men\u00fckarte bringt.<\/li>\n<li><strong>Jute<\/strong>: F\u00fcr eine einzigartige, strukturreiche Pr\u00e4sentation, die Aufmerksamkeit erregt und Charakter verleiht.<\/li>\n<li><strong>Kunstleder<\/strong>: F\u00fcr eine luxuri\u00f6se und moderne Verarbeitung, die ideal f\u00fcr ein stilvolles Restaurant oder Caf\u00e9 ist.<\/li>\n<\/ul>\n<p>Mit der Schnellhefter-Magnetbindung entscheiden Sie sich f\u00fcr eine praktische, vielseitige und stilvolle M\u00f6glichkeit, Ihre Speisekarten anzupassen und zu pr\u00e4sentieren. Das System ist ideal f\u00fcr Gastronomiebetriebe, die ihr Men\u00fc regelm\u00e4\u00dfig aktualisieren m\u00f6chten, w\u00e4hrend die Pr\u00e4sentation stets sauber und professionell bleibt.<\/p>\n<p>Sie ben\u00f6tigen kurzfristig Speisekarten? Dann besuchen Sie unsere zweite Website, <strong><a href=\"http:\/\/www.craftontable.com\/\">Craftontable.com<\/a><\/strong>, f\u00fcr Speisekarten mit weniger Personalisierungsm\u00f6glichkeiten, aber schnellerer Lieferzeit.<\/p>\n<p><strong>Ben\u00f6tigen Sie eine pers\u00f6nliche Beratung? Dann nehmen Sie <a href=\"https:\/\/place-add.nl\/de\/kontakt\/\">Kontakt<\/a> mit uns auf. Unser engagiertes Team hilft Ihnen gerne, die perfekte Wahl f\u00fcr Ihre speziellen Bed\u00fcrfnisse zu treffen.<\/strong><\/p>\n<p><button id=\"knop-contact-opnemen-de\">Kontaktieren Sie uns unverbindlich<\/button><\/p>\n","protected":false},"excerpt":{"rendered":"<p>Mit dem <strong>Schnellhefter-Magnetbindung<\/strong> k\u00f6nnen Sie Ihr Men\u00fc schnell und einfach aktualisieren. Bereiten Sie festes Papier vor, vorzugsweise mit einer Falz und einer Lochung, um den Inhalt vorzubereiten. In nur wenigen Schritten haben Sie Ihr Men\u00fc ersetzt und sauber pr\u00e4sentiert.<\/p>\n<p><button id=\"knop-contact-opnemen-de\">Kontaktieren Sie uns unverbindlich<\/button><\/p>\n<p><iframe src=\"https:\/\/www.youtube.com\/embed\/_UElEv4IWH0?rel=0\" width=\"560\" height=\"315\" frameborder=\"0\" allowfullscreen=\"allowfullscreen\"><\/iframe><\/p>\n","protected":false},"featured_media":37850,"template":"","meta":[],"product_brand":[],"product_cat":[1451],"product_tag":[1140,1241,1198,1253,1199,1200,1201,1202,1203,1165,1166,1252],"class_list":{"0":"post-43700","1":"product","2":"type-product","3":"status-publish","4":"has-post-thumbnail","6":"product_cat-bindungsformen","7":"product_tag-bindung-der-speisekarte","8":"product_tag-bindungen-speisekarten","9":"product_tag-maatwerk-menukaarten-de","10":"product_tag-magnetische-schnellverschluss-bindung","11":"product_tag-menukaarten-de","12":"product_tag-menukaarten-horeca-de","13":"product_tag-menukaarten-kopen-de","14":"product_tag-menukaarten-op-maat-de","15":"product_tag-restaurant-menukaarten-de","16":"product_tag-schnellbefestigung-mit-magnet","17":"product_tag-schnellbefestigung-mit-magnetischer-bindung","18":"product_tag-schnellverschluss-magnet","20":"first","21":"instock","22":"taxable","23":"shipping-taxable","24":"product-type-simple"},"yoast_head":"<!-- This site is optimized with the Yoast SEO Premium plugin v27.2 (Yoast SEO v27.2) - https:\/\/yoast.com\/product\/yoast-seo-premium-wordpress\/ -->\n<title>Schnellhefter Magnet | Speisekarten | Place Add | F\u00fcr die Gastronomie<\/title>\n<meta name=\"description\" content=\"Entdecken Sie unseren Schnellhefter-Magnetbindung : stilvoll und effizient f\u00fcr Ihre Men\u00fckarte. Einfache Aktualisierung des Inhalts f\u00fcr alle!\" \/>\n<meta name=\"robots\" content=\"index, follow, max-snippet:-1, max-image-preview:large, max-video-preview:-1\" \/>\n<link rel=\"canonical\" href=\"https:\/\/place-add.nl\/de\/produkt\/schnellhefter-magnet\/\" \/>\n<meta property=\"og:locale\" content=\"de_DE\" \/>\n<meta property=\"og:type\" content=\"article\" \/>\n<meta property=\"og:title\" content=\"Schnellhefter Magnet\" \/>\n<meta property=\"og:description\" content=\"Entdecken Sie unseren Schnellhefter-Magnetbindung : stilvoll und effizient f\u00fcr Ihre Men\u00fckarte. Einfache Aktualisierung des Inhalts f\u00fcr alle!\" \/>\n<meta property=\"og:url\" content=\"https:\/\/place-add.nl\/de\/produkt\/schnellhefter-magnet\/\" \/>\n<meta property=\"og:site_name\" content=\"Place Add\" \/>\n<meta property=\"article:publisher\" content=\"https:\/\/www.facebook.com\/PlaceAdd\/\" \/>\n<meta property=\"article:modified_time\" content=\"2025-06-01T12:23:10+00:00\" \/>\n<meta property=\"og:image\" content=\"https:\/\/place-add.nl\/wp-content\/uploads\/2024\/06\/Bindingsvorm_Snelhechter_Magneet_Place_Add_1.jpg\" \/>\n\t<meta property=\"og:image:width\" content=\"800\" \/>\n\t<meta property=\"og:image:height\" content=\"800\" \/>\n\t<meta property=\"og:image:type\" content=\"image\/jpeg\" \/>\n<meta name=\"twitter:card\" content=\"summary_large_image\" \/>\n<meta name=\"twitter:label1\" content=\"Gesch\u00e4tzte Lesezeit\" \/>\n\t<meta name=\"twitter:data1\" content=\"2\u00a0Minuten\" \/>\n<script type=\"application\/ld+json\" class=\"yoast-schema-graph\">{\"@context\":\"https:\/\/schema.org\",\"@graph\":[{\"@type\":\"WebPage\",\"@id\":\"https:\/\/place-add.nl\/de\/produkt\/schnellhefter-magnet\/\",\"url\":\"https:\/\/place-add.nl\/de\/produkt\/schnellhefter-magnet\/\",\"name\":\"Schnellhefter Magnet | Speisekarten | Place Add | F\u00fcr die Gastronomie\",\"isPartOf\":{\"@id\":\"https:\/\/place-add.nl\/de\/#website\"},\"primaryImageOfPage\":{\"@id\":\"https:\/\/place-add.nl\/de\/produkt\/schnellhefter-magnet\/#primaryimage\"},\"image\":{\"@id\":\"https:\/\/place-add.nl\/de\/produkt\/schnellhefter-magnet\/#primaryimage\"},\"thumbnailUrl\":\"https:\/\/place-add.nl\/wp-content\/uploads\/2024\/06\/Bindingsvorm_Snelhechter_Magneet_Place_Add_1.jpg\",\"datePublished\":\"2024-06-17T14:53:19+00:00\",\"dateModified\":\"2025-06-01T12:23:10+00:00\",\"description\":\"Entdecken Sie unseren Schnellhefter-Magnetbindung : stilvoll und effizient f\u00fcr Ihre Men\u00fckarte. Einfache Aktualisierung des Inhalts f\u00fcr alle!\",\"breadcrumb\":{\"@id\":\"https:\/\/place-add.nl\/de\/produkt\/schnellhefter-magnet\/#breadcrumb\"},\"inLanguage\":\"de\",\"potentialAction\":[{\"@type\":\"ReadAction\",\"target\":[\"https:\/\/place-add.nl\/de\/produkt\/schnellhefter-magnet\/\"]}]},{\"@type\":\"ImageObject\",\"inLanguage\":\"de\",\"@id\":\"https:\/\/place-add.nl\/de\/produkt\/schnellhefter-magnet\/#primaryimage\",\"url\":\"https:\/\/place-add.nl\/wp-content\/uploads\/2024\/06\/Bindingsvorm_Snelhechter_Magneet_Place_Add_1.jpg\",\"contentUrl\":\"https:\/\/place-add.nl\/wp-content\/uploads\/2024\/06\/Bindingsvorm_Snelhechter_Magneet_Place_Add_1.jpg\",\"width\":800,\"height\":800,\"caption\":\"Snelhechter Magneet\"},{\"@type\":\"BreadcrumbList\",\"@id\":\"https:\/\/place-add.nl\/de\/produkt\/schnellhefter-magnet\/#breadcrumb\",\"itemListElement\":[{\"@type\":\"ListItem\",\"position\":1,\"name\":\"Home\",\"item\":\"https:\/\/place-add.nl\/de\/home\/\"},{\"@type\":\"ListItem\",\"position\":2,\"name\":\"Shop\",\"item\":\"https:\/\/place-add.nl\/de\/shop\/\"},{\"@type\":\"ListItem\",\"position\":3,\"name\":\"Schnellhefter Magnet\"}]},{\"@type\":\"WebSite\",\"@id\":\"https:\/\/place-add.nl\/de\/#website\",\"url\":\"https:\/\/place-add.nl\/de\/\",\"name\":\"Place Add\",\"description\":\"Tafelkleding voor de horeca\",\"publisher\":{\"@id\":\"https:\/\/place-add.nl\/de\/#organization\"},\"potentialAction\":[{\"@type\":\"SearchAction\",\"target\":{\"@type\":\"EntryPoint\",\"urlTemplate\":\"https:\/\/place-add.nl\/de\/?s={search_term_string}\"},\"query-input\":{\"@type\":\"PropertyValueSpecification\",\"valueRequired\":true,\"valueName\":\"search_term_string\"}}],\"inLanguage\":\"de\"},{\"@type\":\"Organization\",\"@id\":\"https:\/\/place-add.nl\/de\/#organization\",\"name\":\"Place Add\",\"url\":\"https:\/\/place-add.nl\/de\/\",\"logo\":{\"@type\":\"ImageObject\",\"inLanguage\":\"de\",\"@id\":\"https:\/\/place-add.nl\/de\/#\/schema\/logo\/image\/\",\"url\":\"https:\/\/place-add.nl\/wp-content\/uploads\/2023\/11\/logo-img-place-add.png\",\"contentUrl\":\"https:\/\/place-add.nl\/wp-content\/uploads\/2023\/11\/logo-img-place-add.png\",\"width\":404,\"height\":106,\"caption\":\"Place Add\"},\"image\":{\"@id\":\"https:\/\/place-add.nl\/de\/#\/schema\/logo\/image\/\"},\"sameAs\":[\"https:\/\/www.facebook.com\/PlaceAdd\/\",\"https:\/\/www.instagram.com\/place_add\/\",\"https:\/\/www.youtube.com\/@placeadd\"]}]}<\/script>\n<!-- \/ Yoast SEO Premium plugin. -->","yoast_head_json":{"title":"Schnellhefter Magnet | Speisekarten | Place Add | F\u00fcr die Gastronomie","description":"Entdecken Sie unseren Schnellhefter-Magnetbindung : stilvoll und effizient f\u00fcr Ihre Men\u00fckarte. Einfache Aktualisierung des Inhalts f\u00fcr alle!","robots":{"index":"index","follow":"follow","max-snippet":"max-snippet:-1","max-image-preview":"max-image-preview:large","max-video-preview":"max-video-preview:-1"},"canonical":"https:\/\/place-add.nl\/de\/produkt\/schnellhefter-magnet\/","og_locale":"de_DE","og_type":"article","og_title":"Schnellhefter Magnet","og_description":"Entdecken Sie unseren Schnellhefter-Magnetbindung : stilvoll und effizient f\u00fcr Ihre Men\u00fckarte. Einfache Aktualisierung des Inhalts f\u00fcr alle!","og_url":"https:\/\/place-add.nl\/de\/produkt\/schnellhefter-magnet\/","og_site_name":"Place Add","article_publisher":"https:\/\/www.facebook.com\/PlaceAdd\/","article_modified_time":"2025-06-01T12:23:10+00:00","og_image":[{"width":800,"height":800,"url":"https:\/\/place-add.nl\/wp-content\/uploads\/2024\/06\/Bindingsvorm_Snelhechter_Magneet_Place_Add_1.jpg","type":"image\/jpeg"}],"twitter_card":"summary_large_image","twitter_misc":{"Gesch\u00e4tzte Lesezeit":"2\u00a0Minuten"},"schema":{"@context":"https:\/\/schema.org","@graph":[{"@type":"WebPage","@id":"https:\/\/place-add.nl\/de\/produkt\/schnellhefter-magnet\/","url":"https:\/\/place-add.nl\/de\/produkt\/schnellhefter-magnet\/","name":"Schnellhefter Magnet | Speisekarten | Place Add | F\u00fcr die Gastronomie","isPartOf":{"@id":"https:\/\/place-add.nl\/de\/#website"},"primaryImageOfPage":{"@id":"https:\/\/place-add.nl\/de\/produkt\/schnellhefter-magnet\/#primaryimage"},"image":{"@id":"https:\/\/place-add.nl\/de\/produkt\/schnellhefter-magnet\/#primaryimage"},"thumbnailUrl":"https:\/\/place-add.nl\/wp-content\/uploads\/2024\/06\/Bindingsvorm_Snelhechter_Magneet_Place_Add_1.jpg","datePublished":"2024-06-17T14:53:19+00:00","dateModified":"2025-06-01T12:23:10+00:00","description":"Entdecken Sie unseren Schnellhefter-Magnetbindung : stilvoll und effizient f\u00fcr Ihre Men\u00fckarte. Einfache Aktualisierung des Inhalts f\u00fcr alle!","breadcrumb":{"@id":"https:\/\/place-add.nl\/de\/produkt\/schnellhefter-magnet\/#breadcrumb"},"inLanguage":"de","potentialAction":[{"@type":"ReadAction","target":["https:\/\/place-add.nl\/de\/produkt\/schnellhefter-magnet\/"]}]},{"@type":"ImageObject","inLanguage":"de","@id":"https:\/\/place-add.nl\/de\/produkt\/schnellhefter-magnet\/#primaryimage","url":"https:\/\/place-add.nl\/wp-content\/uploads\/2024\/06\/Bindingsvorm_Snelhechter_Magneet_Place_Add_1.jpg","contentUrl":"https:\/\/place-add.nl\/wp-content\/uploads\/2024\/06\/Bindingsvorm_Snelhechter_Magneet_Place_Add_1.jpg","width":800,"height":800,"caption":"Snelhechter Magneet"},{"@type":"BreadcrumbList","@id":"https:\/\/place-add.nl\/de\/produkt\/schnellhefter-magnet\/#breadcrumb","itemListElement":[{"@type":"ListItem","position":1,"name":"Home","item":"https:\/\/place-add.nl\/de\/home\/"},{"@type":"ListItem","position":2,"name":"Shop","item":"https:\/\/place-add.nl\/de\/shop\/"},{"@type":"ListItem","position":3,"name":"Schnellhefter Magnet"}]},{"@type":"WebSite","@id":"https:\/\/place-add.nl\/de\/#website","url":"https:\/\/place-add.nl\/de\/","name":"Place Add","description":"Tafelkleding voor de horeca","publisher":{"@id":"https:\/\/place-add.nl\/de\/#organization"},"potentialAction":[{"@type":"SearchAction","target":{"@type":"EntryPoint","urlTemplate":"https:\/\/place-add.nl\/de\/?s={search_term_string}"},"query-input":{"@type":"PropertyValueSpecification","valueRequired":true,"valueName":"search_term_string"}}],"inLanguage":"de"},{"@type":"Organization","@id":"https:\/\/place-add.nl\/de\/#organization","name":"Place Add","url":"https:\/\/place-add.nl\/de\/","logo":{"@type":"ImageObject","inLanguage":"de","@id":"https:\/\/place-add.nl\/de\/#\/schema\/logo\/image\/","url":"https:\/\/place-add.nl\/wp-content\/uploads\/2023\/11\/logo-img-place-add.png","contentUrl":"https:\/\/place-add.nl\/wp-content\/uploads\/2023\/11\/logo-img-place-add.png","width":404,"height":106,"caption":"Place Add"},"image":{"@id":"https:\/\/place-add.nl\/de\/#\/schema\/logo\/image\/"},"sameAs":["https:\/\/www.facebook.com\/PlaceAdd\/","https:\/\/www.instagram.com\/place_add\/","https:\/\/www.youtube.com\/@placeadd"]}]}},"_links":{"self":[{"href":"https:\/\/place-add.nl\/de\/wp-json\/wp\/v2\/product\/43700","targetHints":{"allow":["GET"]}}],"collection":[{"href":"https:\/\/place-add.nl\/de\/wp-json\/wp\/v2\/product"}],"about":[{"href":"https:\/\/place-add.nl\/de\/wp-json\/wp\/v2\/types\/product"}],"wp:featuredmedia":[{"embeddable":true,"href":"https:\/\/place-add.nl\/de\/wp-json\/wp\/v2\/media\/37850"}],"wp:attachment":[{"href":"https:\/\/place-add.nl\/de\/wp-json\/wp\/v2\/media?parent=43700"}],"wp:term":[{"taxonomy":"product_brand","embeddable":true,"href":"https:\/\/place-add.nl\/de\/wp-json\/wp\/v2\/product_brand?post=43700"},{"taxonomy":"product_cat","embeddable":true,"href":"https:\/\/place-add.nl\/de\/wp-json\/wp\/v2\/product_cat?post=43700"},{"taxonomy":"product_tag","embeddable":true,"href":"https:\/\/place-add.nl\/de\/wp-json\/wp\/v2\/product_tag?post=43700"}],"curies":[{"name":"wp","href":"https:\/\/api.w.org\/{rel}","templated":true}]}}