{"id":43704,"date":"2024-06-17T14:52:54","date_gmt":"2024-06-17T14:52:54","guid":{"rendered":"https:\/\/place-add.nl\/product\/klembinding\/"},"modified":"2025-06-01T12:34:04","modified_gmt":"2025-06-01T12:34:04","slug":"klemme","status":"publish","type":"product","link":"https:\/\/place-add.nl\/de\/produkt\/klemme\/","title":{"rendered":"Klemme"},"content":{"rendered":"<p>Unsere <strong>Klemm-Bindung<\/strong> bietet eine effiziente und benutzerfreundliche L\u00f6sung zur Pr\u00e4sentation Ihrer Speisekarten. Diese Bindung verwendet eine stabile Posterklemme, die diskret in den R\u00fccken der Speisekarte integriert ist. Um das Men\u00fc zu \u00e4ndern, m\u00fcssen Sie die Speisekarte nur leicht aufbiegen, um die Klemme zu sehen. Dann k\u00f6nnen Sie die Klemme einfach herausnehmen, das neue Men\u00fc einf\u00fcgen und die Klemme wieder einsetzen.<\/p>\n<p><strong>Vorteile der Klemm-Bindung<\/strong>:<\/p>\n<ul>\n<li><strong>Schnell und Einfach<\/strong>: Mit nur wenigen Handgriffen \u00e4ndern Sie das Men\u00fc m\u00fchelos \u2013 ideal f\u00fcr Gastronomiebetriebe, die regelm\u00e4\u00dfig ihre Speisenangebote wechseln.<\/li>\n<li><strong>Langlebig und Praktisch<\/strong>: Die stabile Posterklemme sorgt daf\u00fcr, dass der Inhalt sicher an seinem Platz bleibt, und bleibt auch nach h\u00e4ufigem Gebrauch zuverl\u00e4ssig.<\/li>\n<li><strong>Stilvoll und Professionell<\/strong>: Die Klemm-Bindung verleiht Ihrer Speisekarte ein elegantes und professionelles Aussehen, das zu jedem Gastronomiestil passt.<\/li>\n<\/ul>\n<p>Die <strong>Klemm-Bindung<\/strong> ist perfekt f\u00fcr Restaurants, Caf\u00e9s und andere Gastronomiebetriebe, die Flexibilit\u00e4t f\u00fcr ihre Speisekarten ben\u00f6tigen, ohne auf Stil und Komfort zu verzichten.<\/p>\n<p>Sie ben\u00f6tigen kurzfristig Speisekarten? Dann besuchen Sie unsere zweite Website, <strong><a href=\"http:\/\/www.craftontable.com\/\">Craftontable.com<\/a><\/strong>, f\u00fcr Speisekarten mit weniger Personalisierungsm\u00f6glichkeiten, aber schnellerer Lieferzeit.<\/p>\n<p><strong>Ben\u00f6tigen Sie eine pers\u00f6nliche Beratung? Dann nehmen Sie <a href=\"https:\/\/place-add.nl\/de\/kontakt\/\">Kontakt<\/a> mit uns auf. Unser engagiertes Team hilft Ihnen gerne, die perfekte Wahl f\u00fcr Ihre speziellen Bed\u00fcrfnisse zu treffen.<\/strong><\/p>\n<p><button id=\"knop-contact-opnemen-de\">Kontaktieren Sie uns unverbindlich<\/button><\/p>\n","protected":false},"excerpt":{"rendered":"<p>Unsere <strong>Klemm-Bindung<\/strong> bietet eine effiziente und benutzerfreundliche L\u00f6sung zur Pr\u00e4sentation Ihrer Speisekarten. Mit einer praktischen Posterklemme im R\u00fccken der Speisekarte k\u00f6nnen Sie Ihr Men\u00fc schnell und einfach \u00e4ndern, was diese Bindung ideal f\u00fcr Restaurants und Caf\u00e9s macht, die ihre Men\u00fcs regelm\u00e4\u00dfig anpassen m\u00f6chten.<\/p>\n<p><button id=\"knop-contact-opnemen-de\">Kontaktieren Sie uns unverbindlich<\/button><\/p>\n<p><iframe src=\"https:\/\/www.youtube.com\/embed\/rrXUMrIkyos?rel=0\" width=\"560\" height=\"315\" frameborder=\"0\" allowfullscreen=\"allowfullscreen\"><\/iframe><\/p>\n","protected":false},"featured_media":37851,"template":"","meta":[],"product_brand":[],"product_cat":[1451],"product_tag":[1140,1241,1292,1293,1198,1199,1200,1201,1202,1203],"class_list":{"0":"post-43704","1":"product","2":"type-product","3":"status-publish","4":"has-post-thumbnail","6":"product_cat-bindungsformen","7":"product_tag-bindung-der-speisekarte","8":"product_tag-bindungen-speisekarten","9":"product_tag-klemmbindung","10":"product_tag-klemmbindungen","11":"product_tag-maatwerk-menukaarten-de","12":"product_tag-menukaarten-de","13":"product_tag-menukaarten-horeca-de","14":"product_tag-menukaarten-kopen-de","15":"product_tag-menukaarten-op-maat-de","16":"product_tag-restaurant-menukaarten-de","18":"first","19":"instock","20":"taxable","21":"shipping-taxable","22":"product-type-simple"},"yoast_head":"<!-- This site is optimized with the Yoast SEO Premium plugin v27.2 (Yoast SEO v27.2) - https:\/\/yoast.com\/product\/yoast-seo-premium-wordpress\/ -->\n<title>Klemme | Speisekarten | Place Add | F\u00fcr die Gastronomie<\/title>\n<meta name=\"description\" content=\"Unsere Klemm-bindung ist eine effiziente L\u00f6sung f\u00fcr Ihre Men\u00fckarten. Mit einer praktischen Plakatklemme k\u00f6nnen Sie Ihre Speisekarte schnell \u00e4ndern!\" \/>\n<meta name=\"robots\" content=\"index, follow, max-snippet:-1, max-image-preview:large, max-video-preview:-1\" \/>\n<link rel=\"canonical\" href=\"https:\/\/place-add.nl\/de\/produkt\/klemme\/\" \/>\n<meta property=\"og:locale\" content=\"de_DE\" \/>\n<meta property=\"og:type\" content=\"article\" \/>\n<meta property=\"og:title\" content=\"Klemme\" \/>\n<meta property=\"og:description\" content=\"Unsere Klemm-bindung ist eine effiziente L\u00f6sung f\u00fcr Ihre Men\u00fckarten. Mit einer praktischen Plakatklemme k\u00f6nnen Sie Ihre Speisekarte schnell \u00e4ndern!\" \/>\n<meta property=\"og:url\" content=\"https:\/\/place-add.nl\/de\/produkt\/klemme\/\" \/>\n<meta property=\"og:site_name\" content=\"Place Add\" \/>\n<meta property=\"article:publisher\" content=\"https:\/\/www.facebook.com\/PlaceAdd\/\" \/>\n<meta property=\"article:modified_time\" content=\"2025-06-01T12:34:04+00:00\" \/>\n<meta property=\"og:image\" content=\"https:\/\/place-add.nl\/wp-content\/uploads\/2024\/06\/Bindingsvorm_Klembinding_Place_Add_1.jpg\" \/>\n\t<meta property=\"og:image:width\" content=\"800\" \/>\n\t<meta property=\"og:image:height\" content=\"800\" \/>\n\t<meta property=\"og:image:type\" content=\"image\/jpeg\" \/>\n<meta name=\"twitter:card\" content=\"summary_large_image\" \/>\n<meta name=\"twitter:label1\" content=\"Gesch\u00e4tzte Lesezeit\" \/>\n\t<meta name=\"twitter:data1\" content=\"2\u00a0Minuten\" \/>\n<script type=\"application\/ld+json\" class=\"yoast-schema-graph\">{\"@context\":\"https:\/\/schema.org\",\"@graph\":[{\"@type\":\"WebPage\",\"@id\":\"https:\/\/place-add.nl\/de\/produkt\/klemme\/\",\"url\":\"https:\/\/place-add.nl\/de\/produkt\/klemme\/\",\"name\":\"Klemme | Speisekarten | Place Add | F\u00fcr die Gastronomie\",\"isPartOf\":{\"@id\":\"https:\/\/place-add.nl\/de\/#website\"},\"primaryImageOfPage\":{\"@id\":\"https:\/\/place-add.nl\/de\/produkt\/klemme\/#primaryimage\"},\"image\":{\"@id\":\"https:\/\/place-add.nl\/de\/produkt\/klemme\/#primaryimage\"},\"thumbnailUrl\":\"https:\/\/place-add.nl\/wp-content\/uploads\/2024\/06\/Bindingsvorm_Klembinding_Place_Add_1.jpg\",\"datePublished\":\"2024-06-17T14:52:54+00:00\",\"dateModified\":\"2025-06-01T12:34:04+00:00\",\"description\":\"Unsere Klemm-bindung ist eine effiziente L\u00f6sung f\u00fcr Ihre Men\u00fckarten. Mit einer praktischen Plakatklemme k\u00f6nnen Sie Ihre Speisekarte schnell \u00e4ndern!\",\"breadcrumb\":{\"@id\":\"https:\/\/place-add.nl\/de\/produkt\/klemme\/#breadcrumb\"},\"inLanguage\":\"de\",\"potentialAction\":[{\"@type\":\"ReadAction\",\"target\":[\"https:\/\/place-add.nl\/de\/produkt\/klemme\/\"]}]},{\"@type\":\"ImageObject\",\"inLanguage\":\"de\",\"@id\":\"https:\/\/place-add.nl\/de\/produkt\/klemme\/#primaryimage\",\"url\":\"https:\/\/place-add.nl\/wp-content\/uploads\/2024\/06\/Bindingsvorm_Klembinding_Place_Add_1.jpg\",\"contentUrl\":\"https:\/\/place-add.nl\/wp-content\/uploads\/2024\/06\/Bindingsvorm_Klembinding_Place_Add_1.jpg\",\"width\":800,\"height\":800},{\"@type\":\"BreadcrumbList\",\"@id\":\"https:\/\/place-add.nl\/de\/produkt\/klemme\/#breadcrumb\",\"itemListElement\":[{\"@type\":\"ListItem\",\"position\":1,\"name\":\"Home\",\"item\":\"https:\/\/place-add.nl\/de\/home\/\"},{\"@type\":\"ListItem\",\"position\":2,\"name\":\"Shop\",\"item\":\"https:\/\/place-add.nl\/de\/shop\/\"},{\"@type\":\"ListItem\",\"position\":3,\"name\":\"Klemme\"}]},{\"@type\":\"WebSite\",\"@id\":\"https:\/\/place-add.nl\/de\/#website\",\"url\":\"https:\/\/place-add.nl\/de\/\",\"name\":\"Place Add\",\"description\":\"Tafelkleding voor de horeca\",\"publisher\":{\"@id\":\"https:\/\/place-add.nl\/de\/#organization\"},\"potentialAction\":[{\"@type\":\"SearchAction\",\"target\":{\"@type\":\"EntryPoint\",\"urlTemplate\":\"https:\/\/place-add.nl\/de\/?s={search_term_string}\"},\"query-input\":{\"@type\":\"PropertyValueSpecification\",\"valueRequired\":true,\"valueName\":\"search_term_string\"}}],\"inLanguage\":\"de\"},{\"@type\":\"Organization\",\"@id\":\"https:\/\/place-add.nl\/de\/#organization\",\"name\":\"Place Add\",\"url\":\"https:\/\/place-add.nl\/de\/\",\"logo\":{\"@type\":\"ImageObject\",\"inLanguage\":\"de\",\"@id\":\"https:\/\/place-add.nl\/de\/#\/schema\/logo\/image\/\",\"url\":\"https:\/\/place-add.nl\/wp-content\/uploads\/2023\/11\/logo-img-place-add.png\",\"contentUrl\":\"https:\/\/place-add.nl\/wp-content\/uploads\/2023\/11\/logo-img-place-add.png\",\"width\":404,\"height\":106,\"caption\":\"Place Add\"},\"image\":{\"@id\":\"https:\/\/place-add.nl\/de\/#\/schema\/logo\/image\/\"},\"sameAs\":[\"https:\/\/www.facebook.com\/PlaceAdd\/\",\"https:\/\/www.instagram.com\/place_add\/\",\"https:\/\/www.youtube.com\/@placeadd\"]}]}<\/script>\n<!-- \/ Yoast SEO Premium plugin. -->","yoast_head_json":{"title":"Klemme | Speisekarten | Place Add | F\u00fcr die Gastronomie","description":"Unsere Klemm-bindung ist eine effiziente L\u00f6sung f\u00fcr Ihre Men\u00fckarten. Mit einer praktischen Plakatklemme k\u00f6nnen Sie Ihre Speisekarte schnell \u00e4ndern!","robots":{"index":"index","follow":"follow","max-snippet":"max-snippet:-1","max-image-preview":"max-image-preview:large","max-video-preview":"max-video-preview:-1"},"canonical":"https:\/\/place-add.nl\/de\/produkt\/klemme\/","og_locale":"de_DE","og_type":"article","og_title":"Klemme","og_description":"Unsere Klemm-bindung ist eine effiziente L\u00f6sung f\u00fcr Ihre Men\u00fckarten. Mit einer praktischen Plakatklemme k\u00f6nnen Sie Ihre Speisekarte schnell \u00e4ndern!","og_url":"https:\/\/place-add.nl\/de\/produkt\/klemme\/","og_site_name":"Place Add","article_publisher":"https:\/\/www.facebook.com\/PlaceAdd\/","article_modified_time":"2025-06-01T12:34:04+00:00","og_image":[{"width":800,"height":800,"url":"https:\/\/place-add.nl\/wp-content\/uploads\/2024\/06\/Bindingsvorm_Klembinding_Place_Add_1.jpg","type":"image\/jpeg"}],"twitter_card":"summary_large_image","twitter_misc":{"Gesch\u00e4tzte Lesezeit":"2\u00a0Minuten"},"schema":{"@context":"https:\/\/schema.org","@graph":[{"@type":"WebPage","@id":"https:\/\/place-add.nl\/de\/produkt\/klemme\/","url":"https:\/\/place-add.nl\/de\/produkt\/klemme\/","name":"Klemme | Speisekarten | Place Add | F\u00fcr die Gastronomie","isPartOf":{"@id":"https:\/\/place-add.nl\/de\/#website"},"primaryImageOfPage":{"@id":"https:\/\/place-add.nl\/de\/produkt\/klemme\/#primaryimage"},"image":{"@id":"https:\/\/place-add.nl\/de\/produkt\/klemme\/#primaryimage"},"thumbnailUrl":"https:\/\/place-add.nl\/wp-content\/uploads\/2024\/06\/Bindingsvorm_Klembinding_Place_Add_1.jpg","datePublished":"2024-06-17T14:52:54+00:00","dateModified":"2025-06-01T12:34:04+00:00","description":"Unsere Klemm-bindung ist eine effiziente L\u00f6sung f\u00fcr Ihre Men\u00fckarten. Mit einer praktischen Plakatklemme k\u00f6nnen Sie Ihre Speisekarte schnell \u00e4ndern!","breadcrumb":{"@id":"https:\/\/place-add.nl\/de\/produkt\/klemme\/#breadcrumb"},"inLanguage":"de","potentialAction":[{"@type":"ReadAction","target":["https:\/\/place-add.nl\/de\/produkt\/klemme\/"]}]},{"@type":"ImageObject","inLanguage":"de","@id":"https:\/\/place-add.nl\/de\/produkt\/klemme\/#primaryimage","url":"https:\/\/place-add.nl\/wp-content\/uploads\/2024\/06\/Bindingsvorm_Klembinding_Place_Add_1.jpg","contentUrl":"https:\/\/place-add.nl\/wp-content\/uploads\/2024\/06\/Bindingsvorm_Klembinding_Place_Add_1.jpg","width":800,"height":800},{"@type":"BreadcrumbList","@id":"https:\/\/place-add.nl\/de\/produkt\/klemme\/#breadcrumb","itemListElement":[{"@type":"ListItem","position":1,"name":"Home","item":"https:\/\/place-add.nl\/de\/home\/"},{"@type":"ListItem","position":2,"name":"Shop","item":"https:\/\/place-add.nl\/de\/shop\/"},{"@type":"ListItem","position":3,"name":"Klemme"}]},{"@type":"WebSite","@id":"https:\/\/place-add.nl\/de\/#website","url":"https:\/\/place-add.nl\/de\/","name":"Place Add","description":"Tafelkleding voor de horeca","publisher":{"@id":"https:\/\/place-add.nl\/de\/#organization"},"potentialAction":[{"@type":"SearchAction","target":{"@type":"EntryPoint","urlTemplate":"https:\/\/place-add.nl\/de\/?s={search_term_string}"},"query-input":{"@type":"PropertyValueSpecification","valueRequired":true,"valueName":"search_term_string"}}],"inLanguage":"de"},{"@type":"Organization","@id":"https:\/\/place-add.nl\/de\/#organization","name":"Place Add","url":"https:\/\/place-add.nl\/de\/","logo":{"@type":"ImageObject","inLanguage":"de","@id":"https:\/\/place-add.nl\/de\/#\/schema\/logo\/image\/","url":"https:\/\/place-add.nl\/wp-content\/uploads\/2023\/11\/logo-img-place-add.png","contentUrl":"https:\/\/place-add.nl\/wp-content\/uploads\/2023\/11\/logo-img-place-add.png","width":404,"height":106,"caption":"Place Add"},"image":{"@id":"https:\/\/place-add.nl\/de\/#\/schema\/logo\/image\/"},"sameAs":["https:\/\/www.facebook.com\/PlaceAdd\/","https:\/\/www.instagram.com\/place_add\/","https:\/\/www.youtube.com\/@placeadd"]}]}},"_links":{"self":[{"href":"https:\/\/place-add.nl\/de\/wp-json\/wp\/v2\/product\/43704","targetHints":{"allow":["GET"]}}],"collection":[{"href":"https:\/\/place-add.nl\/de\/wp-json\/wp\/v2\/product"}],"about":[{"href":"https:\/\/place-add.nl\/de\/wp-json\/wp\/v2\/types\/product"}],"wp:featuredmedia":[{"embeddable":true,"href":"https:\/\/place-add.nl\/de\/wp-json\/wp\/v2\/media\/37851"}],"wp:attachment":[{"href":"https:\/\/place-add.nl\/de\/wp-json\/wp\/v2\/media?parent=43704"}],"wp:term":[{"taxonomy":"product_brand","embeddable":true,"href":"https:\/\/place-add.nl\/de\/wp-json\/wp\/v2\/product_brand?post=43704"},{"taxonomy":"product_cat","embeddable":true,"href":"https:\/\/place-add.nl\/de\/wp-json\/wp\/v2\/product_cat?post=43704"},{"taxonomy":"product_tag","embeddable":true,"href":"https:\/\/place-add.nl\/de\/wp-json\/wp\/v2\/product_tag?post=43704"}],"curies":[{"name":"wp","href":"https:\/\/api.w.org\/{rel}","templated":true}]}}