{"id":43706,"date":"2024-06-17T14:52:34","date_gmt":"2024-06-17T14:52:34","guid":{"rendered":"https:\/\/place-add.nl\/product\/eikenhouten-bindingen\/"},"modified":"2025-06-01T12:40:37","modified_gmt":"2025-06-01T12:40:37","slug":"holz","status":"publish","type":"product","link":"https:\/\/place-add.nl\/de\/produkt\/holz\/","title":{"rendered":"Holz"},"content":{"rendered":"<p>Unsere <strong>Eichenholz-Bindungen<\/strong> sind die ideale Wahl f\u00fcr eine stilvolle und nat\u00fcrliche Pr\u00e4sentation Ihrer Speisekarten. Diese Bindungen eignen sich f\u00fcr nahezu alle Formate von Speisekarten und sind somit eine vielseitige L\u00f6sung f\u00fcr Restaurants, Caf\u00e9s und andere Gastronomiebetriebe, die nach einem authentischen und hochwertigen Look suchen.<\/p>\n<p><strong>Verf\u00fcgbare Holzarten:<\/strong><\/p>\n<ul>\n<li><strong>Helles Eichenholz<\/strong>: Verleiht eine frische und nat\u00fcrliche Ausstrahlung, perfekt f\u00fcr eine helle und moderne Atmosph\u00e4re.<\/li>\n<li><strong>Dunkles Eichenholz<\/strong>: Sorgt f\u00fcr eine warme und klassische Optik, ideal f\u00fcr ein traditionelles Ambiente.<\/li>\n<li><strong>Schwarzes Eichenholz<\/strong>: Schafft einen eleganten und modernen Look, perfekt f\u00fcr eine stilvolle und zeitgem\u00e4\u00dfe Umgebung.<\/li>\n<li><strong>Anpassbare Schrauboptionen<\/strong>: Die Anzahl der Schrauben in der Bindung richtet sich nach der Gr\u00f6\u00dfe der Speisekarte. So bleibt die Bindung stets stabil und funktional, unabh\u00e4ngig von den Abmessungen Ihres Men\u00fcs.<\/li>\n<\/ul>\n<p><strong>Farben f\u00fcr die Schrauben:<\/strong><\/p>\n<ul>\n<li><strong>Schwarz<\/strong><\/li>\n<li><strong>Messing<\/strong><\/li>\n<li><strong>Nickel<\/strong><\/li>\n<\/ul>\n<p>Unsere Eichenholz-Bindungen kombinieren Funktionalit\u00e4t mit einer \u00e4sthetischen, nat\u00fcrlichen Ausstrahlung und sind in verschiedenen Ausf\u00fchrungen erh\u00e4ltlich. Ob Sie sich f\u00fcr einen frischen, klassischen oder modernen Stil entscheiden \u2013 diese Bindungen bieten eine raffinierte M\u00f6glichkeit, Ihre Speisekarten zu pr\u00e4sentieren.<\/p>\n<p>Sie ben\u00f6tigen kurzfristig Speisekarten? Dann besuchen Sie unsere zweite Website, <strong><a href=\"http:\/\/www.craftontable.com\/\">Craftontable.com<\/a><\/strong>, f\u00fcr Speisekarten mit weniger Personalisierungsm\u00f6glichkeiten, aber schnellerer Lieferzeit.<\/p>\n<p><strong>Ben\u00f6tigen Sie eine pers\u00f6nliche Beratung? Dann nehmen Sie <a href=\"https:\/\/place-add.nl\/de\/kontakt\/\">Kontakt<\/a> mit uns auf. Unser engagiertes Team hilft Ihnen gerne, die perfekte Wahl f\u00fcr Ihre speziellen Bed\u00fcrfnisse zu treffen.<\/strong><\/p>\n<p><button id=\"knop-contact-opnemen-de\">Kontaktieren Sie uns unverbindlich<\/button><\/p>\n","protected":false},"excerpt":{"rendered":"<p>Onze <strong>Holzbindungen<\/strong> bieten eine wundersch\u00f6ne und nat\u00fcrliche M\u00f6glichkeit, Ihre Speisekarten zu binden. Diese aus Eichenholz gefertigten Bindungen sind nicht nur funktional, sondern verleihen Ihrer Pr\u00e4sentation auch eine stilvolle und rustikale Note. Erh\u00e4ltlich in drei Varianten, bieten wir die perfekte Bindung f\u00fcr jede Atmosph\u00e4re und jeden Anlass.<\/p>\n<p><button id=\"knop-contact-opnemen-de\">Kontaktieren Sie uns unverbindlich<\/button><\/p>\n","protected":false},"featured_media":40849,"template":"","meta":[],"product_brand":[],"product_cat":[1451],"product_tag":[1140,1241,1364,1222,1198,1199,1200,1201,1202,1203],"class_list":{"0":"post-43706","1":"product","2":"type-product","3":"status-publish","4":"has-post-thumbnail","6":"product_cat-bindungsformen","7":"product_tag-bindung-der-speisekarte","8":"product_tag-bindungen-speisekarten","9":"product_tag-holz","10":"product_tag-holzbindung","11":"product_tag-maatwerk-menukaarten-de","12":"product_tag-menukaarten-de","13":"product_tag-menukaarten-horeca-de","14":"product_tag-menukaarten-kopen-de","15":"product_tag-menukaarten-op-maat-de","16":"product_tag-restaurant-menukaarten-de","18":"first","19":"instock","20":"taxable","21":"shipping-taxable","22":"product-type-simple"},"yoast_head":"<!-- This site is optimized with the Yoast SEO Premium plugin v27.2 (Yoast SEO v27.2) - https:\/\/yoast.com\/product\/yoast-seo-premium-wordpress\/ -->\n<title>Holz | Speisekarten | Place Add | F\u00fcr die Gastronomie<\/title>\n<meta name=\"description\" content=\"Unsere Eichenholz-Bindungen bieten eine nat\u00fcrliche und stilvolle M\u00f6glichkeit, Ihre Speisekarten zu pr\u00e4sentieren. Erh\u00e4ltlich in drei Varianten!\" \/>\n<meta name=\"robots\" content=\"index, follow, max-snippet:-1, max-image-preview:large, max-video-preview:-1\" \/>\n<link rel=\"canonical\" href=\"https:\/\/place-add.nl\/de\/produkt\/holz\/\" \/>\n<meta property=\"og:locale\" content=\"de_DE\" \/>\n<meta property=\"og:type\" content=\"article\" \/>\n<meta property=\"og:title\" content=\"Holz\" \/>\n<meta property=\"og:description\" content=\"Unsere Eichenholz-Bindungen bieten eine nat\u00fcrliche und stilvolle M\u00f6glichkeit, Ihre Speisekarten zu pr\u00e4sentieren. Erh\u00e4ltlich in drei Varianten!\" \/>\n<meta property=\"og:url\" content=\"https:\/\/place-add.nl\/de\/produkt\/holz\/\" \/>\n<meta property=\"og:site_name\" content=\"Place Add\" \/>\n<meta property=\"article:publisher\" content=\"https:\/\/www.facebook.com\/PlaceAdd\/\" \/>\n<meta property=\"article:modified_time\" content=\"2025-06-01T12:40:37+00:00\" \/>\n<meta property=\"og:image\" content=\"https:\/\/place-add.nl\/wp-content\/uploads\/2024\/06\/Menukaart_Hout_Place-add_8-scaled.jpg\" \/>\n\t<meta property=\"og:image:width\" content=\"1000\" \/>\n\t<meta property=\"og:image:height\" content=\"1000\" \/>\n\t<meta property=\"og:image:type\" content=\"image\/jpeg\" \/>\n<meta name=\"twitter:card\" content=\"summary_large_image\" \/>\n<meta name=\"twitter:label1\" content=\"Gesch\u00e4tzte Lesezeit\" \/>\n\t<meta name=\"twitter:data1\" content=\"2\u00a0Minuten\" \/>\n<script type=\"application\/ld+json\" class=\"yoast-schema-graph\">{\"@context\":\"https:\/\/schema.org\",\"@graph\":[{\"@type\":\"WebPage\",\"@id\":\"https:\/\/place-add.nl\/de\/produkt\/holz\/\",\"url\":\"https:\/\/place-add.nl\/de\/produkt\/holz\/\",\"name\":\"Holz | Speisekarten | Place Add | F\u00fcr die Gastronomie\",\"isPartOf\":{\"@id\":\"https:\/\/place-add.nl\/de\/#website\"},\"primaryImageOfPage\":{\"@id\":\"https:\/\/place-add.nl\/de\/produkt\/holz\/#primaryimage\"},\"image\":{\"@id\":\"https:\/\/place-add.nl\/de\/produkt\/holz\/#primaryimage\"},\"thumbnailUrl\":\"https:\/\/place-add.nl\/wp-content\/uploads\/2024\/06\/Menukaart_Hout_Place-add_8-scaled.jpg\",\"datePublished\":\"2024-06-17T14:52:34+00:00\",\"dateModified\":\"2025-06-01T12:40:37+00:00\",\"description\":\"Unsere Eichenholz-Bindungen bieten eine nat\u00fcrliche und stilvolle M\u00f6glichkeit, Ihre Speisekarten zu pr\u00e4sentieren. Erh\u00e4ltlich in drei Varianten!\",\"breadcrumb\":{\"@id\":\"https:\/\/place-add.nl\/de\/produkt\/holz\/#breadcrumb\"},\"inLanguage\":\"de\",\"potentialAction\":[{\"@type\":\"ReadAction\",\"target\":[\"https:\/\/place-add.nl\/de\/produkt\/holz\/\"]}]},{\"@type\":\"ImageObject\",\"inLanguage\":\"de\",\"@id\":\"https:\/\/place-add.nl\/de\/produkt\/holz\/#primaryimage\",\"url\":\"https:\/\/place-add.nl\/wp-content\/uploads\/2024\/06\/Menukaart_Hout_Place-add_8-scaled.jpg\",\"contentUrl\":\"https:\/\/place-add.nl\/wp-content\/uploads\/2024\/06\/Menukaart_Hout_Place-add_8-scaled.jpg\",\"width\":1000,\"height\":1000,\"caption\":\"eikenhouten bindingen\"},{\"@type\":\"BreadcrumbList\",\"@id\":\"https:\/\/place-add.nl\/de\/produkt\/holz\/#breadcrumb\",\"itemListElement\":[{\"@type\":\"ListItem\",\"position\":1,\"name\":\"Home\",\"item\":\"https:\/\/place-add.nl\/de\/home\/\"},{\"@type\":\"ListItem\",\"position\":2,\"name\":\"Shop\",\"item\":\"https:\/\/place-add.nl\/de\/shop\/\"},{\"@type\":\"ListItem\",\"position\":3,\"name\":\"Holz\"}]},{\"@type\":\"WebSite\",\"@id\":\"https:\/\/place-add.nl\/de\/#website\",\"url\":\"https:\/\/place-add.nl\/de\/\",\"name\":\"Place Add\",\"description\":\"Tafelkleding voor de horeca\",\"publisher\":{\"@id\":\"https:\/\/place-add.nl\/de\/#organization\"},\"potentialAction\":[{\"@type\":\"SearchAction\",\"target\":{\"@type\":\"EntryPoint\",\"urlTemplate\":\"https:\/\/place-add.nl\/de\/?s={search_term_string}\"},\"query-input\":{\"@type\":\"PropertyValueSpecification\",\"valueRequired\":true,\"valueName\":\"search_term_string\"}}],\"inLanguage\":\"de\"},{\"@type\":\"Organization\",\"@id\":\"https:\/\/place-add.nl\/de\/#organization\",\"name\":\"Place Add\",\"url\":\"https:\/\/place-add.nl\/de\/\",\"logo\":{\"@type\":\"ImageObject\",\"inLanguage\":\"de\",\"@id\":\"https:\/\/place-add.nl\/de\/#\/schema\/logo\/image\/\",\"url\":\"https:\/\/place-add.nl\/wp-content\/uploads\/2023\/11\/logo-img-place-add.png\",\"contentUrl\":\"https:\/\/place-add.nl\/wp-content\/uploads\/2023\/11\/logo-img-place-add.png\",\"width\":404,\"height\":106,\"caption\":\"Place Add\"},\"image\":{\"@id\":\"https:\/\/place-add.nl\/de\/#\/schema\/logo\/image\/\"},\"sameAs\":[\"https:\/\/www.facebook.com\/PlaceAdd\/\",\"https:\/\/www.instagram.com\/place_add\/\",\"https:\/\/www.youtube.com\/@placeadd\"]}]}<\/script>\n<!-- \/ Yoast SEO Premium plugin. -->","yoast_head_json":{"title":"Holz | Speisekarten | Place Add | F\u00fcr die Gastronomie","description":"Unsere Eichenholz-Bindungen bieten eine nat\u00fcrliche und stilvolle M\u00f6glichkeit, Ihre Speisekarten zu pr\u00e4sentieren. Erh\u00e4ltlich in drei Varianten!","robots":{"index":"index","follow":"follow","max-snippet":"max-snippet:-1","max-image-preview":"max-image-preview:large","max-video-preview":"max-video-preview:-1"},"canonical":"https:\/\/place-add.nl\/de\/produkt\/holz\/","og_locale":"de_DE","og_type":"article","og_title":"Holz","og_description":"Unsere Eichenholz-Bindungen bieten eine nat\u00fcrliche und stilvolle M\u00f6glichkeit, Ihre Speisekarten zu pr\u00e4sentieren. Erh\u00e4ltlich in drei Varianten!","og_url":"https:\/\/place-add.nl\/de\/produkt\/holz\/","og_site_name":"Place Add","article_publisher":"https:\/\/www.facebook.com\/PlaceAdd\/","article_modified_time":"2025-06-01T12:40:37+00:00","og_image":[{"width":1000,"height":1000,"url":"https:\/\/place-add.nl\/wp-content\/uploads\/2024\/06\/Menukaart_Hout_Place-add_8-scaled.jpg","type":"image\/jpeg"}],"twitter_card":"summary_large_image","twitter_misc":{"Gesch\u00e4tzte Lesezeit":"2\u00a0Minuten"},"schema":{"@context":"https:\/\/schema.org","@graph":[{"@type":"WebPage","@id":"https:\/\/place-add.nl\/de\/produkt\/holz\/","url":"https:\/\/place-add.nl\/de\/produkt\/holz\/","name":"Holz | Speisekarten | Place Add | F\u00fcr die Gastronomie","isPartOf":{"@id":"https:\/\/place-add.nl\/de\/#website"},"primaryImageOfPage":{"@id":"https:\/\/place-add.nl\/de\/produkt\/holz\/#primaryimage"},"image":{"@id":"https:\/\/place-add.nl\/de\/produkt\/holz\/#primaryimage"},"thumbnailUrl":"https:\/\/place-add.nl\/wp-content\/uploads\/2024\/06\/Menukaart_Hout_Place-add_8-scaled.jpg","datePublished":"2024-06-17T14:52:34+00:00","dateModified":"2025-06-01T12:40:37+00:00","description":"Unsere Eichenholz-Bindungen bieten eine nat\u00fcrliche und stilvolle M\u00f6glichkeit, Ihre Speisekarten zu pr\u00e4sentieren. Erh\u00e4ltlich in drei Varianten!","breadcrumb":{"@id":"https:\/\/place-add.nl\/de\/produkt\/holz\/#breadcrumb"},"inLanguage":"de","potentialAction":[{"@type":"ReadAction","target":["https:\/\/place-add.nl\/de\/produkt\/holz\/"]}]},{"@type":"ImageObject","inLanguage":"de","@id":"https:\/\/place-add.nl\/de\/produkt\/holz\/#primaryimage","url":"https:\/\/place-add.nl\/wp-content\/uploads\/2024\/06\/Menukaart_Hout_Place-add_8-scaled.jpg","contentUrl":"https:\/\/place-add.nl\/wp-content\/uploads\/2024\/06\/Menukaart_Hout_Place-add_8-scaled.jpg","width":1000,"height":1000,"caption":"eikenhouten bindingen"},{"@type":"BreadcrumbList","@id":"https:\/\/place-add.nl\/de\/produkt\/holz\/#breadcrumb","itemListElement":[{"@type":"ListItem","position":1,"name":"Home","item":"https:\/\/place-add.nl\/de\/home\/"},{"@type":"ListItem","position":2,"name":"Shop","item":"https:\/\/place-add.nl\/de\/shop\/"},{"@type":"ListItem","position":3,"name":"Holz"}]},{"@type":"WebSite","@id":"https:\/\/place-add.nl\/de\/#website","url":"https:\/\/place-add.nl\/de\/","name":"Place Add","description":"Tafelkleding voor de horeca","publisher":{"@id":"https:\/\/place-add.nl\/de\/#organization"},"potentialAction":[{"@type":"SearchAction","target":{"@type":"EntryPoint","urlTemplate":"https:\/\/place-add.nl\/de\/?s={search_term_string}"},"query-input":{"@type":"PropertyValueSpecification","valueRequired":true,"valueName":"search_term_string"}}],"inLanguage":"de"},{"@type":"Organization","@id":"https:\/\/place-add.nl\/de\/#organization","name":"Place Add","url":"https:\/\/place-add.nl\/de\/","logo":{"@type":"ImageObject","inLanguage":"de","@id":"https:\/\/place-add.nl\/de\/#\/schema\/logo\/image\/","url":"https:\/\/place-add.nl\/wp-content\/uploads\/2023\/11\/logo-img-place-add.png","contentUrl":"https:\/\/place-add.nl\/wp-content\/uploads\/2023\/11\/logo-img-place-add.png","width":404,"height":106,"caption":"Place Add"},"image":{"@id":"https:\/\/place-add.nl\/de\/#\/schema\/logo\/image\/"},"sameAs":["https:\/\/www.facebook.com\/PlaceAdd\/","https:\/\/www.instagram.com\/place_add\/","https:\/\/www.youtube.com\/@placeadd"]}]}},"_links":{"self":[{"href":"https:\/\/place-add.nl\/de\/wp-json\/wp\/v2\/product\/43706","targetHints":{"allow":["GET"]}}],"collection":[{"href":"https:\/\/place-add.nl\/de\/wp-json\/wp\/v2\/product"}],"about":[{"href":"https:\/\/place-add.nl\/de\/wp-json\/wp\/v2\/types\/product"}],"wp:featuredmedia":[{"embeddable":true,"href":"https:\/\/place-add.nl\/de\/wp-json\/wp\/v2\/media\/40849"}],"wp:attachment":[{"href":"https:\/\/place-add.nl\/de\/wp-json\/wp\/v2\/media?parent=43706"}],"wp:term":[{"taxonomy":"product_brand","embeddable":true,"href":"https:\/\/place-add.nl\/de\/wp-json\/wp\/v2\/product_brand?post=43706"},{"taxonomy":"product_cat","embeddable":true,"href":"https:\/\/place-add.nl\/de\/wp-json\/wp\/v2\/product_cat?post=43706"},{"taxonomy":"product_tag","embeddable":true,"href":"https:\/\/place-add.nl\/de\/wp-json\/wp\/v2\/product_tag?post=43706"}],"curies":[{"name":"wp","href":"https:\/\/api.w.org\/{rel}","templated":true}]}}