{"id":43709,"date":"2024-11-29T16:16:14","date_gmt":"2024-11-29T16:16:14","guid":{"rendered":"https:\/\/place-add.nl\/product\/digiprint-logo\/"},"modified":"2025-06-01T20:22:17","modified_gmt":"2025-06-01T20:22:17","slug":"digiprint-logo","status":"publish","type":"product","link":"https:\/\/place-add.nl\/de\/produkt\/digiprint-logo\/","title":{"rendered":"Digiprint Logo"},"content":{"rendered":"<p>Bei <strong>Digiprint Logo<\/strong> wird das Design mit einem modernen Tintenstrahldrucker direkt vom Computer auf das Material aufgebracht. Bei dieser Technik werden schnell trocknende Tinten oder Toner verwendet, die f\u00fcr scharfe, farbenfrohe Drucke mit einer dauerhaften und hochwertigen Oberfl\u00e4che sorgen. Wir arbeiten mit flexiblen Tinten f\u00fcr das Digiprint-Logo, was bedeutet, dass es w\u00e4hrend des Gebrauchs nicht rei\u00dft und sich daher hervorragend f\u00fcr Men\u00fckarten eignet.<\/p>\n<p>Wenn Sie kurzfristig Speisekarten ben\u00f6tigen, besuchen Sie bitte unsere andere Website: <a href=\"http:\/\/www.craftontable.com\/\">http:\/\/www.craftontable.com<\/a>.<\/p>\n<p>Ben\u00f6tigen Sie eine pers\u00f6nliche Beratung? Dann nehmen Sie <strong><a href=\"https:\/\/place-add.nl\/de\/kontakt\/\">Kontakt<\/a><\/strong> mit uns auf. Unser engagiertes Team hilft Ihnen gerne, die perfekte Wahl f\u00fcr Ihre spezifischen Bed\u00fcrfnisse zu treffen.<\/p>\n<p><button id=\"knop-contact-opnemen-de\">Kontaktieren Sie uns unverbindlich<\/button><\/p>\n","protected":false},"excerpt":{"rendered":"<p>Ein pers\u00f6nlicher und professioneller Look mit <strong>Digiprint Logo<\/strong>! Ob Holz, Leder, Kunstleder, Kunststoff oder Karton, wir bieten hochwertige Drucke auf verschiedenen Materialien. Der Digitaldruck erm\u00f6glicht es, lebendige Farben und scharfe Details zum Leben zu erwecken, perfekt f\u00fcr Ihr Logo, Bilder oder ein stilvolles Design. Diese Technik ist flexibel und eignet sich sowohl f\u00fcr kleine Auflagen als auch f\u00fcr gr\u00f6\u00dfere Auftr\u00e4ge. Ihre Speisekarten werden ein echter Blickfang sein, abgestimmt auf die Atmosph\u00e4re Ihres Unternehmens. Lassen Sie Ihrer Kreativit\u00e4t freien Lauf und wir k\u00fcmmern uns um den Rest. Kontaktieren Sie uns und entdecken Sie die M\u00f6glichkeiten!<\/p>\n<p><button id=\"knop-contact-opnemen-de\">Kontaktieren Sie uns unverbindlich<\/button><\/p>\n","protected":false},"featured_media":43108,"template":"","meta":[],"product_brand":[],"product_cat":[1001],"product_tag":[],"class_list":{"0":"post-43709","1":"product","2":"type-product","3":"status-publish","4":"has-post-thumbnail","6":"product_cat-druckoptionen","8":"first","9":"instock","10":"taxable","11":"shipping-taxable","12":"product-type-simple"},"yoast_head":"<!-- This site is optimized with the Yoast SEO Premium plugin v27.2 (Yoast SEO v27.2) - https:\/\/yoast.com\/product\/yoast-seo-premium-wordpress\/ -->\n<title>Digiprint Logo |Speisekarten | Place Add | F\u00fcr die Gastronomie<\/title>\n<meta name=\"description\" content=\"Digiprint Logo: Digitaldruck, bei dem die Motive mit flexiblen Farben direkt auf das Material gedruckt werden. Hohe Qualit\u00e4t garantiert!\" \/>\n<meta name=\"robots\" content=\"index, follow, max-snippet:-1, max-image-preview:large, max-video-preview:-1\" \/>\n<link rel=\"canonical\" href=\"https:\/\/place-add.nl\/de\/produkt\/digiprint-logo\/\" \/>\n<meta property=\"og:locale\" content=\"de_DE\" \/>\n<meta property=\"og:type\" content=\"article\" \/>\n<meta property=\"og:title\" content=\"Digiprint Logo\" \/>\n<meta property=\"og:description\" content=\"Digiprint Logo: Digitaldruck, bei dem die Motive mit flexiblen Farben direkt auf das Material gedruckt werden. Hohe Qualit\u00e4t garantiert!\" \/>\n<meta property=\"og:url\" content=\"https:\/\/place-add.nl\/de\/produkt\/digiprint-logo\/\" \/>\n<meta property=\"og:site_name\" content=\"Place Add\" \/>\n<meta property=\"article:publisher\" content=\"https:\/\/www.facebook.com\/PlaceAdd\/\" \/>\n<meta property=\"article:modified_time\" content=\"2025-06-01T20:22:17+00:00\" \/>\n<meta property=\"og:image\" content=\"https:\/\/place-add.nl\/wp-content\/uploads\/2024\/11\/Menukaart_Digiprin_logo_Place-add_2.jpg\" \/>\n\t<meta property=\"og:image:width\" content=\"800\" \/>\n\t<meta property=\"og:image:height\" content=\"800\" \/>\n\t<meta property=\"og:image:type\" content=\"image\/jpeg\" \/>\n<meta name=\"twitter:card\" content=\"summary_large_image\" \/>\n<meta name=\"twitter:label1\" content=\"Gesch\u00e4tzte Lesezeit\" \/>\n\t<meta name=\"twitter:data1\" content=\"1\u00a0Minute\" \/>\n<script type=\"application\/ld+json\" class=\"yoast-schema-graph\">{\"@context\":\"https:\/\/schema.org\",\"@graph\":[{\"@type\":\"WebPage\",\"@id\":\"https:\/\/place-add.nl\/de\/produkt\/digiprint-logo\/\",\"url\":\"https:\/\/place-add.nl\/de\/produkt\/digiprint-logo\/\",\"name\":\"Digiprint Logo |Speisekarten | Place Add | F\u00fcr die Gastronomie\",\"isPartOf\":{\"@id\":\"https:\/\/place-add.nl\/de\/#website\"},\"primaryImageOfPage\":{\"@id\":\"https:\/\/place-add.nl\/de\/produkt\/digiprint-logo\/#primaryimage\"},\"image\":{\"@id\":\"https:\/\/place-add.nl\/de\/produkt\/digiprint-logo\/#primaryimage\"},\"thumbnailUrl\":\"https:\/\/place-add.nl\/wp-content\/uploads\/2024\/11\/Menukaart_Digiprin_logo_Place-add_2.jpg\",\"datePublished\":\"2024-11-29T16:16:14+00:00\",\"dateModified\":\"2025-06-01T20:22:17+00:00\",\"description\":\"Digiprint Logo: Digitaldruck, bei dem die Motive mit flexiblen Farben direkt auf das Material gedruckt werden. Hohe Qualit\u00e4t garantiert!\",\"breadcrumb\":{\"@id\":\"https:\/\/place-add.nl\/de\/produkt\/digiprint-logo\/#breadcrumb\"},\"inLanguage\":\"de\",\"potentialAction\":[{\"@type\":\"ReadAction\",\"target\":[\"https:\/\/place-add.nl\/de\/produkt\/digiprint-logo\/\"]}]},{\"@type\":\"ImageObject\",\"inLanguage\":\"de\",\"@id\":\"https:\/\/place-add.nl\/de\/produkt\/digiprint-logo\/#primaryimage\",\"url\":\"https:\/\/place-add.nl\/wp-content\/uploads\/2024\/11\/Menukaart_Digiprin_logo_Place-add_2.jpg\",\"contentUrl\":\"https:\/\/place-add.nl\/wp-content\/uploads\/2024\/11\/Menukaart_Digiprin_logo_Place-add_2.jpg\",\"width\":800,\"height\":800,\"caption\":\"Digiprint Logo\"},{\"@type\":\"BreadcrumbList\",\"@id\":\"https:\/\/place-add.nl\/de\/produkt\/digiprint-logo\/#breadcrumb\",\"itemListElement\":[{\"@type\":\"ListItem\",\"position\":1,\"name\":\"Home\",\"item\":\"https:\/\/place-add.nl\/de\/home\/\"},{\"@type\":\"ListItem\",\"position\":2,\"name\":\"Shop\",\"item\":\"https:\/\/place-add.nl\/de\/shop\/\"},{\"@type\":\"ListItem\",\"position\":3,\"name\":\"Digiprint Logo\"}]},{\"@type\":\"WebSite\",\"@id\":\"https:\/\/place-add.nl\/de\/#website\",\"url\":\"https:\/\/place-add.nl\/de\/\",\"name\":\"Place Add\",\"description\":\"Tafelkleding voor de horeca\",\"publisher\":{\"@id\":\"https:\/\/place-add.nl\/de\/#organization\"},\"potentialAction\":[{\"@type\":\"SearchAction\",\"target\":{\"@type\":\"EntryPoint\",\"urlTemplate\":\"https:\/\/place-add.nl\/de\/?s={search_term_string}\"},\"query-input\":{\"@type\":\"PropertyValueSpecification\",\"valueRequired\":true,\"valueName\":\"search_term_string\"}}],\"inLanguage\":\"de\"},{\"@type\":\"Organization\",\"@id\":\"https:\/\/place-add.nl\/de\/#organization\",\"name\":\"Place Add\",\"url\":\"https:\/\/place-add.nl\/de\/\",\"logo\":{\"@type\":\"ImageObject\",\"inLanguage\":\"de\",\"@id\":\"https:\/\/place-add.nl\/de\/#\/schema\/logo\/image\/\",\"url\":\"https:\/\/place-add.nl\/wp-content\/uploads\/2023\/11\/logo-img-place-add.png\",\"contentUrl\":\"https:\/\/place-add.nl\/wp-content\/uploads\/2023\/11\/logo-img-place-add.png\",\"width\":404,\"height\":106,\"caption\":\"Place Add\"},\"image\":{\"@id\":\"https:\/\/place-add.nl\/de\/#\/schema\/logo\/image\/\"},\"sameAs\":[\"https:\/\/www.facebook.com\/PlaceAdd\/\",\"https:\/\/www.instagram.com\/place_add\/\",\"https:\/\/www.youtube.com\/@placeadd\"]}]}<\/script>\n<!-- \/ Yoast SEO Premium plugin. -->","yoast_head_json":{"title":"Digiprint Logo |Speisekarten | Place Add | F\u00fcr die Gastronomie","description":"Digiprint Logo: Digitaldruck, bei dem die Motive mit flexiblen Farben direkt auf das Material gedruckt werden. Hohe Qualit\u00e4t garantiert!","robots":{"index":"index","follow":"follow","max-snippet":"max-snippet:-1","max-image-preview":"max-image-preview:large","max-video-preview":"max-video-preview:-1"},"canonical":"https:\/\/place-add.nl\/de\/produkt\/digiprint-logo\/","og_locale":"de_DE","og_type":"article","og_title":"Digiprint Logo","og_description":"Digiprint Logo: Digitaldruck, bei dem die Motive mit flexiblen Farben direkt auf das Material gedruckt werden. Hohe Qualit\u00e4t garantiert!","og_url":"https:\/\/place-add.nl\/de\/produkt\/digiprint-logo\/","og_site_name":"Place Add","article_publisher":"https:\/\/www.facebook.com\/PlaceAdd\/","article_modified_time":"2025-06-01T20:22:17+00:00","og_image":[{"width":800,"height":800,"url":"https:\/\/place-add.nl\/wp-content\/uploads\/2024\/11\/Menukaart_Digiprin_logo_Place-add_2.jpg","type":"image\/jpeg"}],"twitter_card":"summary_large_image","twitter_misc":{"Gesch\u00e4tzte Lesezeit":"1\u00a0Minute"},"schema":{"@context":"https:\/\/schema.org","@graph":[{"@type":"WebPage","@id":"https:\/\/place-add.nl\/de\/produkt\/digiprint-logo\/","url":"https:\/\/place-add.nl\/de\/produkt\/digiprint-logo\/","name":"Digiprint Logo |Speisekarten | Place Add | F\u00fcr die Gastronomie","isPartOf":{"@id":"https:\/\/place-add.nl\/de\/#website"},"primaryImageOfPage":{"@id":"https:\/\/place-add.nl\/de\/produkt\/digiprint-logo\/#primaryimage"},"image":{"@id":"https:\/\/place-add.nl\/de\/produkt\/digiprint-logo\/#primaryimage"},"thumbnailUrl":"https:\/\/place-add.nl\/wp-content\/uploads\/2024\/11\/Menukaart_Digiprin_logo_Place-add_2.jpg","datePublished":"2024-11-29T16:16:14+00:00","dateModified":"2025-06-01T20:22:17+00:00","description":"Digiprint Logo: Digitaldruck, bei dem die Motive mit flexiblen Farben direkt auf das Material gedruckt werden. Hohe Qualit\u00e4t garantiert!","breadcrumb":{"@id":"https:\/\/place-add.nl\/de\/produkt\/digiprint-logo\/#breadcrumb"},"inLanguage":"de","potentialAction":[{"@type":"ReadAction","target":["https:\/\/place-add.nl\/de\/produkt\/digiprint-logo\/"]}]},{"@type":"ImageObject","inLanguage":"de","@id":"https:\/\/place-add.nl\/de\/produkt\/digiprint-logo\/#primaryimage","url":"https:\/\/place-add.nl\/wp-content\/uploads\/2024\/11\/Menukaart_Digiprin_logo_Place-add_2.jpg","contentUrl":"https:\/\/place-add.nl\/wp-content\/uploads\/2024\/11\/Menukaart_Digiprin_logo_Place-add_2.jpg","width":800,"height":800,"caption":"Digiprint Logo"},{"@type":"BreadcrumbList","@id":"https:\/\/place-add.nl\/de\/produkt\/digiprint-logo\/#breadcrumb","itemListElement":[{"@type":"ListItem","position":1,"name":"Home","item":"https:\/\/place-add.nl\/de\/home\/"},{"@type":"ListItem","position":2,"name":"Shop","item":"https:\/\/place-add.nl\/de\/shop\/"},{"@type":"ListItem","position":3,"name":"Digiprint Logo"}]},{"@type":"WebSite","@id":"https:\/\/place-add.nl\/de\/#website","url":"https:\/\/place-add.nl\/de\/","name":"Place Add","description":"Tafelkleding voor de horeca","publisher":{"@id":"https:\/\/place-add.nl\/de\/#organization"},"potentialAction":[{"@type":"SearchAction","target":{"@type":"EntryPoint","urlTemplate":"https:\/\/place-add.nl\/de\/?s={search_term_string}"},"query-input":{"@type":"PropertyValueSpecification","valueRequired":true,"valueName":"search_term_string"}}],"inLanguage":"de"},{"@type":"Organization","@id":"https:\/\/place-add.nl\/de\/#organization","name":"Place Add","url":"https:\/\/place-add.nl\/de\/","logo":{"@type":"ImageObject","inLanguage":"de","@id":"https:\/\/place-add.nl\/de\/#\/schema\/logo\/image\/","url":"https:\/\/place-add.nl\/wp-content\/uploads\/2023\/11\/logo-img-place-add.png","contentUrl":"https:\/\/place-add.nl\/wp-content\/uploads\/2023\/11\/logo-img-place-add.png","width":404,"height":106,"caption":"Place Add"},"image":{"@id":"https:\/\/place-add.nl\/de\/#\/schema\/logo\/image\/"},"sameAs":["https:\/\/www.facebook.com\/PlaceAdd\/","https:\/\/www.instagram.com\/place_add\/","https:\/\/www.youtube.com\/@placeadd"]}]}},"_links":{"self":[{"href":"https:\/\/place-add.nl\/de\/wp-json\/wp\/v2\/product\/43709","targetHints":{"allow":["GET"]}}],"collection":[{"href":"https:\/\/place-add.nl\/de\/wp-json\/wp\/v2\/product"}],"about":[{"href":"https:\/\/place-add.nl\/de\/wp-json\/wp\/v2\/types\/product"}],"wp:featuredmedia":[{"embeddable":true,"href":"https:\/\/place-add.nl\/de\/wp-json\/wp\/v2\/media\/43108"}],"wp:attachment":[{"href":"https:\/\/place-add.nl\/de\/wp-json\/wp\/v2\/media?parent=43709"}],"wp:term":[{"taxonomy":"product_brand","embeddable":true,"href":"https:\/\/place-add.nl\/de\/wp-json\/wp\/v2\/product_brand?post=43709"},{"taxonomy":"product_cat","embeddable":true,"href":"https:\/\/place-add.nl\/de\/wp-json\/wp\/v2\/product_cat?post=43709"},{"taxonomy":"product_tag","embeddable":true,"href":"https:\/\/place-add.nl\/de\/wp-json\/wp\/v2\/product_tag?post=43709"}],"curies":[{"name":"wp","href":"https:\/\/api.w.org\/{rel}","templated":true}]}}