{"id":43710,"date":"2024-12-02T14:12:29","date_gmt":"2024-12-02T14:12:29","guid":{"rendered":"https:\/\/place-add.nl\/product\/digi-special\/"},"modified":"2025-06-01T20:25:11","modified_gmt":"2025-06-01T20:25:11","slug":"digi-special","status":"publish","type":"product","link":"https:\/\/place-add.nl\/de\/produkt\/digi-special\/","title":{"rendered":"Digi Special"},"content":{"rendered":"<p><strong>Digi Special<\/strong> Einb\u00e4nde aus Kunstleder und Buchbinderleinen bieten ein einzigartiges Design f\u00fcr Ihre Speisekarten. Mit den neuesten Techniken in Kombination mit flexibler Tinte ist vieles m\u00f6glich! Sie fragen sich, ob wir etwas Au\u00dfergew\u00f6hnliches f\u00fcr Sie machen k\u00f6nnen? Setzen Sie sich mit uns in Verbindung und wir machen uns an die Arbeit, um f\u00fcr Sie eine sch\u00f6ne digitale Pr\u00e4sentation unserer Digi Special-Men\u00fcs zu erstellen.<\/p>\n<p>Wenn Sie kurzfristig Men\u00fcs ben\u00f6tigen, besuchen Sie bitte unsere andere Website: <a href=\"http:\/\/www.craftontable.com\/\">http:\/\/www.craftontable.com<\/a>.<\/p>\n<p>Ben\u00f6tigen Sie eine pers\u00f6nliche Beratung? Dann z\u00f6gern Sie nicht, uns zu <strong><a href=\"https:\/\/place-add.nl\/de\/kontakt\/\">kontaktieren<\/a><\/strong>. Unser engagiertes Team hilft Ihnen gerne, die perfekte Wahl f\u00fcr Ihre speziellen Bed\u00fcrfnisse zu treffen.<\/p>\n<p><button id=\"knop-contact-opnemen-de\">Kontaktieren Sie uns unverbindlich<\/button><\/p>\n","protected":false},"excerpt":{"rendered":"<p>Mit unserem <strong>Digi Special<\/strong> verwenden wir spezielle Digitaldrucktechniken und der gesamte Umschlag kann mit einem einzigartigen Design versehen werden, das ganz auf Ihre Bed\u00fcrfnisse zugeschnitten ist.<\/p>\n<p>Die M\u00f6glichkeit der Pr\u00e4gung verleiht der Men\u00fckarte eine zus\u00e4tzliche Dimension und ein luxuri\u00f6ses Aussehen. Dar\u00fcber hinaus kann das Material mit einer matten oder gl\u00e4nzenden Folie veredelt werden, die es sowohl sch\u00fctzt als auch \u00e4sthetisch ansprechend macht.<\/p>\n<p>Die Kombination dieser Optionen bietet nahezu unendliche M\u00f6glichkeiten, wobei nur Ihre eigene Kreativit\u00e4t die Grenze darstellt. Diese Abdeckungen sind eine dauerhafte und auff\u00e4llige Wahl f\u00fcr jeden Gastronomiebetrieb.<\/p>\n<p><button id=\"knop-contact-opnemen-de\">Kontaktieren Sie uns unverbindlich<\/button><\/p>\n","protected":false},"featured_media":43149,"template":"","meta":[],"product_brand":[],"product_cat":[1001],"product_tag":[],"class_list":{"0":"post-43710","1":"product","2":"type-product","3":"status-publish","4":"has-post-thumbnail","6":"product_cat-druckoptionen","8":"first","9":"instock","10":"taxable","11":"shipping-taxable","12":"product-type-simple"},"yoast_head":"<!-- This site is optimized with the Yoast SEO Premium plugin v27.2 (Yoast SEO v27.2) - https:\/\/yoast.com\/product\/yoast-seo-premium-wordpress\/ -->\n<title>Digi Special | Speisekarten | Place Add | F\u00fcr die Gastronomie<\/title>\n<meta name=\"description\" content=\"Bei Digi Special erstellen wir einzigartige, hochwertige Drucke mit flexiblen Tinten, die haltbar und rei\u00dffest sind. Entdecken Sie unsere Drucktechniken!\" \/>\n<meta name=\"robots\" content=\"index, follow, max-snippet:-1, max-image-preview:large, max-video-preview:-1\" \/>\n<link rel=\"canonical\" href=\"https:\/\/place-add.nl\/de\/produkt\/digi-special\/\" \/>\n<meta property=\"og:locale\" content=\"de_DE\" \/>\n<meta property=\"og:type\" content=\"article\" \/>\n<meta property=\"og:title\" content=\"Digi Special\" \/>\n<meta property=\"og:description\" content=\"Bei Digi Special erstellen wir einzigartige, hochwertige Drucke mit flexiblen Tinten, die haltbar und rei\u00dffest sind. Entdecken Sie unsere Drucktechniken!\" \/>\n<meta property=\"og:url\" content=\"https:\/\/place-add.nl\/de\/produkt\/digi-special\/\" \/>\n<meta property=\"og:site_name\" content=\"Place Add\" \/>\n<meta property=\"article:publisher\" content=\"https:\/\/www.facebook.com\/PlaceAdd\/\" \/>\n<meta property=\"article:modified_time\" content=\"2025-06-01T20:25:11+00:00\" \/>\n<meta property=\"og:image\" content=\"https:\/\/place-add.nl\/wp-content\/uploads\/2024\/11\/Digiprint_Menukaart_place-add_8.jpg\" \/>\n\t<meta property=\"og:image:width\" content=\"800\" \/>\n\t<meta property=\"og:image:height\" content=\"800\" \/>\n\t<meta property=\"og:image:type\" content=\"image\/jpeg\" \/>\n<meta name=\"twitter:card\" content=\"summary_large_image\" \/>\n<meta name=\"twitter:label1\" content=\"Gesch\u00e4tzte Lesezeit\" \/>\n\t<meta name=\"twitter:data1\" content=\"1\u00a0Minute\" \/>\n<script type=\"application\/ld+json\" class=\"yoast-schema-graph\">{\"@context\":\"https:\/\/schema.org\",\"@graph\":[{\"@type\":\"WebPage\",\"@id\":\"https:\/\/place-add.nl\/de\/produkt\/digi-special\/\",\"url\":\"https:\/\/place-add.nl\/de\/produkt\/digi-special\/\",\"name\":\"Digi Special | Speisekarten | Place Add | F\u00fcr die Gastronomie\",\"isPartOf\":{\"@id\":\"https:\/\/place-add.nl\/de\/#website\"},\"primaryImageOfPage\":{\"@id\":\"https:\/\/place-add.nl\/de\/produkt\/digi-special\/#primaryimage\"},\"image\":{\"@id\":\"https:\/\/place-add.nl\/de\/produkt\/digi-special\/#primaryimage\"},\"thumbnailUrl\":\"https:\/\/place-add.nl\/wp-content\/uploads\/2024\/11\/Digiprint_Menukaart_place-add_8.jpg\",\"datePublished\":\"2024-12-02T14:12:29+00:00\",\"dateModified\":\"2025-06-01T20:25:11+00:00\",\"description\":\"Bei Digi Special erstellen wir einzigartige, hochwertige Drucke mit flexiblen Tinten, die haltbar und rei\u00dffest sind. Entdecken Sie unsere Drucktechniken!\",\"breadcrumb\":{\"@id\":\"https:\/\/place-add.nl\/de\/produkt\/digi-special\/#breadcrumb\"},\"inLanguage\":\"de\",\"potentialAction\":[{\"@type\":\"ReadAction\",\"target\":[\"https:\/\/place-add.nl\/de\/produkt\/digi-special\/\"]}]},{\"@type\":\"ImageObject\",\"inLanguage\":\"de\",\"@id\":\"https:\/\/place-add.nl\/de\/produkt\/digi-special\/#primaryimage\",\"url\":\"https:\/\/place-add.nl\/wp-content\/uploads\/2024\/11\/Digiprint_Menukaart_place-add_8.jpg\",\"contentUrl\":\"https:\/\/place-add.nl\/wp-content\/uploads\/2024\/11\/Digiprint_Menukaart_place-add_8.jpg\",\"width\":800,\"height\":800,\"caption\":\"Digi Special\"},{\"@type\":\"BreadcrumbList\",\"@id\":\"https:\/\/place-add.nl\/de\/produkt\/digi-special\/#breadcrumb\",\"itemListElement\":[{\"@type\":\"ListItem\",\"position\":1,\"name\":\"Home\",\"item\":\"https:\/\/place-add.nl\/de\/home\/\"},{\"@type\":\"ListItem\",\"position\":2,\"name\":\"Shop\",\"item\":\"https:\/\/place-add.nl\/de\/shop\/\"},{\"@type\":\"ListItem\",\"position\":3,\"name\":\"Digi Special\"}]},{\"@type\":\"WebSite\",\"@id\":\"https:\/\/place-add.nl\/de\/#website\",\"url\":\"https:\/\/place-add.nl\/de\/\",\"name\":\"Place Add\",\"description\":\"Tafelkleding voor de horeca\",\"publisher\":{\"@id\":\"https:\/\/place-add.nl\/de\/#organization\"},\"potentialAction\":[{\"@type\":\"SearchAction\",\"target\":{\"@type\":\"EntryPoint\",\"urlTemplate\":\"https:\/\/place-add.nl\/de\/?s={search_term_string}\"},\"query-input\":{\"@type\":\"PropertyValueSpecification\",\"valueRequired\":true,\"valueName\":\"search_term_string\"}}],\"inLanguage\":\"de\"},{\"@type\":\"Organization\",\"@id\":\"https:\/\/place-add.nl\/de\/#organization\",\"name\":\"Place Add\",\"url\":\"https:\/\/place-add.nl\/de\/\",\"logo\":{\"@type\":\"ImageObject\",\"inLanguage\":\"de\",\"@id\":\"https:\/\/place-add.nl\/de\/#\/schema\/logo\/image\/\",\"url\":\"https:\/\/place-add.nl\/wp-content\/uploads\/2023\/11\/logo-img-place-add.png\",\"contentUrl\":\"https:\/\/place-add.nl\/wp-content\/uploads\/2023\/11\/logo-img-place-add.png\",\"width\":404,\"height\":106,\"caption\":\"Place Add\"},\"image\":{\"@id\":\"https:\/\/place-add.nl\/de\/#\/schema\/logo\/image\/\"},\"sameAs\":[\"https:\/\/www.facebook.com\/PlaceAdd\/\",\"https:\/\/www.instagram.com\/place_add\/\",\"https:\/\/www.youtube.com\/@placeadd\"]}]}<\/script>\n<!-- \/ Yoast SEO Premium plugin. -->","yoast_head_json":{"title":"Digi Special | Speisekarten | Place Add | F\u00fcr die Gastronomie","description":"Bei Digi Special erstellen wir einzigartige, hochwertige Drucke mit flexiblen Tinten, die haltbar und rei\u00dffest sind. Entdecken Sie unsere Drucktechniken!","robots":{"index":"index","follow":"follow","max-snippet":"max-snippet:-1","max-image-preview":"max-image-preview:large","max-video-preview":"max-video-preview:-1"},"canonical":"https:\/\/place-add.nl\/de\/produkt\/digi-special\/","og_locale":"de_DE","og_type":"article","og_title":"Digi Special","og_description":"Bei Digi Special erstellen wir einzigartige, hochwertige Drucke mit flexiblen Tinten, die haltbar und rei\u00dffest sind. Entdecken Sie unsere Drucktechniken!","og_url":"https:\/\/place-add.nl\/de\/produkt\/digi-special\/","og_site_name":"Place Add","article_publisher":"https:\/\/www.facebook.com\/PlaceAdd\/","article_modified_time":"2025-06-01T20:25:11+00:00","og_image":[{"width":800,"height":800,"url":"https:\/\/place-add.nl\/wp-content\/uploads\/2024\/11\/Digiprint_Menukaart_place-add_8.jpg","type":"image\/jpeg"}],"twitter_card":"summary_large_image","twitter_misc":{"Gesch\u00e4tzte Lesezeit":"1\u00a0Minute"},"schema":{"@context":"https:\/\/schema.org","@graph":[{"@type":"WebPage","@id":"https:\/\/place-add.nl\/de\/produkt\/digi-special\/","url":"https:\/\/place-add.nl\/de\/produkt\/digi-special\/","name":"Digi Special | Speisekarten | Place Add | F\u00fcr die Gastronomie","isPartOf":{"@id":"https:\/\/place-add.nl\/de\/#website"},"primaryImageOfPage":{"@id":"https:\/\/place-add.nl\/de\/produkt\/digi-special\/#primaryimage"},"image":{"@id":"https:\/\/place-add.nl\/de\/produkt\/digi-special\/#primaryimage"},"thumbnailUrl":"https:\/\/place-add.nl\/wp-content\/uploads\/2024\/11\/Digiprint_Menukaart_place-add_8.jpg","datePublished":"2024-12-02T14:12:29+00:00","dateModified":"2025-06-01T20:25:11+00:00","description":"Bei Digi Special erstellen wir einzigartige, hochwertige Drucke mit flexiblen Tinten, die haltbar und rei\u00dffest sind. Entdecken Sie unsere Drucktechniken!","breadcrumb":{"@id":"https:\/\/place-add.nl\/de\/produkt\/digi-special\/#breadcrumb"},"inLanguage":"de","potentialAction":[{"@type":"ReadAction","target":["https:\/\/place-add.nl\/de\/produkt\/digi-special\/"]}]},{"@type":"ImageObject","inLanguage":"de","@id":"https:\/\/place-add.nl\/de\/produkt\/digi-special\/#primaryimage","url":"https:\/\/place-add.nl\/wp-content\/uploads\/2024\/11\/Digiprint_Menukaart_place-add_8.jpg","contentUrl":"https:\/\/place-add.nl\/wp-content\/uploads\/2024\/11\/Digiprint_Menukaart_place-add_8.jpg","width":800,"height":800,"caption":"Digi Special"},{"@type":"BreadcrumbList","@id":"https:\/\/place-add.nl\/de\/produkt\/digi-special\/#breadcrumb","itemListElement":[{"@type":"ListItem","position":1,"name":"Home","item":"https:\/\/place-add.nl\/de\/home\/"},{"@type":"ListItem","position":2,"name":"Shop","item":"https:\/\/place-add.nl\/de\/shop\/"},{"@type":"ListItem","position":3,"name":"Digi Special"}]},{"@type":"WebSite","@id":"https:\/\/place-add.nl\/de\/#website","url":"https:\/\/place-add.nl\/de\/","name":"Place Add","description":"Tafelkleding voor de horeca","publisher":{"@id":"https:\/\/place-add.nl\/de\/#organization"},"potentialAction":[{"@type":"SearchAction","target":{"@type":"EntryPoint","urlTemplate":"https:\/\/place-add.nl\/de\/?s={search_term_string}"},"query-input":{"@type":"PropertyValueSpecification","valueRequired":true,"valueName":"search_term_string"}}],"inLanguage":"de"},{"@type":"Organization","@id":"https:\/\/place-add.nl\/de\/#organization","name":"Place Add","url":"https:\/\/place-add.nl\/de\/","logo":{"@type":"ImageObject","inLanguage":"de","@id":"https:\/\/place-add.nl\/de\/#\/schema\/logo\/image\/","url":"https:\/\/place-add.nl\/wp-content\/uploads\/2023\/11\/logo-img-place-add.png","contentUrl":"https:\/\/place-add.nl\/wp-content\/uploads\/2023\/11\/logo-img-place-add.png","width":404,"height":106,"caption":"Place Add"},"image":{"@id":"https:\/\/place-add.nl\/de\/#\/schema\/logo\/image\/"},"sameAs":["https:\/\/www.facebook.com\/PlaceAdd\/","https:\/\/www.instagram.com\/place_add\/","https:\/\/www.youtube.com\/@placeadd"]}]}},"_links":{"self":[{"href":"https:\/\/place-add.nl\/de\/wp-json\/wp\/v2\/product\/43710","targetHints":{"allow":["GET"]}}],"collection":[{"href":"https:\/\/place-add.nl\/de\/wp-json\/wp\/v2\/product"}],"about":[{"href":"https:\/\/place-add.nl\/de\/wp-json\/wp\/v2\/types\/product"}],"wp:featuredmedia":[{"embeddable":true,"href":"https:\/\/place-add.nl\/de\/wp-json\/wp\/v2\/media\/43149"}],"wp:attachment":[{"href":"https:\/\/place-add.nl\/de\/wp-json\/wp\/v2\/media?parent=43710"}],"wp:term":[{"taxonomy":"product_brand","embeddable":true,"href":"https:\/\/place-add.nl\/de\/wp-json\/wp\/v2\/product_brand?post=43710"},{"taxonomy":"product_cat","embeddable":true,"href":"https:\/\/place-add.nl\/de\/wp-json\/wp\/v2\/product_cat?post=43710"},{"taxonomy":"product_tag","embeddable":true,"href":"https:\/\/place-add.nl\/de\/wp-json\/wp\/v2\/product_tag?post=43710"}],"curies":[{"name":"wp","href":"https:\/\/api.w.org\/{rel}","templated":true}]}}