{"id":46084,"date":"2025-04-08T12:09:31","date_gmt":"2025-04-08T12:09:31","guid":{"rendered":"https:\/\/place-add.nl\/?post_type=product&#038;p=46084"},"modified":"2025-06-04T08:51:46","modified_gmt":"2025-06-04T08:51:46","slug":"airlaid-luxury-soft-bedruckt","status":"publish","type":"product","link":"https:\/\/place-add.nl\/de\/produkt\/airlaid-luxury-soft-bedruckt\/","title":{"rendered":"Airlaid LUXURY SOFT servietten Bedruckt"},"content":{"rendered":"<h2><strong>Die Airlaid LUXURY SOFT Servietten<\/strong><\/h2>\n<p><strong>Erh\u00e4ltlich in den Farben:<\/strong><\/p>\n<p><strong>Motiv \u201eVino\u201c:\u00a0No. 1 \u2013 Mocha, No. 2 \u2013 Dune, No. 3 \u2013 Ivory<\/strong><\/p>\n<p><strong>Motiv \u201eLinen\u201c: No. 4 \u2013 Ash, No. 5 \u2013 Mist<\/strong><\/p>\n<p><strong>Formate:<\/strong><\/p>\n<p><strong>40 x 48 cm, 8-fach gefaltet<\/strong><\/p>\n<p><strong>40 x 40 cm, 8-fach gefaltet oder mit Bestecktasche<\/strong><\/p>\n<p><span style=\"text-decoration: underline;\"><strong>Lieferzeit: 7 bis 9 Wochen<\/strong><\/span><\/p>\n<p><strong>Luxuri\u00f6se Airlaid-Servietten mit Stoffgef\u00fchl \u2013 mit Ihrem Logo<\/strong><br \/>\nLernen Sie unsere neueste Innovation kennen: die exklusivste Ausf\u00fchrung unserer Airlaid-Servietten, die nicht nur edel aussieht, sondern sich auch \u00fcberraschend stoff\u00e4hnlich anf\u00fchlt. Entwickelt f\u00fcr alle, die das gewisse Extra suchen \u2013 ob f\u00fcr ein stilvolles Restaurant, ein gehobenes Event oder eine elegante Markenpr\u00e4sentation.<\/p>\n<p>Die textil\u00e4hnliche Struktur sorgt f\u00fcr ein besonders hochwertiges Tischgef\u00fchl. Weich, stabil und elegant fallend \u2013 genau wie eine Stoffserviette, aber mit der praktischen Einmalverwendung. Ideal f\u00fcr Anl\u00e4sse, bei denen Komfort und Stil im Vordergrund stehen.<\/p>\n<p>Was diese Servietten besonders macht: Sie k\u00f6nnen <strong>mit Ihrem eigenen Logo bedruckt<\/strong> werden \u2013 ein- oder zweifarbig. Damit wird jede Tischdekoration individuell, professionell und geschmackvoll. Ob in Gold, Schwarz oder Kupfer \u2013 Sie entscheiden.<\/p>\n<p>Die Servietten sind in f\u00fcnf sorgf\u00e4ltig abgestimmten, modernen Farben erh\u00e4ltlich: Mocha, Dune, Ivory, Ash und Mist. Diese neutralen T\u00f6ne lassen sich m\u00fchelos mit verschiedenen Interieurs und Tischkonzepten kombinieren.<\/p>\n<p>Die LUXURY SOFT-Qualit\u00e4t ist eine echte Neuheit in unserem Sortiment \u2013 und wir sind begeistert von Haptik und Optik.<\/p>\n<p>Neugierig, wie Ihr Logo darauf aussieht?<br \/>\nFordern Sie unverbindlich ein Muster mit Druck an oder kontaktieren Sie uns \u2013 wir beraten Sie gerne pers\u00f6nlich!<\/p>\n","protected":false},"excerpt":{"rendered":"<p>Airlaid-Servietten stehen f\u00fcr Qualit\u00e4t und Weichheit. Jetzt gibt es eine neue Premium-Ausf\u00fchrung, die noch weicher, noch dicker und noch stoff\u00e4hnlicher ist: die <strong>Airlaid LUXURY SOFT.<\/strong><\/p>\n<p>Mit einem Fl\u00e4chengewicht von <strong>70 g\/m\u00b2 \u00fcbertrifft diese Serviette<\/strong> alle bisherigen Airlaid-Qualit\u00e4ten.<\/p>\n<p>Wir versuchen mit Fotos und Worten zu zeigen, <strong>wie besonders dieses Produkt ist<\/strong> \u2013 aber um Sie wirklich zu \u00fcberzeugen, senden wir Ihnen gerne <strong>kostenlose Muster<\/strong> zu!<br \/>\nKlicken Sie einfach auf den orangefarbenen Button und hinterlassen Sie Ihre Kontaktdaten \u2013 schon in wenigen Tagen erhalten Sie Ihre Muster.<\/p>\n<p><strong>Erh\u00e4ltlich in:<\/strong><\/p>\n<ul>\n<li><strong>5 Farben<\/strong><\/li>\n<li><strong>3 Ausf\u00fchrungen<\/strong><\/li>\n<\/ul>\n<p>&nbsp;<\/p>\n","protected":false},"featured_media":46073,"template":"","meta":[],"product_brand":[],"product_cat":[1417],"product_tag":[1235,1176,1177,1134,1133,1279,1250,1251],"class_list":{"0":"post-46084","1":"product","2":"type-product","3":"status-publish","4":"has-post-thumbnail","6":"product_cat-airlaid-bedruckt-de","7":"product_tag-airlaid-60gramm","8":"product_tag-airlaid-luxury-gefarbt","9":"product_tag-airlaid-luxury-servietten","10":"product_tag-airlaid-servietten","11":"product_tag-airlaid-drucken","12":"product_tag-farbige-airlaid-servietten","13":"product_tag-servietten","14":"product_tag-servietten-bedrucken","16":"first","17":"instock","18":"taxable","19":"shipping-taxable","20":"product-type-simple"},"yoast_head":"<!-- This site is optimized with the Yoast SEO Premium plugin v27.2 (Yoast SEO v27.2) - https:\/\/yoast.com\/product\/yoast-seo-premium-wordpress\/ -->\n<title>Airlaid LUXURY SOFT Servietten bedruckt | Place Add<\/title>\n<meta name=\"description\" content=\"Entdecken Sie unsere exklusiven Airlaid-Servietten LUXURY SOFT Bedruckt: 70 g f\u00fcr puren Luxus und St\u00e4rke. Diese Serviet ist wie ein Leinen Serviet.\" \/>\n<meta name=\"robots\" content=\"index, follow, max-snippet:-1, max-image-preview:large, max-video-preview:-1\" \/>\n<link rel=\"canonical\" href=\"https:\/\/place-add.nl\/de\/produkt\/airlaid-luxury-soft-bedruckt\/\" \/>\n<meta property=\"og:locale\" content=\"de_DE\" \/>\n<meta property=\"og:type\" content=\"article\" \/>\n<meta property=\"og:title\" content=\"Airlaid LUXURY SOFT servietten Bedruckt\" \/>\n<meta property=\"og:description\" content=\"Entdecken Sie unsere exklusiven Airlaid-Servietten LUXURY SOFT Bedruckt: 70 g f\u00fcr puren Luxus und St\u00e4rke. Diese Serviet ist wie ein Leinen Serviet.\" \/>\n<meta property=\"og:url\" content=\"https:\/\/place-add.nl\/de\/produkt\/airlaid-luxury-soft-bedruckt\/\" \/>\n<meta property=\"og:site_name\" content=\"Place Add\" \/>\n<meta property=\"article:publisher\" content=\"https:\/\/www.facebook.com\/PlaceAdd\/\" \/>\n<meta property=\"article:modified_time\" content=\"2025-06-04T08:51:46+00:00\" \/>\n<meta property=\"og:image\" content=\"https:\/\/place-add.nl\/wp-content\/uploads\/2025\/04\/Airlaid-luxury-soft-3-min.jpg\" \/>\n\t<meta property=\"og:image:width\" content=\"800\" \/>\n\t<meta property=\"og:image:height\" content=\"800\" \/>\n\t<meta property=\"og:image:type\" content=\"image\/jpeg\" \/>\n<meta name=\"twitter:card\" content=\"summary_large_image\" \/>\n<meta name=\"twitter:label1\" content=\"Gesch\u00e4tzte Lesezeit\" \/>\n\t<meta name=\"twitter:data1\" content=\"2\u00a0Minuten\" \/>\n<script type=\"application\/ld+json\" class=\"yoast-schema-graph\">{\"@context\":\"https:\/\/schema.org\",\"@graph\":[{\"@type\":\"WebPage\",\"@id\":\"https:\/\/place-add.nl\/de\/produkt\/airlaid-luxury-soft-bedruckt\/\",\"url\":\"https:\/\/place-add.nl\/de\/produkt\/airlaid-luxury-soft-bedruckt\/\",\"name\":\"Airlaid LUXURY SOFT Servietten bedruckt | Place Add\",\"isPartOf\":{\"@id\":\"https:\/\/place-add.nl\/de\/#website\"},\"primaryImageOfPage\":{\"@id\":\"https:\/\/place-add.nl\/de\/produkt\/airlaid-luxury-soft-bedruckt\/#primaryimage\"},\"image\":{\"@id\":\"https:\/\/place-add.nl\/de\/produkt\/airlaid-luxury-soft-bedruckt\/#primaryimage\"},\"thumbnailUrl\":\"https:\/\/place-add.nl\/wp-content\/uploads\/2025\/04\/Airlaid-luxury-soft-3-min.jpg\",\"datePublished\":\"2025-04-08T12:09:31+00:00\",\"dateModified\":\"2025-06-04T08:51:46+00:00\",\"description\":\"Entdecken Sie unsere exklusiven Airlaid-Servietten LUXURY SOFT Bedruckt: 70 g f\u00fcr puren Luxus und St\u00e4rke. Diese Serviet ist wie ein Leinen Serviet.\",\"breadcrumb\":{\"@id\":\"https:\/\/place-add.nl\/de\/produkt\/airlaid-luxury-soft-bedruckt\/#breadcrumb\"},\"inLanguage\":\"de\",\"potentialAction\":[{\"@type\":\"ReadAction\",\"target\":[\"https:\/\/place-add.nl\/de\/produkt\/airlaid-luxury-soft-bedruckt\/\"]}]},{\"@type\":\"ImageObject\",\"inLanguage\":\"de\",\"@id\":\"https:\/\/place-add.nl\/de\/produkt\/airlaid-luxury-soft-bedruckt\/#primaryimage\",\"url\":\"https:\/\/place-add.nl\/wp-content\/uploads\/2025\/04\/Airlaid-luxury-soft-3-min.jpg\",\"contentUrl\":\"https:\/\/place-add.nl\/wp-content\/uploads\/2025\/04\/Airlaid-luxury-soft-3-min.jpg\",\"width\":800,\"height\":800},{\"@type\":\"BreadcrumbList\",\"@id\":\"https:\/\/place-add.nl\/de\/produkt\/airlaid-luxury-soft-bedruckt\/#breadcrumb\",\"itemListElement\":[{\"@type\":\"ListItem\",\"position\":1,\"name\":\"Home\",\"item\":\"https:\/\/place-add.nl\/de\/home\/\"},{\"@type\":\"ListItem\",\"position\":2,\"name\":\"Shop\",\"item\":\"https:\/\/place-add.nl\/de\/shop\/\"},{\"@type\":\"ListItem\",\"position\":3,\"name\":\"Airlaid LUXURY SOFT servietten Bedruckt\"}]},{\"@type\":\"WebSite\",\"@id\":\"https:\/\/place-add.nl\/de\/#website\",\"url\":\"https:\/\/place-add.nl\/de\/\",\"name\":\"Place Add\",\"description\":\"Tafelkleding voor de horeca\",\"publisher\":{\"@id\":\"https:\/\/place-add.nl\/de\/#organization\"},\"potentialAction\":[{\"@type\":\"SearchAction\",\"target\":{\"@type\":\"EntryPoint\",\"urlTemplate\":\"https:\/\/place-add.nl\/de\/?s={search_term_string}\"},\"query-input\":{\"@type\":\"PropertyValueSpecification\",\"valueRequired\":true,\"valueName\":\"search_term_string\"}}],\"inLanguage\":\"de\"},{\"@type\":\"Organization\",\"@id\":\"https:\/\/place-add.nl\/de\/#organization\",\"name\":\"Place Add\",\"url\":\"https:\/\/place-add.nl\/de\/\",\"logo\":{\"@type\":\"ImageObject\",\"inLanguage\":\"de\",\"@id\":\"https:\/\/place-add.nl\/de\/#\/schema\/logo\/image\/\",\"url\":\"https:\/\/place-add.nl\/wp-content\/uploads\/2023\/11\/logo-img-place-add.png\",\"contentUrl\":\"https:\/\/place-add.nl\/wp-content\/uploads\/2023\/11\/logo-img-place-add.png\",\"width\":404,\"height\":106,\"caption\":\"Place Add\"},\"image\":{\"@id\":\"https:\/\/place-add.nl\/de\/#\/schema\/logo\/image\/\"},\"sameAs\":[\"https:\/\/www.facebook.com\/PlaceAdd\/\",\"https:\/\/www.instagram.com\/place_add\/\",\"https:\/\/www.youtube.com\/@placeadd\"]}]}<\/script>\n<!-- \/ Yoast SEO Premium plugin. -->","yoast_head_json":{"title":"Airlaid LUXURY SOFT Servietten bedruckt | Place Add","description":"Entdecken Sie unsere exklusiven Airlaid-Servietten LUXURY SOFT Bedruckt: 70 g f\u00fcr puren Luxus und St\u00e4rke. Diese Serviet ist wie ein Leinen Serviet.","robots":{"index":"index","follow":"follow","max-snippet":"max-snippet:-1","max-image-preview":"max-image-preview:large","max-video-preview":"max-video-preview:-1"},"canonical":"https:\/\/place-add.nl\/de\/produkt\/airlaid-luxury-soft-bedruckt\/","og_locale":"de_DE","og_type":"article","og_title":"Airlaid LUXURY SOFT servietten Bedruckt","og_description":"Entdecken Sie unsere exklusiven Airlaid-Servietten LUXURY SOFT Bedruckt: 70 g f\u00fcr puren Luxus und St\u00e4rke. Diese Serviet ist wie ein Leinen Serviet.","og_url":"https:\/\/place-add.nl\/de\/produkt\/airlaid-luxury-soft-bedruckt\/","og_site_name":"Place Add","article_publisher":"https:\/\/www.facebook.com\/PlaceAdd\/","article_modified_time":"2025-06-04T08:51:46+00:00","og_image":[{"width":800,"height":800,"url":"https:\/\/place-add.nl\/wp-content\/uploads\/2025\/04\/Airlaid-luxury-soft-3-min.jpg","type":"image\/jpeg"}],"twitter_card":"summary_large_image","twitter_misc":{"Gesch\u00e4tzte Lesezeit":"2\u00a0Minuten"},"schema":{"@context":"https:\/\/schema.org","@graph":[{"@type":"WebPage","@id":"https:\/\/place-add.nl\/de\/produkt\/airlaid-luxury-soft-bedruckt\/","url":"https:\/\/place-add.nl\/de\/produkt\/airlaid-luxury-soft-bedruckt\/","name":"Airlaid LUXURY SOFT Servietten bedruckt | Place Add","isPartOf":{"@id":"https:\/\/place-add.nl\/de\/#website"},"primaryImageOfPage":{"@id":"https:\/\/place-add.nl\/de\/produkt\/airlaid-luxury-soft-bedruckt\/#primaryimage"},"image":{"@id":"https:\/\/place-add.nl\/de\/produkt\/airlaid-luxury-soft-bedruckt\/#primaryimage"},"thumbnailUrl":"https:\/\/place-add.nl\/wp-content\/uploads\/2025\/04\/Airlaid-luxury-soft-3-min.jpg","datePublished":"2025-04-08T12:09:31+00:00","dateModified":"2025-06-04T08:51:46+00:00","description":"Entdecken Sie unsere exklusiven Airlaid-Servietten LUXURY SOFT Bedruckt: 70 g f\u00fcr puren Luxus und St\u00e4rke. Diese Serviet ist wie ein Leinen Serviet.","breadcrumb":{"@id":"https:\/\/place-add.nl\/de\/produkt\/airlaid-luxury-soft-bedruckt\/#breadcrumb"},"inLanguage":"de","potentialAction":[{"@type":"ReadAction","target":["https:\/\/place-add.nl\/de\/produkt\/airlaid-luxury-soft-bedruckt\/"]}]},{"@type":"ImageObject","inLanguage":"de","@id":"https:\/\/place-add.nl\/de\/produkt\/airlaid-luxury-soft-bedruckt\/#primaryimage","url":"https:\/\/place-add.nl\/wp-content\/uploads\/2025\/04\/Airlaid-luxury-soft-3-min.jpg","contentUrl":"https:\/\/place-add.nl\/wp-content\/uploads\/2025\/04\/Airlaid-luxury-soft-3-min.jpg","width":800,"height":800},{"@type":"BreadcrumbList","@id":"https:\/\/place-add.nl\/de\/produkt\/airlaid-luxury-soft-bedruckt\/#breadcrumb","itemListElement":[{"@type":"ListItem","position":1,"name":"Home","item":"https:\/\/place-add.nl\/de\/home\/"},{"@type":"ListItem","position":2,"name":"Shop","item":"https:\/\/place-add.nl\/de\/shop\/"},{"@type":"ListItem","position":3,"name":"Airlaid LUXURY SOFT servietten Bedruckt"}]},{"@type":"WebSite","@id":"https:\/\/place-add.nl\/de\/#website","url":"https:\/\/place-add.nl\/de\/","name":"Place Add","description":"Tafelkleding voor de horeca","publisher":{"@id":"https:\/\/place-add.nl\/de\/#organization"},"potentialAction":[{"@type":"SearchAction","target":{"@type":"EntryPoint","urlTemplate":"https:\/\/place-add.nl\/de\/?s={search_term_string}"},"query-input":{"@type":"PropertyValueSpecification","valueRequired":true,"valueName":"search_term_string"}}],"inLanguage":"de"},{"@type":"Organization","@id":"https:\/\/place-add.nl\/de\/#organization","name":"Place Add","url":"https:\/\/place-add.nl\/de\/","logo":{"@type":"ImageObject","inLanguage":"de","@id":"https:\/\/place-add.nl\/de\/#\/schema\/logo\/image\/","url":"https:\/\/place-add.nl\/wp-content\/uploads\/2023\/11\/logo-img-place-add.png","contentUrl":"https:\/\/place-add.nl\/wp-content\/uploads\/2023\/11\/logo-img-place-add.png","width":404,"height":106,"caption":"Place Add"},"image":{"@id":"https:\/\/place-add.nl\/de\/#\/schema\/logo\/image\/"},"sameAs":["https:\/\/www.facebook.com\/PlaceAdd\/","https:\/\/www.instagram.com\/place_add\/","https:\/\/www.youtube.com\/@placeadd"]}]}},"_links":{"self":[{"href":"https:\/\/place-add.nl\/de\/wp-json\/wp\/v2\/product\/46084","targetHints":{"allow":["GET"]}}],"collection":[{"href":"https:\/\/place-add.nl\/de\/wp-json\/wp\/v2\/product"}],"about":[{"href":"https:\/\/place-add.nl\/de\/wp-json\/wp\/v2\/types\/product"}],"wp:featuredmedia":[{"embeddable":true,"href":"https:\/\/place-add.nl\/de\/wp-json\/wp\/v2\/media\/46073"}],"wp:attachment":[{"href":"https:\/\/place-add.nl\/de\/wp-json\/wp\/v2\/media?parent=46084"}],"wp:term":[{"taxonomy":"product_brand","embeddable":true,"href":"https:\/\/place-add.nl\/de\/wp-json\/wp\/v2\/product_brand?post=46084"},{"taxonomy":"product_cat","embeddable":true,"href":"https:\/\/place-add.nl\/de\/wp-json\/wp\/v2\/product_cat?post=46084"},{"taxonomy":"product_tag","embeddable":true,"href":"https:\/\/place-add.nl\/de\/wp-json\/wp\/v2\/product_tag?post=46084"}],"curies":[{"name":"wp","href":"https:\/\/api.w.org\/{rel}","templated":true}]}}