{"id":46778,"date":"2024-06-18T12:45:02","date_gmt":"2024-06-18T12:45:02","guid":{"rendered":"https:\/\/place-add.nl\/product\/recycled-leder\/"},"modified":"2025-06-17T06:16:02","modified_gmt":"2025-06-17T06:16:02","slug":"tischsets-recycled-leder","status":"publish","type":"product","link":"https:\/\/place-add.nl\/de\/produkt\/tischsets-recycled-leder\/","title":{"rendered":"Tischsets Wildlife"},"content":{"rendered":"<p>Ben\u00f6tigen Sie eine pers\u00f6nliche Beratung bei der Auswahl des passenden Tischsets f\u00fcr Ihre Veranstaltung? Dann z\u00f6gern Sie nicht, uns zu kontaktieren. Unser engagiertes Team steht Ihnen gerne zur Verf\u00fcgung, um Ihnen bei der perfekten Wahl f\u00fcr Ihre individuellen Bed\u00fcrfnisse zu helfen.<\/p>\n<p>Haben Sie Fragen oder w\u00fcnschen Sie eine pers\u00f6nliche Beratung? Unser engagiertes Team steht bereit, um Ihnen bei der perfekten Wahl f\u00fcr Ihre individuellen Anforderungen zu helfen.<\/p>\n<p><button id=\"knop-contact-opnemen-overige-producten-de\">Kontaktieren Sie uns unverbindlich<\/button><\/p>\n","protected":false},"excerpt":{"rendered":"<p class=\"ai-optimize-35\">Unsere hochwertigen Tischsets aus recyceltem Leder bieten eine stilvolle und nachhaltige L\u00f6sung, speziell entwickelt f\u00fcr den professionellen Einsatz in Gastronomie und Hotellerie. Diese Platzsets vereinen Luxus mit Umweltfreundlichkeit \u2013 ideal f\u00fcr jede anspruchsvolle Tischgestaltung.<\/p>\n<p class=\"ai-optimize-36\">Warum sollten Sie sich f\u00fcr die Wildlife-Tischsets entscheiden?<\/p>\n<ul>\n<li class=\"ai-optimize-37\">Nachhaltigkeit: Recyceltes Leder zeichnet sich durch eine lange Lebensdauer aus und unterst\u00fctzt eine umweltbewusste Unternehmensf\u00fchrung. Durch den Gebrauch gewinnen diese Platzsets zus\u00e4tzlich an Charakter, was sie zu einer wertvollen und nachhaltigen Investition f\u00fcr Ihr Unternehmen macht.<\/li>\n<li class=\"ai-optimize-38\">Stilvolle Funktionalit\u00e4t: Neben ihrer praktischen Funktion verleihen diese Leder-Platzsets jeder Tischdekoration eine elegante und anspruchsvolle Note \u2013 perfekt geeignet f\u00fcr Restaurants, Hotels und andere gastronomische Einrichtungen.<\/li>\n<li class=\"ai-optimize-39\">Leicht zu reinigen: Die Platzsets lassen sich ganz einfach mit einem feuchten Tuch reinigen, was eine unkomplizierte Pflege und eine lange Nutzungsdauer erm\u00f6glicht.<\/li>\n<\/ul>\n<p>Haben Sie Fragen oder w\u00fcnschen Sie eine pers\u00f6nliche Beratung? <\/p>\n<p><button id=\"knop-contact-opnemen-overige-producten-de\">Kontaktieren Sie uns unverbindlich<\/button><\/p>\n","protected":false},"featured_media":38727,"template":"","meta":[],"product_brand":[],"product_cat":[1463],"product_tag":[1340,1334,1377],"class_list":{"0":"post-46778","1":"product","2":"type-product","3":"status-publish","4":"has-post-thumbnail","6":"product_cat-leder-tischsets","7":"product_tag-recycelte-lederne-tischsets","8":"product_tag-tischsets-aus-recyceltem-leder","9":"product_tag-tischsets-recycelt-leer","11":"first","12":"instock","13":"taxable","14":"shipping-taxable","15":"product-type-simple"},"yoast_head":"<!-- This site is optimized with the Yoast SEO Premium plugin v27.2 (Yoast SEO v27.2) - https:\/\/yoast.com\/product\/yoast-seo-premium-wordpress\/ -->\n<title>Tischsets Wildlife | Place Add | F\u00fcr die Gastronomie<\/title>\n<meta name=\"description\" content=\"Luxuri\u00f6se Platzsets aus recyceltem Leder f\u00fcr Gastronomie. Nachhaltig und stilvoll \u2013 perfekt f\u00fcr professionelle Tischgestaltungen.\" \/>\n<meta name=\"robots\" content=\"index, follow, max-snippet:-1, max-image-preview:large, max-video-preview:-1\" \/>\n<link rel=\"canonical\" href=\"https:\/\/place-add.nl\/de\/produkt\/tischsets-recycled-leder\/\" \/>\n<meta property=\"og:locale\" content=\"de_DE\" \/>\n<meta property=\"og:type\" content=\"article\" \/>\n<meta property=\"og:title\" content=\"Tischsets Wildlife\" \/>\n<meta property=\"og:description\" content=\"Luxuri\u00f6se Platzsets aus recyceltem Leder f\u00fcr Gastronomie. Nachhaltig und stilvoll \u2013 perfekt f\u00fcr professionelle Tischgestaltungen.\" \/>\n<meta property=\"og:url\" content=\"https:\/\/place-add.nl\/de\/produkt\/tischsets-recycled-leder\/\" \/>\n<meta property=\"og:site_name\" content=\"Place Add\" \/>\n<meta property=\"article:publisher\" content=\"https:\/\/www.facebook.com\/PlaceAdd\/\" \/>\n<meta property=\"article:modified_time\" content=\"2025-06-17T06:16:02+00:00\" \/>\n<meta property=\"og:image\" content=\"https:\/\/place-add.nl\/wp-content\/uploads\/2024\/06\/Optafel_placemats_wildlife_brown_kroko.jpg\" \/>\n\t<meta property=\"og:image:width\" content=\"800\" \/>\n\t<meta property=\"og:image:height\" content=\"800\" \/>\n\t<meta property=\"og:image:type\" content=\"image\/jpeg\" \/>\n<meta name=\"twitter:card\" content=\"summary_large_image\" \/>\n<meta name=\"twitter:label1\" content=\"Gesch\u00e4tzte Lesezeit\" \/>\n\t<meta name=\"twitter:data1\" content=\"1\u00a0Minute\" \/>\n<script type=\"application\/ld+json\" class=\"yoast-schema-graph\">{\"@context\":\"https:\/\/schema.org\",\"@graph\":[{\"@type\":\"WebPage\",\"@id\":\"https:\/\/place-add.nl\/de\/produkt\/tischsets-recycled-leder\/\",\"url\":\"https:\/\/place-add.nl\/de\/produkt\/tischsets-recycled-leder\/\",\"name\":\"Tischsets Wildlife | Place Add | F\u00fcr die Gastronomie\",\"isPartOf\":{\"@id\":\"https:\/\/place-add.nl\/de\/#website\"},\"primaryImageOfPage\":{\"@id\":\"https:\/\/place-add.nl\/de\/produkt\/tischsets-recycled-leder\/#primaryimage\"},\"image\":{\"@id\":\"https:\/\/place-add.nl\/de\/produkt\/tischsets-recycled-leder\/#primaryimage\"},\"thumbnailUrl\":\"https:\/\/place-add.nl\/wp-content\/uploads\/2024\/06\/Optafel_placemats_wildlife_brown_kroko.jpg\",\"datePublished\":\"2024-06-18T12:45:02+00:00\",\"dateModified\":\"2025-06-17T06:16:02+00:00\",\"description\":\"Luxuri\u00f6se Platzsets aus recyceltem Leder f\u00fcr Gastronomie. Nachhaltig und stilvoll \u2013 perfekt f\u00fcr professionelle Tischgestaltungen.\",\"breadcrumb\":{\"@id\":\"https:\/\/place-add.nl\/de\/produkt\/tischsets-recycled-leder\/#breadcrumb\"},\"inLanguage\":\"de\",\"potentialAction\":[{\"@type\":\"ReadAction\",\"target\":[\"https:\/\/place-add.nl\/de\/produkt\/tischsets-recycled-leder\/\"]}]},{\"@type\":\"ImageObject\",\"inLanguage\":\"de\",\"@id\":\"https:\/\/place-add.nl\/de\/produkt\/tischsets-recycled-leder\/#primaryimage\",\"url\":\"https:\/\/place-add.nl\/wp-content\/uploads\/2024\/06\/Optafel_placemats_wildlife_brown_kroko.jpg\",\"contentUrl\":\"https:\/\/place-add.nl\/wp-content\/uploads\/2024\/06\/Optafel_placemats_wildlife_brown_kroko.jpg\",\"width\":800,\"height\":800},{\"@type\":\"BreadcrumbList\",\"@id\":\"https:\/\/place-add.nl\/de\/produkt\/tischsets-recycled-leder\/#breadcrumb\",\"itemListElement\":[{\"@type\":\"ListItem\",\"position\":1,\"name\":\"Home\",\"item\":\"https:\/\/place-add.nl\/de\/home\/\"},{\"@type\":\"ListItem\",\"position\":2,\"name\":\"Shop\",\"item\":\"https:\/\/place-add.nl\/de\/shop\/\"},{\"@type\":\"ListItem\",\"position\":3,\"name\":\"Tischsets Wildlife\"}]},{\"@type\":\"WebSite\",\"@id\":\"https:\/\/place-add.nl\/de\/#website\",\"url\":\"https:\/\/place-add.nl\/de\/\",\"name\":\"Place Add\",\"description\":\"Tafelkleding voor de horeca\",\"publisher\":{\"@id\":\"https:\/\/place-add.nl\/de\/#organization\"},\"potentialAction\":[{\"@type\":\"SearchAction\",\"target\":{\"@type\":\"EntryPoint\",\"urlTemplate\":\"https:\/\/place-add.nl\/de\/?s={search_term_string}\"},\"query-input\":{\"@type\":\"PropertyValueSpecification\",\"valueRequired\":true,\"valueName\":\"search_term_string\"}}],\"inLanguage\":\"de\"},{\"@type\":\"Organization\",\"@id\":\"https:\/\/place-add.nl\/de\/#organization\",\"name\":\"Place Add\",\"url\":\"https:\/\/place-add.nl\/de\/\",\"logo\":{\"@type\":\"ImageObject\",\"inLanguage\":\"de\",\"@id\":\"https:\/\/place-add.nl\/de\/#\/schema\/logo\/image\/\",\"url\":\"https:\/\/place-add.nl\/wp-content\/uploads\/2023\/11\/logo-img-place-add.png\",\"contentUrl\":\"https:\/\/place-add.nl\/wp-content\/uploads\/2023\/11\/logo-img-place-add.png\",\"width\":404,\"height\":106,\"caption\":\"Place Add\"},\"image\":{\"@id\":\"https:\/\/place-add.nl\/de\/#\/schema\/logo\/image\/\"},\"sameAs\":[\"https:\/\/www.facebook.com\/PlaceAdd\/\",\"https:\/\/www.instagram.com\/place_add\/\",\"https:\/\/www.youtube.com\/@placeadd\"]}]}<\/script>\n<!-- \/ Yoast SEO Premium plugin. -->","yoast_head_json":{"title":"Tischsets Wildlife | Place Add | F\u00fcr die Gastronomie","description":"Luxuri\u00f6se Platzsets aus recyceltem Leder f\u00fcr Gastronomie. Nachhaltig und stilvoll \u2013 perfekt f\u00fcr professionelle Tischgestaltungen.","robots":{"index":"index","follow":"follow","max-snippet":"max-snippet:-1","max-image-preview":"max-image-preview:large","max-video-preview":"max-video-preview:-1"},"canonical":"https:\/\/place-add.nl\/de\/produkt\/tischsets-recycled-leder\/","og_locale":"de_DE","og_type":"article","og_title":"Tischsets Wildlife","og_description":"Luxuri\u00f6se Platzsets aus recyceltem Leder f\u00fcr Gastronomie. Nachhaltig und stilvoll \u2013 perfekt f\u00fcr professionelle Tischgestaltungen.","og_url":"https:\/\/place-add.nl\/de\/produkt\/tischsets-recycled-leder\/","og_site_name":"Place Add","article_publisher":"https:\/\/www.facebook.com\/PlaceAdd\/","article_modified_time":"2025-06-17T06:16:02+00:00","og_image":[{"width":800,"height":800,"url":"https:\/\/place-add.nl\/wp-content\/uploads\/2024\/06\/Optafel_placemats_wildlife_brown_kroko.jpg","type":"image\/jpeg"}],"twitter_card":"summary_large_image","twitter_misc":{"Gesch\u00e4tzte Lesezeit":"1\u00a0Minute"},"schema":{"@context":"https:\/\/schema.org","@graph":[{"@type":"WebPage","@id":"https:\/\/place-add.nl\/de\/produkt\/tischsets-recycled-leder\/","url":"https:\/\/place-add.nl\/de\/produkt\/tischsets-recycled-leder\/","name":"Tischsets Wildlife | Place Add | F\u00fcr die Gastronomie","isPartOf":{"@id":"https:\/\/place-add.nl\/de\/#website"},"primaryImageOfPage":{"@id":"https:\/\/place-add.nl\/de\/produkt\/tischsets-recycled-leder\/#primaryimage"},"image":{"@id":"https:\/\/place-add.nl\/de\/produkt\/tischsets-recycled-leder\/#primaryimage"},"thumbnailUrl":"https:\/\/place-add.nl\/wp-content\/uploads\/2024\/06\/Optafel_placemats_wildlife_brown_kroko.jpg","datePublished":"2024-06-18T12:45:02+00:00","dateModified":"2025-06-17T06:16:02+00:00","description":"Luxuri\u00f6se Platzsets aus recyceltem Leder f\u00fcr Gastronomie. Nachhaltig und stilvoll \u2013 perfekt f\u00fcr professionelle Tischgestaltungen.","breadcrumb":{"@id":"https:\/\/place-add.nl\/de\/produkt\/tischsets-recycled-leder\/#breadcrumb"},"inLanguage":"de","potentialAction":[{"@type":"ReadAction","target":["https:\/\/place-add.nl\/de\/produkt\/tischsets-recycled-leder\/"]}]},{"@type":"ImageObject","inLanguage":"de","@id":"https:\/\/place-add.nl\/de\/produkt\/tischsets-recycled-leder\/#primaryimage","url":"https:\/\/place-add.nl\/wp-content\/uploads\/2024\/06\/Optafel_placemats_wildlife_brown_kroko.jpg","contentUrl":"https:\/\/place-add.nl\/wp-content\/uploads\/2024\/06\/Optafel_placemats_wildlife_brown_kroko.jpg","width":800,"height":800},{"@type":"BreadcrumbList","@id":"https:\/\/place-add.nl\/de\/produkt\/tischsets-recycled-leder\/#breadcrumb","itemListElement":[{"@type":"ListItem","position":1,"name":"Home","item":"https:\/\/place-add.nl\/de\/home\/"},{"@type":"ListItem","position":2,"name":"Shop","item":"https:\/\/place-add.nl\/de\/shop\/"},{"@type":"ListItem","position":3,"name":"Tischsets Wildlife"}]},{"@type":"WebSite","@id":"https:\/\/place-add.nl\/de\/#website","url":"https:\/\/place-add.nl\/de\/","name":"Place Add","description":"Tafelkleding voor de horeca","publisher":{"@id":"https:\/\/place-add.nl\/de\/#organization"},"potentialAction":[{"@type":"SearchAction","target":{"@type":"EntryPoint","urlTemplate":"https:\/\/place-add.nl\/de\/?s={search_term_string}"},"query-input":{"@type":"PropertyValueSpecification","valueRequired":true,"valueName":"search_term_string"}}],"inLanguage":"de"},{"@type":"Organization","@id":"https:\/\/place-add.nl\/de\/#organization","name":"Place Add","url":"https:\/\/place-add.nl\/de\/","logo":{"@type":"ImageObject","inLanguage":"de","@id":"https:\/\/place-add.nl\/de\/#\/schema\/logo\/image\/","url":"https:\/\/place-add.nl\/wp-content\/uploads\/2023\/11\/logo-img-place-add.png","contentUrl":"https:\/\/place-add.nl\/wp-content\/uploads\/2023\/11\/logo-img-place-add.png","width":404,"height":106,"caption":"Place Add"},"image":{"@id":"https:\/\/place-add.nl\/de\/#\/schema\/logo\/image\/"},"sameAs":["https:\/\/www.facebook.com\/PlaceAdd\/","https:\/\/www.instagram.com\/place_add\/","https:\/\/www.youtube.com\/@placeadd"]}]}},"_links":{"self":[{"href":"https:\/\/place-add.nl\/de\/wp-json\/wp\/v2\/product\/46778","targetHints":{"allow":["GET"]}}],"collection":[{"href":"https:\/\/place-add.nl\/de\/wp-json\/wp\/v2\/product"}],"about":[{"href":"https:\/\/place-add.nl\/de\/wp-json\/wp\/v2\/types\/product"}],"wp:featuredmedia":[{"embeddable":true,"href":"https:\/\/place-add.nl\/de\/wp-json\/wp\/v2\/media\/38727"}],"wp:attachment":[{"href":"https:\/\/place-add.nl\/de\/wp-json\/wp\/v2\/media?parent=46778"}],"wp:term":[{"taxonomy":"product_brand","embeddable":true,"href":"https:\/\/place-add.nl\/de\/wp-json\/wp\/v2\/product_brand?post=46778"},{"taxonomy":"product_cat","embeddable":true,"href":"https:\/\/place-add.nl\/de\/wp-json\/wp\/v2\/product_cat?post=46778"},{"taxonomy":"product_tag","embeddable":true,"href":"https:\/\/place-add.nl\/de\/wp-json\/wp\/v2\/product_tag?post=46778"}],"curies":[{"name":"wp","href":"https:\/\/api.w.org\/{rel}","templated":true}]}}